{"id":260836,"date":"2024-04-22T15:24:10","date_gmt":"2024-04-22T13:24:10","guid":{"rendered":"https:\/\/revolutionpadelstore.com\/zapatillas-head-motion-pro-blanco-aqua\/"},"modified":"2026-04-08T12:19:28","modified_gmt":"2026-04-08T10:19:28","slug":"zapatillas-head-motion-pro-blanco-aqua-6","status":"publish","type":"product","link":"https:\/\/revolutionpadelstore.com\/pt-pt\/produto\/zapatillas-head-motion-pro-blanco-aqua-6\/","title":{"rendered":"Zapatillas Head Motion Pro Blanco Aqua"},"content":{"rendered":"<p>Na Revolution Padel Store voc\u00ea encontrar\u00e1 os melhores cal\u00e7ados para suas partidas de padel, entre eles se destaca o modelo &#8220;Head Motion Pro Padel Women&#8217;s Shoes&#8221;. Projetados especificamente para este esporte, esses cal\u00e7ados oferecem desempenho superior gra\u00e7as ao seu design moderno que inclui a tecnologia DynaFoam e Cooling System. Estas caracter\u00edsticas, desenvolvidas em colabora\u00e7\u00e3o com jogadores profissionais HEAD, permitem movimentos de 360 \u200b\u200bgraus e grande estabilidade e respirabilidade, sem sacrificar a leveza.<\/p>\n<p> A sola dos cal\u00e7ados femininos Motion Pro Padel foi testada em colabora\u00e7\u00e3o com a MONDO, fornecedora oficial de revestimento do World Padel Tour, o que garante \u00f3tima ader\u00eancia em todas as dire\u00e7\u00f5es. Al\u00e9m disso, a sua estrutura de meia totalmente el\u00e1stica e a entressola com tecnologia DynaFoam, que cont\u00e9m pequenas c\u00e9lulas de ar, proporcionam um n\u00edvel excepcional de conforto e resposta.<\/p>\n<p> Para manter os p\u00e9s frescos durante o jogo, esses cal\u00e7ados apresentam malha respir\u00e1vel e sistema de ventila\u00e7\u00e3o na regi\u00e3o do meio do p\u00e9. E n\u00e3o s\u00f3 isso, o seu design marcante com o grande log\u00f3tipo HEAD confere-lhe um toque moderno e elegante.<\/p>\n<p> Mas isso n\u00e3o \u00e9 tudo, o cal\u00e7ado feminino Motion Pro Padel tamb\u00e9m possui recursos como o sistema Drift Defense, que protege a ponta e a regi\u00e3o intermedi\u00e1ria, o sistema Lateral Control+ que proporciona estabilidade lateral e evita trope\u00e7os em derrapagens extremas, e o composto de borracha especial Hybrasion que oferece tra\u00e7\u00e3o e resist\u00eancia. Al\u00e9m disso, a constru\u00e7\u00e3o Elastic Sock e os suportes integrados no meio do p\u00e9 garantem conforto e ajuste perfeito.<\/p>\n<p> N\u00e3o espere mais e adquira os cal\u00e7ados femininos Head Motion Pro Padel na Revolution Padel Store, loja especializada em artigos de padel. Com design de 360 \u200b\u200bgraus e tecnologia de ponta, esses cal\u00e7ados s\u00e3o a escolha perfeita para melhorar seu jogo na quadra. Pegue-os e sinta o<\/p>\n","protected":false},"excerpt":{"rendered":"<p>Descubra os cal\u00e7ados HEAD Motion Pro White Aqua, projetados especificamente para padel com tecnologia de ponta na Revolution Padel Store.&#8221;<\/p>\n","protected":false},"featured_media":6562,"comment_status":"closed","ping_status":"open","template":"","meta":{"_acf_changed":false,"_joinchat":[]},"acabado":[],"balance":[],"dureza":[],"forma":[],"jugador":[],"marca":[1220],"nivel-de-juego":[1335],"superficie":[],"tipo-de-juego":[],"product_brand":[],"product_cat":[454],"product_tag":[],"class_list":{"0":"post-260836","1":"product","2":"type-product","3":"status-publish","4":"has-post-thumbnail","6":"marca-cabeca","7":"product_cat-tenis-femininos","9":"first","10":"outofstock","11":"taxable","12":"shipping-taxable","13":"purchasable","14":"product-type-variable"},"acf":[],"yoast_head":"<!-- This site is optimized with the Yoast SEO plugin v27.4 - https:\/\/yoast.com\/product\/yoast-seo-wordpress\/ -->\n<title>Zapatillas Head Motion Pro Blanco Aqua - Revolution Padel Store<\/title>\n<meta name=\"description\" content=\"Descubre las zapatillas HEAD Motion Pro Blanco Aqua, dise\u00f1adas espec\u00edficamente para padel con tecnolog\u00eda de \u00faltima generaci\u00f3n en Revolution Padel Store&quot;.\" \/>\n<meta name=\"robots\" content=\"index, follow, max-snippet:-1, max-image-preview:large, max-video-preview:-1\" \/>\n<link rel=\"canonical\" href=\"https:\/\/revolutionpadelstore.com\/pt-pt\/produto\/zapatillas-head-motion-pro-blanco-aqua-6\/\" \/>\n<meta property=\"og:locale\" content=\"pt_PT\" \/>\n<meta property=\"og:type\" content=\"article\" \/>\n<meta property=\"og:title\" content=\"Zapatillas Head Motion Pro Blanco Aqua - Revolution Padel Store\" \/>\n<meta property=\"og:description\" content=\"Descubre las zapatillas HEAD Motion Pro Blanco Aqua, dise\u00f1adas espec\u00edficamente para padel con tecnolog\u00eda de \u00faltima generaci\u00f3n en Revolution Padel Store&quot;.\" \/>\n<meta property=\"og:url\" content=\"https:\/\/revolutionpadelstore.com\/pt-pt\/produto\/zapatillas-head-motion-pro-blanco-aqua-6\/\" \/>\n<meta property=\"og:site_name\" content=\"Revolution Padel Store\" \/>\n<meta property=\"article:modified_time\" content=\"2026-04-08T10:19:28+00:00\" \/>\n<meta property=\"og:image\" content=\"https:\/\/revolutionpadelstore.com\/wp-content\/uploads\/2024\/04\/17204-0-4.jpg\" \/>\n\t<meta property=\"og:image:width\" content=\"800\" \/>\n\t<meta property=\"og:image:height\" content=\"800\" \/>\n\t<meta property=\"og:image:type\" content=\"image\/png\" \/>\n<meta name=\"twitter:card\" content=\"summary_large_image\" \/>\n<meta name=\"twitter:label1\" content=\"Tempo estimado de leitura\" \/>\n\t<meta name=\"twitter:data1\" content=\"2 minutos\" \/>\n<script type=\"application\/ld+json\" class=\"yoast-schema-graph\">{\"@context\":\"https:\\\/\\\/schema.org\",\"@graph\":[{\"@type\":\"WebPage\",\"@id\":\"https:\\\/\\\/revolutionpadelstore.com\\\/pt-pt\\\/produto\\\/zapatillas-head-motion-pro-blanco-aqua-6\\\/\",\"url\":\"https:\\\/\\\/revolutionpadelstore.com\\\/pt-pt\\\/produto\\\/zapatillas-head-motion-pro-blanco-aqua-6\\\/\",\"name\":\"Zapatillas Head Motion Pro Blanco Aqua - Revolution Padel Store\",\"isPartOf\":{\"@id\":\"https:\\\/\\\/revolutionpadelstore.com\\\/pt-pt\\\/#website\"},\"primaryImageOfPage\":{\"@id\":\"https:\\\/\\\/revolutionpadelstore.com\\\/pt-pt\\\/produto\\\/zapatillas-head-motion-pro-blanco-aqua-6\\\/#primaryimage\"},\"image\":{\"@id\":\"https:\\\/\\\/revolutionpadelstore.com\\\/pt-pt\\\/produto\\\/zapatillas-head-motion-pro-blanco-aqua-6\\\/#primaryimage\"},\"thumbnailUrl\":\"https:\\\/\\\/revolutionpadelstore.com\\\/wp-content\\\/uploads\\\/2024\\\/04\\\/17204-0-4.jpg\",\"datePublished\":\"2024-04-22T13:24:10+00:00\",\"dateModified\":\"2026-04-08T10:19:28+00:00\",\"description\":\"Descubre las zapatillas HEAD Motion Pro Blanco Aqua, dise\u00f1adas espec\u00edficamente para padel con tecnolog\u00eda de \u00faltima generaci\u00f3n en Revolution Padel Store\\\".\",\"breadcrumb\":{\"@id\":\"https:\\\/\\\/revolutionpadelstore.com\\\/pt-pt\\\/produto\\\/zapatillas-head-motion-pro-blanco-aqua-6\\\/#breadcrumb\"},\"inLanguage\":\"pt-PT\",\"potentialAction\":[{\"@type\":\"ReadAction\",\"target\":[\"https:\\\/\\\/revolutionpadelstore.com\\\/pt-pt\\\/produto\\\/zapatillas-head-motion-pro-blanco-aqua-6\\\/\"]}]},{\"@type\":\"ImageObject\",\"inLanguage\":\"pt-PT\",\"@id\":\"https:\\\/\\\/revolutionpadelstore.com\\\/pt-pt\\\/produto\\\/zapatillas-head-motion-pro-blanco-aqua-6\\\/#primaryimage\",\"url\":\"https:\\\/\\\/revolutionpadelstore.com\\\/wp-content\\\/uploads\\\/2024\\\/04\\\/17204-0-4.jpg\",\"contentUrl\":\"https:\\\/\\\/revolutionpadelstore.com\\\/wp-content\\\/uploads\\\/2024\\\/04\\\/17204-0-4.jpg\",\"width\":800,\"height\":800},{\"@type\":\"BreadcrumbList\",\"@id\":\"https:\\\/\\\/revolutionpadelstore.com\\\/pt-pt\\\/produto\\\/zapatillas-head-motion-pro-blanco-aqua-6\\\/#breadcrumb\",\"itemListElement\":[{\"@type\":\"ListItem\",\"position\":1,\"name\":\"Portada\",\"item\":\"https:\\\/\\\/revolutionpadelstore.com\\\/pt-pt\\\/\"},{\"@type\":\"ListItem\",\"position\":2,\"name\":\"Tienda\",\"item\":\"https:\\\/\\\/revolutionpadelstore.com\\\/pt-pt\\\/tienda\\\/\"},{\"@type\":\"ListItem\",\"position\":3,\"name\":\"Zapatillas Head Motion Pro Blanco Aqua\"}]},{\"@type\":\"WebSite\",\"@id\":\"https:\\\/\\\/revolutionpadelstore.com\\\/pt-pt\\\/#website\",\"url\":\"https:\\\/\\\/revolutionpadelstore.com\\\/pt-pt\\\/\",\"name\":\"Revolution Padel Store\",\"description\":\"\",\"publisher\":{\"@id\":\"https:\\\/\\\/revolutionpadelstore.com\\\/pt-pt\\\/#organization\"},\"potentialAction\":[{\"@type\":\"SearchAction\",\"target\":{\"@type\":\"EntryPoint\",\"urlTemplate\":\"https:\\\/\\\/revolutionpadelstore.com\\\/pt-pt\\\/?s={search_term_string}\"},\"query-input\":{\"@type\":\"PropertyValueSpecification\",\"valueRequired\":true,\"valueName\":\"search_term_string\"}}],\"inLanguage\":\"pt-PT\"},{\"@type\":\"Organization\",\"@id\":\"https:\\\/\\\/revolutionpadelstore.com\\\/pt-pt\\\/#organization\",\"name\":\"Revolution Padel Store\",\"url\":\"https:\\\/\\\/revolutionpadelstore.com\\\/pt-pt\\\/\",\"logo\":{\"@type\":\"ImageObject\",\"inLanguage\":\"pt-PT\",\"@id\":\"https:\\\/\\\/revolutionpadelstore.com\\\/pt-pt\\\/#\\\/schema\\\/logo\\\/image\\\/\",\"url\":\"https:\\\/\\\/revolutionpadelstore.com\\\/wp-content\\\/uploads\\\/2026\\\/02\\\/revolution-padel-store.jpg\",\"contentUrl\":\"https:\\\/\\\/revolutionpadelstore.com\\\/wp-content\\\/uploads\\\/2026\\\/02\\\/revolution-padel-store.jpg\",\"width\":2000,\"height\":2000,\"caption\":\"Revolution Padel Store\"},\"image\":{\"@id\":\"https:\\\/\\\/revolutionpadelstore.com\\\/pt-pt\\\/#\\\/schema\\\/logo\\\/image\\\/\"},\"sameAs\":[\"https:\\\/\\\/www.instagram.com\\\/revolutionpadelstore\\\/\"]}]}<\/script>\n<!-- \/ Yoast SEO plugin. -->","yoast_head_json":{"title":"Zapatillas Head Motion Pro Blanco Aqua - Revolution Padel Store","description":"Descubre las zapatillas HEAD Motion Pro Blanco Aqua, dise\u00f1adas espec\u00edficamente para padel con tecnolog\u00eda de \u00faltima generaci\u00f3n en Revolution Padel Store\".","robots":{"index":"index","follow":"follow","max-snippet":"max-snippet:-1","max-image-preview":"max-image-preview:large","max-video-preview":"max-video-preview:-1"},"canonical":"https:\/\/revolutionpadelstore.com\/pt-pt\/produto\/zapatillas-head-motion-pro-blanco-aqua-6\/","og_locale":"pt_PT","og_type":"article","og_title":"Zapatillas Head Motion Pro Blanco Aqua - Revolution Padel Store","og_description":"Descubre las zapatillas HEAD Motion Pro Blanco Aqua, dise\u00f1adas espec\u00edficamente para padel con tecnolog\u00eda de \u00faltima generaci\u00f3n en Revolution Padel Store\".","og_url":"https:\/\/revolutionpadelstore.com\/pt-pt\/produto\/zapatillas-head-motion-pro-blanco-aqua-6\/","og_site_name":"Revolution Padel Store","article_modified_time":"2026-04-08T10:19:28+00:00","og_image":[{"width":800,"height":800,"url":"https:\/\/revolutionpadelstore.com\/wp-content\/uploads\/2024\/04\/17204-0-4.jpg","type":"image\/png"}],"twitter_card":"summary_large_image","twitter_misc":{"Tempo estimado de leitura":"2 minutos"},"schema":{"@context":"https:\/\/schema.org","@graph":[{"@type":"WebPage","@id":"https:\/\/revolutionpadelstore.com\/pt-pt\/produto\/zapatillas-head-motion-pro-blanco-aqua-6\/","url":"https:\/\/revolutionpadelstore.com\/pt-pt\/produto\/zapatillas-head-motion-pro-blanco-aqua-6\/","name":"Zapatillas Head Motion Pro Blanco Aqua - Revolution Padel Store","isPartOf":{"@id":"https:\/\/revolutionpadelstore.com\/pt-pt\/#website"},"primaryImageOfPage":{"@id":"https:\/\/revolutionpadelstore.com\/pt-pt\/produto\/zapatillas-head-motion-pro-blanco-aqua-6\/#primaryimage"},"image":{"@id":"https:\/\/revolutionpadelstore.com\/pt-pt\/produto\/zapatillas-head-motion-pro-blanco-aqua-6\/#primaryimage"},"thumbnailUrl":"https:\/\/revolutionpadelstore.com\/wp-content\/uploads\/2024\/04\/17204-0-4.jpg","datePublished":"2024-04-22T13:24:10+00:00","dateModified":"2026-04-08T10:19:28+00:00","description":"Descubre las zapatillas HEAD Motion Pro Blanco Aqua, dise\u00f1adas espec\u00edficamente para padel con tecnolog\u00eda de \u00faltima generaci\u00f3n en Revolution Padel Store\".","breadcrumb":{"@id":"https:\/\/revolutionpadelstore.com\/pt-pt\/produto\/zapatillas-head-motion-pro-blanco-aqua-6\/#breadcrumb"},"inLanguage":"pt-PT","potentialAction":[{"@type":"ReadAction","target":["https:\/\/revolutionpadelstore.com\/pt-pt\/produto\/zapatillas-head-motion-pro-blanco-aqua-6\/"]}]},{"@type":"ImageObject","inLanguage":"pt-PT","@id":"https:\/\/revolutionpadelstore.com\/pt-pt\/produto\/zapatillas-head-motion-pro-blanco-aqua-6\/#primaryimage","url":"https:\/\/revolutionpadelstore.com\/wp-content\/uploads\/2024\/04\/17204-0-4.jpg","contentUrl":"https:\/\/revolutionpadelstore.com\/wp-content\/uploads\/2024\/04\/17204-0-4.jpg","width":800,"height":800},{"@type":"BreadcrumbList","@id":"https:\/\/revolutionpadelstore.com\/pt-pt\/produto\/zapatillas-head-motion-pro-blanco-aqua-6\/#breadcrumb","itemListElement":[{"@type":"ListItem","position":1,"name":"Portada","item":"https:\/\/revolutionpadelstore.com\/pt-pt\/"},{"@type":"ListItem","position":2,"name":"Tienda","item":"https:\/\/revolutionpadelstore.com\/pt-pt\/tienda\/"},{"@type":"ListItem","position":3,"name":"Zapatillas Head Motion Pro Blanco Aqua"}]},{"@type":"WebSite","@id":"https:\/\/revolutionpadelstore.com\/pt-pt\/#website","url":"https:\/\/revolutionpadelstore.com\/pt-pt\/","name":"Revolution Padel Store","description":"","publisher":{"@id":"https:\/\/revolutionpadelstore.com\/pt-pt\/#organization"},"potentialAction":[{"@type":"SearchAction","target":{"@type":"EntryPoint","urlTemplate":"https:\/\/revolutionpadelstore.com\/pt-pt\/?s={search_term_string}"},"query-input":{"@type":"PropertyValueSpecification","valueRequired":true,"valueName":"search_term_string"}}],"inLanguage":"pt-PT"},{"@type":"Organization","@id":"https:\/\/revolutionpadelstore.com\/pt-pt\/#organization","name":"Revolution Padel Store","url":"https:\/\/revolutionpadelstore.com\/pt-pt\/","logo":{"@type":"ImageObject","inLanguage":"pt-PT","@id":"https:\/\/revolutionpadelstore.com\/pt-pt\/#\/schema\/logo\/image\/","url":"https:\/\/revolutionpadelstore.com\/wp-content\/uploads\/2026\/02\/revolution-padel-store.jpg","contentUrl":"https:\/\/revolutionpadelstore.com\/wp-content\/uploads\/2026\/02\/revolution-padel-store.jpg","width":2000,"height":2000,"caption":"Revolution Padel Store"},"image":{"@id":"https:\/\/revolutionpadelstore.com\/pt-pt\/#\/schema\/logo\/image\/"},"sameAs":["https:\/\/www.instagram.com\/revolutionpadelstore\/"]}]}},"_links":{"self":[{"href":"https:\/\/revolutionpadelstore.com\/pt-pt\/wp-json\/wp\/v2\/product\/260836","targetHints":{"allow":["GET"]}}],"collection":[{"href":"https:\/\/revolutionpadelstore.com\/pt-pt\/wp-json\/wp\/v2\/product"}],"about":[{"href":"https:\/\/revolutionpadelstore.com\/pt-pt\/wp-json\/wp\/v2\/types\/product"}],"replies":[{"embeddable":true,"href":"https:\/\/revolutionpadelstore.com\/pt-pt\/wp-json\/wp\/v2\/comments?post=260836"}],"wp:featuredmedia":[{"embeddable":true,"href":"https:\/\/revolutionpadelstore.com\/pt-pt\/wp-json\/wp\/v2\/media\/6562"}],"wp:attachment":[{"href":"https:\/\/revolutionpadelstore.com\/pt-pt\/wp-json\/wp\/v2\/media?parent=260836"}],"wp:term":[{"taxonomy":"acabado","embeddable":true,"href":"https:\/\/revolutionpadelstore.com\/pt-pt\/wp-json\/wp\/v2\/acabado?post=260836"},{"taxonomy":"balance","embeddable":true,"href":"https:\/\/revolutionpadelstore.com\/pt-pt\/wp-json\/wp\/v2\/balance?post=260836"},{"taxonomy":"dureza","embeddable":true,"href":"https:\/\/revolutionpadelstore.com\/pt-pt\/wp-json\/wp\/v2\/dureza?post=260836"},{"taxonomy":"forma","embeddable":true,"href":"https:\/\/revolutionpadelstore.com\/pt-pt\/wp-json\/wp\/v2\/forma?post=260836"},{"taxonomy":"jugador","embeddable":true,"href":"https:\/\/revolutionpadelstore.com\/pt-pt\/wp-json\/wp\/v2\/jugador?post=260836"},{"taxonomy":"marca","embeddable":true,"href":"https:\/\/revolutionpadelstore.com\/pt-pt\/wp-json\/wp\/v2\/marca?post=260836"},{"taxonomy":"nivel-de-juego","embeddable":true,"href":"https:\/\/revolutionpadelstore.com\/pt-pt\/wp-json\/wp\/v2\/nivel-de-juego?post=260836"},{"taxonomy":"superficie","embeddable":true,"href":"https:\/\/revolutionpadelstore.com\/pt-pt\/wp-json\/wp\/v2\/superficie?post=260836"},{"taxonomy":"tipo-de-juego","embeddable":true,"href":"https:\/\/revolutionpadelstore.com\/pt-pt\/wp-json\/wp\/v2\/tipo-de-juego?post=260836"},{"taxonomy":"product_brand","embeddable":true,"href":"https:\/\/revolutionpadelstore.com\/pt-pt\/wp-json\/wp\/v2\/product_brand?post=260836"},{"taxonomy":"product_cat","embeddable":true,"href":"https:\/\/revolutionpadelstore.com\/pt-pt\/wp-json\/wp\/v2\/product_cat?post=260836"},{"taxonomy":"product_tag","embeddable":true,"href":"https:\/\/revolutionpadelstore.com\/pt-pt\/wp-json\/wp\/v2\/product_tag?post=260836"}],"curies":[{"name":"wp","href":"https:\/\/api.w.org\/{rel}","templated":true}]}}