{"id":221014,"date":"2025-04-15T11:11:12","date_gmt":"2025-04-15T09:11:12","guid":{"rendered":"https:\/\/revolutionpadelstore.com\/joma-slam-men-2427-turquesa\/"},"modified":"2026-04-08T05:18:52","modified_gmt":"2026-04-08T03:18:52","slug":"joma-slam-men-2427-turquesa-5","status":"publish","type":"product","link":"https:\/\/revolutionpadelstore.com\/pt-pt\/produto\/joma-slam-men-2427-turquesa-5\/","title":{"rendered":"JOMA SLAM MEN 2427 TURQUESA"},"content":{"rendered":"<p><H2> joma slam homens 2427 sapatos turquesas <\/h2>\n<p>O <strong> Joma Slam Men 2402 Fluor Branco e Azul <\/strong> s\u00e3o a escolha perfeita para exigir jogadores de paddle buscando desempenho m\u00e1ximo em cada jogo. Projetados com tecnologias avan\u00e7adas e materiais de alta qualidade, eles oferecem conforto, estabilidade e uma ader\u00eancia superior <\/strong> na pista.<br \/>\n<H2> caracter\u00edsticas excelentes: <\/h2>\n<h2> Durabilidade mista Sole <\/h2>\n<p>-Design com <strong> padr\u00e3o misto (Espiga e Omni) <\/strong> para ader\u00eancia ideal e tra\u00e7\u00e3o excepcional.<\/p>\n<p>-Encorpore a tecnologia <strong> <\/strong>, que facilita as mudan\u00e7as r\u00e1pidas -mudan\u00e7as e mais mudan\u00e7as de seguran\u00e7a.<br \/>\n<H2> Corning e conforto <\/h2>\n<p><strong> -full Pulsor duplo: <\/strong> Entresuela de densidade dupla que fornece amortecimento e estabilidade superiores em cada movimento.<\/p>\n<p><strong> -Perfect Sistema de ajuste <\/strong>, que garante um ajuste preciso gra\u00e7as ao seu fechamento para os cadar\u00e7os, proporcionando uma sensa\u00e7\u00e3o de conforto personalizado.<br \/>\n<H2> <strong> benef\u00edcios -chave <\/strong> <\/h2>\n<p><strong>-Alto desempenho: <\/strong> ideais para jogadores que treinam e competem com frequ\u00eancia.<\/p>\n<p><strong> -Agilidade e estabilidade: <\/strong> Tecnologia \u00fanica avan\u00e7ada que facilita movimentos r\u00e1pidos e seguros.<\/p>\n<p><strong>-Customizou um: <\/strong> Seguran\u00e7a e conforto em cada etapa, gra\u00e7as ao sistema de ajuste perfeito.<br \/>\n<H2> Por que escolher os t\u00eanis Joma Slam Men 2427?<br \/>\nSe voc\u00ea est\u00e1 procurando sapatos que lhe forne\u00e7am o <strong> m\u00e1ximo de ader\u00eancia, resist\u00eancia e durabilidade <\/strong>, essa \u00e9 a sua melhor op\u00e7\u00e3o. Com um design azul turquesa, eles combinam estilo e funcionalidade para destacar na pista.<\/p>\n<p>Get the <strong> Joma Slam Men 2427 turquoise <\/strong> in our online store <a href=\"https:\/\/chatgpt.com\/g\/g-675432e026888191B6ee6d6f2fdbb15e-optimization-textos\/c\/www.revolutionpadelstore.com\"> ww.revolutionpadelstore.com <\/a>, provavelmente com o melhor pre\u00e7o de mercado!<\/p>\n<h2>Zapatillas JOMA SLAM MEN 2427 Turquesa<\/h2>\n","protected":false},"excerpt":{"rendered":"<p>Os sapatos Joma Slam 2427 para homens s\u00e3o uma excelente op\u00e7\u00e3o para aqueles que buscam um equil\u00edbrio entre conforto e estilo em seus sapatos esportivos. Eles s\u00e3o feitos com uma combina\u00e7\u00e3o de materiais t\u00eaxteis e sint\u00e9ticos que os tornam incrivelmente leves e flex\u00edveis, o que os torna a op\u00e7\u00e3o ideal para v\u00e1rias atividades f\u00edsicas<\/p>\n","protected":false},"featured_media":220969,"comment_status":"open","ping_status":"closed","template":"","meta":{"_acf_changed":false,"_joinchat":[]},"acabado":[],"balance":[],"dureza":[],"forma":[],"jugador":[1190],"marca":[1225],"nivel-de-juego":[],"superficie":[],"tipo-de-juego":[],"product_brand":[],"product_cat":[833],"product_tag":[],"class_list":{"0":"post-221014","1":"product","2":"type-product","3":"status-publish","4":"has-post-thumbnail","6":"jugador-homem","7":"marca-joma-pt-pt","8":"product_cat-tenis","10":"first","11":"outofstock","12":"sale","13":"taxable","14":"shipping-taxable","15":"purchasable","16":"product-type-variable"},"acf":[],"yoast_head":"<!-- This site is optimized with the Yoast SEO plugin v27.4 - https:\/\/yoast.com\/product\/yoast-seo-wordpress\/ -->\n<title>JOMA SLAM MEN 2427 TURQUESA - Revolution Padel Store<\/title>\n<meta name=\"description\" content=\"Descubre las zapatillas JOMA SLAM MEN 2427 Turquesa, dise\u00f1adas para jugadores exigentes. M\u00e1ximo agarre, estabilidad y confort. \u00a1Compra online al mejor precio!\" \/>\n<meta name=\"robots\" content=\"index, follow, max-snippet:-1, max-image-preview:large, max-video-preview:-1\" \/>\n<link rel=\"canonical\" href=\"https:\/\/revolutionpadelstore.com\/pt-pt\/produto\/joma-slam-men-2427-turquesa-5\/\" \/>\n<meta property=\"og:locale\" content=\"pt_PT\" \/>\n<meta property=\"og:type\" content=\"article\" \/>\n<meta property=\"og:title\" content=\"JOMA SLAM MEN 2427 TURQUESA - Revolution Padel Store\" \/>\n<meta property=\"og:description\" content=\"Descubre las zapatillas JOMA SLAM MEN 2427 Turquesa, dise\u00f1adas para jugadores exigentes. M\u00e1ximo agarre, estabilidad y confort. \u00a1Compra online al mejor precio!\" \/>\n<meta property=\"og:url\" content=\"https:\/\/revolutionpadelstore.com\/pt-pt\/produto\/joma-slam-men-2427-turquesa-5\/\" \/>\n<meta property=\"og:site_name\" content=\"Revolution Padel Store\" \/>\n<meta property=\"article:modified_time\" content=\"2026-04-08T03:18:52+00:00\" \/>\n<meta property=\"og:image\" content=\"https:\/\/revolutionpadelstore.com\/wp-content\/uploads\/2025\/04\/238.png\" \/>\n\t<meta property=\"og:image:width\" content=\"1500\" \/>\n\t<meta property=\"og:image:height\" content=\"1500\" \/>\n\t<meta property=\"og:image:type\" content=\"image\/png\" \/>\n<meta name=\"twitter:card\" content=\"summary_large_image\" \/>\n<meta name=\"twitter:label1\" content=\"Tempo estimado de leitura\" \/>\n\t<meta name=\"twitter:data1\" content=\"2 minutos\" \/>\n<script type=\"application\/ld+json\" class=\"yoast-schema-graph\">{\"@context\":\"https:\\\/\\\/schema.org\",\"@graph\":[{\"@type\":\"WebPage\",\"@id\":\"https:\\\/\\\/revolutionpadelstore.com\\\/pt-pt\\\/produto\\\/joma-slam-men-2427-turquesa-5\\\/\",\"url\":\"https:\\\/\\\/revolutionpadelstore.com\\\/pt-pt\\\/produto\\\/joma-slam-men-2427-turquesa-5\\\/\",\"name\":\"JOMA SLAM MEN 2427 TURQUESA - Revolution Padel Store\",\"isPartOf\":{\"@id\":\"https:\\\/\\\/revolutionpadelstore.com\\\/pt-pt\\\/#website\"},\"primaryImageOfPage\":{\"@id\":\"https:\\\/\\\/revolutionpadelstore.com\\\/pt-pt\\\/produto\\\/joma-slam-men-2427-turquesa-5\\\/#primaryimage\"},\"image\":{\"@id\":\"https:\\\/\\\/revolutionpadelstore.com\\\/pt-pt\\\/produto\\\/joma-slam-men-2427-turquesa-5\\\/#primaryimage\"},\"thumbnailUrl\":\"https:\\\/\\\/revolutionpadelstore.com\\\/wp-content\\\/uploads\\\/2025\\\/04\\\/238.png\",\"datePublished\":\"2025-04-15T09:11:12+00:00\",\"dateModified\":\"2026-04-08T03:18:52+00:00\",\"description\":\"Descubre las zapatillas JOMA SLAM MEN 2427 Turquesa, dise\u00f1adas para jugadores exigentes. M\u00e1ximo agarre, estabilidad y confort. \u00a1Compra online al mejor precio!\",\"breadcrumb\":{\"@id\":\"https:\\\/\\\/revolutionpadelstore.com\\\/pt-pt\\\/produto\\\/joma-slam-men-2427-turquesa-5\\\/#breadcrumb\"},\"inLanguage\":\"pt-PT\",\"potentialAction\":[{\"@type\":\"ReadAction\",\"target\":[\"https:\\\/\\\/revolutionpadelstore.com\\\/pt-pt\\\/produto\\\/joma-slam-men-2427-turquesa-5\\\/\"]}]},{\"@type\":\"ImageObject\",\"inLanguage\":\"pt-PT\",\"@id\":\"https:\\\/\\\/revolutionpadelstore.com\\\/pt-pt\\\/produto\\\/joma-slam-men-2427-turquesa-5\\\/#primaryimage\",\"url\":\"https:\\\/\\\/revolutionpadelstore.com\\\/wp-content\\\/uploads\\\/2025\\\/04\\\/238.png\",\"contentUrl\":\"https:\\\/\\\/revolutionpadelstore.com\\\/wp-content\\\/uploads\\\/2025\\\/04\\\/238.png\",\"width\":1500,\"height\":1500},{\"@type\":\"BreadcrumbList\",\"@id\":\"https:\\\/\\\/revolutionpadelstore.com\\\/pt-pt\\\/produto\\\/joma-slam-men-2427-turquesa-5\\\/#breadcrumb\",\"itemListElement\":[{\"@type\":\"ListItem\",\"position\":1,\"name\":\"Portada\",\"item\":\"https:\\\/\\\/revolutionpadelstore.com\\\/pt-pt\\\/\"},{\"@type\":\"ListItem\",\"position\":2,\"name\":\"Tienda\",\"item\":\"https:\\\/\\\/revolutionpadelstore.com\\\/pt-pt\\\/tienda\\\/\"},{\"@type\":\"ListItem\",\"position\":3,\"name\":\"JOMA SLAM MEN 2427 TURQUESA\"}]},{\"@type\":\"WebSite\",\"@id\":\"https:\\\/\\\/revolutionpadelstore.com\\\/pt-pt\\\/#website\",\"url\":\"https:\\\/\\\/revolutionpadelstore.com\\\/pt-pt\\\/\",\"name\":\"Revolution Padel Store\",\"description\":\"\",\"publisher\":{\"@id\":\"https:\\\/\\\/revolutionpadelstore.com\\\/pt-pt\\\/#organization\"},\"potentialAction\":[{\"@type\":\"SearchAction\",\"target\":{\"@type\":\"EntryPoint\",\"urlTemplate\":\"https:\\\/\\\/revolutionpadelstore.com\\\/pt-pt\\\/?s={search_term_string}\"},\"query-input\":{\"@type\":\"PropertyValueSpecification\",\"valueRequired\":true,\"valueName\":\"search_term_string\"}}],\"inLanguage\":\"pt-PT\"},{\"@type\":\"Organization\",\"@id\":\"https:\\\/\\\/revolutionpadelstore.com\\\/pt-pt\\\/#organization\",\"name\":\"Revolution Padel Store\",\"url\":\"https:\\\/\\\/revolutionpadelstore.com\\\/pt-pt\\\/\",\"logo\":{\"@type\":\"ImageObject\",\"inLanguage\":\"pt-PT\",\"@id\":\"https:\\\/\\\/revolutionpadelstore.com\\\/pt-pt\\\/#\\\/schema\\\/logo\\\/image\\\/\",\"url\":\"https:\\\/\\\/revolutionpadelstore.com\\\/wp-content\\\/uploads\\\/2026\\\/02\\\/revolution-padel-store.jpg\",\"contentUrl\":\"https:\\\/\\\/revolutionpadelstore.com\\\/wp-content\\\/uploads\\\/2026\\\/02\\\/revolution-padel-store.jpg\",\"width\":2000,\"height\":2000,\"caption\":\"Revolution Padel Store\"},\"image\":{\"@id\":\"https:\\\/\\\/revolutionpadelstore.com\\\/pt-pt\\\/#\\\/schema\\\/logo\\\/image\\\/\"},\"sameAs\":[\"https:\\\/\\\/www.instagram.com\\\/revolutionpadelstore\\\/\"]}]}<\/script>\n<!-- \/ Yoast SEO plugin. -->","yoast_head_json":{"title":"JOMA SLAM MEN 2427 TURQUESA - Revolution Padel Store","description":"Descubre las zapatillas JOMA SLAM MEN 2427 Turquesa, dise\u00f1adas para jugadores exigentes. M\u00e1ximo agarre, estabilidad y confort. \u00a1Compra online al mejor precio!","robots":{"index":"index","follow":"follow","max-snippet":"max-snippet:-1","max-image-preview":"max-image-preview:large","max-video-preview":"max-video-preview:-1"},"canonical":"https:\/\/revolutionpadelstore.com\/pt-pt\/produto\/joma-slam-men-2427-turquesa-5\/","og_locale":"pt_PT","og_type":"article","og_title":"JOMA SLAM MEN 2427 TURQUESA - Revolution Padel Store","og_description":"Descubre las zapatillas JOMA SLAM MEN 2427 Turquesa, dise\u00f1adas para jugadores exigentes. M\u00e1ximo agarre, estabilidad y confort. \u00a1Compra online al mejor precio!","og_url":"https:\/\/revolutionpadelstore.com\/pt-pt\/produto\/joma-slam-men-2427-turquesa-5\/","og_site_name":"Revolution Padel Store","article_modified_time":"2026-04-08T03:18:52+00:00","og_image":[{"width":1500,"height":1500,"url":"https:\/\/revolutionpadelstore.com\/wp-content\/uploads\/2025\/04\/238.png","type":"image\/png"}],"twitter_card":"summary_large_image","twitter_misc":{"Tempo estimado de leitura":"2 minutos"},"schema":{"@context":"https:\/\/schema.org","@graph":[{"@type":"WebPage","@id":"https:\/\/revolutionpadelstore.com\/pt-pt\/produto\/joma-slam-men-2427-turquesa-5\/","url":"https:\/\/revolutionpadelstore.com\/pt-pt\/produto\/joma-slam-men-2427-turquesa-5\/","name":"JOMA SLAM MEN 2427 TURQUESA - Revolution Padel Store","isPartOf":{"@id":"https:\/\/revolutionpadelstore.com\/pt-pt\/#website"},"primaryImageOfPage":{"@id":"https:\/\/revolutionpadelstore.com\/pt-pt\/produto\/joma-slam-men-2427-turquesa-5\/#primaryimage"},"image":{"@id":"https:\/\/revolutionpadelstore.com\/pt-pt\/produto\/joma-slam-men-2427-turquesa-5\/#primaryimage"},"thumbnailUrl":"https:\/\/revolutionpadelstore.com\/wp-content\/uploads\/2025\/04\/238.png","datePublished":"2025-04-15T09:11:12+00:00","dateModified":"2026-04-08T03:18:52+00:00","description":"Descubre las zapatillas JOMA SLAM MEN 2427 Turquesa, dise\u00f1adas para jugadores exigentes. M\u00e1ximo agarre, estabilidad y confort. \u00a1Compra online al mejor precio!","breadcrumb":{"@id":"https:\/\/revolutionpadelstore.com\/pt-pt\/produto\/joma-slam-men-2427-turquesa-5\/#breadcrumb"},"inLanguage":"pt-PT","potentialAction":[{"@type":"ReadAction","target":["https:\/\/revolutionpadelstore.com\/pt-pt\/produto\/joma-slam-men-2427-turquesa-5\/"]}]},{"@type":"ImageObject","inLanguage":"pt-PT","@id":"https:\/\/revolutionpadelstore.com\/pt-pt\/produto\/joma-slam-men-2427-turquesa-5\/#primaryimage","url":"https:\/\/revolutionpadelstore.com\/wp-content\/uploads\/2025\/04\/238.png","contentUrl":"https:\/\/revolutionpadelstore.com\/wp-content\/uploads\/2025\/04\/238.png","width":1500,"height":1500},{"@type":"BreadcrumbList","@id":"https:\/\/revolutionpadelstore.com\/pt-pt\/produto\/joma-slam-men-2427-turquesa-5\/#breadcrumb","itemListElement":[{"@type":"ListItem","position":1,"name":"Portada","item":"https:\/\/revolutionpadelstore.com\/pt-pt\/"},{"@type":"ListItem","position":2,"name":"Tienda","item":"https:\/\/revolutionpadelstore.com\/pt-pt\/tienda\/"},{"@type":"ListItem","position":3,"name":"JOMA SLAM MEN 2427 TURQUESA"}]},{"@type":"WebSite","@id":"https:\/\/revolutionpadelstore.com\/pt-pt\/#website","url":"https:\/\/revolutionpadelstore.com\/pt-pt\/","name":"Revolution Padel Store","description":"","publisher":{"@id":"https:\/\/revolutionpadelstore.com\/pt-pt\/#organization"},"potentialAction":[{"@type":"SearchAction","target":{"@type":"EntryPoint","urlTemplate":"https:\/\/revolutionpadelstore.com\/pt-pt\/?s={search_term_string}"},"query-input":{"@type":"PropertyValueSpecification","valueRequired":true,"valueName":"search_term_string"}}],"inLanguage":"pt-PT"},{"@type":"Organization","@id":"https:\/\/revolutionpadelstore.com\/pt-pt\/#organization","name":"Revolution Padel Store","url":"https:\/\/revolutionpadelstore.com\/pt-pt\/","logo":{"@type":"ImageObject","inLanguage":"pt-PT","@id":"https:\/\/revolutionpadelstore.com\/pt-pt\/#\/schema\/logo\/image\/","url":"https:\/\/revolutionpadelstore.com\/wp-content\/uploads\/2026\/02\/revolution-padel-store.jpg","contentUrl":"https:\/\/revolutionpadelstore.com\/wp-content\/uploads\/2026\/02\/revolution-padel-store.jpg","width":2000,"height":2000,"caption":"Revolution Padel Store"},"image":{"@id":"https:\/\/revolutionpadelstore.com\/pt-pt\/#\/schema\/logo\/image\/"},"sameAs":["https:\/\/www.instagram.com\/revolutionpadelstore\/"]}]}},"_links":{"self":[{"href":"https:\/\/revolutionpadelstore.com\/pt-pt\/wp-json\/wp\/v2\/product\/221014","targetHints":{"allow":["GET"]}}],"collection":[{"href":"https:\/\/revolutionpadelstore.com\/pt-pt\/wp-json\/wp\/v2\/product"}],"about":[{"href":"https:\/\/revolutionpadelstore.com\/pt-pt\/wp-json\/wp\/v2\/types\/product"}],"replies":[{"embeddable":true,"href":"https:\/\/revolutionpadelstore.com\/pt-pt\/wp-json\/wp\/v2\/comments?post=221014"}],"wp:featuredmedia":[{"embeddable":true,"href":"https:\/\/revolutionpadelstore.com\/pt-pt\/wp-json\/wp\/v2\/media\/220969"}],"wp:attachment":[{"href":"https:\/\/revolutionpadelstore.com\/pt-pt\/wp-json\/wp\/v2\/media?parent=221014"}],"wp:term":[{"taxonomy":"acabado","embeddable":true,"href":"https:\/\/revolutionpadelstore.com\/pt-pt\/wp-json\/wp\/v2\/acabado?post=221014"},{"taxonomy":"balance","embeddable":true,"href":"https:\/\/revolutionpadelstore.com\/pt-pt\/wp-json\/wp\/v2\/balance?post=221014"},{"taxonomy":"dureza","embeddable":true,"href":"https:\/\/revolutionpadelstore.com\/pt-pt\/wp-json\/wp\/v2\/dureza?post=221014"},{"taxonomy":"forma","embeddable":true,"href":"https:\/\/revolutionpadelstore.com\/pt-pt\/wp-json\/wp\/v2\/forma?post=221014"},{"taxonomy":"jugador","embeddable":true,"href":"https:\/\/revolutionpadelstore.com\/pt-pt\/wp-json\/wp\/v2\/jugador?post=221014"},{"taxonomy":"marca","embeddable":true,"href":"https:\/\/revolutionpadelstore.com\/pt-pt\/wp-json\/wp\/v2\/marca?post=221014"},{"taxonomy":"nivel-de-juego","embeddable":true,"href":"https:\/\/revolutionpadelstore.com\/pt-pt\/wp-json\/wp\/v2\/nivel-de-juego?post=221014"},{"taxonomy":"superficie","embeddable":true,"href":"https:\/\/revolutionpadelstore.com\/pt-pt\/wp-json\/wp\/v2\/superficie?post=221014"},{"taxonomy":"tipo-de-juego","embeddable":true,"href":"https:\/\/revolutionpadelstore.com\/pt-pt\/wp-json\/wp\/v2\/tipo-de-juego?post=221014"},{"taxonomy":"product_brand","embeddable":true,"href":"https:\/\/revolutionpadelstore.com\/pt-pt\/wp-json\/wp\/v2\/product_brand?post=221014"},{"taxonomy":"product_cat","embeddable":true,"href":"https:\/\/revolutionpadelstore.com\/pt-pt\/wp-json\/wp\/v2\/product_cat?post=221014"},{"taxonomy":"product_tag","embeddable":true,"href":"https:\/\/revolutionpadelstore.com\/pt-pt\/wp-json\/wp\/v2\/product_tag?post=221014"}],"curies":[{"name":"wp","href":"https:\/\/api.w.org\/{rel}","templated":true}]}}