{"id":220935,"date":"2025-04-15T10:50:16","date_gmt":"2025-04-15T08:50:16","guid":{"rendered":"https:\/\/revolutionpadelstore.com\/?post_type=product&#038;p=220935"},"modified":"2026-04-08T05:19:31","modified_gmt":"2026-04-08T03:19:31","slug":"joma-point-men-2402-blanco-azul-5","status":"publish","type":"product","link":"https:\/\/revolutionpadelstore.com\/pt-pt\/produto\/joma-point-men-2402-blanco-azul-5\/","title":{"rendered":"JOMA POINT MEN 2402 BLANCO AZUL"},"content":{"rendered":"<p><H2> <strong> joma ponto Men 24 argila branca azul &#8211; desempenho m\u00e1ximo, agilidade e conforto <\/strong> <\/h2>\n<p>Esses t\u00eanis e t\u00eanis de remo para homens s\u00e3o projetados para jogadores com boa t\u00e9cnica que buscam cal\u00e7ados que acompanham seu alto n\u00edvel de jogo. Com um equil\u00edbrio perfeito entre leveza, respirabilidade e estabilidade, eles se tornam a op\u00e7\u00e3o ideal para exigir treinamento e festas.<br \/>\n<H2> <strong> caracter\u00edsticas t\u00e9cnicas proeminentes <\/strong> <\/h2>\n<p>-Corte de malha com um acabamento Jacquard personalizado, que garante leveza e excelente ventila\u00e7\u00e3o do p\u00e9.<\/p>\n<p>-Vts Sistema de perfura\u00e7\u00e3o que expulsa o suor e mant\u00e9m os p\u00e9s frescos e secos.<\/p>\n<p>-Tecnology joma esportch thermosellada para um ajuste perfeito sem adicionar peso desnecess\u00e1rio.<\/p>\n<p>-CA Refer\u00eancia de borracha no dedo do p\u00e9 que forma o sistema de prote\u00e7\u00e3o, ideal para resistir ao atrito e prolongar a vida \u00fatil dos cal\u00e7ados.<\/p>\n<p>-Contrafuerte EXO Contador no calcanhar que fornece grande estabilidade em mudan\u00e7as r\u00e1pidas de dire\u00e7\u00e3o.<\/p>\n<p>-Melon e meio de fil\u00e3o flex\u00edvel, projetado para absorver impactos e melhorar o amortecimento.<\/p>\n<p>-Stabilis Technology que evita voltas indevidas entre a frente e a traseira do p\u00e9.<\/p>\n<p>-Suzuela Durabilidade de borracha com design de pico (argila), perfeito para expulsar a areia e facilitar deslizamentos de terra sem perder a tra\u00e7\u00e3o.<br \/>\n<H2> <strong> benef\u00edcios para o jogador <\/strong> <\/h2>\n<p>Esse modelo \u00e9 perfeito para jogadores que precisam de cal\u00e7ados t\u00e9cnicos, \u00e1geis e confort\u00e1veis, com materiais e tecnologias de alta qualidade que respondem ao ritmo do jogo profissional. Ideal para pistas de solo espancadas e superf\u00edcies escorregadias, garante excelente desempenho em cada movimento.<br \/>\n<H2> <strong> Compre com confian\u00e7a <\/strong> <\/h2>\n<p>Este produto est\u00e1 dispon\u00edvel em nossa loja on -line <a href=\"http:\/\/www.revolutionpadelstore.com\/\"> www.revolutionpadelstore.com <\/a>, provavelmente pelo melhor pre\u00e7o de mercado. Fa\u00e7a seu pedido hoje e experimente o pr\u00f3ximo n\u00edvel em conforto e desempenho!<\/p>\n<h2><strong>JOMA POINT MEN 24 CLAY BLANCO AZUL &#8211; M\u00e1ximo rendimiento, agilidad y comodidad<\/strong><\/p>\n","protected":false},"excerpt":{"rendered":"<p>Esses t\u00eanis e t\u00eanis de remo para homens s\u00e3o projetados para jogadores com boa t\u00e9cnica que buscam cal\u00e7ados que acompanham seu alto n\u00edvel de jogo. Com um equil\u00edbrio perfeito entre leveza, respirabilidade e estabilidade, eles se tornam a op\u00e7\u00e3o ideal para exigir treinamento e festas.<\/p>\n","protected":false},"featured_media":220943,"comment_status":"open","ping_status":"closed","template":"","meta":{"_acf_changed":false,"_joinchat":[]},"acabado":[],"balance":[],"dureza":[],"forma":[],"jugador":[1190],"marca":[1225],"nivel-de-juego":[],"superficie":[],"tipo-de-juego":[],"product_brand":[],"product_cat":[833],"product_tag":[],"class_list":{"0":"post-220935","1":"product","2":"type-product","3":"status-publish","4":"has-post-thumbnail","6":"jugador-homem","7":"marca-joma-pt-pt","8":"product_cat-tenis","10":"first","11":"outofstock","12":"sale","13":"taxable","14":"shipping-taxable","15":"purchasable","16":"product-type-variable"},"acf":[],"yoast_head":"<!-- This site is optimized with the Yoast SEO plugin v27.4 - https:\/\/yoast.com\/product\/yoast-seo-wordpress\/ -->\n<title>JOMA POINT MEN 2402 BLANCO AZUL - Revolution Padel Store<\/title>\n<meta name=\"description\" content=\"Zapatillas de tenis para hombre con m\u00e1ximo confort, estabilidad y suela clay. Dise\u00f1o t\u00e9cnico ideal para jugadores exigentes. \u00a1Compra online al mejor precio!\" \/>\n<meta name=\"robots\" content=\"index, follow, max-snippet:-1, max-image-preview:large, max-video-preview:-1\" \/>\n<link rel=\"canonical\" href=\"https:\/\/revolutionpadelstore.com\/pt-pt\/produto\/joma-point-men-2402-blanco-azul-5\/\" \/>\n<meta property=\"og:locale\" content=\"pt_PT\" \/>\n<meta property=\"og:type\" content=\"article\" \/>\n<meta property=\"og:title\" content=\"JOMA POINT MEN 2402 BLANCO AZUL - Revolution Padel Store\" \/>\n<meta property=\"og:description\" content=\"Zapatillas de tenis para hombre con m\u00e1ximo confort, estabilidad y suela clay. Dise\u00f1o t\u00e9cnico ideal para jugadores exigentes. \u00a1Compra online al mejor precio!\" \/>\n<meta property=\"og:url\" content=\"https:\/\/revolutionpadelstore.com\/pt-pt\/produto\/joma-point-men-2402-blanco-azul-5\/\" \/>\n<meta property=\"og:site_name\" content=\"Revolution Padel Store\" \/>\n<meta property=\"article:modified_time\" content=\"2026-04-08T03:19:31+00:00\" \/>\n<meta property=\"og:image\" content=\"https:\/\/revolutionpadelstore.com\/wp-content\/uploads\/2025\/04\/234.png\" \/>\n\t<meta property=\"og:image:width\" content=\"1500\" \/>\n\t<meta property=\"og:image:height\" content=\"1500\" \/>\n\t<meta property=\"og:image:type\" content=\"image\/png\" \/>\n<meta name=\"twitter:card\" content=\"summary_large_image\" \/>\n<meta name=\"twitter:label1\" content=\"Tempo estimado de leitura\" \/>\n\t<meta name=\"twitter:data1\" content=\"2 minutos\" \/>\n<script type=\"application\/ld+json\" class=\"yoast-schema-graph\">{\"@context\":\"https:\\\/\\\/schema.org\",\"@graph\":[{\"@type\":\"WebPage\",\"@id\":\"https:\\\/\\\/revolutionpadelstore.com\\\/pt-pt\\\/produto\\\/joma-point-men-2402-blanco-azul-5\\\/\",\"url\":\"https:\\\/\\\/revolutionpadelstore.com\\\/pt-pt\\\/produto\\\/joma-point-men-2402-blanco-azul-5\\\/\",\"name\":\"JOMA POINT MEN 2402 BLANCO AZUL - Revolution Padel Store\",\"isPartOf\":{\"@id\":\"https:\\\/\\\/revolutionpadelstore.com\\\/pt-pt\\\/#website\"},\"primaryImageOfPage\":{\"@id\":\"https:\\\/\\\/revolutionpadelstore.com\\\/pt-pt\\\/produto\\\/joma-point-men-2402-blanco-azul-5\\\/#primaryimage\"},\"image\":{\"@id\":\"https:\\\/\\\/revolutionpadelstore.com\\\/pt-pt\\\/produto\\\/joma-point-men-2402-blanco-azul-5\\\/#primaryimage\"},\"thumbnailUrl\":\"https:\\\/\\\/revolutionpadelstore.com\\\/wp-content\\\/uploads\\\/2025\\\/04\\\/234.png\",\"datePublished\":\"2025-04-15T08:50:16+00:00\",\"dateModified\":\"2026-04-08T03:19:31+00:00\",\"description\":\"Zapatillas de tenis para hombre con m\u00e1ximo confort, estabilidad y suela clay. Dise\u00f1o t\u00e9cnico ideal para jugadores exigentes. \u00a1Compra online al mejor precio!\",\"breadcrumb\":{\"@id\":\"https:\\\/\\\/revolutionpadelstore.com\\\/pt-pt\\\/produto\\\/joma-point-men-2402-blanco-azul-5\\\/#breadcrumb\"},\"inLanguage\":\"pt-PT\",\"potentialAction\":[{\"@type\":\"ReadAction\",\"target\":[\"https:\\\/\\\/revolutionpadelstore.com\\\/pt-pt\\\/produto\\\/joma-point-men-2402-blanco-azul-5\\\/\"]}]},{\"@type\":\"ImageObject\",\"inLanguage\":\"pt-PT\",\"@id\":\"https:\\\/\\\/revolutionpadelstore.com\\\/pt-pt\\\/produto\\\/joma-point-men-2402-blanco-azul-5\\\/#primaryimage\",\"url\":\"https:\\\/\\\/revolutionpadelstore.com\\\/wp-content\\\/uploads\\\/2025\\\/04\\\/234.png\",\"contentUrl\":\"https:\\\/\\\/revolutionpadelstore.com\\\/wp-content\\\/uploads\\\/2025\\\/04\\\/234.png\",\"width\":1500,\"height\":1500},{\"@type\":\"BreadcrumbList\",\"@id\":\"https:\\\/\\\/revolutionpadelstore.com\\\/pt-pt\\\/produto\\\/joma-point-men-2402-blanco-azul-5\\\/#breadcrumb\",\"itemListElement\":[{\"@type\":\"ListItem\",\"position\":1,\"name\":\"Portada\",\"item\":\"https:\\\/\\\/revolutionpadelstore.com\\\/pt-pt\\\/\"},{\"@type\":\"ListItem\",\"position\":2,\"name\":\"Tienda\",\"item\":\"https:\\\/\\\/revolutionpadelstore.com\\\/pt-pt\\\/tienda\\\/\"},{\"@type\":\"ListItem\",\"position\":3,\"name\":\"JOMA POINT MEN 2402 BLANCO AZUL\"}]},{\"@type\":\"WebSite\",\"@id\":\"https:\\\/\\\/revolutionpadelstore.com\\\/pt-pt\\\/#website\",\"url\":\"https:\\\/\\\/revolutionpadelstore.com\\\/pt-pt\\\/\",\"name\":\"Revolution Padel Store\",\"description\":\"\",\"publisher\":{\"@id\":\"https:\\\/\\\/revolutionpadelstore.com\\\/pt-pt\\\/#organization\"},\"potentialAction\":[{\"@type\":\"SearchAction\",\"target\":{\"@type\":\"EntryPoint\",\"urlTemplate\":\"https:\\\/\\\/revolutionpadelstore.com\\\/pt-pt\\\/?s={search_term_string}\"},\"query-input\":{\"@type\":\"PropertyValueSpecification\",\"valueRequired\":true,\"valueName\":\"search_term_string\"}}],\"inLanguage\":\"pt-PT\"},{\"@type\":\"Organization\",\"@id\":\"https:\\\/\\\/revolutionpadelstore.com\\\/pt-pt\\\/#organization\",\"name\":\"Revolution Padel Store\",\"url\":\"https:\\\/\\\/revolutionpadelstore.com\\\/pt-pt\\\/\",\"logo\":{\"@type\":\"ImageObject\",\"inLanguage\":\"pt-PT\",\"@id\":\"https:\\\/\\\/revolutionpadelstore.com\\\/pt-pt\\\/#\\\/schema\\\/logo\\\/image\\\/\",\"url\":\"https:\\\/\\\/revolutionpadelstore.com\\\/wp-content\\\/uploads\\\/2026\\\/02\\\/revolution-padel-store.jpg\",\"contentUrl\":\"https:\\\/\\\/revolutionpadelstore.com\\\/wp-content\\\/uploads\\\/2026\\\/02\\\/revolution-padel-store.jpg\",\"width\":2000,\"height\":2000,\"caption\":\"Revolution Padel Store\"},\"image\":{\"@id\":\"https:\\\/\\\/revolutionpadelstore.com\\\/pt-pt\\\/#\\\/schema\\\/logo\\\/image\\\/\"},\"sameAs\":[\"https:\\\/\\\/www.instagram.com\\\/revolutionpadelstore\\\/\"]}]}<\/script>\n<!-- \/ Yoast SEO plugin. -->","yoast_head_json":{"title":"JOMA POINT MEN 2402 BLANCO AZUL - Revolution Padel Store","description":"Zapatillas de tenis para hombre con m\u00e1ximo confort, estabilidad y suela clay. Dise\u00f1o t\u00e9cnico ideal para jugadores exigentes. \u00a1Compra online al mejor precio!","robots":{"index":"index","follow":"follow","max-snippet":"max-snippet:-1","max-image-preview":"max-image-preview:large","max-video-preview":"max-video-preview:-1"},"canonical":"https:\/\/revolutionpadelstore.com\/pt-pt\/produto\/joma-point-men-2402-blanco-azul-5\/","og_locale":"pt_PT","og_type":"article","og_title":"JOMA POINT MEN 2402 BLANCO AZUL - Revolution Padel Store","og_description":"Zapatillas de tenis para hombre con m\u00e1ximo confort, estabilidad y suela clay. Dise\u00f1o t\u00e9cnico ideal para jugadores exigentes. \u00a1Compra online al mejor precio!","og_url":"https:\/\/revolutionpadelstore.com\/pt-pt\/produto\/joma-point-men-2402-blanco-azul-5\/","og_site_name":"Revolution Padel Store","article_modified_time":"2026-04-08T03:19:31+00:00","og_image":[{"width":1500,"height":1500,"url":"https:\/\/revolutionpadelstore.com\/wp-content\/uploads\/2025\/04\/234.png","type":"image\/png"}],"twitter_card":"summary_large_image","twitter_misc":{"Tempo estimado de leitura":"2 minutos"},"schema":{"@context":"https:\/\/schema.org","@graph":[{"@type":"WebPage","@id":"https:\/\/revolutionpadelstore.com\/pt-pt\/produto\/joma-point-men-2402-blanco-azul-5\/","url":"https:\/\/revolutionpadelstore.com\/pt-pt\/produto\/joma-point-men-2402-blanco-azul-5\/","name":"JOMA POINT MEN 2402 BLANCO AZUL - Revolution Padel Store","isPartOf":{"@id":"https:\/\/revolutionpadelstore.com\/pt-pt\/#website"},"primaryImageOfPage":{"@id":"https:\/\/revolutionpadelstore.com\/pt-pt\/produto\/joma-point-men-2402-blanco-azul-5\/#primaryimage"},"image":{"@id":"https:\/\/revolutionpadelstore.com\/pt-pt\/produto\/joma-point-men-2402-blanco-azul-5\/#primaryimage"},"thumbnailUrl":"https:\/\/revolutionpadelstore.com\/wp-content\/uploads\/2025\/04\/234.png","datePublished":"2025-04-15T08:50:16+00:00","dateModified":"2026-04-08T03:19:31+00:00","description":"Zapatillas de tenis para hombre con m\u00e1ximo confort, estabilidad y suela clay. Dise\u00f1o t\u00e9cnico ideal para jugadores exigentes. \u00a1Compra online al mejor precio!","breadcrumb":{"@id":"https:\/\/revolutionpadelstore.com\/pt-pt\/produto\/joma-point-men-2402-blanco-azul-5\/#breadcrumb"},"inLanguage":"pt-PT","potentialAction":[{"@type":"ReadAction","target":["https:\/\/revolutionpadelstore.com\/pt-pt\/produto\/joma-point-men-2402-blanco-azul-5\/"]}]},{"@type":"ImageObject","inLanguage":"pt-PT","@id":"https:\/\/revolutionpadelstore.com\/pt-pt\/produto\/joma-point-men-2402-blanco-azul-5\/#primaryimage","url":"https:\/\/revolutionpadelstore.com\/wp-content\/uploads\/2025\/04\/234.png","contentUrl":"https:\/\/revolutionpadelstore.com\/wp-content\/uploads\/2025\/04\/234.png","width":1500,"height":1500},{"@type":"BreadcrumbList","@id":"https:\/\/revolutionpadelstore.com\/pt-pt\/produto\/joma-point-men-2402-blanco-azul-5\/#breadcrumb","itemListElement":[{"@type":"ListItem","position":1,"name":"Portada","item":"https:\/\/revolutionpadelstore.com\/pt-pt\/"},{"@type":"ListItem","position":2,"name":"Tienda","item":"https:\/\/revolutionpadelstore.com\/pt-pt\/tienda\/"},{"@type":"ListItem","position":3,"name":"JOMA POINT MEN 2402 BLANCO AZUL"}]},{"@type":"WebSite","@id":"https:\/\/revolutionpadelstore.com\/pt-pt\/#website","url":"https:\/\/revolutionpadelstore.com\/pt-pt\/","name":"Revolution Padel Store","description":"","publisher":{"@id":"https:\/\/revolutionpadelstore.com\/pt-pt\/#organization"},"potentialAction":[{"@type":"SearchAction","target":{"@type":"EntryPoint","urlTemplate":"https:\/\/revolutionpadelstore.com\/pt-pt\/?s={search_term_string}"},"query-input":{"@type":"PropertyValueSpecification","valueRequired":true,"valueName":"search_term_string"}}],"inLanguage":"pt-PT"},{"@type":"Organization","@id":"https:\/\/revolutionpadelstore.com\/pt-pt\/#organization","name":"Revolution Padel Store","url":"https:\/\/revolutionpadelstore.com\/pt-pt\/","logo":{"@type":"ImageObject","inLanguage":"pt-PT","@id":"https:\/\/revolutionpadelstore.com\/pt-pt\/#\/schema\/logo\/image\/","url":"https:\/\/revolutionpadelstore.com\/wp-content\/uploads\/2026\/02\/revolution-padel-store.jpg","contentUrl":"https:\/\/revolutionpadelstore.com\/wp-content\/uploads\/2026\/02\/revolution-padel-store.jpg","width":2000,"height":2000,"caption":"Revolution Padel Store"},"image":{"@id":"https:\/\/revolutionpadelstore.com\/pt-pt\/#\/schema\/logo\/image\/"},"sameAs":["https:\/\/www.instagram.com\/revolutionpadelstore\/"]}]}},"_links":{"self":[{"href":"https:\/\/revolutionpadelstore.com\/pt-pt\/wp-json\/wp\/v2\/product\/220935","targetHints":{"allow":["GET"]}}],"collection":[{"href":"https:\/\/revolutionpadelstore.com\/pt-pt\/wp-json\/wp\/v2\/product"}],"about":[{"href":"https:\/\/revolutionpadelstore.com\/pt-pt\/wp-json\/wp\/v2\/types\/product"}],"replies":[{"embeddable":true,"href":"https:\/\/revolutionpadelstore.com\/pt-pt\/wp-json\/wp\/v2\/comments?post=220935"}],"wp:featuredmedia":[{"embeddable":true,"href":"https:\/\/revolutionpadelstore.com\/pt-pt\/wp-json\/wp\/v2\/media\/220943"}],"wp:attachment":[{"href":"https:\/\/revolutionpadelstore.com\/pt-pt\/wp-json\/wp\/v2\/media?parent=220935"}],"wp:term":[{"taxonomy":"acabado","embeddable":true,"href":"https:\/\/revolutionpadelstore.com\/pt-pt\/wp-json\/wp\/v2\/acabado?post=220935"},{"taxonomy":"balance","embeddable":true,"href":"https:\/\/revolutionpadelstore.com\/pt-pt\/wp-json\/wp\/v2\/balance?post=220935"},{"taxonomy":"dureza","embeddable":true,"href":"https:\/\/revolutionpadelstore.com\/pt-pt\/wp-json\/wp\/v2\/dureza?post=220935"},{"taxonomy":"forma","embeddable":true,"href":"https:\/\/revolutionpadelstore.com\/pt-pt\/wp-json\/wp\/v2\/forma?post=220935"},{"taxonomy":"jugador","embeddable":true,"href":"https:\/\/revolutionpadelstore.com\/pt-pt\/wp-json\/wp\/v2\/jugador?post=220935"},{"taxonomy":"marca","embeddable":true,"href":"https:\/\/revolutionpadelstore.com\/pt-pt\/wp-json\/wp\/v2\/marca?post=220935"},{"taxonomy":"nivel-de-juego","embeddable":true,"href":"https:\/\/revolutionpadelstore.com\/pt-pt\/wp-json\/wp\/v2\/nivel-de-juego?post=220935"},{"taxonomy":"superficie","embeddable":true,"href":"https:\/\/revolutionpadelstore.com\/pt-pt\/wp-json\/wp\/v2\/superficie?post=220935"},{"taxonomy":"tipo-de-juego","embeddable":true,"href":"https:\/\/revolutionpadelstore.com\/pt-pt\/wp-json\/wp\/v2\/tipo-de-juego?post=220935"},{"taxonomy":"product_brand","embeddable":true,"href":"https:\/\/revolutionpadelstore.com\/pt-pt\/wp-json\/wp\/v2\/product_brand?post=220935"},{"taxonomy":"product_cat","embeddable":true,"href":"https:\/\/revolutionpadelstore.com\/pt-pt\/wp-json\/wp\/v2\/product_cat?post=220935"},{"taxonomy":"product_tag","embeddable":true,"href":"https:\/\/revolutionpadelstore.com\/pt-pt\/wp-json\/wp\/v2\/product_tag?post=220935"}],"curies":[{"name":"wp","href":"https:\/\/api.w.org\/{rel}","templated":true}]}}