{"id":219975,"date":"2025-04-01T23:28:07","date_gmt":"2025-04-01T21:28:07","guid":{"rendered":"https:\/\/revolutionpadelstore.com\/cajon-siux-neo-balls-speed-x24\/"},"modified":"2026-04-08T05:25:13","modified_gmt":"2026-04-08T03:25:13","slug":"cajon-siux-neo-balls-speed-x24-5","status":"publish","type":"product","link":"https:\/\/revolutionpadelstore.com\/pt-pt\/produto\/cajon-siux-neo-balls-speed-x24-5\/","title":{"rendered":"CAJON SIUX NEO BALLS SPEED x24"},"content":{"rendered":"<h2> Siux Neo Balls Speed \u200b\u200bx24 &#8211; Bolas de remo de alto desempenho <\/h2>\n<p>Leve o seu jogo para o pr\u00f3ximo n\u00edvel com a velocidade <strong> Siux Neo Balls Speed \u200b\u200bx24 <\/strong>, algumas bolas projetadas para oferecer a voc\u00ea <strong> desempenho superior, rebote preciso e durabilidade m\u00e1xima <\/strong> mesmo nas condi\u00e7\u00f5es mais exigentes. Sua excelente resposta em climas frios, ambientes \u00famidos ou altitudes baixas os torna a escolha perfeita para f\u00f3sforos e treinamento perto do n\u00edvel do mar.<br \/>\n<H2> Caracter\u00edsticas principais <\/h2>\n<p> <strong>&#8211; 24 bola pacote <\/strong> <\/strong><br \/>\nIdeal para clubes, treinamento intensivo ou jogadores que desejam sempre ter a\u00e7\u00f5es dispon\u00edveis. <\/p>\n<p><P> <strong>&#8211; Draidade otimizada <\/strong><br \/>\nSua constru\u00e7\u00e3o firme oferece maior durabilidade e resist\u00eancia ao desgaste, ideal para usos prolongados. <\/p>\n<p>&lt;p style = &quot;preenchimento-esquerda: 40px;&quot;<br \/>\nGra\u00e7as \u00e0 sua excelente press\u00e3o interna, a velocidade <strong> Siux Neo Balls <\/strong> garante um barco uniforme, promovendo controle e precis\u00e3o em cada golpe. <\/p>\n<p> <strong> -rendimiento em climas frios e \u00famidos <\/strong><br \/>\nEssas bolas foram desenvolvidas para destacar em condi\u00e7\u00f5es atmosf\u00e9ricas complicadas, como baixas temperaturas ou \u00e1reas pr\u00f3ximas ao n\u00edvel do mar.<\/p>\n<p><H2> Por que escolher a velocidade do Siux Neo Balls?<br \/>\nPorque eles s\u00e3o projetados para jogadores <strong> que n\u00e3o aceitam compromissos em seu desempenho <\/strong>. Seja voc\u00ea amador e profissional, essas bolas fornecem poder, consist\u00eancia e durabilidade necess\u00e1rias para dominar cada ponto com seguran\u00e7a.<\/p>\n<p>Obtenha seu pacote de bola de velocidade Neo de 24 Siux em nossa loja on -line <a href=\"https:\/\/www.revolutionpadelstore.com\/\"> www.revolutionpadelstore.com <\/a> e <strong> provavelmente no melhor pre\u00e7o de mercado <\/strong>.<\/p>\n<h2>Siux Neo Balls Speed x24 \u2013 Pelotas de P\u00e1del de Alto Rendimiento<\/h2>\n","protected":false},"excerpt":{"rendered":"<p>Siux Neo Balls Speed \u200b\u200bx24, bolas projetadas para jogar em \u00e1reas mais frias e \u00famidas. Inclui 24 bolas.<\/p>\n","protected":false},"featured_media":216923,"comment_status":"open","ping_status":"closed","template":"","meta":{"_acf_changed":false,"_joinchat":[]},"acabado":[],"balance":[],"dureza":[],"forma":[],"jugador":[],"marca":[1305],"nivel-de-juego":[],"superficie":[],"tipo-de-juego":[],"product_brand":[],"product_cat":[604],"product_tag":[],"class_list":{"0":"post-219975","1":"product","2":"type-product","3":"status-publish","4":"has-post-thumbnail","6":"marca-siux-pt-pt","7":"product_cat-bolas","9":"first","10":"outofstock","11":"sale","12":"taxable","13":"shipping-taxable","14":"purchasable","15":"product-type-simple"},"acf":[],"yoast_head":"<!-- This site is optimized with the Yoast SEO plugin v27.4 - https:\/\/yoast.com\/product\/yoast-seo-wordpress\/ -->\n<title>CAJON SIUX NEO BALLS SPEED x24 - Revolution Padel Store<\/title>\n<meta name=\"description\" content=\"Compra las pelotas de p\u00e1del Siux Neo Balls Speed x24, ideales para climas fr\u00edos y h\u00famedos. Alta durabilidad, rebote preciso y m\u00e1xima potencia en cada golpe. \u00a1Disponibles online al mejor precio en Revolution Padel Store!\" \/>\n<meta name=\"robots\" content=\"index, follow, max-snippet:-1, max-image-preview:large, max-video-preview:-1\" \/>\n<link rel=\"canonical\" href=\"https:\/\/revolutionpadelstore.com\/pt-pt\/produto\/cajon-siux-neo-balls-speed-x24-5\/\" \/>\n<meta property=\"og:locale\" content=\"pt_PT\" \/>\n<meta property=\"og:type\" content=\"article\" \/>\n<meta property=\"og:title\" content=\"CAJON SIUX NEO BALLS SPEED x24 - Revolution Padel Store\" \/>\n<meta property=\"og:description\" content=\"Compra las pelotas de p\u00e1del Siux Neo Balls Speed x24, ideales para climas fr\u00edos y h\u00famedos. Alta durabilidad, rebote preciso y m\u00e1xima potencia en cada golpe. \u00a1Disponibles online al mejor precio en Revolution Padel Store!\" \/>\n<meta property=\"og:url\" content=\"https:\/\/revolutionpadelstore.com\/pt-pt\/produto\/cajon-siux-neo-balls-speed-x24-5\/\" \/>\n<meta property=\"og:site_name\" content=\"Revolution Padel Store\" \/>\n<meta property=\"article:modified_time\" content=\"2026-04-08T03:25:13+00:00\" \/>\n<meta property=\"og:image\" content=\"https:\/\/revolutionpadelstore.com\/wp-content\/uploads\/2025\/04\/siux_cajon_neo_s_1200x1200_4971.webp\" \/>\n\t<meta property=\"og:image:width\" content=\"1200\" \/>\n\t<meta property=\"og:image:height\" content=\"1200\" \/>\n\t<meta property=\"og:image:type\" content=\"image\/webp\" \/>\n<meta name=\"twitter:card\" content=\"summary_large_image\" \/>\n<meta name=\"twitter:label1\" content=\"Tempo estimado de leitura\" \/>\n\t<meta name=\"twitter:data1\" content=\"2 minutos\" \/>\n<script type=\"application\/ld+json\" class=\"yoast-schema-graph\">{\"@context\":\"https:\\\/\\\/schema.org\",\"@graph\":[{\"@type\":\"WebPage\",\"@id\":\"https:\\\/\\\/revolutionpadelstore.com\\\/pt-pt\\\/produto\\\/cajon-siux-neo-balls-speed-x24-5\\\/\",\"url\":\"https:\\\/\\\/revolutionpadelstore.com\\\/pt-pt\\\/produto\\\/cajon-siux-neo-balls-speed-x24-5\\\/\",\"name\":\"CAJON SIUX NEO BALLS SPEED x24 - Revolution Padel Store\",\"isPartOf\":{\"@id\":\"https:\\\/\\\/revolutionpadelstore.com\\\/pt-pt\\\/#website\"},\"primaryImageOfPage\":{\"@id\":\"https:\\\/\\\/revolutionpadelstore.com\\\/pt-pt\\\/produto\\\/cajon-siux-neo-balls-speed-x24-5\\\/#primaryimage\"},\"image\":{\"@id\":\"https:\\\/\\\/revolutionpadelstore.com\\\/pt-pt\\\/produto\\\/cajon-siux-neo-balls-speed-x24-5\\\/#primaryimage\"},\"thumbnailUrl\":\"https:\\\/\\\/revolutionpadelstore.com\\\/wp-content\\\/uploads\\\/2025\\\/04\\\/siux_cajon_neo_s_1200x1200_4971.webp\",\"datePublished\":\"2025-04-01T21:28:07+00:00\",\"dateModified\":\"2026-04-08T03:25:13+00:00\",\"description\":\"Compra las pelotas de p\u00e1del Siux Neo Balls Speed x24, ideales para climas fr\u00edos y h\u00famedos. Alta durabilidad, rebote preciso y m\u00e1xima potencia en cada golpe. \u00a1Disponibles online al mejor precio en Revolution Padel Store!\",\"breadcrumb\":{\"@id\":\"https:\\\/\\\/revolutionpadelstore.com\\\/pt-pt\\\/produto\\\/cajon-siux-neo-balls-speed-x24-5\\\/#breadcrumb\"},\"inLanguage\":\"pt-PT\",\"potentialAction\":[{\"@type\":\"ReadAction\",\"target\":[\"https:\\\/\\\/revolutionpadelstore.com\\\/pt-pt\\\/produto\\\/cajon-siux-neo-balls-speed-x24-5\\\/\"]}]},{\"@type\":\"ImageObject\",\"inLanguage\":\"pt-PT\",\"@id\":\"https:\\\/\\\/revolutionpadelstore.com\\\/pt-pt\\\/produto\\\/cajon-siux-neo-balls-speed-x24-5\\\/#primaryimage\",\"url\":\"https:\\\/\\\/revolutionpadelstore.com\\\/wp-content\\\/uploads\\\/2025\\\/04\\\/siux_cajon_neo_s_1200x1200_4971.webp\",\"contentUrl\":\"https:\\\/\\\/revolutionpadelstore.com\\\/wp-content\\\/uploads\\\/2025\\\/04\\\/siux_cajon_neo_s_1200x1200_4971.webp\",\"width\":1200,\"height\":1200},{\"@type\":\"BreadcrumbList\",\"@id\":\"https:\\\/\\\/revolutionpadelstore.com\\\/pt-pt\\\/produto\\\/cajon-siux-neo-balls-speed-x24-5\\\/#breadcrumb\",\"itemListElement\":[{\"@type\":\"ListItem\",\"position\":1,\"name\":\"Portada\",\"item\":\"https:\\\/\\\/revolutionpadelstore.com\\\/pt-pt\\\/\"},{\"@type\":\"ListItem\",\"position\":2,\"name\":\"Tienda\",\"item\":\"https:\\\/\\\/revolutionpadelstore.com\\\/pt-pt\\\/tienda\\\/\"},{\"@type\":\"ListItem\",\"position\":3,\"name\":\"CAJON SIUX NEO BALLS SPEED x24\"}]},{\"@type\":\"WebSite\",\"@id\":\"https:\\\/\\\/revolutionpadelstore.com\\\/pt-pt\\\/#website\",\"url\":\"https:\\\/\\\/revolutionpadelstore.com\\\/pt-pt\\\/\",\"name\":\"Revolution Padel Store\",\"description\":\"\",\"publisher\":{\"@id\":\"https:\\\/\\\/revolutionpadelstore.com\\\/pt-pt\\\/#organization\"},\"potentialAction\":[{\"@type\":\"SearchAction\",\"target\":{\"@type\":\"EntryPoint\",\"urlTemplate\":\"https:\\\/\\\/revolutionpadelstore.com\\\/pt-pt\\\/?s={search_term_string}\"},\"query-input\":{\"@type\":\"PropertyValueSpecification\",\"valueRequired\":true,\"valueName\":\"search_term_string\"}}],\"inLanguage\":\"pt-PT\"},{\"@type\":\"Organization\",\"@id\":\"https:\\\/\\\/revolutionpadelstore.com\\\/pt-pt\\\/#organization\",\"name\":\"Revolution Padel Store\",\"url\":\"https:\\\/\\\/revolutionpadelstore.com\\\/pt-pt\\\/\",\"logo\":{\"@type\":\"ImageObject\",\"inLanguage\":\"pt-PT\",\"@id\":\"https:\\\/\\\/revolutionpadelstore.com\\\/pt-pt\\\/#\\\/schema\\\/logo\\\/image\\\/\",\"url\":\"https:\\\/\\\/revolutionpadelstore.com\\\/wp-content\\\/uploads\\\/2026\\\/02\\\/revolution-padel-store.jpg\",\"contentUrl\":\"https:\\\/\\\/revolutionpadelstore.com\\\/wp-content\\\/uploads\\\/2026\\\/02\\\/revolution-padel-store.jpg\",\"width\":2000,\"height\":2000,\"caption\":\"Revolution Padel Store\"},\"image\":{\"@id\":\"https:\\\/\\\/revolutionpadelstore.com\\\/pt-pt\\\/#\\\/schema\\\/logo\\\/image\\\/\"},\"sameAs\":[\"https:\\\/\\\/www.instagram.com\\\/revolutionpadelstore\\\/\"]}]}<\/script>\n<!-- \/ Yoast SEO plugin. -->","yoast_head_json":{"title":"CAJON SIUX NEO BALLS SPEED x24 - Revolution Padel Store","description":"Compra las pelotas de p\u00e1del Siux Neo Balls Speed x24, ideales para climas fr\u00edos y h\u00famedos. Alta durabilidad, rebote preciso y m\u00e1xima potencia en cada golpe. \u00a1Disponibles online al mejor precio en Revolution Padel Store!","robots":{"index":"index","follow":"follow","max-snippet":"max-snippet:-1","max-image-preview":"max-image-preview:large","max-video-preview":"max-video-preview:-1"},"canonical":"https:\/\/revolutionpadelstore.com\/pt-pt\/produto\/cajon-siux-neo-balls-speed-x24-5\/","og_locale":"pt_PT","og_type":"article","og_title":"CAJON SIUX NEO BALLS SPEED x24 - Revolution Padel Store","og_description":"Compra las pelotas de p\u00e1del Siux Neo Balls Speed x24, ideales para climas fr\u00edos y h\u00famedos. Alta durabilidad, rebote preciso y m\u00e1xima potencia en cada golpe. \u00a1Disponibles online al mejor precio en Revolution Padel Store!","og_url":"https:\/\/revolutionpadelstore.com\/pt-pt\/produto\/cajon-siux-neo-balls-speed-x24-5\/","og_site_name":"Revolution Padel Store","article_modified_time":"2026-04-08T03:25:13+00:00","og_image":[{"width":1200,"height":1200,"url":"https:\/\/revolutionpadelstore.com\/wp-content\/uploads\/2025\/04\/siux_cajon_neo_s_1200x1200_4971.webp","type":"image\/webp"}],"twitter_card":"summary_large_image","twitter_misc":{"Tempo estimado de leitura":"2 minutos"},"schema":{"@context":"https:\/\/schema.org","@graph":[{"@type":"WebPage","@id":"https:\/\/revolutionpadelstore.com\/pt-pt\/produto\/cajon-siux-neo-balls-speed-x24-5\/","url":"https:\/\/revolutionpadelstore.com\/pt-pt\/produto\/cajon-siux-neo-balls-speed-x24-5\/","name":"CAJON SIUX NEO BALLS SPEED x24 - Revolution Padel Store","isPartOf":{"@id":"https:\/\/revolutionpadelstore.com\/pt-pt\/#website"},"primaryImageOfPage":{"@id":"https:\/\/revolutionpadelstore.com\/pt-pt\/produto\/cajon-siux-neo-balls-speed-x24-5\/#primaryimage"},"image":{"@id":"https:\/\/revolutionpadelstore.com\/pt-pt\/produto\/cajon-siux-neo-balls-speed-x24-5\/#primaryimage"},"thumbnailUrl":"https:\/\/revolutionpadelstore.com\/wp-content\/uploads\/2025\/04\/siux_cajon_neo_s_1200x1200_4971.webp","datePublished":"2025-04-01T21:28:07+00:00","dateModified":"2026-04-08T03:25:13+00:00","description":"Compra las pelotas de p\u00e1del Siux Neo Balls Speed x24, ideales para climas fr\u00edos y h\u00famedos. Alta durabilidad, rebote preciso y m\u00e1xima potencia en cada golpe. \u00a1Disponibles online al mejor precio en Revolution Padel Store!","breadcrumb":{"@id":"https:\/\/revolutionpadelstore.com\/pt-pt\/produto\/cajon-siux-neo-balls-speed-x24-5\/#breadcrumb"},"inLanguage":"pt-PT","potentialAction":[{"@type":"ReadAction","target":["https:\/\/revolutionpadelstore.com\/pt-pt\/produto\/cajon-siux-neo-balls-speed-x24-5\/"]}]},{"@type":"ImageObject","inLanguage":"pt-PT","@id":"https:\/\/revolutionpadelstore.com\/pt-pt\/produto\/cajon-siux-neo-balls-speed-x24-5\/#primaryimage","url":"https:\/\/revolutionpadelstore.com\/wp-content\/uploads\/2025\/04\/siux_cajon_neo_s_1200x1200_4971.webp","contentUrl":"https:\/\/revolutionpadelstore.com\/wp-content\/uploads\/2025\/04\/siux_cajon_neo_s_1200x1200_4971.webp","width":1200,"height":1200},{"@type":"BreadcrumbList","@id":"https:\/\/revolutionpadelstore.com\/pt-pt\/produto\/cajon-siux-neo-balls-speed-x24-5\/#breadcrumb","itemListElement":[{"@type":"ListItem","position":1,"name":"Portada","item":"https:\/\/revolutionpadelstore.com\/pt-pt\/"},{"@type":"ListItem","position":2,"name":"Tienda","item":"https:\/\/revolutionpadelstore.com\/pt-pt\/tienda\/"},{"@type":"ListItem","position":3,"name":"CAJON SIUX NEO BALLS SPEED x24"}]},{"@type":"WebSite","@id":"https:\/\/revolutionpadelstore.com\/pt-pt\/#website","url":"https:\/\/revolutionpadelstore.com\/pt-pt\/","name":"Revolution Padel Store","description":"","publisher":{"@id":"https:\/\/revolutionpadelstore.com\/pt-pt\/#organization"},"potentialAction":[{"@type":"SearchAction","target":{"@type":"EntryPoint","urlTemplate":"https:\/\/revolutionpadelstore.com\/pt-pt\/?s={search_term_string}"},"query-input":{"@type":"PropertyValueSpecification","valueRequired":true,"valueName":"search_term_string"}}],"inLanguage":"pt-PT"},{"@type":"Organization","@id":"https:\/\/revolutionpadelstore.com\/pt-pt\/#organization","name":"Revolution Padel Store","url":"https:\/\/revolutionpadelstore.com\/pt-pt\/","logo":{"@type":"ImageObject","inLanguage":"pt-PT","@id":"https:\/\/revolutionpadelstore.com\/pt-pt\/#\/schema\/logo\/image\/","url":"https:\/\/revolutionpadelstore.com\/wp-content\/uploads\/2026\/02\/revolution-padel-store.jpg","contentUrl":"https:\/\/revolutionpadelstore.com\/wp-content\/uploads\/2026\/02\/revolution-padel-store.jpg","width":2000,"height":2000,"caption":"Revolution Padel Store"},"image":{"@id":"https:\/\/revolutionpadelstore.com\/pt-pt\/#\/schema\/logo\/image\/"},"sameAs":["https:\/\/www.instagram.com\/revolutionpadelstore\/"]}]}},"_links":{"self":[{"href":"https:\/\/revolutionpadelstore.com\/pt-pt\/wp-json\/wp\/v2\/product\/219975","targetHints":{"allow":["GET"]}}],"collection":[{"href":"https:\/\/revolutionpadelstore.com\/pt-pt\/wp-json\/wp\/v2\/product"}],"about":[{"href":"https:\/\/revolutionpadelstore.com\/pt-pt\/wp-json\/wp\/v2\/types\/product"}],"replies":[{"embeddable":true,"href":"https:\/\/revolutionpadelstore.com\/pt-pt\/wp-json\/wp\/v2\/comments?post=219975"}],"wp:featuredmedia":[{"embeddable":true,"href":"https:\/\/revolutionpadelstore.com\/pt-pt\/wp-json\/wp\/v2\/media\/216923"}],"wp:attachment":[{"href":"https:\/\/revolutionpadelstore.com\/pt-pt\/wp-json\/wp\/v2\/media?parent=219975"}],"wp:term":[{"taxonomy":"acabado","embeddable":true,"href":"https:\/\/revolutionpadelstore.com\/pt-pt\/wp-json\/wp\/v2\/acabado?post=219975"},{"taxonomy":"balance","embeddable":true,"href":"https:\/\/revolutionpadelstore.com\/pt-pt\/wp-json\/wp\/v2\/balance?post=219975"},{"taxonomy":"dureza","embeddable":true,"href":"https:\/\/revolutionpadelstore.com\/pt-pt\/wp-json\/wp\/v2\/dureza?post=219975"},{"taxonomy":"forma","embeddable":true,"href":"https:\/\/revolutionpadelstore.com\/pt-pt\/wp-json\/wp\/v2\/forma?post=219975"},{"taxonomy":"jugador","embeddable":true,"href":"https:\/\/revolutionpadelstore.com\/pt-pt\/wp-json\/wp\/v2\/jugador?post=219975"},{"taxonomy":"marca","embeddable":true,"href":"https:\/\/revolutionpadelstore.com\/pt-pt\/wp-json\/wp\/v2\/marca?post=219975"},{"taxonomy":"nivel-de-juego","embeddable":true,"href":"https:\/\/revolutionpadelstore.com\/pt-pt\/wp-json\/wp\/v2\/nivel-de-juego?post=219975"},{"taxonomy":"superficie","embeddable":true,"href":"https:\/\/revolutionpadelstore.com\/pt-pt\/wp-json\/wp\/v2\/superficie?post=219975"},{"taxonomy":"tipo-de-juego","embeddable":true,"href":"https:\/\/revolutionpadelstore.com\/pt-pt\/wp-json\/wp\/v2\/tipo-de-juego?post=219975"},{"taxonomy":"product_brand","embeddable":true,"href":"https:\/\/revolutionpadelstore.com\/pt-pt\/wp-json\/wp\/v2\/product_brand?post=219975"},{"taxonomy":"product_cat","embeddable":true,"href":"https:\/\/revolutionpadelstore.com\/pt-pt\/wp-json\/wp\/v2\/product_cat?post=219975"},{"taxonomy":"product_tag","embeddable":true,"href":"https:\/\/revolutionpadelstore.com\/pt-pt\/wp-json\/wp\/v2\/product_tag?post=219975"}],"curies":[{"name":"wp","href":"https:\/\/api.w.org\/{rel}","templated":true}]}}