{"id":21814,"date":"2024-06-25T13:56:36","date_gmt":"2024-06-25T11:56:36","guid":{"rendered":"https:\/\/revolutionpadelstore.com\/siux-electra-st3-stupa-pro\/"},"modified":"2026-04-10T02:05:40","modified_gmt":"2026-04-10T00:05:40","slug":"siux-electra-st3-stupa-pro-5","status":"publish","type":"product","link":"https:\/\/revolutionpadelstore.com\/pt-pt\/produto\/siux-electra-st3-stupa-pro-5\/","title":{"rendered":"SIUX ELECTRA ST3 STUPA PRO"},"content":{"rendered":"<h2>Siux Electra ST3 Stupa Pro, bom manuseio<\/h2>\n<p>A Siux Electra ST3 Stupa Pro \u00e9 uma raquete h\u00edbrida de toque m\u00e9dio que faz parte da Pro Series da Siux. Foi projetada para jogadores de padel avan\u00e7ados ou profissionais e \u00e9 a raquete oficial do jogador <strong>Franco Stupaczuk.<\/strong><\/p>\n<p>Apresenta um formato h\u00edbrido com equil\u00edbrio m\u00e9dio, tornando-se uma raquete muito equilibrada que confere pot\u00eancia nos golpes de ataque e controle nas jogadas defensivas. Ele fornece uma combina\u00e7\u00e3o perfeita de pot\u00eancia e controle.<\/p>\n<p>Por outro lado, pesa entre <strong>355 e 375 gramas<\/strong>, o que significa que voc\u00ea pode manej\u00e1-lo com muita facilidade devido \u00e0 sua leveza e pode se movimentar pela pista sem qualquer tipo de limita\u00e7\u00e3o.<\/p>\n<h2>Versatilidade e boa adaptabilidade<\/h2>\n<p>As faces desta raquete de padel Siux masculina s\u00e3o confeccionadas em 15K 20*40 Textreme Carbon, um tecido de carbono de alta qualidade com padr\u00e3o de 20 fios por 40 fios, que proporciona rigidez, resist\u00eancia e um excelente equil\u00edbrio entre controle e pot\u00eancia. Al\u00e9m disso, as flats possuem acabamento brilhante e arenoso, o que faz a bola girar com mais velocidade e giro.<\/p>\n<p>A estrutura tubular \u00e9 feita de<strong>carbono 3K e aramida<\/strong>, o que confere \u00e0 raquete resist\u00eancia superior ao desgaste, controle e durabilidade. Al\u00e9m disso, as vibra\u00e7\u00f5es s\u00e3o reduzidas enquanto o conforto aumenta. A <strong>borracha EVA dura<\/strong> foi incorporada ao n\u00facleo interno, o que oferece boa sa\u00edda de bola e rebote.<\/p>\n<h3>Estilo \u00fanico<\/h3>\n<p>Se focarmos no seu design, podemos destacar a combina\u00e7\u00e3o da simplicidade do corpo da l\u00e2mina com os detalhes met\u00e1licos e o amarelo met\u00e1lico da ponte, que consegue um contraste harmonioso e \u00fanico.<\/p>\n<p>Em rela\u00e7\u00e3o \u00e0s suas tecnologias, incorpora o <em>Dual Pro Grip<\/em>, que proporciona uma ader\u00eancia mais confort\u00e1vel e natural por ser feito de borracha FOAM. Voc\u00ea ser\u00e1 capaz de segurar o remo com mais firmeza e seguran\u00e7a.<\/p>\n<p>Da mesma forma, para reduzir a possibilidade de sofrer les\u00f5es nos cotovelos e pulsos, inclui Dampeners, sistema que reduz as vibra\u00e7\u00f5es ap\u00f3s um impacto.<\/p>\n<h2>Siux Electra ST3 Stupa Pro, buena manejabilidad<\/h2>\n","protected":false},"excerpt":{"rendered":"<p>Siux Electra ST3 Stupa Pro, bom manuseio A Siux Electra ST3 Stupa Pro \u00e9 uma raquete h\u00edbrida de toque m\u00e9dio que faz parte da Pro Series da Siux. Foi projetada para jogadores de padel avan\u00e7ados ou profissionais e \u00e9 a raquete oficial do jogador Franco Stupaczuk. Apresenta um formato h\u00edbrido com equil\u00edbrio m\u00e9dio, tornando-se uma [&hellip;]<\/p>\n","protected":false},"featured_media":266428,"comment_status":"open","ping_status":"closed","template":"","meta":{"_acf_changed":false,"_joinchat":[]},"acabado":[1095,1080],"balance":[1140],"dureza":[1155],"forma":[1175],"jugador":[1190,1200],"marca":[1305],"nivel-de-juego":[1335],"superficie":[1360],"tipo-de-juego":[1390,1385],"product_brand":[],"product_cat":[300],"product_tag":[],"class_list":{"0":"post-21814","1":"product","2":"type-product","3":"status-publish","4":"has-post-thumbnail","6":"acabado-arenoso-pt-pt","7":"acabado-brilho","8":"balance-medio-pt-pt","9":"dureza-media-pt-pt","10":"forma-hibrido","11":"jugador-homem","12":"jugador-polivalente-pt-pt","13":"marca-siux-pt-pt","14":"superficie-rugosa-pt-pt","15":"tipo-de-juego-avanzado-competicion-pt-pt","16":"tipo-de-juego-polivalente-pt-pt","17":"product_cat-palas","19":"first","20":"instock","21":"sale","22":"taxable","23":"shipping-taxable","24":"purchasable","25":"product-type-simple"},"acf":[],"yoast_head":"<!-- This site is optimized with the Yoast SEO plugin v27.4 - https:\/\/yoast.com\/product\/yoast-seo-wordpress\/ -->\n<title>SIUX ELECTRA ST3 STUPA PRO - Revolution Padel Store<\/title>\n<meta name=\"description\" content=\"Siux Electra ST3 Stupa Pro, pala h\u00edbrida con balance medio para jugadores avanzados. N\u00facleo de EVA Hard, marco de Carbono 3K y Aramida y caras de Carbono 15K 20*40 Textreme.\" \/>\n<meta name=\"robots\" content=\"index, follow, max-snippet:-1, max-image-preview:large, max-video-preview:-1\" \/>\n<link rel=\"canonical\" href=\"https:\/\/revolutionpadelstore.com\/pt-pt\/produto\/siux-electra-st3-stupa-pro-5\/\" \/>\n<meta property=\"og:locale\" content=\"pt_PT\" \/>\n<meta property=\"og:type\" content=\"article\" \/>\n<meta property=\"og:title\" content=\"COMPRAR SIUX ELECTRA ST3 STUPA PRO\" \/>\n<meta property=\"og:description\" content=\"Siux Electra ST3 Stupa Pro, pala h\u00edbrida con balance medio para jugadores avanzados. N\u00facleo de EVA Hard, marco de Carbono 3K y Aramida y caras de Carbono 15K 20*40 Textreme.\" \/>\n<meta property=\"og:url\" content=\"https:\/\/revolutionpadelstore.com\/pt-pt\/produto\/siux-electra-st3-stupa-pro-5\/\" \/>\n<meta property=\"og:site_name\" content=\"Revolution Padel Store\" \/>\n<meta property=\"article:modified_time\" content=\"2026-04-10T00:05:40+00:00\" \/>\n<meta property=\"og:image\" content=\"https:\/\/revolutionpadelstore.com\/wp-content\/uploads\/2024\/06\/109477-siux-electra-stupa-pro-st3-1500x1500-vista1.webp\" \/>\n\t<meta property=\"og:image:width\" content=\"1500\" \/>\n\t<meta property=\"og:image:height\" content=\"1500\" \/>\n\t<meta property=\"og:image:type\" content=\"image\/webp\" \/>\n<meta name=\"twitter:card\" content=\"summary_large_image\" \/>\n<meta name=\"twitter:label1\" content=\"Tempo estimado de leitura\" \/>\n\t<meta name=\"twitter:data1\" content=\"2 minutos\" \/>\n<script type=\"application\/ld+json\" class=\"yoast-schema-graph\">{\"@context\":\"https:\\\/\\\/schema.org\",\"@graph\":[{\"@type\":\"WebPage\",\"@id\":\"https:\\\/\\\/revolutionpadelstore.com\\\/pt-pt\\\/produto\\\/siux-electra-st3-stupa-pro-5\\\/\",\"url\":\"https:\\\/\\\/revolutionpadelstore.com\\\/pt-pt\\\/produto\\\/siux-electra-st3-stupa-pro-5\\\/\",\"name\":\"SIUX ELECTRA ST3 STUPA PRO - Revolution Padel Store\",\"isPartOf\":{\"@id\":\"https:\\\/\\\/revolutionpadelstore.com\\\/pt-pt\\\/#website\"},\"primaryImageOfPage\":{\"@id\":\"https:\\\/\\\/revolutionpadelstore.com\\\/pt-pt\\\/produto\\\/siux-electra-st3-stupa-pro-5\\\/#primaryimage\"},\"image\":{\"@id\":\"https:\\\/\\\/revolutionpadelstore.com\\\/pt-pt\\\/produto\\\/siux-electra-st3-stupa-pro-5\\\/#primaryimage\"},\"thumbnailUrl\":\"https:\\\/\\\/revolutionpadelstore.com\\\/wp-content\\\/uploads\\\/2024\\\/06\\\/109477-siux-electra-stupa-pro-st3-1500x1500-vista1.webp\",\"datePublished\":\"2024-06-25T11:56:36+00:00\",\"dateModified\":\"2026-04-10T00:05:40+00:00\",\"description\":\"Siux Electra ST3 Stupa Pro, pala h\u00edbrida con balance medio para jugadores avanzados. N\u00facleo de EVA Hard, marco de Carbono 3K y Aramida y caras de Carbono 15K 20*40 Textreme.\",\"breadcrumb\":{\"@id\":\"https:\\\/\\\/revolutionpadelstore.com\\\/pt-pt\\\/produto\\\/siux-electra-st3-stupa-pro-5\\\/#breadcrumb\"},\"inLanguage\":\"pt-PT\",\"potentialAction\":[{\"@type\":\"ReadAction\",\"target\":[\"https:\\\/\\\/revolutionpadelstore.com\\\/pt-pt\\\/produto\\\/siux-electra-st3-stupa-pro-5\\\/\"]}]},{\"@type\":\"ImageObject\",\"inLanguage\":\"pt-PT\",\"@id\":\"https:\\\/\\\/revolutionpadelstore.com\\\/pt-pt\\\/produto\\\/siux-electra-st3-stupa-pro-5\\\/#primaryimage\",\"url\":\"https:\\\/\\\/revolutionpadelstore.com\\\/wp-content\\\/uploads\\\/2024\\\/06\\\/109477-siux-electra-stupa-pro-st3-1500x1500-vista1.webp\",\"contentUrl\":\"https:\\\/\\\/revolutionpadelstore.com\\\/wp-content\\\/uploads\\\/2024\\\/06\\\/109477-siux-electra-stupa-pro-st3-1500x1500-vista1.webp\",\"width\":1500,\"height\":1500},{\"@type\":\"BreadcrumbList\",\"@id\":\"https:\\\/\\\/revolutionpadelstore.com\\\/pt-pt\\\/produto\\\/siux-electra-st3-stupa-pro-5\\\/#breadcrumb\",\"itemListElement\":[{\"@type\":\"ListItem\",\"position\":1,\"name\":\"Portada\",\"item\":\"https:\\\/\\\/revolutionpadelstore.com\\\/pt-pt\\\/\"},{\"@type\":\"ListItem\",\"position\":2,\"name\":\"Tienda\",\"item\":\"https:\\\/\\\/revolutionpadelstore.com\\\/pt-pt\\\/tienda\\\/\"},{\"@type\":\"ListItem\",\"position\":3,\"name\":\"SIUX ELECTRA ST3 STUPA PRO\"}]},{\"@type\":\"WebSite\",\"@id\":\"https:\\\/\\\/revolutionpadelstore.com\\\/pt-pt\\\/#website\",\"url\":\"https:\\\/\\\/revolutionpadelstore.com\\\/pt-pt\\\/\",\"name\":\"Revolution Padel Store\",\"description\":\"\",\"publisher\":{\"@id\":\"https:\\\/\\\/revolutionpadelstore.com\\\/pt-pt\\\/#organization\"},\"potentialAction\":[{\"@type\":\"SearchAction\",\"target\":{\"@type\":\"EntryPoint\",\"urlTemplate\":\"https:\\\/\\\/revolutionpadelstore.com\\\/pt-pt\\\/?s={search_term_string}\"},\"query-input\":{\"@type\":\"PropertyValueSpecification\",\"valueRequired\":true,\"valueName\":\"search_term_string\"}}],\"inLanguage\":\"pt-PT\"},{\"@type\":\"Organization\",\"@id\":\"https:\\\/\\\/revolutionpadelstore.com\\\/pt-pt\\\/#organization\",\"name\":\"Revolution Padel Store\",\"url\":\"https:\\\/\\\/revolutionpadelstore.com\\\/pt-pt\\\/\",\"logo\":{\"@type\":\"ImageObject\",\"inLanguage\":\"pt-PT\",\"@id\":\"https:\\\/\\\/revolutionpadelstore.com\\\/pt-pt\\\/#\\\/schema\\\/logo\\\/image\\\/\",\"url\":\"https:\\\/\\\/revolutionpadelstore.com\\\/wp-content\\\/uploads\\\/2026\\\/02\\\/revolution-padel-store.jpg\",\"contentUrl\":\"https:\\\/\\\/revolutionpadelstore.com\\\/wp-content\\\/uploads\\\/2026\\\/02\\\/revolution-padel-store.jpg\",\"width\":2000,\"height\":2000,\"caption\":\"Revolution Padel Store\"},\"image\":{\"@id\":\"https:\\\/\\\/revolutionpadelstore.com\\\/pt-pt\\\/#\\\/schema\\\/logo\\\/image\\\/\"},\"sameAs\":[\"https:\\\/\\\/www.instagram.com\\\/revolutionpadelstore\\\/\"]}]}<\/script>\n<!-- \/ Yoast SEO plugin. -->","yoast_head_json":{"title":"SIUX ELECTRA ST3 STUPA PRO - Revolution Padel Store","description":"Siux Electra ST3 Stupa Pro, pala h\u00edbrida con balance medio para jugadores avanzados. N\u00facleo de EVA Hard, marco de Carbono 3K y Aramida y caras de Carbono 15K 20*40 Textreme.","robots":{"index":"index","follow":"follow","max-snippet":"max-snippet:-1","max-image-preview":"max-image-preview:large","max-video-preview":"max-video-preview:-1"},"canonical":"https:\/\/revolutionpadelstore.com\/pt-pt\/produto\/siux-electra-st3-stupa-pro-5\/","og_locale":"pt_PT","og_type":"article","og_title":"COMPRAR SIUX ELECTRA ST3 STUPA PRO","og_description":"Siux Electra ST3 Stupa Pro, pala h\u00edbrida con balance medio para jugadores avanzados. N\u00facleo de EVA Hard, marco de Carbono 3K y Aramida y caras de Carbono 15K 20*40 Textreme.","og_url":"https:\/\/revolutionpadelstore.com\/pt-pt\/produto\/siux-electra-st3-stupa-pro-5\/","og_site_name":"Revolution Padel Store","article_modified_time":"2026-04-10T00:05:40+00:00","og_image":[{"width":1500,"height":1500,"url":"https:\/\/revolutionpadelstore.com\/wp-content\/uploads\/2024\/06\/109477-siux-electra-stupa-pro-st3-1500x1500-vista1.webp","type":"image\/webp"}],"twitter_card":"summary_large_image","twitter_misc":{"Tempo estimado de leitura":"2 minutos"},"schema":{"@context":"https:\/\/schema.org","@graph":[{"@type":"WebPage","@id":"https:\/\/revolutionpadelstore.com\/pt-pt\/produto\/siux-electra-st3-stupa-pro-5\/","url":"https:\/\/revolutionpadelstore.com\/pt-pt\/produto\/siux-electra-st3-stupa-pro-5\/","name":"SIUX ELECTRA ST3 STUPA PRO - Revolution Padel Store","isPartOf":{"@id":"https:\/\/revolutionpadelstore.com\/pt-pt\/#website"},"primaryImageOfPage":{"@id":"https:\/\/revolutionpadelstore.com\/pt-pt\/produto\/siux-electra-st3-stupa-pro-5\/#primaryimage"},"image":{"@id":"https:\/\/revolutionpadelstore.com\/pt-pt\/produto\/siux-electra-st3-stupa-pro-5\/#primaryimage"},"thumbnailUrl":"https:\/\/revolutionpadelstore.com\/wp-content\/uploads\/2024\/06\/109477-siux-electra-stupa-pro-st3-1500x1500-vista1.webp","datePublished":"2024-06-25T11:56:36+00:00","dateModified":"2026-04-10T00:05:40+00:00","description":"Siux Electra ST3 Stupa Pro, pala h\u00edbrida con balance medio para jugadores avanzados. N\u00facleo de EVA Hard, marco de Carbono 3K y Aramida y caras de Carbono 15K 20*40 Textreme.","breadcrumb":{"@id":"https:\/\/revolutionpadelstore.com\/pt-pt\/produto\/siux-electra-st3-stupa-pro-5\/#breadcrumb"},"inLanguage":"pt-PT","potentialAction":[{"@type":"ReadAction","target":["https:\/\/revolutionpadelstore.com\/pt-pt\/produto\/siux-electra-st3-stupa-pro-5\/"]}]},{"@type":"ImageObject","inLanguage":"pt-PT","@id":"https:\/\/revolutionpadelstore.com\/pt-pt\/produto\/siux-electra-st3-stupa-pro-5\/#primaryimage","url":"https:\/\/revolutionpadelstore.com\/wp-content\/uploads\/2024\/06\/109477-siux-electra-stupa-pro-st3-1500x1500-vista1.webp","contentUrl":"https:\/\/revolutionpadelstore.com\/wp-content\/uploads\/2024\/06\/109477-siux-electra-stupa-pro-st3-1500x1500-vista1.webp","width":1500,"height":1500},{"@type":"BreadcrumbList","@id":"https:\/\/revolutionpadelstore.com\/pt-pt\/produto\/siux-electra-st3-stupa-pro-5\/#breadcrumb","itemListElement":[{"@type":"ListItem","position":1,"name":"Portada","item":"https:\/\/revolutionpadelstore.com\/pt-pt\/"},{"@type":"ListItem","position":2,"name":"Tienda","item":"https:\/\/revolutionpadelstore.com\/pt-pt\/tienda\/"},{"@type":"ListItem","position":3,"name":"SIUX ELECTRA ST3 STUPA PRO"}]},{"@type":"WebSite","@id":"https:\/\/revolutionpadelstore.com\/pt-pt\/#website","url":"https:\/\/revolutionpadelstore.com\/pt-pt\/","name":"Revolution Padel Store","description":"","publisher":{"@id":"https:\/\/revolutionpadelstore.com\/pt-pt\/#organization"},"potentialAction":[{"@type":"SearchAction","target":{"@type":"EntryPoint","urlTemplate":"https:\/\/revolutionpadelstore.com\/pt-pt\/?s={search_term_string}"},"query-input":{"@type":"PropertyValueSpecification","valueRequired":true,"valueName":"search_term_string"}}],"inLanguage":"pt-PT"},{"@type":"Organization","@id":"https:\/\/revolutionpadelstore.com\/pt-pt\/#organization","name":"Revolution Padel Store","url":"https:\/\/revolutionpadelstore.com\/pt-pt\/","logo":{"@type":"ImageObject","inLanguage":"pt-PT","@id":"https:\/\/revolutionpadelstore.com\/pt-pt\/#\/schema\/logo\/image\/","url":"https:\/\/revolutionpadelstore.com\/wp-content\/uploads\/2026\/02\/revolution-padel-store.jpg","contentUrl":"https:\/\/revolutionpadelstore.com\/wp-content\/uploads\/2026\/02\/revolution-padel-store.jpg","width":2000,"height":2000,"caption":"Revolution Padel Store"},"image":{"@id":"https:\/\/revolutionpadelstore.com\/pt-pt\/#\/schema\/logo\/image\/"},"sameAs":["https:\/\/www.instagram.com\/revolutionpadelstore\/"]}]}},"_links":{"self":[{"href":"https:\/\/revolutionpadelstore.com\/pt-pt\/wp-json\/wp\/v2\/product\/21814","targetHints":{"allow":["GET"]}}],"collection":[{"href":"https:\/\/revolutionpadelstore.com\/pt-pt\/wp-json\/wp\/v2\/product"}],"about":[{"href":"https:\/\/revolutionpadelstore.com\/pt-pt\/wp-json\/wp\/v2\/types\/product"}],"replies":[{"embeddable":true,"href":"https:\/\/revolutionpadelstore.com\/pt-pt\/wp-json\/wp\/v2\/comments?post=21814"}],"wp:featuredmedia":[{"embeddable":true,"href":"https:\/\/revolutionpadelstore.com\/pt-pt\/wp-json\/wp\/v2\/media\/266428"}],"wp:attachment":[{"href":"https:\/\/revolutionpadelstore.com\/pt-pt\/wp-json\/wp\/v2\/media?parent=21814"}],"wp:term":[{"taxonomy":"acabado","embeddable":true,"href":"https:\/\/revolutionpadelstore.com\/pt-pt\/wp-json\/wp\/v2\/acabado?post=21814"},{"taxonomy":"balance","embeddable":true,"href":"https:\/\/revolutionpadelstore.com\/pt-pt\/wp-json\/wp\/v2\/balance?post=21814"},{"taxonomy":"dureza","embeddable":true,"href":"https:\/\/revolutionpadelstore.com\/pt-pt\/wp-json\/wp\/v2\/dureza?post=21814"},{"taxonomy":"forma","embeddable":true,"href":"https:\/\/revolutionpadelstore.com\/pt-pt\/wp-json\/wp\/v2\/forma?post=21814"},{"taxonomy":"jugador","embeddable":true,"href":"https:\/\/revolutionpadelstore.com\/pt-pt\/wp-json\/wp\/v2\/jugador?post=21814"},{"taxonomy":"marca","embeddable":true,"href":"https:\/\/revolutionpadelstore.com\/pt-pt\/wp-json\/wp\/v2\/marca?post=21814"},{"taxonomy":"nivel-de-juego","embeddable":true,"href":"https:\/\/revolutionpadelstore.com\/pt-pt\/wp-json\/wp\/v2\/nivel-de-juego?post=21814"},{"taxonomy":"superficie","embeddable":true,"href":"https:\/\/revolutionpadelstore.com\/pt-pt\/wp-json\/wp\/v2\/superficie?post=21814"},{"taxonomy":"tipo-de-juego","embeddable":true,"href":"https:\/\/revolutionpadelstore.com\/pt-pt\/wp-json\/wp\/v2\/tipo-de-juego?post=21814"},{"taxonomy":"product_brand","embeddable":true,"href":"https:\/\/revolutionpadelstore.com\/pt-pt\/wp-json\/wp\/v2\/product_brand?post=21814"},{"taxonomy":"product_cat","embeddable":true,"href":"https:\/\/revolutionpadelstore.com\/pt-pt\/wp-json\/wp\/v2\/product_cat?post=21814"},{"taxonomy":"product_tag","embeddable":true,"href":"https:\/\/revolutionpadelstore.com\/pt-pt\/wp-json\/wp\/v2\/product_tag?post=21814"}],"curies":[{"name":"wp","href":"https:\/\/api.w.org\/{rel}","templated":true}]}}