{"id":217698,"date":"2025-04-11T20:42:20","date_gmt":"2025-04-11T18:42:20","guid":{"rendered":"https:\/\/revolutionpadelstore.com\/nox-ml10-pro-cup-silver-2025\/"},"modified":"2026-04-01T02:17:03","modified_gmt":"2026-04-01T00:17:03","slug":"nox-ml10-pro-cup-silver-2025-5","status":"publish","type":"product","link":"https:\/\/revolutionpadelstore.com\/pt-pt\/produto\/nox-ml10-pro-cup-silver-2025-5\/","title":{"rendered":"NOX ML10 PRO CUP SILVER 2025"},"content":{"rendered":"<p><H2> NOX ML10 PRO COP CUPLA 2025-LIGEREZ<br \/>\nDescobri o novo <strong> NOx ML10 Pro Cup Silver 2025 <\/strong>, uma evolu\u00e7\u00e3o do cl\u00e1ssico mais amado por jogadores de todos os n\u00edveis. Projetado ao lado do carism\u00e1tico <strong> Miguel Lamperti <\/strong>, esta p\u00e1 de rodada oferece um equil\u00edbrio perfeito entre controle, poder e manobrabilidade <\/strong>, com uma constru\u00e7\u00e3o mais leve e mais \u00e1gil do que seu antecessor. Ideal para aqueles que buscam precis\u00e3o sem abrir m\u00e3o de sensa\u00e7\u00f5es s\u00f3lidas em cada golpe.<br \/>\n<H2> Por que escolher o NOX ML10 Pro Cup Silver 2025?<br \/>\n&lt;p style = &quot;preenchimento-esquerda: 40px;&quot;<br \/>\n<P> <strong> -Intermediate Tact<br \/>\n&lt;P style = &quot;preenchimento-esquerda: 40px;&quot;<br \/>\n&lt;P style = &quot;preenchimento-esquerda: 40px;&quot;<br \/>\n&lt;P style = &quot;preenchimento-esquerda: 40px;&quot;<\/p>\n<p><H2> Caracter\u00edsticas t\u00e9cnicas <\/h2>\n<p><P> <strong> -forma <\/strong>: redondo <\/p>\n<p><P> <strong> -grosor <\/strong>: 38 mm <\/p>\n<p><P> <strong> -Nucole <\/strong>: HR3 <\/p>\n<p><P> <strong> -marco <\/strong>: carbono <\/p>\n<p> <strong> -cara <\/strong>: prata de vidro de fibra <\/p>\n<p><P> <strong> -Control <\/strong>: 95\/100 <\/p>\n<p>&lt;p style = &quot;preenchimento-esquerda: 40px;&quot;<\/p>\n<p><H2> Tecnologias excelentes <\/h2>\n<p>&lt;p style = &quot;preenchimento-esquerda: 40px;&quot;<\/p>\n<p> <strong> -hr3 n\u00facleo <\/strong>: borracha de alta densidade com excelente mem\u00f3ria para maximizar a energia.<\/p>\n<p> <strong> -carbono quadro <\/strong>: estrutura de carbono para uma p\u00e1 e uma p\u00e1.<br \/>\n&lt;p style = &quot;preenchimento-esquerda: 40px;&quot;<\/p>\n<p><H2> Uma p\u00e1 para todos os tipos de jogadores <\/h2>\n<p>Esteja voc\u00ea dando seus primeiros passos e se procura competir em alto n\u00edvel, o <strong> ML10 Pro Cup Silver 2025 <\/strong> \u00e9 uma p\u00e1 que n\u00e3o falhar\u00e1 em voc\u00ea. Seu equil\u00edbrio, gerenciamento e poder o tornam uma das melhores p\u00e1s de paddle <\/strong> dispon\u00edvel hoje, ideal para quem valoriza o desempenho sem deixar o conforto.<br \/>\n<H2> Sinta o Lamperti legado em cada ponto!<br \/>\nN\u00e3o fique sem experimentar um dos l\u00e2minas mais ic\u00f4nicas do mercado. Dispon\u00edvel agora em nossa loja on -line <a href=\"https:\/\/www.revolutionpadelstore.com\/\"> www.revolutionpadelstore.com <\/a>, provavelmente <strong> no melhor pre\u00e7o de mercado <\/strong>.<\/p>\n<h2>Nox ML10 Pro Cup Silver 2025-Ligereza, control y el legado de un icono: la pala m\u00e1s vers\u00e1til de Nox<\/h2>\n","protected":false},"excerpt":{"rendered":"<p>Descobri o novo <strong> NOx ML10 Pro Cup Silver 2025 <\/strong>, uma evolu\u00e7\u00e3o do cl\u00e1ssico mais amado por jogadores de todos os n\u00edveis. Projetado ao lado do carism\u00e1tico <strong> Miguel Lamperti <\/strong>, esta p\u00e1 de rodada oferece um equil\u00edbrio perfeito entre controle, poder e manobrabilidade <\/strong>, com uma constru\u00e7\u00e3o mais leve e mais \u00e1gil do que seu antecessor.<strong>Nox ML10 Pro Cup Silver 2025<\/strong><\/p>\n","protected":false},"featured_media":217657,"comment_status":"open","ping_status":"closed","template":"","meta":{"_acf_changed":false,"_joinchat":[]},"acabado":[1080],"balance":[1145],"dureza":[1155],"forma":[1180],"jugador":[1195],"marca":[1260],"nivel-de-juego":[1340],"superficie":[1355],"tipo-de-juego":[1370,1385],"product_brand":[],"product_cat":[300],"product_tag":[],"class_list":{"0":"post-217698","1":"product","2":"type-product","3":"status-publish","4":"has-post-thumbnail","6":"acabado-brilho","7":"balance-baixo","8":"dureza-media-pt-pt","9":"forma-rodada","10":"jugador-mulher","11":"marca-nox-pt-pt","12":"superficie-lisa-pt-pt","13":"tipo-de-juego-controle","14":"tipo-de-juego-polivalente-pt-pt","15":"product_cat-palas","17":"first","18":"instock","19":"sale","20":"taxable","21":"shipping-taxable","22":"purchasable","23":"product-type-simple"},"acf":[],"yoast_head":"<!-- This site is optimized with the Yoast SEO plugin v27.3 - https:\/\/yoast.com\/product\/yoast-seo-wordpress\/ -->\n<title>NOX ML10 PRO CUP SILVER 2025 - Revolution Padel Store<\/title>\n<meta name=\"description\" content=\"Descubr\u00ed la Nox ML10 Pro Cup Silver 2025: pala redonda, ligera y potente, con n\u00facleo HR3, marco de carbono y tecnolog\u00eda Smartstrap. Ideal para todo tipo de jugadores. \u00a1Ya en Revolution Padel Store al mejor precio!\" \/>\n<meta name=\"robots\" content=\"index, follow, max-snippet:-1, max-image-preview:large, max-video-preview:-1\" \/>\n<link rel=\"canonical\" href=\"https:\/\/revolutionpadelstore.com\/pt-pt\/produto\/nox-ml10-pro-cup-silver-2025-5\/\" \/>\n<meta property=\"og:locale\" content=\"pt_PT\" \/>\n<meta property=\"og:type\" content=\"article\" \/>\n<meta property=\"og:title\" content=\"NOX ML10 PRO CUP SILVER 2025 - Revolution Padel Store\" \/>\n<meta property=\"og:description\" content=\"Descubr\u00ed la Nox ML10 Pro Cup Silver 2025: pala redonda, ligera y potente, con n\u00facleo HR3, marco de carbono y tecnolog\u00eda Smartstrap. Ideal para todo tipo de jugadores. \u00a1Ya en Revolution Padel Store al mejor precio!\" \/>\n<meta property=\"og:url\" content=\"https:\/\/revolutionpadelstore.com\/pt-pt\/produto\/nox-ml10-pro-cup-silver-2025-5\/\" \/>\n<meta property=\"og:site_name\" content=\"Revolution Padel Store\" \/>\n<meta property=\"article:modified_time\" content=\"2026-04-01T00:17:03+00:00\" \/>\n<meta property=\"og:image\" content=\"https:\/\/revolutionpadelstore.com\/wp-content\/uploads\/2025\/04\/222.png\" \/>\n\t<meta property=\"og:image:width\" content=\"1500\" \/>\n\t<meta property=\"og:image:height\" content=\"1500\" \/>\n\t<meta property=\"og:image:type\" content=\"image\/png\" \/>\n<meta name=\"twitter:card\" content=\"summary_large_image\" \/>\n<meta name=\"twitter:label1\" content=\"Tempo estimado de leitura\" \/>\n\t<meta name=\"twitter:data1\" content=\"2 minutos\" \/>\n<script type=\"application\/ld+json\" class=\"yoast-schema-graph\">{\"@context\":\"https:\\\/\\\/schema.org\",\"@graph\":[{\"@type\":\"WebPage\",\"@id\":\"https:\\\/\\\/revolutionpadelstore.com\\\/pt-pt\\\/produto\\\/nox-ml10-pro-cup-silver-2025-5\\\/\",\"url\":\"https:\\\/\\\/revolutionpadelstore.com\\\/pt-pt\\\/produto\\\/nox-ml10-pro-cup-silver-2025-5\\\/\",\"name\":\"NOX ML10 PRO CUP SILVER 2025 - Revolution Padel Store\",\"isPartOf\":{\"@id\":\"https:\\\/\\\/revolutionpadelstore.com\\\/pt-pt\\\/#website\"},\"primaryImageOfPage\":{\"@id\":\"https:\\\/\\\/revolutionpadelstore.com\\\/pt-pt\\\/produto\\\/nox-ml10-pro-cup-silver-2025-5\\\/#primaryimage\"},\"image\":{\"@id\":\"https:\\\/\\\/revolutionpadelstore.com\\\/pt-pt\\\/produto\\\/nox-ml10-pro-cup-silver-2025-5\\\/#primaryimage\"},\"thumbnailUrl\":\"https:\\\/\\\/revolutionpadelstore.com\\\/wp-content\\\/uploads\\\/2025\\\/04\\\/222.png\",\"datePublished\":\"2025-04-11T18:42:20+00:00\",\"dateModified\":\"2026-04-01T00:17:03+00:00\",\"description\":\"Descubr\u00ed la Nox ML10 Pro Cup Silver 2025: pala redonda, ligera y potente, con n\u00facleo HR3, marco de carbono y tecnolog\u00eda Smartstrap. Ideal para todo tipo de jugadores. \u00a1Ya en Revolution Padel Store al mejor precio!\",\"breadcrumb\":{\"@id\":\"https:\\\/\\\/revolutionpadelstore.com\\\/pt-pt\\\/produto\\\/nox-ml10-pro-cup-silver-2025-5\\\/#breadcrumb\"},\"inLanguage\":\"pt-PT\",\"potentialAction\":[{\"@type\":\"ReadAction\",\"target\":[\"https:\\\/\\\/revolutionpadelstore.com\\\/pt-pt\\\/produto\\\/nox-ml10-pro-cup-silver-2025-5\\\/\"]}]},{\"@type\":\"ImageObject\",\"inLanguage\":\"pt-PT\",\"@id\":\"https:\\\/\\\/revolutionpadelstore.com\\\/pt-pt\\\/produto\\\/nox-ml10-pro-cup-silver-2025-5\\\/#primaryimage\",\"url\":\"https:\\\/\\\/revolutionpadelstore.com\\\/wp-content\\\/uploads\\\/2025\\\/04\\\/222.png\",\"contentUrl\":\"https:\\\/\\\/revolutionpadelstore.com\\\/wp-content\\\/uploads\\\/2025\\\/04\\\/222.png\",\"width\":1500,\"height\":1500},{\"@type\":\"BreadcrumbList\",\"@id\":\"https:\\\/\\\/revolutionpadelstore.com\\\/pt-pt\\\/produto\\\/nox-ml10-pro-cup-silver-2025-5\\\/#breadcrumb\",\"itemListElement\":[{\"@type\":\"ListItem\",\"position\":1,\"name\":\"Portada\",\"item\":\"https:\\\/\\\/revolutionpadelstore.com\\\/pt-pt\\\/\"},{\"@type\":\"ListItem\",\"position\":2,\"name\":\"Tienda\",\"item\":\"https:\\\/\\\/revolutionpadelstore.com\\\/pt-pt\\\/tienda\\\/\"},{\"@type\":\"ListItem\",\"position\":3,\"name\":\"NOX ML10 PRO CUP SILVER 2025\"}]},{\"@type\":\"WebSite\",\"@id\":\"https:\\\/\\\/revolutionpadelstore.com\\\/pt-pt\\\/#website\",\"url\":\"https:\\\/\\\/revolutionpadelstore.com\\\/pt-pt\\\/\",\"name\":\"Revolution Padel Store\",\"description\":\"\",\"publisher\":{\"@id\":\"https:\\\/\\\/revolutionpadelstore.com\\\/pt-pt\\\/#organization\"},\"potentialAction\":[{\"@type\":\"SearchAction\",\"target\":{\"@type\":\"EntryPoint\",\"urlTemplate\":\"https:\\\/\\\/revolutionpadelstore.com\\\/pt-pt\\\/?s={search_term_string}\"},\"query-input\":{\"@type\":\"PropertyValueSpecification\",\"valueRequired\":true,\"valueName\":\"search_term_string\"}}],\"inLanguage\":\"pt-PT\"},{\"@type\":\"Organization\",\"@id\":\"https:\\\/\\\/revolutionpadelstore.com\\\/pt-pt\\\/#organization\",\"name\":\"Revolution Padel Store\",\"url\":\"https:\\\/\\\/revolutionpadelstore.com\\\/pt-pt\\\/\",\"logo\":{\"@type\":\"ImageObject\",\"inLanguage\":\"pt-PT\",\"@id\":\"https:\\\/\\\/revolutionpadelstore.com\\\/pt-pt\\\/#\\\/schema\\\/logo\\\/image\\\/\",\"url\":\"https:\\\/\\\/revolutionpadelstore.com\\\/wp-content\\\/uploads\\\/2026\\\/02\\\/revolution-padel-store.jpg\",\"contentUrl\":\"https:\\\/\\\/revolutionpadelstore.com\\\/wp-content\\\/uploads\\\/2026\\\/02\\\/revolution-padel-store.jpg\",\"width\":2000,\"height\":2000,\"caption\":\"Revolution Padel Store\"},\"image\":{\"@id\":\"https:\\\/\\\/revolutionpadelstore.com\\\/pt-pt\\\/#\\\/schema\\\/logo\\\/image\\\/\"},\"sameAs\":[\"https:\\\/\\\/www.instagram.com\\\/revolutionpadelstore\\\/\"]}]}<\/script>\n<!-- \/ Yoast SEO plugin. -->","yoast_head_json":{"title":"NOX ML10 PRO CUP SILVER 2025 - Revolution Padel Store","description":"Descubr\u00ed la Nox ML10 Pro Cup Silver 2025: pala redonda, ligera y potente, con n\u00facleo HR3, marco de carbono y tecnolog\u00eda Smartstrap. Ideal para todo tipo de jugadores. \u00a1Ya en Revolution Padel Store al mejor precio!","robots":{"index":"index","follow":"follow","max-snippet":"max-snippet:-1","max-image-preview":"max-image-preview:large","max-video-preview":"max-video-preview:-1"},"canonical":"https:\/\/revolutionpadelstore.com\/pt-pt\/produto\/nox-ml10-pro-cup-silver-2025-5\/","og_locale":"pt_PT","og_type":"article","og_title":"NOX ML10 PRO CUP SILVER 2025 - Revolution Padel Store","og_description":"Descubr\u00ed la Nox ML10 Pro Cup Silver 2025: pala redonda, ligera y potente, con n\u00facleo HR3, marco de carbono y tecnolog\u00eda Smartstrap. Ideal para todo tipo de jugadores. \u00a1Ya en Revolution Padel Store al mejor precio!","og_url":"https:\/\/revolutionpadelstore.com\/pt-pt\/produto\/nox-ml10-pro-cup-silver-2025-5\/","og_site_name":"Revolution Padel Store","article_modified_time":"2026-04-01T00:17:03+00:00","og_image":[{"width":1500,"height":1500,"url":"https:\/\/revolutionpadelstore.com\/wp-content\/uploads\/2025\/04\/222.png","type":"image\/png"}],"twitter_card":"summary_large_image","twitter_misc":{"Tempo estimado de leitura":"2 minutos"},"schema":{"@context":"https:\/\/schema.org","@graph":[{"@type":"WebPage","@id":"https:\/\/revolutionpadelstore.com\/pt-pt\/produto\/nox-ml10-pro-cup-silver-2025-5\/","url":"https:\/\/revolutionpadelstore.com\/pt-pt\/produto\/nox-ml10-pro-cup-silver-2025-5\/","name":"NOX ML10 PRO CUP SILVER 2025 - Revolution Padel Store","isPartOf":{"@id":"https:\/\/revolutionpadelstore.com\/pt-pt\/#website"},"primaryImageOfPage":{"@id":"https:\/\/revolutionpadelstore.com\/pt-pt\/produto\/nox-ml10-pro-cup-silver-2025-5\/#primaryimage"},"image":{"@id":"https:\/\/revolutionpadelstore.com\/pt-pt\/produto\/nox-ml10-pro-cup-silver-2025-5\/#primaryimage"},"thumbnailUrl":"https:\/\/revolutionpadelstore.com\/wp-content\/uploads\/2025\/04\/222.png","datePublished":"2025-04-11T18:42:20+00:00","dateModified":"2026-04-01T00:17:03+00:00","description":"Descubr\u00ed la Nox ML10 Pro Cup Silver 2025: pala redonda, ligera y potente, con n\u00facleo HR3, marco de carbono y tecnolog\u00eda Smartstrap. Ideal para todo tipo de jugadores. \u00a1Ya en Revolution Padel Store al mejor precio!","breadcrumb":{"@id":"https:\/\/revolutionpadelstore.com\/pt-pt\/produto\/nox-ml10-pro-cup-silver-2025-5\/#breadcrumb"},"inLanguage":"pt-PT","potentialAction":[{"@type":"ReadAction","target":["https:\/\/revolutionpadelstore.com\/pt-pt\/produto\/nox-ml10-pro-cup-silver-2025-5\/"]}]},{"@type":"ImageObject","inLanguage":"pt-PT","@id":"https:\/\/revolutionpadelstore.com\/pt-pt\/produto\/nox-ml10-pro-cup-silver-2025-5\/#primaryimage","url":"https:\/\/revolutionpadelstore.com\/wp-content\/uploads\/2025\/04\/222.png","contentUrl":"https:\/\/revolutionpadelstore.com\/wp-content\/uploads\/2025\/04\/222.png","width":1500,"height":1500},{"@type":"BreadcrumbList","@id":"https:\/\/revolutionpadelstore.com\/pt-pt\/produto\/nox-ml10-pro-cup-silver-2025-5\/#breadcrumb","itemListElement":[{"@type":"ListItem","position":1,"name":"Portada","item":"https:\/\/revolutionpadelstore.com\/pt-pt\/"},{"@type":"ListItem","position":2,"name":"Tienda","item":"https:\/\/revolutionpadelstore.com\/pt-pt\/tienda\/"},{"@type":"ListItem","position":3,"name":"NOX ML10 PRO CUP SILVER 2025"}]},{"@type":"WebSite","@id":"https:\/\/revolutionpadelstore.com\/pt-pt\/#website","url":"https:\/\/revolutionpadelstore.com\/pt-pt\/","name":"Revolution Padel Store","description":"","publisher":{"@id":"https:\/\/revolutionpadelstore.com\/pt-pt\/#organization"},"potentialAction":[{"@type":"SearchAction","target":{"@type":"EntryPoint","urlTemplate":"https:\/\/revolutionpadelstore.com\/pt-pt\/?s={search_term_string}"},"query-input":{"@type":"PropertyValueSpecification","valueRequired":true,"valueName":"search_term_string"}}],"inLanguage":"pt-PT"},{"@type":"Organization","@id":"https:\/\/revolutionpadelstore.com\/pt-pt\/#organization","name":"Revolution Padel Store","url":"https:\/\/revolutionpadelstore.com\/pt-pt\/","logo":{"@type":"ImageObject","inLanguage":"pt-PT","@id":"https:\/\/revolutionpadelstore.com\/pt-pt\/#\/schema\/logo\/image\/","url":"https:\/\/revolutionpadelstore.com\/wp-content\/uploads\/2026\/02\/revolution-padel-store.jpg","contentUrl":"https:\/\/revolutionpadelstore.com\/wp-content\/uploads\/2026\/02\/revolution-padel-store.jpg","width":2000,"height":2000,"caption":"Revolution Padel Store"},"image":{"@id":"https:\/\/revolutionpadelstore.com\/pt-pt\/#\/schema\/logo\/image\/"},"sameAs":["https:\/\/www.instagram.com\/revolutionpadelstore\/"]}]}},"_links":{"self":[{"href":"https:\/\/revolutionpadelstore.com\/pt-pt\/wp-json\/wp\/v2\/product\/217698","targetHints":{"allow":["GET"]}}],"collection":[{"href":"https:\/\/revolutionpadelstore.com\/pt-pt\/wp-json\/wp\/v2\/product"}],"about":[{"href":"https:\/\/revolutionpadelstore.com\/pt-pt\/wp-json\/wp\/v2\/types\/product"}],"replies":[{"embeddable":true,"href":"https:\/\/revolutionpadelstore.com\/pt-pt\/wp-json\/wp\/v2\/comments?post=217698"}],"wp:featuredmedia":[{"embeddable":true,"href":"https:\/\/revolutionpadelstore.com\/pt-pt\/wp-json\/wp\/v2\/media\/217657"}],"wp:attachment":[{"href":"https:\/\/revolutionpadelstore.com\/pt-pt\/wp-json\/wp\/v2\/media?parent=217698"}],"wp:term":[{"taxonomy":"acabado","embeddable":true,"href":"https:\/\/revolutionpadelstore.com\/pt-pt\/wp-json\/wp\/v2\/acabado?post=217698"},{"taxonomy":"balance","embeddable":true,"href":"https:\/\/revolutionpadelstore.com\/pt-pt\/wp-json\/wp\/v2\/balance?post=217698"},{"taxonomy":"dureza","embeddable":true,"href":"https:\/\/revolutionpadelstore.com\/pt-pt\/wp-json\/wp\/v2\/dureza?post=217698"},{"taxonomy":"forma","embeddable":true,"href":"https:\/\/revolutionpadelstore.com\/pt-pt\/wp-json\/wp\/v2\/forma?post=217698"},{"taxonomy":"jugador","embeddable":true,"href":"https:\/\/revolutionpadelstore.com\/pt-pt\/wp-json\/wp\/v2\/jugador?post=217698"},{"taxonomy":"marca","embeddable":true,"href":"https:\/\/revolutionpadelstore.com\/pt-pt\/wp-json\/wp\/v2\/marca?post=217698"},{"taxonomy":"nivel-de-juego","embeddable":true,"href":"https:\/\/revolutionpadelstore.com\/pt-pt\/wp-json\/wp\/v2\/nivel-de-juego?post=217698"},{"taxonomy":"superficie","embeddable":true,"href":"https:\/\/revolutionpadelstore.com\/pt-pt\/wp-json\/wp\/v2\/superficie?post=217698"},{"taxonomy":"tipo-de-juego","embeddable":true,"href":"https:\/\/revolutionpadelstore.com\/pt-pt\/wp-json\/wp\/v2\/tipo-de-juego?post=217698"},{"taxonomy":"product_brand","embeddable":true,"href":"https:\/\/revolutionpadelstore.com\/pt-pt\/wp-json\/wp\/v2\/product_brand?post=217698"},{"taxonomy":"product_cat","embeddable":true,"href":"https:\/\/revolutionpadelstore.com\/pt-pt\/wp-json\/wp\/v2\/product_cat?post=217698"},{"taxonomy":"product_tag","embeddable":true,"href":"https:\/\/revolutionpadelstore.com\/pt-pt\/wp-json\/wp\/v2\/product_tag?post=217698"}],"curies":[{"name":"wp","href":"https:\/\/api.w.org\/{rel}","templated":true}]}}