{"id":217560,"date":"2025-04-11T20:10:25","date_gmt":"2025-04-11T18:10:25","guid":{"rendered":"https:\/\/revolutionpadelstore.com\/?post_type=product&#038;p=217560"},"modified":"2026-04-01T02:17:47","modified_gmt":"2026-04-01T00:17:47","slug":"nox-ml10-pro-cup-rough-surface-edition-by-miguel-lamperti-5","status":"publish","type":"product","link":"https:\/\/revolutionpadelstore.com\/pt-pt\/produto\/nox-ml10-pro-cup-rough-surface-edition-by-miguel-lamperti-5\/","title":{"rendered":"NOX ML10 PRO CUP ROUGH SURFACE EDITION BY MIGUEL LAMPERTI"},"content":{"rendered":"<p><H2> <strong> NOx ML10 Pro Cup Edi\u00e7\u00e3o de Superf\u00edcie Rougada 2025 &#8211; Precis\u00e3o, Efeitos e Power Total <\/strong> <\/h2>\n<p>O NOX ML10 Pro Cup Rough Surface Edition 2025 \u00e9 uma p\u00e1 de paddle redonda de alto desempenho que oferece um equil\u00edbrio perfeito entre controle e pot\u00eancia. Projetado com o m\u00edtico Miguel Lamperti, este modelo \u00e9 ideal para jogadores que desejam dominar cada ponto com precis\u00e3o, agressividade e efeito. Seu acabamento rugoso do tipo ArenAlla melhora a capacidade de imprimir efeitos nos golpes levantados e cortados, proporcionando vantagem t\u00e1tica em cada a\u00e7\u00e3o.<br \/>\n<H2> <strong> Tecnologias e materiais altos <\/strong> <\/h2>\n<p>-forma redonda com um amplo ponto doce: maior controle e conforto em cada golpe. <\/p>\n<p>-n\u00facleo do n\u00facleo: borracha de alta densidade que maximiza a sa\u00edda de energia e bola. <\/p>\n<p>-quadro de carbono: 100% de estrutura de carbono para durabilidade superior. <\/p>\n<p><P>-prata de vidro de fibra: melhora a rigidez do avi\u00e3o e oferece um toque mais firme e mais controlado. <\/p>\n<p>-acabamento \u00e1spero arenoso: ideal para melhorar os efeitos nos efeitos com efeito. <\/p>\n<p>-SmartAp: sistema de cabo de seguran\u00e7a intercambi\u00e1vel que melhora a higiene e a personaliza\u00e7\u00e3o. <\/p>\n<p><H2> <strong> Versatilidade total para todos os tipos de jogador <\/strong> <\/h2>\n<p>Com um peso entre 360 \u200b\u200be 375 gramas, a superf\u00edcie \u00e1spera do NOX ML10 Pro Cup \u00e9 uma p\u00e1 de manejo, resistente e muito confort\u00e1vel. Ele se adapta a diferentes estilos de jogo, desde o controle da parte inferior da pista at\u00e9 os poderosos ataques \u00e0 rede.<br \/>\n<H2> <strong> para jogadores de todos os n\u00edveis <\/strong> <\/h2>\n<p>Gra\u00e7as ao seu grande equil\u00edbrio entre poder, controle e efeitos, esta p\u00e1 \u00e9 perfeita para os jogadores intermedi\u00e1rios que buscam evoluir e para profissionais que precisam de desempenho constante e confi\u00e1vel em cada ponto.<br \/>\n&lt;Il<\/p>\n<p>-colabora\u00e7\u00e3o com Miguel lamperti <\/p>\n<p><P>-Excelente desempenho em defesa e ataque <\/p>\n<p>-conforto, precis\u00e3o e durabilidade <\/p>\n<p>-ideal para todos os tipos de jogador <\/p>\n<p>Obtenha o NOX ML10 Pro Cup Rough Surface Edition 2025 em nossa loja on -line <a href=\"http:\/\/www.revolutionpadelstore.com\/\"> www.revolutionPadelStore.com <\/a>, provavelmente no melhor pre\u00e7o de mercado. Leve o seu jogo para o pr\u00f3ximo n\u00edvel com uma das melhores p\u00e1s de NOx de 2025.<\/p>\n<h2><strong>Nox ML10 Pro Cup Rough Surface Edition 2025 \u2013 Precisi\u00f3n, efectos y potencia total<\/strong><\/p>\n","protected":false},"excerpt":{"rendered":"<p>O NOX ML10 Pro Cup Rough Surface 2025 \u00e9 uma p\u00e1 vers\u00e1til que se destaca por sua grande precis\u00e3o e pot\u00eancia. Gra\u00e7as ao seu acabamento dif\u00edcil, ele permite aplicar maiores efeitos \u00e0 bola, fornecendo um estilo de jogo equilibrado e exato, ideal para jogadores que procuram alto desempenho.<\/p>\n","protected":false},"featured_media":217566,"comment_status":"open","ping_status":"closed","template":"","meta":{"_acf_changed":false,"_joinchat":[]},"acabado":[1095],"balance":[1145],"dureza":[1150,1155],"forma":[1180],"jugador":[1190,1200],"marca":[1260],"nivel-de-juego":[1340,1350],"superficie":[1360],"tipo-de-juego":[1370,1385],"product_brand":[],"product_cat":[300],"product_tag":[],"class_list":{"0":"post-217560","1":"product","2":"type-product","3":"status-publish","4":"has-post-thumbnail","6":"acabado-arenoso-pt-pt","7":"balance-baixo","8":"dureza-blanda-pt-pt","9":"dureza-media-pt-pt","10":"forma-rodada","11":"jugador-homem","12":"jugador-polivalente-pt-pt","13":"marca-nox-pt-pt","14":"superficie-rugosa-pt-pt","15":"tipo-de-juego-controle","16":"tipo-de-juego-polivalente-pt-pt","17":"product_cat-palas","19":"first","20":"instock","21":"sale","22":"taxable","23":"shipping-taxable","24":"purchasable","25":"product-type-simple"},"acf":[],"yoast_head":"<!-- This site is optimized with the Yoast SEO plugin v27.3 - https:\/\/yoast.com\/product\/yoast-seo-wordpress\/ -->\n<title>NOX ML10 PRO CUP ROUGH SURFACE EDITION BY MIGUEL LAMPERTI - Revolution Padel Store<\/title>\n<meta name=\"description\" content=\"Compra la Nox ML10 Pro Cup Rough Surface 2025, pala de p\u00e1del profesional con n\u00facleo HR3, acabado rugoso y m\u00e1ximo control. Disponible en Revolution Padel Store al mejor precio.\" \/>\n<meta name=\"robots\" content=\"index, follow, max-snippet:-1, max-image-preview:large, max-video-preview:-1\" \/>\n<link rel=\"canonical\" href=\"https:\/\/revolutionpadelstore.com\/pt-pt\/produto\/nox-ml10-pro-cup-rough-surface-edition-by-miguel-lamperti-5\/\" \/>\n<meta property=\"og:locale\" content=\"pt_PT\" \/>\n<meta property=\"og:type\" content=\"article\" \/>\n<meta property=\"og:title\" content=\"NOX ML10 PRO CUP ROUGH SURFACE EDITION BY MIGUEL LAMPERTI - Revolution Padel Store\" \/>\n<meta property=\"og:description\" content=\"Compra la Nox ML10 Pro Cup Rough Surface 2025, pala de p\u00e1del profesional con n\u00facleo HR3, acabado rugoso y m\u00e1ximo control. Disponible en Revolution Padel Store al mejor precio.\" \/>\n<meta property=\"og:url\" content=\"https:\/\/revolutionpadelstore.com\/pt-pt\/produto\/nox-ml10-pro-cup-rough-surface-edition-by-miguel-lamperti-5\/\" \/>\n<meta property=\"og:site_name\" content=\"Revolution Padel Store\" \/>\n<meta property=\"article:modified_time\" content=\"2026-04-01T00:17:47+00:00\" \/>\n<meta property=\"og:image\" content=\"https:\/\/revolutionpadelstore.com\/wp-content\/uploads\/2025\/04\/117964-pala-nox-ml10-pro-cup-rough-surface-edition-by-pml10rough25-1500x1500-1.webp\" \/>\n\t<meta property=\"og:image:width\" content=\"1500\" \/>\n\t<meta property=\"og:image:height\" content=\"1500\" \/>\n\t<meta property=\"og:image:type\" content=\"image\/webp\" \/>\n<meta name=\"twitter:card\" content=\"summary_large_image\" \/>\n<meta name=\"twitter:label1\" content=\"Tempo estimado de leitura\" \/>\n\t<meta name=\"twitter:data1\" content=\"2 minutos\" \/>\n<script type=\"application\/ld+json\" class=\"yoast-schema-graph\">{\"@context\":\"https:\\\/\\\/schema.org\",\"@graph\":[{\"@type\":\"WebPage\",\"@id\":\"https:\\\/\\\/revolutionpadelstore.com\\\/pt-pt\\\/produto\\\/nox-ml10-pro-cup-rough-surface-edition-by-miguel-lamperti-5\\\/\",\"url\":\"https:\\\/\\\/revolutionpadelstore.com\\\/pt-pt\\\/produto\\\/nox-ml10-pro-cup-rough-surface-edition-by-miguel-lamperti-5\\\/\",\"name\":\"NOX ML10 PRO CUP ROUGH SURFACE EDITION BY MIGUEL LAMPERTI - Revolution Padel Store\",\"isPartOf\":{\"@id\":\"https:\\\/\\\/revolutionpadelstore.com\\\/pt-pt\\\/#website\"},\"primaryImageOfPage\":{\"@id\":\"https:\\\/\\\/revolutionpadelstore.com\\\/pt-pt\\\/produto\\\/nox-ml10-pro-cup-rough-surface-edition-by-miguel-lamperti-5\\\/#primaryimage\"},\"image\":{\"@id\":\"https:\\\/\\\/revolutionpadelstore.com\\\/pt-pt\\\/produto\\\/nox-ml10-pro-cup-rough-surface-edition-by-miguel-lamperti-5\\\/#primaryimage\"},\"thumbnailUrl\":\"https:\\\/\\\/revolutionpadelstore.com\\\/wp-content\\\/uploads\\\/2025\\\/04\\\/117964-pala-nox-ml10-pro-cup-rough-surface-edition-by-pml10rough25-1500x1500-1.webp\",\"datePublished\":\"2025-04-11T18:10:25+00:00\",\"dateModified\":\"2026-04-01T00:17:47+00:00\",\"description\":\"Compra la Nox ML10 Pro Cup Rough Surface 2025, pala de p\u00e1del profesional con n\u00facleo HR3, acabado rugoso y m\u00e1ximo control. Disponible en Revolution Padel Store al mejor precio.\",\"breadcrumb\":{\"@id\":\"https:\\\/\\\/revolutionpadelstore.com\\\/pt-pt\\\/produto\\\/nox-ml10-pro-cup-rough-surface-edition-by-miguel-lamperti-5\\\/#breadcrumb\"},\"inLanguage\":\"pt-PT\",\"potentialAction\":[{\"@type\":\"ReadAction\",\"target\":[\"https:\\\/\\\/revolutionpadelstore.com\\\/pt-pt\\\/produto\\\/nox-ml10-pro-cup-rough-surface-edition-by-miguel-lamperti-5\\\/\"]}]},{\"@type\":\"ImageObject\",\"inLanguage\":\"pt-PT\",\"@id\":\"https:\\\/\\\/revolutionpadelstore.com\\\/pt-pt\\\/produto\\\/nox-ml10-pro-cup-rough-surface-edition-by-miguel-lamperti-5\\\/#primaryimage\",\"url\":\"https:\\\/\\\/revolutionpadelstore.com\\\/wp-content\\\/uploads\\\/2025\\\/04\\\/117964-pala-nox-ml10-pro-cup-rough-surface-edition-by-pml10rough25-1500x1500-1.webp\",\"contentUrl\":\"https:\\\/\\\/revolutionpadelstore.com\\\/wp-content\\\/uploads\\\/2025\\\/04\\\/117964-pala-nox-ml10-pro-cup-rough-surface-edition-by-pml10rough25-1500x1500-1.webp\",\"width\":1500,\"height\":1500},{\"@type\":\"BreadcrumbList\",\"@id\":\"https:\\\/\\\/revolutionpadelstore.com\\\/pt-pt\\\/produto\\\/nox-ml10-pro-cup-rough-surface-edition-by-miguel-lamperti-5\\\/#breadcrumb\",\"itemListElement\":[{\"@type\":\"ListItem\",\"position\":1,\"name\":\"Portada\",\"item\":\"https:\\\/\\\/revolutionpadelstore.com\\\/pt-pt\\\/\"},{\"@type\":\"ListItem\",\"position\":2,\"name\":\"Tienda\",\"item\":\"https:\\\/\\\/revolutionpadelstore.com\\\/pt-pt\\\/tienda\\\/\"},{\"@type\":\"ListItem\",\"position\":3,\"name\":\"NOX ML10 PRO CUP ROUGH SURFACE EDITION BY MIGUEL LAMPERTI\"}]},{\"@type\":\"WebSite\",\"@id\":\"https:\\\/\\\/revolutionpadelstore.com\\\/pt-pt\\\/#website\",\"url\":\"https:\\\/\\\/revolutionpadelstore.com\\\/pt-pt\\\/\",\"name\":\"Revolution Padel Store\",\"description\":\"\",\"publisher\":{\"@id\":\"https:\\\/\\\/revolutionpadelstore.com\\\/pt-pt\\\/#organization\"},\"potentialAction\":[{\"@type\":\"SearchAction\",\"target\":{\"@type\":\"EntryPoint\",\"urlTemplate\":\"https:\\\/\\\/revolutionpadelstore.com\\\/pt-pt\\\/?s={search_term_string}\"},\"query-input\":{\"@type\":\"PropertyValueSpecification\",\"valueRequired\":true,\"valueName\":\"search_term_string\"}}],\"inLanguage\":\"pt-PT\"},{\"@type\":\"Organization\",\"@id\":\"https:\\\/\\\/revolutionpadelstore.com\\\/pt-pt\\\/#organization\",\"name\":\"Revolution Padel Store\",\"url\":\"https:\\\/\\\/revolutionpadelstore.com\\\/pt-pt\\\/\",\"logo\":{\"@type\":\"ImageObject\",\"inLanguage\":\"pt-PT\",\"@id\":\"https:\\\/\\\/revolutionpadelstore.com\\\/pt-pt\\\/#\\\/schema\\\/logo\\\/image\\\/\",\"url\":\"https:\\\/\\\/revolutionpadelstore.com\\\/wp-content\\\/uploads\\\/2026\\\/02\\\/revolution-padel-store.jpg\",\"contentUrl\":\"https:\\\/\\\/revolutionpadelstore.com\\\/wp-content\\\/uploads\\\/2026\\\/02\\\/revolution-padel-store.jpg\",\"width\":2000,\"height\":2000,\"caption\":\"Revolution Padel Store\"},\"image\":{\"@id\":\"https:\\\/\\\/revolutionpadelstore.com\\\/pt-pt\\\/#\\\/schema\\\/logo\\\/image\\\/\"},\"sameAs\":[\"https:\\\/\\\/www.instagram.com\\\/revolutionpadelstore\\\/\"]}]}<\/script>\n<!-- \/ Yoast SEO plugin. -->","yoast_head_json":{"title":"NOX ML10 PRO CUP ROUGH SURFACE EDITION BY MIGUEL LAMPERTI - Revolution Padel Store","description":"Compra la Nox ML10 Pro Cup Rough Surface 2025, pala de p\u00e1del profesional con n\u00facleo HR3, acabado rugoso y m\u00e1ximo control. Disponible en Revolution Padel Store al mejor precio.","robots":{"index":"index","follow":"follow","max-snippet":"max-snippet:-1","max-image-preview":"max-image-preview:large","max-video-preview":"max-video-preview:-1"},"canonical":"https:\/\/revolutionpadelstore.com\/pt-pt\/produto\/nox-ml10-pro-cup-rough-surface-edition-by-miguel-lamperti-5\/","og_locale":"pt_PT","og_type":"article","og_title":"NOX ML10 PRO CUP ROUGH SURFACE EDITION BY MIGUEL LAMPERTI - Revolution Padel Store","og_description":"Compra la Nox ML10 Pro Cup Rough Surface 2025, pala de p\u00e1del profesional con n\u00facleo HR3, acabado rugoso y m\u00e1ximo control. Disponible en Revolution Padel Store al mejor precio.","og_url":"https:\/\/revolutionpadelstore.com\/pt-pt\/produto\/nox-ml10-pro-cup-rough-surface-edition-by-miguel-lamperti-5\/","og_site_name":"Revolution Padel Store","article_modified_time":"2026-04-01T00:17:47+00:00","og_image":[{"width":1500,"height":1500,"url":"https:\/\/revolutionpadelstore.com\/wp-content\/uploads\/2025\/04\/117964-pala-nox-ml10-pro-cup-rough-surface-edition-by-pml10rough25-1500x1500-1.webp","type":"image\/webp"}],"twitter_card":"summary_large_image","twitter_misc":{"Tempo estimado de leitura":"2 minutos"},"schema":{"@context":"https:\/\/schema.org","@graph":[{"@type":"WebPage","@id":"https:\/\/revolutionpadelstore.com\/pt-pt\/produto\/nox-ml10-pro-cup-rough-surface-edition-by-miguel-lamperti-5\/","url":"https:\/\/revolutionpadelstore.com\/pt-pt\/produto\/nox-ml10-pro-cup-rough-surface-edition-by-miguel-lamperti-5\/","name":"NOX ML10 PRO CUP ROUGH SURFACE EDITION BY MIGUEL LAMPERTI - Revolution Padel Store","isPartOf":{"@id":"https:\/\/revolutionpadelstore.com\/pt-pt\/#website"},"primaryImageOfPage":{"@id":"https:\/\/revolutionpadelstore.com\/pt-pt\/produto\/nox-ml10-pro-cup-rough-surface-edition-by-miguel-lamperti-5\/#primaryimage"},"image":{"@id":"https:\/\/revolutionpadelstore.com\/pt-pt\/produto\/nox-ml10-pro-cup-rough-surface-edition-by-miguel-lamperti-5\/#primaryimage"},"thumbnailUrl":"https:\/\/revolutionpadelstore.com\/wp-content\/uploads\/2025\/04\/117964-pala-nox-ml10-pro-cup-rough-surface-edition-by-pml10rough25-1500x1500-1.webp","datePublished":"2025-04-11T18:10:25+00:00","dateModified":"2026-04-01T00:17:47+00:00","description":"Compra la Nox ML10 Pro Cup Rough Surface 2025, pala de p\u00e1del profesional con n\u00facleo HR3, acabado rugoso y m\u00e1ximo control. Disponible en Revolution Padel Store al mejor precio.","breadcrumb":{"@id":"https:\/\/revolutionpadelstore.com\/pt-pt\/produto\/nox-ml10-pro-cup-rough-surface-edition-by-miguel-lamperti-5\/#breadcrumb"},"inLanguage":"pt-PT","potentialAction":[{"@type":"ReadAction","target":["https:\/\/revolutionpadelstore.com\/pt-pt\/produto\/nox-ml10-pro-cup-rough-surface-edition-by-miguel-lamperti-5\/"]}]},{"@type":"ImageObject","inLanguage":"pt-PT","@id":"https:\/\/revolutionpadelstore.com\/pt-pt\/produto\/nox-ml10-pro-cup-rough-surface-edition-by-miguel-lamperti-5\/#primaryimage","url":"https:\/\/revolutionpadelstore.com\/wp-content\/uploads\/2025\/04\/117964-pala-nox-ml10-pro-cup-rough-surface-edition-by-pml10rough25-1500x1500-1.webp","contentUrl":"https:\/\/revolutionpadelstore.com\/wp-content\/uploads\/2025\/04\/117964-pala-nox-ml10-pro-cup-rough-surface-edition-by-pml10rough25-1500x1500-1.webp","width":1500,"height":1500},{"@type":"BreadcrumbList","@id":"https:\/\/revolutionpadelstore.com\/pt-pt\/produto\/nox-ml10-pro-cup-rough-surface-edition-by-miguel-lamperti-5\/#breadcrumb","itemListElement":[{"@type":"ListItem","position":1,"name":"Portada","item":"https:\/\/revolutionpadelstore.com\/pt-pt\/"},{"@type":"ListItem","position":2,"name":"Tienda","item":"https:\/\/revolutionpadelstore.com\/pt-pt\/tienda\/"},{"@type":"ListItem","position":3,"name":"NOX ML10 PRO CUP ROUGH SURFACE EDITION BY MIGUEL LAMPERTI"}]},{"@type":"WebSite","@id":"https:\/\/revolutionpadelstore.com\/pt-pt\/#website","url":"https:\/\/revolutionpadelstore.com\/pt-pt\/","name":"Revolution Padel Store","description":"","publisher":{"@id":"https:\/\/revolutionpadelstore.com\/pt-pt\/#organization"},"potentialAction":[{"@type":"SearchAction","target":{"@type":"EntryPoint","urlTemplate":"https:\/\/revolutionpadelstore.com\/pt-pt\/?s={search_term_string}"},"query-input":{"@type":"PropertyValueSpecification","valueRequired":true,"valueName":"search_term_string"}}],"inLanguage":"pt-PT"},{"@type":"Organization","@id":"https:\/\/revolutionpadelstore.com\/pt-pt\/#organization","name":"Revolution Padel Store","url":"https:\/\/revolutionpadelstore.com\/pt-pt\/","logo":{"@type":"ImageObject","inLanguage":"pt-PT","@id":"https:\/\/revolutionpadelstore.com\/pt-pt\/#\/schema\/logo\/image\/","url":"https:\/\/revolutionpadelstore.com\/wp-content\/uploads\/2026\/02\/revolution-padel-store.jpg","contentUrl":"https:\/\/revolutionpadelstore.com\/wp-content\/uploads\/2026\/02\/revolution-padel-store.jpg","width":2000,"height":2000,"caption":"Revolution Padel Store"},"image":{"@id":"https:\/\/revolutionpadelstore.com\/pt-pt\/#\/schema\/logo\/image\/"},"sameAs":["https:\/\/www.instagram.com\/revolutionpadelstore\/"]}]}},"_links":{"self":[{"href":"https:\/\/revolutionpadelstore.com\/pt-pt\/wp-json\/wp\/v2\/product\/217560","targetHints":{"allow":["GET"]}}],"collection":[{"href":"https:\/\/revolutionpadelstore.com\/pt-pt\/wp-json\/wp\/v2\/product"}],"about":[{"href":"https:\/\/revolutionpadelstore.com\/pt-pt\/wp-json\/wp\/v2\/types\/product"}],"replies":[{"embeddable":true,"href":"https:\/\/revolutionpadelstore.com\/pt-pt\/wp-json\/wp\/v2\/comments?post=217560"}],"wp:featuredmedia":[{"embeddable":true,"href":"https:\/\/revolutionpadelstore.com\/pt-pt\/wp-json\/wp\/v2\/media\/217566"}],"wp:attachment":[{"href":"https:\/\/revolutionpadelstore.com\/pt-pt\/wp-json\/wp\/v2\/media?parent=217560"}],"wp:term":[{"taxonomy":"acabado","embeddable":true,"href":"https:\/\/revolutionpadelstore.com\/pt-pt\/wp-json\/wp\/v2\/acabado?post=217560"},{"taxonomy":"balance","embeddable":true,"href":"https:\/\/revolutionpadelstore.com\/pt-pt\/wp-json\/wp\/v2\/balance?post=217560"},{"taxonomy":"dureza","embeddable":true,"href":"https:\/\/revolutionpadelstore.com\/pt-pt\/wp-json\/wp\/v2\/dureza?post=217560"},{"taxonomy":"forma","embeddable":true,"href":"https:\/\/revolutionpadelstore.com\/pt-pt\/wp-json\/wp\/v2\/forma?post=217560"},{"taxonomy":"jugador","embeddable":true,"href":"https:\/\/revolutionpadelstore.com\/pt-pt\/wp-json\/wp\/v2\/jugador?post=217560"},{"taxonomy":"marca","embeddable":true,"href":"https:\/\/revolutionpadelstore.com\/pt-pt\/wp-json\/wp\/v2\/marca?post=217560"},{"taxonomy":"nivel-de-juego","embeddable":true,"href":"https:\/\/revolutionpadelstore.com\/pt-pt\/wp-json\/wp\/v2\/nivel-de-juego?post=217560"},{"taxonomy":"superficie","embeddable":true,"href":"https:\/\/revolutionpadelstore.com\/pt-pt\/wp-json\/wp\/v2\/superficie?post=217560"},{"taxonomy":"tipo-de-juego","embeddable":true,"href":"https:\/\/revolutionpadelstore.com\/pt-pt\/wp-json\/wp\/v2\/tipo-de-juego?post=217560"},{"taxonomy":"product_brand","embeddable":true,"href":"https:\/\/revolutionpadelstore.com\/pt-pt\/wp-json\/wp\/v2\/product_brand?post=217560"},{"taxonomy":"product_cat","embeddable":true,"href":"https:\/\/revolutionpadelstore.com\/pt-pt\/wp-json\/wp\/v2\/product_cat?post=217560"},{"taxonomy":"product_tag","embeddable":true,"href":"https:\/\/revolutionpadelstore.com\/pt-pt\/wp-json\/wp\/v2\/product_tag?post=217560"}],"curies":[{"name":"wp","href":"https:\/\/api.w.org\/{rel}","templated":true}]}}