{"id":217505,"date":"2025-04-11T19:36:12","date_gmt":"2025-04-11T17:36:12","guid":{"rendered":"https:\/\/revolutionpadelstore.com\/nox-nextgen-pro-attack-3k\/"},"modified":"2026-04-01T02:18:30","modified_gmt":"2026-04-01T00:18:30","slug":"nox-nextgen-pro-attack-3k-2025-5","status":"publish","type":"product","link":"https:\/\/revolutionpadelstore.com\/pt-pt\/produto\/nox-nextgen-pro-attack-3k-2025-5\/","title":{"rendered":"NOX NEXTGEN PRO ATTACK 3K 2025"},"content":{"rendered":"<p><H2> <strong> NOx NextGen Pro Attack 3k 2025 &#8211; Poder sem limites para jogadores ofensivos <\/strong> <\/h2>\n<p>O Nox NextGen Pro Attack 3K 2025 \u00e9 uma p\u00e1 de paddle de alto desempenho, criada para jogadores agressivos que procuram dominar a rede com energia e precis\u00e3o. Gra\u00e7as \u00e0 sua forma de diamante e alto equil\u00edbrio, esta p\u00e1 gera uma enorme pot\u00eancia nos leil\u00f5es, perfeita para quem deseja fazer a diferen\u00e7a em cada ponto.<\/p>\n<p>Com um peso que varia entre 360 \u200b\u200be 375 gramas, ele oferece uma combina\u00e7\u00e3o ideal de poder, agilidade e manobrabilidade. Sua constru\u00e7\u00e3o com estrutura de carbono garante rigidez e durabilidade m\u00e1xima, enquanto o n\u00facleo EVA Black HR3 fornece uma excelente sa\u00edda de bola. Al\u00e9m disso, a superf\u00edcie \u00e1spera com acabamento arenoso permite maior efeito nos golpes, melhorando o controle em situa\u00e7\u00f5es exigentes.<\/p>\n<h2> <strong> caracter\u00edsticas principais <\/strong> <\/h2>\n<p>-forma: diamante <\/p>\n<p>-peso: 360-375 gramas <\/p>\n<p>-Equil\u00edbrio: alto <\/p>\n<p>-quadro: 100% carbono <\/p>\n<p>-n\u00facleo: HR3 Eva preto <\/p>\n<p>-superf\u00edcie: \u00e1spero com areia <\/p>\n<p><H2> <strong> tecnologias proeminentes <\/strong> <\/h2>\n<p>-fibra carbono 3k: energia adicional gra\u00e7as ao seu tecido de carbono de alta qualidade. <\/p>\n<p>-HR3 EVA cor: borracha de alta densidade com efeito de mem\u00f3ria para golpes mais explosivos. <\/p>\n<p>-Estrutura composta din\u00e2mica (DCS): melhora a resist\u00eancia estrutural da l\u00e2mina.<\/p>\n<p>-SmartAp: cord\u00e3o de seguran\u00e7a intercambi\u00e1vel, mais confort\u00e1vel e higi\u00eanico. <\/p>\n<p>-sistema anti-vibra\u00e7\u00e3o: reduz as vibra\u00e7\u00f5es para maior conforto no jogo. <\/p>\n<p><H2> <strong> projetado para jogo profissional <\/strong> <\/h2>\n<p>Utilizado por jovens talentos da academia futura de NOX, como Dylan Neck, Rama Valenzuela e Facu Dehnike, esta p\u00e1 \u00e9 a escolha daqueles que competem em circuitos como o principal Padel e procuram uma arma de confian\u00e7a para enfrentar o melhor do mundo.<br \/>\n<H2> <strong> Quem deve escolher esta p\u00e1? <\/strong> <\/h2>\n<p>\u00c9 ideal para jogadores avan\u00e7ados ou profissionais com um estilo ofensivo de jogo. Se o seu dominar na rede e definir pontos com leil\u00f5es bruscos, o NOX NextGen Pro Attack 3K 2025 \u00e9 o seu aliado perfeito.<br \/>\n<H2> <strong> Obtenha o seu pelo melhor pre\u00e7o <\/strong> <\/h2>\n<p>O NOX NextGen Pro Attack 3K 2025 est\u00e1 dispon\u00edvel em nossa loja on -line <a href=\"http:\/\/www.revolutionpadelstore.com\/\"> www.revolutionpadelstore.com <\/a>, provavelmente no melhor pre\u00e7o de mercado. N\u00e3o perca a oportunidade de brincar com uma p\u00e1, projetada para campe\u00f5es.<\/p>\n<h2><strong>Nox Nextgen Pro Attack 3K 2025 \u2013 Potencia sin l\u00edmites para jugadores ofensivos<\/strong><\/p>\n","protected":false},"excerpt":{"rendered":"<p>O NOX NextGen Pro Attack 3K \u00e9 uma p\u00e1, projetada para jogadores ofensivos que procuram alto desempenho, incorporando tecnologias inovadoras, como o Fiber Carbon 3K e um sistema anti -vibra\u00e7\u00e3o que melhora o poder e o conforto durante o jogo.<\/p>\n","protected":false},"featured_media":217464,"comment_status":"open","ping_status":"closed","template":"","meta":{"_acf_changed":false,"_joinchat":[]},"acabado":[1095],"balance":[1135],"dureza":[1155],"forma":[1170],"jugador":[1190,1200],"marca":[1260],"nivel-de-juego":[1335,1340],"superficie":[1360],"tipo-de-juego":[1375],"product_brand":[],"product_cat":[300],"product_tag":[],"class_list":{"0":"post-217505","1":"product","2":"type-product","3":"status-publish","4":"has-post-thumbnail","6":"acabado-arenoso-pt-pt","7":"balance-alto-pt-pt","8":"dureza-media-pt-pt","9":"forma-diamante-pt-pt","10":"jugador-homem","11":"jugador-polivalente-pt-pt","12":"marca-nox-pt-pt","13":"superficie-rugosa-pt-pt","14":"tipo-de-juego-poder","15":"product_cat-palas","17":"first","18":"instock","19":"sale","20":"taxable","21":"shipping-taxable","22":"purchasable","23":"product-type-simple"},"acf":[],"yoast_head":"<!-- This site is optimized with the Yoast SEO plugin v27.3 - https:\/\/yoast.com\/product\/yoast-seo-wordpress\/ -->\n<title>NOX NEXTGEN PRO ATTACK 3K 2025 - Revolution Padel Store<\/title>\n<meta name=\"description\" content=\"Compra la Nox Nextgen Pro Attack 3K 2025 en Revolution Padel Store. M\u00e1xima potencia, control y tecnolog\u00edas de vanguardia para jugadores ofensivos. \u00a1Cons\u00edguela online al mejor precio!\" \/>\n<meta name=\"robots\" content=\"index, follow, max-snippet:-1, max-image-preview:large, max-video-preview:-1\" \/>\n<link rel=\"canonical\" href=\"https:\/\/revolutionpadelstore.com\/pt-pt\/produto\/nox-nextgen-pro-attack-3k-2025-5\/\" \/>\n<meta property=\"og:locale\" content=\"pt_PT\" \/>\n<meta property=\"og:type\" content=\"article\" \/>\n<meta property=\"og:title\" content=\"NOX NEXTGEN PRO ATTACK 3K 2025 - Revolution Padel Store\" \/>\n<meta property=\"og:description\" content=\"Compra la Nox Nextgen Pro Attack 3K 2025 en Revolution Padel Store. M\u00e1xima potencia, control y tecnolog\u00edas de vanguardia para jugadores ofensivos. \u00a1Cons\u00edguela online al mejor precio!\" \/>\n<meta property=\"og:url\" content=\"https:\/\/revolutionpadelstore.com\/pt-pt\/produto\/nox-nextgen-pro-attack-3k-2025-5\/\" \/>\n<meta property=\"og:site_name\" content=\"Revolution Padel Store\" \/>\n<meta property=\"article:modified_time\" content=\"2026-04-01T00:18:30+00:00\" \/>\n<meta property=\"og:image\" content=\"https:\/\/revolutionpadelstore.com\/wp-content\/uploads\/2025\/04\/117966-pala-nox-nextgen-pro-attack-3k-nfa-series-pnfangatt-1500x1500-1.webp\" \/>\n\t<meta property=\"og:image:width\" content=\"1500\" \/>\n\t<meta property=\"og:image:height\" content=\"1500\" \/>\n\t<meta property=\"og:image:type\" content=\"image\/webp\" \/>\n<meta name=\"twitter:card\" content=\"summary_large_image\" \/>\n<meta name=\"twitter:label1\" content=\"Tempo estimado de leitura\" \/>\n\t<meta name=\"twitter:data1\" content=\"2 minutos\" \/>\n<script type=\"application\/ld+json\" class=\"yoast-schema-graph\">{\"@context\":\"https:\\\/\\\/schema.org\",\"@graph\":[{\"@type\":\"WebPage\",\"@id\":\"https:\\\/\\\/revolutionpadelstore.com\\\/pt-pt\\\/produto\\\/nox-nextgen-pro-attack-3k-2025-5\\\/\",\"url\":\"https:\\\/\\\/revolutionpadelstore.com\\\/pt-pt\\\/produto\\\/nox-nextgen-pro-attack-3k-2025-5\\\/\",\"name\":\"NOX NEXTGEN PRO ATTACK 3K 2025 - Revolution Padel Store\",\"isPartOf\":{\"@id\":\"https:\\\/\\\/revolutionpadelstore.com\\\/pt-pt\\\/#website\"},\"primaryImageOfPage\":{\"@id\":\"https:\\\/\\\/revolutionpadelstore.com\\\/pt-pt\\\/produto\\\/nox-nextgen-pro-attack-3k-2025-5\\\/#primaryimage\"},\"image\":{\"@id\":\"https:\\\/\\\/revolutionpadelstore.com\\\/pt-pt\\\/produto\\\/nox-nextgen-pro-attack-3k-2025-5\\\/#primaryimage\"},\"thumbnailUrl\":\"https:\\\/\\\/revolutionpadelstore.com\\\/wp-content\\\/uploads\\\/2025\\\/04\\\/117966-pala-nox-nextgen-pro-attack-3k-nfa-series-pnfangatt-1500x1500-1.webp\",\"datePublished\":\"2025-04-11T17:36:12+00:00\",\"dateModified\":\"2026-04-01T00:18:30+00:00\",\"description\":\"Compra la Nox Nextgen Pro Attack 3K 2025 en Revolution Padel Store. M\u00e1xima potencia, control y tecnolog\u00edas de vanguardia para jugadores ofensivos. \u00a1Cons\u00edguela online al mejor precio!\",\"breadcrumb\":{\"@id\":\"https:\\\/\\\/revolutionpadelstore.com\\\/pt-pt\\\/produto\\\/nox-nextgen-pro-attack-3k-2025-5\\\/#breadcrumb\"},\"inLanguage\":\"pt-PT\",\"potentialAction\":[{\"@type\":\"ReadAction\",\"target\":[\"https:\\\/\\\/revolutionpadelstore.com\\\/pt-pt\\\/produto\\\/nox-nextgen-pro-attack-3k-2025-5\\\/\"]}]},{\"@type\":\"ImageObject\",\"inLanguage\":\"pt-PT\",\"@id\":\"https:\\\/\\\/revolutionpadelstore.com\\\/pt-pt\\\/produto\\\/nox-nextgen-pro-attack-3k-2025-5\\\/#primaryimage\",\"url\":\"https:\\\/\\\/revolutionpadelstore.com\\\/wp-content\\\/uploads\\\/2025\\\/04\\\/117966-pala-nox-nextgen-pro-attack-3k-nfa-series-pnfangatt-1500x1500-1.webp\",\"contentUrl\":\"https:\\\/\\\/revolutionpadelstore.com\\\/wp-content\\\/uploads\\\/2025\\\/04\\\/117966-pala-nox-nextgen-pro-attack-3k-nfa-series-pnfangatt-1500x1500-1.webp\",\"width\":1500,\"height\":1500},{\"@type\":\"BreadcrumbList\",\"@id\":\"https:\\\/\\\/revolutionpadelstore.com\\\/pt-pt\\\/produto\\\/nox-nextgen-pro-attack-3k-2025-5\\\/#breadcrumb\",\"itemListElement\":[{\"@type\":\"ListItem\",\"position\":1,\"name\":\"Portada\",\"item\":\"https:\\\/\\\/revolutionpadelstore.com\\\/pt-pt\\\/\"},{\"@type\":\"ListItem\",\"position\":2,\"name\":\"Tienda\",\"item\":\"https:\\\/\\\/revolutionpadelstore.com\\\/pt-pt\\\/tienda\\\/\"},{\"@type\":\"ListItem\",\"position\":3,\"name\":\"NOX NEXTGEN PRO ATTACK 3K 2025\"}]},{\"@type\":\"WebSite\",\"@id\":\"https:\\\/\\\/revolutionpadelstore.com\\\/pt-pt\\\/#website\",\"url\":\"https:\\\/\\\/revolutionpadelstore.com\\\/pt-pt\\\/\",\"name\":\"Revolution Padel Store\",\"description\":\"\",\"publisher\":{\"@id\":\"https:\\\/\\\/revolutionpadelstore.com\\\/pt-pt\\\/#organization\"},\"potentialAction\":[{\"@type\":\"SearchAction\",\"target\":{\"@type\":\"EntryPoint\",\"urlTemplate\":\"https:\\\/\\\/revolutionpadelstore.com\\\/pt-pt\\\/?s={search_term_string}\"},\"query-input\":{\"@type\":\"PropertyValueSpecification\",\"valueRequired\":true,\"valueName\":\"search_term_string\"}}],\"inLanguage\":\"pt-PT\"},{\"@type\":\"Organization\",\"@id\":\"https:\\\/\\\/revolutionpadelstore.com\\\/pt-pt\\\/#organization\",\"name\":\"Revolution Padel Store\",\"url\":\"https:\\\/\\\/revolutionpadelstore.com\\\/pt-pt\\\/\",\"logo\":{\"@type\":\"ImageObject\",\"inLanguage\":\"pt-PT\",\"@id\":\"https:\\\/\\\/revolutionpadelstore.com\\\/pt-pt\\\/#\\\/schema\\\/logo\\\/image\\\/\",\"url\":\"https:\\\/\\\/revolutionpadelstore.com\\\/wp-content\\\/uploads\\\/2026\\\/02\\\/revolution-padel-store.jpg\",\"contentUrl\":\"https:\\\/\\\/revolutionpadelstore.com\\\/wp-content\\\/uploads\\\/2026\\\/02\\\/revolution-padel-store.jpg\",\"width\":2000,\"height\":2000,\"caption\":\"Revolution Padel Store\"},\"image\":{\"@id\":\"https:\\\/\\\/revolutionpadelstore.com\\\/pt-pt\\\/#\\\/schema\\\/logo\\\/image\\\/\"},\"sameAs\":[\"https:\\\/\\\/www.instagram.com\\\/revolutionpadelstore\\\/\"]}]}<\/script>\n<!-- \/ Yoast SEO plugin. -->","yoast_head_json":{"title":"NOX NEXTGEN PRO ATTACK 3K 2025 - Revolution Padel Store","description":"Compra la Nox Nextgen Pro Attack 3K 2025 en Revolution Padel Store. M\u00e1xima potencia, control y tecnolog\u00edas de vanguardia para jugadores ofensivos. \u00a1Cons\u00edguela online al mejor precio!","robots":{"index":"index","follow":"follow","max-snippet":"max-snippet:-1","max-image-preview":"max-image-preview:large","max-video-preview":"max-video-preview:-1"},"canonical":"https:\/\/revolutionpadelstore.com\/pt-pt\/produto\/nox-nextgen-pro-attack-3k-2025-5\/","og_locale":"pt_PT","og_type":"article","og_title":"NOX NEXTGEN PRO ATTACK 3K 2025 - Revolution Padel Store","og_description":"Compra la Nox Nextgen Pro Attack 3K 2025 en Revolution Padel Store. M\u00e1xima potencia, control y tecnolog\u00edas de vanguardia para jugadores ofensivos. \u00a1Cons\u00edguela online al mejor precio!","og_url":"https:\/\/revolutionpadelstore.com\/pt-pt\/produto\/nox-nextgen-pro-attack-3k-2025-5\/","og_site_name":"Revolution Padel Store","article_modified_time":"2026-04-01T00:18:30+00:00","og_image":[{"width":1500,"height":1500,"url":"https:\/\/revolutionpadelstore.com\/wp-content\/uploads\/2025\/04\/117966-pala-nox-nextgen-pro-attack-3k-nfa-series-pnfangatt-1500x1500-1.webp","type":"image\/webp"}],"twitter_card":"summary_large_image","twitter_misc":{"Tempo estimado de leitura":"2 minutos"},"schema":{"@context":"https:\/\/schema.org","@graph":[{"@type":"WebPage","@id":"https:\/\/revolutionpadelstore.com\/pt-pt\/produto\/nox-nextgen-pro-attack-3k-2025-5\/","url":"https:\/\/revolutionpadelstore.com\/pt-pt\/produto\/nox-nextgen-pro-attack-3k-2025-5\/","name":"NOX NEXTGEN PRO ATTACK 3K 2025 - Revolution Padel Store","isPartOf":{"@id":"https:\/\/revolutionpadelstore.com\/pt-pt\/#website"},"primaryImageOfPage":{"@id":"https:\/\/revolutionpadelstore.com\/pt-pt\/produto\/nox-nextgen-pro-attack-3k-2025-5\/#primaryimage"},"image":{"@id":"https:\/\/revolutionpadelstore.com\/pt-pt\/produto\/nox-nextgen-pro-attack-3k-2025-5\/#primaryimage"},"thumbnailUrl":"https:\/\/revolutionpadelstore.com\/wp-content\/uploads\/2025\/04\/117966-pala-nox-nextgen-pro-attack-3k-nfa-series-pnfangatt-1500x1500-1.webp","datePublished":"2025-04-11T17:36:12+00:00","dateModified":"2026-04-01T00:18:30+00:00","description":"Compra la Nox Nextgen Pro Attack 3K 2025 en Revolution Padel Store. M\u00e1xima potencia, control y tecnolog\u00edas de vanguardia para jugadores ofensivos. \u00a1Cons\u00edguela online al mejor precio!","breadcrumb":{"@id":"https:\/\/revolutionpadelstore.com\/pt-pt\/produto\/nox-nextgen-pro-attack-3k-2025-5\/#breadcrumb"},"inLanguage":"pt-PT","potentialAction":[{"@type":"ReadAction","target":["https:\/\/revolutionpadelstore.com\/pt-pt\/produto\/nox-nextgen-pro-attack-3k-2025-5\/"]}]},{"@type":"ImageObject","inLanguage":"pt-PT","@id":"https:\/\/revolutionpadelstore.com\/pt-pt\/produto\/nox-nextgen-pro-attack-3k-2025-5\/#primaryimage","url":"https:\/\/revolutionpadelstore.com\/wp-content\/uploads\/2025\/04\/117966-pala-nox-nextgen-pro-attack-3k-nfa-series-pnfangatt-1500x1500-1.webp","contentUrl":"https:\/\/revolutionpadelstore.com\/wp-content\/uploads\/2025\/04\/117966-pala-nox-nextgen-pro-attack-3k-nfa-series-pnfangatt-1500x1500-1.webp","width":1500,"height":1500},{"@type":"BreadcrumbList","@id":"https:\/\/revolutionpadelstore.com\/pt-pt\/produto\/nox-nextgen-pro-attack-3k-2025-5\/#breadcrumb","itemListElement":[{"@type":"ListItem","position":1,"name":"Portada","item":"https:\/\/revolutionpadelstore.com\/pt-pt\/"},{"@type":"ListItem","position":2,"name":"Tienda","item":"https:\/\/revolutionpadelstore.com\/pt-pt\/tienda\/"},{"@type":"ListItem","position":3,"name":"NOX NEXTGEN PRO ATTACK 3K 2025"}]},{"@type":"WebSite","@id":"https:\/\/revolutionpadelstore.com\/pt-pt\/#website","url":"https:\/\/revolutionpadelstore.com\/pt-pt\/","name":"Revolution Padel Store","description":"","publisher":{"@id":"https:\/\/revolutionpadelstore.com\/pt-pt\/#organization"},"potentialAction":[{"@type":"SearchAction","target":{"@type":"EntryPoint","urlTemplate":"https:\/\/revolutionpadelstore.com\/pt-pt\/?s={search_term_string}"},"query-input":{"@type":"PropertyValueSpecification","valueRequired":true,"valueName":"search_term_string"}}],"inLanguage":"pt-PT"},{"@type":"Organization","@id":"https:\/\/revolutionpadelstore.com\/pt-pt\/#organization","name":"Revolution Padel Store","url":"https:\/\/revolutionpadelstore.com\/pt-pt\/","logo":{"@type":"ImageObject","inLanguage":"pt-PT","@id":"https:\/\/revolutionpadelstore.com\/pt-pt\/#\/schema\/logo\/image\/","url":"https:\/\/revolutionpadelstore.com\/wp-content\/uploads\/2026\/02\/revolution-padel-store.jpg","contentUrl":"https:\/\/revolutionpadelstore.com\/wp-content\/uploads\/2026\/02\/revolution-padel-store.jpg","width":2000,"height":2000,"caption":"Revolution Padel Store"},"image":{"@id":"https:\/\/revolutionpadelstore.com\/pt-pt\/#\/schema\/logo\/image\/"},"sameAs":["https:\/\/www.instagram.com\/revolutionpadelstore\/"]}]}},"_links":{"self":[{"href":"https:\/\/revolutionpadelstore.com\/pt-pt\/wp-json\/wp\/v2\/product\/217505","targetHints":{"allow":["GET"]}}],"collection":[{"href":"https:\/\/revolutionpadelstore.com\/pt-pt\/wp-json\/wp\/v2\/product"}],"about":[{"href":"https:\/\/revolutionpadelstore.com\/pt-pt\/wp-json\/wp\/v2\/types\/product"}],"replies":[{"embeddable":true,"href":"https:\/\/revolutionpadelstore.com\/pt-pt\/wp-json\/wp\/v2\/comments?post=217505"}],"wp:featuredmedia":[{"embeddable":true,"href":"https:\/\/revolutionpadelstore.com\/pt-pt\/wp-json\/wp\/v2\/media\/217464"}],"wp:attachment":[{"href":"https:\/\/revolutionpadelstore.com\/pt-pt\/wp-json\/wp\/v2\/media?parent=217505"}],"wp:term":[{"taxonomy":"acabado","embeddable":true,"href":"https:\/\/revolutionpadelstore.com\/pt-pt\/wp-json\/wp\/v2\/acabado?post=217505"},{"taxonomy":"balance","embeddable":true,"href":"https:\/\/revolutionpadelstore.com\/pt-pt\/wp-json\/wp\/v2\/balance?post=217505"},{"taxonomy":"dureza","embeddable":true,"href":"https:\/\/revolutionpadelstore.com\/pt-pt\/wp-json\/wp\/v2\/dureza?post=217505"},{"taxonomy":"forma","embeddable":true,"href":"https:\/\/revolutionpadelstore.com\/pt-pt\/wp-json\/wp\/v2\/forma?post=217505"},{"taxonomy":"jugador","embeddable":true,"href":"https:\/\/revolutionpadelstore.com\/pt-pt\/wp-json\/wp\/v2\/jugador?post=217505"},{"taxonomy":"marca","embeddable":true,"href":"https:\/\/revolutionpadelstore.com\/pt-pt\/wp-json\/wp\/v2\/marca?post=217505"},{"taxonomy":"nivel-de-juego","embeddable":true,"href":"https:\/\/revolutionpadelstore.com\/pt-pt\/wp-json\/wp\/v2\/nivel-de-juego?post=217505"},{"taxonomy":"superficie","embeddable":true,"href":"https:\/\/revolutionpadelstore.com\/pt-pt\/wp-json\/wp\/v2\/superficie?post=217505"},{"taxonomy":"tipo-de-juego","embeddable":true,"href":"https:\/\/revolutionpadelstore.com\/pt-pt\/wp-json\/wp\/v2\/tipo-de-juego?post=217505"},{"taxonomy":"product_brand","embeddable":true,"href":"https:\/\/revolutionpadelstore.com\/pt-pt\/wp-json\/wp\/v2\/product_brand?post=217505"},{"taxonomy":"product_cat","embeddable":true,"href":"https:\/\/revolutionpadelstore.com\/pt-pt\/wp-json\/wp\/v2\/product_cat?post=217505"},{"taxonomy":"product_tag","embeddable":true,"href":"https:\/\/revolutionpadelstore.com\/pt-pt\/wp-json\/wp\/v2\/product_tag?post=217505"}],"curies":[{"name":"wp","href":"https:\/\/api.w.org\/{rel}","templated":true}]}}