{"id":217403,"date":"2025-04-11T19:22:39","date_gmt":"2025-04-11T17:22:39","guid":{"rendered":"https:\/\/revolutionpadelstore.com\/?post_type=product&#038;p=217403"},"modified":"2026-04-01T02:18:52","modified_gmt":"2026-04-01T00:18:52","slug":"nox-vk10-quantum-3k-aranzazu-osoro-5","status":"publish","type":"product","link":"https:\/\/revolutionpadelstore.com\/pt-pt\/produto\/nox-vk10-quantum-3k-aranzazu-osoro-5\/","title":{"rendered":"NOX VK10 QUANTUM 3K ARANZAZU OSORO"},"content":{"rendered":"<p><H2> NOX VK10 Quantum 3K Aranzazu Osoro 2025 &#8211; Precis\u00e3o, estilo e desempenho em cada golpe <\/h2>\n<p>Descubra o <strong> NOx VK10 Quantum 3k 2025 <\/strong>, a p\u00e1 de <strong> Aranzazu Osoro <\/strong>, apelidada de &#8220;La Vikinga&#8221;, uma jogadora de elite que inspira com seu poder, precis\u00e3o e esp\u00edrito de luta. Com base no ic\u00f4nico <strong> ML10 Quantum 3K por Miguel Lamperti <\/strong>, esta p\u00e1 \u00e9 apresentada com um formato redondo e um peso leve (350-365G), ideal para aqueles que buscam a m\u00e1xima capacidade de gerenciamento, controle e velocidade de rea\u00e7\u00e3o.<\/p>\n<p>Projetado para jogadores intermedi\u00e1rios e avan\u00e7ados <\/strong> <\/strong>, esta p\u00e1 se destaca por seu excelente <strong> Sweet Point <\/strong>, seu design inovador com <strong> 3D Rugos Finish Exclusive Spin <\/strong> e sua est\u00e9tica \u00fanica gra\u00e7as \u00e0 luz fotoqurom\u00e1tica exclusiva, que muda de cor dependendo da cor e da lumin\u00e1ria. Um show visual e t\u00e9cnico na pista.<br \/>\n<H2> tecnologias avan\u00e7adas do NOX VK10 Quantum 3k 2025 <\/h2>\n<p> <strong> -carbon 3k <\/strong>: fibra de carbono entrela\u00e7ada que fornece uma estrutura resistente e duradoura.<br \/>\n&lt;p style = &quot;preenchimento-esquerda: 40px;&quot;<br \/>\n&lt;p style = &quot;preenchimento-esquerda: 40px;&quot;<br \/>\n&lt;p style = &quot;preenchimento-esquerda: 40px;&quot;<\/p>\n<p> <strong> -exclusivo spin <\/strong>: superf\u00edcie \u00e1spera com textura dupla para obter um efeito maior em cada golpe.<\/p>\n<p> <strong> -pulse System <\/strong>: tecnologia de redu\u00e7\u00e3o de vibra\u00e7\u00e3o que protege as juntas.<\/p>\n<p> <strong> -eos retalho <\/strong>: perfura\u00e7\u00f5es estrat\u00e9gicas para melhorar a distribui\u00e7\u00e3o de peso e aumentar a agilidade.<br \/>\n&lt;p style = &quot;preenchimento-esquerda: 40px;&quot;<\/p>\n<p><H2> <strong> Quem \u00e9 o vk10 Quantum 3K? <\/strong> <\/h2>\n<p>Esta p\u00e1 \u00e9 perfeita para jogadores intermedi\u00e1rios que desejam evoluir <\/strong> seu jogo sem desistir do controle e conforto. Tamb\u00e9m \u00e9 ideal para quem procura uma p\u00e1 de uma <strong> equilibrada, com tecnologias inovadoras que maximizam o desempenho e minimizam o risco de les\u00f5es.<br \/>\n<H2> benef\u00edcios pendentes <\/h2>\n<p>-Excelente combina\u00e7\u00e3o entre <strong> controle e pot\u00eancia <\/strong>. <\/p>\n<p>-Perfeito para <strong> jogadores que procuram precis\u00e3o <\/strong> sem perder a velocidade. <\/p>\n<p>-redu\u00e7\u00e3o de vibra\u00e7\u00f5es para <strong> mais confort\u00e1vel e seguro jogos <\/strong>. <\/p>\n<p>-est\u00e9tica exclusiva com <strong> altera\u00e7\u00e3o da tecnologia de cores <\/strong>. <\/p>\n<p><P>-Constru\u00e7\u00e3o de <strong> alcance alto com materiais dur\u00e1veis \u200b\u200b<\/strong>. <\/p>\n<p><H2> Obtenha a p\u00e1 de Aranzazu Osoro <\/h2>\n<p>Se voc\u00ea est\u00e1 procurando um vers\u00e1til, profissional e com car\u00e1ter, o <strong> NOx VK10 Quantum 3K 2025 <\/strong> \u00e9 o seu melhor aliado para dominar cada ponto. Dispon\u00edvel agora em nossa loja on -line <a href=\"https:\/\/www.revolutionpadelstore.com\/\"> www.revolutionpadelstore.com <\/a>, provavelmente <strong> no melhor pre\u00e7o de mercado <\/strong>. N\u00e3o perca esta oportunidade!<\/p>\n<h2>Nox VK10 Quantum 3K Aranzazu Osoro 2025 \u2013 Precisi\u00f3n, estilo y rendimiento en cada golpe<\/h2>\n","protected":false},"excerpt":{"rendered":"<p>O NOX VK10 Quantum 3K Aranzazu Osoro 2025 \u00e9 a p\u00e1 oficial de Aranzazu Osoro, projetada para jogadores intermedi\u00e1rios a avan\u00e7ados que procuram uma combina\u00e7\u00e3o equilibrada entre controle e poder.<\/p>\n","protected":false},"featured_media":217409,"comment_status":"open","ping_status":"closed","template":"","meta":{"_acf_changed":false,"_joinchat":[]},"acabado":[1090],"balance":[1145],"dureza":[1155],"forma":[1180],"jugador":[1195],"marca":[1260],"nivel-de-juego":[1335,1340],"superficie":[1360],"tipo-de-juego":[1370],"product_brand":[],"product_cat":[300],"product_tag":[],"class_list":{"0":"post-217403","1":"product","2":"type-product","3":"status-publish","4":"has-post-thumbnail","6":"acabado-alivio-3d","7":"balance-baixo","8":"dureza-media-pt-pt","9":"forma-rodada","10":"jugador-mulher","11":"marca-nox-pt-pt","12":"superficie-rugosa-pt-pt","13":"tipo-de-juego-controle","14":"product_cat-palas","16":"first","17":"instock","18":"sale","19":"taxable","20":"shipping-taxable","21":"purchasable","22":"product-type-simple"},"acf":[],"yoast_head":"<!-- This site is optimized with the Yoast SEO plugin v27.3 - https:\/\/yoast.com\/product\/yoast-seo-wordpress\/ -->\n<title>NOX VK10 QUANTUM 3K ARANZAZU OSORO - Revolution Padel Store<\/title>\n<meta name=\"description\" content=\"Compra la Nox VK10 Quantum 3K Aranzazu Osoro 2025, pala profesional con formato redondo, carbono 3K, acabado rugoso y dise\u00f1o exclusivo. Ideal para jugadores intermedios y avanzados.\" \/>\n<meta name=\"robots\" content=\"index, follow, max-snippet:-1, max-image-preview:large, max-video-preview:-1\" \/>\n<link rel=\"canonical\" href=\"https:\/\/revolutionpadelstore.com\/pt-pt\/produto\/nox-vk10-quantum-3k-aranzazu-osoro-5\/\" \/>\n<meta property=\"og:locale\" content=\"pt_PT\" \/>\n<meta property=\"og:type\" content=\"article\" \/>\n<meta property=\"og:title\" content=\"NOX VK10 QUANTUM 3K ARANZAZU OSORO - Revolution Padel Store\" \/>\n<meta property=\"og:description\" content=\"Compra la Nox VK10 Quantum 3K Aranzazu Osoro 2025, pala profesional con formato redondo, carbono 3K, acabado rugoso y dise\u00f1o exclusivo. Ideal para jugadores intermedios y avanzados.\" \/>\n<meta property=\"og:url\" content=\"https:\/\/revolutionpadelstore.com\/pt-pt\/produto\/nox-vk10-quantum-3k-aranzazu-osoro-5\/\" \/>\n<meta property=\"og:site_name\" content=\"Revolution Padel Store\" \/>\n<meta property=\"article:modified_time\" content=\"2026-04-01T00:18:52+00:00\" \/>\n<meta property=\"og:image\" content=\"https:\/\/revolutionpadelstore.com\/wp-content\/uploads\/2025\/04\/117970-pala-nox-vk10-quantum-3k-by-aranzazu-osoro-pvk10luxq25-1500x1500-1.webp\" \/>\n\t<meta property=\"og:image:width\" content=\"1500\" \/>\n\t<meta property=\"og:image:height\" content=\"1500\" \/>\n\t<meta property=\"og:image:type\" content=\"image\/webp\" \/>\n<meta name=\"twitter:card\" content=\"summary_large_image\" \/>\n<meta name=\"twitter:label1\" content=\"Tempo estimado de leitura\" \/>\n\t<meta name=\"twitter:data1\" content=\"2 minutos\" \/>\n<script type=\"application\/ld+json\" class=\"yoast-schema-graph\">{\"@context\":\"https:\\\/\\\/schema.org\",\"@graph\":[{\"@type\":\"WebPage\",\"@id\":\"https:\\\/\\\/revolutionpadelstore.com\\\/pt-pt\\\/produto\\\/nox-vk10-quantum-3k-aranzazu-osoro-5\\\/\",\"url\":\"https:\\\/\\\/revolutionpadelstore.com\\\/pt-pt\\\/produto\\\/nox-vk10-quantum-3k-aranzazu-osoro-5\\\/\",\"name\":\"NOX VK10 QUANTUM 3K ARANZAZU OSORO - Revolution Padel Store\",\"isPartOf\":{\"@id\":\"https:\\\/\\\/revolutionpadelstore.com\\\/pt-pt\\\/#website\"},\"primaryImageOfPage\":{\"@id\":\"https:\\\/\\\/revolutionpadelstore.com\\\/pt-pt\\\/produto\\\/nox-vk10-quantum-3k-aranzazu-osoro-5\\\/#primaryimage\"},\"image\":{\"@id\":\"https:\\\/\\\/revolutionpadelstore.com\\\/pt-pt\\\/produto\\\/nox-vk10-quantum-3k-aranzazu-osoro-5\\\/#primaryimage\"},\"thumbnailUrl\":\"https:\\\/\\\/revolutionpadelstore.com\\\/wp-content\\\/uploads\\\/2025\\\/04\\\/117970-pala-nox-vk10-quantum-3k-by-aranzazu-osoro-pvk10luxq25-1500x1500-1.webp\",\"datePublished\":\"2025-04-11T17:22:39+00:00\",\"dateModified\":\"2026-04-01T00:18:52+00:00\",\"description\":\"Compra la Nox VK10 Quantum 3K Aranzazu Osoro 2025, pala profesional con formato redondo, carbono 3K, acabado rugoso y dise\u00f1o exclusivo. Ideal para jugadores intermedios y avanzados.\",\"breadcrumb\":{\"@id\":\"https:\\\/\\\/revolutionpadelstore.com\\\/pt-pt\\\/produto\\\/nox-vk10-quantum-3k-aranzazu-osoro-5\\\/#breadcrumb\"},\"inLanguage\":\"pt-PT\",\"potentialAction\":[{\"@type\":\"ReadAction\",\"target\":[\"https:\\\/\\\/revolutionpadelstore.com\\\/pt-pt\\\/produto\\\/nox-vk10-quantum-3k-aranzazu-osoro-5\\\/\"]}]},{\"@type\":\"ImageObject\",\"inLanguage\":\"pt-PT\",\"@id\":\"https:\\\/\\\/revolutionpadelstore.com\\\/pt-pt\\\/produto\\\/nox-vk10-quantum-3k-aranzazu-osoro-5\\\/#primaryimage\",\"url\":\"https:\\\/\\\/revolutionpadelstore.com\\\/wp-content\\\/uploads\\\/2025\\\/04\\\/117970-pala-nox-vk10-quantum-3k-by-aranzazu-osoro-pvk10luxq25-1500x1500-1.webp\",\"contentUrl\":\"https:\\\/\\\/revolutionpadelstore.com\\\/wp-content\\\/uploads\\\/2025\\\/04\\\/117970-pala-nox-vk10-quantum-3k-by-aranzazu-osoro-pvk10luxq25-1500x1500-1.webp\",\"width\":1500,\"height\":1500},{\"@type\":\"BreadcrumbList\",\"@id\":\"https:\\\/\\\/revolutionpadelstore.com\\\/pt-pt\\\/produto\\\/nox-vk10-quantum-3k-aranzazu-osoro-5\\\/#breadcrumb\",\"itemListElement\":[{\"@type\":\"ListItem\",\"position\":1,\"name\":\"Portada\",\"item\":\"https:\\\/\\\/revolutionpadelstore.com\\\/pt-pt\\\/\"},{\"@type\":\"ListItem\",\"position\":2,\"name\":\"Tienda\",\"item\":\"https:\\\/\\\/revolutionpadelstore.com\\\/pt-pt\\\/tienda\\\/\"},{\"@type\":\"ListItem\",\"position\":3,\"name\":\"NOX VK10 QUANTUM 3K ARANZAZU OSORO\"}]},{\"@type\":\"WebSite\",\"@id\":\"https:\\\/\\\/revolutionpadelstore.com\\\/pt-pt\\\/#website\",\"url\":\"https:\\\/\\\/revolutionpadelstore.com\\\/pt-pt\\\/\",\"name\":\"Revolution Padel Store\",\"description\":\"\",\"publisher\":{\"@id\":\"https:\\\/\\\/revolutionpadelstore.com\\\/pt-pt\\\/#organization\"},\"potentialAction\":[{\"@type\":\"SearchAction\",\"target\":{\"@type\":\"EntryPoint\",\"urlTemplate\":\"https:\\\/\\\/revolutionpadelstore.com\\\/pt-pt\\\/?s={search_term_string}\"},\"query-input\":{\"@type\":\"PropertyValueSpecification\",\"valueRequired\":true,\"valueName\":\"search_term_string\"}}],\"inLanguage\":\"pt-PT\"},{\"@type\":\"Organization\",\"@id\":\"https:\\\/\\\/revolutionpadelstore.com\\\/pt-pt\\\/#organization\",\"name\":\"Revolution Padel Store\",\"url\":\"https:\\\/\\\/revolutionpadelstore.com\\\/pt-pt\\\/\",\"logo\":{\"@type\":\"ImageObject\",\"inLanguage\":\"pt-PT\",\"@id\":\"https:\\\/\\\/revolutionpadelstore.com\\\/pt-pt\\\/#\\\/schema\\\/logo\\\/image\\\/\",\"url\":\"https:\\\/\\\/revolutionpadelstore.com\\\/wp-content\\\/uploads\\\/2026\\\/02\\\/revolution-padel-store.jpg\",\"contentUrl\":\"https:\\\/\\\/revolutionpadelstore.com\\\/wp-content\\\/uploads\\\/2026\\\/02\\\/revolution-padel-store.jpg\",\"width\":2000,\"height\":2000,\"caption\":\"Revolution Padel Store\"},\"image\":{\"@id\":\"https:\\\/\\\/revolutionpadelstore.com\\\/pt-pt\\\/#\\\/schema\\\/logo\\\/image\\\/\"},\"sameAs\":[\"https:\\\/\\\/www.instagram.com\\\/revolutionpadelstore\\\/\"]}]}<\/script>\n<!-- \/ Yoast SEO plugin. -->","yoast_head_json":{"title":"NOX VK10 QUANTUM 3K ARANZAZU OSORO - Revolution Padel Store","description":"Compra la Nox VK10 Quantum 3K Aranzazu Osoro 2025, pala profesional con formato redondo, carbono 3K, acabado rugoso y dise\u00f1o exclusivo. Ideal para jugadores intermedios y avanzados.","robots":{"index":"index","follow":"follow","max-snippet":"max-snippet:-1","max-image-preview":"max-image-preview:large","max-video-preview":"max-video-preview:-1"},"canonical":"https:\/\/revolutionpadelstore.com\/pt-pt\/produto\/nox-vk10-quantum-3k-aranzazu-osoro-5\/","og_locale":"pt_PT","og_type":"article","og_title":"NOX VK10 QUANTUM 3K ARANZAZU OSORO - Revolution Padel Store","og_description":"Compra la Nox VK10 Quantum 3K Aranzazu Osoro 2025, pala profesional con formato redondo, carbono 3K, acabado rugoso y dise\u00f1o exclusivo. Ideal para jugadores intermedios y avanzados.","og_url":"https:\/\/revolutionpadelstore.com\/pt-pt\/produto\/nox-vk10-quantum-3k-aranzazu-osoro-5\/","og_site_name":"Revolution Padel Store","article_modified_time":"2026-04-01T00:18:52+00:00","og_image":[{"width":1500,"height":1500,"url":"https:\/\/revolutionpadelstore.com\/wp-content\/uploads\/2025\/04\/117970-pala-nox-vk10-quantum-3k-by-aranzazu-osoro-pvk10luxq25-1500x1500-1.webp","type":"image\/webp"}],"twitter_card":"summary_large_image","twitter_misc":{"Tempo estimado de leitura":"2 minutos"},"schema":{"@context":"https:\/\/schema.org","@graph":[{"@type":"WebPage","@id":"https:\/\/revolutionpadelstore.com\/pt-pt\/produto\/nox-vk10-quantum-3k-aranzazu-osoro-5\/","url":"https:\/\/revolutionpadelstore.com\/pt-pt\/produto\/nox-vk10-quantum-3k-aranzazu-osoro-5\/","name":"NOX VK10 QUANTUM 3K ARANZAZU OSORO - Revolution Padel Store","isPartOf":{"@id":"https:\/\/revolutionpadelstore.com\/pt-pt\/#website"},"primaryImageOfPage":{"@id":"https:\/\/revolutionpadelstore.com\/pt-pt\/produto\/nox-vk10-quantum-3k-aranzazu-osoro-5\/#primaryimage"},"image":{"@id":"https:\/\/revolutionpadelstore.com\/pt-pt\/produto\/nox-vk10-quantum-3k-aranzazu-osoro-5\/#primaryimage"},"thumbnailUrl":"https:\/\/revolutionpadelstore.com\/wp-content\/uploads\/2025\/04\/117970-pala-nox-vk10-quantum-3k-by-aranzazu-osoro-pvk10luxq25-1500x1500-1.webp","datePublished":"2025-04-11T17:22:39+00:00","dateModified":"2026-04-01T00:18:52+00:00","description":"Compra la Nox VK10 Quantum 3K Aranzazu Osoro 2025, pala profesional con formato redondo, carbono 3K, acabado rugoso y dise\u00f1o exclusivo. Ideal para jugadores intermedios y avanzados.","breadcrumb":{"@id":"https:\/\/revolutionpadelstore.com\/pt-pt\/produto\/nox-vk10-quantum-3k-aranzazu-osoro-5\/#breadcrumb"},"inLanguage":"pt-PT","potentialAction":[{"@type":"ReadAction","target":["https:\/\/revolutionpadelstore.com\/pt-pt\/produto\/nox-vk10-quantum-3k-aranzazu-osoro-5\/"]}]},{"@type":"ImageObject","inLanguage":"pt-PT","@id":"https:\/\/revolutionpadelstore.com\/pt-pt\/produto\/nox-vk10-quantum-3k-aranzazu-osoro-5\/#primaryimage","url":"https:\/\/revolutionpadelstore.com\/wp-content\/uploads\/2025\/04\/117970-pala-nox-vk10-quantum-3k-by-aranzazu-osoro-pvk10luxq25-1500x1500-1.webp","contentUrl":"https:\/\/revolutionpadelstore.com\/wp-content\/uploads\/2025\/04\/117970-pala-nox-vk10-quantum-3k-by-aranzazu-osoro-pvk10luxq25-1500x1500-1.webp","width":1500,"height":1500},{"@type":"BreadcrumbList","@id":"https:\/\/revolutionpadelstore.com\/pt-pt\/produto\/nox-vk10-quantum-3k-aranzazu-osoro-5\/#breadcrumb","itemListElement":[{"@type":"ListItem","position":1,"name":"Portada","item":"https:\/\/revolutionpadelstore.com\/pt-pt\/"},{"@type":"ListItem","position":2,"name":"Tienda","item":"https:\/\/revolutionpadelstore.com\/pt-pt\/tienda\/"},{"@type":"ListItem","position":3,"name":"NOX VK10 QUANTUM 3K ARANZAZU OSORO"}]},{"@type":"WebSite","@id":"https:\/\/revolutionpadelstore.com\/pt-pt\/#website","url":"https:\/\/revolutionpadelstore.com\/pt-pt\/","name":"Revolution Padel Store","description":"","publisher":{"@id":"https:\/\/revolutionpadelstore.com\/pt-pt\/#organization"},"potentialAction":[{"@type":"SearchAction","target":{"@type":"EntryPoint","urlTemplate":"https:\/\/revolutionpadelstore.com\/pt-pt\/?s={search_term_string}"},"query-input":{"@type":"PropertyValueSpecification","valueRequired":true,"valueName":"search_term_string"}}],"inLanguage":"pt-PT"},{"@type":"Organization","@id":"https:\/\/revolutionpadelstore.com\/pt-pt\/#organization","name":"Revolution Padel Store","url":"https:\/\/revolutionpadelstore.com\/pt-pt\/","logo":{"@type":"ImageObject","inLanguage":"pt-PT","@id":"https:\/\/revolutionpadelstore.com\/pt-pt\/#\/schema\/logo\/image\/","url":"https:\/\/revolutionpadelstore.com\/wp-content\/uploads\/2026\/02\/revolution-padel-store.jpg","contentUrl":"https:\/\/revolutionpadelstore.com\/wp-content\/uploads\/2026\/02\/revolution-padel-store.jpg","width":2000,"height":2000,"caption":"Revolution Padel Store"},"image":{"@id":"https:\/\/revolutionpadelstore.com\/pt-pt\/#\/schema\/logo\/image\/"},"sameAs":["https:\/\/www.instagram.com\/revolutionpadelstore\/"]}]}},"_links":{"self":[{"href":"https:\/\/revolutionpadelstore.com\/pt-pt\/wp-json\/wp\/v2\/product\/217403","targetHints":{"allow":["GET"]}}],"collection":[{"href":"https:\/\/revolutionpadelstore.com\/pt-pt\/wp-json\/wp\/v2\/product"}],"about":[{"href":"https:\/\/revolutionpadelstore.com\/pt-pt\/wp-json\/wp\/v2\/types\/product"}],"replies":[{"embeddable":true,"href":"https:\/\/revolutionpadelstore.com\/pt-pt\/wp-json\/wp\/v2\/comments?post=217403"}],"wp:featuredmedia":[{"embeddable":true,"href":"https:\/\/revolutionpadelstore.com\/pt-pt\/wp-json\/wp\/v2\/media\/217409"}],"wp:attachment":[{"href":"https:\/\/revolutionpadelstore.com\/pt-pt\/wp-json\/wp\/v2\/media?parent=217403"}],"wp:term":[{"taxonomy":"acabado","embeddable":true,"href":"https:\/\/revolutionpadelstore.com\/pt-pt\/wp-json\/wp\/v2\/acabado?post=217403"},{"taxonomy":"balance","embeddable":true,"href":"https:\/\/revolutionpadelstore.com\/pt-pt\/wp-json\/wp\/v2\/balance?post=217403"},{"taxonomy":"dureza","embeddable":true,"href":"https:\/\/revolutionpadelstore.com\/pt-pt\/wp-json\/wp\/v2\/dureza?post=217403"},{"taxonomy":"forma","embeddable":true,"href":"https:\/\/revolutionpadelstore.com\/pt-pt\/wp-json\/wp\/v2\/forma?post=217403"},{"taxonomy":"jugador","embeddable":true,"href":"https:\/\/revolutionpadelstore.com\/pt-pt\/wp-json\/wp\/v2\/jugador?post=217403"},{"taxonomy":"marca","embeddable":true,"href":"https:\/\/revolutionpadelstore.com\/pt-pt\/wp-json\/wp\/v2\/marca?post=217403"},{"taxonomy":"nivel-de-juego","embeddable":true,"href":"https:\/\/revolutionpadelstore.com\/pt-pt\/wp-json\/wp\/v2\/nivel-de-juego?post=217403"},{"taxonomy":"superficie","embeddable":true,"href":"https:\/\/revolutionpadelstore.com\/pt-pt\/wp-json\/wp\/v2\/superficie?post=217403"},{"taxonomy":"tipo-de-juego","embeddable":true,"href":"https:\/\/revolutionpadelstore.com\/pt-pt\/wp-json\/wp\/v2\/tipo-de-juego?post=217403"},{"taxonomy":"product_brand","embeddable":true,"href":"https:\/\/revolutionpadelstore.com\/pt-pt\/wp-json\/wp\/v2\/product_brand?post=217403"},{"taxonomy":"product_cat","embeddable":true,"href":"https:\/\/revolutionpadelstore.com\/pt-pt\/wp-json\/wp\/v2\/product_cat?post=217403"},{"taxonomy":"product_tag","embeddable":true,"href":"https:\/\/revolutionpadelstore.com\/pt-pt\/wp-json\/wp\/v2\/product_tag?post=217403"}],"curies":[{"name":"wp","href":"https:\/\/api.w.org\/{rel}","templated":true}]}}