{"id":217397,"date":"2025-04-11T19:11:09","date_gmt":"2025-04-11T17:11:09","guid":{"rendered":"https:\/\/revolutionpadelstore.com\/nox-quantum-carbon-12k-2\/"},"modified":"2026-04-01T02:19:33","modified_gmt":"2026-04-01T00:19:33","slug":"nox-quantum-carbon-12k-6","status":"publish","type":"product","link":"https:\/\/revolutionpadelstore.com\/pt-pt\/produto\/nox-quantum-carbon-12k-6\/","title":{"rendered":"NOX QUANTUM CARBON 12K"},"content":{"rendered":"<p><H2> NOx Quantum 12K Carbon &#8211; Velocidade e controle em uma \u00fanica p\u00e1<br \/>\n<H2> Equil\u00edbrio perfeito, velocidade impar\u00e1vel <\/h2>\n<p>O <strong> Quantum 12K Carbon <\/strong> foi projetado para aqueles que procuram uma p\u00e1 r\u00e1pida, precisa e aerodinamicamente otimizada <\/strong>. Seu design incorpora a tecnologia inovadora <strong> eos <\/strong>, algumas perfura\u00e7\u00f5es laterais que melhoram a capacidade de gerenciamento e redistribuem os pesos, alcan\u00e7ando um golpe \u00e1gil e letal em cada ponto.<br \/>\n<H2> carbono 12k e n\u00facleo HR3: conforto com conforto <\/h2>\n<p>Fabricado com <strong> fibra de carbono 12k <\/strong> e n\u00facleo <strong> HR3 Color EVA <\/strong>, esta p\u00e1 oferece um equil\u00edbrio \u00fanico entre <strong> poder, conforto e controle <\/strong>. Sua dureza intermedi\u00e1ria Touch garante uma resposta s\u00f3lida sem perder a sensibilidade no golpe.<br \/>\n<H2> duplo acabamento \u00e1spero exclusivo spin <\/h2>\n<p>Gra\u00e7as ao sistema de rota\u00e7\u00e3o exclusivo <strong> <\/strong>, voc\u00ea desfrutar\u00e1 de um acabamento duplo: textura 3D hexagonal na zona central e acabamento arenoso no resto do rosto. Essa combina\u00e7\u00e3o aumenta o efeito <strong> em cada golpe <\/strong> e melhora o controle sobre a bola em pe\u00e7as exigentes.<br \/>\n<H2> Menos vibra\u00e7\u00f5es, mais conforto <\/h2>\n<p>Incorpora o <strong> NOx GRIP\u00ae <\/strong> (certificado Certified Padel) e <strong> Sistema de imprensa <\/strong>, que reduzem significativamente as vibra\u00e7\u00f5es para minimizar a fadiga articular. Al\u00e9m disso, o seu cabo de seguran\u00e7a substitu\u00edvel <strong> Smartp\u00ae <\/strong> oferece maior higiene, seguran\u00e7a e personaliza\u00e7\u00e3o.<br \/>\n<H2> Caracter\u00edsticas t\u00e9cnicas <\/h2>\n<p><P> <strong> -form: <\/strong> Drop invertido <\/p>\n<p><P> <strong> -peso: <\/strong> aproximadamente 360-375 g <\/p>\n<p> <strong> -marco: <\/strong> 100% carbono <\/p>\n<p> <strong> -cas: <\/strong> 12k fibra de carbono <\/p>\n<p>&lt;P style = &quot;preenchimento-esquerda: 40px;&quot;<br \/>\n<P> <strong> -superficie: <\/strong> Rough com textura dupla (3D + areia)<br \/>\n&lt;p style = &quot;preenchimento-esquerda: 40px;&quot;<\/p>\n<p><H2> Por que escolher o carbono qu\u00e2ntico 12k?<\/p>\n<p>-desempenho m\u00e1ximo para jogadores exigentes <\/p>\n<p>-Tecnologia avan\u00e7ada que melhora a manobrabilidade <\/p>\n<p>-combina\u00e7\u00e3o perfeita de controle, poder e efeitos <\/p>\n<p>-ideal para jogadores de n\u00edvel intermedi\u00e1rio para profissionais <\/p>\n<p><strong> Fa\u00e7a seu jogo mais letal com o carbono qu\u00e2ntico de 12k de NOx. Saiba agora em nossa loja on -line <a href=\"http:\/\/www.revolutionpadelstore.com\/\"> www.revolutionpadelstore.com<\/p>\n<h2>NOX QUANTUM 12K CARBON \u2013 Velocidad y Control en una Sola Pala<\/h2>\n","protected":false},"excerpt":{"rendered":"<p>A p\u00e1 de carbono \u00e9 renovada com um design moderno, materiais de alta tecnologia e a inovadora pintura fotrom\u00e1tica. Sua forma de diamante o torna ideal para jogadores que desejam maximizar seus golpes ofensivos.<\/p>\n","protected":false},"featured_media":217356,"comment_status":"open","ping_status":"closed","template":"","meta":{"_acf_changed":false,"_joinchat":[]},"acabado":[1090],"balance":[1135],"dureza":[1155],"forma":[1170],"jugador":[1190,1200],"marca":[1260],"nivel-de-juego":[1335],"superficie":[1360],"tipo-de-juego":[1375],"product_brand":[],"product_cat":[300],"product_tag":[],"class_list":{"0":"post-217397","1":"product","2":"type-product","3":"status-publish","4":"has-post-thumbnail","6":"acabado-alivio-3d","7":"balance-alto-pt-pt","8":"dureza-media-pt-pt","9":"forma-diamante-pt-pt","10":"jugador-homem","11":"jugador-polivalente-pt-pt","12":"marca-nox-pt-pt","13":"superficie-rugosa-pt-pt","14":"tipo-de-juego-poder","15":"product_cat-palas","17":"first","18":"instock","19":"sale","20":"taxable","21":"shipping-taxable","22":"purchasable","23":"product-type-simple"},"acf":[],"yoast_head":"<!-- This site is optimized with the Yoast SEO plugin v27.3 - https:\/\/yoast.com\/product\/yoast-seo-wordpress\/ -->\n<title>NOX QUANTUM CARBON 12K - Revolution Padel Store<\/title>\n<meta name=\"description\" content=\"Descubre la pala Quantum 12K CARBON de NOX en Revolution Padel Store. Alta potencia, control y efectos con tecnolog\u00eda EOS Flap y acabado rugoso EXCLUSIVE SPIN. \u00a1Compra al mejor precio online!\" \/>\n<meta name=\"robots\" content=\"index, follow, max-snippet:-1, max-image-preview:large, max-video-preview:-1\" \/>\n<link rel=\"canonical\" href=\"https:\/\/revolutionpadelstore.com\/pt-pt\/produto\/nox-quantum-carbon-12k-6\/\" \/>\n<meta property=\"og:locale\" content=\"pt_PT\" \/>\n<meta property=\"og:type\" content=\"article\" \/>\n<meta property=\"og:title\" content=\"NOX QUANTUM CARBON 12K - Revolution Padel Store\" \/>\n<meta property=\"og:description\" content=\"Descubre la pala Quantum 12K CARBON de NOX en Revolution Padel Store. Alta potencia, control y efectos con tecnolog\u00eda EOS Flap y acabado rugoso EXCLUSIVE SPIN. \u00a1Compra al mejor precio online!\" \/>\n<meta property=\"og:url\" content=\"https:\/\/revolutionpadelstore.com\/pt-pt\/produto\/nox-quantum-carbon-12k-6\/\" \/>\n<meta property=\"og:site_name\" content=\"Revolution Padel Store\" \/>\n<meta property=\"article:modified_time\" content=\"2026-04-01T00:19:33+00:00\" \/>\n<meta property=\"og:image\" content=\"https:\/\/revolutionpadelstore.com\/wp-content\/uploads\/2025\/04\/215.png\" \/>\n\t<meta property=\"og:image:width\" content=\"1500\" \/>\n\t<meta property=\"og:image:height\" content=\"1500\" \/>\n\t<meta property=\"og:image:type\" content=\"image\/png\" \/>\n<meta name=\"twitter:card\" content=\"summary_large_image\" \/>\n<meta name=\"twitter:label1\" content=\"Tempo estimado de leitura\" \/>\n\t<meta name=\"twitter:data1\" content=\"2 minutos\" \/>\n<script type=\"application\/ld+json\" class=\"yoast-schema-graph\">{\"@context\":\"https:\\\/\\\/schema.org\",\"@graph\":[{\"@type\":\"WebPage\",\"@id\":\"https:\\\/\\\/revolutionpadelstore.com\\\/pt-pt\\\/produto\\\/nox-quantum-carbon-12k-6\\\/\",\"url\":\"https:\\\/\\\/revolutionpadelstore.com\\\/pt-pt\\\/produto\\\/nox-quantum-carbon-12k-6\\\/\",\"name\":\"NOX QUANTUM CARBON 12K - Revolution Padel Store\",\"isPartOf\":{\"@id\":\"https:\\\/\\\/revolutionpadelstore.com\\\/pt-pt\\\/#website\"},\"primaryImageOfPage\":{\"@id\":\"https:\\\/\\\/revolutionpadelstore.com\\\/pt-pt\\\/produto\\\/nox-quantum-carbon-12k-6\\\/#primaryimage\"},\"image\":{\"@id\":\"https:\\\/\\\/revolutionpadelstore.com\\\/pt-pt\\\/produto\\\/nox-quantum-carbon-12k-6\\\/#primaryimage\"},\"thumbnailUrl\":\"https:\\\/\\\/revolutionpadelstore.com\\\/wp-content\\\/uploads\\\/2025\\\/04\\\/215.png\",\"datePublished\":\"2025-04-11T17:11:09+00:00\",\"dateModified\":\"2026-04-01T00:19:33+00:00\",\"description\":\"Descubre la pala Quantum 12K CARBON de NOX en Revolution Padel Store. Alta potencia, control y efectos con tecnolog\u00eda EOS Flap y acabado rugoso EXCLUSIVE SPIN. \u00a1Compra al mejor precio online!\",\"breadcrumb\":{\"@id\":\"https:\\\/\\\/revolutionpadelstore.com\\\/pt-pt\\\/produto\\\/nox-quantum-carbon-12k-6\\\/#breadcrumb\"},\"inLanguage\":\"pt-PT\",\"potentialAction\":[{\"@type\":\"ReadAction\",\"target\":[\"https:\\\/\\\/revolutionpadelstore.com\\\/pt-pt\\\/produto\\\/nox-quantum-carbon-12k-6\\\/\"]}]},{\"@type\":\"ImageObject\",\"inLanguage\":\"pt-PT\",\"@id\":\"https:\\\/\\\/revolutionpadelstore.com\\\/pt-pt\\\/produto\\\/nox-quantum-carbon-12k-6\\\/#primaryimage\",\"url\":\"https:\\\/\\\/revolutionpadelstore.com\\\/wp-content\\\/uploads\\\/2025\\\/04\\\/215.png\",\"contentUrl\":\"https:\\\/\\\/revolutionpadelstore.com\\\/wp-content\\\/uploads\\\/2025\\\/04\\\/215.png\",\"width\":1500,\"height\":1500},{\"@type\":\"BreadcrumbList\",\"@id\":\"https:\\\/\\\/revolutionpadelstore.com\\\/pt-pt\\\/produto\\\/nox-quantum-carbon-12k-6\\\/#breadcrumb\",\"itemListElement\":[{\"@type\":\"ListItem\",\"position\":1,\"name\":\"Portada\",\"item\":\"https:\\\/\\\/revolutionpadelstore.com\\\/pt-pt\\\/\"},{\"@type\":\"ListItem\",\"position\":2,\"name\":\"Tienda\",\"item\":\"https:\\\/\\\/revolutionpadelstore.com\\\/pt-pt\\\/tienda\\\/\"},{\"@type\":\"ListItem\",\"position\":3,\"name\":\"NOX QUANTUM CARBON 12K\"}]},{\"@type\":\"WebSite\",\"@id\":\"https:\\\/\\\/revolutionpadelstore.com\\\/pt-pt\\\/#website\",\"url\":\"https:\\\/\\\/revolutionpadelstore.com\\\/pt-pt\\\/\",\"name\":\"Revolution Padel Store\",\"description\":\"\",\"publisher\":{\"@id\":\"https:\\\/\\\/revolutionpadelstore.com\\\/pt-pt\\\/#organization\"},\"potentialAction\":[{\"@type\":\"SearchAction\",\"target\":{\"@type\":\"EntryPoint\",\"urlTemplate\":\"https:\\\/\\\/revolutionpadelstore.com\\\/pt-pt\\\/?s={search_term_string}\"},\"query-input\":{\"@type\":\"PropertyValueSpecification\",\"valueRequired\":true,\"valueName\":\"search_term_string\"}}],\"inLanguage\":\"pt-PT\"},{\"@type\":\"Organization\",\"@id\":\"https:\\\/\\\/revolutionpadelstore.com\\\/pt-pt\\\/#organization\",\"name\":\"Revolution Padel Store\",\"url\":\"https:\\\/\\\/revolutionpadelstore.com\\\/pt-pt\\\/\",\"logo\":{\"@type\":\"ImageObject\",\"inLanguage\":\"pt-PT\",\"@id\":\"https:\\\/\\\/revolutionpadelstore.com\\\/pt-pt\\\/#\\\/schema\\\/logo\\\/image\\\/\",\"url\":\"https:\\\/\\\/revolutionpadelstore.com\\\/wp-content\\\/uploads\\\/2026\\\/02\\\/revolution-padel-store.jpg\",\"contentUrl\":\"https:\\\/\\\/revolutionpadelstore.com\\\/wp-content\\\/uploads\\\/2026\\\/02\\\/revolution-padel-store.jpg\",\"width\":2000,\"height\":2000,\"caption\":\"Revolution Padel Store\"},\"image\":{\"@id\":\"https:\\\/\\\/revolutionpadelstore.com\\\/pt-pt\\\/#\\\/schema\\\/logo\\\/image\\\/\"},\"sameAs\":[\"https:\\\/\\\/www.instagram.com\\\/revolutionpadelstore\\\/\"]}]}<\/script>\n<!-- \/ Yoast SEO plugin. -->","yoast_head_json":{"title":"NOX QUANTUM CARBON 12K - Revolution Padel Store","description":"Descubre la pala Quantum 12K CARBON de NOX en Revolution Padel Store. Alta potencia, control y efectos con tecnolog\u00eda EOS Flap y acabado rugoso EXCLUSIVE SPIN. \u00a1Compra al mejor precio online!","robots":{"index":"index","follow":"follow","max-snippet":"max-snippet:-1","max-image-preview":"max-image-preview:large","max-video-preview":"max-video-preview:-1"},"canonical":"https:\/\/revolutionpadelstore.com\/pt-pt\/produto\/nox-quantum-carbon-12k-6\/","og_locale":"pt_PT","og_type":"article","og_title":"NOX QUANTUM CARBON 12K - Revolution Padel Store","og_description":"Descubre la pala Quantum 12K CARBON de NOX en Revolution Padel Store. Alta potencia, control y efectos con tecnolog\u00eda EOS Flap y acabado rugoso EXCLUSIVE SPIN. \u00a1Compra al mejor precio online!","og_url":"https:\/\/revolutionpadelstore.com\/pt-pt\/produto\/nox-quantum-carbon-12k-6\/","og_site_name":"Revolution Padel Store","article_modified_time":"2026-04-01T00:19:33+00:00","og_image":[{"width":1500,"height":1500,"url":"https:\/\/revolutionpadelstore.com\/wp-content\/uploads\/2025\/04\/215.png","type":"image\/png"}],"twitter_card":"summary_large_image","twitter_misc":{"Tempo estimado de leitura":"2 minutos"},"schema":{"@context":"https:\/\/schema.org","@graph":[{"@type":"WebPage","@id":"https:\/\/revolutionpadelstore.com\/pt-pt\/produto\/nox-quantum-carbon-12k-6\/","url":"https:\/\/revolutionpadelstore.com\/pt-pt\/produto\/nox-quantum-carbon-12k-6\/","name":"NOX QUANTUM CARBON 12K - Revolution Padel Store","isPartOf":{"@id":"https:\/\/revolutionpadelstore.com\/pt-pt\/#website"},"primaryImageOfPage":{"@id":"https:\/\/revolutionpadelstore.com\/pt-pt\/produto\/nox-quantum-carbon-12k-6\/#primaryimage"},"image":{"@id":"https:\/\/revolutionpadelstore.com\/pt-pt\/produto\/nox-quantum-carbon-12k-6\/#primaryimage"},"thumbnailUrl":"https:\/\/revolutionpadelstore.com\/wp-content\/uploads\/2025\/04\/215.png","datePublished":"2025-04-11T17:11:09+00:00","dateModified":"2026-04-01T00:19:33+00:00","description":"Descubre la pala Quantum 12K CARBON de NOX en Revolution Padel Store. Alta potencia, control y efectos con tecnolog\u00eda EOS Flap y acabado rugoso EXCLUSIVE SPIN. \u00a1Compra al mejor precio online!","breadcrumb":{"@id":"https:\/\/revolutionpadelstore.com\/pt-pt\/produto\/nox-quantum-carbon-12k-6\/#breadcrumb"},"inLanguage":"pt-PT","potentialAction":[{"@type":"ReadAction","target":["https:\/\/revolutionpadelstore.com\/pt-pt\/produto\/nox-quantum-carbon-12k-6\/"]}]},{"@type":"ImageObject","inLanguage":"pt-PT","@id":"https:\/\/revolutionpadelstore.com\/pt-pt\/produto\/nox-quantum-carbon-12k-6\/#primaryimage","url":"https:\/\/revolutionpadelstore.com\/wp-content\/uploads\/2025\/04\/215.png","contentUrl":"https:\/\/revolutionpadelstore.com\/wp-content\/uploads\/2025\/04\/215.png","width":1500,"height":1500},{"@type":"BreadcrumbList","@id":"https:\/\/revolutionpadelstore.com\/pt-pt\/produto\/nox-quantum-carbon-12k-6\/#breadcrumb","itemListElement":[{"@type":"ListItem","position":1,"name":"Portada","item":"https:\/\/revolutionpadelstore.com\/pt-pt\/"},{"@type":"ListItem","position":2,"name":"Tienda","item":"https:\/\/revolutionpadelstore.com\/pt-pt\/tienda\/"},{"@type":"ListItem","position":3,"name":"NOX QUANTUM CARBON 12K"}]},{"@type":"WebSite","@id":"https:\/\/revolutionpadelstore.com\/pt-pt\/#website","url":"https:\/\/revolutionpadelstore.com\/pt-pt\/","name":"Revolution Padel Store","description":"","publisher":{"@id":"https:\/\/revolutionpadelstore.com\/pt-pt\/#organization"},"potentialAction":[{"@type":"SearchAction","target":{"@type":"EntryPoint","urlTemplate":"https:\/\/revolutionpadelstore.com\/pt-pt\/?s={search_term_string}"},"query-input":{"@type":"PropertyValueSpecification","valueRequired":true,"valueName":"search_term_string"}}],"inLanguage":"pt-PT"},{"@type":"Organization","@id":"https:\/\/revolutionpadelstore.com\/pt-pt\/#organization","name":"Revolution Padel Store","url":"https:\/\/revolutionpadelstore.com\/pt-pt\/","logo":{"@type":"ImageObject","inLanguage":"pt-PT","@id":"https:\/\/revolutionpadelstore.com\/pt-pt\/#\/schema\/logo\/image\/","url":"https:\/\/revolutionpadelstore.com\/wp-content\/uploads\/2026\/02\/revolution-padel-store.jpg","contentUrl":"https:\/\/revolutionpadelstore.com\/wp-content\/uploads\/2026\/02\/revolution-padel-store.jpg","width":2000,"height":2000,"caption":"Revolution Padel Store"},"image":{"@id":"https:\/\/revolutionpadelstore.com\/pt-pt\/#\/schema\/logo\/image\/"},"sameAs":["https:\/\/www.instagram.com\/revolutionpadelstore\/"]}]}},"_links":{"self":[{"href":"https:\/\/revolutionpadelstore.com\/pt-pt\/wp-json\/wp\/v2\/product\/217397","targetHints":{"allow":["GET"]}}],"collection":[{"href":"https:\/\/revolutionpadelstore.com\/pt-pt\/wp-json\/wp\/v2\/product"}],"about":[{"href":"https:\/\/revolutionpadelstore.com\/pt-pt\/wp-json\/wp\/v2\/types\/product"}],"replies":[{"embeddable":true,"href":"https:\/\/revolutionpadelstore.com\/pt-pt\/wp-json\/wp\/v2\/comments?post=217397"}],"wp:featuredmedia":[{"embeddable":true,"href":"https:\/\/revolutionpadelstore.com\/pt-pt\/wp-json\/wp\/v2\/media\/217356"}],"wp:attachment":[{"href":"https:\/\/revolutionpadelstore.com\/pt-pt\/wp-json\/wp\/v2\/media?parent=217397"}],"wp:term":[{"taxonomy":"acabado","embeddable":true,"href":"https:\/\/revolutionpadelstore.com\/pt-pt\/wp-json\/wp\/v2\/acabado?post=217397"},{"taxonomy":"balance","embeddable":true,"href":"https:\/\/revolutionpadelstore.com\/pt-pt\/wp-json\/wp\/v2\/balance?post=217397"},{"taxonomy":"dureza","embeddable":true,"href":"https:\/\/revolutionpadelstore.com\/pt-pt\/wp-json\/wp\/v2\/dureza?post=217397"},{"taxonomy":"forma","embeddable":true,"href":"https:\/\/revolutionpadelstore.com\/pt-pt\/wp-json\/wp\/v2\/forma?post=217397"},{"taxonomy":"jugador","embeddable":true,"href":"https:\/\/revolutionpadelstore.com\/pt-pt\/wp-json\/wp\/v2\/jugador?post=217397"},{"taxonomy":"marca","embeddable":true,"href":"https:\/\/revolutionpadelstore.com\/pt-pt\/wp-json\/wp\/v2\/marca?post=217397"},{"taxonomy":"nivel-de-juego","embeddable":true,"href":"https:\/\/revolutionpadelstore.com\/pt-pt\/wp-json\/wp\/v2\/nivel-de-juego?post=217397"},{"taxonomy":"superficie","embeddable":true,"href":"https:\/\/revolutionpadelstore.com\/pt-pt\/wp-json\/wp\/v2\/superficie?post=217397"},{"taxonomy":"tipo-de-juego","embeddable":true,"href":"https:\/\/revolutionpadelstore.com\/pt-pt\/wp-json\/wp\/v2\/tipo-de-juego?post=217397"},{"taxonomy":"product_brand","embeddable":true,"href":"https:\/\/revolutionpadelstore.com\/pt-pt\/wp-json\/wp\/v2\/product_brand?post=217397"},{"taxonomy":"product_cat","embeddable":true,"href":"https:\/\/revolutionpadelstore.com\/pt-pt\/wp-json\/wp\/v2\/product_cat?post=217397"},{"taxonomy":"product_tag","embeddable":true,"href":"https:\/\/revolutionpadelstore.com\/pt-pt\/wp-json\/wp\/v2\/product_tag?post=217397"}],"curies":[{"name":"wp","href":"https:\/\/api.w.org\/{rel}","templated":true}]}}