{"id":21711,"date":"2024-03-05T15:01:19","date_gmt":"2024-03-05T14:01:19","guid":{"rendered":"https:\/\/revolutionpadelstore.com\/adidas-metalbone-youth-3-3-2024\/"},"modified":"2026-04-22T02:00:11","modified_gmt":"2026-04-22T00:00:11","slug":"adidas-metalbone-youth-3-3-2024-5","status":"publish","type":"product","link":"https:\/\/revolutionpadelstore.com\/pt-pt\/produto\/adidas-metalbone-youth-3-3-2024-5\/","title":{"rendered":"ADIDAS METALBONE YOUTH 3.3 2024"},"content":{"rendered":"<h2>Adidas Metalbone Youth 3.3 2024, raquete vers\u00e1til para jovens jogadores promissores<\/h2>\n<p><strong>Adidas Metalbone Youth 3.3<\/strong>, raquete de padel para os jogadores mais jovens na sua fase mais importante de crescimento. Uma raquete da cole\u00e7\u00e3o <strong>2024<\/strong>. Esta raquete com corpo em forma de diamante <em>oversize<\/em><\/strong><em> <\/em>possui um sweet spot alto para poder finalizar.<\/p>\n<p>Este modelo de p\u00e1 \u00e9<em><strong>leve<\/strong><\/em>. O peso do remo \u00e9 muito menor que o peso padr\u00e3o de um remo adulto. Pesa cerca de 330-345 gramas para que os jovens jogadores de padel possam manuse\u00e1-lo facilmente.<\/p>\n<h2>L\u00e2mina diamantada com fibra de vidro, pot\u00eancia e conforto<\/h2>\n<p>Ser capaz de finalizar golpes com pot\u00eancia e ao mesmo tempo sentir golpes confort\u00e1veis. A sensa\u00e7\u00e3o desta raquete \u00e9 flex\u00edvel e macia. A moldura e as faces foram feitas com<strong>fibra de vidro<\/strong>.<\/p>\n<p>O n\u00facleo da raquete \u00e9 feito de <strong>borracha EVA <em>Soft Performance<\/em><\/strong><em>.<\/em> Uma borracha de baixa densidade para amortecer e quicar a bola. Permite jogar melhor os golpes do advers\u00e1rio que v\u00eam com menor velocidade.<\/p>\n<p>Gra\u00e7as \u00e0 tecnologia <em><strong>Smart Holes Curve <\/strong><\/em>, consegue-se um melhor manuseio e jogo do giro da bola. Isto \u00e9 conseguido com a distribui\u00e7\u00e3o espec\u00edfica das matrizes seguindo linhas curvas nos planos.<\/p>\n<h3>Tecnologias pensadas para uma raquete forte e resistente<\/h3>\n<p>Para resistir \u00e0 tor\u00e7\u00e3o durante o jogo, a raquete foi projetada com tecnologia de<em>Refor\u00e7o Estrutural<\/em>. A estrutura da l\u00e2mina \u00e9 refor\u00e7ada perimetralmente. E para ter maior rigidez possui<em><strong>Estrutura Octogonal<\/strong><\/em>, uma estrutura tubular em formato octogonal.<\/p>\n<p>Uma raquete de design jovem e esportivo na cor preta com detalhes em vermelho vibrante e logotipo da Adidas em branco nas faces. Se voc\u00ea deseja que seu jovem jogador de padel seja o jogador mais destacado em quadra, n\u00e3o hesite em comprar esta raquete para ele.<\/p>\n<h2>Adidas Metalbone Youth 3.3 2024, pala polivalente para las j\u00f3venes promesas<\/h2>\n","protected":false},"excerpt":{"rendered":"<p>Raquete vers\u00e1til para jovens jogadores de padel. Com fibra de vidro e borracha EVA Soft. Raquete de padel Adidas Metalbone Youth 3.3, 2024 com formato de diamante grande.<\/p>\n","protected":false},"featured_media":62166,"comment_status":"open","ping_status":"closed","template":"","meta":{"_acf_changed":false,"_joinchat":[]},"acabado":[1085],"balance":[1135],"dureza":[1150],"forma":[1170],"jugador":[1205],"marca":[1230],"nivel-de-juego":[1350],"superficie":[1355],"tipo-de-juego":[1385],"product_brand":[],"product_cat":[300],"product_tag":[],"class_list":{"0":"post-21711","1":"product","2":"type-product","3":"status-publish","4":"has-post-thumbnail","6":"acabado-companheiro","7":"balance-alto-pt-pt","8":"dureza-blanda-pt-pt","9":"forma-diamante-pt-pt","10":"jugador-junior-pt-pt","11":"marca-adidas-pt-pt","12":"superficie-lisa-pt-pt","13":"tipo-de-juego-polivalente-pt-pt","14":"product_cat-palas","16":"first","17":"instock","18":"sale","19":"taxable","20":"shipping-taxable","21":"purchasable","22":"product-type-simple"},"acf":[],"yoast_head":"<!-- This site is optimized with the Yoast SEO plugin v27.4 - https:\/\/yoast.com\/product\/yoast-seo-wordpress\/ -->\n<title>ADIDAS METALBONE YOUTH 3.3 2024 - Revolution Padel Store<\/title>\n<meta name=\"description\" content=\"Pala polivalente para jugadores j\u00f3venes de p\u00e1del. Con fibra de vidrio y goma EVA Soft. Adidas Metalbone Youth 3.3, pala de p\u00e1del 2024 con forma de diamante oversize.\u00a0\" \/>\n<meta name=\"robots\" content=\"index, follow, max-snippet:-1, max-image-preview:large, max-video-preview:-1\" \/>\n<link rel=\"canonical\" href=\"https:\/\/revolutionpadelstore.com\/pt-pt\/produto\/adidas-metalbone-youth-3-3-2024-5\/\" \/>\n<meta property=\"og:locale\" content=\"pt_PT\" \/>\n<meta property=\"og:type\" content=\"article\" \/>\n<meta property=\"og:title\" content=\"ADIDAS METALBONE YOUTH 3.3 2024\" \/>\n<meta property=\"og:description\" content=\"Pala polivalente para jugadores j\u00f3venes de p\u00e1del. Con fibra de vidrio y goma EVA Soft. Adidas Metalbone Youth 3.3, pala de p\u00e1del 2024 con forma de diamante oversize.\u00a0\" \/>\n<meta property=\"og:url\" content=\"https:\/\/revolutionpadelstore.com\/pt-pt\/produto\/adidas-metalbone-youth-3-3-2024-5\/\" \/>\n<meta property=\"og:site_name\" content=\"Revolution Padel Store\" \/>\n<meta property=\"article:modified_time\" content=\"2026-04-22T00:00:11+00:00\" \/>\n<meta property=\"og:image\" content=\"https:\/\/revolutionpadelstore.com\/wp-content\/uploads\/2024\/03\/110148_padel_webs_padel_y_grupo_pala_adidas_metalbone_youth_3_3_adrk4aa0u0116f__d3bd.webp\" \/>\n\t<meta property=\"og:image:width\" content=\"1500\" \/>\n\t<meta property=\"og:image:height\" content=\"1500\" \/>\n\t<meta property=\"og:image:type\" content=\"image\/webp\" \/>\n<meta name=\"twitter:card\" content=\"summary_large_image\" \/>\n<meta name=\"twitter:label1\" content=\"Tempo estimado de leitura\" \/>\n\t<meta name=\"twitter:data1\" content=\"2 minutos\" \/>\n<script type=\"application\/ld+json\" class=\"yoast-schema-graph\">{\"@context\":\"https:\\\/\\\/schema.org\",\"@graph\":[{\"@type\":\"WebPage\",\"@id\":\"https:\\\/\\\/revolutionpadelstore.com\\\/pt-pt\\\/produto\\\/adidas-metalbone-youth-3-3-2024-5\\\/\",\"url\":\"https:\\\/\\\/revolutionpadelstore.com\\\/pt-pt\\\/produto\\\/adidas-metalbone-youth-3-3-2024-5\\\/\",\"name\":\"ADIDAS METALBONE YOUTH 3.3 2024 - Revolution Padel Store\",\"isPartOf\":{\"@id\":\"https:\\\/\\\/revolutionpadelstore.com\\\/pt-pt\\\/#website\"},\"primaryImageOfPage\":{\"@id\":\"https:\\\/\\\/revolutionpadelstore.com\\\/pt-pt\\\/produto\\\/adidas-metalbone-youth-3-3-2024-5\\\/#primaryimage\"},\"image\":{\"@id\":\"https:\\\/\\\/revolutionpadelstore.com\\\/pt-pt\\\/produto\\\/adidas-metalbone-youth-3-3-2024-5\\\/#primaryimage\"},\"thumbnailUrl\":\"https:\\\/\\\/revolutionpadelstore.com\\\/wp-content\\\/uploads\\\/2024\\\/03\\\/110148_padel_webs_padel_y_grupo_pala_adidas_metalbone_youth_3_3_adrk4aa0u0116f__d3bd.webp\",\"datePublished\":\"2024-03-05T14:01:19+00:00\",\"dateModified\":\"2026-04-22T00:00:11+00:00\",\"description\":\"Pala polivalente para jugadores j\u00f3venes de p\u00e1del. Con fibra de vidrio y goma EVA Soft. Adidas Metalbone Youth 3.3, pala de p\u00e1del 2024 con forma de diamante oversize.\u00a0\",\"breadcrumb\":{\"@id\":\"https:\\\/\\\/revolutionpadelstore.com\\\/pt-pt\\\/produto\\\/adidas-metalbone-youth-3-3-2024-5\\\/#breadcrumb\"},\"inLanguage\":\"pt-PT\",\"potentialAction\":[{\"@type\":\"ReadAction\",\"target\":[\"https:\\\/\\\/revolutionpadelstore.com\\\/pt-pt\\\/produto\\\/adidas-metalbone-youth-3-3-2024-5\\\/\"]}]},{\"@type\":\"ImageObject\",\"inLanguage\":\"pt-PT\",\"@id\":\"https:\\\/\\\/revolutionpadelstore.com\\\/pt-pt\\\/produto\\\/adidas-metalbone-youth-3-3-2024-5\\\/#primaryimage\",\"url\":\"https:\\\/\\\/revolutionpadelstore.com\\\/wp-content\\\/uploads\\\/2024\\\/03\\\/110148_padel_webs_padel_y_grupo_pala_adidas_metalbone_youth_3_3_adrk4aa0u0116f__d3bd.webp\",\"contentUrl\":\"https:\\\/\\\/revolutionpadelstore.com\\\/wp-content\\\/uploads\\\/2024\\\/03\\\/110148_padel_webs_padel_y_grupo_pala_adidas_metalbone_youth_3_3_adrk4aa0u0116f__d3bd.webp\",\"width\":1500,\"height\":1500},{\"@type\":\"BreadcrumbList\",\"@id\":\"https:\\\/\\\/revolutionpadelstore.com\\\/pt-pt\\\/produto\\\/adidas-metalbone-youth-3-3-2024-5\\\/#breadcrumb\",\"itemListElement\":[{\"@type\":\"ListItem\",\"position\":1,\"name\":\"Portada\",\"item\":\"https:\\\/\\\/revolutionpadelstore.com\\\/pt-pt\\\/\"},{\"@type\":\"ListItem\",\"position\":2,\"name\":\"Tienda\",\"item\":\"https:\\\/\\\/revolutionpadelstore.com\\\/pt-pt\\\/tienda\\\/\"},{\"@type\":\"ListItem\",\"position\":3,\"name\":\"ADIDAS METALBONE YOUTH 3.3 2024\"}]},{\"@type\":\"WebSite\",\"@id\":\"https:\\\/\\\/revolutionpadelstore.com\\\/pt-pt\\\/#website\",\"url\":\"https:\\\/\\\/revolutionpadelstore.com\\\/pt-pt\\\/\",\"name\":\"Revolution Padel Store\",\"description\":\"\",\"publisher\":{\"@id\":\"https:\\\/\\\/revolutionpadelstore.com\\\/pt-pt\\\/#organization\"},\"potentialAction\":[{\"@type\":\"SearchAction\",\"target\":{\"@type\":\"EntryPoint\",\"urlTemplate\":\"https:\\\/\\\/revolutionpadelstore.com\\\/pt-pt\\\/?s={search_term_string}\"},\"query-input\":{\"@type\":\"PropertyValueSpecification\",\"valueRequired\":true,\"valueName\":\"search_term_string\"}}],\"inLanguage\":\"pt-PT\"},{\"@type\":\"Organization\",\"@id\":\"https:\\\/\\\/revolutionpadelstore.com\\\/pt-pt\\\/#organization\",\"name\":\"Revolution Padel Store\",\"url\":\"https:\\\/\\\/revolutionpadelstore.com\\\/pt-pt\\\/\",\"logo\":{\"@type\":\"ImageObject\",\"inLanguage\":\"pt-PT\",\"@id\":\"https:\\\/\\\/revolutionpadelstore.com\\\/pt-pt\\\/#\\\/schema\\\/logo\\\/image\\\/\",\"url\":\"https:\\\/\\\/revolutionpadelstore.com\\\/wp-content\\\/uploads\\\/2026\\\/02\\\/revolution-padel-store.jpg\",\"contentUrl\":\"https:\\\/\\\/revolutionpadelstore.com\\\/wp-content\\\/uploads\\\/2026\\\/02\\\/revolution-padel-store.jpg\",\"width\":2000,\"height\":2000,\"caption\":\"Revolution Padel Store\"},\"image\":{\"@id\":\"https:\\\/\\\/revolutionpadelstore.com\\\/pt-pt\\\/#\\\/schema\\\/logo\\\/image\\\/\"},\"sameAs\":[\"https:\\\/\\\/www.instagram.com\\\/revolutionpadelstore\\\/\"]}]}<\/script>\n<!-- \/ Yoast SEO plugin. -->","yoast_head_json":{"title":"ADIDAS METALBONE YOUTH 3.3 2024 - Revolution Padel Store","description":"Pala polivalente para jugadores j\u00f3venes de p\u00e1del. Con fibra de vidrio y goma EVA Soft. Adidas Metalbone Youth 3.3, pala de p\u00e1del 2024 con forma de diamante oversize.\u00a0","robots":{"index":"index","follow":"follow","max-snippet":"max-snippet:-1","max-image-preview":"max-image-preview:large","max-video-preview":"max-video-preview:-1"},"canonical":"https:\/\/revolutionpadelstore.com\/pt-pt\/produto\/adidas-metalbone-youth-3-3-2024-5\/","og_locale":"pt_PT","og_type":"article","og_title":"ADIDAS METALBONE YOUTH 3.3 2024","og_description":"Pala polivalente para jugadores j\u00f3venes de p\u00e1del. Con fibra de vidrio y goma EVA Soft. Adidas Metalbone Youth 3.3, pala de p\u00e1del 2024 con forma de diamante oversize.\u00a0","og_url":"https:\/\/revolutionpadelstore.com\/pt-pt\/produto\/adidas-metalbone-youth-3-3-2024-5\/","og_site_name":"Revolution Padel Store","article_modified_time":"2026-04-22T00:00:11+00:00","og_image":[{"width":1500,"height":1500,"url":"https:\/\/revolutionpadelstore.com\/wp-content\/uploads\/2024\/03\/110148_padel_webs_padel_y_grupo_pala_adidas_metalbone_youth_3_3_adrk4aa0u0116f__d3bd.webp","type":"image\/webp"}],"twitter_card":"summary_large_image","twitter_misc":{"Tempo estimado de leitura":"2 minutos"},"schema":{"@context":"https:\/\/schema.org","@graph":[{"@type":"WebPage","@id":"https:\/\/revolutionpadelstore.com\/pt-pt\/produto\/adidas-metalbone-youth-3-3-2024-5\/","url":"https:\/\/revolutionpadelstore.com\/pt-pt\/produto\/adidas-metalbone-youth-3-3-2024-5\/","name":"ADIDAS METALBONE YOUTH 3.3 2024 - Revolution Padel Store","isPartOf":{"@id":"https:\/\/revolutionpadelstore.com\/pt-pt\/#website"},"primaryImageOfPage":{"@id":"https:\/\/revolutionpadelstore.com\/pt-pt\/produto\/adidas-metalbone-youth-3-3-2024-5\/#primaryimage"},"image":{"@id":"https:\/\/revolutionpadelstore.com\/pt-pt\/produto\/adidas-metalbone-youth-3-3-2024-5\/#primaryimage"},"thumbnailUrl":"https:\/\/revolutionpadelstore.com\/wp-content\/uploads\/2024\/03\/110148_padel_webs_padel_y_grupo_pala_adidas_metalbone_youth_3_3_adrk4aa0u0116f__d3bd.webp","datePublished":"2024-03-05T14:01:19+00:00","dateModified":"2026-04-22T00:00:11+00:00","description":"Pala polivalente para jugadores j\u00f3venes de p\u00e1del. Con fibra de vidrio y goma EVA Soft. Adidas Metalbone Youth 3.3, pala de p\u00e1del 2024 con forma de diamante oversize.\u00a0","breadcrumb":{"@id":"https:\/\/revolutionpadelstore.com\/pt-pt\/produto\/adidas-metalbone-youth-3-3-2024-5\/#breadcrumb"},"inLanguage":"pt-PT","potentialAction":[{"@type":"ReadAction","target":["https:\/\/revolutionpadelstore.com\/pt-pt\/produto\/adidas-metalbone-youth-3-3-2024-5\/"]}]},{"@type":"ImageObject","inLanguage":"pt-PT","@id":"https:\/\/revolutionpadelstore.com\/pt-pt\/produto\/adidas-metalbone-youth-3-3-2024-5\/#primaryimage","url":"https:\/\/revolutionpadelstore.com\/wp-content\/uploads\/2024\/03\/110148_padel_webs_padel_y_grupo_pala_adidas_metalbone_youth_3_3_adrk4aa0u0116f__d3bd.webp","contentUrl":"https:\/\/revolutionpadelstore.com\/wp-content\/uploads\/2024\/03\/110148_padel_webs_padel_y_grupo_pala_adidas_metalbone_youth_3_3_adrk4aa0u0116f__d3bd.webp","width":1500,"height":1500},{"@type":"BreadcrumbList","@id":"https:\/\/revolutionpadelstore.com\/pt-pt\/produto\/adidas-metalbone-youth-3-3-2024-5\/#breadcrumb","itemListElement":[{"@type":"ListItem","position":1,"name":"Portada","item":"https:\/\/revolutionpadelstore.com\/pt-pt\/"},{"@type":"ListItem","position":2,"name":"Tienda","item":"https:\/\/revolutionpadelstore.com\/pt-pt\/tienda\/"},{"@type":"ListItem","position":3,"name":"ADIDAS METALBONE YOUTH 3.3 2024"}]},{"@type":"WebSite","@id":"https:\/\/revolutionpadelstore.com\/pt-pt\/#website","url":"https:\/\/revolutionpadelstore.com\/pt-pt\/","name":"Revolution Padel Store","description":"","publisher":{"@id":"https:\/\/revolutionpadelstore.com\/pt-pt\/#organization"},"potentialAction":[{"@type":"SearchAction","target":{"@type":"EntryPoint","urlTemplate":"https:\/\/revolutionpadelstore.com\/pt-pt\/?s={search_term_string}"},"query-input":{"@type":"PropertyValueSpecification","valueRequired":true,"valueName":"search_term_string"}}],"inLanguage":"pt-PT"},{"@type":"Organization","@id":"https:\/\/revolutionpadelstore.com\/pt-pt\/#organization","name":"Revolution Padel Store","url":"https:\/\/revolutionpadelstore.com\/pt-pt\/","logo":{"@type":"ImageObject","inLanguage":"pt-PT","@id":"https:\/\/revolutionpadelstore.com\/pt-pt\/#\/schema\/logo\/image\/","url":"https:\/\/revolutionpadelstore.com\/wp-content\/uploads\/2026\/02\/revolution-padel-store.jpg","contentUrl":"https:\/\/revolutionpadelstore.com\/wp-content\/uploads\/2026\/02\/revolution-padel-store.jpg","width":2000,"height":2000,"caption":"Revolution Padel Store"},"image":{"@id":"https:\/\/revolutionpadelstore.com\/pt-pt\/#\/schema\/logo\/image\/"},"sameAs":["https:\/\/www.instagram.com\/revolutionpadelstore\/"]}]}},"_links":{"self":[{"href":"https:\/\/revolutionpadelstore.com\/pt-pt\/wp-json\/wp\/v2\/product\/21711","targetHints":{"allow":["GET"]}}],"collection":[{"href":"https:\/\/revolutionpadelstore.com\/pt-pt\/wp-json\/wp\/v2\/product"}],"about":[{"href":"https:\/\/revolutionpadelstore.com\/pt-pt\/wp-json\/wp\/v2\/types\/product"}],"replies":[{"embeddable":true,"href":"https:\/\/revolutionpadelstore.com\/pt-pt\/wp-json\/wp\/v2\/comments?post=21711"}],"wp:featuredmedia":[{"embeddable":true,"href":"https:\/\/revolutionpadelstore.com\/pt-pt\/wp-json\/wp\/v2\/media\/62166"}],"wp:attachment":[{"href":"https:\/\/revolutionpadelstore.com\/pt-pt\/wp-json\/wp\/v2\/media?parent=21711"}],"wp:term":[{"taxonomy":"acabado","embeddable":true,"href":"https:\/\/revolutionpadelstore.com\/pt-pt\/wp-json\/wp\/v2\/acabado?post=21711"},{"taxonomy":"balance","embeddable":true,"href":"https:\/\/revolutionpadelstore.com\/pt-pt\/wp-json\/wp\/v2\/balance?post=21711"},{"taxonomy":"dureza","embeddable":true,"href":"https:\/\/revolutionpadelstore.com\/pt-pt\/wp-json\/wp\/v2\/dureza?post=21711"},{"taxonomy":"forma","embeddable":true,"href":"https:\/\/revolutionpadelstore.com\/pt-pt\/wp-json\/wp\/v2\/forma?post=21711"},{"taxonomy":"jugador","embeddable":true,"href":"https:\/\/revolutionpadelstore.com\/pt-pt\/wp-json\/wp\/v2\/jugador?post=21711"},{"taxonomy":"marca","embeddable":true,"href":"https:\/\/revolutionpadelstore.com\/pt-pt\/wp-json\/wp\/v2\/marca?post=21711"},{"taxonomy":"nivel-de-juego","embeddable":true,"href":"https:\/\/revolutionpadelstore.com\/pt-pt\/wp-json\/wp\/v2\/nivel-de-juego?post=21711"},{"taxonomy":"superficie","embeddable":true,"href":"https:\/\/revolutionpadelstore.com\/pt-pt\/wp-json\/wp\/v2\/superficie?post=21711"},{"taxonomy":"tipo-de-juego","embeddable":true,"href":"https:\/\/revolutionpadelstore.com\/pt-pt\/wp-json\/wp\/v2\/tipo-de-juego?post=21711"},{"taxonomy":"product_brand","embeddable":true,"href":"https:\/\/revolutionpadelstore.com\/pt-pt\/wp-json\/wp\/v2\/product_brand?post=21711"},{"taxonomy":"product_cat","embeddable":true,"href":"https:\/\/revolutionpadelstore.com\/pt-pt\/wp-json\/wp\/v2\/product_cat?post=21711"},{"taxonomy":"product_tag","embeddable":true,"href":"https:\/\/revolutionpadelstore.com\/pt-pt\/wp-json\/wp\/v2\/product_tag?post=21711"}],"curies":[{"name":"wp","href":"https:\/\/api.w.org\/{rel}","templated":true}]}}