{"id":216996,"date":"2025-03-31T20:42:21","date_gmt":"2025-03-31T18:42:21","guid":{"rendered":"https:\/\/revolutionpadelstore.com\/siux-trilogy-go-5\/"},"modified":"2026-04-01T02:25:28","modified_gmt":"2026-04-01T00:25:28","slug":"siux-trilogy-pro-5-2025-5","status":"publish","type":"product","link":"https:\/\/revolutionpadelstore.com\/pt-pt\/produto\/siux-trilogy-pro-5-2025-5\/","title":{"rendered":"SIUX TRILOGY PRO 5 2025"},"content":{"rendered":"<p><H2> <strong> Siux Trilogy Pro 5 2025 &#8211; Controle m\u00e1ximo com poder profissional <\/strong> <\/h2>\n<p>A <strong> Siux Trilogy Pro 5 2025 <\/strong> representa o equil\u00edbrio perfeito entre <strong> poder e controle <\/strong>, ideal para jogadores avan\u00e7ados que buscam precis\u00e3o sem perder for\u00e7a em cada golpe. Sua forma redonda expande o ponto doce, garantindo uma excelente resposta, mesmo em golpes descentralizados. Al\u00e9m disso, seu <strong> equilibra baixo <\/strong> melhora a manobrabilidade e ajuda a evitar les\u00f5es no bra\u00e7o.<br \/>\n<H2> <strong> Design e materiais de alto desempenho <\/strong> <\/h2>\n<p>Fabricado com <strong> fibra de carbono <\/strong> e n\u00facleo de <strong> borracha eva <\/strong>, esta p\u00e1 oferece uma sensa\u00e7\u00e3o s\u00f3lida, resistente e duradoura, perfeita para aqueles que exigem qualidade profissional. A incorpora\u00e7\u00e3o do sistema <strong> Dual Pro Grip <\/strong> reduz as vibra\u00e7\u00f5es, melhorando o conforto e reduzindo o risco de desconforto ap\u00f3s o uso prolongado.<br \/>\n<H2> <strong> Estilo e tecnologia unidos <\/strong> <\/h2>\n<p>O design no brilho <strong> 3D <\/strong> combina as cores <strong> verde, preto e laranja <\/strong> para dar uma apar\u00eancia moderna e sofisticada que n\u00e3o passa despercebida na pista.<br \/>\n<H2> <strong> caracter\u00edsticas proeminentes <\/strong> <\/h2>\n<p><P> <strong> -forma <\/strong>: controle redondo-greater e precis\u00e3o <\/p>\n<p>&lt;p style = &quot;preenchimento-esquerda: 40px;&quot;<br \/>\n<P> <strong> -marco <\/strong>: 100% de poder e firmeza <\/p>\n<p>&lt;p style = &quot;preenchimento-esquerda: 40px;&quot;<br \/>\n&lt;p style = &quot;preenchimento-esquerda: 40px;&quot;<\/p>\n<p> <strong> -Falance Low <\/strong> -Superior Manneuverabilidade <\/p>\n<p><H2> <strong> ideal para jogadores avan\u00e7ados <\/strong> <\/h2>\n<p>O Trilogy Pro 5 2025 foi projetado para jogadores t\u00e9cnicos e experientes <\/strong> Procurando uma p\u00e1 vers\u00e1til, poderosa e precisa. Domine a pista com confian\u00e7a e aumente seu jogo para o pr\u00f3ximo n\u00edvel.<br \/>\n&lt;H2 Data-start = &quot;2175&quot; Data-end = &quot;2251&quot;<\/p>\n<p class=\"\" data-scart=\"2252\"> Fique com esta p\u00e1 profissional em <Strong Data-start=\"2287\" Data-nd=\"2359\" Data-end=\"2357\"> www.revolutionPadelSore.com  <\/strong>, 3357 &#8220;&gt; www.revolutionPadelStore.com <\/strong> N\u00e3o perca esta oportunidade e levante seu jogo para o pr\u00f3ximo n\u00edvel! <\/p>\n","protected":false},"excerpt":{"rendered":"<p>O Siux Trilogy Pro 5 2025 oferece um equil\u00edbrio perfeito entre controle e precis\u00e3o, sem perder energia nos golpes. \u00c9 fabricado com uma estrutura de carbono 100% e possui o sistema de ader\u00eancia Pro Dual.<\/p>\n","protected":false},"featured_media":217002,"comment_status":"open","ping_status":"closed","template":"","meta":{"_acf_changed":false,"_joinchat":[]},"acabado":[1080],"balance":[1145],"dureza":[1155],"forma":[1180],"jugador":[1190,1200],"marca":[1305],"nivel-de-juego":[1335,1345],"superficie":[1360],"tipo-de-juego":[1370,1375],"product_brand":[],"product_cat":[300],"product_tag":[],"class_list":{"0":"post-216996","1":"product","2":"type-product","3":"status-publish","4":"has-post-thumbnail","6":"acabado-brilho","7":"balance-baixo","8":"dureza-media-pt-pt","9":"forma-rodada","10":"jugador-homem","11":"jugador-polivalente-pt-pt","12":"marca-siux-pt-pt","13":"superficie-rugosa-pt-pt","14":"tipo-de-juego-controle","15":"tipo-de-juego-poder","16":"product_cat-palas","18":"first","19":"instock","20":"sale","21":"taxable","22":"shipping-taxable","23":"purchasable","24":"product-type-simple"},"acf":[],"yoast_head":"<!-- This site is optimized with the Yoast SEO plugin v27.3 - https:\/\/yoast.com\/product\/yoast-seo-wordpress\/ -->\n<title>SIUX TRILOGY PRO 5 2025 - Revolution Padel Store<\/title>\n<meta name=\"description\" content=\"Descubre la nueva Siux Trilogy Pro 5 2025 en Revolution Padel Store. Pala profesional de control y potencia para jugadores avanzados. Dise\u00f1o exclusivo, materiales premium y mejor precio online.\" \/>\n<meta name=\"robots\" content=\"index, follow, max-snippet:-1, max-image-preview:large, max-video-preview:-1\" \/>\n<link rel=\"canonical\" href=\"https:\/\/revolutionpadelstore.com\/pt-pt\/produto\/siux-trilogy-pro-5-2025-5\/\" \/>\n<meta property=\"og:locale\" content=\"pt_PT\" \/>\n<meta property=\"og:type\" content=\"article\" \/>\n<meta property=\"og:title\" content=\"SIUX TRILOGY PRO 5 2025 - Revolution Padel Store\" \/>\n<meta property=\"og:description\" content=\"Descubre la nueva Siux Trilogy Pro 5 2025 en Revolution Padel Store. Pala profesional de control y potencia para jugadores avanzados. Dise\u00f1o exclusivo, materiales premium y mejor precio online.\" \/>\n<meta property=\"og:url\" content=\"https:\/\/revolutionpadelstore.com\/pt-pt\/produto\/siux-trilogy-pro-5-2025-5\/\" \/>\n<meta property=\"og:site_name\" content=\"Revolution Padel Store\" \/>\n<meta property=\"article:modified_time\" content=\"2026-04-01T00:25:28+00:00\" \/>\n<meta property=\"og:image\" content=\"https:\/\/revolutionpadelstore.com\/wp-content\/uploads\/2025\/03\/112655-siux-trilogy-pro-5-1500x1500-1.webp\" \/>\n\t<meta property=\"og:image:width\" content=\"1500\" \/>\n\t<meta property=\"og:image:height\" content=\"1500\" \/>\n\t<meta property=\"og:image:type\" content=\"image\/webp\" \/>\n<meta name=\"twitter:card\" content=\"summary_large_image\" \/>\n<meta name=\"twitter:label1\" content=\"Tempo estimado de leitura\" \/>\n\t<meta name=\"twitter:data1\" content=\"2 minutos\" \/>\n<script type=\"application\/ld+json\" class=\"yoast-schema-graph\">{\"@context\":\"https:\\\/\\\/schema.org\",\"@graph\":[{\"@type\":\"WebPage\",\"@id\":\"https:\\\/\\\/revolutionpadelstore.com\\\/pt-pt\\\/produto\\\/siux-trilogy-pro-5-2025-5\\\/\",\"url\":\"https:\\\/\\\/revolutionpadelstore.com\\\/pt-pt\\\/produto\\\/siux-trilogy-pro-5-2025-5\\\/\",\"name\":\"SIUX TRILOGY PRO 5 2025 - Revolution Padel Store\",\"isPartOf\":{\"@id\":\"https:\\\/\\\/revolutionpadelstore.com\\\/pt-pt\\\/#website\"},\"primaryImageOfPage\":{\"@id\":\"https:\\\/\\\/revolutionpadelstore.com\\\/pt-pt\\\/produto\\\/siux-trilogy-pro-5-2025-5\\\/#primaryimage\"},\"image\":{\"@id\":\"https:\\\/\\\/revolutionpadelstore.com\\\/pt-pt\\\/produto\\\/siux-trilogy-pro-5-2025-5\\\/#primaryimage\"},\"thumbnailUrl\":\"https:\\\/\\\/revolutionpadelstore.com\\\/wp-content\\\/uploads\\\/2025\\\/03\\\/112655-siux-trilogy-pro-5-1500x1500-1.webp\",\"datePublished\":\"2025-03-31T18:42:21+00:00\",\"dateModified\":\"2026-04-01T00:25:28+00:00\",\"description\":\"Descubre la nueva Siux Trilogy Pro 5 2025 en Revolution Padel Store. Pala profesional de control y potencia para jugadores avanzados. Dise\u00f1o exclusivo, materiales premium y mejor precio online.\",\"breadcrumb\":{\"@id\":\"https:\\\/\\\/revolutionpadelstore.com\\\/pt-pt\\\/produto\\\/siux-trilogy-pro-5-2025-5\\\/#breadcrumb\"},\"inLanguage\":\"pt-PT\",\"potentialAction\":[{\"@type\":\"ReadAction\",\"target\":[\"https:\\\/\\\/revolutionpadelstore.com\\\/pt-pt\\\/produto\\\/siux-trilogy-pro-5-2025-5\\\/\"]}]},{\"@type\":\"ImageObject\",\"inLanguage\":\"pt-PT\",\"@id\":\"https:\\\/\\\/revolutionpadelstore.com\\\/pt-pt\\\/produto\\\/siux-trilogy-pro-5-2025-5\\\/#primaryimage\",\"url\":\"https:\\\/\\\/revolutionpadelstore.com\\\/wp-content\\\/uploads\\\/2025\\\/03\\\/112655-siux-trilogy-pro-5-1500x1500-1.webp\",\"contentUrl\":\"https:\\\/\\\/revolutionpadelstore.com\\\/wp-content\\\/uploads\\\/2025\\\/03\\\/112655-siux-trilogy-pro-5-1500x1500-1.webp\",\"width\":1500,\"height\":1500},{\"@type\":\"BreadcrumbList\",\"@id\":\"https:\\\/\\\/revolutionpadelstore.com\\\/pt-pt\\\/produto\\\/siux-trilogy-pro-5-2025-5\\\/#breadcrumb\",\"itemListElement\":[{\"@type\":\"ListItem\",\"position\":1,\"name\":\"Portada\",\"item\":\"https:\\\/\\\/revolutionpadelstore.com\\\/pt-pt\\\/\"},{\"@type\":\"ListItem\",\"position\":2,\"name\":\"Tienda\",\"item\":\"https:\\\/\\\/revolutionpadelstore.com\\\/pt-pt\\\/tienda\\\/\"},{\"@type\":\"ListItem\",\"position\":3,\"name\":\"SIUX TRILOGY PRO 5 2025\"}]},{\"@type\":\"WebSite\",\"@id\":\"https:\\\/\\\/revolutionpadelstore.com\\\/pt-pt\\\/#website\",\"url\":\"https:\\\/\\\/revolutionpadelstore.com\\\/pt-pt\\\/\",\"name\":\"Revolution Padel Store\",\"description\":\"\",\"publisher\":{\"@id\":\"https:\\\/\\\/revolutionpadelstore.com\\\/pt-pt\\\/#organization\"},\"potentialAction\":[{\"@type\":\"SearchAction\",\"target\":{\"@type\":\"EntryPoint\",\"urlTemplate\":\"https:\\\/\\\/revolutionpadelstore.com\\\/pt-pt\\\/?s={search_term_string}\"},\"query-input\":{\"@type\":\"PropertyValueSpecification\",\"valueRequired\":true,\"valueName\":\"search_term_string\"}}],\"inLanguage\":\"pt-PT\"},{\"@type\":\"Organization\",\"@id\":\"https:\\\/\\\/revolutionpadelstore.com\\\/pt-pt\\\/#organization\",\"name\":\"Revolution Padel Store\",\"url\":\"https:\\\/\\\/revolutionpadelstore.com\\\/pt-pt\\\/\",\"logo\":{\"@type\":\"ImageObject\",\"inLanguage\":\"pt-PT\",\"@id\":\"https:\\\/\\\/revolutionpadelstore.com\\\/pt-pt\\\/#\\\/schema\\\/logo\\\/image\\\/\",\"url\":\"https:\\\/\\\/revolutionpadelstore.com\\\/wp-content\\\/uploads\\\/2026\\\/02\\\/revolution-padel-store.jpg\",\"contentUrl\":\"https:\\\/\\\/revolutionpadelstore.com\\\/wp-content\\\/uploads\\\/2026\\\/02\\\/revolution-padel-store.jpg\",\"width\":2000,\"height\":2000,\"caption\":\"Revolution Padel Store\"},\"image\":{\"@id\":\"https:\\\/\\\/revolutionpadelstore.com\\\/pt-pt\\\/#\\\/schema\\\/logo\\\/image\\\/\"},\"sameAs\":[\"https:\\\/\\\/www.instagram.com\\\/revolutionpadelstore\\\/\"]}]}<\/script>\n<!-- \/ Yoast SEO plugin. -->","yoast_head_json":{"title":"SIUX TRILOGY PRO 5 2025 - Revolution Padel Store","description":"Descubre la nueva Siux Trilogy Pro 5 2025 en Revolution Padel Store. Pala profesional de control y potencia para jugadores avanzados. Dise\u00f1o exclusivo, materiales premium y mejor precio online.","robots":{"index":"index","follow":"follow","max-snippet":"max-snippet:-1","max-image-preview":"max-image-preview:large","max-video-preview":"max-video-preview:-1"},"canonical":"https:\/\/revolutionpadelstore.com\/pt-pt\/produto\/siux-trilogy-pro-5-2025-5\/","og_locale":"pt_PT","og_type":"article","og_title":"SIUX TRILOGY PRO 5 2025 - Revolution Padel Store","og_description":"Descubre la nueva Siux Trilogy Pro 5 2025 en Revolution Padel Store. Pala profesional de control y potencia para jugadores avanzados. Dise\u00f1o exclusivo, materiales premium y mejor precio online.","og_url":"https:\/\/revolutionpadelstore.com\/pt-pt\/produto\/siux-trilogy-pro-5-2025-5\/","og_site_name":"Revolution Padel Store","article_modified_time":"2026-04-01T00:25:28+00:00","og_image":[{"width":1500,"height":1500,"url":"https:\/\/revolutionpadelstore.com\/wp-content\/uploads\/2025\/03\/112655-siux-trilogy-pro-5-1500x1500-1.webp","type":"image\/webp"}],"twitter_card":"summary_large_image","twitter_misc":{"Tempo estimado de leitura":"2 minutos"},"schema":{"@context":"https:\/\/schema.org","@graph":[{"@type":"WebPage","@id":"https:\/\/revolutionpadelstore.com\/pt-pt\/produto\/siux-trilogy-pro-5-2025-5\/","url":"https:\/\/revolutionpadelstore.com\/pt-pt\/produto\/siux-trilogy-pro-5-2025-5\/","name":"SIUX TRILOGY PRO 5 2025 - Revolution Padel Store","isPartOf":{"@id":"https:\/\/revolutionpadelstore.com\/pt-pt\/#website"},"primaryImageOfPage":{"@id":"https:\/\/revolutionpadelstore.com\/pt-pt\/produto\/siux-trilogy-pro-5-2025-5\/#primaryimage"},"image":{"@id":"https:\/\/revolutionpadelstore.com\/pt-pt\/produto\/siux-trilogy-pro-5-2025-5\/#primaryimage"},"thumbnailUrl":"https:\/\/revolutionpadelstore.com\/wp-content\/uploads\/2025\/03\/112655-siux-trilogy-pro-5-1500x1500-1.webp","datePublished":"2025-03-31T18:42:21+00:00","dateModified":"2026-04-01T00:25:28+00:00","description":"Descubre la nueva Siux Trilogy Pro 5 2025 en Revolution Padel Store. Pala profesional de control y potencia para jugadores avanzados. Dise\u00f1o exclusivo, materiales premium y mejor precio online.","breadcrumb":{"@id":"https:\/\/revolutionpadelstore.com\/pt-pt\/produto\/siux-trilogy-pro-5-2025-5\/#breadcrumb"},"inLanguage":"pt-PT","potentialAction":[{"@type":"ReadAction","target":["https:\/\/revolutionpadelstore.com\/pt-pt\/produto\/siux-trilogy-pro-5-2025-5\/"]}]},{"@type":"ImageObject","inLanguage":"pt-PT","@id":"https:\/\/revolutionpadelstore.com\/pt-pt\/produto\/siux-trilogy-pro-5-2025-5\/#primaryimage","url":"https:\/\/revolutionpadelstore.com\/wp-content\/uploads\/2025\/03\/112655-siux-trilogy-pro-5-1500x1500-1.webp","contentUrl":"https:\/\/revolutionpadelstore.com\/wp-content\/uploads\/2025\/03\/112655-siux-trilogy-pro-5-1500x1500-1.webp","width":1500,"height":1500},{"@type":"BreadcrumbList","@id":"https:\/\/revolutionpadelstore.com\/pt-pt\/produto\/siux-trilogy-pro-5-2025-5\/#breadcrumb","itemListElement":[{"@type":"ListItem","position":1,"name":"Portada","item":"https:\/\/revolutionpadelstore.com\/pt-pt\/"},{"@type":"ListItem","position":2,"name":"Tienda","item":"https:\/\/revolutionpadelstore.com\/pt-pt\/tienda\/"},{"@type":"ListItem","position":3,"name":"SIUX TRILOGY PRO 5 2025"}]},{"@type":"WebSite","@id":"https:\/\/revolutionpadelstore.com\/pt-pt\/#website","url":"https:\/\/revolutionpadelstore.com\/pt-pt\/","name":"Revolution Padel Store","description":"","publisher":{"@id":"https:\/\/revolutionpadelstore.com\/pt-pt\/#organization"},"potentialAction":[{"@type":"SearchAction","target":{"@type":"EntryPoint","urlTemplate":"https:\/\/revolutionpadelstore.com\/pt-pt\/?s={search_term_string}"},"query-input":{"@type":"PropertyValueSpecification","valueRequired":true,"valueName":"search_term_string"}}],"inLanguage":"pt-PT"},{"@type":"Organization","@id":"https:\/\/revolutionpadelstore.com\/pt-pt\/#organization","name":"Revolution Padel Store","url":"https:\/\/revolutionpadelstore.com\/pt-pt\/","logo":{"@type":"ImageObject","inLanguage":"pt-PT","@id":"https:\/\/revolutionpadelstore.com\/pt-pt\/#\/schema\/logo\/image\/","url":"https:\/\/revolutionpadelstore.com\/wp-content\/uploads\/2026\/02\/revolution-padel-store.jpg","contentUrl":"https:\/\/revolutionpadelstore.com\/wp-content\/uploads\/2026\/02\/revolution-padel-store.jpg","width":2000,"height":2000,"caption":"Revolution Padel Store"},"image":{"@id":"https:\/\/revolutionpadelstore.com\/pt-pt\/#\/schema\/logo\/image\/"},"sameAs":["https:\/\/www.instagram.com\/revolutionpadelstore\/"]}]}},"_links":{"self":[{"href":"https:\/\/revolutionpadelstore.com\/pt-pt\/wp-json\/wp\/v2\/product\/216996","targetHints":{"allow":["GET"]}}],"collection":[{"href":"https:\/\/revolutionpadelstore.com\/pt-pt\/wp-json\/wp\/v2\/product"}],"about":[{"href":"https:\/\/revolutionpadelstore.com\/pt-pt\/wp-json\/wp\/v2\/types\/product"}],"replies":[{"embeddable":true,"href":"https:\/\/revolutionpadelstore.com\/pt-pt\/wp-json\/wp\/v2\/comments?post=216996"}],"wp:featuredmedia":[{"embeddable":true,"href":"https:\/\/revolutionpadelstore.com\/pt-pt\/wp-json\/wp\/v2\/media\/217002"}],"wp:attachment":[{"href":"https:\/\/revolutionpadelstore.com\/pt-pt\/wp-json\/wp\/v2\/media?parent=216996"}],"wp:term":[{"taxonomy":"acabado","embeddable":true,"href":"https:\/\/revolutionpadelstore.com\/pt-pt\/wp-json\/wp\/v2\/acabado?post=216996"},{"taxonomy":"balance","embeddable":true,"href":"https:\/\/revolutionpadelstore.com\/pt-pt\/wp-json\/wp\/v2\/balance?post=216996"},{"taxonomy":"dureza","embeddable":true,"href":"https:\/\/revolutionpadelstore.com\/pt-pt\/wp-json\/wp\/v2\/dureza?post=216996"},{"taxonomy":"forma","embeddable":true,"href":"https:\/\/revolutionpadelstore.com\/pt-pt\/wp-json\/wp\/v2\/forma?post=216996"},{"taxonomy":"jugador","embeddable":true,"href":"https:\/\/revolutionpadelstore.com\/pt-pt\/wp-json\/wp\/v2\/jugador?post=216996"},{"taxonomy":"marca","embeddable":true,"href":"https:\/\/revolutionpadelstore.com\/pt-pt\/wp-json\/wp\/v2\/marca?post=216996"},{"taxonomy":"nivel-de-juego","embeddable":true,"href":"https:\/\/revolutionpadelstore.com\/pt-pt\/wp-json\/wp\/v2\/nivel-de-juego?post=216996"},{"taxonomy":"superficie","embeddable":true,"href":"https:\/\/revolutionpadelstore.com\/pt-pt\/wp-json\/wp\/v2\/superficie?post=216996"},{"taxonomy":"tipo-de-juego","embeddable":true,"href":"https:\/\/revolutionpadelstore.com\/pt-pt\/wp-json\/wp\/v2\/tipo-de-juego?post=216996"},{"taxonomy":"product_brand","embeddable":true,"href":"https:\/\/revolutionpadelstore.com\/pt-pt\/wp-json\/wp\/v2\/product_brand?post=216996"},{"taxonomy":"product_cat","embeddable":true,"href":"https:\/\/revolutionpadelstore.com\/pt-pt\/wp-json\/wp\/v2\/product_cat?post=216996"},{"taxonomy":"product_tag","embeddable":true,"href":"https:\/\/revolutionpadelstore.com\/pt-pt\/wp-json\/wp\/v2\/product_tag?post=216996"}],"curies":[{"name":"wp","href":"https:\/\/api.w.org\/{rel}","templated":true}]}}