{"id":216990,"date":"2025-04-02T19:15:29","date_gmt":"2025-04-02T17:15:29","guid":{"rendered":"https:\/\/revolutionpadelstore.com\/blister-4-uds-protector-bullpadel-custom-weight-negro\/"},"modified":"2026-04-08T05:24:35","modified_gmt":"2026-04-08T03:24:35","slug":"blister-4-uds-protector-bullpadel-custom-weight-negro-5","status":"publish","type":"product","link":"https:\/\/revolutionpadelstore.com\/pt-pt\/produto\/blister-4-uds-protector-bullpadel-custom-weight-negro-5\/","title":{"rendered":"BLISTER (4 UDS) PROTECTOR BULLPADEL CUSTOM WEIGHT NEGRO"},"content":{"rendered":"<p><H2> Bullpadel Protector Personal Peso Black (Blister 4 UDS) <strong> Personaliza o desempenho e a protegida da sua p\u00e1 com precis\u00e3o profissional. <\/strong> <\/h2>\n<p>O peso personalizado <em> bullpadel <\/em> em Black \u00e9 o acess\u00f3rio perfeito para que os jogadores exigentes que procuram <strong> melhorando seu jogo <\/strong> e <strong> Ajuste o equil\u00edbrio da sua p\u00e1 de paddle <\/strong> em seu estilo pessoal. Este pacote inclui 4 unidades de 3 gramas cada, adicionando um total de 12 gramas que podem ser estrategicamente distribu\u00eddos para otimizar a prote\u00e7\u00e3o e o equil\u00edbrio da sua p\u00e1.<br \/>\n<H2> caracter\u00edsticas pendentes <\/h2>\n<p> <strong> -System<br \/>\n&lt;p style = &quot;preenchimento-esquerda: 40px;&quot;<br \/>\n&lt;P style = &quot;preenchimento-esquerda: 40px;&quot;<br \/>\n&lt;p style = &quot;preenchimento-esquerda: 40px;&quot;<br \/>\n&lt;P style = &quot;preenchimento-esquerda: 40px;&quot;<\/p>\n<p><H2> Benef\u00edcios para o seu jogo <\/h2>\n<p> <strong> -mais poder ou controle <\/strong>, de acordo com sua configura\u00e7\u00e3o. <\/p>\n<p><P> <strong><br \/>\n&lt;P style = &quot;preenchimento-esquerda: 40px;&quot;<\/p>\n<p><H2> Para quem voc\u00ea pensa?<br \/>\nIdeal para jogadores profissionais e intermedi\u00e1rios <\/strong> que desejam um acess\u00f3rio t\u00e9cnico, funcional e de qualidade, apoiado pela inova\u00e7\u00e3o de <strong> bullpadel <\/strong>, uma das principais marcas l\u00edderes do mundo do paddle <\/strong>.<\/p>\n<p><strong> Agora dispon\u00edvel em nossa loja on -line <a href=\"https:\/\/www.revolutionpadelstore.com\/\"> www.revolutionpadelstore.com <\/a> <\/strong>, provavelmente pelo melhor pre\u00e7o de mercado. Pegue seu peso personalizado de bullpadel da bolha e leve seu jogo para o pr\u00f3ximo n\u00edvel!<\/p>\n<h2>Protector Bullpadel Custom Weight Negro (Blister 4 uds) <strong>Personaliza el rendimiento de tu pala y prot\u00e9gela con precisi\u00f3n profesional.<\/strong><\/p>\n","protected":false},"excerpt":{"rendered":"<p>Conjunto de 4 protetores de peso personalizados de bullpadel em preto, um complemento essencial para prolongar a vida \u00fatil da sua p\u00e1 e mant\u00ea -la em excelente estado.<\/p>\n","protected":false},"featured_media":216985,"comment_status":"open","ping_status":"closed","template":"","meta":{"_acf_changed":false,"_joinchat":[]},"acabado":[],"balance":[],"dureza":[],"forma":[],"jugador":[],"marca":[1255],"nivel-de-juego":[],"superficie":[],"tipo-de-juego":[],"product_brand":[],"product_cat":[559],"product_tag":[],"class_list":{"0":"post-216990","1":"product","2":"type-product","3":"status-publish","4":"has-post-thumbnail","6":"marca-bullpadel-pt-pt","7":"product_cat-acessorios","9":"first","10":"instock","11":"sale","12":"taxable","13":"shipping-taxable","14":"purchasable","15":"product-type-simple"},"acf":[],"yoast_head":"<!-- This site is optimized with the Yoast SEO plugin v27.4 - https:\/\/yoast.com\/product\/yoast-seo-wordpress\/ -->\n<title>BLISTER (4 UDS) PROTECTOR BULLPADEL CUSTOM WEIGHT NEGRO - Revolution Padel Store<\/title>\n<meta name=\"description\" content=\"Ajusta el peso y balance de tu pala con el protector Bullpadel Custom Weight (4 uds, negro). Personaliza tu juego y a\u00f1ade protecci\u00f3n extra. Compra en Revolution Padel Store al mejor precio.\" \/>\n<meta name=\"robots\" content=\"index, follow, max-snippet:-1, max-image-preview:large, max-video-preview:-1\" \/>\n<link rel=\"canonical\" href=\"https:\/\/revolutionpadelstore.com\/pt-pt\/produto\/blister-4-uds-protector-bullpadel-custom-weight-negro-5\/\" \/>\n<meta property=\"og:locale\" content=\"pt_PT\" \/>\n<meta property=\"og:type\" content=\"article\" \/>\n<meta property=\"og:title\" content=\"BLISTER (4 UDS) PROTECTOR BULLPADEL CUSTOM WEIGHT NEGRO - Revolution Padel Store\" \/>\n<meta property=\"og:description\" content=\"Ajusta el peso y balance de tu pala con el protector Bullpadel Custom Weight (4 uds, negro). Personaliza tu juego y a\u00f1ade protecci\u00f3n extra. Compra en Revolution Padel Store al mejor precio.\" \/>\n<meta property=\"og:url\" content=\"https:\/\/revolutionpadelstore.com\/pt-pt\/produto\/blister-4-uds-protector-bullpadel-custom-weight-negro-5\/\" \/>\n<meta property=\"og:site_name\" content=\"Revolution Padel Store\" \/>\n<meta property=\"article:modified_time\" content=\"2026-04-08T03:24:35+00:00\" \/>\n<meta property=\"og:image\" content=\"https:\/\/revolutionpadelstore.com\/wp-content\/uploads\/2025\/04\/113840_blister_4_uds_protector_bullpadel_custom_weight_005_474991_1200x1200_f93a.webp\" \/>\n\t<meta property=\"og:image:width\" content=\"1200\" \/>\n\t<meta property=\"og:image:height\" content=\"1200\" \/>\n\t<meta property=\"og:image:type\" content=\"image\/webp\" \/>\n<meta name=\"twitter:card\" content=\"summary_large_image\" \/>\n<meta name=\"twitter:label1\" content=\"Tempo estimado de leitura\" \/>\n\t<meta name=\"twitter:data1\" content=\"2 minutos\" \/>\n<script type=\"application\/ld+json\" class=\"yoast-schema-graph\">{\"@context\":\"https:\\\/\\\/schema.org\",\"@graph\":[{\"@type\":\"WebPage\",\"@id\":\"https:\\\/\\\/revolutionpadelstore.com\\\/pt-pt\\\/produto\\\/blister-4-uds-protector-bullpadel-custom-weight-negro-5\\\/\",\"url\":\"https:\\\/\\\/revolutionpadelstore.com\\\/pt-pt\\\/produto\\\/blister-4-uds-protector-bullpadel-custom-weight-negro-5\\\/\",\"name\":\"BLISTER (4 UDS) PROTECTOR BULLPADEL CUSTOM WEIGHT NEGRO - Revolution Padel Store\",\"isPartOf\":{\"@id\":\"https:\\\/\\\/revolutionpadelstore.com\\\/pt-pt\\\/#website\"},\"primaryImageOfPage\":{\"@id\":\"https:\\\/\\\/revolutionpadelstore.com\\\/pt-pt\\\/produto\\\/blister-4-uds-protector-bullpadel-custom-weight-negro-5\\\/#primaryimage\"},\"image\":{\"@id\":\"https:\\\/\\\/revolutionpadelstore.com\\\/pt-pt\\\/produto\\\/blister-4-uds-protector-bullpadel-custom-weight-negro-5\\\/#primaryimage\"},\"thumbnailUrl\":\"https:\\\/\\\/revolutionpadelstore.com\\\/wp-content\\\/uploads\\\/2025\\\/04\\\/113840_blister_4_uds_protector_bullpadel_custom_weight_005_474991_1200x1200_f93a.webp\",\"datePublished\":\"2025-04-02T17:15:29+00:00\",\"dateModified\":\"2026-04-08T03:24:35+00:00\",\"description\":\"Ajusta el peso y balance de tu pala con el protector Bullpadel Custom Weight (4 uds, negro). Personaliza tu juego y a\u00f1ade protecci\u00f3n extra. Compra en Revolution Padel Store al mejor precio.\",\"breadcrumb\":{\"@id\":\"https:\\\/\\\/revolutionpadelstore.com\\\/pt-pt\\\/produto\\\/blister-4-uds-protector-bullpadel-custom-weight-negro-5\\\/#breadcrumb\"},\"inLanguage\":\"pt-PT\",\"potentialAction\":[{\"@type\":\"ReadAction\",\"target\":[\"https:\\\/\\\/revolutionpadelstore.com\\\/pt-pt\\\/produto\\\/blister-4-uds-protector-bullpadel-custom-weight-negro-5\\\/\"]}]},{\"@type\":\"ImageObject\",\"inLanguage\":\"pt-PT\",\"@id\":\"https:\\\/\\\/revolutionpadelstore.com\\\/pt-pt\\\/produto\\\/blister-4-uds-protector-bullpadel-custom-weight-negro-5\\\/#primaryimage\",\"url\":\"https:\\\/\\\/revolutionpadelstore.com\\\/wp-content\\\/uploads\\\/2025\\\/04\\\/113840_blister_4_uds_protector_bullpadel_custom_weight_005_474991_1200x1200_f93a.webp\",\"contentUrl\":\"https:\\\/\\\/revolutionpadelstore.com\\\/wp-content\\\/uploads\\\/2025\\\/04\\\/113840_blister_4_uds_protector_bullpadel_custom_weight_005_474991_1200x1200_f93a.webp\",\"width\":1200,\"height\":1200},{\"@type\":\"BreadcrumbList\",\"@id\":\"https:\\\/\\\/revolutionpadelstore.com\\\/pt-pt\\\/produto\\\/blister-4-uds-protector-bullpadel-custom-weight-negro-5\\\/#breadcrumb\",\"itemListElement\":[{\"@type\":\"ListItem\",\"position\":1,\"name\":\"Portada\",\"item\":\"https:\\\/\\\/revolutionpadelstore.com\\\/pt-pt\\\/\"},{\"@type\":\"ListItem\",\"position\":2,\"name\":\"Tienda\",\"item\":\"https:\\\/\\\/revolutionpadelstore.com\\\/pt-pt\\\/tienda\\\/\"},{\"@type\":\"ListItem\",\"position\":3,\"name\":\"BLISTER (4 UDS) PROTECTOR BULLPADEL CUSTOM WEIGHT NEGRO\"}]},{\"@type\":\"WebSite\",\"@id\":\"https:\\\/\\\/revolutionpadelstore.com\\\/pt-pt\\\/#website\",\"url\":\"https:\\\/\\\/revolutionpadelstore.com\\\/pt-pt\\\/\",\"name\":\"Revolution Padel Store\",\"description\":\"\",\"publisher\":{\"@id\":\"https:\\\/\\\/revolutionpadelstore.com\\\/pt-pt\\\/#organization\"},\"potentialAction\":[{\"@type\":\"SearchAction\",\"target\":{\"@type\":\"EntryPoint\",\"urlTemplate\":\"https:\\\/\\\/revolutionpadelstore.com\\\/pt-pt\\\/?s={search_term_string}\"},\"query-input\":{\"@type\":\"PropertyValueSpecification\",\"valueRequired\":true,\"valueName\":\"search_term_string\"}}],\"inLanguage\":\"pt-PT\"},{\"@type\":\"Organization\",\"@id\":\"https:\\\/\\\/revolutionpadelstore.com\\\/pt-pt\\\/#organization\",\"name\":\"Revolution Padel Store\",\"url\":\"https:\\\/\\\/revolutionpadelstore.com\\\/pt-pt\\\/\",\"logo\":{\"@type\":\"ImageObject\",\"inLanguage\":\"pt-PT\",\"@id\":\"https:\\\/\\\/revolutionpadelstore.com\\\/pt-pt\\\/#\\\/schema\\\/logo\\\/image\\\/\",\"url\":\"https:\\\/\\\/revolutionpadelstore.com\\\/wp-content\\\/uploads\\\/2026\\\/02\\\/revolution-padel-store.jpg\",\"contentUrl\":\"https:\\\/\\\/revolutionpadelstore.com\\\/wp-content\\\/uploads\\\/2026\\\/02\\\/revolution-padel-store.jpg\",\"width\":2000,\"height\":2000,\"caption\":\"Revolution Padel Store\"},\"image\":{\"@id\":\"https:\\\/\\\/revolutionpadelstore.com\\\/pt-pt\\\/#\\\/schema\\\/logo\\\/image\\\/\"},\"sameAs\":[\"https:\\\/\\\/www.instagram.com\\\/revolutionpadelstore\\\/\"]}]}<\/script>\n<!-- \/ Yoast SEO plugin. -->","yoast_head_json":{"title":"BLISTER (4 UDS) PROTECTOR BULLPADEL CUSTOM WEIGHT NEGRO - Revolution Padel Store","description":"Ajusta el peso y balance de tu pala con el protector Bullpadel Custom Weight (4 uds, negro). Personaliza tu juego y a\u00f1ade protecci\u00f3n extra. Compra en Revolution Padel Store al mejor precio.","robots":{"index":"index","follow":"follow","max-snippet":"max-snippet:-1","max-image-preview":"max-image-preview:large","max-video-preview":"max-video-preview:-1"},"canonical":"https:\/\/revolutionpadelstore.com\/pt-pt\/produto\/blister-4-uds-protector-bullpadel-custom-weight-negro-5\/","og_locale":"pt_PT","og_type":"article","og_title":"BLISTER (4 UDS) PROTECTOR BULLPADEL CUSTOM WEIGHT NEGRO - Revolution Padel Store","og_description":"Ajusta el peso y balance de tu pala con el protector Bullpadel Custom Weight (4 uds, negro). Personaliza tu juego y a\u00f1ade protecci\u00f3n extra. Compra en Revolution Padel Store al mejor precio.","og_url":"https:\/\/revolutionpadelstore.com\/pt-pt\/produto\/blister-4-uds-protector-bullpadel-custom-weight-negro-5\/","og_site_name":"Revolution Padel Store","article_modified_time":"2026-04-08T03:24:35+00:00","og_image":[{"width":1200,"height":1200,"url":"https:\/\/revolutionpadelstore.com\/wp-content\/uploads\/2025\/04\/113840_blister_4_uds_protector_bullpadel_custom_weight_005_474991_1200x1200_f93a.webp","type":"image\/webp"}],"twitter_card":"summary_large_image","twitter_misc":{"Tempo estimado de leitura":"2 minutos"},"schema":{"@context":"https:\/\/schema.org","@graph":[{"@type":"WebPage","@id":"https:\/\/revolutionpadelstore.com\/pt-pt\/produto\/blister-4-uds-protector-bullpadel-custom-weight-negro-5\/","url":"https:\/\/revolutionpadelstore.com\/pt-pt\/produto\/blister-4-uds-protector-bullpadel-custom-weight-negro-5\/","name":"BLISTER (4 UDS) PROTECTOR BULLPADEL CUSTOM WEIGHT NEGRO - Revolution Padel Store","isPartOf":{"@id":"https:\/\/revolutionpadelstore.com\/pt-pt\/#website"},"primaryImageOfPage":{"@id":"https:\/\/revolutionpadelstore.com\/pt-pt\/produto\/blister-4-uds-protector-bullpadel-custom-weight-negro-5\/#primaryimage"},"image":{"@id":"https:\/\/revolutionpadelstore.com\/pt-pt\/produto\/blister-4-uds-protector-bullpadel-custom-weight-negro-5\/#primaryimage"},"thumbnailUrl":"https:\/\/revolutionpadelstore.com\/wp-content\/uploads\/2025\/04\/113840_blister_4_uds_protector_bullpadel_custom_weight_005_474991_1200x1200_f93a.webp","datePublished":"2025-04-02T17:15:29+00:00","dateModified":"2026-04-08T03:24:35+00:00","description":"Ajusta el peso y balance de tu pala con el protector Bullpadel Custom Weight (4 uds, negro). Personaliza tu juego y a\u00f1ade protecci\u00f3n extra. Compra en Revolution Padel Store al mejor precio.","breadcrumb":{"@id":"https:\/\/revolutionpadelstore.com\/pt-pt\/produto\/blister-4-uds-protector-bullpadel-custom-weight-negro-5\/#breadcrumb"},"inLanguage":"pt-PT","potentialAction":[{"@type":"ReadAction","target":["https:\/\/revolutionpadelstore.com\/pt-pt\/produto\/blister-4-uds-protector-bullpadel-custom-weight-negro-5\/"]}]},{"@type":"ImageObject","inLanguage":"pt-PT","@id":"https:\/\/revolutionpadelstore.com\/pt-pt\/produto\/blister-4-uds-protector-bullpadel-custom-weight-negro-5\/#primaryimage","url":"https:\/\/revolutionpadelstore.com\/wp-content\/uploads\/2025\/04\/113840_blister_4_uds_protector_bullpadel_custom_weight_005_474991_1200x1200_f93a.webp","contentUrl":"https:\/\/revolutionpadelstore.com\/wp-content\/uploads\/2025\/04\/113840_blister_4_uds_protector_bullpadel_custom_weight_005_474991_1200x1200_f93a.webp","width":1200,"height":1200},{"@type":"BreadcrumbList","@id":"https:\/\/revolutionpadelstore.com\/pt-pt\/produto\/blister-4-uds-protector-bullpadel-custom-weight-negro-5\/#breadcrumb","itemListElement":[{"@type":"ListItem","position":1,"name":"Portada","item":"https:\/\/revolutionpadelstore.com\/pt-pt\/"},{"@type":"ListItem","position":2,"name":"Tienda","item":"https:\/\/revolutionpadelstore.com\/pt-pt\/tienda\/"},{"@type":"ListItem","position":3,"name":"BLISTER (4 UDS) PROTECTOR BULLPADEL CUSTOM WEIGHT NEGRO"}]},{"@type":"WebSite","@id":"https:\/\/revolutionpadelstore.com\/pt-pt\/#website","url":"https:\/\/revolutionpadelstore.com\/pt-pt\/","name":"Revolution Padel Store","description":"","publisher":{"@id":"https:\/\/revolutionpadelstore.com\/pt-pt\/#organization"},"potentialAction":[{"@type":"SearchAction","target":{"@type":"EntryPoint","urlTemplate":"https:\/\/revolutionpadelstore.com\/pt-pt\/?s={search_term_string}"},"query-input":{"@type":"PropertyValueSpecification","valueRequired":true,"valueName":"search_term_string"}}],"inLanguage":"pt-PT"},{"@type":"Organization","@id":"https:\/\/revolutionpadelstore.com\/pt-pt\/#organization","name":"Revolution Padel Store","url":"https:\/\/revolutionpadelstore.com\/pt-pt\/","logo":{"@type":"ImageObject","inLanguage":"pt-PT","@id":"https:\/\/revolutionpadelstore.com\/pt-pt\/#\/schema\/logo\/image\/","url":"https:\/\/revolutionpadelstore.com\/wp-content\/uploads\/2026\/02\/revolution-padel-store.jpg","contentUrl":"https:\/\/revolutionpadelstore.com\/wp-content\/uploads\/2026\/02\/revolution-padel-store.jpg","width":2000,"height":2000,"caption":"Revolution Padel Store"},"image":{"@id":"https:\/\/revolutionpadelstore.com\/pt-pt\/#\/schema\/logo\/image\/"},"sameAs":["https:\/\/www.instagram.com\/revolutionpadelstore\/"]}]}},"_links":{"self":[{"href":"https:\/\/revolutionpadelstore.com\/pt-pt\/wp-json\/wp\/v2\/product\/216990","targetHints":{"allow":["GET"]}}],"collection":[{"href":"https:\/\/revolutionpadelstore.com\/pt-pt\/wp-json\/wp\/v2\/product"}],"about":[{"href":"https:\/\/revolutionpadelstore.com\/pt-pt\/wp-json\/wp\/v2\/types\/product"}],"replies":[{"embeddable":true,"href":"https:\/\/revolutionpadelstore.com\/pt-pt\/wp-json\/wp\/v2\/comments?post=216990"}],"wp:featuredmedia":[{"embeddable":true,"href":"https:\/\/revolutionpadelstore.com\/pt-pt\/wp-json\/wp\/v2\/media\/216985"}],"wp:attachment":[{"href":"https:\/\/revolutionpadelstore.com\/pt-pt\/wp-json\/wp\/v2\/media?parent=216990"}],"wp:term":[{"taxonomy":"acabado","embeddable":true,"href":"https:\/\/revolutionpadelstore.com\/pt-pt\/wp-json\/wp\/v2\/acabado?post=216990"},{"taxonomy":"balance","embeddable":true,"href":"https:\/\/revolutionpadelstore.com\/pt-pt\/wp-json\/wp\/v2\/balance?post=216990"},{"taxonomy":"dureza","embeddable":true,"href":"https:\/\/revolutionpadelstore.com\/pt-pt\/wp-json\/wp\/v2\/dureza?post=216990"},{"taxonomy":"forma","embeddable":true,"href":"https:\/\/revolutionpadelstore.com\/pt-pt\/wp-json\/wp\/v2\/forma?post=216990"},{"taxonomy":"jugador","embeddable":true,"href":"https:\/\/revolutionpadelstore.com\/pt-pt\/wp-json\/wp\/v2\/jugador?post=216990"},{"taxonomy":"marca","embeddable":true,"href":"https:\/\/revolutionpadelstore.com\/pt-pt\/wp-json\/wp\/v2\/marca?post=216990"},{"taxonomy":"nivel-de-juego","embeddable":true,"href":"https:\/\/revolutionpadelstore.com\/pt-pt\/wp-json\/wp\/v2\/nivel-de-juego?post=216990"},{"taxonomy":"superficie","embeddable":true,"href":"https:\/\/revolutionpadelstore.com\/pt-pt\/wp-json\/wp\/v2\/superficie?post=216990"},{"taxonomy":"tipo-de-juego","embeddable":true,"href":"https:\/\/revolutionpadelstore.com\/pt-pt\/wp-json\/wp\/v2\/tipo-de-juego?post=216990"},{"taxonomy":"product_brand","embeddable":true,"href":"https:\/\/revolutionpadelstore.com\/pt-pt\/wp-json\/wp\/v2\/product_brand?post=216990"},{"taxonomy":"product_cat","embeddable":true,"href":"https:\/\/revolutionpadelstore.com\/pt-pt\/wp-json\/wp\/v2\/product_cat?post=216990"},{"taxonomy":"product_tag","embeddable":true,"href":"https:\/\/revolutionpadelstore.com\/pt-pt\/wp-json\/wp\/v2\/product_tag?post=216990"}],"curies":[{"name":"wp","href":"https:\/\/api.w.org\/{rel}","templated":true}]}}