{"id":21691,"date":"2024-03-05T15:43:23","date_gmt":"2024-03-05T14:43:23","guid":{"rendered":"https:\/\/revolutionpadelstore.com\/adidas-drive-3-3-vintage\/"},"modified":"2026-04-08T16:07:19","modified_gmt":"2026-04-08T14:07:19","slug":"adidas-drive-3-3-vintage","status":"publish","type":"product","link":"https:\/\/revolutionpadelstore.com\/pt-pt\/produto\/adidas-drive-3-3-vintage\/","title":{"rendered":"ADIDAS DRIVE 3.3 VINTAGE"},"content":{"rendered":"<h2>Adidas Drive 3.3 Vintage, ideal se voc\u00ea procura controle<\/h2>\n<p>O Adidas Drive 3.3 Vintage \u00e9 um modelo pensado para oferecer um golpe controlado e bom desempenho aos jogadores de padel que est\u00e3o na fase de inicia\u00e7\u00e3o &gt;e est\u00e3o aprendendo o b\u00e1sico do esporte.<\/p>\n<p>Possui um <strong>molde redondo com baixo equil\u00edbrio<\/strong>, ou seja, o peso \u00e9 distribu\u00eddo para a regi\u00e3o do pulso, conseguindo um excelente controle a cada golpe. Al\u00e9m disso, seu ponto ideal amplo e centralizado facilita o golpe. Tem um peso que varia entre 360 \u200b\u200be 375 gramas e uma superf\u00edcie de 519 cm2.<\/p>\n<p>Quanto ao design, foi utilizada uma colorimetria em tons nude, que combina detalhes marrons com o esbranqui\u00e7ado do corpo da l\u00e2mina. \u00c9 uma est\u00e9tica <strong>simples e vintage<\/strong>, como o pr\u00f3prio nome indica.<\/p>\n<h2>Maior resist\u00eancia ao choque<\/h2>\n<p>A moldura \u00e9 feita de <strong>fibra de vidro<\/strong>, um material muito flex\u00edvel e dur\u00e1vel com grande capacidade de resposta e absor\u00e7\u00e3o de vibra\u00e7\u00f5es, o que proporciona um conforto imbat\u00edvel. Garante <strong>um manuseio f\u00e1cil e controlado.<\/strong><\/p>\n<p>Os avi\u00f5es, por sua vez, tamb\u00e9m s\u00e3o feitos de fibra de vidro, portanto, quando a raquete estiver em posi\u00e7\u00e3o est\u00e1tica ou naqueles golpes de baixa velocidade, a borracha trabalhar\u00e1 mais e um maior rebote ser\u00e1 alcan\u00e7ado com o m\u00ednimo esfor\u00e7o.<\/strong><\/p>\n<h3>\u00c1reas refor\u00e7adas de maior tor\u00e7\u00e3o<\/h3>\n<p>Da mesma forma, esta raquete Adidas 2024 incorpora tecnologias de durabilidade, que s\u00e3o respons\u00e1veis \u200b\u200bpor aumentar a resist\u00eancia da raquete contra altas tor\u00e7\u00f5es para prolongar sua vida \u00fatil.<\/p>\n<p>Observamos o <em><strong>Smart Holes Linear<\/strong><\/em>, que consiste em uma disposi\u00e7\u00e3o dos furos nos planos em grupos de 3. Isso garante que a superf\u00edcie seja refor\u00e7ada e a durabilidade aumente.<\/p>\n<p>Por outro lado, encontramos o <strong><em>Refor\u00e7o Estrutural<\/em><\/strong>, um sistema que gera mais resist\u00eancia \u00e0 tor\u00e7\u00e3o que a raquete sofre durante a partida atrav\u00e9s da utiliza\u00e7\u00e3o de <strong>refor\u00e7os perimetrais <\/strong> em toda a l\u00e2mina.<\/p>\n<h2>Adidas Drive 3.3 Vintage, ideal si buscas control<\/h2>\n","protected":false},"excerpt":{"rendered":"<p>Adidas Drive 3.3 Vintage oferece grande controle e firmeza nas estrat\u00e9gias defensivas. Integra tecnologias de Refor\u00e7o Estrutural e Smart Holes Linear.<\/p>\n","protected":false},"featured_media":1073,"comment_status":"open","ping_status":"closed","template":"","meta":{"_acf_changed":false,"_joinchat":[]},"acabado":[1085],"balance":[1145],"dureza":[1150],"forma":[1180],"jugador":[1190,1200],"marca":[1230],"nivel-de-juego":[1350],"superficie":[1355],"tipo-de-juego":[1370],"product_brand":[],"product_cat":[300],"product_tag":[],"class_list":{"0":"post-21691","1":"product","2":"type-product","3":"status-publish","4":"has-post-thumbnail","6":"acabado-companheiro","7":"balance-baixo","8":"dureza-blanda-pt-pt","9":"forma-rodada","10":"jugador-homem","11":"jugador-polivalente-pt-pt","12":"marca-adidas-pt-pt","13":"superficie-lisa-pt-pt","14":"tipo-de-juego-controle","15":"product_cat-palas","17":"first","18":"instock","19":"sale","20":"taxable","21":"shipping-taxable","22":"purchasable","23":"product-type-simple"},"acf":[],"yoast_head":"<!-- This site is optimized with the Yoast SEO plugin v27.4 - https:\/\/yoast.com\/product\/yoast-seo-wordpress\/ -->\n<title>ADIDAS DRIVE 3.3 VINTAGE - Revolution Padel Store<\/title>\n<meta name=\"description\" content=\"Adidas Drive 3.3 Vintage ofrece un gran control y firmeza en las estrategias defensivas. Integra las tecnolog\u00edas Structural Reinforcement y Smart Holes Lineal.\" \/>\n<meta name=\"robots\" content=\"index, follow, max-snippet:-1, max-image-preview:large, max-video-preview:-1\" \/>\n<link rel=\"canonical\" href=\"https:\/\/revolutionpadelstore.com\/pt-pt\/produto\/adidas-drive-3-3-vintage\/\" \/>\n<meta property=\"og:locale\" content=\"pt_PT\" \/>\n<meta property=\"og:type\" content=\"article\" \/>\n<meta property=\"og:title\" content=\"ADIDAS DRIVE 3.3 VINTAGE\" \/>\n<meta property=\"og:description\" content=\"Adidas Drive 3.3 Vintage ofrece un gran control y firmeza en las estrategias defensivas. Integra las tecnolog\u00edas Structural Reinforcement y Smart Holes Lineal.\" \/>\n<meta property=\"og:url\" content=\"https:\/\/revolutionpadelstore.com\/pt-pt\/produto\/adidas-drive-3-3-vintage\/\" \/>\n<meta property=\"og:site_name\" content=\"Revolution Padel Store\" \/>\n<meta property=\"article:modified_time\" content=\"2026-04-08T14:07:19+00:00\" \/>\n<meta property=\"og:image\" content=\"https:\/\/revolutionpadelstore.com\/wp-content\/uploads\/2024\/03\/110136_padel_webs_padel_y_grupo_pala_adidas_drive_3_3_vintage_adrk5ca1u0062f_15_399e.webp\" \/>\n\t<meta property=\"og:image:width\" content=\"1500\" \/>\n\t<meta property=\"og:image:height\" content=\"1500\" \/>\n\t<meta property=\"og:image:type\" content=\"image\/webp\" \/>\n<meta name=\"twitter:card\" content=\"summary_large_image\" \/>\n<meta name=\"twitter:label1\" content=\"Tempo estimado de leitura\" \/>\n\t<meta name=\"twitter:data1\" content=\"2 minutos\" \/>\n<script type=\"application\/ld+json\" class=\"yoast-schema-graph\">{\"@context\":\"https:\\\/\\\/schema.org\",\"@graph\":[{\"@type\":\"WebPage\",\"@id\":\"https:\\\/\\\/revolutionpadelstore.com\\\/pt-pt\\\/produto\\\/adidas-drive-3-3-vintage\\\/\",\"url\":\"https:\\\/\\\/revolutionpadelstore.com\\\/pt-pt\\\/produto\\\/adidas-drive-3-3-vintage\\\/\",\"name\":\"ADIDAS DRIVE 3.3 VINTAGE - Revolution Padel Store\",\"isPartOf\":{\"@id\":\"https:\\\/\\\/revolutionpadelstore.com\\\/pt-pt\\\/#website\"},\"primaryImageOfPage\":{\"@id\":\"https:\\\/\\\/revolutionpadelstore.com\\\/pt-pt\\\/produto\\\/adidas-drive-3-3-vintage\\\/#primaryimage\"},\"image\":{\"@id\":\"https:\\\/\\\/revolutionpadelstore.com\\\/pt-pt\\\/produto\\\/adidas-drive-3-3-vintage\\\/#primaryimage\"},\"thumbnailUrl\":\"https:\\\/\\\/revolutionpadelstore.com\\\/wp-content\\\/uploads\\\/2024\\\/03\\\/110136_padel_webs_padel_y_grupo_pala_adidas_drive_3_3_vintage_adrk5ca1u0062f_15_399e.webp\",\"datePublished\":\"2024-03-05T14:43:23+00:00\",\"dateModified\":\"2026-04-08T14:07:19+00:00\",\"description\":\"Adidas Drive 3.3 Vintage ofrece un gran control y firmeza en las estrategias defensivas. Integra las tecnolog\u00edas Structural Reinforcement y Smart Holes Lineal.\",\"breadcrumb\":{\"@id\":\"https:\\\/\\\/revolutionpadelstore.com\\\/pt-pt\\\/produto\\\/adidas-drive-3-3-vintage\\\/#breadcrumb\"},\"inLanguage\":\"pt-PT\",\"potentialAction\":[{\"@type\":\"ReadAction\",\"target\":[\"https:\\\/\\\/revolutionpadelstore.com\\\/pt-pt\\\/produto\\\/adidas-drive-3-3-vintage\\\/\"]}]},{\"@type\":\"ImageObject\",\"inLanguage\":\"pt-PT\",\"@id\":\"https:\\\/\\\/revolutionpadelstore.com\\\/pt-pt\\\/produto\\\/adidas-drive-3-3-vintage\\\/#primaryimage\",\"url\":\"https:\\\/\\\/revolutionpadelstore.com\\\/wp-content\\\/uploads\\\/2024\\\/03\\\/110136_padel_webs_padel_y_grupo_pala_adidas_drive_3_3_vintage_adrk5ca1u0062f_15_399e.webp\",\"contentUrl\":\"https:\\\/\\\/revolutionpadelstore.com\\\/wp-content\\\/uploads\\\/2024\\\/03\\\/110136_padel_webs_padel_y_grupo_pala_adidas_drive_3_3_vintage_adrk5ca1u0062f_15_399e.webp\",\"width\":1500,\"height\":1500,\"caption\":\"ADIDAS DRIVE 3.3 VINTAGE\"},{\"@type\":\"BreadcrumbList\",\"@id\":\"https:\\\/\\\/revolutionpadelstore.com\\\/pt-pt\\\/produto\\\/adidas-drive-3-3-vintage\\\/#breadcrumb\",\"itemListElement\":[{\"@type\":\"ListItem\",\"position\":1,\"name\":\"Portada\",\"item\":\"https:\\\/\\\/revolutionpadelstore.com\\\/pt-pt\\\/\"},{\"@type\":\"ListItem\",\"position\":2,\"name\":\"Tienda\",\"item\":\"https:\\\/\\\/revolutionpadelstore.com\\\/pt-pt\\\/tienda\\\/\"},{\"@type\":\"ListItem\",\"position\":3,\"name\":\"ADIDAS DRIVE 3.3 VINTAGE\"}]},{\"@type\":\"WebSite\",\"@id\":\"https:\\\/\\\/revolutionpadelstore.com\\\/pt-pt\\\/#website\",\"url\":\"https:\\\/\\\/revolutionpadelstore.com\\\/pt-pt\\\/\",\"name\":\"Revolution Padel Store\",\"description\":\"\",\"publisher\":{\"@id\":\"https:\\\/\\\/revolutionpadelstore.com\\\/pt-pt\\\/#organization\"},\"potentialAction\":[{\"@type\":\"SearchAction\",\"target\":{\"@type\":\"EntryPoint\",\"urlTemplate\":\"https:\\\/\\\/revolutionpadelstore.com\\\/pt-pt\\\/?s={search_term_string}\"},\"query-input\":{\"@type\":\"PropertyValueSpecification\",\"valueRequired\":true,\"valueName\":\"search_term_string\"}}],\"inLanguage\":\"pt-PT\"},{\"@type\":\"Organization\",\"@id\":\"https:\\\/\\\/revolutionpadelstore.com\\\/pt-pt\\\/#organization\",\"name\":\"Revolution Padel Store\",\"url\":\"https:\\\/\\\/revolutionpadelstore.com\\\/pt-pt\\\/\",\"logo\":{\"@type\":\"ImageObject\",\"inLanguage\":\"pt-PT\",\"@id\":\"https:\\\/\\\/revolutionpadelstore.com\\\/pt-pt\\\/#\\\/schema\\\/logo\\\/image\\\/\",\"url\":\"https:\\\/\\\/revolutionpadelstore.com\\\/wp-content\\\/uploads\\\/2026\\\/02\\\/revolution-padel-store.jpg\",\"contentUrl\":\"https:\\\/\\\/revolutionpadelstore.com\\\/wp-content\\\/uploads\\\/2026\\\/02\\\/revolution-padel-store.jpg\",\"width\":2000,\"height\":2000,\"caption\":\"Revolution Padel Store\"},\"image\":{\"@id\":\"https:\\\/\\\/revolutionpadelstore.com\\\/pt-pt\\\/#\\\/schema\\\/logo\\\/image\\\/\"},\"sameAs\":[\"https:\\\/\\\/www.instagram.com\\\/revolutionpadelstore\\\/\"]}]}<\/script>\n<!-- \/ Yoast SEO plugin. -->","yoast_head_json":{"title":"ADIDAS DRIVE 3.3 VINTAGE - Revolution Padel Store","description":"Adidas Drive 3.3 Vintage ofrece un gran control y firmeza en las estrategias defensivas. Integra las tecnolog\u00edas Structural Reinforcement y Smart Holes Lineal.","robots":{"index":"index","follow":"follow","max-snippet":"max-snippet:-1","max-image-preview":"max-image-preview:large","max-video-preview":"max-video-preview:-1"},"canonical":"https:\/\/revolutionpadelstore.com\/pt-pt\/produto\/adidas-drive-3-3-vintage\/","og_locale":"pt_PT","og_type":"article","og_title":"ADIDAS DRIVE 3.3 VINTAGE","og_description":"Adidas Drive 3.3 Vintage ofrece un gran control y firmeza en las estrategias defensivas. Integra las tecnolog\u00edas Structural Reinforcement y Smart Holes Lineal.","og_url":"https:\/\/revolutionpadelstore.com\/pt-pt\/produto\/adidas-drive-3-3-vintage\/","og_site_name":"Revolution Padel Store","article_modified_time":"2026-04-08T14:07:19+00:00","og_image":[{"width":1500,"height":1500,"url":"https:\/\/revolutionpadelstore.com\/wp-content\/uploads\/2024\/03\/110136_padel_webs_padel_y_grupo_pala_adidas_drive_3_3_vintage_adrk5ca1u0062f_15_399e.webp","type":"image\/webp"}],"twitter_card":"summary_large_image","twitter_misc":{"Tempo estimado de leitura":"2 minutos"},"schema":{"@context":"https:\/\/schema.org","@graph":[{"@type":"WebPage","@id":"https:\/\/revolutionpadelstore.com\/pt-pt\/produto\/adidas-drive-3-3-vintage\/","url":"https:\/\/revolutionpadelstore.com\/pt-pt\/produto\/adidas-drive-3-3-vintage\/","name":"ADIDAS DRIVE 3.3 VINTAGE - Revolution Padel Store","isPartOf":{"@id":"https:\/\/revolutionpadelstore.com\/pt-pt\/#website"},"primaryImageOfPage":{"@id":"https:\/\/revolutionpadelstore.com\/pt-pt\/produto\/adidas-drive-3-3-vintage\/#primaryimage"},"image":{"@id":"https:\/\/revolutionpadelstore.com\/pt-pt\/produto\/adidas-drive-3-3-vintage\/#primaryimage"},"thumbnailUrl":"https:\/\/revolutionpadelstore.com\/wp-content\/uploads\/2024\/03\/110136_padel_webs_padel_y_grupo_pala_adidas_drive_3_3_vintage_adrk5ca1u0062f_15_399e.webp","datePublished":"2024-03-05T14:43:23+00:00","dateModified":"2026-04-08T14:07:19+00:00","description":"Adidas Drive 3.3 Vintage ofrece un gran control y firmeza en las estrategias defensivas. Integra las tecnolog\u00edas Structural Reinforcement y Smart Holes Lineal.","breadcrumb":{"@id":"https:\/\/revolutionpadelstore.com\/pt-pt\/produto\/adidas-drive-3-3-vintage\/#breadcrumb"},"inLanguage":"pt-PT","potentialAction":[{"@type":"ReadAction","target":["https:\/\/revolutionpadelstore.com\/pt-pt\/produto\/adidas-drive-3-3-vintage\/"]}]},{"@type":"ImageObject","inLanguage":"pt-PT","@id":"https:\/\/revolutionpadelstore.com\/pt-pt\/produto\/adidas-drive-3-3-vintage\/#primaryimage","url":"https:\/\/revolutionpadelstore.com\/wp-content\/uploads\/2024\/03\/110136_padel_webs_padel_y_grupo_pala_adidas_drive_3_3_vintage_adrk5ca1u0062f_15_399e.webp","contentUrl":"https:\/\/revolutionpadelstore.com\/wp-content\/uploads\/2024\/03\/110136_padel_webs_padel_y_grupo_pala_adidas_drive_3_3_vintage_adrk5ca1u0062f_15_399e.webp","width":1500,"height":1500,"caption":"ADIDAS DRIVE 3.3 VINTAGE"},{"@type":"BreadcrumbList","@id":"https:\/\/revolutionpadelstore.com\/pt-pt\/produto\/adidas-drive-3-3-vintage\/#breadcrumb","itemListElement":[{"@type":"ListItem","position":1,"name":"Portada","item":"https:\/\/revolutionpadelstore.com\/pt-pt\/"},{"@type":"ListItem","position":2,"name":"Tienda","item":"https:\/\/revolutionpadelstore.com\/pt-pt\/tienda\/"},{"@type":"ListItem","position":3,"name":"ADIDAS DRIVE 3.3 VINTAGE"}]},{"@type":"WebSite","@id":"https:\/\/revolutionpadelstore.com\/pt-pt\/#website","url":"https:\/\/revolutionpadelstore.com\/pt-pt\/","name":"Revolution Padel Store","description":"","publisher":{"@id":"https:\/\/revolutionpadelstore.com\/pt-pt\/#organization"},"potentialAction":[{"@type":"SearchAction","target":{"@type":"EntryPoint","urlTemplate":"https:\/\/revolutionpadelstore.com\/pt-pt\/?s={search_term_string}"},"query-input":{"@type":"PropertyValueSpecification","valueRequired":true,"valueName":"search_term_string"}}],"inLanguage":"pt-PT"},{"@type":"Organization","@id":"https:\/\/revolutionpadelstore.com\/pt-pt\/#organization","name":"Revolution Padel Store","url":"https:\/\/revolutionpadelstore.com\/pt-pt\/","logo":{"@type":"ImageObject","inLanguage":"pt-PT","@id":"https:\/\/revolutionpadelstore.com\/pt-pt\/#\/schema\/logo\/image\/","url":"https:\/\/revolutionpadelstore.com\/wp-content\/uploads\/2026\/02\/revolution-padel-store.jpg","contentUrl":"https:\/\/revolutionpadelstore.com\/wp-content\/uploads\/2026\/02\/revolution-padel-store.jpg","width":2000,"height":2000,"caption":"Revolution Padel Store"},"image":{"@id":"https:\/\/revolutionpadelstore.com\/pt-pt\/#\/schema\/logo\/image\/"},"sameAs":["https:\/\/www.instagram.com\/revolutionpadelstore\/"]}]}},"_links":{"self":[{"href":"https:\/\/revolutionpadelstore.com\/pt-pt\/wp-json\/wp\/v2\/product\/21691","targetHints":{"allow":["GET"]}}],"collection":[{"href":"https:\/\/revolutionpadelstore.com\/pt-pt\/wp-json\/wp\/v2\/product"}],"about":[{"href":"https:\/\/revolutionpadelstore.com\/pt-pt\/wp-json\/wp\/v2\/types\/product"}],"replies":[{"embeddable":true,"href":"https:\/\/revolutionpadelstore.com\/pt-pt\/wp-json\/wp\/v2\/comments?post=21691"}],"wp:featuredmedia":[{"embeddable":true,"href":"https:\/\/revolutionpadelstore.com\/pt-pt\/wp-json\/wp\/v2\/media\/1073"}],"wp:attachment":[{"href":"https:\/\/revolutionpadelstore.com\/pt-pt\/wp-json\/wp\/v2\/media?parent=21691"}],"wp:term":[{"taxonomy":"acabado","embeddable":true,"href":"https:\/\/revolutionpadelstore.com\/pt-pt\/wp-json\/wp\/v2\/acabado?post=21691"},{"taxonomy":"balance","embeddable":true,"href":"https:\/\/revolutionpadelstore.com\/pt-pt\/wp-json\/wp\/v2\/balance?post=21691"},{"taxonomy":"dureza","embeddable":true,"href":"https:\/\/revolutionpadelstore.com\/pt-pt\/wp-json\/wp\/v2\/dureza?post=21691"},{"taxonomy":"forma","embeddable":true,"href":"https:\/\/revolutionpadelstore.com\/pt-pt\/wp-json\/wp\/v2\/forma?post=21691"},{"taxonomy":"jugador","embeddable":true,"href":"https:\/\/revolutionpadelstore.com\/pt-pt\/wp-json\/wp\/v2\/jugador?post=21691"},{"taxonomy":"marca","embeddable":true,"href":"https:\/\/revolutionpadelstore.com\/pt-pt\/wp-json\/wp\/v2\/marca?post=21691"},{"taxonomy":"nivel-de-juego","embeddable":true,"href":"https:\/\/revolutionpadelstore.com\/pt-pt\/wp-json\/wp\/v2\/nivel-de-juego?post=21691"},{"taxonomy":"superficie","embeddable":true,"href":"https:\/\/revolutionpadelstore.com\/pt-pt\/wp-json\/wp\/v2\/superficie?post=21691"},{"taxonomy":"tipo-de-juego","embeddable":true,"href":"https:\/\/revolutionpadelstore.com\/pt-pt\/wp-json\/wp\/v2\/tipo-de-juego?post=21691"},{"taxonomy":"product_brand","embeddable":true,"href":"https:\/\/revolutionpadelstore.com\/pt-pt\/wp-json\/wp\/v2\/product_brand?post=21691"},{"taxonomy":"product_cat","embeddable":true,"href":"https:\/\/revolutionpadelstore.com\/pt-pt\/wp-json\/wp\/v2\/product_cat?post=21691"},{"taxonomy":"product_tag","embeddable":true,"href":"https:\/\/revolutionpadelstore.com\/pt-pt\/wp-json\/wp\/v2\/product_tag?post=21691"}],"curies":[{"name":"wp","href":"https:\/\/api.w.org\/{rel}","templated":true}]}}