{"id":216866,"date":"2025-04-01T20:59:59","date_gmt":"2025-04-01T18:59:59","guid":{"rendered":"https:\/\/revolutionpadelstore.com\/?post_type=product&#038;p=216866"},"modified":"2026-04-08T05:27:33","modified_gmt":"2026-04-08T03:27:33","slug":"bolsa-siux-the-queen-blanco-5","status":"publish","type":"product","link":"https:\/\/revolutionpadelstore.com\/pt-pt\/produto\/bolsa-siux-the-queen-blanco-5\/","title":{"rendered":"BOLSA SIUX THE QUEEN BLANCO"},"content":{"rendered":"<p><H2> Siux the Queen Bag &#8211; Eleg\u00e2ncia e funcionalidade para jogadores exigentes <\/h2>\n<p>O <strong> Siux Bag the Queen <\/strong> \u00e9 o complemento perfeito para os jogadores que procuram se destacar dentro e fora da pista. Projetado com um estilo sofisticado e detalhes premium, combine <strong> eleg\u00e2ncia, funcionalidade e durabilidade <\/strong> para oferecer a melhor experi\u00eancia em cada parte ou treinamento.<br \/>\n<H2> caracter\u00edsticas pendentes <\/h2>\n<p><P> <strong> -gore Capacidade de armazenamento <\/strong> <\/strong><br \/>\nSua ampla estrutura permite que voc\u00ea use tudo o que precisa: p\u00e1s, roupas, sapatos e acess\u00f3rios, mantendo tudo bem organizado.<\/p>\n<p> <strong>&#8211; compartimento palas <\/strong><br \/>\nProtege at\u00e9 <strong> duas l\u00e2minas de paddle <\/strong> em um compartimento acolchoado especialmente projetado para preservar sua forma e desempenho. <\/p>\n<p> <strong>&#8211; bolso t\u00e9rmico incorporado <\/strong><br \/>\nIdeal para preservar suas temperaturas extremas <\/strong>, garantindo sua durabilidade, mesmo em condi\u00e7\u00f5es adversas.<\/p>\n<p> <strong> -e espa\u00e7o independente para cal\u00e7ados <\/strong><br \/>\nSepare seus sapatos do restante do equipamento, mantendo a limpeza e a ordem o tempo todo. <\/p>\n<p> <strong>&#8211; bolsos laterais funcionais <\/strong><br \/>\nMantenha objetos pessoais, como chaves, m\u00f3veis ou carteira com seguran\u00e7a e com acesso r\u00e1pido. <\/p>\n<p><P> <strong>-Materiais de ponta <\/strong><br \/>\nFabricado com materiais resistentes e dur\u00e1veis, ideais para uso intensivo sem perder sua apar\u00eancia premium. <\/p>\n<p><P> <strong>-exclusivo e design moderno <\/strong><br \/>\nCom linhas elegantes e detalhes cuidadosamente selecionados, esta bolsa reflete estilo e car\u00e1ter, ideal para os jogadores <strong> que desejam destacar <\/strong>. <\/p>\n<p><P> <strong> -versatile e confort\u00e1vel sistema de transporte <\/strong><br \/>\nTome -o como uma mochila ou na sua m\u00e3o, gra\u00e7as \u00e0s suas al\u00e7as ergon\u00f4micas e tiras acolchoadas ajust\u00e1veis. <\/p>\n<p><H2> Por que escolher o Siux the Queen Bag?<br \/>\nPorque n\u00e3o apenas o seu equipamento transporta, mas tamb\u00e9m reflete sua atitude e estilo na pista <\/strong>. Com seu design exclusivo e distribui\u00e7\u00e3o inteligente, voc\u00ea ter\u00e1 tudo sob controle com eleg\u00e2ncia e praticidade. Perfeito para jogadores que valorizam a est\u00e9tica e a funcionalidade.<\/p>\n<p>Dispon\u00edvel agora em nossa loja on -line <a href=\"https:\/\/www.revolutionpadelstore.com\/\"> www.revolutionpadelstore.com <\/a>, <strong> Provavelmente no melhor pre\u00e7o de mercado <\/strong>.<\/p>\n<h2>Bolsa Siux The Queen \u2013 Elegancia y Funcionalidad para Jugadoras de P\u00e1del Exigentes<\/h2>\n","protected":false},"excerpt":{"rendered":"<p>O <strong> Siux Bag the Queen <\/strong> \u00e9 o complemento perfeito para os jogadores que procuram se destacar dentro e fora da pista. Projetado com um estilo sofisticado e detalhes premium, combine <strong> eleg\u00e2ncia, funcionalidade e durabilidade <\/strong> para oferecer a melhor experi\u00eancia em cada parte ou treinamento.<strong>Bolsa Siux The Queen<\/strong><\/p>\n","protected":false},"featured_media":216878,"comment_status":"open","ping_status":"closed","template":"","meta":{"_acf_changed":false,"_joinchat":[]},"acabado":[],"balance":[],"dureza":[],"forma":[],"jugador":[],"marca":[1305],"nivel-de-juego":[],"superficie":[],"tipo-de-juego":[],"product_brand":[],"product_cat":[316],"product_tag":[],"class_list":{"0":"post-216866","1":"product","2":"type-product","3":"status-publish","4":"has-post-thumbnail","6":"marca-siux-pt-pt","7":"product_cat-bolsas-pt-pt","9":"first","10":"outofstock","11":"sale","12":"taxable","13":"shipping-taxable","14":"purchasable","15":"product-type-simple"},"acf":[],"yoast_head":"<!-- This site is optimized with the Yoast SEO plugin v27.4 - https:\/\/yoast.com\/product\/yoast-seo-wordpress\/ -->\n<title>BOLSA SIUX THE QUEEN BLANCO - Revolution Padel Store<\/title>\n<meta name=\"description\" content=\"Descubre la Bolsa Siux The Queen, una mochila de p\u00e1del elegante y funcional para jugadoras exigentes. Con compartimento t\u00e9rmico, espacio para palas y dise\u00f1o exclusivo. \u00a1C\u00f3mprala online al mejor precio en Revolution Padel Store!\" \/>\n<meta name=\"robots\" content=\"index, follow, max-snippet:-1, max-image-preview:large, max-video-preview:-1\" \/>\n<link rel=\"canonical\" href=\"https:\/\/revolutionpadelstore.com\/pt-pt\/produto\/bolsa-siux-the-queen-blanco-5\/\" \/>\n<meta property=\"og:locale\" content=\"pt_PT\" \/>\n<meta property=\"og:type\" content=\"article\" \/>\n<meta property=\"og:title\" content=\"BOLSA SIUX THE QUEEN BLANCO - Revolution Padel Store\" \/>\n<meta property=\"og:description\" content=\"Descubre la Bolsa Siux The Queen, una mochila de p\u00e1del elegante y funcional para jugadoras exigentes. Con compartimento t\u00e9rmico, espacio para palas y dise\u00f1o exclusivo. \u00a1C\u00f3mprala online al mejor precio en Revolution Padel Store!\" \/>\n<meta property=\"og:url\" content=\"https:\/\/revolutionpadelstore.com\/pt-pt\/produto\/bolsa-siux-the-queen-blanco-5\/\" \/>\n<meta property=\"og:site_name\" content=\"Revolution Padel Store\" \/>\n<meta property=\"article:modified_time\" content=\"2026-04-08T03:27:33+00:00\" \/>\n<meta property=\"og:image\" content=\"https:\/\/revolutionpadelstore.com\/wp-content\/uploads\/2025\/04\/209.png\" \/>\n\t<meta property=\"og:image:width\" content=\"1500\" \/>\n\t<meta property=\"og:image:height\" content=\"1500\" \/>\n\t<meta property=\"og:image:type\" content=\"image\/png\" \/>\n<meta name=\"twitter:card\" content=\"summary_large_image\" \/>\n<meta name=\"twitter:label1\" content=\"Tempo estimado de leitura\" \/>\n\t<meta name=\"twitter:data1\" content=\"2 minutos\" \/>\n<script type=\"application\/ld+json\" class=\"yoast-schema-graph\">{\"@context\":\"https:\\\/\\\/schema.org\",\"@graph\":[{\"@type\":\"WebPage\",\"@id\":\"https:\\\/\\\/revolutionpadelstore.com\\\/pt-pt\\\/produto\\\/bolsa-siux-the-queen-blanco-5\\\/\",\"url\":\"https:\\\/\\\/revolutionpadelstore.com\\\/pt-pt\\\/produto\\\/bolsa-siux-the-queen-blanco-5\\\/\",\"name\":\"BOLSA SIUX THE QUEEN BLANCO - Revolution Padel Store\",\"isPartOf\":{\"@id\":\"https:\\\/\\\/revolutionpadelstore.com\\\/pt-pt\\\/#website\"},\"primaryImageOfPage\":{\"@id\":\"https:\\\/\\\/revolutionpadelstore.com\\\/pt-pt\\\/produto\\\/bolsa-siux-the-queen-blanco-5\\\/#primaryimage\"},\"image\":{\"@id\":\"https:\\\/\\\/revolutionpadelstore.com\\\/pt-pt\\\/produto\\\/bolsa-siux-the-queen-blanco-5\\\/#primaryimage\"},\"thumbnailUrl\":\"https:\\\/\\\/revolutionpadelstore.com\\\/wp-content\\\/uploads\\\/2025\\\/04\\\/209.png\",\"datePublished\":\"2025-04-01T18:59:59+00:00\",\"dateModified\":\"2026-04-08T03:27:33+00:00\",\"description\":\"Descubre la Bolsa Siux The Queen, una mochila de p\u00e1del elegante y funcional para jugadoras exigentes. Con compartimento t\u00e9rmico, espacio para palas y dise\u00f1o exclusivo. \u00a1C\u00f3mprala online al mejor precio en Revolution Padel Store!\",\"breadcrumb\":{\"@id\":\"https:\\\/\\\/revolutionpadelstore.com\\\/pt-pt\\\/produto\\\/bolsa-siux-the-queen-blanco-5\\\/#breadcrumb\"},\"inLanguage\":\"pt-PT\",\"potentialAction\":[{\"@type\":\"ReadAction\",\"target\":[\"https:\\\/\\\/revolutionpadelstore.com\\\/pt-pt\\\/produto\\\/bolsa-siux-the-queen-blanco-5\\\/\"]}]},{\"@type\":\"ImageObject\",\"inLanguage\":\"pt-PT\",\"@id\":\"https:\\\/\\\/revolutionpadelstore.com\\\/pt-pt\\\/produto\\\/bolsa-siux-the-queen-blanco-5\\\/#primaryimage\",\"url\":\"https:\\\/\\\/revolutionpadelstore.com\\\/wp-content\\\/uploads\\\/2025\\\/04\\\/209.png\",\"contentUrl\":\"https:\\\/\\\/revolutionpadelstore.com\\\/wp-content\\\/uploads\\\/2025\\\/04\\\/209.png\",\"width\":1500,\"height\":1500},{\"@type\":\"BreadcrumbList\",\"@id\":\"https:\\\/\\\/revolutionpadelstore.com\\\/pt-pt\\\/produto\\\/bolsa-siux-the-queen-blanco-5\\\/#breadcrumb\",\"itemListElement\":[{\"@type\":\"ListItem\",\"position\":1,\"name\":\"Portada\",\"item\":\"https:\\\/\\\/revolutionpadelstore.com\\\/pt-pt\\\/\"},{\"@type\":\"ListItem\",\"position\":2,\"name\":\"Tienda\",\"item\":\"https:\\\/\\\/revolutionpadelstore.com\\\/pt-pt\\\/tienda\\\/\"},{\"@type\":\"ListItem\",\"position\":3,\"name\":\"BOLSA SIUX THE QUEEN BLANCO\"}]},{\"@type\":\"WebSite\",\"@id\":\"https:\\\/\\\/revolutionpadelstore.com\\\/pt-pt\\\/#website\",\"url\":\"https:\\\/\\\/revolutionpadelstore.com\\\/pt-pt\\\/\",\"name\":\"Revolution Padel Store\",\"description\":\"\",\"publisher\":{\"@id\":\"https:\\\/\\\/revolutionpadelstore.com\\\/pt-pt\\\/#organization\"},\"potentialAction\":[{\"@type\":\"SearchAction\",\"target\":{\"@type\":\"EntryPoint\",\"urlTemplate\":\"https:\\\/\\\/revolutionpadelstore.com\\\/pt-pt\\\/?s={search_term_string}\"},\"query-input\":{\"@type\":\"PropertyValueSpecification\",\"valueRequired\":true,\"valueName\":\"search_term_string\"}}],\"inLanguage\":\"pt-PT\"},{\"@type\":\"Organization\",\"@id\":\"https:\\\/\\\/revolutionpadelstore.com\\\/pt-pt\\\/#organization\",\"name\":\"Revolution Padel Store\",\"url\":\"https:\\\/\\\/revolutionpadelstore.com\\\/pt-pt\\\/\",\"logo\":{\"@type\":\"ImageObject\",\"inLanguage\":\"pt-PT\",\"@id\":\"https:\\\/\\\/revolutionpadelstore.com\\\/pt-pt\\\/#\\\/schema\\\/logo\\\/image\\\/\",\"url\":\"https:\\\/\\\/revolutionpadelstore.com\\\/wp-content\\\/uploads\\\/2026\\\/02\\\/revolution-padel-store.jpg\",\"contentUrl\":\"https:\\\/\\\/revolutionpadelstore.com\\\/wp-content\\\/uploads\\\/2026\\\/02\\\/revolution-padel-store.jpg\",\"width\":2000,\"height\":2000,\"caption\":\"Revolution Padel Store\"},\"image\":{\"@id\":\"https:\\\/\\\/revolutionpadelstore.com\\\/pt-pt\\\/#\\\/schema\\\/logo\\\/image\\\/\"},\"sameAs\":[\"https:\\\/\\\/www.instagram.com\\\/revolutionpadelstore\\\/\"]}]}<\/script>\n<!-- \/ Yoast SEO plugin. -->","yoast_head_json":{"title":"BOLSA SIUX THE QUEEN BLANCO - Revolution Padel Store","description":"Descubre la Bolsa Siux The Queen, una mochila de p\u00e1del elegante y funcional para jugadoras exigentes. Con compartimento t\u00e9rmico, espacio para palas y dise\u00f1o exclusivo. \u00a1C\u00f3mprala online al mejor precio en Revolution Padel Store!","robots":{"index":"index","follow":"follow","max-snippet":"max-snippet:-1","max-image-preview":"max-image-preview:large","max-video-preview":"max-video-preview:-1"},"canonical":"https:\/\/revolutionpadelstore.com\/pt-pt\/produto\/bolsa-siux-the-queen-blanco-5\/","og_locale":"pt_PT","og_type":"article","og_title":"BOLSA SIUX THE QUEEN BLANCO - Revolution Padel Store","og_description":"Descubre la Bolsa Siux The Queen, una mochila de p\u00e1del elegante y funcional para jugadoras exigentes. Con compartimento t\u00e9rmico, espacio para palas y dise\u00f1o exclusivo. \u00a1C\u00f3mprala online al mejor precio en Revolution Padel Store!","og_url":"https:\/\/revolutionpadelstore.com\/pt-pt\/produto\/bolsa-siux-the-queen-blanco-5\/","og_site_name":"Revolution Padel Store","article_modified_time":"2026-04-08T03:27:33+00:00","og_image":[{"width":1500,"height":1500,"url":"https:\/\/revolutionpadelstore.com\/wp-content\/uploads\/2025\/04\/209.png","type":"image\/png"}],"twitter_card":"summary_large_image","twitter_misc":{"Tempo estimado de leitura":"2 minutos"},"schema":{"@context":"https:\/\/schema.org","@graph":[{"@type":"WebPage","@id":"https:\/\/revolutionpadelstore.com\/pt-pt\/produto\/bolsa-siux-the-queen-blanco-5\/","url":"https:\/\/revolutionpadelstore.com\/pt-pt\/produto\/bolsa-siux-the-queen-blanco-5\/","name":"BOLSA SIUX THE QUEEN BLANCO - Revolution Padel Store","isPartOf":{"@id":"https:\/\/revolutionpadelstore.com\/pt-pt\/#website"},"primaryImageOfPage":{"@id":"https:\/\/revolutionpadelstore.com\/pt-pt\/produto\/bolsa-siux-the-queen-blanco-5\/#primaryimage"},"image":{"@id":"https:\/\/revolutionpadelstore.com\/pt-pt\/produto\/bolsa-siux-the-queen-blanco-5\/#primaryimage"},"thumbnailUrl":"https:\/\/revolutionpadelstore.com\/wp-content\/uploads\/2025\/04\/209.png","datePublished":"2025-04-01T18:59:59+00:00","dateModified":"2026-04-08T03:27:33+00:00","description":"Descubre la Bolsa Siux The Queen, una mochila de p\u00e1del elegante y funcional para jugadoras exigentes. Con compartimento t\u00e9rmico, espacio para palas y dise\u00f1o exclusivo. \u00a1C\u00f3mprala online al mejor precio en Revolution Padel Store!","breadcrumb":{"@id":"https:\/\/revolutionpadelstore.com\/pt-pt\/produto\/bolsa-siux-the-queen-blanco-5\/#breadcrumb"},"inLanguage":"pt-PT","potentialAction":[{"@type":"ReadAction","target":["https:\/\/revolutionpadelstore.com\/pt-pt\/produto\/bolsa-siux-the-queen-blanco-5\/"]}]},{"@type":"ImageObject","inLanguage":"pt-PT","@id":"https:\/\/revolutionpadelstore.com\/pt-pt\/produto\/bolsa-siux-the-queen-blanco-5\/#primaryimage","url":"https:\/\/revolutionpadelstore.com\/wp-content\/uploads\/2025\/04\/209.png","contentUrl":"https:\/\/revolutionpadelstore.com\/wp-content\/uploads\/2025\/04\/209.png","width":1500,"height":1500},{"@type":"BreadcrumbList","@id":"https:\/\/revolutionpadelstore.com\/pt-pt\/produto\/bolsa-siux-the-queen-blanco-5\/#breadcrumb","itemListElement":[{"@type":"ListItem","position":1,"name":"Portada","item":"https:\/\/revolutionpadelstore.com\/pt-pt\/"},{"@type":"ListItem","position":2,"name":"Tienda","item":"https:\/\/revolutionpadelstore.com\/pt-pt\/tienda\/"},{"@type":"ListItem","position":3,"name":"BOLSA SIUX THE QUEEN BLANCO"}]},{"@type":"WebSite","@id":"https:\/\/revolutionpadelstore.com\/pt-pt\/#website","url":"https:\/\/revolutionpadelstore.com\/pt-pt\/","name":"Revolution Padel Store","description":"","publisher":{"@id":"https:\/\/revolutionpadelstore.com\/pt-pt\/#organization"},"potentialAction":[{"@type":"SearchAction","target":{"@type":"EntryPoint","urlTemplate":"https:\/\/revolutionpadelstore.com\/pt-pt\/?s={search_term_string}"},"query-input":{"@type":"PropertyValueSpecification","valueRequired":true,"valueName":"search_term_string"}}],"inLanguage":"pt-PT"},{"@type":"Organization","@id":"https:\/\/revolutionpadelstore.com\/pt-pt\/#organization","name":"Revolution Padel Store","url":"https:\/\/revolutionpadelstore.com\/pt-pt\/","logo":{"@type":"ImageObject","inLanguage":"pt-PT","@id":"https:\/\/revolutionpadelstore.com\/pt-pt\/#\/schema\/logo\/image\/","url":"https:\/\/revolutionpadelstore.com\/wp-content\/uploads\/2026\/02\/revolution-padel-store.jpg","contentUrl":"https:\/\/revolutionpadelstore.com\/wp-content\/uploads\/2026\/02\/revolution-padel-store.jpg","width":2000,"height":2000,"caption":"Revolution Padel Store"},"image":{"@id":"https:\/\/revolutionpadelstore.com\/pt-pt\/#\/schema\/logo\/image\/"},"sameAs":["https:\/\/www.instagram.com\/revolutionpadelstore\/"]}]}},"_links":{"self":[{"href":"https:\/\/revolutionpadelstore.com\/pt-pt\/wp-json\/wp\/v2\/product\/216866","targetHints":{"allow":["GET"]}}],"collection":[{"href":"https:\/\/revolutionpadelstore.com\/pt-pt\/wp-json\/wp\/v2\/product"}],"about":[{"href":"https:\/\/revolutionpadelstore.com\/pt-pt\/wp-json\/wp\/v2\/types\/product"}],"replies":[{"embeddable":true,"href":"https:\/\/revolutionpadelstore.com\/pt-pt\/wp-json\/wp\/v2\/comments?post=216866"}],"wp:featuredmedia":[{"embeddable":true,"href":"https:\/\/revolutionpadelstore.com\/pt-pt\/wp-json\/wp\/v2\/media\/216878"}],"wp:attachment":[{"href":"https:\/\/revolutionpadelstore.com\/pt-pt\/wp-json\/wp\/v2\/media?parent=216866"}],"wp:term":[{"taxonomy":"acabado","embeddable":true,"href":"https:\/\/revolutionpadelstore.com\/pt-pt\/wp-json\/wp\/v2\/acabado?post=216866"},{"taxonomy":"balance","embeddable":true,"href":"https:\/\/revolutionpadelstore.com\/pt-pt\/wp-json\/wp\/v2\/balance?post=216866"},{"taxonomy":"dureza","embeddable":true,"href":"https:\/\/revolutionpadelstore.com\/pt-pt\/wp-json\/wp\/v2\/dureza?post=216866"},{"taxonomy":"forma","embeddable":true,"href":"https:\/\/revolutionpadelstore.com\/pt-pt\/wp-json\/wp\/v2\/forma?post=216866"},{"taxonomy":"jugador","embeddable":true,"href":"https:\/\/revolutionpadelstore.com\/pt-pt\/wp-json\/wp\/v2\/jugador?post=216866"},{"taxonomy":"marca","embeddable":true,"href":"https:\/\/revolutionpadelstore.com\/pt-pt\/wp-json\/wp\/v2\/marca?post=216866"},{"taxonomy":"nivel-de-juego","embeddable":true,"href":"https:\/\/revolutionpadelstore.com\/pt-pt\/wp-json\/wp\/v2\/nivel-de-juego?post=216866"},{"taxonomy":"superficie","embeddable":true,"href":"https:\/\/revolutionpadelstore.com\/pt-pt\/wp-json\/wp\/v2\/superficie?post=216866"},{"taxonomy":"tipo-de-juego","embeddable":true,"href":"https:\/\/revolutionpadelstore.com\/pt-pt\/wp-json\/wp\/v2\/tipo-de-juego?post=216866"},{"taxonomy":"product_brand","embeddable":true,"href":"https:\/\/revolutionpadelstore.com\/pt-pt\/wp-json\/wp\/v2\/product_brand?post=216866"},{"taxonomy":"product_cat","embeddable":true,"href":"https:\/\/revolutionpadelstore.com\/pt-pt\/wp-json\/wp\/v2\/product_cat?post=216866"},{"taxonomy":"product_tag","embeddable":true,"href":"https:\/\/revolutionpadelstore.com\/pt-pt\/wp-json\/wp\/v2\/product_tag?post=216866"}],"curies":[{"name":"wp","href":"https:\/\/api.w.org\/{rel}","templated":true}]}}