{"id":21681,"date":"2024-03-05T16:05:04","date_gmt":"2024-03-05T15:05:04","guid":{"rendered":"https:\/\/revolutionpadelstore.com\/adidas-metalbone-3-3-2024\/"},"modified":"2026-04-08T16:06:01","modified_gmt":"2026-04-08T14:06:01","slug":"adidas-metalbone-3-3-2024","status":"publish","type":"product","link":"https:\/\/revolutionpadelstore.com\/pt-pt\/produto\/adidas-metalbone-3-3-2024\/","title":{"rendered":"ADIDAS METALBONE 3.3 2024"},"content":{"rendered":"<h2>Adidas Metalbone 3.3, poder e estilo na quadra<\/h2>\n<p>A <strong>Adidas Metalbone 3.3<\/strong> surge como a raquete oficial do renomado jogador profissional Ale Gal\u00e1n para o ano de 2024. Meticulosamente projetada para atender \u00e0s demandas de jogadores de alto desempenho, esta raquete oferece formato Diamond Oversize, proporcionando um superf\u00edcie de impacto expansiva para tiros poderosos.<\/p>\n<p>Com a inovadora tecnologia <strong>Adidas Weight &amp; Balance System<\/strong>, esta raquete permite personalizar seu peso ajustando parafusos no cora\u00e7\u00e3o, oferecendo flexibilidade no equil\u00edbrio. Com varia\u00e7\u00f5es de at\u00e9 12 gramas, voc\u00ea adaptar\u00e1 a raquete ao seu estilo de jogo \u00fanico.<\/p>\n<h3>Caracter\u00edsticas t\u00e9cnicas:<\/h3>\n<ul>\n<li><strong>Quadro:<\/strong> fibra de carbono de alta resist\u00eancia<\/li>\n<li><strong>Faces:<\/strong> carbono aluminado 2 para 1 para rigidez e pot\u00eancia<\/li>\n<li><strong>N\u00facleo:<\/strong> borracha EVA de desempenho macio para um jogo confort\u00e1vel<\/li>\n<li><strong>Tecnologias:<\/strong> Decalque Spin Blade e Smart Holes Curve para efeitos precisos<\/li>\n<li><strong>Refor\u00e7os:<\/strong> Tubular Octogonal com Estrutura Octogonal e Refor\u00e7o Estrutural<\/li>\n<\/ul>\n<h3>Estilo impressionante e prote\u00e7\u00e3o duradoura<\/h3>\n<p>O <strong>Adidas Metalbone 3.3<\/strong> n\u00e3o se destaca apenas pelo seu desempenho, mas tamb\u00e9m pelo seu estilo impressionante. O corpo preto \u00e9 real\u00e7ado com sutis detalhes em vermelho profundo, criando uma est\u00e9tica \u00fanica na quadra. Al\u00e9m disso, possui o protetor Metalbone Protector Tape para maior durabilidade e resist\u00eancia ao desgaste.<\/p>\n<h2>Adidas Metalbone 3.3, Potencia y Estilo en la Pista<\/h2>\n","protected":false},"excerpt":{"rendered":"<p>Experimente poder e eleg\u00e2ncia em cada foto com o <strong>Adidas Metalbone 3.3<\/strong>. Escolha exclusiva de Ale Gal\u00e1n, esta raquete oferece desempenho avan\u00e7ado e estilo imponente. Personalize seu jogo com seu sistema exclusivo de peso e equil\u00edbrio.<\/p>\n","protected":false},"featured_media":62122,"comment_status":"open","ping_status":"closed","template":"","meta":{"_acf_changed":false,"_joinchat":[]},"acabado":[1090],"balance":[1135],"dureza":[1150],"forma":[1170],"jugador":[1190,1200],"marca":[1230],"nivel-de-juego":[1335],"superficie":[1360],"tipo-de-juego":[1375],"product_brand":[],"product_cat":[300],"product_tag":[],"class_list":{"0":"post-21681","1":"product","2":"type-product","3":"status-publish","4":"has-post-thumbnail","6":"acabado-alivio-3d","7":"balance-alto-pt-pt","8":"dureza-blanda-pt-pt","9":"forma-diamante-pt-pt","10":"jugador-homem","11":"jugador-polivalente-pt-pt","12":"marca-adidas-pt-pt","13":"superficie-rugosa-pt-pt","14":"tipo-de-juego-poder","15":"product_cat-palas","17":"first","18":"instock","19":"sale","20":"taxable","21":"shipping-taxable","22":"purchasable","23":"product-type-simple"},"acf":[],"yoast_head":"<!-- This site is optimized with the Yoast SEO plugin v27.4 - https:\/\/yoast.com\/product\/yoast-seo-wordpress\/ -->\n<title>ADIDAS METALBONE 3.3 2024 - Revolution Padel Store<\/title>\n<meta name=\"description\" content=\"Experimenta la potencia y la elegancia en cada golpe con la Adidas Metalbone 3.3. La elecci\u00f3n distintiva de Ale Gal\u00e1n, esta pala ofrece rendimiento avanzado y estilo imponente. Personaliza tu juego con su exclusivo sistema de peso y balance.\" \/>\n<meta name=\"robots\" content=\"index, follow, max-snippet:-1, max-image-preview:large, max-video-preview:-1\" \/>\n<link rel=\"canonical\" href=\"https:\/\/revolutionpadelstore.com\/pt-pt\/produto\/adidas-metalbone-3-3-2024\/\" \/>\n<meta property=\"og:locale\" content=\"pt_PT\" \/>\n<meta property=\"og:type\" content=\"article\" \/>\n<meta property=\"og:title\" content=\"ADIDAS METALBONE 3.3 2024\" \/>\n<meta property=\"og:description\" content=\"Experimenta la potencia y la elegancia en cada golpe con la Adidas Metalbone 3.3. La elecci\u00f3n distintiva de Ale Gal\u00e1n, esta pala ofrece rendimiento avanzado y estilo imponente. Personaliza tu juego con su exclusivo sistema de peso y balance.\" \/>\n<meta property=\"og:url\" content=\"https:\/\/revolutionpadelstore.com\/pt-pt\/produto\/adidas-metalbone-3-3-2024\/\" \/>\n<meta property=\"og:site_name\" content=\"Revolution Padel Store\" \/>\n<meta property=\"article:modified_time\" content=\"2026-04-08T14:06:01+00:00\" \/>\n<meta property=\"og:image\" content=\"https:\/\/revolutionpadelstore.com\/wp-content\/uploads\/2024\/03\/110141_pala_adidas_metalbone_3_3_adrk1aa0u0016f_1500x1500_vista1_4b50.webp\" \/>\n\t<meta property=\"og:image:width\" content=\"1500\" \/>\n\t<meta property=\"og:image:height\" content=\"1500\" \/>\n\t<meta property=\"og:image:type\" content=\"image\/webp\" \/>\n<meta name=\"twitter:card\" content=\"summary_large_image\" \/>\n<meta name=\"twitter:label1\" content=\"Tempo estimado de leitura\" \/>\n\t<meta name=\"twitter:data1\" content=\"2 minutos\" \/>\n<script type=\"application\/ld+json\" class=\"yoast-schema-graph\">{\"@context\":\"https:\\\/\\\/schema.org\",\"@graph\":[{\"@type\":\"WebPage\",\"@id\":\"https:\\\/\\\/revolutionpadelstore.com\\\/pt-pt\\\/produto\\\/adidas-metalbone-3-3-2024\\\/\",\"url\":\"https:\\\/\\\/revolutionpadelstore.com\\\/pt-pt\\\/produto\\\/adidas-metalbone-3-3-2024\\\/\",\"name\":\"ADIDAS METALBONE 3.3 2024 - Revolution Padel Store\",\"isPartOf\":{\"@id\":\"https:\\\/\\\/revolutionpadelstore.com\\\/pt-pt\\\/#website\"},\"primaryImageOfPage\":{\"@id\":\"https:\\\/\\\/revolutionpadelstore.com\\\/pt-pt\\\/produto\\\/adidas-metalbone-3-3-2024\\\/#primaryimage\"},\"image\":{\"@id\":\"https:\\\/\\\/revolutionpadelstore.com\\\/pt-pt\\\/produto\\\/adidas-metalbone-3-3-2024\\\/#primaryimage\"},\"thumbnailUrl\":\"https:\\\/\\\/revolutionpadelstore.com\\\/wp-content\\\/uploads\\\/2024\\\/03\\\/110141_pala_adidas_metalbone_3_3_adrk1aa0u0016f_1500x1500_vista1_4b50.webp\",\"datePublished\":\"2024-03-05T15:05:04+00:00\",\"dateModified\":\"2026-04-08T14:06:01+00:00\",\"description\":\"Experimenta la potencia y la elegancia en cada golpe con la Adidas Metalbone 3.3. La elecci\u00f3n distintiva de Ale Gal\u00e1n, esta pala ofrece rendimiento avanzado y estilo imponente. Personaliza tu juego con su exclusivo sistema de peso y balance.\",\"breadcrumb\":{\"@id\":\"https:\\\/\\\/revolutionpadelstore.com\\\/pt-pt\\\/produto\\\/adidas-metalbone-3-3-2024\\\/#breadcrumb\"},\"inLanguage\":\"pt-PT\",\"potentialAction\":[{\"@type\":\"ReadAction\",\"target\":[\"https:\\\/\\\/revolutionpadelstore.com\\\/pt-pt\\\/produto\\\/adidas-metalbone-3-3-2024\\\/\"]}]},{\"@type\":\"ImageObject\",\"inLanguage\":\"pt-PT\",\"@id\":\"https:\\\/\\\/revolutionpadelstore.com\\\/pt-pt\\\/produto\\\/adidas-metalbone-3-3-2024\\\/#primaryimage\",\"url\":\"https:\\\/\\\/revolutionpadelstore.com\\\/wp-content\\\/uploads\\\/2024\\\/03\\\/110141_pala_adidas_metalbone_3_3_adrk1aa0u0016f_1500x1500_vista1_4b50.webp\",\"contentUrl\":\"https:\\\/\\\/revolutionpadelstore.com\\\/wp-content\\\/uploads\\\/2024\\\/03\\\/110141_pala_adidas_metalbone_3_3_adrk1aa0u0016f_1500x1500_vista1_4b50.webp\",\"width\":1500,\"height\":1500},{\"@type\":\"BreadcrumbList\",\"@id\":\"https:\\\/\\\/revolutionpadelstore.com\\\/pt-pt\\\/produto\\\/adidas-metalbone-3-3-2024\\\/#breadcrumb\",\"itemListElement\":[{\"@type\":\"ListItem\",\"position\":1,\"name\":\"Portada\",\"item\":\"https:\\\/\\\/revolutionpadelstore.com\\\/pt-pt\\\/\"},{\"@type\":\"ListItem\",\"position\":2,\"name\":\"Tienda\",\"item\":\"https:\\\/\\\/revolutionpadelstore.com\\\/pt-pt\\\/tienda\\\/\"},{\"@type\":\"ListItem\",\"position\":3,\"name\":\"ADIDAS METALBONE 3.3 2024\"}]},{\"@type\":\"WebSite\",\"@id\":\"https:\\\/\\\/revolutionpadelstore.com\\\/pt-pt\\\/#website\",\"url\":\"https:\\\/\\\/revolutionpadelstore.com\\\/pt-pt\\\/\",\"name\":\"Revolution Padel Store\",\"description\":\"\",\"publisher\":{\"@id\":\"https:\\\/\\\/revolutionpadelstore.com\\\/pt-pt\\\/#organization\"},\"potentialAction\":[{\"@type\":\"SearchAction\",\"target\":{\"@type\":\"EntryPoint\",\"urlTemplate\":\"https:\\\/\\\/revolutionpadelstore.com\\\/pt-pt\\\/?s={search_term_string}\"},\"query-input\":{\"@type\":\"PropertyValueSpecification\",\"valueRequired\":true,\"valueName\":\"search_term_string\"}}],\"inLanguage\":\"pt-PT\"},{\"@type\":\"Organization\",\"@id\":\"https:\\\/\\\/revolutionpadelstore.com\\\/pt-pt\\\/#organization\",\"name\":\"Revolution Padel Store\",\"url\":\"https:\\\/\\\/revolutionpadelstore.com\\\/pt-pt\\\/\",\"logo\":{\"@type\":\"ImageObject\",\"inLanguage\":\"pt-PT\",\"@id\":\"https:\\\/\\\/revolutionpadelstore.com\\\/pt-pt\\\/#\\\/schema\\\/logo\\\/image\\\/\",\"url\":\"https:\\\/\\\/revolutionpadelstore.com\\\/wp-content\\\/uploads\\\/2026\\\/02\\\/revolution-padel-store.jpg\",\"contentUrl\":\"https:\\\/\\\/revolutionpadelstore.com\\\/wp-content\\\/uploads\\\/2026\\\/02\\\/revolution-padel-store.jpg\",\"width\":2000,\"height\":2000,\"caption\":\"Revolution Padel Store\"},\"image\":{\"@id\":\"https:\\\/\\\/revolutionpadelstore.com\\\/pt-pt\\\/#\\\/schema\\\/logo\\\/image\\\/\"},\"sameAs\":[\"https:\\\/\\\/www.instagram.com\\\/revolutionpadelstore\\\/\"]}]}<\/script>\n<!-- \/ Yoast SEO plugin. -->","yoast_head_json":{"title":"ADIDAS METALBONE 3.3 2024 - Revolution Padel Store","description":"Experimenta la potencia y la elegancia en cada golpe con la Adidas Metalbone 3.3. La elecci\u00f3n distintiva de Ale Gal\u00e1n, esta pala ofrece rendimiento avanzado y estilo imponente. Personaliza tu juego con su exclusivo sistema de peso y balance.","robots":{"index":"index","follow":"follow","max-snippet":"max-snippet:-1","max-image-preview":"max-image-preview:large","max-video-preview":"max-video-preview:-1"},"canonical":"https:\/\/revolutionpadelstore.com\/pt-pt\/produto\/adidas-metalbone-3-3-2024\/","og_locale":"pt_PT","og_type":"article","og_title":"ADIDAS METALBONE 3.3 2024","og_description":"Experimenta la potencia y la elegancia en cada golpe con la Adidas Metalbone 3.3. La elecci\u00f3n distintiva de Ale Gal\u00e1n, esta pala ofrece rendimiento avanzado y estilo imponente. Personaliza tu juego con su exclusivo sistema de peso y balance.","og_url":"https:\/\/revolutionpadelstore.com\/pt-pt\/produto\/adidas-metalbone-3-3-2024\/","og_site_name":"Revolution Padel Store","article_modified_time":"2026-04-08T14:06:01+00:00","og_image":[{"width":1500,"height":1500,"url":"https:\/\/revolutionpadelstore.com\/wp-content\/uploads\/2024\/03\/110141_pala_adidas_metalbone_3_3_adrk1aa0u0016f_1500x1500_vista1_4b50.webp","type":"image\/webp"}],"twitter_card":"summary_large_image","twitter_misc":{"Tempo estimado de leitura":"2 minutos"},"schema":{"@context":"https:\/\/schema.org","@graph":[{"@type":"WebPage","@id":"https:\/\/revolutionpadelstore.com\/pt-pt\/produto\/adidas-metalbone-3-3-2024\/","url":"https:\/\/revolutionpadelstore.com\/pt-pt\/produto\/adidas-metalbone-3-3-2024\/","name":"ADIDAS METALBONE 3.3 2024 - Revolution Padel Store","isPartOf":{"@id":"https:\/\/revolutionpadelstore.com\/pt-pt\/#website"},"primaryImageOfPage":{"@id":"https:\/\/revolutionpadelstore.com\/pt-pt\/produto\/adidas-metalbone-3-3-2024\/#primaryimage"},"image":{"@id":"https:\/\/revolutionpadelstore.com\/pt-pt\/produto\/adidas-metalbone-3-3-2024\/#primaryimage"},"thumbnailUrl":"https:\/\/revolutionpadelstore.com\/wp-content\/uploads\/2024\/03\/110141_pala_adidas_metalbone_3_3_adrk1aa0u0016f_1500x1500_vista1_4b50.webp","datePublished":"2024-03-05T15:05:04+00:00","dateModified":"2026-04-08T14:06:01+00:00","description":"Experimenta la potencia y la elegancia en cada golpe con la Adidas Metalbone 3.3. La elecci\u00f3n distintiva de Ale Gal\u00e1n, esta pala ofrece rendimiento avanzado y estilo imponente. Personaliza tu juego con su exclusivo sistema de peso y balance.","breadcrumb":{"@id":"https:\/\/revolutionpadelstore.com\/pt-pt\/produto\/adidas-metalbone-3-3-2024\/#breadcrumb"},"inLanguage":"pt-PT","potentialAction":[{"@type":"ReadAction","target":["https:\/\/revolutionpadelstore.com\/pt-pt\/produto\/adidas-metalbone-3-3-2024\/"]}]},{"@type":"ImageObject","inLanguage":"pt-PT","@id":"https:\/\/revolutionpadelstore.com\/pt-pt\/produto\/adidas-metalbone-3-3-2024\/#primaryimage","url":"https:\/\/revolutionpadelstore.com\/wp-content\/uploads\/2024\/03\/110141_pala_adidas_metalbone_3_3_adrk1aa0u0016f_1500x1500_vista1_4b50.webp","contentUrl":"https:\/\/revolutionpadelstore.com\/wp-content\/uploads\/2024\/03\/110141_pala_adidas_metalbone_3_3_adrk1aa0u0016f_1500x1500_vista1_4b50.webp","width":1500,"height":1500},{"@type":"BreadcrumbList","@id":"https:\/\/revolutionpadelstore.com\/pt-pt\/produto\/adidas-metalbone-3-3-2024\/#breadcrumb","itemListElement":[{"@type":"ListItem","position":1,"name":"Portada","item":"https:\/\/revolutionpadelstore.com\/pt-pt\/"},{"@type":"ListItem","position":2,"name":"Tienda","item":"https:\/\/revolutionpadelstore.com\/pt-pt\/tienda\/"},{"@type":"ListItem","position":3,"name":"ADIDAS METALBONE 3.3 2024"}]},{"@type":"WebSite","@id":"https:\/\/revolutionpadelstore.com\/pt-pt\/#website","url":"https:\/\/revolutionpadelstore.com\/pt-pt\/","name":"Revolution Padel Store","description":"","publisher":{"@id":"https:\/\/revolutionpadelstore.com\/pt-pt\/#organization"},"potentialAction":[{"@type":"SearchAction","target":{"@type":"EntryPoint","urlTemplate":"https:\/\/revolutionpadelstore.com\/pt-pt\/?s={search_term_string}"},"query-input":{"@type":"PropertyValueSpecification","valueRequired":true,"valueName":"search_term_string"}}],"inLanguage":"pt-PT"},{"@type":"Organization","@id":"https:\/\/revolutionpadelstore.com\/pt-pt\/#organization","name":"Revolution Padel Store","url":"https:\/\/revolutionpadelstore.com\/pt-pt\/","logo":{"@type":"ImageObject","inLanguage":"pt-PT","@id":"https:\/\/revolutionpadelstore.com\/pt-pt\/#\/schema\/logo\/image\/","url":"https:\/\/revolutionpadelstore.com\/wp-content\/uploads\/2026\/02\/revolution-padel-store.jpg","contentUrl":"https:\/\/revolutionpadelstore.com\/wp-content\/uploads\/2026\/02\/revolution-padel-store.jpg","width":2000,"height":2000,"caption":"Revolution Padel Store"},"image":{"@id":"https:\/\/revolutionpadelstore.com\/pt-pt\/#\/schema\/logo\/image\/"},"sameAs":["https:\/\/www.instagram.com\/revolutionpadelstore\/"]}]}},"_links":{"self":[{"href":"https:\/\/revolutionpadelstore.com\/pt-pt\/wp-json\/wp\/v2\/product\/21681","targetHints":{"allow":["GET"]}}],"collection":[{"href":"https:\/\/revolutionpadelstore.com\/pt-pt\/wp-json\/wp\/v2\/product"}],"about":[{"href":"https:\/\/revolutionpadelstore.com\/pt-pt\/wp-json\/wp\/v2\/types\/product"}],"replies":[{"embeddable":true,"href":"https:\/\/revolutionpadelstore.com\/pt-pt\/wp-json\/wp\/v2\/comments?post=21681"}],"wp:featuredmedia":[{"embeddable":true,"href":"https:\/\/revolutionpadelstore.com\/pt-pt\/wp-json\/wp\/v2\/media\/62122"}],"wp:attachment":[{"href":"https:\/\/revolutionpadelstore.com\/pt-pt\/wp-json\/wp\/v2\/media?parent=21681"}],"wp:term":[{"taxonomy":"acabado","embeddable":true,"href":"https:\/\/revolutionpadelstore.com\/pt-pt\/wp-json\/wp\/v2\/acabado?post=21681"},{"taxonomy":"balance","embeddable":true,"href":"https:\/\/revolutionpadelstore.com\/pt-pt\/wp-json\/wp\/v2\/balance?post=21681"},{"taxonomy":"dureza","embeddable":true,"href":"https:\/\/revolutionpadelstore.com\/pt-pt\/wp-json\/wp\/v2\/dureza?post=21681"},{"taxonomy":"forma","embeddable":true,"href":"https:\/\/revolutionpadelstore.com\/pt-pt\/wp-json\/wp\/v2\/forma?post=21681"},{"taxonomy":"jugador","embeddable":true,"href":"https:\/\/revolutionpadelstore.com\/pt-pt\/wp-json\/wp\/v2\/jugador?post=21681"},{"taxonomy":"marca","embeddable":true,"href":"https:\/\/revolutionpadelstore.com\/pt-pt\/wp-json\/wp\/v2\/marca?post=21681"},{"taxonomy":"nivel-de-juego","embeddable":true,"href":"https:\/\/revolutionpadelstore.com\/pt-pt\/wp-json\/wp\/v2\/nivel-de-juego?post=21681"},{"taxonomy":"superficie","embeddable":true,"href":"https:\/\/revolutionpadelstore.com\/pt-pt\/wp-json\/wp\/v2\/superficie?post=21681"},{"taxonomy":"tipo-de-juego","embeddable":true,"href":"https:\/\/revolutionpadelstore.com\/pt-pt\/wp-json\/wp\/v2\/tipo-de-juego?post=21681"},{"taxonomy":"product_brand","embeddable":true,"href":"https:\/\/revolutionpadelstore.com\/pt-pt\/wp-json\/wp\/v2\/product_brand?post=21681"},{"taxonomy":"product_cat","embeddable":true,"href":"https:\/\/revolutionpadelstore.com\/pt-pt\/wp-json\/wp\/v2\/product_cat?post=21681"},{"taxonomy":"product_tag","embeddable":true,"href":"https:\/\/revolutionpadelstore.com\/pt-pt\/wp-json\/wp\/v2\/product_tag?post=21681"}],"curies":[{"name":"wp","href":"https:\/\/api.w.org\/{rel}","templated":true}]}}