{"id":216683,"date":"2025-03-31T22:36:42","date_gmt":"2025-03-31T20:36:42","guid":{"rendered":"https:\/\/revolutionpadelstore.com\/paletero-siux-diablo\/"},"modified":"2026-04-08T05:29:49","modified_gmt":"2026-04-08T03:29:49","slug":"paletero-siux-diablo-5","status":"publish","type":"product","link":"https:\/\/revolutionpadelstore.com\/pt-pt\/produto\/paletero-siux-diablo-5\/","title":{"rendered":"PALETERO SIUX DIABLO"},"content":{"rendered":"<p><H2> <strong> paletero siux diablo sanyo ss24 &#8211; edi\u00e7\u00e3o exclusiva 2024 <\/strong> <\/h2>\n<p>Descubra o novo paletero Siux Diablo Sanyo SS24, uma pe\u00e7a alta que faz parte da cole\u00e7\u00e3o 2024 Siux, criada em colabora\u00e7\u00e3o com o jogador profissional Sanyo Guti\u00e9rrez. Seu design moderno e elegante \u00e9 combinado com uma estrutura robusta e pr\u00e1tica, ideal para aqueles que procuram transportar seus equipamentos de remo com total conforto e estilo.<br \/>\n<H2> <strong> caracter\u00edsticas proeminentes <\/strong> <\/h2>\n<p>-Grande capacidade de transportar at\u00e9 9 p\u00e1s de paddle.<\/p>\n<p>-compartimento central amplo com capacidade para 7 l\u00e2minas ou equipamentos esportivos. <\/p>\n<p>-bolsos laterais t\u00e9rmicos que protegem suas l\u00e2minas contra mudan\u00e7as repentinas de temperatura. <\/p>\n<p>-compartimento independente na base para sapatos ou sapatos esportivos.<\/p>\n<p>-espa\u00e7os adicionais para salvar acess\u00f3rios e objetos pessoais. <\/p>\n<p>-design ergon\u00f4mico e acolchoado para maior conforto e prote\u00e7\u00e3o.<\/p>\n<p>-al\u00e7as ajust\u00e1veis \u200b\u200bpara us\u00e1-lo como uma mochila.<\/p>\n<p><H2> <strong> ideal para jogadores exigentes <\/strong> <\/h2>\n<p>Este paletero foi projetado para profissionais avan\u00e7ados e que exigem organiza\u00e7\u00e3o, capacidade e prote\u00e7\u00e3o t\u00e9rmica. Seu design exclusivo e materiais de alta qualidade o tornam um dos modelos mais procurados por inquilinos de remo.<\/p>\n<h2> <strong> Compatibilidade com outras marcas <\/strong> <\/h2>\n<p>Siux est\u00e1 entre as marcas de maior prest\u00edgio da raquete, ao lado de Bullpadel, NOx ou Head. Esse modelo espec\u00edfico, com o selo pessoal de Sanyo, se destaca por sua funcionalidade e est\u00e9tica, sendo perfeito para acompanh\u00e1 -lo em cada parte.<br \/>\n<H2> <strong> benef\u00edcios -chave <\/strong> <\/h2>\n<p>-design exclusivo assinado por sanyo guti\u00e9rrez <\/p>\n<p>-Capacidade t\u00e9rmica para proteger suas l\u00e2minas <\/p>\n<p>-v\u00e1rios compartimentos e grande capacidade <\/p>\n<p>-ideal para treinamento e competi\u00e7\u00f5es <\/p>\n<p><H2> <strong> pegue -o agora <\/strong> <\/h2>\n<p>N\u00e3o perca a oportunidade de obter o Paletero Siux Diablo Sanyo SS24, um acess\u00f3rio exclusivo e funcional que aumentar\u00e1 sua experi\u00eancia na pista. Dispon\u00edvel em nossa loja on -line <a href=\"http:\/\/www.revolutionpadelstore.com\/\"> www.revolutionPadelstore.com <\/a> Provavelmente pelo melhor pre\u00e7o de mercado.<\/p>\n<h2><strong>Paletero Siux Diablo Sanyo SS24 \u2013 Edici\u00f3n Exclusiva 2024<\/strong><\/p>\n","protected":false},"excerpt":{"rendered":"<p>paletero siux diablo sanyo ss24 &#8211; edi\u00e7\u00e3o exclusiva 2024 Descubra o novo paletero Siux Diablo Sanyo SS24, uma pe\u00e7a alta que faz parte da cole\u00e7\u00e3o 2024 Siux, criada em colabora\u00e7\u00e3o com o jogador profissional Sanyo Guti\u00e9rrez. Seu design moderno e elegante \u00e9 combinado com uma estrutura robusta e pr\u00e1tica, ideal para aqueles que procuram transportar [&hellip;]<\/p>\n","protected":false},"featured_media":216635,"comment_status":"open","ping_status":"closed","template":"","meta":{"_acf_changed":false,"_joinchat":[]},"acabado":[],"balance":[],"dureza":[],"forma":[],"jugador":[],"marca":[1305],"nivel-de-juego":[],"superficie":[],"tipo-de-juego":[],"product_brand":[],"product_cat":[316],"product_tag":[],"class_list":{"0":"post-216683","1":"product","2":"type-product","3":"status-publish","4":"has-post-thumbnail","6":"marca-siux-pt-pt","7":"product_cat-bolsas-pt-pt","9":"first","10":"outofstock","11":"sale","12":"taxable","13":"shipping-taxable","14":"purchasable","15":"product-type-simple"},"acf":[],"yoast_head":"<!-- This site is optimized with the Yoast SEO plugin v27.4 - https:\/\/yoast.com\/product\/yoast-seo-wordpress\/ -->\n<title>PALETERO SIUX DIABLO - Revolution Padel Store<\/title>\n<meta name=\"description\" content=\"Paletero Siux Diablo Sanyo SS24 exclusivo de la colecci\u00f3n 2024. Dise\u00f1o t\u00e9rmico, gran capacidad y comodidad. Disponible ya en Revolution Padel Store al mejor precio.\" \/>\n<meta name=\"robots\" content=\"index, follow, max-snippet:-1, max-image-preview:large, max-video-preview:-1\" \/>\n<link rel=\"canonical\" href=\"https:\/\/revolutionpadelstore.com\/pt-pt\/produto\/paletero-siux-diablo-5\/\" \/>\n<meta property=\"og:locale\" content=\"pt_PT\" \/>\n<meta property=\"og:type\" content=\"article\" \/>\n<meta property=\"og:title\" content=\"PALETERO SIUX DIABLO - Revolution Padel Store\" \/>\n<meta property=\"og:description\" content=\"Paletero Siux Diablo Sanyo SS24 exclusivo de la colecci\u00f3n 2024. Dise\u00f1o t\u00e9rmico, gran capacidad y comodidad. Disponible ya en Revolution Padel Store al mejor precio.\" \/>\n<meta property=\"og:url\" content=\"https:\/\/revolutionpadelstore.com\/pt-pt\/produto\/paletero-siux-diablo-5\/\" \/>\n<meta property=\"og:site_name\" content=\"Revolution Padel Store\" \/>\n<meta property=\"article:modified_time\" content=\"2026-04-08T03:29:49+00:00\" \/>\n<meta property=\"og:image\" content=\"https:\/\/revolutionpadelstore.com\/wp-content\/uploads\/2025\/03\/109435_paletero_siux_diablo_sanyo_ss24_1500x1500_1_4dc7.webp\" \/>\n\t<meta property=\"og:image:width\" content=\"1500\" \/>\n\t<meta property=\"og:image:height\" content=\"1500\" \/>\n\t<meta property=\"og:image:type\" content=\"image\/webp\" \/>\n<meta name=\"twitter:card\" content=\"summary_large_image\" \/>\n<meta name=\"twitter:label1\" content=\"Tempo estimado de leitura\" \/>\n\t<meta name=\"twitter:data1\" content=\"2 minutos\" \/>\n<script type=\"application\/ld+json\" class=\"yoast-schema-graph\">{\"@context\":\"https:\\\/\\\/schema.org\",\"@graph\":[{\"@type\":\"WebPage\",\"@id\":\"https:\\\/\\\/revolutionpadelstore.com\\\/pt-pt\\\/produto\\\/paletero-siux-diablo-5\\\/\",\"url\":\"https:\\\/\\\/revolutionpadelstore.com\\\/pt-pt\\\/produto\\\/paletero-siux-diablo-5\\\/\",\"name\":\"PALETERO SIUX DIABLO - Revolution Padel Store\",\"isPartOf\":{\"@id\":\"https:\\\/\\\/revolutionpadelstore.com\\\/pt-pt\\\/#website\"},\"primaryImageOfPage\":{\"@id\":\"https:\\\/\\\/revolutionpadelstore.com\\\/pt-pt\\\/produto\\\/paletero-siux-diablo-5\\\/#primaryimage\"},\"image\":{\"@id\":\"https:\\\/\\\/revolutionpadelstore.com\\\/pt-pt\\\/produto\\\/paletero-siux-diablo-5\\\/#primaryimage\"},\"thumbnailUrl\":\"https:\\\/\\\/revolutionpadelstore.com\\\/wp-content\\\/uploads\\\/2025\\\/03\\\/109435_paletero_siux_diablo_sanyo_ss24_1500x1500_1_4dc7.webp\",\"datePublished\":\"2025-03-31T20:36:42+00:00\",\"dateModified\":\"2026-04-08T03:29:49+00:00\",\"description\":\"Paletero Siux Diablo Sanyo SS24 exclusivo de la colecci\u00f3n 2024. Dise\u00f1o t\u00e9rmico, gran capacidad y comodidad. Disponible ya en Revolution Padel Store al mejor precio.\",\"breadcrumb\":{\"@id\":\"https:\\\/\\\/revolutionpadelstore.com\\\/pt-pt\\\/produto\\\/paletero-siux-diablo-5\\\/#breadcrumb\"},\"inLanguage\":\"pt-PT\",\"potentialAction\":[{\"@type\":\"ReadAction\",\"target\":[\"https:\\\/\\\/revolutionpadelstore.com\\\/pt-pt\\\/produto\\\/paletero-siux-diablo-5\\\/\"]}]},{\"@type\":\"ImageObject\",\"inLanguage\":\"pt-PT\",\"@id\":\"https:\\\/\\\/revolutionpadelstore.com\\\/pt-pt\\\/produto\\\/paletero-siux-diablo-5\\\/#primaryimage\",\"url\":\"https:\\\/\\\/revolutionpadelstore.com\\\/wp-content\\\/uploads\\\/2025\\\/03\\\/109435_paletero_siux_diablo_sanyo_ss24_1500x1500_1_4dc7.webp\",\"contentUrl\":\"https:\\\/\\\/revolutionpadelstore.com\\\/wp-content\\\/uploads\\\/2025\\\/03\\\/109435_paletero_siux_diablo_sanyo_ss24_1500x1500_1_4dc7.webp\",\"width\":1500,\"height\":1500},{\"@type\":\"BreadcrumbList\",\"@id\":\"https:\\\/\\\/revolutionpadelstore.com\\\/pt-pt\\\/produto\\\/paletero-siux-diablo-5\\\/#breadcrumb\",\"itemListElement\":[{\"@type\":\"ListItem\",\"position\":1,\"name\":\"Portada\",\"item\":\"https:\\\/\\\/revolutionpadelstore.com\\\/pt-pt\\\/\"},{\"@type\":\"ListItem\",\"position\":2,\"name\":\"Tienda\",\"item\":\"https:\\\/\\\/revolutionpadelstore.com\\\/pt-pt\\\/tienda\\\/\"},{\"@type\":\"ListItem\",\"position\":3,\"name\":\"PALETERO SIUX DIABLO\"}]},{\"@type\":\"WebSite\",\"@id\":\"https:\\\/\\\/revolutionpadelstore.com\\\/pt-pt\\\/#website\",\"url\":\"https:\\\/\\\/revolutionpadelstore.com\\\/pt-pt\\\/\",\"name\":\"Revolution Padel Store\",\"description\":\"\",\"publisher\":{\"@id\":\"https:\\\/\\\/revolutionpadelstore.com\\\/pt-pt\\\/#organization\"},\"potentialAction\":[{\"@type\":\"SearchAction\",\"target\":{\"@type\":\"EntryPoint\",\"urlTemplate\":\"https:\\\/\\\/revolutionpadelstore.com\\\/pt-pt\\\/?s={search_term_string}\"},\"query-input\":{\"@type\":\"PropertyValueSpecification\",\"valueRequired\":true,\"valueName\":\"search_term_string\"}}],\"inLanguage\":\"pt-PT\"},{\"@type\":\"Organization\",\"@id\":\"https:\\\/\\\/revolutionpadelstore.com\\\/pt-pt\\\/#organization\",\"name\":\"Revolution Padel Store\",\"url\":\"https:\\\/\\\/revolutionpadelstore.com\\\/pt-pt\\\/\",\"logo\":{\"@type\":\"ImageObject\",\"inLanguage\":\"pt-PT\",\"@id\":\"https:\\\/\\\/revolutionpadelstore.com\\\/pt-pt\\\/#\\\/schema\\\/logo\\\/image\\\/\",\"url\":\"https:\\\/\\\/revolutionpadelstore.com\\\/wp-content\\\/uploads\\\/2026\\\/02\\\/revolution-padel-store.jpg\",\"contentUrl\":\"https:\\\/\\\/revolutionpadelstore.com\\\/wp-content\\\/uploads\\\/2026\\\/02\\\/revolution-padel-store.jpg\",\"width\":2000,\"height\":2000,\"caption\":\"Revolution Padel Store\"},\"image\":{\"@id\":\"https:\\\/\\\/revolutionpadelstore.com\\\/pt-pt\\\/#\\\/schema\\\/logo\\\/image\\\/\"},\"sameAs\":[\"https:\\\/\\\/www.instagram.com\\\/revolutionpadelstore\\\/\"]}]}<\/script>\n<!-- \/ Yoast SEO plugin. -->","yoast_head_json":{"title":"PALETERO SIUX DIABLO - Revolution Padel Store","description":"Paletero Siux Diablo Sanyo SS24 exclusivo de la colecci\u00f3n 2024. Dise\u00f1o t\u00e9rmico, gran capacidad y comodidad. Disponible ya en Revolution Padel Store al mejor precio.","robots":{"index":"index","follow":"follow","max-snippet":"max-snippet:-1","max-image-preview":"max-image-preview:large","max-video-preview":"max-video-preview:-1"},"canonical":"https:\/\/revolutionpadelstore.com\/pt-pt\/produto\/paletero-siux-diablo-5\/","og_locale":"pt_PT","og_type":"article","og_title":"PALETERO SIUX DIABLO - Revolution Padel Store","og_description":"Paletero Siux Diablo Sanyo SS24 exclusivo de la colecci\u00f3n 2024. Dise\u00f1o t\u00e9rmico, gran capacidad y comodidad. Disponible ya en Revolution Padel Store al mejor precio.","og_url":"https:\/\/revolutionpadelstore.com\/pt-pt\/produto\/paletero-siux-diablo-5\/","og_site_name":"Revolution Padel Store","article_modified_time":"2026-04-08T03:29:49+00:00","og_image":[{"width":1500,"height":1500,"url":"https:\/\/revolutionpadelstore.com\/wp-content\/uploads\/2025\/03\/109435_paletero_siux_diablo_sanyo_ss24_1500x1500_1_4dc7.webp","type":"image\/webp"}],"twitter_card":"summary_large_image","twitter_misc":{"Tempo estimado de leitura":"2 minutos"},"schema":{"@context":"https:\/\/schema.org","@graph":[{"@type":"WebPage","@id":"https:\/\/revolutionpadelstore.com\/pt-pt\/produto\/paletero-siux-diablo-5\/","url":"https:\/\/revolutionpadelstore.com\/pt-pt\/produto\/paletero-siux-diablo-5\/","name":"PALETERO SIUX DIABLO - Revolution Padel Store","isPartOf":{"@id":"https:\/\/revolutionpadelstore.com\/pt-pt\/#website"},"primaryImageOfPage":{"@id":"https:\/\/revolutionpadelstore.com\/pt-pt\/produto\/paletero-siux-diablo-5\/#primaryimage"},"image":{"@id":"https:\/\/revolutionpadelstore.com\/pt-pt\/produto\/paletero-siux-diablo-5\/#primaryimage"},"thumbnailUrl":"https:\/\/revolutionpadelstore.com\/wp-content\/uploads\/2025\/03\/109435_paletero_siux_diablo_sanyo_ss24_1500x1500_1_4dc7.webp","datePublished":"2025-03-31T20:36:42+00:00","dateModified":"2026-04-08T03:29:49+00:00","description":"Paletero Siux Diablo Sanyo SS24 exclusivo de la colecci\u00f3n 2024. Dise\u00f1o t\u00e9rmico, gran capacidad y comodidad. Disponible ya en Revolution Padel Store al mejor precio.","breadcrumb":{"@id":"https:\/\/revolutionpadelstore.com\/pt-pt\/produto\/paletero-siux-diablo-5\/#breadcrumb"},"inLanguage":"pt-PT","potentialAction":[{"@type":"ReadAction","target":["https:\/\/revolutionpadelstore.com\/pt-pt\/produto\/paletero-siux-diablo-5\/"]}]},{"@type":"ImageObject","inLanguage":"pt-PT","@id":"https:\/\/revolutionpadelstore.com\/pt-pt\/produto\/paletero-siux-diablo-5\/#primaryimage","url":"https:\/\/revolutionpadelstore.com\/wp-content\/uploads\/2025\/03\/109435_paletero_siux_diablo_sanyo_ss24_1500x1500_1_4dc7.webp","contentUrl":"https:\/\/revolutionpadelstore.com\/wp-content\/uploads\/2025\/03\/109435_paletero_siux_diablo_sanyo_ss24_1500x1500_1_4dc7.webp","width":1500,"height":1500},{"@type":"BreadcrumbList","@id":"https:\/\/revolutionpadelstore.com\/pt-pt\/produto\/paletero-siux-diablo-5\/#breadcrumb","itemListElement":[{"@type":"ListItem","position":1,"name":"Portada","item":"https:\/\/revolutionpadelstore.com\/pt-pt\/"},{"@type":"ListItem","position":2,"name":"Tienda","item":"https:\/\/revolutionpadelstore.com\/pt-pt\/tienda\/"},{"@type":"ListItem","position":3,"name":"PALETERO SIUX DIABLO"}]},{"@type":"WebSite","@id":"https:\/\/revolutionpadelstore.com\/pt-pt\/#website","url":"https:\/\/revolutionpadelstore.com\/pt-pt\/","name":"Revolution Padel Store","description":"","publisher":{"@id":"https:\/\/revolutionpadelstore.com\/pt-pt\/#organization"},"potentialAction":[{"@type":"SearchAction","target":{"@type":"EntryPoint","urlTemplate":"https:\/\/revolutionpadelstore.com\/pt-pt\/?s={search_term_string}"},"query-input":{"@type":"PropertyValueSpecification","valueRequired":true,"valueName":"search_term_string"}}],"inLanguage":"pt-PT"},{"@type":"Organization","@id":"https:\/\/revolutionpadelstore.com\/pt-pt\/#organization","name":"Revolution Padel Store","url":"https:\/\/revolutionpadelstore.com\/pt-pt\/","logo":{"@type":"ImageObject","inLanguage":"pt-PT","@id":"https:\/\/revolutionpadelstore.com\/pt-pt\/#\/schema\/logo\/image\/","url":"https:\/\/revolutionpadelstore.com\/wp-content\/uploads\/2026\/02\/revolution-padel-store.jpg","contentUrl":"https:\/\/revolutionpadelstore.com\/wp-content\/uploads\/2026\/02\/revolution-padel-store.jpg","width":2000,"height":2000,"caption":"Revolution Padel Store"},"image":{"@id":"https:\/\/revolutionpadelstore.com\/pt-pt\/#\/schema\/logo\/image\/"},"sameAs":["https:\/\/www.instagram.com\/revolutionpadelstore\/"]}]}},"_links":{"self":[{"href":"https:\/\/revolutionpadelstore.com\/pt-pt\/wp-json\/wp\/v2\/product\/216683","targetHints":{"allow":["GET"]}}],"collection":[{"href":"https:\/\/revolutionpadelstore.com\/pt-pt\/wp-json\/wp\/v2\/product"}],"about":[{"href":"https:\/\/revolutionpadelstore.com\/pt-pt\/wp-json\/wp\/v2\/types\/product"}],"replies":[{"embeddable":true,"href":"https:\/\/revolutionpadelstore.com\/pt-pt\/wp-json\/wp\/v2\/comments?post=216683"}],"wp:featuredmedia":[{"embeddable":true,"href":"https:\/\/revolutionpadelstore.com\/pt-pt\/wp-json\/wp\/v2\/media\/216635"}],"wp:attachment":[{"href":"https:\/\/revolutionpadelstore.com\/pt-pt\/wp-json\/wp\/v2\/media?parent=216683"}],"wp:term":[{"taxonomy":"acabado","embeddable":true,"href":"https:\/\/revolutionpadelstore.com\/pt-pt\/wp-json\/wp\/v2\/acabado?post=216683"},{"taxonomy":"balance","embeddable":true,"href":"https:\/\/revolutionpadelstore.com\/pt-pt\/wp-json\/wp\/v2\/balance?post=216683"},{"taxonomy":"dureza","embeddable":true,"href":"https:\/\/revolutionpadelstore.com\/pt-pt\/wp-json\/wp\/v2\/dureza?post=216683"},{"taxonomy":"forma","embeddable":true,"href":"https:\/\/revolutionpadelstore.com\/pt-pt\/wp-json\/wp\/v2\/forma?post=216683"},{"taxonomy":"jugador","embeddable":true,"href":"https:\/\/revolutionpadelstore.com\/pt-pt\/wp-json\/wp\/v2\/jugador?post=216683"},{"taxonomy":"marca","embeddable":true,"href":"https:\/\/revolutionpadelstore.com\/pt-pt\/wp-json\/wp\/v2\/marca?post=216683"},{"taxonomy":"nivel-de-juego","embeddable":true,"href":"https:\/\/revolutionpadelstore.com\/pt-pt\/wp-json\/wp\/v2\/nivel-de-juego?post=216683"},{"taxonomy":"superficie","embeddable":true,"href":"https:\/\/revolutionpadelstore.com\/pt-pt\/wp-json\/wp\/v2\/superficie?post=216683"},{"taxonomy":"tipo-de-juego","embeddable":true,"href":"https:\/\/revolutionpadelstore.com\/pt-pt\/wp-json\/wp\/v2\/tipo-de-juego?post=216683"},{"taxonomy":"product_brand","embeddable":true,"href":"https:\/\/revolutionpadelstore.com\/pt-pt\/wp-json\/wp\/v2\/product_brand?post=216683"},{"taxonomy":"product_cat","embeddable":true,"href":"https:\/\/revolutionpadelstore.com\/pt-pt\/wp-json\/wp\/v2\/product_cat?post=216683"},{"taxonomy":"product_tag","embeddable":true,"href":"https:\/\/revolutionpadelstore.com\/pt-pt\/wp-json\/wp\/v2\/product_tag?post=216683"}],"curies":[{"name":"wp","href":"https:\/\/api.w.org\/{rel}","templated":true}]}}