{"id":216573,"date":"2025-03-31T20:45:20","date_gmt":"2025-03-31T18:45:20","guid":{"rendered":"https:\/\/revolutionpadelstore.com\/paletero-siux-trilogy\/"},"modified":"2026-04-08T05:30:09","modified_gmt":"2026-04-08T03:30:09","slug":"paletero-siux-trilogy-5","status":"publish","type":"product","link":"https:\/\/revolutionpadelstore.com\/pt-pt\/produto\/paletero-siux-trilogy-5\/","title":{"rendered":"PALETERO SIUX TRILOGY"},"content":{"rendered":"<p><H2> Paletero Siux Trilogy Patty 2024 &#8211; Estilo, capacidade e prote\u00e7\u00e3o t\u00e9rmica para jogadores exigentes <\/h2>\n<p>A trilogia <strong> paletero Siux Patty 2024 <\/strong> \u00e9 especialmente projetada para jogadores de paddle que procuram estilo <strong>, funcionalidade e resist\u00eancia <\/strong> em cada deslocamento. Inspirado no <strong> Patty Llaguno Champion <\/strong>, este paletero combina uma est\u00e9tica elegante com solu\u00e7\u00f5es pr\u00e1ticas para acompanh\u00e1 -lo em treinamento e partidas de alto n\u00edvel.<br \/>\n<H2> Comforto ergon\u00f4mico m\u00e1ximo <\/h2>\n<p>Gra\u00e7as ao seu design com o estofamento ergon\u00f4mico nas costas e as al\u00e7as ajust\u00e1veis \u200b\u200b<\/strong>, voc\u00ea pode lev\u00e1 -lo por longas viagens sem sacrificar o conforto. Inclui um <strong> Upper Shooter <\/strong> que facilita o transporte com uma m\u00e3o, ideal para jogadores de movimento din\u00e2mico e constante.<br \/>\n<H2> Grande capacidade com prote\u00e7\u00e3o t\u00e9rmica <\/h2>\n<p>Este modelo se destaca por seu <strong> <strong> Compartamento Principal <\/strong>, capaz de armazenar at\u00e9 <strong> 7 p\u00e1s de paddle <\/strong> ou todo o seu equipamento sem esfor\u00e7o. Al\u00e9m disso, ele incorpora:<br \/>\n&lt;P style = &quot;preenchimento-esquerda: 40px;&quot;<br \/>\n&lt;p style = &quot;preenchimento-esquerda: 40px;&quot;<br \/>\n&lt;P style = &quot;preenchimento-esquerda: 40px;&quot;<br \/>\n&lt;P style = &quot;preenchimento-esquerda: 40px;&quot;<\/p>\n<p><H2> Por que escolher a trilogia Siux Patty 2024?<\/p>\n<p>-ideal para jogadores profissionais ou exigentes. <\/p>\n<p><P> Design exclusivo com o suporte do <strong> Siux <\/strong>, uma das melhores marcas de marca <\/strong> do mercado.<\/p>\n<p>-Prote\u00e7\u00e3o t\u00e9rmica avan\u00e7ada para manter suas l\u00e2minas em perfeitas condi\u00e7\u00f5es. <\/p>\n<p>-espa\u00e7o otimizado para organizar todo o seu <strong> paddle material <\/strong>. <\/p>\n<p>-est\u00e9tica elegante e acabamentos de alta qualidade. <\/p>\n<p><strong> Obtenha a trilogia Paletero Siux Patty 2024 em nossa loja on -line <a href=\"https:\/\/www.revolutionpadelstore.com\/\"> www.revolutionPadelstore.com <\/a> <\/strong>, provavelmente o melhor pre\u00e7o de mercado <\/strong>. Descubra tudo o que voc\u00ea precisa para o seu jogo em um s\u00f3 lugar.<\/p>\n<h2>Paletero Siux Trilogy Patty 2024 \u2013 Estilo, capacidad y protecci\u00f3n t\u00e9rmica para jugadoras exigentes<\/h2>\n","protected":false},"excerpt":{"rendered":"<p>A Paletero Siux Trilogy Patty 2024 oferece transporte pr\u00e1tico, est\u00e1vel e confi\u00e1vel para sua equipe de esportes. Seu compartimento principal tem a capacidade de armazenar at\u00e9 7 l\u00e2minas.<\/p>\n","protected":false},"featured_media":216579,"comment_status":"open","ping_status":"closed","template":"","meta":{"_acf_changed":false,"_joinchat":[]},"acabado":[],"balance":[],"dureza":[],"forma":[],"jugador":[],"marca":[1305],"nivel-de-juego":[],"superficie":[],"tipo-de-juego":[],"product_brand":[],"product_cat":[316],"product_tag":[],"class_list":{"0":"post-216573","1":"product","2":"type-product","3":"status-publish","4":"has-post-thumbnail","6":"marca-siux-pt-pt","7":"product_cat-bolsas-pt-pt","9":"first","10":"outofstock","11":"sale","12":"taxable","13":"shipping-taxable","14":"purchasable","15":"product-type-simple"},"acf":[],"yoast_head":"<!-- This site is optimized with the Yoast SEO plugin v27.4 - https:\/\/yoast.com\/product\/yoast-seo-wordpress\/ -->\n<title>PALETERO SIUX TRILOGY - Revolution Padel Store<\/title>\n<meta name=\"description\" content=\"Descubre el Paletero Siux Trilogy Patty 2024, dise\u00f1ado para jugadoras que buscan estilo, gran capacidad y protecci\u00f3n t\u00e9rmica. \u00a1C\u00f3mpralo en Revolution Padel Store al mejor precio online!\" \/>\n<meta name=\"robots\" content=\"index, follow, max-snippet:-1, max-image-preview:large, max-video-preview:-1\" \/>\n<link rel=\"canonical\" href=\"https:\/\/revolutionpadelstore.com\/pt-pt\/produto\/paletero-siux-trilogy-5\/\" \/>\n<meta property=\"og:locale\" content=\"pt_PT\" \/>\n<meta property=\"og:type\" content=\"article\" \/>\n<meta property=\"og:title\" content=\"PALETERO SIUX TRILOGY - Revolution Padel Store\" \/>\n<meta property=\"og:description\" content=\"Descubre el Paletero Siux Trilogy Patty 2024, dise\u00f1ado para jugadoras que buscan estilo, gran capacidad y protecci\u00f3n t\u00e9rmica. \u00a1C\u00f3mpralo en Revolution Padel Store al mejor precio online!\" \/>\n<meta property=\"og:url\" content=\"https:\/\/revolutionpadelstore.com\/pt-pt\/produto\/paletero-siux-trilogy-5\/\" \/>\n<meta property=\"og:site_name\" content=\"Revolution Padel Store\" \/>\n<meta property=\"article:modified_time\" content=\"2026-04-08T03:30:09+00:00\" \/>\n<meta property=\"og:image\" content=\"https:\/\/revolutionpadelstore.com\/wp-content\/uploads\/2025\/03\/109437_paletero_siux_triology_ss24_1500x1500_1_ee90.webp\" \/>\n\t<meta property=\"og:image:width\" content=\"1500\" \/>\n\t<meta property=\"og:image:height\" content=\"1500\" \/>\n\t<meta property=\"og:image:type\" content=\"image\/webp\" \/>\n<meta name=\"twitter:card\" content=\"summary_large_image\" \/>\n<meta name=\"twitter:label1\" content=\"Tempo estimado de leitura\" \/>\n\t<meta name=\"twitter:data1\" content=\"2 minutos\" \/>\n<script type=\"application\/ld+json\" class=\"yoast-schema-graph\">{\"@context\":\"https:\\\/\\\/schema.org\",\"@graph\":[{\"@type\":\"WebPage\",\"@id\":\"https:\\\/\\\/revolutionpadelstore.com\\\/pt-pt\\\/produto\\\/paletero-siux-trilogy-5\\\/\",\"url\":\"https:\\\/\\\/revolutionpadelstore.com\\\/pt-pt\\\/produto\\\/paletero-siux-trilogy-5\\\/\",\"name\":\"PALETERO SIUX TRILOGY - Revolution Padel Store\",\"isPartOf\":{\"@id\":\"https:\\\/\\\/revolutionpadelstore.com\\\/pt-pt\\\/#website\"},\"primaryImageOfPage\":{\"@id\":\"https:\\\/\\\/revolutionpadelstore.com\\\/pt-pt\\\/produto\\\/paletero-siux-trilogy-5\\\/#primaryimage\"},\"image\":{\"@id\":\"https:\\\/\\\/revolutionpadelstore.com\\\/pt-pt\\\/produto\\\/paletero-siux-trilogy-5\\\/#primaryimage\"},\"thumbnailUrl\":\"https:\\\/\\\/revolutionpadelstore.com\\\/wp-content\\\/uploads\\\/2025\\\/03\\\/109437_paletero_siux_triology_ss24_1500x1500_1_ee90.webp\",\"datePublished\":\"2025-03-31T18:45:20+00:00\",\"dateModified\":\"2026-04-08T03:30:09+00:00\",\"description\":\"Descubre el Paletero Siux Trilogy Patty 2024, dise\u00f1ado para jugadoras que buscan estilo, gran capacidad y protecci\u00f3n t\u00e9rmica. \u00a1C\u00f3mpralo en Revolution Padel Store al mejor precio online!\",\"breadcrumb\":{\"@id\":\"https:\\\/\\\/revolutionpadelstore.com\\\/pt-pt\\\/produto\\\/paletero-siux-trilogy-5\\\/#breadcrumb\"},\"inLanguage\":\"pt-PT\",\"potentialAction\":[{\"@type\":\"ReadAction\",\"target\":[\"https:\\\/\\\/revolutionpadelstore.com\\\/pt-pt\\\/produto\\\/paletero-siux-trilogy-5\\\/\"]}]},{\"@type\":\"ImageObject\",\"inLanguage\":\"pt-PT\",\"@id\":\"https:\\\/\\\/revolutionpadelstore.com\\\/pt-pt\\\/produto\\\/paletero-siux-trilogy-5\\\/#primaryimage\",\"url\":\"https:\\\/\\\/revolutionpadelstore.com\\\/wp-content\\\/uploads\\\/2025\\\/03\\\/109437_paletero_siux_triology_ss24_1500x1500_1_ee90.webp\",\"contentUrl\":\"https:\\\/\\\/revolutionpadelstore.com\\\/wp-content\\\/uploads\\\/2025\\\/03\\\/109437_paletero_siux_triology_ss24_1500x1500_1_ee90.webp\",\"width\":1500,\"height\":1500},{\"@type\":\"BreadcrumbList\",\"@id\":\"https:\\\/\\\/revolutionpadelstore.com\\\/pt-pt\\\/produto\\\/paletero-siux-trilogy-5\\\/#breadcrumb\",\"itemListElement\":[{\"@type\":\"ListItem\",\"position\":1,\"name\":\"Portada\",\"item\":\"https:\\\/\\\/revolutionpadelstore.com\\\/pt-pt\\\/\"},{\"@type\":\"ListItem\",\"position\":2,\"name\":\"Tienda\",\"item\":\"https:\\\/\\\/revolutionpadelstore.com\\\/pt-pt\\\/tienda\\\/\"},{\"@type\":\"ListItem\",\"position\":3,\"name\":\"PALETERO SIUX TRILOGY\"}]},{\"@type\":\"WebSite\",\"@id\":\"https:\\\/\\\/revolutionpadelstore.com\\\/pt-pt\\\/#website\",\"url\":\"https:\\\/\\\/revolutionpadelstore.com\\\/pt-pt\\\/\",\"name\":\"Revolution Padel Store\",\"description\":\"\",\"publisher\":{\"@id\":\"https:\\\/\\\/revolutionpadelstore.com\\\/pt-pt\\\/#organization\"},\"potentialAction\":[{\"@type\":\"SearchAction\",\"target\":{\"@type\":\"EntryPoint\",\"urlTemplate\":\"https:\\\/\\\/revolutionpadelstore.com\\\/pt-pt\\\/?s={search_term_string}\"},\"query-input\":{\"@type\":\"PropertyValueSpecification\",\"valueRequired\":true,\"valueName\":\"search_term_string\"}}],\"inLanguage\":\"pt-PT\"},{\"@type\":\"Organization\",\"@id\":\"https:\\\/\\\/revolutionpadelstore.com\\\/pt-pt\\\/#organization\",\"name\":\"Revolution Padel Store\",\"url\":\"https:\\\/\\\/revolutionpadelstore.com\\\/pt-pt\\\/\",\"logo\":{\"@type\":\"ImageObject\",\"inLanguage\":\"pt-PT\",\"@id\":\"https:\\\/\\\/revolutionpadelstore.com\\\/pt-pt\\\/#\\\/schema\\\/logo\\\/image\\\/\",\"url\":\"https:\\\/\\\/revolutionpadelstore.com\\\/wp-content\\\/uploads\\\/2026\\\/02\\\/revolution-padel-store.jpg\",\"contentUrl\":\"https:\\\/\\\/revolutionpadelstore.com\\\/wp-content\\\/uploads\\\/2026\\\/02\\\/revolution-padel-store.jpg\",\"width\":2000,\"height\":2000,\"caption\":\"Revolution Padel Store\"},\"image\":{\"@id\":\"https:\\\/\\\/revolutionpadelstore.com\\\/pt-pt\\\/#\\\/schema\\\/logo\\\/image\\\/\"},\"sameAs\":[\"https:\\\/\\\/www.instagram.com\\\/revolutionpadelstore\\\/\"]}]}<\/script>\n<!-- \/ Yoast SEO plugin. -->","yoast_head_json":{"title":"PALETERO SIUX TRILOGY - Revolution Padel Store","description":"Descubre el Paletero Siux Trilogy Patty 2024, dise\u00f1ado para jugadoras que buscan estilo, gran capacidad y protecci\u00f3n t\u00e9rmica. \u00a1C\u00f3mpralo en Revolution Padel Store al mejor precio online!","robots":{"index":"index","follow":"follow","max-snippet":"max-snippet:-1","max-image-preview":"max-image-preview:large","max-video-preview":"max-video-preview:-1"},"canonical":"https:\/\/revolutionpadelstore.com\/pt-pt\/produto\/paletero-siux-trilogy-5\/","og_locale":"pt_PT","og_type":"article","og_title":"PALETERO SIUX TRILOGY - Revolution Padel Store","og_description":"Descubre el Paletero Siux Trilogy Patty 2024, dise\u00f1ado para jugadoras que buscan estilo, gran capacidad y protecci\u00f3n t\u00e9rmica. \u00a1C\u00f3mpralo en Revolution Padel Store al mejor precio online!","og_url":"https:\/\/revolutionpadelstore.com\/pt-pt\/produto\/paletero-siux-trilogy-5\/","og_site_name":"Revolution Padel Store","article_modified_time":"2026-04-08T03:30:09+00:00","og_image":[{"width":1500,"height":1500,"url":"https:\/\/revolutionpadelstore.com\/wp-content\/uploads\/2025\/03\/109437_paletero_siux_triology_ss24_1500x1500_1_ee90.webp","type":"image\/webp"}],"twitter_card":"summary_large_image","twitter_misc":{"Tempo estimado de leitura":"2 minutos"},"schema":{"@context":"https:\/\/schema.org","@graph":[{"@type":"WebPage","@id":"https:\/\/revolutionpadelstore.com\/pt-pt\/produto\/paletero-siux-trilogy-5\/","url":"https:\/\/revolutionpadelstore.com\/pt-pt\/produto\/paletero-siux-trilogy-5\/","name":"PALETERO SIUX TRILOGY - Revolution Padel Store","isPartOf":{"@id":"https:\/\/revolutionpadelstore.com\/pt-pt\/#website"},"primaryImageOfPage":{"@id":"https:\/\/revolutionpadelstore.com\/pt-pt\/produto\/paletero-siux-trilogy-5\/#primaryimage"},"image":{"@id":"https:\/\/revolutionpadelstore.com\/pt-pt\/produto\/paletero-siux-trilogy-5\/#primaryimage"},"thumbnailUrl":"https:\/\/revolutionpadelstore.com\/wp-content\/uploads\/2025\/03\/109437_paletero_siux_triology_ss24_1500x1500_1_ee90.webp","datePublished":"2025-03-31T18:45:20+00:00","dateModified":"2026-04-08T03:30:09+00:00","description":"Descubre el Paletero Siux Trilogy Patty 2024, dise\u00f1ado para jugadoras que buscan estilo, gran capacidad y protecci\u00f3n t\u00e9rmica. \u00a1C\u00f3mpralo en Revolution Padel Store al mejor precio online!","breadcrumb":{"@id":"https:\/\/revolutionpadelstore.com\/pt-pt\/produto\/paletero-siux-trilogy-5\/#breadcrumb"},"inLanguage":"pt-PT","potentialAction":[{"@type":"ReadAction","target":["https:\/\/revolutionpadelstore.com\/pt-pt\/produto\/paletero-siux-trilogy-5\/"]}]},{"@type":"ImageObject","inLanguage":"pt-PT","@id":"https:\/\/revolutionpadelstore.com\/pt-pt\/produto\/paletero-siux-trilogy-5\/#primaryimage","url":"https:\/\/revolutionpadelstore.com\/wp-content\/uploads\/2025\/03\/109437_paletero_siux_triology_ss24_1500x1500_1_ee90.webp","contentUrl":"https:\/\/revolutionpadelstore.com\/wp-content\/uploads\/2025\/03\/109437_paletero_siux_triology_ss24_1500x1500_1_ee90.webp","width":1500,"height":1500},{"@type":"BreadcrumbList","@id":"https:\/\/revolutionpadelstore.com\/pt-pt\/produto\/paletero-siux-trilogy-5\/#breadcrumb","itemListElement":[{"@type":"ListItem","position":1,"name":"Portada","item":"https:\/\/revolutionpadelstore.com\/pt-pt\/"},{"@type":"ListItem","position":2,"name":"Tienda","item":"https:\/\/revolutionpadelstore.com\/pt-pt\/tienda\/"},{"@type":"ListItem","position":3,"name":"PALETERO SIUX TRILOGY"}]},{"@type":"WebSite","@id":"https:\/\/revolutionpadelstore.com\/pt-pt\/#website","url":"https:\/\/revolutionpadelstore.com\/pt-pt\/","name":"Revolution Padel Store","description":"","publisher":{"@id":"https:\/\/revolutionpadelstore.com\/pt-pt\/#organization"},"potentialAction":[{"@type":"SearchAction","target":{"@type":"EntryPoint","urlTemplate":"https:\/\/revolutionpadelstore.com\/pt-pt\/?s={search_term_string}"},"query-input":{"@type":"PropertyValueSpecification","valueRequired":true,"valueName":"search_term_string"}}],"inLanguage":"pt-PT"},{"@type":"Organization","@id":"https:\/\/revolutionpadelstore.com\/pt-pt\/#organization","name":"Revolution Padel Store","url":"https:\/\/revolutionpadelstore.com\/pt-pt\/","logo":{"@type":"ImageObject","inLanguage":"pt-PT","@id":"https:\/\/revolutionpadelstore.com\/pt-pt\/#\/schema\/logo\/image\/","url":"https:\/\/revolutionpadelstore.com\/wp-content\/uploads\/2026\/02\/revolution-padel-store.jpg","contentUrl":"https:\/\/revolutionpadelstore.com\/wp-content\/uploads\/2026\/02\/revolution-padel-store.jpg","width":2000,"height":2000,"caption":"Revolution Padel Store"},"image":{"@id":"https:\/\/revolutionpadelstore.com\/pt-pt\/#\/schema\/logo\/image\/"},"sameAs":["https:\/\/www.instagram.com\/revolutionpadelstore\/"]}]}},"_links":{"self":[{"href":"https:\/\/revolutionpadelstore.com\/pt-pt\/wp-json\/wp\/v2\/product\/216573","targetHints":{"allow":["GET"]}}],"collection":[{"href":"https:\/\/revolutionpadelstore.com\/pt-pt\/wp-json\/wp\/v2\/product"}],"about":[{"href":"https:\/\/revolutionpadelstore.com\/pt-pt\/wp-json\/wp\/v2\/types\/product"}],"replies":[{"embeddable":true,"href":"https:\/\/revolutionpadelstore.com\/pt-pt\/wp-json\/wp\/v2\/comments?post=216573"}],"wp:featuredmedia":[{"embeddable":true,"href":"https:\/\/revolutionpadelstore.com\/pt-pt\/wp-json\/wp\/v2\/media\/216579"}],"wp:attachment":[{"href":"https:\/\/revolutionpadelstore.com\/pt-pt\/wp-json\/wp\/v2\/media?parent=216573"}],"wp:term":[{"taxonomy":"acabado","embeddable":true,"href":"https:\/\/revolutionpadelstore.com\/pt-pt\/wp-json\/wp\/v2\/acabado?post=216573"},{"taxonomy":"balance","embeddable":true,"href":"https:\/\/revolutionpadelstore.com\/pt-pt\/wp-json\/wp\/v2\/balance?post=216573"},{"taxonomy":"dureza","embeddable":true,"href":"https:\/\/revolutionpadelstore.com\/pt-pt\/wp-json\/wp\/v2\/dureza?post=216573"},{"taxonomy":"forma","embeddable":true,"href":"https:\/\/revolutionpadelstore.com\/pt-pt\/wp-json\/wp\/v2\/forma?post=216573"},{"taxonomy":"jugador","embeddable":true,"href":"https:\/\/revolutionpadelstore.com\/pt-pt\/wp-json\/wp\/v2\/jugador?post=216573"},{"taxonomy":"marca","embeddable":true,"href":"https:\/\/revolutionpadelstore.com\/pt-pt\/wp-json\/wp\/v2\/marca?post=216573"},{"taxonomy":"nivel-de-juego","embeddable":true,"href":"https:\/\/revolutionpadelstore.com\/pt-pt\/wp-json\/wp\/v2\/nivel-de-juego?post=216573"},{"taxonomy":"superficie","embeddable":true,"href":"https:\/\/revolutionpadelstore.com\/pt-pt\/wp-json\/wp\/v2\/superficie?post=216573"},{"taxonomy":"tipo-de-juego","embeddable":true,"href":"https:\/\/revolutionpadelstore.com\/pt-pt\/wp-json\/wp\/v2\/tipo-de-juego?post=216573"},{"taxonomy":"product_brand","embeddable":true,"href":"https:\/\/revolutionpadelstore.com\/pt-pt\/wp-json\/wp\/v2\/product_brand?post=216573"},{"taxonomy":"product_cat","embeddable":true,"href":"https:\/\/revolutionpadelstore.com\/pt-pt\/wp-json\/wp\/v2\/product_cat?post=216573"},{"taxonomy":"product_tag","embeddable":true,"href":"https:\/\/revolutionpadelstore.com\/pt-pt\/wp-json\/wp\/v2\/product_tag?post=216573"}],"curies":[{"name":"wp","href":"https:\/\/api.w.org\/{rel}","templated":true}]}}