{"id":216215,"date":"2025-03-24T20:09:40","date_gmt":"2025-03-24T19:09:40","guid":{"rendered":"https:\/\/revolutionpadelstore.com\/mochila-bullpadel-bpm25003-tech-005\/"},"modified":"2026-04-08T05:32:22","modified_gmt":"2026-04-08T03:32:22","slug":"mochila-bullpadel-bpm25003-tech-005-5","status":"publish","type":"product","link":"https:\/\/revolutionpadelstore.com\/pt-pt\/produto\/mochila-bullpadel-bpm25003-tech-005-5\/","title":{"rendered":"MOCHILA BULLPADEL BPM25003 TECH 005"},"content":{"rendered":"<p><H2> <strong> Bullpadel Tech Techpack Backpack &#8211; Prote\u00e7\u00e3o e conforto m\u00e1ximo para o jogador exigente <\/strong> <\/h2>\n<p>A mochila t\u00e9cnica t\u00e9cnica da Bullpadel Tech \u00e9 o aliado ideal para aqueles que buscam organiza\u00e7\u00e3o, conforto e resist\u00eancia em cada deslocamento. Projetado para oferecer o m\u00e1ximo desempenho dentro e fora da pista, combina materiais de alta qualidade com um design inteligente e ergon\u00f4mico.<\/p>\n<h2> <strong> caracter\u00edsticas principais <\/strong> <\/h2>\n<p>-compartimento acolchoado e refor\u00e7ado com capacidade para 2 l\u00e2minas, laptop ou tablet, mantendo seus dispositivos e p\u00e1s em todos os momentos.<\/p>\n<p>-Espa\u00e7o de roupa independente, ideal para manter a ordem em seu equipamento.<\/p>\n<p>-compartimento espec\u00edfico para cal\u00e7ados, com ventila\u00e7\u00e3o para evitar maus odores e manter o restante do conte\u00fado limpo. <\/p>\n<p>-bolso frontal externo com fole, perfeito para economizar acess\u00f3rios ou elementos de acesso r\u00e1pido. <\/p>\n<p>-bolso lateral bolso, projetado para usar suas bolas de remo sempre manualmente. <\/p>\n<p><H2> <strong> design ergon\u00f4mico e ventilado <\/strong> <\/h2>\n<p>A parte traseira incorpora pe\u00e7as de espuma com canais de ventila\u00e7\u00e3o que fornecem um fluxo de ar constante e impedem o ac\u00famulo de calor, garantindo uma experi\u00eancia confort\u00e1vel, mesmo durante longas viagens. Al\u00e9m disso, a mochila possui uma al\u00e7a peitoral ajust\u00e1vel que melhora o suporte e distribui o peso de maneira equilibrada.<br \/>\n<H2> <strong> ideal para jogadores profissionais e amadores <\/strong> <\/h2>\n<p>Gra\u00e7as \u00e0 sua versatilidade, esta mochila t\u00e9cnica de bullpadel \u00e9 perfeita para fazer seu treinamento e torneios. Sua grande capacidade e estrutura resistente a tornam uma op\u00e7\u00e3o premium dentro do equipamento de remo.<br \/>\n<H2> <strong> Trust Bullpadel&#8217;s Innovation <\/strong> <\/h2>\n<p>Como uma das principais marcas no t\u00eanis de paddle, o Bullpadel desenvolve produtos projetados para melhorar seu desempenho o tempo todo. A mochila profissional representa o equil\u00edbrio perfeito entre funcionalidade, estilo e durabilidade.<br \/>\n<H2> <strong> j\u00e1 dispon\u00edvel pelo melhor pre\u00e7o <\/strong> <\/h2>\n<p>Obtenha a mochila t\u00e9cnica da Bullpadel Tech em nossa loja on -line <a href=\"http:\/\/www.revolutionpadelstore.com\/\"> www.revolutionpadelstore.com <\/a>, provavelmente com o melhor pre\u00e7o de mercado. Equipe -se como profissional e se destaque e se destacam a pista!<\/p>\n<h2><strong>Mochila T\u00e9cnica Bullpadel TECH \u2013 M\u00e1xima protecci\u00f3n y comodidad para el jugador exigente<\/strong><\/p>\n","protected":false},"excerpt":{"rendered":"<p>A mochila t\u00e9cnica t\u00e9cnica da Bullpadel Tech \u00e9 o aliado ideal para quem procura organiza\u00e7\u00e3o, conforto e resist\u00eancia em cada deslocamento<\/p>\n","protected":false},"featured_media":216192,"comment_status":"open","ping_status":"closed","template":"","meta":{"_acf_changed":false,"_joinchat":[]},"acabado":[],"balance":[],"dureza":[],"forma":[],"jugador":[],"marca":[1255],"nivel-de-juego":[],"superficie":[],"tipo-de-juego":[],"product_brand":[],"product_cat":[316],"product_tag":[],"class_list":{"0":"post-216215","1":"product","2":"type-product","3":"status-publish","4":"has-post-thumbnail","6":"marca-bullpadel-pt-pt","7":"product_cat-bolsas-pt-pt","9":"first","10":"outofstock","11":"sale","12":"taxable","13":"shipping-taxable","14":"purchasable","15":"product-type-simple"},"acf":[],"yoast_head":"<!-- This site is optimized with the Yoast SEO plugin v27.4 - https:\/\/yoast.com\/product\/yoast-seo-wordpress\/ -->\n<title>MOCHILA BULLPADEL BPM25003 TECH 005 - Revolution Padel Store<\/title>\n<meta name=\"description\" content=\"Mochila T\u00e9cnica Bullpadel TECH con compartimento reforzado para palas o port\u00e1til, espacio para ropa, calzado y bolsillo portabote. Disponible en www.revolutionpadelstore.com al mejor precio.\" \/>\n<meta name=\"robots\" content=\"index, follow, max-snippet:-1, max-image-preview:large, max-video-preview:-1\" \/>\n<link rel=\"canonical\" href=\"https:\/\/revolutionpadelstore.com\/pt-pt\/produto\/mochila-bullpadel-bpm25003-tech-005-5\/\" \/>\n<meta property=\"og:locale\" content=\"pt_PT\" \/>\n<meta property=\"og:type\" content=\"article\" \/>\n<meta property=\"og:title\" content=\"MOCHILA BULLPADEL BPM25003 TECH 005 - Revolution Padel Store\" \/>\n<meta property=\"og:description\" content=\"Mochila T\u00e9cnica Bullpadel TECH con compartimento reforzado para palas o port\u00e1til, espacio para ropa, calzado y bolsillo portabote. Disponible en www.revolutionpadelstore.com al mejor precio.\" \/>\n<meta property=\"og:url\" content=\"https:\/\/revolutionpadelstore.com\/pt-pt\/produto\/mochila-bullpadel-bpm25003-tech-005-5\/\" \/>\n<meta property=\"og:site_name\" content=\"Revolution Padel Store\" \/>\n<meta property=\"article:modified_time\" content=\"2026-04-08T03:32:22+00:00\" \/>\n<meta property=\"og:image\" content=\"https:\/\/revolutionpadelstore.com\/wp-content\/uploads\/2025\/03\/202.png\" \/>\n\t<meta property=\"og:image:width\" content=\"1500\" \/>\n\t<meta property=\"og:image:height\" content=\"1500\" \/>\n\t<meta property=\"og:image:type\" content=\"image\/png\" \/>\n<meta name=\"twitter:card\" content=\"summary_large_image\" \/>\n<meta name=\"twitter:label1\" content=\"Tempo estimado de leitura\" \/>\n\t<meta name=\"twitter:data1\" content=\"2 minutos\" \/>\n<script type=\"application\/ld+json\" class=\"yoast-schema-graph\">{\"@context\":\"https:\\\/\\\/schema.org\",\"@graph\":[{\"@type\":\"WebPage\",\"@id\":\"https:\\\/\\\/revolutionpadelstore.com\\\/pt-pt\\\/produto\\\/mochila-bullpadel-bpm25003-tech-005-5\\\/\",\"url\":\"https:\\\/\\\/revolutionpadelstore.com\\\/pt-pt\\\/produto\\\/mochila-bullpadel-bpm25003-tech-005-5\\\/\",\"name\":\"MOCHILA BULLPADEL BPM25003 TECH 005 - Revolution Padel Store\",\"isPartOf\":{\"@id\":\"https:\\\/\\\/revolutionpadelstore.com\\\/pt-pt\\\/#website\"},\"primaryImageOfPage\":{\"@id\":\"https:\\\/\\\/revolutionpadelstore.com\\\/pt-pt\\\/produto\\\/mochila-bullpadel-bpm25003-tech-005-5\\\/#primaryimage\"},\"image\":{\"@id\":\"https:\\\/\\\/revolutionpadelstore.com\\\/pt-pt\\\/produto\\\/mochila-bullpadel-bpm25003-tech-005-5\\\/#primaryimage\"},\"thumbnailUrl\":\"https:\\\/\\\/revolutionpadelstore.com\\\/wp-content\\\/uploads\\\/2025\\\/03\\\/202.png\",\"datePublished\":\"2025-03-24T19:09:40+00:00\",\"dateModified\":\"2026-04-08T03:32:22+00:00\",\"description\":\"Mochila T\u00e9cnica Bullpadel TECH con compartimento reforzado para palas o port\u00e1til, espacio para ropa, calzado y bolsillo portabote. Disponible en www.revolutionpadelstore.com al mejor precio.\",\"breadcrumb\":{\"@id\":\"https:\\\/\\\/revolutionpadelstore.com\\\/pt-pt\\\/produto\\\/mochila-bullpadel-bpm25003-tech-005-5\\\/#breadcrumb\"},\"inLanguage\":\"pt-PT\",\"potentialAction\":[{\"@type\":\"ReadAction\",\"target\":[\"https:\\\/\\\/revolutionpadelstore.com\\\/pt-pt\\\/produto\\\/mochila-bullpadel-bpm25003-tech-005-5\\\/\"]}]},{\"@type\":\"ImageObject\",\"inLanguage\":\"pt-PT\",\"@id\":\"https:\\\/\\\/revolutionpadelstore.com\\\/pt-pt\\\/produto\\\/mochila-bullpadel-bpm25003-tech-005-5\\\/#primaryimage\",\"url\":\"https:\\\/\\\/revolutionpadelstore.com\\\/wp-content\\\/uploads\\\/2025\\\/03\\\/202.png\",\"contentUrl\":\"https:\\\/\\\/revolutionpadelstore.com\\\/wp-content\\\/uploads\\\/2025\\\/03\\\/202.png\",\"width\":1500,\"height\":1500},{\"@type\":\"BreadcrumbList\",\"@id\":\"https:\\\/\\\/revolutionpadelstore.com\\\/pt-pt\\\/produto\\\/mochila-bullpadel-bpm25003-tech-005-5\\\/#breadcrumb\",\"itemListElement\":[{\"@type\":\"ListItem\",\"position\":1,\"name\":\"Portada\",\"item\":\"https:\\\/\\\/revolutionpadelstore.com\\\/pt-pt\\\/\"},{\"@type\":\"ListItem\",\"position\":2,\"name\":\"Tienda\",\"item\":\"https:\\\/\\\/revolutionpadelstore.com\\\/pt-pt\\\/tienda\\\/\"},{\"@type\":\"ListItem\",\"position\":3,\"name\":\"MOCHILA BULLPADEL BPM25003 TECH 005\"}]},{\"@type\":\"WebSite\",\"@id\":\"https:\\\/\\\/revolutionpadelstore.com\\\/pt-pt\\\/#website\",\"url\":\"https:\\\/\\\/revolutionpadelstore.com\\\/pt-pt\\\/\",\"name\":\"Revolution Padel Store\",\"description\":\"\",\"publisher\":{\"@id\":\"https:\\\/\\\/revolutionpadelstore.com\\\/pt-pt\\\/#organization\"},\"potentialAction\":[{\"@type\":\"SearchAction\",\"target\":{\"@type\":\"EntryPoint\",\"urlTemplate\":\"https:\\\/\\\/revolutionpadelstore.com\\\/pt-pt\\\/?s={search_term_string}\"},\"query-input\":{\"@type\":\"PropertyValueSpecification\",\"valueRequired\":true,\"valueName\":\"search_term_string\"}}],\"inLanguage\":\"pt-PT\"},{\"@type\":\"Organization\",\"@id\":\"https:\\\/\\\/revolutionpadelstore.com\\\/pt-pt\\\/#organization\",\"name\":\"Revolution Padel Store\",\"url\":\"https:\\\/\\\/revolutionpadelstore.com\\\/pt-pt\\\/\",\"logo\":{\"@type\":\"ImageObject\",\"inLanguage\":\"pt-PT\",\"@id\":\"https:\\\/\\\/revolutionpadelstore.com\\\/pt-pt\\\/#\\\/schema\\\/logo\\\/image\\\/\",\"url\":\"https:\\\/\\\/revolutionpadelstore.com\\\/wp-content\\\/uploads\\\/2026\\\/02\\\/revolution-padel-store.jpg\",\"contentUrl\":\"https:\\\/\\\/revolutionpadelstore.com\\\/wp-content\\\/uploads\\\/2026\\\/02\\\/revolution-padel-store.jpg\",\"width\":2000,\"height\":2000,\"caption\":\"Revolution Padel Store\"},\"image\":{\"@id\":\"https:\\\/\\\/revolutionpadelstore.com\\\/pt-pt\\\/#\\\/schema\\\/logo\\\/image\\\/\"},\"sameAs\":[\"https:\\\/\\\/www.instagram.com\\\/revolutionpadelstore\\\/\"]}]}<\/script>\n<!-- \/ Yoast SEO plugin. -->","yoast_head_json":{"title":"MOCHILA BULLPADEL BPM25003 TECH 005 - Revolution Padel Store","description":"Mochila T\u00e9cnica Bullpadel TECH con compartimento reforzado para palas o port\u00e1til, espacio para ropa, calzado y bolsillo portabote. Disponible en www.revolutionpadelstore.com al mejor precio.","robots":{"index":"index","follow":"follow","max-snippet":"max-snippet:-1","max-image-preview":"max-image-preview:large","max-video-preview":"max-video-preview:-1"},"canonical":"https:\/\/revolutionpadelstore.com\/pt-pt\/produto\/mochila-bullpadel-bpm25003-tech-005-5\/","og_locale":"pt_PT","og_type":"article","og_title":"MOCHILA BULLPADEL BPM25003 TECH 005 - Revolution Padel Store","og_description":"Mochila T\u00e9cnica Bullpadel TECH con compartimento reforzado para palas o port\u00e1til, espacio para ropa, calzado y bolsillo portabote. Disponible en www.revolutionpadelstore.com al mejor precio.","og_url":"https:\/\/revolutionpadelstore.com\/pt-pt\/produto\/mochila-bullpadel-bpm25003-tech-005-5\/","og_site_name":"Revolution Padel Store","article_modified_time":"2026-04-08T03:32:22+00:00","og_image":[{"width":1500,"height":1500,"url":"https:\/\/revolutionpadelstore.com\/wp-content\/uploads\/2025\/03\/202.png","type":"image\/png"}],"twitter_card":"summary_large_image","twitter_misc":{"Tempo estimado de leitura":"2 minutos"},"schema":{"@context":"https:\/\/schema.org","@graph":[{"@type":"WebPage","@id":"https:\/\/revolutionpadelstore.com\/pt-pt\/produto\/mochila-bullpadel-bpm25003-tech-005-5\/","url":"https:\/\/revolutionpadelstore.com\/pt-pt\/produto\/mochila-bullpadel-bpm25003-tech-005-5\/","name":"MOCHILA BULLPADEL BPM25003 TECH 005 - Revolution Padel Store","isPartOf":{"@id":"https:\/\/revolutionpadelstore.com\/pt-pt\/#website"},"primaryImageOfPage":{"@id":"https:\/\/revolutionpadelstore.com\/pt-pt\/produto\/mochila-bullpadel-bpm25003-tech-005-5\/#primaryimage"},"image":{"@id":"https:\/\/revolutionpadelstore.com\/pt-pt\/produto\/mochila-bullpadel-bpm25003-tech-005-5\/#primaryimage"},"thumbnailUrl":"https:\/\/revolutionpadelstore.com\/wp-content\/uploads\/2025\/03\/202.png","datePublished":"2025-03-24T19:09:40+00:00","dateModified":"2026-04-08T03:32:22+00:00","description":"Mochila T\u00e9cnica Bullpadel TECH con compartimento reforzado para palas o port\u00e1til, espacio para ropa, calzado y bolsillo portabote. Disponible en www.revolutionpadelstore.com al mejor precio.","breadcrumb":{"@id":"https:\/\/revolutionpadelstore.com\/pt-pt\/produto\/mochila-bullpadel-bpm25003-tech-005-5\/#breadcrumb"},"inLanguage":"pt-PT","potentialAction":[{"@type":"ReadAction","target":["https:\/\/revolutionpadelstore.com\/pt-pt\/produto\/mochila-bullpadel-bpm25003-tech-005-5\/"]}]},{"@type":"ImageObject","inLanguage":"pt-PT","@id":"https:\/\/revolutionpadelstore.com\/pt-pt\/produto\/mochila-bullpadel-bpm25003-tech-005-5\/#primaryimage","url":"https:\/\/revolutionpadelstore.com\/wp-content\/uploads\/2025\/03\/202.png","contentUrl":"https:\/\/revolutionpadelstore.com\/wp-content\/uploads\/2025\/03\/202.png","width":1500,"height":1500},{"@type":"BreadcrumbList","@id":"https:\/\/revolutionpadelstore.com\/pt-pt\/produto\/mochila-bullpadel-bpm25003-tech-005-5\/#breadcrumb","itemListElement":[{"@type":"ListItem","position":1,"name":"Portada","item":"https:\/\/revolutionpadelstore.com\/pt-pt\/"},{"@type":"ListItem","position":2,"name":"Tienda","item":"https:\/\/revolutionpadelstore.com\/pt-pt\/tienda\/"},{"@type":"ListItem","position":3,"name":"MOCHILA BULLPADEL BPM25003 TECH 005"}]},{"@type":"WebSite","@id":"https:\/\/revolutionpadelstore.com\/pt-pt\/#website","url":"https:\/\/revolutionpadelstore.com\/pt-pt\/","name":"Revolution Padel Store","description":"","publisher":{"@id":"https:\/\/revolutionpadelstore.com\/pt-pt\/#organization"},"potentialAction":[{"@type":"SearchAction","target":{"@type":"EntryPoint","urlTemplate":"https:\/\/revolutionpadelstore.com\/pt-pt\/?s={search_term_string}"},"query-input":{"@type":"PropertyValueSpecification","valueRequired":true,"valueName":"search_term_string"}}],"inLanguage":"pt-PT"},{"@type":"Organization","@id":"https:\/\/revolutionpadelstore.com\/pt-pt\/#organization","name":"Revolution Padel Store","url":"https:\/\/revolutionpadelstore.com\/pt-pt\/","logo":{"@type":"ImageObject","inLanguage":"pt-PT","@id":"https:\/\/revolutionpadelstore.com\/pt-pt\/#\/schema\/logo\/image\/","url":"https:\/\/revolutionpadelstore.com\/wp-content\/uploads\/2026\/02\/revolution-padel-store.jpg","contentUrl":"https:\/\/revolutionpadelstore.com\/wp-content\/uploads\/2026\/02\/revolution-padel-store.jpg","width":2000,"height":2000,"caption":"Revolution Padel Store"},"image":{"@id":"https:\/\/revolutionpadelstore.com\/pt-pt\/#\/schema\/logo\/image\/"},"sameAs":["https:\/\/www.instagram.com\/revolutionpadelstore\/"]}]}},"_links":{"self":[{"href":"https:\/\/revolutionpadelstore.com\/pt-pt\/wp-json\/wp\/v2\/product\/216215","targetHints":{"allow":["GET"]}}],"collection":[{"href":"https:\/\/revolutionpadelstore.com\/pt-pt\/wp-json\/wp\/v2\/product"}],"about":[{"href":"https:\/\/revolutionpadelstore.com\/pt-pt\/wp-json\/wp\/v2\/types\/product"}],"replies":[{"embeddable":true,"href":"https:\/\/revolutionpadelstore.com\/pt-pt\/wp-json\/wp\/v2\/comments?post=216215"}],"wp:featuredmedia":[{"embeddable":true,"href":"https:\/\/revolutionpadelstore.com\/pt-pt\/wp-json\/wp\/v2\/media\/216192"}],"wp:attachment":[{"href":"https:\/\/revolutionpadelstore.com\/pt-pt\/wp-json\/wp\/v2\/media?parent=216215"}],"wp:term":[{"taxonomy":"acabado","embeddable":true,"href":"https:\/\/revolutionpadelstore.com\/pt-pt\/wp-json\/wp\/v2\/acabado?post=216215"},{"taxonomy":"balance","embeddable":true,"href":"https:\/\/revolutionpadelstore.com\/pt-pt\/wp-json\/wp\/v2\/balance?post=216215"},{"taxonomy":"dureza","embeddable":true,"href":"https:\/\/revolutionpadelstore.com\/pt-pt\/wp-json\/wp\/v2\/dureza?post=216215"},{"taxonomy":"forma","embeddable":true,"href":"https:\/\/revolutionpadelstore.com\/pt-pt\/wp-json\/wp\/v2\/forma?post=216215"},{"taxonomy":"jugador","embeddable":true,"href":"https:\/\/revolutionpadelstore.com\/pt-pt\/wp-json\/wp\/v2\/jugador?post=216215"},{"taxonomy":"marca","embeddable":true,"href":"https:\/\/revolutionpadelstore.com\/pt-pt\/wp-json\/wp\/v2\/marca?post=216215"},{"taxonomy":"nivel-de-juego","embeddable":true,"href":"https:\/\/revolutionpadelstore.com\/pt-pt\/wp-json\/wp\/v2\/nivel-de-juego?post=216215"},{"taxonomy":"superficie","embeddable":true,"href":"https:\/\/revolutionpadelstore.com\/pt-pt\/wp-json\/wp\/v2\/superficie?post=216215"},{"taxonomy":"tipo-de-juego","embeddable":true,"href":"https:\/\/revolutionpadelstore.com\/pt-pt\/wp-json\/wp\/v2\/tipo-de-juego?post=216215"},{"taxonomy":"product_brand","embeddable":true,"href":"https:\/\/revolutionpadelstore.com\/pt-pt\/wp-json\/wp\/v2\/product_brand?post=216215"},{"taxonomy":"product_cat","embeddable":true,"href":"https:\/\/revolutionpadelstore.com\/pt-pt\/wp-json\/wp\/v2\/product_cat?post=216215"},{"taxonomy":"product_tag","embeddable":true,"href":"https:\/\/revolutionpadelstore.com\/pt-pt\/wp-json\/wp\/v2\/product_tag?post=216215"}],"curies":[{"name":"wp","href":"https:\/\/api.w.org\/{rel}","templated":true}]}}