{"id":216153,"date":"2025-03-21T19:02:10","date_gmt":"2025-03-21T18:02:10","guid":{"rendered":"https:\/\/revolutionpadelstore.com\/paletero-head-tour-team-padel-monstercombi-blnv\/"},"modified":"2026-04-08T05:32:40","modified_gmt":"2026-04-08T03:32:40","slug":"paletero-head-tour-team-padel-monstercombi-blnv-5","status":"publish","type":"product","link":"https:\/\/revolutionpadelstore.com\/pt-pt\/produto\/paletero-head-tour-team-padel-monstercombi-blnv-5\/","title":{"rendered":"PALETERO HEAD TOUR TEAM PADEL MONSTERCOMBI BLNV"},"content":{"rendered":"<p><H2> Paletero Head Tour Team Monstercombi- <strong> espa\u00e7o, estilo e prote\u00e7\u00e3o t\u00e9rmica para suas l\u00e2minas <\/strong> <\/h2>\n<p>A equipe da Paletero <strong> Head Tour Monstercomombi <\/strong> \u00e9 o parceiro ideal para jogadores de paddle que procuram <strong> amplitude, conforto e tecnologia avan\u00e7ada <\/strong> em cada deslocamento. Com um design moderno e dispon\u00edvel nas duas cores atuais, esta bolsa oferece n\u00e3o apenas est\u00e9tica, mas tamb\u00e9m funcionalidade de alto n\u00edvel.<br \/>\n<H2> Prote\u00e7\u00e3o m\u00e1xima com CCT+<\/h2>\n<p> Tecnologia<br \/>\nUm de seus principais atributos \u00e9 o sistema <strong> CCT+ (tecnologia de controle clim\u00e1tico) <\/strong>, um compartimento t\u00e9rmico projetado especialmente para proteger suas p\u00e1s contra temperaturas extremas, mantendo -as em perfeitas condi\u00e7\u00f5es, independentemente do clima.<br \/>\n<H2> Grande capacidade e organiza\u00e7\u00e3o <\/h2>\n<p><strong> -Os amplos compartimentos <\/strong>: espa\u00e7o sobressalente para suas l\u00e2minas, roupas e acess\u00f3rios.<\/p>\n<p><strong> Design -gun\u00f4mico <\/strong>: tiras ajust\u00e1veis \u200b\u200bpara transporte confort\u00e1vel, no ombro ou como uma mochila.<\/p>\n<p><strong>-Efeito ecol\u00f3gico <\/strong>: fabricado com papel reciclado e unido com cord\u00e3o de c\u00e2nhamo, refletindo o compromisso da cabe\u00e7a com o meio ambiente.<br \/>\n<H2> caracter\u00edsticas pendentes <\/h2>\n<p>-Ter compartimentos espa\u00e7osos para todos os seus equipamentos.<\/p>\n<p>-CT+ Tecnologia de controle t\u00e9rmico.<\/p>\n<p>-Coat e arm\u00e1rios ajust\u00e1veis.<\/p>\n<p>-Sustainable e design moderno.<\/p>\n<p>-Ideal para jogadores exigentes e profissionais.<\/p>\n<p>Fique com a equipe da equipe da Paletero <strong> tour Monstercombi <\/strong> e carrega tudo o que voc\u00ea precisa com estilo, seguran\u00e7a e conforto.<br \/>\n<strong> N\u00e3o perca esta oportunidade e adicione ao seu carrinho esta bolsa de alto desempenho! <\/strong><\/p>\n<p>Dispon\u00edvel em nossa loja on -line <strong> <a href=\"https:\/\/www.revolutionpadelstore.com\/\"> www.revolutionpadelstore.com <\/a> <\/strong>, <em> provavelmente no melhor pre\u00e7o de mercado <\/em>.<\/p>\n<h2>Paletero HEAD Tour Team Monstercombi-\u00a0<strong>Espacio, estilo y protecci\u00f3n t\u00e9rmica para tus palas<\/strong><\/p>\n","protected":false},"excerpt":{"rendered":"<p>A equipe da Paletero <strong> Head Tour Monstercomombi <\/strong> \u00e9 o parceiro ideal para jogadores de paddle que procuram <strong> amplitude, conforto e tecnologia avan\u00e7ada <\/strong> em cada deslocamento.<strong>\u00a0HEAD Tour Team Monstercombi<\/strong><\/p>\n","protected":false},"featured_media":216142,"comment_status":"open","ping_status":"closed","template":"","meta":{"_acf_changed":false,"_joinchat":[]},"acabado":[],"balance":[],"dureza":[],"forma":[],"jugador":[],"marca":[1220],"nivel-de-juego":[],"superficie":[],"tipo-de-juego":[],"product_brand":[],"product_cat":[316],"product_tag":[],"class_list":{"0":"post-216153","1":"product","2":"type-product","3":"status-publish","4":"has-post-thumbnail","6":"marca-cabeca","7":"product_cat-bolsas-pt-pt","9":"first","10":"outofstock","11":"sale","12":"taxable","13":"shipping-taxable","14":"purchasable","15":"product-type-simple"},"acf":[],"yoast_head":"<!-- This site is optimized with the Yoast SEO plugin v27.5 - https:\/\/yoast.com\/product\/yoast-seo-wordpress\/ -->\n<title>PALETERO HEAD TOUR TEAM PADEL MONSTERCOMBI BLNV - Revolution Padel Store<\/title>\n<meta name=\"description\" content=\"Descubre la bolsa de p\u00e1del HEAD Tour Team Monstercombi con tecnolog\u00eda t\u00e9rmica CCT+, gran capacidad y dise\u00f1o sostenible. \u00a1Compra online al mejor precio en Revolution Padel Store!\" \/>\n<meta name=\"robots\" content=\"index, follow, max-snippet:-1, max-image-preview:large, max-video-preview:-1\" \/>\n<link rel=\"canonical\" href=\"https:\/\/revolutionpadelstore.com\/pt-pt\/produto\/paletero-head-tour-team-padel-monstercombi-blnv-5\/\" \/>\n<meta property=\"og:locale\" content=\"pt_PT\" \/>\n<meta property=\"og:type\" content=\"article\" \/>\n<meta property=\"og:title\" content=\"PALETERO HEAD TOUR TEAM PADEL MONSTERCOMBI BLNV - Revolution Padel Store\" \/>\n<meta property=\"og:description\" content=\"Descubre la bolsa de p\u00e1del HEAD Tour Team Monstercombi con tecnolog\u00eda t\u00e9rmica CCT+, gran capacidad y dise\u00f1o sostenible. \u00a1Compra online al mejor precio en Revolution Padel Store!\" \/>\n<meta property=\"og:url\" content=\"https:\/\/revolutionpadelstore.com\/pt-pt\/produto\/paletero-head-tour-team-padel-monstercombi-blnv-5\/\" \/>\n<meta property=\"og:site_name\" content=\"Revolution Padel Store\" \/>\n<meta property=\"article:modified_time\" content=\"2026-04-08T03:32:40+00:00\" \/>\n<meta property=\"og:image\" content=\"https:\/\/revolutionpadelstore.com\/wp-content\/uploads\/2025\/03\/201.png\" \/>\n\t<meta property=\"og:image:width\" content=\"1500\" \/>\n\t<meta property=\"og:image:height\" content=\"1500\" \/>\n\t<meta property=\"og:image:type\" content=\"image\/png\" \/>\n<meta name=\"twitter:card\" content=\"summary_large_image\" \/>\n<meta name=\"twitter:label1\" content=\"Tempo estimado de leitura\" \/>\n\t<meta name=\"twitter:data1\" content=\"2 minutos\" \/>\n<script type=\"application\/ld+json\" class=\"yoast-schema-graph\">{\"@context\":\"https:\\\/\\\/schema.org\",\"@graph\":[{\"@type\":\"WebPage\",\"@id\":\"https:\\\/\\\/revolutionpadelstore.com\\\/pt-pt\\\/produto\\\/paletero-head-tour-team-padel-monstercombi-blnv-5\\\/\",\"url\":\"https:\\\/\\\/revolutionpadelstore.com\\\/pt-pt\\\/produto\\\/paletero-head-tour-team-padel-monstercombi-blnv-5\\\/\",\"name\":\"PALETERO HEAD TOUR TEAM PADEL MONSTERCOMBI BLNV - Revolution Padel Store\",\"isPartOf\":{\"@id\":\"https:\\\/\\\/revolutionpadelstore.com\\\/pt-pt\\\/#website\"},\"primaryImageOfPage\":{\"@id\":\"https:\\\/\\\/revolutionpadelstore.com\\\/pt-pt\\\/produto\\\/paletero-head-tour-team-padel-monstercombi-blnv-5\\\/#primaryimage\"},\"image\":{\"@id\":\"https:\\\/\\\/revolutionpadelstore.com\\\/pt-pt\\\/produto\\\/paletero-head-tour-team-padel-monstercombi-blnv-5\\\/#primaryimage\"},\"thumbnailUrl\":\"https:\\\/\\\/revolutionpadelstore.com\\\/wp-content\\\/uploads\\\/2025\\\/03\\\/201.png\",\"datePublished\":\"2025-03-21T18:02:10+00:00\",\"dateModified\":\"2026-04-08T03:32:40+00:00\",\"description\":\"Descubre la bolsa de p\u00e1del HEAD Tour Team Monstercombi con tecnolog\u00eda t\u00e9rmica CCT+, gran capacidad y dise\u00f1o sostenible. \u00a1Compra online al mejor precio en Revolution Padel Store!\",\"breadcrumb\":{\"@id\":\"https:\\\/\\\/revolutionpadelstore.com\\\/pt-pt\\\/produto\\\/paletero-head-tour-team-padel-monstercombi-blnv-5\\\/#breadcrumb\"},\"inLanguage\":\"pt-PT\",\"potentialAction\":[{\"@type\":\"ReadAction\",\"target\":[\"https:\\\/\\\/revolutionpadelstore.com\\\/pt-pt\\\/produto\\\/paletero-head-tour-team-padel-monstercombi-blnv-5\\\/\"]}]},{\"@type\":\"ImageObject\",\"inLanguage\":\"pt-PT\",\"@id\":\"https:\\\/\\\/revolutionpadelstore.com\\\/pt-pt\\\/produto\\\/paletero-head-tour-team-padel-monstercombi-blnv-5\\\/#primaryimage\",\"url\":\"https:\\\/\\\/revolutionpadelstore.com\\\/wp-content\\\/uploads\\\/2025\\\/03\\\/201.png\",\"contentUrl\":\"https:\\\/\\\/revolutionpadelstore.com\\\/wp-content\\\/uploads\\\/2025\\\/03\\\/201.png\",\"width\":1500,\"height\":1500},{\"@type\":\"BreadcrumbList\",\"@id\":\"https:\\\/\\\/revolutionpadelstore.com\\\/pt-pt\\\/produto\\\/paletero-head-tour-team-padel-monstercombi-blnv-5\\\/#breadcrumb\",\"itemListElement\":[{\"@type\":\"ListItem\",\"position\":1,\"name\":\"Portada\",\"item\":\"https:\\\/\\\/revolutionpadelstore.com\\\/pt-pt\\\/\"},{\"@type\":\"ListItem\",\"position\":2,\"name\":\"Tienda\",\"item\":\"https:\\\/\\\/revolutionpadelstore.com\\\/pt-pt\\\/tienda\\\/\"},{\"@type\":\"ListItem\",\"position\":3,\"name\":\"PALETERO HEAD TOUR TEAM PADEL MONSTERCOMBI BLNV\"}]},{\"@type\":\"WebSite\",\"@id\":\"https:\\\/\\\/revolutionpadelstore.com\\\/pt-pt\\\/#website\",\"url\":\"https:\\\/\\\/revolutionpadelstore.com\\\/pt-pt\\\/\",\"name\":\"Revolution Padel Store\",\"description\":\"\",\"publisher\":{\"@id\":\"https:\\\/\\\/revolutionpadelstore.com\\\/pt-pt\\\/#organization\"},\"potentialAction\":[{\"@type\":\"SearchAction\",\"target\":{\"@type\":\"EntryPoint\",\"urlTemplate\":\"https:\\\/\\\/revolutionpadelstore.com\\\/pt-pt\\\/?s={search_term_string}\"},\"query-input\":{\"@type\":\"PropertyValueSpecification\",\"valueRequired\":true,\"valueName\":\"search_term_string\"}}],\"inLanguage\":\"pt-PT\"},{\"@type\":\"Organization\",\"@id\":\"https:\\\/\\\/revolutionpadelstore.com\\\/pt-pt\\\/#organization\",\"name\":\"Revolution Padel Store\",\"url\":\"https:\\\/\\\/revolutionpadelstore.com\\\/pt-pt\\\/\",\"logo\":{\"@type\":\"ImageObject\",\"inLanguage\":\"pt-PT\",\"@id\":\"https:\\\/\\\/revolutionpadelstore.com\\\/pt-pt\\\/#\\\/schema\\\/logo\\\/image\\\/\",\"url\":\"https:\\\/\\\/revolutionpadelstore.com\\\/wp-content\\\/uploads\\\/2026\\\/02\\\/revolution-padel-store.jpg\",\"contentUrl\":\"https:\\\/\\\/revolutionpadelstore.com\\\/wp-content\\\/uploads\\\/2026\\\/02\\\/revolution-padel-store.jpg\",\"width\":2000,\"height\":2000,\"caption\":\"Revolution Padel Store\"},\"image\":{\"@id\":\"https:\\\/\\\/revolutionpadelstore.com\\\/pt-pt\\\/#\\\/schema\\\/logo\\\/image\\\/\"},\"sameAs\":[\"https:\\\/\\\/www.instagram.com\\\/revolutionpadelstore\\\/\"]}]}<\/script>\n<!-- \/ Yoast SEO plugin. -->","yoast_head_json":{"title":"PALETERO HEAD TOUR TEAM PADEL MONSTERCOMBI BLNV - Revolution Padel Store","description":"Descubre la bolsa de p\u00e1del HEAD Tour Team Monstercombi con tecnolog\u00eda t\u00e9rmica CCT+, gran capacidad y dise\u00f1o sostenible. \u00a1Compra online al mejor precio en Revolution Padel Store!","robots":{"index":"index","follow":"follow","max-snippet":"max-snippet:-1","max-image-preview":"max-image-preview:large","max-video-preview":"max-video-preview:-1"},"canonical":"https:\/\/revolutionpadelstore.com\/pt-pt\/produto\/paletero-head-tour-team-padel-monstercombi-blnv-5\/","og_locale":"pt_PT","og_type":"article","og_title":"PALETERO HEAD TOUR TEAM PADEL MONSTERCOMBI BLNV - Revolution Padel Store","og_description":"Descubre la bolsa de p\u00e1del HEAD Tour Team Monstercombi con tecnolog\u00eda t\u00e9rmica CCT+, gran capacidad y dise\u00f1o sostenible. \u00a1Compra online al mejor precio en Revolution Padel Store!","og_url":"https:\/\/revolutionpadelstore.com\/pt-pt\/produto\/paletero-head-tour-team-padel-monstercombi-blnv-5\/","og_site_name":"Revolution Padel Store","article_modified_time":"2026-04-08T03:32:40+00:00","og_image":[{"width":1500,"height":1500,"url":"https:\/\/revolutionpadelstore.com\/wp-content\/uploads\/2025\/03\/201.png","type":"image\/png"}],"twitter_card":"summary_large_image","twitter_misc":{"Tempo estimado de leitura":"2 minutos"},"schema":{"@context":"https:\/\/schema.org","@graph":[{"@type":"WebPage","@id":"https:\/\/revolutionpadelstore.com\/pt-pt\/produto\/paletero-head-tour-team-padel-monstercombi-blnv-5\/","url":"https:\/\/revolutionpadelstore.com\/pt-pt\/produto\/paletero-head-tour-team-padel-monstercombi-blnv-5\/","name":"PALETERO HEAD TOUR TEAM PADEL MONSTERCOMBI BLNV - Revolution Padel Store","isPartOf":{"@id":"https:\/\/revolutionpadelstore.com\/pt-pt\/#website"},"primaryImageOfPage":{"@id":"https:\/\/revolutionpadelstore.com\/pt-pt\/produto\/paletero-head-tour-team-padel-monstercombi-blnv-5\/#primaryimage"},"image":{"@id":"https:\/\/revolutionpadelstore.com\/pt-pt\/produto\/paletero-head-tour-team-padel-monstercombi-blnv-5\/#primaryimage"},"thumbnailUrl":"https:\/\/revolutionpadelstore.com\/wp-content\/uploads\/2025\/03\/201.png","datePublished":"2025-03-21T18:02:10+00:00","dateModified":"2026-04-08T03:32:40+00:00","description":"Descubre la bolsa de p\u00e1del HEAD Tour Team Monstercombi con tecnolog\u00eda t\u00e9rmica CCT+, gran capacidad y dise\u00f1o sostenible. \u00a1Compra online al mejor precio en Revolution Padel Store!","breadcrumb":{"@id":"https:\/\/revolutionpadelstore.com\/pt-pt\/produto\/paletero-head-tour-team-padel-monstercombi-blnv-5\/#breadcrumb"},"inLanguage":"pt-PT","potentialAction":[{"@type":"ReadAction","target":["https:\/\/revolutionpadelstore.com\/pt-pt\/produto\/paletero-head-tour-team-padel-monstercombi-blnv-5\/"]}]},{"@type":"ImageObject","inLanguage":"pt-PT","@id":"https:\/\/revolutionpadelstore.com\/pt-pt\/produto\/paletero-head-tour-team-padel-monstercombi-blnv-5\/#primaryimage","url":"https:\/\/revolutionpadelstore.com\/wp-content\/uploads\/2025\/03\/201.png","contentUrl":"https:\/\/revolutionpadelstore.com\/wp-content\/uploads\/2025\/03\/201.png","width":1500,"height":1500},{"@type":"BreadcrumbList","@id":"https:\/\/revolutionpadelstore.com\/pt-pt\/produto\/paletero-head-tour-team-padel-monstercombi-blnv-5\/#breadcrumb","itemListElement":[{"@type":"ListItem","position":1,"name":"Portada","item":"https:\/\/revolutionpadelstore.com\/pt-pt\/"},{"@type":"ListItem","position":2,"name":"Tienda","item":"https:\/\/revolutionpadelstore.com\/pt-pt\/tienda\/"},{"@type":"ListItem","position":3,"name":"PALETERO HEAD TOUR TEAM PADEL MONSTERCOMBI BLNV"}]},{"@type":"WebSite","@id":"https:\/\/revolutionpadelstore.com\/pt-pt\/#website","url":"https:\/\/revolutionpadelstore.com\/pt-pt\/","name":"Revolution Padel Store","description":"","publisher":{"@id":"https:\/\/revolutionpadelstore.com\/pt-pt\/#organization"},"potentialAction":[{"@type":"SearchAction","target":{"@type":"EntryPoint","urlTemplate":"https:\/\/revolutionpadelstore.com\/pt-pt\/?s={search_term_string}"},"query-input":{"@type":"PropertyValueSpecification","valueRequired":true,"valueName":"search_term_string"}}],"inLanguage":"pt-PT"},{"@type":"Organization","@id":"https:\/\/revolutionpadelstore.com\/pt-pt\/#organization","name":"Revolution Padel Store","url":"https:\/\/revolutionpadelstore.com\/pt-pt\/","logo":{"@type":"ImageObject","inLanguage":"pt-PT","@id":"https:\/\/revolutionpadelstore.com\/pt-pt\/#\/schema\/logo\/image\/","url":"https:\/\/revolutionpadelstore.com\/wp-content\/uploads\/2026\/02\/revolution-padel-store.jpg","contentUrl":"https:\/\/revolutionpadelstore.com\/wp-content\/uploads\/2026\/02\/revolution-padel-store.jpg","width":2000,"height":2000,"caption":"Revolution Padel Store"},"image":{"@id":"https:\/\/revolutionpadelstore.com\/pt-pt\/#\/schema\/logo\/image\/"},"sameAs":["https:\/\/www.instagram.com\/revolutionpadelstore\/"]}]}},"_links":{"self":[{"href":"https:\/\/revolutionpadelstore.com\/pt-pt\/wp-json\/wp\/v2\/product\/216153","targetHints":{"allow":["GET"]}}],"collection":[{"href":"https:\/\/revolutionpadelstore.com\/pt-pt\/wp-json\/wp\/v2\/product"}],"about":[{"href":"https:\/\/revolutionpadelstore.com\/pt-pt\/wp-json\/wp\/v2\/types\/product"}],"replies":[{"embeddable":true,"href":"https:\/\/revolutionpadelstore.com\/pt-pt\/wp-json\/wp\/v2\/comments?post=216153"}],"wp:featuredmedia":[{"embeddable":true,"href":"https:\/\/revolutionpadelstore.com\/pt-pt\/wp-json\/wp\/v2\/media\/216142"}],"wp:attachment":[{"href":"https:\/\/revolutionpadelstore.com\/pt-pt\/wp-json\/wp\/v2\/media?parent=216153"}],"wp:term":[{"taxonomy":"acabado","embeddable":true,"href":"https:\/\/revolutionpadelstore.com\/pt-pt\/wp-json\/wp\/v2\/acabado?post=216153"},{"taxonomy":"balance","embeddable":true,"href":"https:\/\/revolutionpadelstore.com\/pt-pt\/wp-json\/wp\/v2\/balance?post=216153"},{"taxonomy":"dureza","embeddable":true,"href":"https:\/\/revolutionpadelstore.com\/pt-pt\/wp-json\/wp\/v2\/dureza?post=216153"},{"taxonomy":"forma","embeddable":true,"href":"https:\/\/revolutionpadelstore.com\/pt-pt\/wp-json\/wp\/v2\/forma?post=216153"},{"taxonomy":"jugador","embeddable":true,"href":"https:\/\/revolutionpadelstore.com\/pt-pt\/wp-json\/wp\/v2\/jugador?post=216153"},{"taxonomy":"marca","embeddable":true,"href":"https:\/\/revolutionpadelstore.com\/pt-pt\/wp-json\/wp\/v2\/marca?post=216153"},{"taxonomy":"nivel-de-juego","embeddable":true,"href":"https:\/\/revolutionpadelstore.com\/pt-pt\/wp-json\/wp\/v2\/nivel-de-juego?post=216153"},{"taxonomy":"superficie","embeddable":true,"href":"https:\/\/revolutionpadelstore.com\/pt-pt\/wp-json\/wp\/v2\/superficie?post=216153"},{"taxonomy":"tipo-de-juego","embeddable":true,"href":"https:\/\/revolutionpadelstore.com\/pt-pt\/wp-json\/wp\/v2\/tipo-de-juego?post=216153"},{"taxonomy":"product_brand","embeddable":true,"href":"https:\/\/revolutionpadelstore.com\/pt-pt\/wp-json\/wp\/v2\/product_brand?post=216153"},{"taxonomy":"product_cat","embeddable":true,"href":"https:\/\/revolutionpadelstore.com\/pt-pt\/wp-json\/wp\/v2\/product_cat?post=216153"},{"taxonomy":"product_tag","embeddable":true,"href":"https:\/\/revolutionpadelstore.com\/pt-pt\/wp-json\/wp\/v2\/product_tag?post=216153"}],"curies":[{"name":"wp","href":"https:\/\/api.w.org\/{rel}","templated":true}]}}