{"id":216073,"date":"2025-03-20T10:53:36","date_gmt":"2025-03-20T09:53:36","guid":{"rendered":"https:\/\/revolutionpadelstore.com\/cajon-72-pelotas-18-botes-de-4-uds-dunlop-tour-brillance\/"},"modified":"2026-04-08T05:33:16","modified_gmt":"2026-04-08T03:33:16","slug":"cajon-72-pelotas-18-botes-de-4-uds-dunlop-tour-brillance-5","status":"publish","type":"product","link":"https:\/\/revolutionpadelstore.com\/pt-pt\/produto\/cajon-72-pelotas-18-botes-de-4-uds-dunlop-tour-brillance-5\/","title":{"rendered":"CAJON 72 PELOTAS-18 BOTES DE 4 UDS-DUNLOP TOUR BRILLANCE"},"content":{"rendered":"<h2> Dunlop Tour Brilliance Tennis Balls <\/h2>\n<p>Descubra as bolas de brilho de Tour <strong> Dunlop <\/strong>, projetadas para oferecer desempenho excepcional, tanto na competi\u00e7\u00e3o quanto no treinamento. Essas bolas de t\u00eanis se destacam por sua alta durabilidade e maior visibilidade, gra\u00e7as \u00e0s seguintes tecnologias inovadoras:<br \/>\n<H2> <strong> tecnologias proeminentes <\/strong> <\/h2>\n<p><strong> -hi -vis <\/strong>: Com um corante especial mais reflexivo, o tecido dessas bolas \u00e9 10 % mais brilhante, garantindo uma melhor visibilidade na pista.<\/p>\n<p><strong> -hd n\u00facleo <\/strong>: n\u00facleo de alta densidade que garante durabilidade superior e desempenho constante em qualquer superf\u00edcie do jogo.<\/p>\n<h2> <strong> caracter\u00edsticas principais <\/strong> <\/h2>\n<p>-High Quality Pressurized obst\u00e1culos.<\/p>\n<p>-Excelente ambiente em todas as superf\u00edcies, adaptando -se a jogadores profissionais e amadores.<\/p>\n<p>-Design que otimiza a resist\u00eancia e a visibilidade.<\/p>\n<h2> <strong> op\u00e7\u00f5es de compra <\/strong> <\/h2>\n<p><strong> -pack x3 <\/strong>: ideal para itens ocasionais ou treinamento.<\/p>\n<p><strong> -Dunlop Tour Brilliance <\/strong>: 18 barcos com 4 bolas cada (total de 72 bolas), perfeitas para clubes e jogadores habituais.<br \/>\n<H2> <strong> Por que escolher o brilho da turn\u00ea Dunlop? <\/strong> <\/h2>\n<p>O Dunlop Tour Brilliance Balls n\u00e3o apenas se destaca por sua qualidade, mas \u00e9 projetado para melhorar cada golpe e se adaptar \u00e0s necessidades dos jogadores mais exigentes. Com o n\u00facleo do n\u00facleo HD e o pano de Felt Hi-Vis, voc\u00ea desfrutar\u00e1 de um jogo mais fluido, preciso e vis\u00edvel o tempo todo.<br \/>\n<H2> <strong> pegue -os agora! <\/strong> <\/h2>\n<p>Compre as bolas de t\u00eanis de brilho Dunlop Tour em nossa loja on -line <a href=\"https:\/\/www.revolutionpadelstore.com\/\"> www.revolutionpadelstore.com<\/p>\n<h2>Pelotas de Tenis Dunlop Tour Brilliance<\/h2>\n","protected":false},"excerpt":{"rendered":"<p>Dunlop Tour Brilliance Tennis Balls Descubra as bolas de brilho de Tour Dunlop , projetadas para oferecer desempenho excepcional, tanto na competi\u00e7\u00e3o quanto no treinamento. Essas bolas de t\u00eanis se destacam por sua alta durabilidade e maior visibilidade, gra\u00e7as \u00e0s seguintes tecnologias inovadoras: tecnologias proeminentes -hi -vis : Com um corante especial mais reflexivo, o [&hellip;]<\/p>\n","protected":false},"featured_media":267683,"comment_status":"open","ping_status":"closed","template":"","meta":{"_acf_changed":false,"_joinchat":[]},"acabado":[],"balance":[],"dureza":[],"forma":[],"jugador":[],"marca":[1210],"nivel-de-juego":[],"superficie":[],"tipo-de-juego":[],"product_brand":[],"product_cat":[604],"product_tag":[],"class_list":{"0":"post-216073","1":"product","2":"type-product","3":"status-publish","4":"has-post-thumbnail","6":"marca-dunlop-pt-pt","7":"product_cat-bolas","9":"first","10":"outofstock","11":"sale","12":"taxable","13":"shipping-taxable","14":"purchasable","15":"product-type-simple"},"acf":[],"yoast_head":"<!-- This site is optimized with the Yoast SEO plugin v27.4 - https:\/\/yoast.com\/product\/yoast-seo-wordpress\/ -->\n<title>CAJON 72 PELOTAS-18 BOTES DE 4 UDS-DUNLOP TOUR BRILLANCE - Revolution Padel Store<\/title>\n<meta name=\"description\" content=\"Compra las pelotas de tenis Dunlop Tour Brilliance en nuestra tienda online\u00a0www.revolutionpadelstore.com, probablemente al mejor precio del mercado\" \/>\n<meta name=\"robots\" content=\"index, follow, max-snippet:-1, max-image-preview:large, max-video-preview:-1\" \/>\n<link rel=\"canonical\" href=\"https:\/\/revolutionpadelstore.com\/pt-pt\/produto\/cajon-72-pelotas-18-botes-de-4-uds-dunlop-tour-brillance-5\/\" \/>\n<meta property=\"og:locale\" content=\"pt_PT\" \/>\n<meta property=\"og:type\" content=\"article\" \/>\n<meta property=\"og:title\" content=\"CAJON 72 PELOTAS-18 BOTES DE 4 UDS-DUNLOP TOUR BRILLANCE - Revolution Padel Store\" \/>\n<meta property=\"og:description\" content=\"Compra las pelotas de tenis Dunlop Tour Brilliance en nuestra tienda online\u00a0www.revolutionpadelstore.com, probablemente al mejor precio del mercado\" \/>\n<meta property=\"og:url\" content=\"https:\/\/revolutionpadelstore.com\/pt-pt\/produto\/cajon-72-pelotas-18-botes-de-4-uds-dunlop-tour-brillance-5\/\" \/>\n<meta property=\"og:site_name\" content=\"Revolution Padel Store\" \/>\n<meta property=\"article:modified_time\" content=\"2026-04-08T03:33:16+00:00\" \/>\n<meta property=\"og:image\" content=\"https:\/\/revolutionpadelstore.com\/wp-content\/uploads\/2025\/03\/364.png\" \/>\n\t<meta property=\"og:image:width\" content=\"1500\" \/>\n\t<meta property=\"og:image:height\" content=\"1500\" \/>\n\t<meta property=\"og:image:type\" content=\"image\/png\" \/>\n<meta name=\"twitter:card\" content=\"summary_large_image\" \/>\n<meta name=\"twitter:label1\" content=\"Tempo estimado de leitura\" \/>\n\t<meta name=\"twitter:data1\" content=\"2 minutos\" \/>\n<script type=\"application\/ld+json\" class=\"yoast-schema-graph\">{\"@context\":\"https:\\\/\\\/schema.org\",\"@graph\":[{\"@type\":\"WebPage\",\"@id\":\"https:\\\/\\\/revolutionpadelstore.com\\\/pt-pt\\\/produto\\\/cajon-72-pelotas-18-botes-de-4-uds-dunlop-tour-brillance-5\\\/\",\"url\":\"https:\\\/\\\/revolutionpadelstore.com\\\/pt-pt\\\/produto\\\/cajon-72-pelotas-18-botes-de-4-uds-dunlop-tour-brillance-5\\\/\",\"name\":\"CAJON 72 PELOTAS-18 BOTES DE 4 UDS-DUNLOP TOUR BRILLANCE - Revolution Padel Store\",\"isPartOf\":{\"@id\":\"https:\\\/\\\/revolutionpadelstore.com\\\/pt-pt\\\/#website\"},\"primaryImageOfPage\":{\"@id\":\"https:\\\/\\\/revolutionpadelstore.com\\\/pt-pt\\\/produto\\\/cajon-72-pelotas-18-botes-de-4-uds-dunlop-tour-brillance-5\\\/#primaryimage\"},\"image\":{\"@id\":\"https:\\\/\\\/revolutionpadelstore.com\\\/pt-pt\\\/produto\\\/cajon-72-pelotas-18-botes-de-4-uds-dunlop-tour-brillance-5\\\/#primaryimage\"},\"thumbnailUrl\":\"https:\\\/\\\/revolutionpadelstore.com\\\/wp-content\\\/uploads\\\/2025\\\/03\\\/364.png\",\"datePublished\":\"2025-03-20T09:53:36+00:00\",\"dateModified\":\"2026-04-08T03:33:16+00:00\",\"description\":\"Compra las pelotas de tenis Dunlop Tour Brilliance en nuestra tienda online\u00a0www.revolutionpadelstore.com, probablemente al mejor precio del mercado\",\"breadcrumb\":{\"@id\":\"https:\\\/\\\/revolutionpadelstore.com\\\/pt-pt\\\/produto\\\/cajon-72-pelotas-18-botes-de-4-uds-dunlop-tour-brillance-5\\\/#breadcrumb\"},\"inLanguage\":\"pt-PT\",\"potentialAction\":[{\"@type\":\"ReadAction\",\"target\":[\"https:\\\/\\\/revolutionpadelstore.com\\\/pt-pt\\\/produto\\\/cajon-72-pelotas-18-botes-de-4-uds-dunlop-tour-brillance-5\\\/\"]}]},{\"@type\":\"ImageObject\",\"inLanguage\":\"pt-PT\",\"@id\":\"https:\\\/\\\/revolutionpadelstore.com\\\/pt-pt\\\/produto\\\/cajon-72-pelotas-18-botes-de-4-uds-dunlop-tour-brillance-5\\\/#primaryimage\",\"url\":\"https:\\\/\\\/revolutionpadelstore.com\\\/wp-content\\\/uploads\\\/2025\\\/03\\\/364.png\",\"contentUrl\":\"https:\\\/\\\/revolutionpadelstore.com\\\/wp-content\\\/uploads\\\/2025\\\/03\\\/364.png\",\"width\":1500,\"height\":1500},{\"@type\":\"BreadcrumbList\",\"@id\":\"https:\\\/\\\/revolutionpadelstore.com\\\/pt-pt\\\/produto\\\/cajon-72-pelotas-18-botes-de-4-uds-dunlop-tour-brillance-5\\\/#breadcrumb\",\"itemListElement\":[{\"@type\":\"ListItem\",\"position\":1,\"name\":\"Portada\",\"item\":\"https:\\\/\\\/revolutionpadelstore.com\\\/pt-pt\\\/\"},{\"@type\":\"ListItem\",\"position\":2,\"name\":\"Tienda\",\"item\":\"https:\\\/\\\/revolutionpadelstore.com\\\/pt-pt\\\/tienda\\\/\"},{\"@type\":\"ListItem\",\"position\":3,\"name\":\"CAJON 72 PELOTAS-18 BOTES DE 4 UDS-DUNLOP TOUR BRILLANCE\"}]},{\"@type\":\"WebSite\",\"@id\":\"https:\\\/\\\/revolutionpadelstore.com\\\/pt-pt\\\/#website\",\"url\":\"https:\\\/\\\/revolutionpadelstore.com\\\/pt-pt\\\/\",\"name\":\"Revolution Padel Store\",\"description\":\"\",\"publisher\":{\"@id\":\"https:\\\/\\\/revolutionpadelstore.com\\\/pt-pt\\\/#organization\"},\"potentialAction\":[{\"@type\":\"SearchAction\",\"target\":{\"@type\":\"EntryPoint\",\"urlTemplate\":\"https:\\\/\\\/revolutionpadelstore.com\\\/pt-pt\\\/?s={search_term_string}\"},\"query-input\":{\"@type\":\"PropertyValueSpecification\",\"valueRequired\":true,\"valueName\":\"search_term_string\"}}],\"inLanguage\":\"pt-PT\"},{\"@type\":\"Organization\",\"@id\":\"https:\\\/\\\/revolutionpadelstore.com\\\/pt-pt\\\/#organization\",\"name\":\"Revolution Padel Store\",\"url\":\"https:\\\/\\\/revolutionpadelstore.com\\\/pt-pt\\\/\",\"logo\":{\"@type\":\"ImageObject\",\"inLanguage\":\"pt-PT\",\"@id\":\"https:\\\/\\\/revolutionpadelstore.com\\\/pt-pt\\\/#\\\/schema\\\/logo\\\/image\\\/\",\"url\":\"https:\\\/\\\/revolutionpadelstore.com\\\/wp-content\\\/uploads\\\/2026\\\/02\\\/revolution-padel-store.jpg\",\"contentUrl\":\"https:\\\/\\\/revolutionpadelstore.com\\\/wp-content\\\/uploads\\\/2026\\\/02\\\/revolution-padel-store.jpg\",\"width\":2000,\"height\":2000,\"caption\":\"Revolution Padel Store\"},\"image\":{\"@id\":\"https:\\\/\\\/revolutionpadelstore.com\\\/pt-pt\\\/#\\\/schema\\\/logo\\\/image\\\/\"},\"sameAs\":[\"https:\\\/\\\/www.instagram.com\\\/revolutionpadelstore\\\/\"]}]}<\/script>\n<!-- \/ Yoast SEO plugin. -->","yoast_head_json":{"title":"CAJON 72 PELOTAS-18 BOTES DE 4 UDS-DUNLOP TOUR BRILLANCE - Revolution Padel Store","description":"Compra las pelotas de tenis Dunlop Tour Brilliance en nuestra tienda online\u00a0www.revolutionpadelstore.com, probablemente al mejor precio del mercado","robots":{"index":"index","follow":"follow","max-snippet":"max-snippet:-1","max-image-preview":"max-image-preview:large","max-video-preview":"max-video-preview:-1"},"canonical":"https:\/\/revolutionpadelstore.com\/pt-pt\/produto\/cajon-72-pelotas-18-botes-de-4-uds-dunlop-tour-brillance-5\/","og_locale":"pt_PT","og_type":"article","og_title":"CAJON 72 PELOTAS-18 BOTES DE 4 UDS-DUNLOP TOUR BRILLANCE - Revolution Padel Store","og_description":"Compra las pelotas de tenis Dunlop Tour Brilliance en nuestra tienda online\u00a0www.revolutionpadelstore.com, probablemente al mejor precio del mercado","og_url":"https:\/\/revolutionpadelstore.com\/pt-pt\/produto\/cajon-72-pelotas-18-botes-de-4-uds-dunlop-tour-brillance-5\/","og_site_name":"Revolution Padel Store","article_modified_time":"2026-04-08T03:33:16+00:00","og_image":[{"width":1500,"height":1500,"url":"https:\/\/revolutionpadelstore.com\/wp-content\/uploads\/2025\/03\/364.png","type":"image\/png"}],"twitter_card":"summary_large_image","twitter_misc":{"Tempo estimado de leitura":"2 minutos"},"schema":{"@context":"https:\/\/schema.org","@graph":[{"@type":"WebPage","@id":"https:\/\/revolutionpadelstore.com\/pt-pt\/produto\/cajon-72-pelotas-18-botes-de-4-uds-dunlop-tour-brillance-5\/","url":"https:\/\/revolutionpadelstore.com\/pt-pt\/produto\/cajon-72-pelotas-18-botes-de-4-uds-dunlop-tour-brillance-5\/","name":"CAJON 72 PELOTAS-18 BOTES DE 4 UDS-DUNLOP TOUR BRILLANCE - Revolution Padel Store","isPartOf":{"@id":"https:\/\/revolutionpadelstore.com\/pt-pt\/#website"},"primaryImageOfPage":{"@id":"https:\/\/revolutionpadelstore.com\/pt-pt\/produto\/cajon-72-pelotas-18-botes-de-4-uds-dunlop-tour-brillance-5\/#primaryimage"},"image":{"@id":"https:\/\/revolutionpadelstore.com\/pt-pt\/produto\/cajon-72-pelotas-18-botes-de-4-uds-dunlop-tour-brillance-5\/#primaryimage"},"thumbnailUrl":"https:\/\/revolutionpadelstore.com\/wp-content\/uploads\/2025\/03\/364.png","datePublished":"2025-03-20T09:53:36+00:00","dateModified":"2026-04-08T03:33:16+00:00","description":"Compra las pelotas de tenis Dunlop Tour Brilliance en nuestra tienda online\u00a0www.revolutionpadelstore.com, probablemente al mejor precio del mercado","breadcrumb":{"@id":"https:\/\/revolutionpadelstore.com\/pt-pt\/produto\/cajon-72-pelotas-18-botes-de-4-uds-dunlop-tour-brillance-5\/#breadcrumb"},"inLanguage":"pt-PT","potentialAction":[{"@type":"ReadAction","target":["https:\/\/revolutionpadelstore.com\/pt-pt\/produto\/cajon-72-pelotas-18-botes-de-4-uds-dunlop-tour-brillance-5\/"]}]},{"@type":"ImageObject","inLanguage":"pt-PT","@id":"https:\/\/revolutionpadelstore.com\/pt-pt\/produto\/cajon-72-pelotas-18-botes-de-4-uds-dunlop-tour-brillance-5\/#primaryimage","url":"https:\/\/revolutionpadelstore.com\/wp-content\/uploads\/2025\/03\/364.png","contentUrl":"https:\/\/revolutionpadelstore.com\/wp-content\/uploads\/2025\/03\/364.png","width":1500,"height":1500},{"@type":"BreadcrumbList","@id":"https:\/\/revolutionpadelstore.com\/pt-pt\/produto\/cajon-72-pelotas-18-botes-de-4-uds-dunlop-tour-brillance-5\/#breadcrumb","itemListElement":[{"@type":"ListItem","position":1,"name":"Portada","item":"https:\/\/revolutionpadelstore.com\/pt-pt\/"},{"@type":"ListItem","position":2,"name":"Tienda","item":"https:\/\/revolutionpadelstore.com\/pt-pt\/tienda\/"},{"@type":"ListItem","position":3,"name":"CAJON 72 PELOTAS-18 BOTES DE 4 UDS-DUNLOP TOUR BRILLANCE"}]},{"@type":"WebSite","@id":"https:\/\/revolutionpadelstore.com\/pt-pt\/#website","url":"https:\/\/revolutionpadelstore.com\/pt-pt\/","name":"Revolution Padel Store","description":"","publisher":{"@id":"https:\/\/revolutionpadelstore.com\/pt-pt\/#organization"},"potentialAction":[{"@type":"SearchAction","target":{"@type":"EntryPoint","urlTemplate":"https:\/\/revolutionpadelstore.com\/pt-pt\/?s={search_term_string}"},"query-input":{"@type":"PropertyValueSpecification","valueRequired":true,"valueName":"search_term_string"}}],"inLanguage":"pt-PT"},{"@type":"Organization","@id":"https:\/\/revolutionpadelstore.com\/pt-pt\/#organization","name":"Revolution Padel Store","url":"https:\/\/revolutionpadelstore.com\/pt-pt\/","logo":{"@type":"ImageObject","inLanguage":"pt-PT","@id":"https:\/\/revolutionpadelstore.com\/pt-pt\/#\/schema\/logo\/image\/","url":"https:\/\/revolutionpadelstore.com\/wp-content\/uploads\/2026\/02\/revolution-padel-store.jpg","contentUrl":"https:\/\/revolutionpadelstore.com\/wp-content\/uploads\/2026\/02\/revolution-padel-store.jpg","width":2000,"height":2000,"caption":"Revolution Padel Store"},"image":{"@id":"https:\/\/revolutionpadelstore.com\/pt-pt\/#\/schema\/logo\/image\/"},"sameAs":["https:\/\/www.instagram.com\/revolutionpadelstore\/"]}]}},"_links":{"self":[{"href":"https:\/\/revolutionpadelstore.com\/pt-pt\/wp-json\/wp\/v2\/product\/216073","targetHints":{"allow":["GET"]}}],"collection":[{"href":"https:\/\/revolutionpadelstore.com\/pt-pt\/wp-json\/wp\/v2\/product"}],"about":[{"href":"https:\/\/revolutionpadelstore.com\/pt-pt\/wp-json\/wp\/v2\/types\/product"}],"replies":[{"embeddable":true,"href":"https:\/\/revolutionpadelstore.com\/pt-pt\/wp-json\/wp\/v2\/comments?post=216073"}],"wp:featuredmedia":[{"embeddable":true,"href":"https:\/\/revolutionpadelstore.com\/pt-pt\/wp-json\/wp\/v2\/media\/267683"}],"wp:attachment":[{"href":"https:\/\/revolutionpadelstore.com\/pt-pt\/wp-json\/wp\/v2\/media?parent=216073"}],"wp:term":[{"taxonomy":"acabado","embeddable":true,"href":"https:\/\/revolutionpadelstore.com\/pt-pt\/wp-json\/wp\/v2\/acabado?post=216073"},{"taxonomy":"balance","embeddable":true,"href":"https:\/\/revolutionpadelstore.com\/pt-pt\/wp-json\/wp\/v2\/balance?post=216073"},{"taxonomy":"dureza","embeddable":true,"href":"https:\/\/revolutionpadelstore.com\/pt-pt\/wp-json\/wp\/v2\/dureza?post=216073"},{"taxonomy":"forma","embeddable":true,"href":"https:\/\/revolutionpadelstore.com\/pt-pt\/wp-json\/wp\/v2\/forma?post=216073"},{"taxonomy":"jugador","embeddable":true,"href":"https:\/\/revolutionpadelstore.com\/pt-pt\/wp-json\/wp\/v2\/jugador?post=216073"},{"taxonomy":"marca","embeddable":true,"href":"https:\/\/revolutionpadelstore.com\/pt-pt\/wp-json\/wp\/v2\/marca?post=216073"},{"taxonomy":"nivel-de-juego","embeddable":true,"href":"https:\/\/revolutionpadelstore.com\/pt-pt\/wp-json\/wp\/v2\/nivel-de-juego?post=216073"},{"taxonomy":"superficie","embeddable":true,"href":"https:\/\/revolutionpadelstore.com\/pt-pt\/wp-json\/wp\/v2\/superficie?post=216073"},{"taxonomy":"tipo-de-juego","embeddable":true,"href":"https:\/\/revolutionpadelstore.com\/pt-pt\/wp-json\/wp\/v2\/tipo-de-juego?post=216073"},{"taxonomy":"product_brand","embeddable":true,"href":"https:\/\/revolutionpadelstore.com\/pt-pt\/wp-json\/wp\/v2\/product_brand?post=216073"},{"taxonomy":"product_cat","embeddable":true,"href":"https:\/\/revolutionpadelstore.com\/pt-pt\/wp-json\/wp\/v2\/product_cat?post=216073"},{"taxonomy":"product_tag","embeddable":true,"href":"https:\/\/revolutionpadelstore.com\/pt-pt\/wp-json\/wp\/v2\/product_tag?post=216073"}],"curies":[{"name":"wp","href":"https:\/\/api.w.org\/{rel}","templated":true}]}}