{"id":215453,"date":"2025-03-14T08:44:29","date_gmt":"2025-03-14T07:44:29","guid":{"rendered":"https:\/\/revolutionpadelstore.com\/falda-mizuno-harlem-hex-negra\/"},"modified":"2026-04-08T05:41:12","modified_gmt":"2026-04-08T03:41:12","slug":"falda-mizuno-harlem-hex-negra-5","status":"publish","type":"product","link":"https:\/\/revolutionpadelstore.com\/pt-pt\/produto\/falda-mizuno-harlem-hex-negra-5\/","title":{"rendered":"FALDA MIZUNO-HARLEM HEX NEGRA"},"content":{"rendered":"<p><H2> Mizuno-Harlem Hex Black 2025-Lightness and Track Performance <\/h2>\n<p>Descubra a saia Mizuno Hex Rect 2025, projetada para oferecer o m\u00e1ximo desempenho no piso da paddle. Feito com um tecido el\u00e1stico ultraleve de poli\u00e9ster, essa saia se adapta perfeitamente a cada movimento, fornecendo uma combina\u00e7\u00e3o excepcional de conforto e flexibilidade. Sua bainha ventilada garante a respirabilidade ideal, mantendo -o fresco, mesmo nos momentos mais intensos do jogo.<br \/>\n<H2> Benef\u00edcios -chave da habilidade Mizuno Hex 2025<br \/>\n<strong> -Maximal Confort and Freedom <\/strong> Movimento gra\u00e7as ao seu tecido el\u00e1stico.<\/p>\n<p><strong> -welling <\/strong> integrado para mais cobertura e ajuste seguro.<\/p>\n<p><strong> -drylite Technology <\/strong>: afaste a umidade e o suor, garantindo frescor e conforto.<\/p>\n<p><strong>-design -gunomia e estilizado <\/strong>, ideal para treinamento e competi\u00e7\u00e3o.<\/p>\n<p>Se voc\u00ea est\u00e1 procurando uma saia de remo que combine estilo, funcionalidade e desempenho, o Mizuno Hex Rect 2025 \u00e9 a sua melhor escolha. Dispon\u00edvel agora em nossa loja de revolu\u00e7\u00e3o da loja online (www.revolutionpadelstore.com), certamente pelo melhor pre\u00e7o de mercado!<\/p>\n<h2>Falda Mizuno-Harlem Hex Negra 2025 \u2013 Ligereza y rendimiento en la pista<\/h2>\n","protected":false},"excerpt":{"rendered":"<p>Saia esportiva para mulheres Mizuno Hex Rect, feito com um tecido el\u00e1stico e leve. Projetado com uma bainha ventilada que melhora a respirabilidade e as malhas internas que fornecem suporte e conforto.<\/p>\n","protected":false},"featured_media":215422,"comment_status":"open","ping_status":"closed","template":"","meta":{"_acf_changed":false,"_joinchat":[]},"acabado":[],"balance":[],"dureza":[],"forma":[],"jugador":[1195],"marca":[1235,1330],"nivel-de-juego":[],"superficie":[],"tipo-de-juego":[],"product_brand":[],"product_cat":[330],"product_tag":[],"class_list":{"0":"post-215453","1":"product","2":"type-product","3":"status-publish","4":"has-post-thumbnail","6":"jugador-mulher","7":"marca-harlem-padel-pt-pt","8":"marca-mizuno-pt-pt","9":"product_cat-roupa","11":"first","12":"outofstock","13":"sale","14":"taxable","15":"shipping-taxable","16":"purchasable","17":"product-type-variable"},"acf":[],"yoast_head":"<!-- This site is optimized with the Yoast SEO plugin v27.4 - https:\/\/yoast.com\/product\/yoast-seo-wordpress\/ -->\n<title>FALDA MIZUNO-HARLEM HEX NEGRA - Revolution Padel Store<\/title>\n<meta name=\"description\" content=\"Si buscas una falda de p\u00e1del que combine estilo, funcionalidad y rendimiento, la Mizuno Hex Rect 2025 es tu mejor elecci\u00f3n. Disponible ahora en nuestra tienda online Revolution Padel Store (www.revolutionpadelstore.com), \u00a1seguramente al mejor precio del mercado!\" \/>\n<meta name=\"robots\" content=\"index, follow, max-snippet:-1, max-image-preview:large, max-video-preview:-1\" \/>\n<link rel=\"canonical\" href=\"https:\/\/revolutionpadelstore.com\/pt-pt\/produto\/falda-mizuno-harlem-hex-negra-5\/\" \/>\n<meta property=\"og:locale\" content=\"pt_PT\" \/>\n<meta property=\"og:type\" content=\"article\" \/>\n<meta property=\"og:title\" content=\"FALDA MIZUNO-HARLEM HEX NEGRA - Revolution Padel Store\" \/>\n<meta property=\"og:description\" content=\"Si buscas una falda de p\u00e1del que combine estilo, funcionalidad y rendimiento, la Mizuno Hex Rect 2025 es tu mejor elecci\u00f3n. Disponible ahora en nuestra tienda online Revolution Padel Store (www.revolutionpadelstore.com), \u00a1seguramente al mejor precio del mercado!\" \/>\n<meta property=\"og:url\" content=\"https:\/\/revolutionpadelstore.com\/pt-pt\/produto\/falda-mizuno-harlem-hex-negra-5\/\" \/>\n<meta property=\"og:site_name\" content=\"Revolution Padel Store\" \/>\n<meta property=\"article:modified_time\" content=\"2026-04-08T03:41:12+00:00\" \/>\n<meta property=\"og:image\" content=\"https:\/\/revolutionpadelstore.com\/wp-content\/uploads\/2025\/03\/181.png\" \/>\n\t<meta property=\"og:image:width\" content=\"1500\" \/>\n\t<meta property=\"og:image:height\" content=\"1500\" \/>\n\t<meta property=\"og:image:type\" content=\"image\/png\" \/>\n<meta name=\"twitter:card\" content=\"summary_large_image\" \/>\n<meta name=\"twitter:label1\" content=\"Tempo estimado de leitura\" \/>\n\t<meta name=\"twitter:data1\" content=\"1 minuto\" \/>\n<script type=\"application\/ld+json\" class=\"yoast-schema-graph\">{\"@context\":\"https:\\\/\\\/schema.org\",\"@graph\":[{\"@type\":\"WebPage\",\"@id\":\"https:\\\/\\\/revolutionpadelstore.com\\\/pt-pt\\\/produto\\\/falda-mizuno-harlem-hex-negra-5\\\/\",\"url\":\"https:\\\/\\\/revolutionpadelstore.com\\\/pt-pt\\\/produto\\\/falda-mizuno-harlem-hex-negra-5\\\/\",\"name\":\"FALDA MIZUNO-HARLEM HEX NEGRA - Revolution Padel Store\",\"isPartOf\":{\"@id\":\"https:\\\/\\\/revolutionpadelstore.com\\\/pt-pt\\\/#website\"},\"primaryImageOfPage\":{\"@id\":\"https:\\\/\\\/revolutionpadelstore.com\\\/pt-pt\\\/produto\\\/falda-mizuno-harlem-hex-negra-5\\\/#primaryimage\"},\"image\":{\"@id\":\"https:\\\/\\\/revolutionpadelstore.com\\\/pt-pt\\\/produto\\\/falda-mizuno-harlem-hex-negra-5\\\/#primaryimage\"},\"thumbnailUrl\":\"https:\\\/\\\/revolutionpadelstore.com\\\/wp-content\\\/uploads\\\/2025\\\/03\\\/181.png\",\"datePublished\":\"2025-03-14T07:44:29+00:00\",\"dateModified\":\"2026-04-08T03:41:12+00:00\",\"description\":\"Si buscas una falda de p\u00e1del que combine estilo, funcionalidad y rendimiento, la Mizuno Hex Rect 2025 es tu mejor elecci\u00f3n. Disponible ahora en nuestra tienda online Revolution Padel Store (www.revolutionpadelstore.com), \u00a1seguramente al mejor precio del mercado!\",\"breadcrumb\":{\"@id\":\"https:\\\/\\\/revolutionpadelstore.com\\\/pt-pt\\\/produto\\\/falda-mizuno-harlem-hex-negra-5\\\/#breadcrumb\"},\"inLanguage\":\"pt-PT\",\"potentialAction\":[{\"@type\":\"ReadAction\",\"target\":[\"https:\\\/\\\/revolutionpadelstore.com\\\/pt-pt\\\/produto\\\/falda-mizuno-harlem-hex-negra-5\\\/\"]}]},{\"@type\":\"ImageObject\",\"inLanguage\":\"pt-PT\",\"@id\":\"https:\\\/\\\/revolutionpadelstore.com\\\/pt-pt\\\/produto\\\/falda-mizuno-harlem-hex-negra-5\\\/#primaryimage\",\"url\":\"https:\\\/\\\/revolutionpadelstore.com\\\/wp-content\\\/uploads\\\/2025\\\/03\\\/181.png\",\"contentUrl\":\"https:\\\/\\\/revolutionpadelstore.com\\\/wp-content\\\/uploads\\\/2025\\\/03\\\/181.png\",\"width\":1500,\"height\":1500},{\"@type\":\"BreadcrumbList\",\"@id\":\"https:\\\/\\\/revolutionpadelstore.com\\\/pt-pt\\\/produto\\\/falda-mizuno-harlem-hex-negra-5\\\/#breadcrumb\",\"itemListElement\":[{\"@type\":\"ListItem\",\"position\":1,\"name\":\"Portada\",\"item\":\"https:\\\/\\\/revolutionpadelstore.com\\\/pt-pt\\\/\"},{\"@type\":\"ListItem\",\"position\":2,\"name\":\"Tienda\",\"item\":\"https:\\\/\\\/revolutionpadelstore.com\\\/pt-pt\\\/tienda\\\/\"},{\"@type\":\"ListItem\",\"position\":3,\"name\":\"FALDA MIZUNO-HARLEM HEX NEGRA\"}]},{\"@type\":\"WebSite\",\"@id\":\"https:\\\/\\\/revolutionpadelstore.com\\\/pt-pt\\\/#website\",\"url\":\"https:\\\/\\\/revolutionpadelstore.com\\\/pt-pt\\\/\",\"name\":\"Revolution Padel Store\",\"description\":\"\",\"publisher\":{\"@id\":\"https:\\\/\\\/revolutionpadelstore.com\\\/pt-pt\\\/#organization\"},\"potentialAction\":[{\"@type\":\"SearchAction\",\"target\":{\"@type\":\"EntryPoint\",\"urlTemplate\":\"https:\\\/\\\/revolutionpadelstore.com\\\/pt-pt\\\/?s={search_term_string}\"},\"query-input\":{\"@type\":\"PropertyValueSpecification\",\"valueRequired\":true,\"valueName\":\"search_term_string\"}}],\"inLanguage\":\"pt-PT\"},{\"@type\":\"Organization\",\"@id\":\"https:\\\/\\\/revolutionpadelstore.com\\\/pt-pt\\\/#organization\",\"name\":\"Revolution Padel Store\",\"url\":\"https:\\\/\\\/revolutionpadelstore.com\\\/pt-pt\\\/\",\"logo\":{\"@type\":\"ImageObject\",\"inLanguage\":\"pt-PT\",\"@id\":\"https:\\\/\\\/revolutionpadelstore.com\\\/pt-pt\\\/#\\\/schema\\\/logo\\\/image\\\/\",\"url\":\"https:\\\/\\\/revolutionpadelstore.com\\\/wp-content\\\/uploads\\\/2026\\\/02\\\/revolution-padel-store.jpg\",\"contentUrl\":\"https:\\\/\\\/revolutionpadelstore.com\\\/wp-content\\\/uploads\\\/2026\\\/02\\\/revolution-padel-store.jpg\",\"width\":2000,\"height\":2000,\"caption\":\"Revolution Padel Store\"},\"image\":{\"@id\":\"https:\\\/\\\/revolutionpadelstore.com\\\/pt-pt\\\/#\\\/schema\\\/logo\\\/image\\\/\"},\"sameAs\":[\"https:\\\/\\\/www.instagram.com\\\/revolutionpadelstore\\\/\"]}]}<\/script>\n<!-- \/ Yoast SEO plugin. -->","yoast_head_json":{"title":"FALDA MIZUNO-HARLEM HEX NEGRA - Revolution Padel Store","description":"Si buscas una falda de p\u00e1del que combine estilo, funcionalidad y rendimiento, la Mizuno Hex Rect 2025 es tu mejor elecci\u00f3n. Disponible ahora en nuestra tienda online Revolution Padel Store (www.revolutionpadelstore.com), \u00a1seguramente al mejor precio del mercado!","robots":{"index":"index","follow":"follow","max-snippet":"max-snippet:-1","max-image-preview":"max-image-preview:large","max-video-preview":"max-video-preview:-1"},"canonical":"https:\/\/revolutionpadelstore.com\/pt-pt\/produto\/falda-mizuno-harlem-hex-negra-5\/","og_locale":"pt_PT","og_type":"article","og_title":"FALDA MIZUNO-HARLEM HEX NEGRA - Revolution Padel Store","og_description":"Si buscas una falda de p\u00e1del que combine estilo, funcionalidad y rendimiento, la Mizuno Hex Rect 2025 es tu mejor elecci\u00f3n. Disponible ahora en nuestra tienda online Revolution Padel Store (www.revolutionpadelstore.com), \u00a1seguramente al mejor precio del mercado!","og_url":"https:\/\/revolutionpadelstore.com\/pt-pt\/produto\/falda-mizuno-harlem-hex-negra-5\/","og_site_name":"Revolution Padel Store","article_modified_time":"2026-04-08T03:41:12+00:00","og_image":[{"width":1500,"height":1500,"url":"https:\/\/revolutionpadelstore.com\/wp-content\/uploads\/2025\/03\/181.png","type":"image\/png"}],"twitter_card":"summary_large_image","twitter_misc":{"Tempo estimado de leitura":"1 minuto"},"schema":{"@context":"https:\/\/schema.org","@graph":[{"@type":"WebPage","@id":"https:\/\/revolutionpadelstore.com\/pt-pt\/produto\/falda-mizuno-harlem-hex-negra-5\/","url":"https:\/\/revolutionpadelstore.com\/pt-pt\/produto\/falda-mizuno-harlem-hex-negra-5\/","name":"FALDA MIZUNO-HARLEM HEX NEGRA - Revolution Padel Store","isPartOf":{"@id":"https:\/\/revolutionpadelstore.com\/pt-pt\/#website"},"primaryImageOfPage":{"@id":"https:\/\/revolutionpadelstore.com\/pt-pt\/produto\/falda-mizuno-harlem-hex-negra-5\/#primaryimage"},"image":{"@id":"https:\/\/revolutionpadelstore.com\/pt-pt\/produto\/falda-mizuno-harlem-hex-negra-5\/#primaryimage"},"thumbnailUrl":"https:\/\/revolutionpadelstore.com\/wp-content\/uploads\/2025\/03\/181.png","datePublished":"2025-03-14T07:44:29+00:00","dateModified":"2026-04-08T03:41:12+00:00","description":"Si buscas una falda de p\u00e1del que combine estilo, funcionalidad y rendimiento, la Mizuno Hex Rect 2025 es tu mejor elecci\u00f3n. Disponible ahora en nuestra tienda online Revolution Padel Store (www.revolutionpadelstore.com), \u00a1seguramente al mejor precio del mercado!","breadcrumb":{"@id":"https:\/\/revolutionpadelstore.com\/pt-pt\/produto\/falda-mizuno-harlem-hex-negra-5\/#breadcrumb"},"inLanguage":"pt-PT","potentialAction":[{"@type":"ReadAction","target":["https:\/\/revolutionpadelstore.com\/pt-pt\/produto\/falda-mizuno-harlem-hex-negra-5\/"]}]},{"@type":"ImageObject","inLanguage":"pt-PT","@id":"https:\/\/revolutionpadelstore.com\/pt-pt\/produto\/falda-mizuno-harlem-hex-negra-5\/#primaryimage","url":"https:\/\/revolutionpadelstore.com\/wp-content\/uploads\/2025\/03\/181.png","contentUrl":"https:\/\/revolutionpadelstore.com\/wp-content\/uploads\/2025\/03\/181.png","width":1500,"height":1500},{"@type":"BreadcrumbList","@id":"https:\/\/revolutionpadelstore.com\/pt-pt\/produto\/falda-mizuno-harlem-hex-negra-5\/#breadcrumb","itemListElement":[{"@type":"ListItem","position":1,"name":"Portada","item":"https:\/\/revolutionpadelstore.com\/pt-pt\/"},{"@type":"ListItem","position":2,"name":"Tienda","item":"https:\/\/revolutionpadelstore.com\/pt-pt\/tienda\/"},{"@type":"ListItem","position":3,"name":"FALDA MIZUNO-HARLEM HEX NEGRA"}]},{"@type":"WebSite","@id":"https:\/\/revolutionpadelstore.com\/pt-pt\/#website","url":"https:\/\/revolutionpadelstore.com\/pt-pt\/","name":"Revolution Padel Store","description":"","publisher":{"@id":"https:\/\/revolutionpadelstore.com\/pt-pt\/#organization"},"potentialAction":[{"@type":"SearchAction","target":{"@type":"EntryPoint","urlTemplate":"https:\/\/revolutionpadelstore.com\/pt-pt\/?s={search_term_string}"},"query-input":{"@type":"PropertyValueSpecification","valueRequired":true,"valueName":"search_term_string"}}],"inLanguage":"pt-PT"},{"@type":"Organization","@id":"https:\/\/revolutionpadelstore.com\/pt-pt\/#organization","name":"Revolution Padel Store","url":"https:\/\/revolutionpadelstore.com\/pt-pt\/","logo":{"@type":"ImageObject","inLanguage":"pt-PT","@id":"https:\/\/revolutionpadelstore.com\/pt-pt\/#\/schema\/logo\/image\/","url":"https:\/\/revolutionpadelstore.com\/wp-content\/uploads\/2026\/02\/revolution-padel-store.jpg","contentUrl":"https:\/\/revolutionpadelstore.com\/wp-content\/uploads\/2026\/02\/revolution-padel-store.jpg","width":2000,"height":2000,"caption":"Revolution Padel Store"},"image":{"@id":"https:\/\/revolutionpadelstore.com\/pt-pt\/#\/schema\/logo\/image\/"},"sameAs":["https:\/\/www.instagram.com\/revolutionpadelstore\/"]}]}},"_links":{"self":[{"href":"https:\/\/revolutionpadelstore.com\/pt-pt\/wp-json\/wp\/v2\/product\/215453","targetHints":{"allow":["GET"]}}],"collection":[{"href":"https:\/\/revolutionpadelstore.com\/pt-pt\/wp-json\/wp\/v2\/product"}],"about":[{"href":"https:\/\/revolutionpadelstore.com\/pt-pt\/wp-json\/wp\/v2\/types\/product"}],"replies":[{"embeddable":true,"href":"https:\/\/revolutionpadelstore.com\/pt-pt\/wp-json\/wp\/v2\/comments?post=215453"}],"wp:featuredmedia":[{"embeddable":true,"href":"https:\/\/revolutionpadelstore.com\/pt-pt\/wp-json\/wp\/v2\/media\/215422"}],"wp:attachment":[{"href":"https:\/\/revolutionpadelstore.com\/pt-pt\/wp-json\/wp\/v2\/media?parent=215453"}],"wp:term":[{"taxonomy":"acabado","embeddable":true,"href":"https:\/\/revolutionpadelstore.com\/pt-pt\/wp-json\/wp\/v2\/acabado?post=215453"},{"taxonomy":"balance","embeddable":true,"href":"https:\/\/revolutionpadelstore.com\/pt-pt\/wp-json\/wp\/v2\/balance?post=215453"},{"taxonomy":"dureza","embeddable":true,"href":"https:\/\/revolutionpadelstore.com\/pt-pt\/wp-json\/wp\/v2\/dureza?post=215453"},{"taxonomy":"forma","embeddable":true,"href":"https:\/\/revolutionpadelstore.com\/pt-pt\/wp-json\/wp\/v2\/forma?post=215453"},{"taxonomy":"jugador","embeddable":true,"href":"https:\/\/revolutionpadelstore.com\/pt-pt\/wp-json\/wp\/v2\/jugador?post=215453"},{"taxonomy":"marca","embeddable":true,"href":"https:\/\/revolutionpadelstore.com\/pt-pt\/wp-json\/wp\/v2\/marca?post=215453"},{"taxonomy":"nivel-de-juego","embeddable":true,"href":"https:\/\/revolutionpadelstore.com\/pt-pt\/wp-json\/wp\/v2\/nivel-de-juego?post=215453"},{"taxonomy":"superficie","embeddable":true,"href":"https:\/\/revolutionpadelstore.com\/pt-pt\/wp-json\/wp\/v2\/superficie?post=215453"},{"taxonomy":"tipo-de-juego","embeddable":true,"href":"https:\/\/revolutionpadelstore.com\/pt-pt\/wp-json\/wp\/v2\/tipo-de-juego?post=215453"},{"taxonomy":"product_brand","embeddable":true,"href":"https:\/\/revolutionpadelstore.com\/pt-pt\/wp-json\/wp\/v2\/product_brand?post=215453"},{"taxonomy":"product_cat","embeddable":true,"href":"https:\/\/revolutionpadelstore.com\/pt-pt\/wp-json\/wp\/v2\/product_cat?post=215453"},{"taxonomy":"product_tag","embeddable":true,"href":"https:\/\/revolutionpadelstore.com\/pt-pt\/wp-json\/wp\/v2\/product_tag?post=215453"}],"curies":[{"name":"wp","href":"https:\/\/api.w.org\/{rel}","templated":true}]}}