{"id":214822,"date":"2025-03-12T18:45:52","date_gmt":"2025-03-12T17:45:52","guid":{"rendered":"https:\/\/revolutionpadelstore.com\/camiseta-bullpadel-dinneno-25v-090\/"},"modified":"2026-04-08T05:50:10","modified_gmt":"2026-04-08T03:50:10","slug":"camiseta-bullpadel-dinneno-25v-090-5","status":"publish","type":"product","link":"https:\/\/revolutionpadelstore.com\/pt-pt\/produto\/camiseta-bullpadel-dinneno-25v-090-5\/","title":{"rendered":"CAMISETA BULLPADEL DINNENO 25V 090"},"content":{"rendered":"<p><H2> Dinneno 25V Bullpadel T -Shirt &#8211; Performance e estilo na pista <\/h2>\n<p>O <strong> bullpadel Dinneno 25V <\/strong> \u00e9 o oficial <strong> Mart\u00edn Di Nenno <\/strong>, projetado para jogadores de paddle que procuram <strong> desempenho m\u00e1ximo, conforto e respirabilidade <\/strong> em cada jogo. Seu tecido el\u00e1stico de alta qualidade se adapta ao corpo para oferecer liberdade de movimento, enquanto sua tecnologia de secagem r\u00e1pida mant\u00e9m a pele fresca e seca, mesmo nos encontros mais intensos.<\/p>\n<p>Seu <strong> curto e design de pesco\u00e7o na caixa <\/strong> fornece um esporte e um ajuste estilizado, ideal para treinamento e competi\u00e7\u00f5es. Al\u00e9m disso, ele incorpora detalhes inspirados no estilo de jogo <strong> Di Nenno <\/strong>, com os <strong> patrocinadores oficiais <\/strong> que o acompanham no circuito profissional.<br \/>\n<H2> caracter\u00edsticas pendentes <\/h2>\n<p>-tecido el\u00e1stico e respir\u00e1vel: mobilidade e conforto m\u00e1ximo na pista.<br \/>\n-Prie Tecnologia de secagem: evita o ac\u00famulo de suor por uma sensa\u00e7\u00e3o de frescura duradoura.<br \/>\n-O oficial de Mart\u00edn Di Nenno: com os logotipos de seus patrocinadores.<br \/>\n-O material Jacquard de alta qualidade: fornece resist\u00eancia e durabilidade.<br \/>\n-Sports Ajustamento: ideal para partidos de alta intensidade e treinamento exigente. <\/p>\n<p>Fabricado com <strong> 87% de poli\u00e9ster e 13% de elast\u00e1n <\/strong>, esta camisa oferece uma combina\u00e7\u00e3o perfeita entre <strong> respirabilidade, elasticidade e resist\u00eancia <\/strong>, garantindo uma roupa de alto desempenho para os amantes da remo.<\/p>\n<p>Brinque com o estilo dos profissionais e aumente seu n\u00edvel na pista! Find the <strong> Bullpadel Dinneno 25V <\/strong> available in our online store &lt;a href = &quot;https:\/\/chatgpt.com\/g\/g-675432e026888191B6ee6d6f2fdbb15e-optimization-textos\/c\/www.revolutionpadelstore.com&quot; Market <\/strong>.<\/p>\n<h2>Camiseta Bullpadel Dinneno 25V \u2013 Rendimiento y estilo en la pista<\/h2>\n","protected":false},"excerpt":{"rendered":"<p>O bullpadel Dinneno 25V \u00e9 a camisa oficial de Mart\u00edn Di Nenno, feita com um tecido el\u00e1stico de secagem r\u00e1pida e um design de alto desempenho.<\/p>\n","protected":false},"featured_media":214755,"comment_status":"open","ping_status":"closed","template":"","meta":{"_acf_changed":false,"_joinchat":[]},"acabado":[],"balance":[],"dureza":[],"forma":[],"jugador":[1190],"marca":[1255],"nivel-de-juego":[],"superficie":[],"tipo-de-juego":[],"product_brand":[],"product_cat":[330,331],"product_tag":[],"class_list":{"0":"post-214822","1":"product","2":"type-product","3":"status-publish","4":"has-post-thumbnail","6":"jugador-homem","7":"marca-bullpadel-pt-pt","8":"product_cat-roupa","9":"product_cat-roupa-de-jogadores-premier","11":"first","12":"outofstock","13":"sale","14":"taxable","15":"shipping-taxable","16":"purchasable","17":"product-type-variable"},"acf":[],"yoast_head":"<!-- This site is optimized with the Yoast SEO plugin v27.4 - https:\/\/yoast.com\/product\/yoast-seo-wordpress\/ -->\n<title>CAMISETA BULLPADEL DINNENO 25V 090 - Revolution Padel Store<\/title>\n<meta name=\"description\" content=\"Descubre la camiseta Bullpadel Dinneno 25V, el modelo oficial de Mart\u00edn Di Nenno. Dise\u00f1o transpirable, tejido el\u00e1stico y secado r\u00e1pido. \u00a1C\u00f3mprala al mejor precio en Revolution Padel Store!\" \/>\n<meta name=\"robots\" content=\"index, follow, max-snippet:-1, max-image-preview:large, max-video-preview:-1\" \/>\n<link rel=\"canonical\" href=\"https:\/\/revolutionpadelstore.com\/pt-pt\/produto\/camiseta-bullpadel-dinneno-25v-090-5\/\" \/>\n<meta property=\"og:locale\" content=\"pt_PT\" \/>\n<meta property=\"og:type\" content=\"article\" \/>\n<meta property=\"og:title\" content=\"CAMISETA BULLPADEL DINNENO 25V 090 - Revolution Padel Store\" \/>\n<meta property=\"og:description\" content=\"Descubre la camiseta Bullpadel Dinneno 25V, el modelo oficial de Mart\u00edn Di Nenno. Dise\u00f1o transpirable, tejido el\u00e1stico y secado r\u00e1pido. \u00a1C\u00f3mprala al mejor precio en Revolution Padel Store!\" \/>\n<meta property=\"og:url\" content=\"https:\/\/revolutionpadelstore.com\/pt-pt\/produto\/camiseta-bullpadel-dinneno-25v-090-5\/\" \/>\n<meta property=\"og:site_name\" content=\"Revolution Padel Store\" \/>\n<meta property=\"article:modified_time\" content=\"2026-04-08T03:50:10+00:00\" \/>\n<meta property=\"og:image\" content=\"https:\/\/revolutionpadelstore.com\/wp-content\/uploads\/2025\/03\/114249-camiseta-bullpadel-dinneno-25v-090-gris-perla-1200x1200-1.webp\" \/>\n\t<meta property=\"og:image:width\" content=\"1200\" \/>\n\t<meta property=\"og:image:height\" content=\"1200\" \/>\n\t<meta property=\"og:image:type\" content=\"image\/webp\" \/>\n<meta name=\"twitter:card\" content=\"summary_large_image\" \/>\n<meta name=\"twitter:label1\" content=\"Tempo estimado de leitura\" \/>\n\t<meta name=\"twitter:data1\" content=\"2 minutos\" \/>\n<script type=\"application\/ld+json\" class=\"yoast-schema-graph\">{\"@context\":\"https:\\\/\\\/schema.org\",\"@graph\":[{\"@type\":\"WebPage\",\"@id\":\"https:\\\/\\\/revolutionpadelstore.com\\\/pt-pt\\\/produto\\\/camiseta-bullpadel-dinneno-25v-090-5\\\/\",\"url\":\"https:\\\/\\\/revolutionpadelstore.com\\\/pt-pt\\\/produto\\\/camiseta-bullpadel-dinneno-25v-090-5\\\/\",\"name\":\"CAMISETA BULLPADEL DINNENO 25V 090 - Revolution Padel Store\",\"isPartOf\":{\"@id\":\"https:\\\/\\\/revolutionpadelstore.com\\\/pt-pt\\\/#website\"},\"primaryImageOfPage\":{\"@id\":\"https:\\\/\\\/revolutionpadelstore.com\\\/pt-pt\\\/produto\\\/camiseta-bullpadel-dinneno-25v-090-5\\\/#primaryimage\"},\"image\":{\"@id\":\"https:\\\/\\\/revolutionpadelstore.com\\\/pt-pt\\\/produto\\\/camiseta-bullpadel-dinneno-25v-090-5\\\/#primaryimage\"},\"thumbnailUrl\":\"https:\\\/\\\/revolutionpadelstore.com\\\/wp-content\\\/uploads\\\/2025\\\/03\\\/114249-camiseta-bullpadel-dinneno-25v-090-gris-perla-1200x1200-1.webp\",\"datePublished\":\"2025-03-12T17:45:52+00:00\",\"dateModified\":\"2026-04-08T03:50:10+00:00\",\"description\":\"Descubre la camiseta Bullpadel Dinneno 25V, el modelo oficial de Mart\u00edn Di Nenno. Dise\u00f1o transpirable, tejido el\u00e1stico y secado r\u00e1pido. \u00a1C\u00f3mprala al mejor precio en Revolution Padel Store!\",\"breadcrumb\":{\"@id\":\"https:\\\/\\\/revolutionpadelstore.com\\\/pt-pt\\\/produto\\\/camiseta-bullpadel-dinneno-25v-090-5\\\/#breadcrumb\"},\"inLanguage\":\"pt-PT\",\"potentialAction\":[{\"@type\":\"ReadAction\",\"target\":[\"https:\\\/\\\/revolutionpadelstore.com\\\/pt-pt\\\/produto\\\/camiseta-bullpadel-dinneno-25v-090-5\\\/\"]}]},{\"@type\":\"ImageObject\",\"inLanguage\":\"pt-PT\",\"@id\":\"https:\\\/\\\/revolutionpadelstore.com\\\/pt-pt\\\/produto\\\/camiseta-bullpadel-dinneno-25v-090-5\\\/#primaryimage\",\"url\":\"https:\\\/\\\/revolutionpadelstore.com\\\/wp-content\\\/uploads\\\/2025\\\/03\\\/114249-camiseta-bullpadel-dinneno-25v-090-gris-perla-1200x1200-1.webp\",\"contentUrl\":\"https:\\\/\\\/revolutionpadelstore.com\\\/wp-content\\\/uploads\\\/2025\\\/03\\\/114249-camiseta-bullpadel-dinneno-25v-090-gris-perla-1200x1200-1.webp\",\"width\":1200,\"height\":1200},{\"@type\":\"BreadcrumbList\",\"@id\":\"https:\\\/\\\/revolutionpadelstore.com\\\/pt-pt\\\/produto\\\/camiseta-bullpadel-dinneno-25v-090-5\\\/#breadcrumb\",\"itemListElement\":[{\"@type\":\"ListItem\",\"position\":1,\"name\":\"Portada\",\"item\":\"https:\\\/\\\/revolutionpadelstore.com\\\/pt-pt\\\/\"},{\"@type\":\"ListItem\",\"position\":2,\"name\":\"Tienda\",\"item\":\"https:\\\/\\\/revolutionpadelstore.com\\\/pt-pt\\\/tienda\\\/\"},{\"@type\":\"ListItem\",\"position\":3,\"name\":\"CAMISETA BULLPADEL DINNENO 25V 090\"}]},{\"@type\":\"WebSite\",\"@id\":\"https:\\\/\\\/revolutionpadelstore.com\\\/pt-pt\\\/#website\",\"url\":\"https:\\\/\\\/revolutionpadelstore.com\\\/pt-pt\\\/\",\"name\":\"Revolution Padel Store\",\"description\":\"\",\"publisher\":{\"@id\":\"https:\\\/\\\/revolutionpadelstore.com\\\/pt-pt\\\/#organization\"},\"potentialAction\":[{\"@type\":\"SearchAction\",\"target\":{\"@type\":\"EntryPoint\",\"urlTemplate\":\"https:\\\/\\\/revolutionpadelstore.com\\\/pt-pt\\\/?s={search_term_string}\"},\"query-input\":{\"@type\":\"PropertyValueSpecification\",\"valueRequired\":true,\"valueName\":\"search_term_string\"}}],\"inLanguage\":\"pt-PT\"},{\"@type\":\"Organization\",\"@id\":\"https:\\\/\\\/revolutionpadelstore.com\\\/pt-pt\\\/#organization\",\"name\":\"Revolution Padel Store\",\"url\":\"https:\\\/\\\/revolutionpadelstore.com\\\/pt-pt\\\/\",\"logo\":{\"@type\":\"ImageObject\",\"inLanguage\":\"pt-PT\",\"@id\":\"https:\\\/\\\/revolutionpadelstore.com\\\/pt-pt\\\/#\\\/schema\\\/logo\\\/image\\\/\",\"url\":\"https:\\\/\\\/revolutionpadelstore.com\\\/wp-content\\\/uploads\\\/2026\\\/02\\\/revolution-padel-store.jpg\",\"contentUrl\":\"https:\\\/\\\/revolutionpadelstore.com\\\/wp-content\\\/uploads\\\/2026\\\/02\\\/revolution-padel-store.jpg\",\"width\":2000,\"height\":2000,\"caption\":\"Revolution Padel Store\"},\"image\":{\"@id\":\"https:\\\/\\\/revolutionpadelstore.com\\\/pt-pt\\\/#\\\/schema\\\/logo\\\/image\\\/\"},\"sameAs\":[\"https:\\\/\\\/www.instagram.com\\\/revolutionpadelstore\\\/\"]}]}<\/script>\n<!-- \/ Yoast SEO plugin. -->","yoast_head_json":{"title":"CAMISETA BULLPADEL DINNENO 25V 090 - Revolution Padel Store","description":"Descubre la camiseta Bullpadel Dinneno 25V, el modelo oficial de Mart\u00edn Di Nenno. Dise\u00f1o transpirable, tejido el\u00e1stico y secado r\u00e1pido. \u00a1C\u00f3mprala al mejor precio en Revolution Padel Store!","robots":{"index":"index","follow":"follow","max-snippet":"max-snippet:-1","max-image-preview":"max-image-preview:large","max-video-preview":"max-video-preview:-1"},"canonical":"https:\/\/revolutionpadelstore.com\/pt-pt\/produto\/camiseta-bullpadel-dinneno-25v-090-5\/","og_locale":"pt_PT","og_type":"article","og_title":"CAMISETA BULLPADEL DINNENO 25V 090 - Revolution Padel Store","og_description":"Descubre la camiseta Bullpadel Dinneno 25V, el modelo oficial de Mart\u00edn Di Nenno. Dise\u00f1o transpirable, tejido el\u00e1stico y secado r\u00e1pido. \u00a1C\u00f3mprala al mejor precio en Revolution Padel Store!","og_url":"https:\/\/revolutionpadelstore.com\/pt-pt\/produto\/camiseta-bullpadel-dinneno-25v-090-5\/","og_site_name":"Revolution Padel Store","article_modified_time":"2026-04-08T03:50:10+00:00","og_image":[{"width":1200,"height":1200,"url":"https:\/\/revolutionpadelstore.com\/wp-content\/uploads\/2025\/03\/114249-camiseta-bullpadel-dinneno-25v-090-gris-perla-1200x1200-1.webp","type":"image\/webp"}],"twitter_card":"summary_large_image","twitter_misc":{"Tempo estimado de leitura":"2 minutos"},"schema":{"@context":"https:\/\/schema.org","@graph":[{"@type":"WebPage","@id":"https:\/\/revolutionpadelstore.com\/pt-pt\/produto\/camiseta-bullpadel-dinneno-25v-090-5\/","url":"https:\/\/revolutionpadelstore.com\/pt-pt\/produto\/camiseta-bullpadel-dinneno-25v-090-5\/","name":"CAMISETA BULLPADEL DINNENO 25V 090 - Revolution Padel Store","isPartOf":{"@id":"https:\/\/revolutionpadelstore.com\/pt-pt\/#website"},"primaryImageOfPage":{"@id":"https:\/\/revolutionpadelstore.com\/pt-pt\/produto\/camiseta-bullpadel-dinneno-25v-090-5\/#primaryimage"},"image":{"@id":"https:\/\/revolutionpadelstore.com\/pt-pt\/produto\/camiseta-bullpadel-dinneno-25v-090-5\/#primaryimage"},"thumbnailUrl":"https:\/\/revolutionpadelstore.com\/wp-content\/uploads\/2025\/03\/114249-camiseta-bullpadel-dinneno-25v-090-gris-perla-1200x1200-1.webp","datePublished":"2025-03-12T17:45:52+00:00","dateModified":"2026-04-08T03:50:10+00:00","description":"Descubre la camiseta Bullpadel Dinneno 25V, el modelo oficial de Mart\u00edn Di Nenno. Dise\u00f1o transpirable, tejido el\u00e1stico y secado r\u00e1pido. \u00a1C\u00f3mprala al mejor precio en Revolution Padel Store!","breadcrumb":{"@id":"https:\/\/revolutionpadelstore.com\/pt-pt\/produto\/camiseta-bullpadel-dinneno-25v-090-5\/#breadcrumb"},"inLanguage":"pt-PT","potentialAction":[{"@type":"ReadAction","target":["https:\/\/revolutionpadelstore.com\/pt-pt\/produto\/camiseta-bullpadel-dinneno-25v-090-5\/"]}]},{"@type":"ImageObject","inLanguage":"pt-PT","@id":"https:\/\/revolutionpadelstore.com\/pt-pt\/produto\/camiseta-bullpadel-dinneno-25v-090-5\/#primaryimage","url":"https:\/\/revolutionpadelstore.com\/wp-content\/uploads\/2025\/03\/114249-camiseta-bullpadel-dinneno-25v-090-gris-perla-1200x1200-1.webp","contentUrl":"https:\/\/revolutionpadelstore.com\/wp-content\/uploads\/2025\/03\/114249-camiseta-bullpadel-dinneno-25v-090-gris-perla-1200x1200-1.webp","width":1200,"height":1200},{"@type":"BreadcrumbList","@id":"https:\/\/revolutionpadelstore.com\/pt-pt\/produto\/camiseta-bullpadel-dinneno-25v-090-5\/#breadcrumb","itemListElement":[{"@type":"ListItem","position":1,"name":"Portada","item":"https:\/\/revolutionpadelstore.com\/pt-pt\/"},{"@type":"ListItem","position":2,"name":"Tienda","item":"https:\/\/revolutionpadelstore.com\/pt-pt\/tienda\/"},{"@type":"ListItem","position":3,"name":"CAMISETA BULLPADEL DINNENO 25V 090"}]},{"@type":"WebSite","@id":"https:\/\/revolutionpadelstore.com\/pt-pt\/#website","url":"https:\/\/revolutionpadelstore.com\/pt-pt\/","name":"Revolution Padel Store","description":"","publisher":{"@id":"https:\/\/revolutionpadelstore.com\/pt-pt\/#organization"},"potentialAction":[{"@type":"SearchAction","target":{"@type":"EntryPoint","urlTemplate":"https:\/\/revolutionpadelstore.com\/pt-pt\/?s={search_term_string}"},"query-input":{"@type":"PropertyValueSpecification","valueRequired":true,"valueName":"search_term_string"}}],"inLanguage":"pt-PT"},{"@type":"Organization","@id":"https:\/\/revolutionpadelstore.com\/pt-pt\/#organization","name":"Revolution Padel Store","url":"https:\/\/revolutionpadelstore.com\/pt-pt\/","logo":{"@type":"ImageObject","inLanguage":"pt-PT","@id":"https:\/\/revolutionpadelstore.com\/pt-pt\/#\/schema\/logo\/image\/","url":"https:\/\/revolutionpadelstore.com\/wp-content\/uploads\/2026\/02\/revolution-padel-store.jpg","contentUrl":"https:\/\/revolutionpadelstore.com\/wp-content\/uploads\/2026\/02\/revolution-padel-store.jpg","width":2000,"height":2000,"caption":"Revolution Padel Store"},"image":{"@id":"https:\/\/revolutionpadelstore.com\/pt-pt\/#\/schema\/logo\/image\/"},"sameAs":["https:\/\/www.instagram.com\/revolutionpadelstore\/"]}]}},"_links":{"self":[{"href":"https:\/\/revolutionpadelstore.com\/pt-pt\/wp-json\/wp\/v2\/product\/214822","targetHints":{"allow":["GET"]}}],"collection":[{"href":"https:\/\/revolutionpadelstore.com\/pt-pt\/wp-json\/wp\/v2\/product"}],"about":[{"href":"https:\/\/revolutionpadelstore.com\/pt-pt\/wp-json\/wp\/v2\/types\/product"}],"replies":[{"embeddable":true,"href":"https:\/\/revolutionpadelstore.com\/pt-pt\/wp-json\/wp\/v2\/comments?post=214822"}],"wp:featuredmedia":[{"embeddable":true,"href":"https:\/\/revolutionpadelstore.com\/pt-pt\/wp-json\/wp\/v2\/media\/214755"}],"wp:attachment":[{"href":"https:\/\/revolutionpadelstore.com\/pt-pt\/wp-json\/wp\/v2\/media?parent=214822"}],"wp:term":[{"taxonomy":"acabado","embeddable":true,"href":"https:\/\/revolutionpadelstore.com\/pt-pt\/wp-json\/wp\/v2\/acabado?post=214822"},{"taxonomy":"balance","embeddable":true,"href":"https:\/\/revolutionpadelstore.com\/pt-pt\/wp-json\/wp\/v2\/balance?post=214822"},{"taxonomy":"dureza","embeddable":true,"href":"https:\/\/revolutionpadelstore.com\/pt-pt\/wp-json\/wp\/v2\/dureza?post=214822"},{"taxonomy":"forma","embeddable":true,"href":"https:\/\/revolutionpadelstore.com\/pt-pt\/wp-json\/wp\/v2\/forma?post=214822"},{"taxonomy":"jugador","embeddable":true,"href":"https:\/\/revolutionpadelstore.com\/pt-pt\/wp-json\/wp\/v2\/jugador?post=214822"},{"taxonomy":"marca","embeddable":true,"href":"https:\/\/revolutionpadelstore.com\/pt-pt\/wp-json\/wp\/v2\/marca?post=214822"},{"taxonomy":"nivel-de-juego","embeddable":true,"href":"https:\/\/revolutionpadelstore.com\/pt-pt\/wp-json\/wp\/v2\/nivel-de-juego?post=214822"},{"taxonomy":"superficie","embeddable":true,"href":"https:\/\/revolutionpadelstore.com\/pt-pt\/wp-json\/wp\/v2\/superficie?post=214822"},{"taxonomy":"tipo-de-juego","embeddable":true,"href":"https:\/\/revolutionpadelstore.com\/pt-pt\/wp-json\/wp\/v2\/tipo-de-juego?post=214822"},{"taxonomy":"product_brand","embeddable":true,"href":"https:\/\/revolutionpadelstore.com\/pt-pt\/wp-json\/wp\/v2\/product_brand?post=214822"},{"taxonomy":"product_cat","embeddable":true,"href":"https:\/\/revolutionpadelstore.com\/pt-pt\/wp-json\/wp\/v2\/product_cat?post=214822"},{"taxonomy":"product_tag","embeddable":true,"href":"https:\/\/revolutionpadelstore.com\/pt-pt\/wp-json\/wp\/v2\/product_tag?post=214822"}],"curies":[{"name":"wp","href":"https:\/\/api.w.org\/{rel}","templated":true}]}}