{"id":214672,"date":"2024-11-27T10:01:00","date_gmt":"2024-11-27T09:01:00","guid":{"rendered":"https:\/\/revolutionpadelstore.com\/par-munequeras-adidas-s-rojo-2\/"},"modified":"2026-04-08T09:59:37","modified_gmt":"2026-04-08T07:59:37","slug":"par-munequeras-adidas-s-rojo-5","status":"publish","type":"product","link":"https:\/\/revolutionpadelstore.com\/pt-pt\/produto\/par-munequeras-adidas-s-rojo-5\/","title":{"rendered":"PAR MU\u00d1EQUERAS ADIDAS S ROJO"},"content":{"rendered":"<p><H2> par adidas s Red Shoes <\/h2>\n<p>Este par de ondas <strong> adidas s em vermelho <\/strong> \u00e9 o acess\u00f3rio t\u00eaxtil perfeito para manter as m\u00e3os secas e confort\u00e1veis \u200b\u200bdurante o jogo. Com um design curto, essas bonecas oferecem um <strong> ajuste preciso <\/strong> e uma grande capacidade de absorver umidade e suor, ajudando a melhorar seu desempenho na pista.<\/p>\n<p>Feito com poli\u00e9ster e algod\u00e3o reciclado, seu tecido el\u00e1stico garante conforto duradouro. O logotipo frontal bordado prateado d\u00e1 a ele um toque \u00fanico e distinto.<\/p>\n<p>Esses <strong> adidas bonecas <\/strong> <strong> curto <\/strong> <strong> Ale Gal\u00e1n <\/strong> s\u00e3o a escolha ideal para aqueles que buscam um acess\u00f3rio eficiente e de alta qualidade em cada parte.<\/p>\n<h2>Par Mu\u00f1equeras Adidas S\u00a0Rojo<\/h2>\n","protected":false},"excerpt":{"rendered":"<p>As pulseiras da Adidas em Ale Gal\u00e1n Red. Com tecido de poli\u00e9ster absorvente, el\u00e1stico e leve e algod\u00e3o para uma absor\u00e7\u00e3o ideal de suor. Inclui duas unidades.<\/p>\n","protected":false},"featured_media":129618,"comment_status":"open","ping_status":"closed","template":"","meta":{"_acf_changed":false,"_joinchat":[]},"acabado":[],"balance":[],"dureza":[],"forma":[],"jugador":[],"marca":[1230],"nivel-de-juego":[],"superficie":[],"tipo-de-juego":[],"product_brand":[],"product_cat":[559],"product_tag":[],"class_list":{"0":"post-214672","1":"product","2":"type-product","3":"status-publish","4":"has-post-thumbnail","6":"marca-adidas-pt-pt","7":"product_cat-acessorios","9":"first","10":"instock","11":"sale","12":"taxable","13":"shipping-taxable","14":"purchasable","15":"product-type-simple"},"acf":[],"yoast_head":"<!-- This site is optimized with the Yoast SEO plugin v27.4 - https:\/\/yoast.com\/product\/yoast-seo-wordpress\/ -->\n<title>PAR MU\u00d1EQUERAS ADIDAS S ROJO - Revolution Padel Store<\/title>\n<meta name=\"description\" content=\"Este par de\u00a0Mu\u00f1equeras Adidas S en rojo\u00a0son el accesorio textil perfecto para mantener tus manos secas y c\u00f3modas durante el juego. Con un dise\u00f1o corto, estas mu\u00f1equeras ofrecen un\u00a0ajuste preciso\u00a0y una gran capacidad de absorci\u00f3n de la humedad y el sudor, ayudando a mejorar tu rendimiento en la pista.\" \/>\n<meta name=\"robots\" content=\"index, follow, max-snippet:-1, max-image-preview:large, max-video-preview:-1\" \/>\n<link rel=\"canonical\" href=\"https:\/\/revolutionpadelstore.com\/pt-pt\/produto\/par-munequeras-adidas-s-rojo-5\/\" \/>\n<meta property=\"og:locale\" content=\"pt_PT\" \/>\n<meta property=\"og:type\" content=\"article\" \/>\n<meta property=\"og:title\" content=\"PAR MU\u00d1EQUERAS ADIDAS S ROJO - Revolution Padel Store\" \/>\n<meta property=\"og:description\" content=\"Este par de\u00a0Mu\u00f1equeras Adidas S en rojo\u00a0son el accesorio textil perfecto para mantener tus manos secas y c\u00f3modas durante el juego. Con un dise\u00f1o corto, estas mu\u00f1equeras ofrecen un\u00a0ajuste preciso\u00a0y una gran capacidad de absorci\u00f3n de la humedad y el sudor, ayudando a mejorar tu rendimiento en la pista.\" \/>\n<meta property=\"og:url\" content=\"https:\/\/revolutionpadelstore.com\/pt-pt\/produto\/par-munequeras-adidas-s-rojo-5\/\" \/>\n<meta property=\"og:site_name\" content=\"Revolution Padel Store\" \/>\n<meta property=\"article:modified_time\" content=\"2026-04-08T07:59:37+00:00\" \/>\n<meta property=\"og:image\" content=\"https:\/\/revolutionpadelstore.com\/wp-content\/uploads\/2024\/11\/32349_par_munequera_adidas_s_aa4wc4s50_1500x1500_1_3785.webp\" \/>\n\t<meta property=\"og:image:width\" content=\"1500\" \/>\n\t<meta property=\"og:image:height\" content=\"1500\" \/>\n\t<meta property=\"og:image:type\" content=\"image\/webp\" \/>\n<meta name=\"twitter:card\" content=\"summary_large_image\" \/>\n<meta name=\"twitter:label1\" content=\"Tempo estimado de leitura\" \/>\n\t<meta name=\"twitter:data1\" content=\"1 minuto\" \/>\n<script type=\"application\/ld+json\" class=\"yoast-schema-graph\">{\"@context\":\"https:\\\/\\\/schema.org\",\"@graph\":[{\"@type\":\"WebPage\",\"@id\":\"https:\\\/\\\/revolutionpadelstore.com\\\/pt-pt\\\/produto\\\/par-munequeras-adidas-s-rojo-5\\\/\",\"url\":\"https:\\\/\\\/revolutionpadelstore.com\\\/pt-pt\\\/produto\\\/par-munequeras-adidas-s-rojo-5\\\/\",\"name\":\"PAR MU\u00d1EQUERAS ADIDAS S ROJO - Revolution Padel Store\",\"isPartOf\":{\"@id\":\"https:\\\/\\\/revolutionpadelstore.com\\\/pt-pt\\\/#website\"},\"primaryImageOfPage\":{\"@id\":\"https:\\\/\\\/revolutionpadelstore.com\\\/pt-pt\\\/produto\\\/par-munequeras-adidas-s-rojo-5\\\/#primaryimage\"},\"image\":{\"@id\":\"https:\\\/\\\/revolutionpadelstore.com\\\/pt-pt\\\/produto\\\/par-munequeras-adidas-s-rojo-5\\\/#primaryimage\"},\"thumbnailUrl\":\"https:\\\/\\\/revolutionpadelstore.com\\\/wp-content\\\/uploads\\\/2024\\\/11\\\/32349_par_munequera_adidas_s_aa4wc4s50_1500x1500_1_3785.webp\",\"datePublished\":\"2024-11-27T09:01:00+00:00\",\"dateModified\":\"2026-04-08T07:59:37+00:00\",\"description\":\"Este par de\u00a0Mu\u00f1equeras Adidas S en rojo\u00a0son el accesorio textil perfecto para mantener tus manos secas y c\u00f3modas durante el juego. Con un dise\u00f1o corto, estas mu\u00f1equeras ofrecen un\u00a0ajuste preciso\u00a0y una gran capacidad de absorci\u00f3n de la humedad y el sudor, ayudando a mejorar tu rendimiento en la pista.\",\"breadcrumb\":{\"@id\":\"https:\\\/\\\/revolutionpadelstore.com\\\/pt-pt\\\/produto\\\/par-munequeras-adidas-s-rojo-5\\\/#breadcrumb\"},\"inLanguage\":\"pt-PT\",\"potentialAction\":[{\"@type\":\"ReadAction\",\"target\":[\"https:\\\/\\\/revolutionpadelstore.com\\\/pt-pt\\\/produto\\\/par-munequeras-adidas-s-rojo-5\\\/\"]}]},{\"@type\":\"ImageObject\",\"inLanguage\":\"pt-PT\",\"@id\":\"https:\\\/\\\/revolutionpadelstore.com\\\/pt-pt\\\/produto\\\/par-munequeras-adidas-s-rojo-5\\\/#primaryimage\",\"url\":\"https:\\\/\\\/revolutionpadelstore.com\\\/wp-content\\\/uploads\\\/2024\\\/11\\\/32349_par_munequera_adidas_s_aa4wc4s50_1500x1500_1_3785.webp\",\"contentUrl\":\"https:\\\/\\\/revolutionpadelstore.com\\\/wp-content\\\/uploads\\\/2024\\\/11\\\/32349_par_munequera_adidas_s_aa4wc4s50_1500x1500_1_3785.webp\",\"width\":1500,\"height\":1500},{\"@type\":\"BreadcrumbList\",\"@id\":\"https:\\\/\\\/revolutionpadelstore.com\\\/pt-pt\\\/produto\\\/par-munequeras-adidas-s-rojo-5\\\/#breadcrumb\",\"itemListElement\":[{\"@type\":\"ListItem\",\"position\":1,\"name\":\"Portada\",\"item\":\"https:\\\/\\\/revolutionpadelstore.com\\\/pt-pt\\\/\"},{\"@type\":\"ListItem\",\"position\":2,\"name\":\"Tienda\",\"item\":\"https:\\\/\\\/revolutionpadelstore.com\\\/pt-pt\\\/tienda\\\/\"},{\"@type\":\"ListItem\",\"position\":3,\"name\":\"PAR MU\u00d1EQUERAS ADIDAS S ROJO\"}]},{\"@type\":\"WebSite\",\"@id\":\"https:\\\/\\\/revolutionpadelstore.com\\\/pt-pt\\\/#website\",\"url\":\"https:\\\/\\\/revolutionpadelstore.com\\\/pt-pt\\\/\",\"name\":\"Revolution Padel Store\",\"description\":\"\",\"publisher\":{\"@id\":\"https:\\\/\\\/revolutionpadelstore.com\\\/pt-pt\\\/#organization\"},\"potentialAction\":[{\"@type\":\"SearchAction\",\"target\":{\"@type\":\"EntryPoint\",\"urlTemplate\":\"https:\\\/\\\/revolutionpadelstore.com\\\/pt-pt\\\/?s={search_term_string}\"},\"query-input\":{\"@type\":\"PropertyValueSpecification\",\"valueRequired\":true,\"valueName\":\"search_term_string\"}}],\"inLanguage\":\"pt-PT\"},{\"@type\":\"Organization\",\"@id\":\"https:\\\/\\\/revolutionpadelstore.com\\\/pt-pt\\\/#organization\",\"name\":\"Revolution Padel Store\",\"url\":\"https:\\\/\\\/revolutionpadelstore.com\\\/pt-pt\\\/\",\"logo\":{\"@type\":\"ImageObject\",\"inLanguage\":\"pt-PT\",\"@id\":\"https:\\\/\\\/revolutionpadelstore.com\\\/pt-pt\\\/#\\\/schema\\\/logo\\\/image\\\/\",\"url\":\"https:\\\/\\\/revolutionpadelstore.com\\\/wp-content\\\/uploads\\\/2026\\\/02\\\/revolution-padel-store.jpg\",\"contentUrl\":\"https:\\\/\\\/revolutionpadelstore.com\\\/wp-content\\\/uploads\\\/2026\\\/02\\\/revolution-padel-store.jpg\",\"width\":2000,\"height\":2000,\"caption\":\"Revolution Padel Store\"},\"image\":{\"@id\":\"https:\\\/\\\/revolutionpadelstore.com\\\/pt-pt\\\/#\\\/schema\\\/logo\\\/image\\\/\"},\"sameAs\":[\"https:\\\/\\\/www.instagram.com\\\/revolutionpadelstore\\\/\"]}]}<\/script>\n<!-- \/ Yoast SEO plugin. -->","yoast_head_json":{"title":"PAR MU\u00d1EQUERAS ADIDAS S ROJO - Revolution Padel Store","description":"Este par de\u00a0Mu\u00f1equeras Adidas S en rojo\u00a0son el accesorio textil perfecto para mantener tus manos secas y c\u00f3modas durante el juego. Con un dise\u00f1o corto, estas mu\u00f1equeras ofrecen un\u00a0ajuste preciso\u00a0y una gran capacidad de absorci\u00f3n de la humedad y el sudor, ayudando a mejorar tu rendimiento en la pista.","robots":{"index":"index","follow":"follow","max-snippet":"max-snippet:-1","max-image-preview":"max-image-preview:large","max-video-preview":"max-video-preview:-1"},"canonical":"https:\/\/revolutionpadelstore.com\/pt-pt\/produto\/par-munequeras-adidas-s-rojo-5\/","og_locale":"pt_PT","og_type":"article","og_title":"PAR MU\u00d1EQUERAS ADIDAS S ROJO - Revolution Padel Store","og_description":"Este par de\u00a0Mu\u00f1equeras Adidas S en rojo\u00a0son el accesorio textil perfecto para mantener tus manos secas y c\u00f3modas durante el juego. Con un dise\u00f1o corto, estas mu\u00f1equeras ofrecen un\u00a0ajuste preciso\u00a0y una gran capacidad de absorci\u00f3n de la humedad y el sudor, ayudando a mejorar tu rendimiento en la pista.","og_url":"https:\/\/revolutionpadelstore.com\/pt-pt\/produto\/par-munequeras-adidas-s-rojo-5\/","og_site_name":"Revolution Padel Store","article_modified_time":"2026-04-08T07:59:37+00:00","og_image":[{"width":1500,"height":1500,"url":"https:\/\/revolutionpadelstore.com\/wp-content\/uploads\/2024\/11\/32349_par_munequera_adidas_s_aa4wc4s50_1500x1500_1_3785.webp","type":"image\/webp"}],"twitter_card":"summary_large_image","twitter_misc":{"Tempo estimado de leitura":"1 minuto"},"schema":{"@context":"https:\/\/schema.org","@graph":[{"@type":"WebPage","@id":"https:\/\/revolutionpadelstore.com\/pt-pt\/produto\/par-munequeras-adidas-s-rojo-5\/","url":"https:\/\/revolutionpadelstore.com\/pt-pt\/produto\/par-munequeras-adidas-s-rojo-5\/","name":"PAR MU\u00d1EQUERAS ADIDAS S ROJO - Revolution Padel Store","isPartOf":{"@id":"https:\/\/revolutionpadelstore.com\/pt-pt\/#website"},"primaryImageOfPage":{"@id":"https:\/\/revolutionpadelstore.com\/pt-pt\/produto\/par-munequeras-adidas-s-rojo-5\/#primaryimage"},"image":{"@id":"https:\/\/revolutionpadelstore.com\/pt-pt\/produto\/par-munequeras-adidas-s-rojo-5\/#primaryimage"},"thumbnailUrl":"https:\/\/revolutionpadelstore.com\/wp-content\/uploads\/2024\/11\/32349_par_munequera_adidas_s_aa4wc4s50_1500x1500_1_3785.webp","datePublished":"2024-11-27T09:01:00+00:00","dateModified":"2026-04-08T07:59:37+00:00","description":"Este par de\u00a0Mu\u00f1equeras Adidas S en rojo\u00a0son el accesorio textil perfecto para mantener tus manos secas y c\u00f3modas durante el juego. Con un dise\u00f1o corto, estas mu\u00f1equeras ofrecen un\u00a0ajuste preciso\u00a0y una gran capacidad de absorci\u00f3n de la humedad y el sudor, ayudando a mejorar tu rendimiento en la pista.","breadcrumb":{"@id":"https:\/\/revolutionpadelstore.com\/pt-pt\/produto\/par-munequeras-adidas-s-rojo-5\/#breadcrumb"},"inLanguage":"pt-PT","potentialAction":[{"@type":"ReadAction","target":["https:\/\/revolutionpadelstore.com\/pt-pt\/produto\/par-munequeras-adidas-s-rojo-5\/"]}]},{"@type":"ImageObject","inLanguage":"pt-PT","@id":"https:\/\/revolutionpadelstore.com\/pt-pt\/produto\/par-munequeras-adidas-s-rojo-5\/#primaryimage","url":"https:\/\/revolutionpadelstore.com\/wp-content\/uploads\/2024\/11\/32349_par_munequera_adidas_s_aa4wc4s50_1500x1500_1_3785.webp","contentUrl":"https:\/\/revolutionpadelstore.com\/wp-content\/uploads\/2024\/11\/32349_par_munequera_adidas_s_aa4wc4s50_1500x1500_1_3785.webp","width":1500,"height":1500},{"@type":"BreadcrumbList","@id":"https:\/\/revolutionpadelstore.com\/pt-pt\/produto\/par-munequeras-adidas-s-rojo-5\/#breadcrumb","itemListElement":[{"@type":"ListItem","position":1,"name":"Portada","item":"https:\/\/revolutionpadelstore.com\/pt-pt\/"},{"@type":"ListItem","position":2,"name":"Tienda","item":"https:\/\/revolutionpadelstore.com\/pt-pt\/tienda\/"},{"@type":"ListItem","position":3,"name":"PAR MU\u00d1EQUERAS ADIDAS S ROJO"}]},{"@type":"WebSite","@id":"https:\/\/revolutionpadelstore.com\/pt-pt\/#website","url":"https:\/\/revolutionpadelstore.com\/pt-pt\/","name":"Revolution Padel Store","description":"","publisher":{"@id":"https:\/\/revolutionpadelstore.com\/pt-pt\/#organization"},"potentialAction":[{"@type":"SearchAction","target":{"@type":"EntryPoint","urlTemplate":"https:\/\/revolutionpadelstore.com\/pt-pt\/?s={search_term_string}"},"query-input":{"@type":"PropertyValueSpecification","valueRequired":true,"valueName":"search_term_string"}}],"inLanguage":"pt-PT"},{"@type":"Organization","@id":"https:\/\/revolutionpadelstore.com\/pt-pt\/#organization","name":"Revolution Padel Store","url":"https:\/\/revolutionpadelstore.com\/pt-pt\/","logo":{"@type":"ImageObject","inLanguage":"pt-PT","@id":"https:\/\/revolutionpadelstore.com\/pt-pt\/#\/schema\/logo\/image\/","url":"https:\/\/revolutionpadelstore.com\/wp-content\/uploads\/2026\/02\/revolution-padel-store.jpg","contentUrl":"https:\/\/revolutionpadelstore.com\/wp-content\/uploads\/2026\/02\/revolution-padel-store.jpg","width":2000,"height":2000,"caption":"Revolution Padel Store"},"image":{"@id":"https:\/\/revolutionpadelstore.com\/pt-pt\/#\/schema\/logo\/image\/"},"sameAs":["https:\/\/www.instagram.com\/revolutionpadelstore\/"]}]}},"_links":{"self":[{"href":"https:\/\/revolutionpadelstore.com\/pt-pt\/wp-json\/wp\/v2\/product\/214672","targetHints":{"allow":["GET"]}}],"collection":[{"href":"https:\/\/revolutionpadelstore.com\/pt-pt\/wp-json\/wp\/v2\/product"}],"about":[{"href":"https:\/\/revolutionpadelstore.com\/pt-pt\/wp-json\/wp\/v2\/types\/product"}],"replies":[{"embeddable":true,"href":"https:\/\/revolutionpadelstore.com\/pt-pt\/wp-json\/wp\/v2\/comments?post=214672"}],"wp:featuredmedia":[{"embeddable":true,"href":"https:\/\/revolutionpadelstore.com\/pt-pt\/wp-json\/wp\/v2\/media\/129618"}],"wp:attachment":[{"href":"https:\/\/revolutionpadelstore.com\/pt-pt\/wp-json\/wp\/v2\/media?parent=214672"}],"wp:term":[{"taxonomy":"acabado","embeddable":true,"href":"https:\/\/revolutionpadelstore.com\/pt-pt\/wp-json\/wp\/v2\/acabado?post=214672"},{"taxonomy":"balance","embeddable":true,"href":"https:\/\/revolutionpadelstore.com\/pt-pt\/wp-json\/wp\/v2\/balance?post=214672"},{"taxonomy":"dureza","embeddable":true,"href":"https:\/\/revolutionpadelstore.com\/pt-pt\/wp-json\/wp\/v2\/dureza?post=214672"},{"taxonomy":"forma","embeddable":true,"href":"https:\/\/revolutionpadelstore.com\/pt-pt\/wp-json\/wp\/v2\/forma?post=214672"},{"taxonomy":"jugador","embeddable":true,"href":"https:\/\/revolutionpadelstore.com\/pt-pt\/wp-json\/wp\/v2\/jugador?post=214672"},{"taxonomy":"marca","embeddable":true,"href":"https:\/\/revolutionpadelstore.com\/pt-pt\/wp-json\/wp\/v2\/marca?post=214672"},{"taxonomy":"nivel-de-juego","embeddable":true,"href":"https:\/\/revolutionpadelstore.com\/pt-pt\/wp-json\/wp\/v2\/nivel-de-juego?post=214672"},{"taxonomy":"superficie","embeddable":true,"href":"https:\/\/revolutionpadelstore.com\/pt-pt\/wp-json\/wp\/v2\/superficie?post=214672"},{"taxonomy":"tipo-de-juego","embeddable":true,"href":"https:\/\/revolutionpadelstore.com\/pt-pt\/wp-json\/wp\/v2\/tipo-de-juego?post=214672"},{"taxonomy":"product_brand","embeddable":true,"href":"https:\/\/revolutionpadelstore.com\/pt-pt\/wp-json\/wp\/v2\/product_brand?post=214672"},{"taxonomy":"product_cat","embeddable":true,"href":"https:\/\/revolutionpadelstore.com\/pt-pt\/wp-json\/wp\/v2\/product_cat?post=214672"},{"taxonomy":"product_tag","embeddable":true,"href":"https:\/\/revolutionpadelstore.com\/pt-pt\/wp-json\/wp\/v2\/product_tag?post=214672"}],"curies":[{"name":"wp","href":"https:\/\/api.w.org\/{rel}","templated":true}]}}