{"id":21221,"date":"2024-03-11T11:03:08","date_gmt":"2024-03-11T10:03:08","guid":{"rendered":"https:\/\/revolutionpadelstore.com\/cargador-de-presion-pelotas-ball-rescuer\/"},"modified":"2026-04-08T15:45:18","modified_gmt":"2026-04-08T13:45:18","slug":"cargador-de-presion-pelotas-ball-rescuer-5","status":"publish","type":"product","link":"https:\/\/revolutionpadelstore.com\/pt-pt\/produto\/cargador-de-presion-pelotas-ball-rescuer-5\/","title":{"rendered":"Cargador de Presion Pelotas Ball Rescuer"},"content":{"rendered":"<p>O pressurizador de esfera Ball Rescuer \u00e9 composto por dois corpos roscados de pl\u00e1stico, uma tampa e um flange ou bra\u00e7adeira.<\/p>\n<p>A tampa \u00e9 caracterizada por duas v\u00e1lvulas, uma principal para enchimento de ar e outra secund\u00e1ria para fixa\u00e7\u00e3o de um indicador de press\u00e3o.<br \/>\nA tampa tamb\u00e9m possui um bot\u00e3o de esvaziamento para abrir confortavelmente a garrafa antes de usar as bolas.<br \/>\nAl\u00e9m disso, a tampa possui um O-ring especial em seu interior que permite a pressuriza\u00e7\u00e3o de quase todos os recipientes de bolas do mercado.<\/p>\n<p>A flange \u00e9 a pe\u00e7a que envolve o recipiente e uma vez colocada \u00e0 sua volta permite aparafus\u00e1-lo \u00e0 tampa e pressuriz\u00e1-lo.<\/p>\n<p>tamanho pequeno, peso leve, abertura f\u00e1cil<\/p>\n<p>Adapta-se a diversas marcas de recipientes de 3 ou 4 bolas.<br \/>\nConsulte o guia de compatibilidade abaixo.<br \/>\n\u00c9 capaz de armazenar 3 ou 4 bolas a uma press\u00e3o de at\u00e9 35 psi, prolongando sua vida \u00fatil em at\u00e9 10 vezes.<br \/>\nRecupera bolas despressurizadas (observe que o processo pode demorar 2 ou 3 semanas)<br \/>\nJogando duas partidas por semana, o investimento se paga em tr\u00eas meses.<br \/>\nEm cinco anos evita a fabrica\u00e7\u00e3o e posterior descarte de 1.200 bolas e 300 recipientes.<br \/>\nEconomize mat\u00e9rias-primas e reduza as emiss\u00f5es.<br \/>\nFabricado em material leve e resistente.<br \/>\nF\u00e1cil de usar.<br \/>\nCont\u00e9m instru\u00e7\u00f5es detalhadas de pressuriza\u00e7\u00e3o.<br \/>\nPatenteado, fabricado e montado em Espanha.<\/p>\n<p>alta press\u00e3o<br \/>\nBall Rescuer trabalha a uma press\u00e3o de 30\/35 psi.<br \/>\nPressurizadores rosqueados sem v\u00e1lvula que fornecem apenas 14\/16 psi n\u00e3o funcionam bem.<br \/>\nAl\u00e9m disso, o Ball Rescuer possui um bot\u00e3o especial para liberar a press\u00e3o antes de abri-lo, portanto n\u00e3o utiliza a pr\u00f3pria v\u00e1lvula de enchimento para esvaziar.<br \/>\nEle tamb\u00e9m possui um indicador de tr\u00eas cores.<\/p>\n<p>ergonomia<br \/>\nBall Rescuer pesa apenas 150 gramas e ocupa um espa\u00e7o m\u00ednimo na sua bolsa.<br \/>\n\u00c9 mais confort\u00e1vel e f\u00e1cil de abrir e fechar do que qualquer outro.<br \/>\nAdapta-se a recipientes de 3 ou 4 bolas de acordo com a sua necessidade, minimizando assim o volume.<br \/>\nVerifique a compatibilidade.<br \/>\n\u00c9 econ\u00f4mico, bonito e amigo do meio ambiente.<\/p>\n<p>como funciona?<\/p>\n<p>01 Fixe o Ball Rescuer em um recipiente de bolas compat\u00edvel.<\/p>\n<p>02 Coloque as bolinhas dentro do recipiente.<\/p>\n<p>03 Feche a tampa utilizando a linha, certificando-se de apertar bem.<\/p>\n<p>04 Coloque a boca da bomba de enchimento na v\u00e1lvula de enchimento.<\/p>\n<p>05 Encha at\u00e9 a press\u00e3o desejada de acordo com o indicador de press\u00e3o.<\/p>\n<p>Marcas 100% compat\u00edveis<\/p>\n<p>adapt\u00e1vel a recipientes de pl\u00e1stico<\/p>\n<p>Ball Rescurer \u00e9 um pressurizador de bolas compat\u00edvel com recipientes pl\u00e1sticos de bolas de t\u00eanis e padel que permite convert\u00ea-las em um recipiente pressurizador que multiplica por 10 a vida \u00fatil de suas bolas.<\/p>\n<p>Basta comprar uma vez um tipo de embalagem compat\u00edvel e us\u00e1-la com qualquer outra marca de bolas.<br \/>\nO mesmo recipiente pode ser pressurizado centenas de vezes.<\/p>\n<p>Head Padel Pro S, Head Padel, Head Championship, Head Radical, Siux Match, Siux Match Pro, Penn Coach. Softee Speed \u200b\u200b\u200b\u200bPro, Softee Speed, Softee Pro X e Softee Pro, HBL Protour Padel, Higer Padel Slam, Nexus Open Padel,<\/p>\n<p>95% compat\u00edvel<\/p>\n<p>Dunlop Padel Tournament Quality, Dunlop Team Padel, Dunlop Pro Tour 3 e 4 bolas, Slazenger Club Padel, Slazenger Championship Hydroguard (3 e 4 bolas) Slazenger Max Padel, Slazenger, Donnay Championship.<\/p>\n<p>Os modelos com 95% de compatibilidade s\u00e3o mais estreitos e para funcionarem a 100% devem ser aumentados com vinte ou trinta voltas de fita adesiva abaixo da fenda no gargalo do recipiente.<\/p>\n<p>Embalagens atualmente n\u00e3o compat\u00edveis por motivos de seguran\u00e7a: Wilson, Bullpadel, Babolat, Tecnifibre, Nox, Artengo, Adidas e Varlion, embora n\u00e3o sejam as \u00fanicas.<br \/>\nN\u00e3o \u00e9 compat\u00edvel com recipientes ou latas met\u00e1licas.<\/p>\n<p>Modelos de marcas compat\u00edveis que n\u00e3o podem ser pressurizados ou apresentam vazamentos ap\u00f3s o expediente:<\/p>\n<p>Dunlop Tour Brilho. O corpo do recipiente \u00e9 muito estreito e quando pressurizado fica descentralizado em rela\u00e7\u00e3o ao flange.<br \/>\nPara evitar isso, enrole fita isolante para engrossar o di\u00e2metro at\u00e9 encaixar no flange. Mesmo assim ser\u00e1 dif\u00edcil pressurizar, melhor escolher outro modelo.<br \/>\nDunlop Pro Padel. Pode ser pressurizado, mas geralmente apresenta perdas de press\u00e3o.<br \/>\nHead Padel Pro. Recipientes largos n\u00e3o podem ser pressurizados, voc\u00ea pode medi-los com o flange antes de compr\u00e1-los.<\/p>\n","protected":false},"excerpt":{"rendered":"<p>Bolas carregadas com press\u00e3o Ball Rescuerr <\/p>\n","protected":false},"featured_media":1665,"comment_status":"open","ping_status":"closed","template":"","meta":{"_acf_changed":false,"_joinchat":[]},"acabado":[],"balance":[],"dureza":[],"forma":[],"jugador":[],"marca":[1280],"nivel-de-juego":[],"superficie":[],"tipo-de-juego":[],"product_brand":[],"product_cat":[604],"product_tag":[],"class_list":{"0":"post-21221","1":"product","2":"type-product","3":"status-publish","4":"has-post-thumbnail","6":"marca-resgatador-de-bola","7":"product_cat-bolas","9":"first","10":"outofstock","11":"taxable","12":"shipping-taxable","13":"purchasable","14":"product-type-simple"},"acf":[],"yoast_head":"<!-- This site is optimized with the Yoast SEO plugin v27.4 - https:\/\/yoast.com\/product\/yoast-seo-wordpress\/ -->\n<title>Cargador de Presion Pelotas Ball Rescuer - Revolution Padel Store<\/title>\n<meta name=\"robots\" content=\"index, follow, max-snippet:-1, max-image-preview:large, max-video-preview:-1\" \/>\n<link rel=\"canonical\" href=\"https:\/\/revolutionpadelstore.com\/pt-pt\/produto\/cargador-de-presion-pelotas-ball-rescuer-5\/\" \/>\n<meta property=\"og:locale\" content=\"pt_PT\" \/>\n<meta property=\"og:type\" content=\"article\" \/>\n<meta property=\"og:title\" content=\"Cargador de Presion Pelotas Ball Rescuer - Revolution Padel Store\" \/>\n<meta property=\"og:description\" content=\"Bolas carregadas com press\u00e3o Ball Rescuerr\" \/>\n<meta property=\"og:url\" content=\"https:\/\/revolutionpadelstore.com\/pt-pt\/produto\/cargador-de-presion-pelotas-ball-rescuer-5\/\" \/>\n<meta property=\"og:site_name\" content=\"Revolution Padel Store\" \/>\n<meta property=\"article:modified_time\" content=\"2026-04-08T13:45:18+00:00\" \/>\n<meta property=\"og:image\" content=\"https:\/\/revolutionpadelstore.com\/wp-content\/uploads\/2024\/03\/cargador-de-presion-pelotas-ball-rescuer-es-1-800x800-1.jpg\" \/>\n\t<meta property=\"og:image:width\" content=\"800\" \/>\n\t<meta property=\"og:image:height\" content=\"800\" \/>\n\t<meta property=\"og:image:type\" content=\"image\/jpeg\" \/>\n<meta name=\"twitter:card\" content=\"summary_large_image\" \/>\n<meta name=\"twitter:label1\" content=\"Tempo estimado de leitura\" \/>\n\t<meta name=\"twitter:data1\" content=\"1 minuto\" \/>\n<script type=\"application\/ld+json\" class=\"yoast-schema-graph\">{\"@context\":\"https:\\\/\\\/schema.org\",\"@graph\":[{\"@type\":\"WebPage\",\"@id\":\"https:\\\/\\\/revolutionpadelstore.com\\\/pt-pt\\\/produto\\\/cargador-de-presion-pelotas-ball-rescuer-5\\\/\",\"url\":\"https:\\\/\\\/revolutionpadelstore.com\\\/pt-pt\\\/produto\\\/cargador-de-presion-pelotas-ball-rescuer-5\\\/\",\"name\":\"Cargador de Presion Pelotas Ball Rescuer - Revolution Padel Store\",\"isPartOf\":{\"@id\":\"https:\\\/\\\/revolutionpadelstore.com\\\/pt-pt\\\/#website\"},\"primaryImageOfPage\":{\"@id\":\"https:\\\/\\\/revolutionpadelstore.com\\\/pt-pt\\\/produto\\\/cargador-de-presion-pelotas-ball-rescuer-5\\\/#primaryimage\"},\"image\":{\"@id\":\"https:\\\/\\\/revolutionpadelstore.com\\\/pt-pt\\\/produto\\\/cargador-de-presion-pelotas-ball-rescuer-5\\\/#primaryimage\"},\"thumbnailUrl\":\"https:\\\/\\\/revolutionpadelstore.com\\\/wp-content\\\/uploads\\\/2024\\\/03\\\/cargador-de-presion-pelotas-ball-rescuer-es-1-800x800-1.jpg\",\"datePublished\":\"2024-03-11T10:03:08+00:00\",\"dateModified\":\"2026-04-08T13:45:18+00:00\",\"breadcrumb\":{\"@id\":\"https:\\\/\\\/revolutionpadelstore.com\\\/pt-pt\\\/produto\\\/cargador-de-presion-pelotas-ball-rescuer-5\\\/#breadcrumb\"},\"inLanguage\":\"pt-PT\",\"potentialAction\":[{\"@type\":\"ReadAction\",\"target\":[\"https:\\\/\\\/revolutionpadelstore.com\\\/pt-pt\\\/produto\\\/cargador-de-presion-pelotas-ball-rescuer-5\\\/\"]}]},{\"@type\":\"ImageObject\",\"inLanguage\":\"pt-PT\",\"@id\":\"https:\\\/\\\/revolutionpadelstore.com\\\/pt-pt\\\/produto\\\/cargador-de-presion-pelotas-ball-rescuer-5\\\/#primaryimage\",\"url\":\"https:\\\/\\\/revolutionpadelstore.com\\\/wp-content\\\/uploads\\\/2024\\\/03\\\/cargador-de-presion-pelotas-ball-rescuer-es-1-800x800-1.jpg\",\"contentUrl\":\"https:\\\/\\\/revolutionpadelstore.com\\\/wp-content\\\/uploads\\\/2024\\\/03\\\/cargador-de-presion-pelotas-ball-rescuer-es-1-800x800-1.jpg\",\"width\":800,\"height\":800,\"caption\":\"Cargador de Presion Pelotas Ball Rescuer\"},{\"@type\":\"BreadcrumbList\",\"@id\":\"https:\\\/\\\/revolutionpadelstore.com\\\/pt-pt\\\/produto\\\/cargador-de-presion-pelotas-ball-rescuer-5\\\/#breadcrumb\",\"itemListElement\":[{\"@type\":\"ListItem\",\"position\":1,\"name\":\"Portada\",\"item\":\"https:\\\/\\\/revolutionpadelstore.com\\\/pt-pt\\\/\"},{\"@type\":\"ListItem\",\"position\":2,\"name\":\"Tienda\",\"item\":\"https:\\\/\\\/revolutionpadelstore.com\\\/pt-pt\\\/tienda\\\/\"},{\"@type\":\"ListItem\",\"position\":3,\"name\":\"Cargador de Presion Pelotas Ball Rescuer\"}]},{\"@type\":\"WebSite\",\"@id\":\"https:\\\/\\\/revolutionpadelstore.com\\\/pt-pt\\\/#website\",\"url\":\"https:\\\/\\\/revolutionpadelstore.com\\\/pt-pt\\\/\",\"name\":\"Revolution Padel Store\",\"description\":\"\",\"publisher\":{\"@id\":\"https:\\\/\\\/revolutionpadelstore.com\\\/pt-pt\\\/#organization\"},\"potentialAction\":[{\"@type\":\"SearchAction\",\"target\":{\"@type\":\"EntryPoint\",\"urlTemplate\":\"https:\\\/\\\/revolutionpadelstore.com\\\/pt-pt\\\/?s={search_term_string}\"},\"query-input\":{\"@type\":\"PropertyValueSpecification\",\"valueRequired\":true,\"valueName\":\"search_term_string\"}}],\"inLanguage\":\"pt-PT\"},{\"@type\":\"Organization\",\"@id\":\"https:\\\/\\\/revolutionpadelstore.com\\\/pt-pt\\\/#organization\",\"name\":\"Revolution Padel Store\",\"url\":\"https:\\\/\\\/revolutionpadelstore.com\\\/pt-pt\\\/\",\"logo\":{\"@type\":\"ImageObject\",\"inLanguage\":\"pt-PT\",\"@id\":\"https:\\\/\\\/revolutionpadelstore.com\\\/pt-pt\\\/#\\\/schema\\\/logo\\\/image\\\/\",\"url\":\"https:\\\/\\\/revolutionpadelstore.com\\\/wp-content\\\/uploads\\\/2026\\\/02\\\/revolution-padel-store.jpg\",\"contentUrl\":\"https:\\\/\\\/revolutionpadelstore.com\\\/wp-content\\\/uploads\\\/2026\\\/02\\\/revolution-padel-store.jpg\",\"width\":2000,\"height\":2000,\"caption\":\"Revolution Padel Store\"},\"image\":{\"@id\":\"https:\\\/\\\/revolutionpadelstore.com\\\/pt-pt\\\/#\\\/schema\\\/logo\\\/image\\\/\"},\"sameAs\":[\"https:\\\/\\\/www.instagram.com\\\/revolutionpadelstore\\\/\"]}]}<\/script>\n<!-- \/ Yoast SEO plugin. -->","yoast_head_json":{"title":"Cargador de Presion Pelotas Ball Rescuer - Revolution Padel Store","robots":{"index":"index","follow":"follow","max-snippet":"max-snippet:-1","max-image-preview":"max-image-preview:large","max-video-preview":"max-video-preview:-1"},"canonical":"https:\/\/revolutionpadelstore.com\/pt-pt\/produto\/cargador-de-presion-pelotas-ball-rescuer-5\/","og_locale":"pt_PT","og_type":"article","og_title":"Cargador de Presion Pelotas Ball Rescuer - Revolution Padel Store","og_description":"Bolas carregadas com press\u00e3o Ball Rescuerr","og_url":"https:\/\/revolutionpadelstore.com\/pt-pt\/produto\/cargador-de-presion-pelotas-ball-rescuer-5\/","og_site_name":"Revolution Padel Store","article_modified_time":"2026-04-08T13:45:18+00:00","og_image":[{"width":800,"height":800,"url":"https:\/\/revolutionpadelstore.com\/wp-content\/uploads\/2024\/03\/cargador-de-presion-pelotas-ball-rescuer-es-1-800x800-1.jpg","type":"image\/jpeg"}],"twitter_card":"summary_large_image","twitter_misc":{"Tempo estimado de leitura":"1 minuto"},"schema":{"@context":"https:\/\/schema.org","@graph":[{"@type":"WebPage","@id":"https:\/\/revolutionpadelstore.com\/pt-pt\/produto\/cargador-de-presion-pelotas-ball-rescuer-5\/","url":"https:\/\/revolutionpadelstore.com\/pt-pt\/produto\/cargador-de-presion-pelotas-ball-rescuer-5\/","name":"Cargador de Presion Pelotas Ball Rescuer - Revolution Padel Store","isPartOf":{"@id":"https:\/\/revolutionpadelstore.com\/pt-pt\/#website"},"primaryImageOfPage":{"@id":"https:\/\/revolutionpadelstore.com\/pt-pt\/produto\/cargador-de-presion-pelotas-ball-rescuer-5\/#primaryimage"},"image":{"@id":"https:\/\/revolutionpadelstore.com\/pt-pt\/produto\/cargador-de-presion-pelotas-ball-rescuer-5\/#primaryimage"},"thumbnailUrl":"https:\/\/revolutionpadelstore.com\/wp-content\/uploads\/2024\/03\/cargador-de-presion-pelotas-ball-rescuer-es-1-800x800-1.jpg","datePublished":"2024-03-11T10:03:08+00:00","dateModified":"2026-04-08T13:45:18+00:00","breadcrumb":{"@id":"https:\/\/revolutionpadelstore.com\/pt-pt\/produto\/cargador-de-presion-pelotas-ball-rescuer-5\/#breadcrumb"},"inLanguage":"pt-PT","potentialAction":[{"@type":"ReadAction","target":["https:\/\/revolutionpadelstore.com\/pt-pt\/produto\/cargador-de-presion-pelotas-ball-rescuer-5\/"]}]},{"@type":"ImageObject","inLanguage":"pt-PT","@id":"https:\/\/revolutionpadelstore.com\/pt-pt\/produto\/cargador-de-presion-pelotas-ball-rescuer-5\/#primaryimage","url":"https:\/\/revolutionpadelstore.com\/wp-content\/uploads\/2024\/03\/cargador-de-presion-pelotas-ball-rescuer-es-1-800x800-1.jpg","contentUrl":"https:\/\/revolutionpadelstore.com\/wp-content\/uploads\/2024\/03\/cargador-de-presion-pelotas-ball-rescuer-es-1-800x800-1.jpg","width":800,"height":800,"caption":"Cargador de Presion Pelotas Ball Rescuer"},{"@type":"BreadcrumbList","@id":"https:\/\/revolutionpadelstore.com\/pt-pt\/produto\/cargador-de-presion-pelotas-ball-rescuer-5\/#breadcrumb","itemListElement":[{"@type":"ListItem","position":1,"name":"Portada","item":"https:\/\/revolutionpadelstore.com\/pt-pt\/"},{"@type":"ListItem","position":2,"name":"Tienda","item":"https:\/\/revolutionpadelstore.com\/pt-pt\/tienda\/"},{"@type":"ListItem","position":3,"name":"Cargador de Presion Pelotas Ball Rescuer"}]},{"@type":"WebSite","@id":"https:\/\/revolutionpadelstore.com\/pt-pt\/#website","url":"https:\/\/revolutionpadelstore.com\/pt-pt\/","name":"Revolution Padel Store","description":"","publisher":{"@id":"https:\/\/revolutionpadelstore.com\/pt-pt\/#organization"},"potentialAction":[{"@type":"SearchAction","target":{"@type":"EntryPoint","urlTemplate":"https:\/\/revolutionpadelstore.com\/pt-pt\/?s={search_term_string}"},"query-input":{"@type":"PropertyValueSpecification","valueRequired":true,"valueName":"search_term_string"}}],"inLanguage":"pt-PT"},{"@type":"Organization","@id":"https:\/\/revolutionpadelstore.com\/pt-pt\/#organization","name":"Revolution Padel Store","url":"https:\/\/revolutionpadelstore.com\/pt-pt\/","logo":{"@type":"ImageObject","inLanguage":"pt-PT","@id":"https:\/\/revolutionpadelstore.com\/pt-pt\/#\/schema\/logo\/image\/","url":"https:\/\/revolutionpadelstore.com\/wp-content\/uploads\/2026\/02\/revolution-padel-store.jpg","contentUrl":"https:\/\/revolutionpadelstore.com\/wp-content\/uploads\/2026\/02\/revolution-padel-store.jpg","width":2000,"height":2000,"caption":"Revolution Padel Store"},"image":{"@id":"https:\/\/revolutionpadelstore.com\/pt-pt\/#\/schema\/logo\/image\/"},"sameAs":["https:\/\/www.instagram.com\/revolutionpadelstore\/"]}]}},"_links":{"self":[{"href":"https:\/\/revolutionpadelstore.com\/pt-pt\/wp-json\/wp\/v2\/product\/21221","targetHints":{"allow":["GET"]}}],"collection":[{"href":"https:\/\/revolutionpadelstore.com\/pt-pt\/wp-json\/wp\/v2\/product"}],"about":[{"href":"https:\/\/revolutionpadelstore.com\/pt-pt\/wp-json\/wp\/v2\/types\/product"}],"replies":[{"embeddable":true,"href":"https:\/\/revolutionpadelstore.com\/pt-pt\/wp-json\/wp\/v2\/comments?post=21221"}],"wp:featuredmedia":[{"embeddable":true,"href":"https:\/\/revolutionpadelstore.com\/pt-pt\/wp-json\/wp\/v2\/media\/1665"}],"wp:attachment":[{"href":"https:\/\/revolutionpadelstore.com\/pt-pt\/wp-json\/wp\/v2\/media?parent=21221"}],"wp:term":[{"taxonomy":"acabado","embeddable":true,"href":"https:\/\/revolutionpadelstore.com\/pt-pt\/wp-json\/wp\/v2\/acabado?post=21221"},{"taxonomy":"balance","embeddable":true,"href":"https:\/\/revolutionpadelstore.com\/pt-pt\/wp-json\/wp\/v2\/balance?post=21221"},{"taxonomy":"dureza","embeddable":true,"href":"https:\/\/revolutionpadelstore.com\/pt-pt\/wp-json\/wp\/v2\/dureza?post=21221"},{"taxonomy":"forma","embeddable":true,"href":"https:\/\/revolutionpadelstore.com\/pt-pt\/wp-json\/wp\/v2\/forma?post=21221"},{"taxonomy":"jugador","embeddable":true,"href":"https:\/\/revolutionpadelstore.com\/pt-pt\/wp-json\/wp\/v2\/jugador?post=21221"},{"taxonomy":"marca","embeddable":true,"href":"https:\/\/revolutionpadelstore.com\/pt-pt\/wp-json\/wp\/v2\/marca?post=21221"},{"taxonomy":"nivel-de-juego","embeddable":true,"href":"https:\/\/revolutionpadelstore.com\/pt-pt\/wp-json\/wp\/v2\/nivel-de-juego?post=21221"},{"taxonomy":"superficie","embeddable":true,"href":"https:\/\/revolutionpadelstore.com\/pt-pt\/wp-json\/wp\/v2\/superficie?post=21221"},{"taxonomy":"tipo-de-juego","embeddable":true,"href":"https:\/\/revolutionpadelstore.com\/pt-pt\/wp-json\/wp\/v2\/tipo-de-juego?post=21221"},{"taxonomy":"product_brand","embeddable":true,"href":"https:\/\/revolutionpadelstore.com\/pt-pt\/wp-json\/wp\/v2\/product_brand?post=21221"},{"taxonomy":"product_cat","embeddable":true,"href":"https:\/\/revolutionpadelstore.com\/pt-pt\/wp-json\/wp\/v2\/product_cat?post=21221"},{"taxonomy":"product_tag","embeddable":true,"href":"https:\/\/revolutionpadelstore.com\/pt-pt\/wp-json\/wp\/v2\/product_tag?post=21221"}],"curies":[{"name":"wp","href":"https:\/\/api.w.org\/{rel}","templated":true}]}}