{"id":21211,"date":"2024-03-11T11:07:04","date_gmt":"2024-03-11T10:07:04","guid":{"rendered":"https:\/\/revolutionpadelstore.com\/cargador-de-presion-pascal-box-4-pelotas\/"},"modified":"2026-04-08T15:44:14","modified_gmt":"2026-04-08T13:44:14","slug":"cargador-de-presion-pascal-box-4-pelotas-5","status":"publish","type":"product","link":"https:\/\/revolutionpadelstore.com\/pt-pt\/produto\/cargador-de-presion-pascal-box-4-pelotas-5\/","title":{"rendered":"Cargador de Presion Pascal Box 4 Pelotas"},"content":{"rendered":"<p>PRECIS\u00c3O E GARANTIA<\/p>\n<p>Projetado para jogadores de t\u00eanis e padel de todos os n\u00edveis.<br \/>\nO Pascal Box 4B \u00e9 um sistema de infla\u00e7\u00e3o de precis\u00e3o que garantir\u00e1 que as suas bolas ter\u00e3o sempre a press\u00e3o regulamentar e o salto perfeito.<\/p>\n<p>O Pascal Box 4B foi constru\u00eddo para durar.<br \/>\nDesign s\u00f3lido feito com materiais de alta resist\u00eancia para que voc\u00ea possa desfrutar de bolas com a press\u00e3o perfeita por muitos anos em cada partida.<\/p>\n<p>BENEF\u00cdCIOS DA PASCAL BOX\u00ae 4B<\/p>\n<p>VOC\u00ca JOGA PADEL, T\u00caNIS OU FRONT\u00caNIS?<\/p>\n<p>Experi\u00eancia de jogo perfeita.<br \/>\nGarante a melhor experi\u00eancia de jogo poss\u00edvel, as bolas sempre quicar\u00e3o como se fossem novas.<\/p>\n<p>Salvando.<\/p>\n<p>Agora voc\u00ea realmente aproveitar\u00e1 seu investimento em bolas, pois obter\u00e1 o m\u00e1ximo desempenho ao longo de sua vida \u00fatil.<br \/>\nChega de comprar bolas e us\u00e1-las apenas uma ou duas vezes ou brincar com bolas soltas sem press\u00e3o.<\/p>\n<p>Reduz o impacto ambiental.<\/p>\n<p>Voc\u00ea ajudar\u00e1 a gerar menos res\u00edduos desnecess\u00e1rios (atualmente as bolas n\u00e3o s\u00e3o recicladas e v\u00e3o parar em aterros ou no mar) e menos CO2 (para cada quilo de borracha fabricada, s\u00e3o lan\u00e7ados na atmosfera 4 quilos de CO2, mais o CO2 produzido pelo transporte em navio do outro lado do mundo (as bolas s\u00e3o feitas na \u00c1sia)<\/p>\n<p>Previne les\u00f5es.<\/p>\n<p>Voc\u00ea pode regular a press\u00e3o das bolas de acordo com as condi\u00e7\u00f5es externas de temperatura, altitude, umidade e seu estilo de jogo, mais forte ou mais lento.<br \/>\nVoc\u00ea ainda evitar\u00e1 poss\u00edveis les\u00f5es no cotovelo e ombro por jogar com bolas soltas e gestos for\u00e7ados ao tentar bolas que n\u00e3o se comportam como deveriam.<\/p>\n<p>Sistema de infla\u00e7\u00e3o de bolas de t\u00eanis e padel.<\/p>\n<p>Capacidade para 4 bolas de paddle e t\u00eanis<\/p>\n<p>Man\u00f4metro de m\u00e1xima precis\u00e3o calibrado de acordo com os par\u00e2metros oficiais das Federa\u00e7\u00f5es Internacionais de T\u00eanis e Padel<\/p>\n<p>Tampa em fibra de vidro de alta resist\u00eancia<\/p>\n<p>Vidro fabricado em policarbonato de alta resist\u00eancia<\/p>\n<p>Sistema de abertura f\u00e1cil<\/p>\n<p>Produto 100% repar\u00e1vel: todos os componentes podem ser reparados ou substitu\u00eddos em caso de desgaste ou quebra.<\/p>\n<p>Conte\u00fado da caixa: Pascal Box 4B, bomba de infla\u00e7\u00e3o (o modelo pode variar), frasco de vaselina e instru\u00e7\u00f5es de uso e manuten\u00e7\u00e3o<\/p>\n<p>Projetado e fabricado na Espanha.<\/p>\n<p>PASCAL BOX\u00ae \u00daNICO NO MERCADO<\/p>\n<p>A CI\u00caNCIA AO SERVI\u00c7O DO ESPORTE<\/p>\n<p>Garantimos 100% de resultados. Pascal Box \u00e9 o \u00fanico sistema que pode manter at\u00e9 48 PSI de press\u00e3o indefinidamente.<\/p>\n<p>Nosso man\u00f4metro de precis\u00e3o garante que o sistema esteja fazendo seu trabalho.<br \/>\nSem esta garantia \u00e9 imposs\u00edvel saber se o equipamento est\u00e1 a cumprir a sua fun\u00e7\u00e3o.<br \/>\nO ar encontra o espa\u00e7o m\u00ednimo para escapar e se isso acontecer as bolas n\u00e3o podem ser infladas.<\/p>\n<p>Nota: Abaixo de 29 PSI a press\u00e3o n\u00e3o \u00e9 suficiente para romper a borracha da bola.<\/p>\n","protected":false},"excerpt":{"rendered":"<p>Carregador de press\u00e3o Pascal Box 4 bolas<\/p>\n","protected":false},"featured_media":1681,"comment_status":"open","ping_status":"closed","template":"","meta":{"_acf_changed":false,"_joinchat":[]},"acabado":[],"balance":[],"dureza":[],"forma":[],"jugador":[],"marca":[1285],"nivel-de-juego":[],"superficie":[],"tipo-de-juego":[],"product_brand":[],"product_cat":[604],"product_tag":[],"class_list":{"0":"post-21211","1":"product","2":"type-product","3":"status-publish","4":"has-post-thumbnail","6":"marca-caixa-pascal","7":"product_cat-bolas","9":"first","10":"outofstock","11":"taxable","12":"shipping-taxable","13":"purchasable","14":"product-type-simple"},"acf":[],"yoast_head":"<!-- This site is optimized with the Yoast SEO plugin v27.4 - https:\/\/yoast.com\/product\/yoast-seo-wordpress\/ -->\n<title>Cargador de Presion Pascal Box 4 Pelotas - Revolution Padel Store<\/title>\n<meta name=\"description\" content=\"Cargador de Presion Pascal Box 4 Pelotas\" \/>\n<meta name=\"robots\" content=\"index, follow, max-snippet:-1, max-image-preview:large, max-video-preview:-1\" \/>\n<link rel=\"canonical\" href=\"https:\/\/revolutionpadelstore.com\/pt-pt\/produto\/cargador-de-presion-pascal-box-4-pelotas-5\/\" \/>\n<meta property=\"og:locale\" content=\"pt_PT\" \/>\n<meta property=\"og:type\" content=\"article\" \/>\n<meta property=\"og:title\" content=\"Cargador de Presion Pascal Box 4 Pelotas - Revolution Padel Store\" \/>\n<meta property=\"og:description\" content=\"Cargador de Presion Pascal Box 4 Pelotas\" \/>\n<meta property=\"og:url\" content=\"https:\/\/revolutionpadelstore.com\/pt-pt\/produto\/cargador-de-presion-pascal-box-4-pelotas-5\/\" \/>\n<meta property=\"og:site_name\" content=\"Revolution Padel Store\" \/>\n<meta property=\"article:modified_time\" content=\"2026-04-08T13:44:14+00:00\" \/>\n<meta property=\"og:image\" content=\"https:\/\/revolutionpadelstore.com\/wp-content\/uploads\/2024\/03\/cargador-de-presion-pascal-box-4-pelotas-800x800-1.jpg\" \/>\n\t<meta property=\"og:image:width\" content=\"800\" \/>\n\t<meta property=\"og:image:height\" content=\"800\" \/>\n\t<meta property=\"og:image:type\" content=\"image\/jpeg\" \/>\n<meta name=\"twitter:card\" content=\"summary_large_image\" \/>\n<meta name=\"twitter:label1\" content=\"Tempo estimado de leitura\" \/>\n\t<meta name=\"twitter:data1\" content=\"1 minuto\" \/>\n<script type=\"application\/ld+json\" class=\"yoast-schema-graph\">{\"@context\":\"https:\\\/\\\/schema.org\",\"@graph\":[{\"@type\":\"WebPage\",\"@id\":\"https:\\\/\\\/revolutionpadelstore.com\\\/pt-pt\\\/produto\\\/cargador-de-presion-pascal-box-4-pelotas-5\\\/\",\"url\":\"https:\\\/\\\/revolutionpadelstore.com\\\/pt-pt\\\/produto\\\/cargador-de-presion-pascal-box-4-pelotas-5\\\/\",\"name\":\"Cargador de Presion Pascal Box 4 Pelotas - Revolution Padel Store\",\"isPartOf\":{\"@id\":\"https:\\\/\\\/revolutionpadelstore.com\\\/pt-pt\\\/#website\"},\"primaryImageOfPage\":{\"@id\":\"https:\\\/\\\/revolutionpadelstore.com\\\/pt-pt\\\/produto\\\/cargador-de-presion-pascal-box-4-pelotas-5\\\/#primaryimage\"},\"image\":{\"@id\":\"https:\\\/\\\/revolutionpadelstore.com\\\/pt-pt\\\/produto\\\/cargador-de-presion-pascal-box-4-pelotas-5\\\/#primaryimage\"},\"thumbnailUrl\":\"https:\\\/\\\/revolutionpadelstore.com\\\/wp-content\\\/uploads\\\/2024\\\/03\\\/cargador-de-presion-pascal-box-4-pelotas-800x800-1.jpg\",\"datePublished\":\"2024-03-11T10:07:04+00:00\",\"dateModified\":\"2026-04-08T13:44:14+00:00\",\"description\":\"Cargador de Presion Pascal Box 4 Pelotas\",\"breadcrumb\":{\"@id\":\"https:\\\/\\\/revolutionpadelstore.com\\\/pt-pt\\\/produto\\\/cargador-de-presion-pascal-box-4-pelotas-5\\\/#breadcrumb\"},\"inLanguage\":\"pt-PT\",\"potentialAction\":[{\"@type\":\"ReadAction\",\"target\":[\"https:\\\/\\\/revolutionpadelstore.com\\\/pt-pt\\\/produto\\\/cargador-de-presion-pascal-box-4-pelotas-5\\\/\"]}]},{\"@type\":\"ImageObject\",\"inLanguage\":\"pt-PT\",\"@id\":\"https:\\\/\\\/revolutionpadelstore.com\\\/pt-pt\\\/produto\\\/cargador-de-presion-pascal-box-4-pelotas-5\\\/#primaryimage\",\"url\":\"https:\\\/\\\/revolutionpadelstore.com\\\/wp-content\\\/uploads\\\/2024\\\/03\\\/cargador-de-presion-pascal-box-4-pelotas-800x800-1.jpg\",\"contentUrl\":\"https:\\\/\\\/revolutionpadelstore.com\\\/wp-content\\\/uploads\\\/2024\\\/03\\\/cargador-de-presion-pascal-box-4-pelotas-800x800-1.jpg\",\"width\":800,\"height\":800,\"caption\":\"Cargador de Presion Pascal Box 4 Pelotas\"},{\"@type\":\"BreadcrumbList\",\"@id\":\"https:\\\/\\\/revolutionpadelstore.com\\\/pt-pt\\\/produto\\\/cargador-de-presion-pascal-box-4-pelotas-5\\\/#breadcrumb\",\"itemListElement\":[{\"@type\":\"ListItem\",\"position\":1,\"name\":\"Portada\",\"item\":\"https:\\\/\\\/revolutionpadelstore.com\\\/pt-pt\\\/\"},{\"@type\":\"ListItem\",\"position\":2,\"name\":\"Tienda\",\"item\":\"https:\\\/\\\/revolutionpadelstore.com\\\/pt-pt\\\/tienda\\\/\"},{\"@type\":\"ListItem\",\"position\":3,\"name\":\"Cargador de Presion Pascal Box 4 Pelotas\"}]},{\"@type\":\"WebSite\",\"@id\":\"https:\\\/\\\/revolutionpadelstore.com\\\/pt-pt\\\/#website\",\"url\":\"https:\\\/\\\/revolutionpadelstore.com\\\/pt-pt\\\/\",\"name\":\"Revolution Padel Store\",\"description\":\"\",\"publisher\":{\"@id\":\"https:\\\/\\\/revolutionpadelstore.com\\\/pt-pt\\\/#organization\"},\"potentialAction\":[{\"@type\":\"SearchAction\",\"target\":{\"@type\":\"EntryPoint\",\"urlTemplate\":\"https:\\\/\\\/revolutionpadelstore.com\\\/pt-pt\\\/?s={search_term_string}\"},\"query-input\":{\"@type\":\"PropertyValueSpecification\",\"valueRequired\":true,\"valueName\":\"search_term_string\"}}],\"inLanguage\":\"pt-PT\"},{\"@type\":\"Organization\",\"@id\":\"https:\\\/\\\/revolutionpadelstore.com\\\/pt-pt\\\/#organization\",\"name\":\"Revolution Padel Store\",\"url\":\"https:\\\/\\\/revolutionpadelstore.com\\\/pt-pt\\\/\",\"logo\":{\"@type\":\"ImageObject\",\"inLanguage\":\"pt-PT\",\"@id\":\"https:\\\/\\\/revolutionpadelstore.com\\\/pt-pt\\\/#\\\/schema\\\/logo\\\/image\\\/\",\"url\":\"https:\\\/\\\/revolutionpadelstore.com\\\/wp-content\\\/uploads\\\/2026\\\/02\\\/revolution-padel-store.jpg\",\"contentUrl\":\"https:\\\/\\\/revolutionpadelstore.com\\\/wp-content\\\/uploads\\\/2026\\\/02\\\/revolution-padel-store.jpg\",\"width\":2000,\"height\":2000,\"caption\":\"Revolution Padel Store\"},\"image\":{\"@id\":\"https:\\\/\\\/revolutionpadelstore.com\\\/pt-pt\\\/#\\\/schema\\\/logo\\\/image\\\/\"},\"sameAs\":[\"https:\\\/\\\/www.instagram.com\\\/revolutionpadelstore\\\/\"]}]}<\/script>\n<!-- \/ Yoast SEO plugin. -->","yoast_head_json":{"title":"Cargador de Presion Pascal Box 4 Pelotas - Revolution Padel Store","description":"Cargador de Presion Pascal Box 4 Pelotas","robots":{"index":"index","follow":"follow","max-snippet":"max-snippet:-1","max-image-preview":"max-image-preview:large","max-video-preview":"max-video-preview:-1"},"canonical":"https:\/\/revolutionpadelstore.com\/pt-pt\/produto\/cargador-de-presion-pascal-box-4-pelotas-5\/","og_locale":"pt_PT","og_type":"article","og_title":"Cargador de Presion Pascal Box 4 Pelotas - Revolution Padel Store","og_description":"Cargador de Presion Pascal Box 4 Pelotas","og_url":"https:\/\/revolutionpadelstore.com\/pt-pt\/produto\/cargador-de-presion-pascal-box-4-pelotas-5\/","og_site_name":"Revolution Padel Store","article_modified_time":"2026-04-08T13:44:14+00:00","og_image":[{"width":800,"height":800,"url":"https:\/\/revolutionpadelstore.com\/wp-content\/uploads\/2024\/03\/cargador-de-presion-pascal-box-4-pelotas-800x800-1.jpg","type":"image\/jpeg"}],"twitter_card":"summary_large_image","twitter_misc":{"Tempo estimado de leitura":"1 minuto"},"schema":{"@context":"https:\/\/schema.org","@graph":[{"@type":"WebPage","@id":"https:\/\/revolutionpadelstore.com\/pt-pt\/produto\/cargador-de-presion-pascal-box-4-pelotas-5\/","url":"https:\/\/revolutionpadelstore.com\/pt-pt\/produto\/cargador-de-presion-pascal-box-4-pelotas-5\/","name":"Cargador de Presion Pascal Box 4 Pelotas - Revolution Padel Store","isPartOf":{"@id":"https:\/\/revolutionpadelstore.com\/pt-pt\/#website"},"primaryImageOfPage":{"@id":"https:\/\/revolutionpadelstore.com\/pt-pt\/produto\/cargador-de-presion-pascal-box-4-pelotas-5\/#primaryimage"},"image":{"@id":"https:\/\/revolutionpadelstore.com\/pt-pt\/produto\/cargador-de-presion-pascal-box-4-pelotas-5\/#primaryimage"},"thumbnailUrl":"https:\/\/revolutionpadelstore.com\/wp-content\/uploads\/2024\/03\/cargador-de-presion-pascal-box-4-pelotas-800x800-1.jpg","datePublished":"2024-03-11T10:07:04+00:00","dateModified":"2026-04-08T13:44:14+00:00","description":"Cargador de Presion Pascal Box 4 Pelotas","breadcrumb":{"@id":"https:\/\/revolutionpadelstore.com\/pt-pt\/produto\/cargador-de-presion-pascal-box-4-pelotas-5\/#breadcrumb"},"inLanguage":"pt-PT","potentialAction":[{"@type":"ReadAction","target":["https:\/\/revolutionpadelstore.com\/pt-pt\/produto\/cargador-de-presion-pascal-box-4-pelotas-5\/"]}]},{"@type":"ImageObject","inLanguage":"pt-PT","@id":"https:\/\/revolutionpadelstore.com\/pt-pt\/produto\/cargador-de-presion-pascal-box-4-pelotas-5\/#primaryimage","url":"https:\/\/revolutionpadelstore.com\/wp-content\/uploads\/2024\/03\/cargador-de-presion-pascal-box-4-pelotas-800x800-1.jpg","contentUrl":"https:\/\/revolutionpadelstore.com\/wp-content\/uploads\/2024\/03\/cargador-de-presion-pascal-box-4-pelotas-800x800-1.jpg","width":800,"height":800,"caption":"Cargador de Presion Pascal Box 4 Pelotas"},{"@type":"BreadcrumbList","@id":"https:\/\/revolutionpadelstore.com\/pt-pt\/produto\/cargador-de-presion-pascal-box-4-pelotas-5\/#breadcrumb","itemListElement":[{"@type":"ListItem","position":1,"name":"Portada","item":"https:\/\/revolutionpadelstore.com\/pt-pt\/"},{"@type":"ListItem","position":2,"name":"Tienda","item":"https:\/\/revolutionpadelstore.com\/pt-pt\/tienda\/"},{"@type":"ListItem","position":3,"name":"Cargador de Presion Pascal Box 4 Pelotas"}]},{"@type":"WebSite","@id":"https:\/\/revolutionpadelstore.com\/pt-pt\/#website","url":"https:\/\/revolutionpadelstore.com\/pt-pt\/","name":"Revolution Padel Store","description":"","publisher":{"@id":"https:\/\/revolutionpadelstore.com\/pt-pt\/#organization"},"potentialAction":[{"@type":"SearchAction","target":{"@type":"EntryPoint","urlTemplate":"https:\/\/revolutionpadelstore.com\/pt-pt\/?s={search_term_string}"},"query-input":{"@type":"PropertyValueSpecification","valueRequired":true,"valueName":"search_term_string"}}],"inLanguage":"pt-PT"},{"@type":"Organization","@id":"https:\/\/revolutionpadelstore.com\/pt-pt\/#organization","name":"Revolution Padel Store","url":"https:\/\/revolutionpadelstore.com\/pt-pt\/","logo":{"@type":"ImageObject","inLanguage":"pt-PT","@id":"https:\/\/revolutionpadelstore.com\/pt-pt\/#\/schema\/logo\/image\/","url":"https:\/\/revolutionpadelstore.com\/wp-content\/uploads\/2026\/02\/revolution-padel-store.jpg","contentUrl":"https:\/\/revolutionpadelstore.com\/wp-content\/uploads\/2026\/02\/revolution-padel-store.jpg","width":2000,"height":2000,"caption":"Revolution Padel Store"},"image":{"@id":"https:\/\/revolutionpadelstore.com\/pt-pt\/#\/schema\/logo\/image\/"},"sameAs":["https:\/\/www.instagram.com\/revolutionpadelstore\/"]}]}},"_links":{"self":[{"href":"https:\/\/revolutionpadelstore.com\/pt-pt\/wp-json\/wp\/v2\/product\/21211","targetHints":{"allow":["GET"]}}],"collection":[{"href":"https:\/\/revolutionpadelstore.com\/pt-pt\/wp-json\/wp\/v2\/product"}],"about":[{"href":"https:\/\/revolutionpadelstore.com\/pt-pt\/wp-json\/wp\/v2\/types\/product"}],"replies":[{"embeddable":true,"href":"https:\/\/revolutionpadelstore.com\/pt-pt\/wp-json\/wp\/v2\/comments?post=21211"}],"wp:featuredmedia":[{"embeddable":true,"href":"https:\/\/revolutionpadelstore.com\/pt-pt\/wp-json\/wp\/v2\/media\/1681"}],"wp:attachment":[{"href":"https:\/\/revolutionpadelstore.com\/pt-pt\/wp-json\/wp\/v2\/media?parent=21211"}],"wp:term":[{"taxonomy":"acabado","embeddable":true,"href":"https:\/\/revolutionpadelstore.com\/pt-pt\/wp-json\/wp\/v2\/acabado?post=21211"},{"taxonomy":"balance","embeddable":true,"href":"https:\/\/revolutionpadelstore.com\/pt-pt\/wp-json\/wp\/v2\/balance?post=21211"},{"taxonomy":"dureza","embeddable":true,"href":"https:\/\/revolutionpadelstore.com\/pt-pt\/wp-json\/wp\/v2\/dureza?post=21211"},{"taxonomy":"forma","embeddable":true,"href":"https:\/\/revolutionpadelstore.com\/pt-pt\/wp-json\/wp\/v2\/forma?post=21211"},{"taxonomy":"jugador","embeddable":true,"href":"https:\/\/revolutionpadelstore.com\/pt-pt\/wp-json\/wp\/v2\/jugador?post=21211"},{"taxonomy":"marca","embeddable":true,"href":"https:\/\/revolutionpadelstore.com\/pt-pt\/wp-json\/wp\/v2\/marca?post=21211"},{"taxonomy":"nivel-de-juego","embeddable":true,"href":"https:\/\/revolutionpadelstore.com\/pt-pt\/wp-json\/wp\/v2\/nivel-de-juego?post=21211"},{"taxonomy":"superficie","embeddable":true,"href":"https:\/\/revolutionpadelstore.com\/pt-pt\/wp-json\/wp\/v2\/superficie?post=21211"},{"taxonomy":"tipo-de-juego","embeddable":true,"href":"https:\/\/revolutionpadelstore.com\/pt-pt\/wp-json\/wp\/v2\/tipo-de-juego?post=21211"},{"taxonomy":"product_brand","embeddable":true,"href":"https:\/\/revolutionpadelstore.com\/pt-pt\/wp-json\/wp\/v2\/product_brand?post=21211"},{"taxonomy":"product_cat","embeddable":true,"href":"https:\/\/revolutionpadelstore.com\/pt-pt\/wp-json\/wp\/v2\/product_cat?post=21211"},{"taxonomy":"product_tag","embeddable":true,"href":"https:\/\/revolutionpadelstore.com\/pt-pt\/wp-json\/wp\/v2\/product_tag?post=21211"}],"curies":[{"name":"wp","href":"https:\/\/api.w.org\/{rel}","templated":true}]}}