{"id":20991,"date":"2024-03-11T14:27:08","date_gmt":"2024-03-11T13:27:08","guid":{"rendered":"https:\/\/revolutionpadelstore.com\/grip-hesacore-bullpadel-talla-unica\/"},"modified":"2026-04-08T15:29:33","modified_gmt":"2026-04-08T13:29:33","slug":"hesacore-bullpadel-grip-012-blanco-5","status":"publish","type":"product","link":"https:\/\/revolutionpadelstore.com\/pt-pt\/produto\/hesacore-bullpadel-grip-012-blanco-5\/","title":{"rendered":"HESACORE BULLPADEL GRIP 012 BLANCO"},"content":{"rendered":"<p><H2> Bullpadel Hesacore: ader\u00eancia perfeita e conforto em seu jogo <\/h2>\n<p><H2> Por que escolher o bullpadel de Hesacore?<br \/>\nO bullpadel <strong> Hesacore <\/strong> \u00e9 a solu\u00e7\u00e3o ideal para melhorar sua experi\u00eancia na pista. Seu design inovador na forma de um favo de mel reduz significativamente o esfor\u00e7o necess\u00e1rio para manter a p\u00e1, aliviando a press\u00e3o na m\u00e3o e evitando o desconforto durante o jogo. Essa ader\u00eancia de alta qualidade diminui as vibra\u00e7\u00f5es geradas atingindo a bola, o que contribui para evitar les\u00f5es como o cotovelo do t\u00eanis. Al\u00e9m disso, melhora a ader\u00eancia e controla a transpira\u00e7\u00e3o para que o suor n\u00e3o afete seu desempenho nos momentos mais intensos.<br \/>\n<H2> Para quem voc\u00ea foi projetado?<br \/>\nO bullpadel de Hesacore foi projetado para jogadores de todos os n\u00edveis que procuram uma ader\u00eancia mais alta e uma experi\u00eancia de jogo mais confort\u00e1vel. Voc\u00ea j\u00e1 \u00e9 um iniciante que quer ganhar confian\u00e7a ou um profissional que precisa de m\u00e1xima precis\u00e3o, essa ader\u00eancia facilita os movimentos fluidos e evita chinelos, oferecendo seguran\u00e7a e conforto em cada golpe.<br \/>\n<H2> Design \u00fanico e elegante <\/h2>\n<ul>\n<li> <strong> estilo pr\u00e1tico e limpo <\/strong>: seu design em forma de favo de mel n\u00e3o \u00e9 apenas funcional, mas tamb\u00e9m esteticamente atraente. Dispon\u00edvel em branco, traz um toque elegante e minimalista \u00e0 sua p\u00e1\n<\/ul>\n<p><H2> Principais caracter\u00edsticas t\u00e9cnicas <\/h2>\n<ul>\n<li> <strong> posicionamento r\u00e1pido e simples <\/strong>: pronto para uso em alguns minutos\n<li> <strong> Adaptabilidade universal <\/strong>: Compat\u00edvel com qualquer modelo de p\u00e1s\n<li> <strong> Material premium <\/strong>: fabricado em silicone suave e flex\u00edvel, garante durabilidade e conforto\n<li> <strong> Design hexagonal <\/strong>: fornece um descanso ergon\u00f4mico para os dedos, relaxando os m\u00fasculos da m\u00e3o, punho e antebra\u00e7o\n<li> <strong> Controle de vibra\u00e7\u00f5es <\/strong>: reduz a transmiss\u00e3o de vibra\u00e7\u00f5es ao atingir a bola\n<li> <strong> Antitranspirante <\/strong>: Permite o desempenho ideal sem que o suor seja um problema\n<\/ul>\n<p><H2> Vantagens -chave <\/h2>\n<ul>\n<li> Aliviar a press\u00e3o e minimizar o risco de les\u00f5es no cotovelo e no ombro\n<li> Melhora o controle e a estabilidade da p\u00e1\n<li> Ajude a manter uma postura ergon\u00f4mica durante o jogo\n<\/ul>\n<p>Obtenha o bullpadel <strong> Hesacore <\/strong> e transforme sua experi\u00eancia de jogo. Dispon\u00edvel em nossa loja on -line, <a href=\"https:\/\/www.revolutionpadelstore.com\/\"> www.revolutionpadelstore.com <\/a>, provavelmente com o melhor pre\u00e7o de mercado. Compre agora e leve seu jogo para o pr\u00f3ximo n\u00edvel!<\/p>\n<p><Hr \/><\/p>\n<p><strong> Meta descri\u00e7\u00e3o para SEO: <\/strong><\/p>\n","protected":false},"excerpt":{"rendered":"<p>Hesacore Bullpadel Grip &#8211; Talla Unica<\/p>\n","protected":false},"featured_media":53490,"comment_status":"open","ping_status":"closed","template":"","meta":{"_acf_changed":false,"_joinchat":[]},"acabado":[],"balance":[],"dureza":[],"forma":[],"jugador":[],"marca":[1255],"nivel-de-juego":[],"superficie":[],"tipo-de-juego":[],"product_brand":[],"product_cat":[559],"product_tag":[],"class_list":{"0":"post-20991","1":"product","2":"type-product","3":"status-publish","4":"has-post-thumbnail","6":"marca-bullpadel-pt-pt","7":"product_cat-acessorios","9":"first","10":"outofstock","11":"sale","12":"taxable","13":"shipping-taxable","14":"purchasable","15":"product-type-simple"},"acf":[],"yoast_head":"<!-- This site is optimized with the Yoast SEO plugin v27.4 - https:\/\/yoast.com\/product\/yoast-seo-wordpress\/ -->\n<title>HESACORE BULLPADEL GRIP 012 BLANCO - Revolution Padel Store<\/title>\n<meta name=\"description\" content=\"Grip Hesacore Bullpadel - Talla Unica\" \/>\n<meta name=\"robots\" content=\"index, follow, max-snippet:-1, max-image-preview:large, max-video-preview:-1\" \/>\n<link rel=\"canonical\" href=\"https:\/\/revolutionpadelstore.com\/pt-pt\/produto\/hesacore-bullpadel-grip-012-blanco-5\/\" \/>\n<meta property=\"og:locale\" content=\"pt_PT\" \/>\n<meta property=\"og:type\" content=\"article\" \/>\n<meta property=\"og:title\" content=\"HESACORE BULLPADEL GRIP 012 BLANCO - Revolution Padel Store\" \/>\n<meta property=\"og:description\" content=\"Grip Hesacore Bullpadel - Talla Unica\" \/>\n<meta property=\"og:url\" content=\"https:\/\/revolutionpadelstore.com\/pt-pt\/produto\/hesacore-bullpadel-grip-012-blanco-5\/\" \/>\n<meta property=\"og:site_name\" content=\"Revolution Padel Store\" \/>\n<meta property=\"article:modified_time\" content=\"2026-04-08T13:29:33+00:00\" \/>\n<meta property=\"og:image\" content=\"https:\/\/revolutionpadelstore.com\/wp-content\/uploads\/2024\/03\/grip-hesacore-bullpadel-talla-Unica-800x800-1.webp\" \/>\n\t<meta property=\"og:image:width\" content=\"800\" \/>\n\t<meta property=\"og:image:height\" content=\"800\" \/>\n\t<meta property=\"og:image:type\" content=\"image\/webp\" \/>\n<meta name=\"twitter:card\" content=\"summary_large_image\" \/>\n<meta name=\"twitter:label1\" content=\"Tempo estimado de leitura\" \/>\n\t<meta name=\"twitter:data1\" content=\"1 minuto\" \/>\n<script type=\"application\/ld+json\" class=\"yoast-schema-graph\">{\"@context\":\"https:\\\/\\\/schema.org\",\"@graph\":[{\"@type\":\"WebPage\",\"@id\":\"https:\\\/\\\/revolutionpadelstore.com\\\/pt-pt\\\/produto\\\/hesacore-bullpadel-grip-012-blanco-5\\\/\",\"url\":\"https:\\\/\\\/revolutionpadelstore.com\\\/pt-pt\\\/produto\\\/hesacore-bullpadel-grip-012-blanco-5\\\/\",\"name\":\"HESACORE BULLPADEL GRIP 012 BLANCO - Revolution Padel Store\",\"isPartOf\":{\"@id\":\"https:\\\/\\\/revolutionpadelstore.com\\\/pt-pt\\\/#website\"},\"primaryImageOfPage\":{\"@id\":\"https:\\\/\\\/revolutionpadelstore.com\\\/pt-pt\\\/produto\\\/hesacore-bullpadel-grip-012-blanco-5\\\/#primaryimage\"},\"image\":{\"@id\":\"https:\\\/\\\/revolutionpadelstore.com\\\/pt-pt\\\/produto\\\/hesacore-bullpadel-grip-012-blanco-5\\\/#primaryimage\"},\"thumbnailUrl\":\"https:\\\/\\\/revolutionpadelstore.com\\\/wp-content\\\/uploads\\\/2024\\\/03\\\/grip-hesacore-bullpadel-talla-Unica-800x800-1.webp\",\"datePublished\":\"2024-03-11T13:27:08+00:00\",\"dateModified\":\"2026-04-08T13:29:33+00:00\",\"description\":\"Grip Hesacore Bullpadel - Talla Unica\",\"breadcrumb\":{\"@id\":\"https:\\\/\\\/revolutionpadelstore.com\\\/pt-pt\\\/produto\\\/hesacore-bullpadel-grip-012-blanco-5\\\/#breadcrumb\"},\"inLanguage\":\"pt-PT\",\"potentialAction\":[{\"@type\":\"ReadAction\",\"target\":[\"https:\\\/\\\/revolutionpadelstore.com\\\/pt-pt\\\/produto\\\/hesacore-bullpadel-grip-012-blanco-5\\\/\"]}]},{\"@type\":\"ImageObject\",\"inLanguage\":\"pt-PT\",\"@id\":\"https:\\\/\\\/revolutionpadelstore.com\\\/pt-pt\\\/produto\\\/hesacore-bullpadel-grip-012-blanco-5\\\/#primaryimage\",\"url\":\"https:\\\/\\\/revolutionpadelstore.com\\\/wp-content\\\/uploads\\\/2024\\\/03\\\/grip-hesacore-bullpadel-talla-Unica-800x800-1.webp\",\"contentUrl\":\"https:\\\/\\\/revolutionpadelstore.com\\\/wp-content\\\/uploads\\\/2024\\\/03\\\/grip-hesacore-bullpadel-talla-Unica-800x800-1.webp\",\"width\":800,\"height\":800},{\"@type\":\"BreadcrumbList\",\"@id\":\"https:\\\/\\\/revolutionpadelstore.com\\\/pt-pt\\\/produto\\\/hesacore-bullpadel-grip-012-blanco-5\\\/#breadcrumb\",\"itemListElement\":[{\"@type\":\"ListItem\",\"position\":1,\"name\":\"Portada\",\"item\":\"https:\\\/\\\/revolutionpadelstore.com\\\/pt-pt\\\/\"},{\"@type\":\"ListItem\",\"position\":2,\"name\":\"Tienda\",\"item\":\"https:\\\/\\\/revolutionpadelstore.com\\\/pt-pt\\\/tienda\\\/\"},{\"@type\":\"ListItem\",\"position\":3,\"name\":\"HESACORE BULLPADEL GRIP 012 BLANCO\"}]},{\"@type\":\"WebSite\",\"@id\":\"https:\\\/\\\/revolutionpadelstore.com\\\/pt-pt\\\/#website\",\"url\":\"https:\\\/\\\/revolutionpadelstore.com\\\/pt-pt\\\/\",\"name\":\"Revolution Padel Store\",\"description\":\"\",\"publisher\":{\"@id\":\"https:\\\/\\\/revolutionpadelstore.com\\\/pt-pt\\\/#organization\"},\"potentialAction\":[{\"@type\":\"SearchAction\",\"target\":{\"@type\":\"EntryPoint\",\"urlTemplate\":\"https:\\\/\\\/revolutionpadelstore.com\\\/pt-pt\\\/?s={search_term_string}\"},\"query-input\":{\"@type\":\"PropertyValueSpecification\",\"valueRequired\":true,\"valueName\":\"search_term_string\"}}],\"inLanguage\":\"pt-PT\"},{\"@type\":\"Organization\",\"@id\":\"https:\\\/\\\/revolutionpadelstore.com\\\/pt-pt\\\/#organization\",\"name\":\"Revolution Padel Store\",\"url\":\"https:\\\/\\\/revolutionpadelstore.com\\\/pt-pt\\\/\",\"logo\":{\"@type\":\"ImageObject\",\"inLanguage\":\"pt-PT\",\"@id\":\"https:\\\/\\\/revolutionpadelstore.com\\\/pt-pt\\\/#\\\/schema\\\/logo\\\/image\\\/\",\"url\":\"https:\\\/\\\/revolutionpadelstore.com\\\/wp-content\\\/uploads\\\/2026\\\/02\\\/revolution-padel-store.jpg\",\"contentUrl\":\"https:\\\/\\\/revolutionpadelstore.com\\\/wp-content\\\/uploads\\\/2026\\\/02\\\/revolution-padel-store.jpg\",\"width\":2000,\"height\":2000,\"caption\":\"Revolution Padel Store\"},\"image\":{\"@id\":\"https:\\\/\\\/revolutionpadelstore.com\\\/pt-pt\\\/#\\\/schema\\\/logo\\\/image\\\/\"},\"sameAs\":[\"https:\\\/\\\/www.instagram.com\\\/revolutionpadelstore\\\/\"]}]}<\/script>\n<!-- \/ Yoast SEO plugin. -->","yoast_head_json":{"title":"HESACORE BULLPADEL GRIP 012 BLANCO - Revolution Padel Store","description":"Grip Hesacore Bullpadel - Talla Unica","robots":{"index":"index","follow":"follow","max-snippet":"max-snippet:-1","max-image-preview":"max-image-preview:large","max-video-preview":"max-video-preview:-1"},"canonical":"https:\/\/revolutionpadelstore.com\/pt-pt\/produto\/hesacore-bullpadel-grip-012-blanco-5\/","og_locale":"pt_PT","og_type":"article","og_title":"HESACORE BULLPADEL GRIP 012 BLANCO - Revolution Padel Store","og_description":"Grip Hesacore Bullpadel - Talla Unica","og_url":"https:\/\/revolutionpadelstore.com\/pt-pt\/produto\/hesacore-bullpadel-grip-012-blanco-5\/","og_site_name":"Revolution Padel Store","article_modified_time":"2026-04-08T13:29:33+00:00","og_image":[{"width":800,"height":800,"url":"https:\/\/revolutionpadelstore.com\/wp-content\/uploads\/2024\/03\/grip-hesacore-bullpadel-talla-Unica-800x800-1.webp","type":"image\/webp"}],"twitter_card":"summary_large_image","twitter_misc":{"Tempo estimado de leitura":"1 minuto"},"schema":{"@context":"https:\/\/schema.org","@graph":[{"@type":"WebPage","@id":"https:\/\/revolutionpadelstore.com\/pt-pt\/produto\/hesacore-bullpadel-grip-012-blanco-5\/","url":"https:\/\/revolutionpadelstore.com\/pt-pt\/produto\/hesacore-bullpadel-grip-012-blanco-5\/","name":"HESACORE BULLPADEL GRIP 012 BLANCO - Revolution Padel Store","isPartOf":{"@id":"https:\/\/revolutionpadelstore.com\/pt-pt\/#website"},"primaryImageOfPage":{"@id":"https:\/\/revolutionpadelstore.com\/pt-pt\/produto\/hesacore-bullpadel-grip-012-blanco-5\/#primaryimage"},"image":{"@id":"https:\/\/revolutionpadelstore.com\/pt-pt\/produto\/hesacore-bullpadel-grip-012-blanco-5\/#primaryimage"},"thumbnailUrl":"https:\/\/revolutionpadelstore.com\/wp-content\/uploads\/2024\/03\/grip-hesacore-bullpadel-talla-Unica-800x800-1.webp","datePublished":"2024-03-11T13:27:08+00:00","dateModified":"2026-04-08T13:29:33+00:00","description":"Grip Hesacore Bullpadel - Talla Unica","breadcrumb":{"@id":"https:\/\/revolutionpadelstore.com\/pt-pt\/produto\/hesacore-bullpadel-grip-012-blanco-5\/#breadcrumb"},"inLanguage":"pt-PT","potentialAction":[{"@type":"ReadAction","target":["https:\/\/revolutionpadelstore.com\/pt-pt\/produto\/hesacore-bullpadel-grip-012-blanco-5\/"]}]},{"@type":"ImageObject","inLanguage":"pt-PT","@id":"https:\/\/revolutionpadelstore.com\/pt-pt\/produto\/hesacore-bullpadel-grip-012-blanco-5\/#primaryimage","url":"https:\/\/revolutionpadelstore.com\/wp-content\/uploads\/2024\/03\/grip-hesacore-bullpadel-talla-Unica-800x800-1.webp","contentUrl":"https:\/\/revolutionpadelstore.com\/wp-content\/uploads\/2024\/03\/grip-hesacore-bullpadel-talla-Unica-800x800-1.webp","width":800,"height":800},{"@type":"BreadcrumbList","@id":"https:\/\/revolutionpadelstore.com\/pt-pt\/produto\/hesacore-bullpadel-grip-012-blanco-5\/#breadcrumb","itemListElement":[{"@type":"ListItem","position":1,"name":"Portada","item":"https:\/\/revolutionpadelstore.com\/pt-pt\/"},{"@type":"ListItem","position":2,"name":"Tienda","item":"https:\/\/revolutionpadelstore.com\/pt-pt\/tienda\/"},{"@type":"ListItem","position":3,"name":"HESACORE BULLPADEL GRIP 012 BLANCO"}]},{"@type":"WebSite","@id":"https:\/\/revolutionpadelstore.com\/pt-pt\/#website","url":"https:\/\/revolutionpadelstore.com\/pt-pt\/","name":"Revolution Padel Store","description":"","publisher":{"@id":"https:\/\/revolutionpadelstore.com\/pt-pt\/#organization"},"potentialAction":[{"@type":"SearchAction","target":{"@type":"EntryPoint","urlTemplate":"https:\/\/revolutionpadelstore.com\/pt-pt\/?s={search_term_string}"},"query-input":{"@type":"PropertyValueSpecification","valueRequired":true,"valueName":"search_term_string"}}],"inLanguage":"pt-PT"},{"@type":"Organization","@id":"https:\/\/revolutionpadelstore.com\/pt-pt\/#organization","name":"Revolution Padel Store","url":"https:\/\/revolutionpadelstore.com\/pt-pt\/","logo":{"@type":"ImageObject","inLanguage":"pt-PT","@id":"https:\/\/revolutionpadelstore.com\/pt-pt\/#\/schema\/logo\/image\/","url":"https:\/\/revolutionpadelstore.com\/wp-content\/uploads\/2026\/02\/revolution-padel-store.jpg","contentUrl":"https:\/\/revolutionpadelstore.com\/wp-content\/uploads\/2026\/02\/revolution-padel-store.jpg","width":2000,"height":2000,"caption":"Revolution Padel Store"},"image":{"@id":"https:\/\/revolutionpadelstore.com\/pt-pt\/#\/schema\/logo\/image\/"},"sameAs":["https:\/\/www.instagram.com\/revolutionpadelstore\/"]}]}},"_links":{"self":[{"href":"https:\/\/revolutionpadelstore.com\/pt-pt\/wp-json\/wp\/v2\/product\/20991","targetHints":{"allow":["GET"]}}],"collection":[{"href":"https:\/\/revolutionpadelstore.com\/pt-pt\/wp-json\/wp\/v2\/product"}],"about":[{"href":"https:\/\/revolutionpadelstore.com\/pt-pt\/wp-json\/wp\/v2\/types\/product"}],"replies":[{"embeddable":true,"href":"https:\/\/revolutionpadelstore.com\/pt-pt\/wp-json\/wp\/v2\/comments?post=20991"}],"wp:featuredmedia":[{"embeddable":true,"href":"https:\/\/revolutionpadelstore.com\/pt-pt\/wp-json\/wp\/v2\/media\/53490"}],"wp:attachment":[{"href":"https:\/\/revolutionpadelstore.com\/pt-pt\/wp-json\/wp\/v2\/media?parent=20991"}],"wp:term":[{"taxonomy":"acabado","embeddable":true,"href":"https:\/\/revolutionpadelstore.com\/pt-pt\/wp-json\/wp\/v2\/acabado?post=20991"},{"taxonomy":"balance","embeddable":true,"href":"https:\/\/revolutionpadelstore.com\/pt-pt\/wp-json\/wp\/v2\/balance?post=20991"},{"taxonomy":"dureza","embeddable":true,"href":"https:\/\/revolutionpadelstore.com\/pt-pt\/wp-json\/wp\/v2\/dureza?post=20991"},{"taxonomy":"forma","embeddable":true,"href":"https:\/\/revolutionpadelstore.com\/pt-pt\/wp-json\/wp\/v2\/forma?post=20991"},{"taxonomy":"jugador","embeddable":true,"href":"https:\/\/revolutionpadelstore.com\/pt-pt\/wp-json\/wp\/v2\/jugador?post=20991"},{"taxonomy":"marca","embeddable":true,"href":"https:\/\/revolutionpadelstore.com\/pt-pt\/wp-json\/wp\/v2\/marca?post=20991"},{"taxonomy":"nivel-de-juego","embeddable":true,"href":"https:\/\/revolutionpadelstore.com\/pt-pt\/wp-json\/wp\/v2\/nivel-de-juego?post=20991"},{"taxonomy":"superficie","embeddable":true,"href":"https:\/\/revolutionpadelstore.com\/pt-pt\/wp-json\/wp\/v2\/superficie?post=20991"},{"taxonomy":"tipo-de-juego","embeddable":true,"href":"https:\/\/revolutionpadelstore.com\/pt-pt\/wp-json\/wp\/v2\/tipo-de-juego?post=20991"},{"taxonomy":"product_brand","embeddable":true,"href":"https:\/\/revolutionpadelstore.com\/pt-pt\/wp-json\/wp\/v2\/product_brand?post=20991"},{"taxonomy":"product_cat","embeddable":true,"href":"https:\/\/revolutionpadelstore.com\/pt-pt\/wp-json\/wp\/v2\/product_cat?post=20991"},{"taxonomy":"product_tag","embeddable":true,"href":"https:\/\/revolutionpadelstore.com\/pt-pt\/wp-json\/wp\/v2\/product_tag?post=20991"}],"curies":[{"name":"wp","href":"https:\/\/api.w.org\/{rel}","templated":true}]}}