{"id":20681,"date":"2024-03-13T12:15:04","date_gmt":"2024-03-13T11:15:04","guid":{"rendered":"https:\/\/revolutionpadelstore.com\/pala-adidas-metalbone-youth-3-2-junior-2023\/"},"modified":"2024-10-15T04:09:14","modified_gmt":"2024-10-15T02:09:14","slug":"pala-adidas-metalbone-youth-3-2-junior-2023","status":"publish","type":"product","link":"https:\/\/revolutionpadelstore.com\/pt-pt\/produto\/pala-adidas-metalbone-youth-3-2-junior-2023\/","title":{"rendered":"PALA ADIDAS METALBONE YOUTH 3.2 JUNIOR 2023"},"content":{"rendered":"<h2>Inicie seu filho no mundo do paddle com o novo Metalbone Youth 3.2<\/h2>\n<p>A <strong>Adidas<\/strong> apresenta na <strong>nova cole\u00e7\u00e3o 2023<\/strong> pensando no seu p\u00fablico mais jovem, o <strong>Metalbone Youth 3.2<\/strong>, um cabedal em&gt;oversize<\/strong> em formato de diamante. em&gt;<\/strong>, com o qual os pilares deste esporte ser\u00e3o fortalecidos desde o in\u00edcio. Al\u00e9m disso, o alto equil\u00edbrio e o ponto ideal localizado na cabe\u00e7a proporcionar\u00e3o uma pot\u00eancia incompar\u00e1vel a cada golpe.<\/p>\n<p>Por ser pensado para o <strong>p\u00fablico jovem<\/strong>, foi pensado levando em considera\u00e7\u00e3o a <strong>leveza<\/strong> como um dos pontos mais importantes. Portanto, seu peso varia entre <strong>330 e 345g<\/strong>. Esta raquete oferece <strong>mobilidade imbat\u00edvel<\/strong>, \u00e9 leve e com ela o <strong>jogo ser\u00e1 muito din\u00e2mico e \u00e1gil<\/strong>.<\/p>\n<h3>Uma raquete de padel para iniciantes ao n\u00edvel avan\u00e7ado<\/h3>\n<p>Da mesma forma, possui superf\u00edcie de vidro que se combina com a borracha Soft Performance EVA de baixa densidade, que proporciona maior conforto e facilidade de jogo. Os saques ser\u00e3o mais precisos.<\/p>\n<p>A arma\u00e7\u00e3o, assim como a superf\u00edcie, \u00e9 composta por<strong>fibra de vidro<\/strong>, um tecido de toque macio que proporciona elasticidade e flexibilidade \u00e0 raquete, proporcionando \u00f3timo rendimento de bola.<\/p>\n<h3>Projetado especialmente para os mais pequenos<\/h3>\n<p>O <strong>Metalbone Youth<\/strong> <strong>3.2 <\/strong>tamb\u00e9m permite uma excelente flexibilidade de jogo, pois incorpora a <strong><em>Smart Holes Curve&lt;\/em <\/strong>, que permitir\u00e1 voc\u00ea surpreende tanto seus advers\u00e1rios quanto os espectadores com suas primeiras bandejas e os efeitos que a bola atinge ao cair na quadra.<\/p>\n<p>Tal como tamb\u00e9m encontramos na sua vers\u00e3o para adultos, este modelo inclui a tecnologia <strong>Estrutura Octogonal<\/em><\/strong>, caracter\u00edstica desta linha Adidas. Gra\u00e7as a ela, os golpes ter\u00e3o for\u00e7a extra e ser\u00e3o muito mais letais em quadra.<\/p>\n<p>Quanto ao seu <strong>design exterior<\/strong>, possui o logotipo branco desenhado em grandes dimens\u00f5es ao longo do corpo da raquete, com a base em preto, o que n\u00e3o deixa d\u00favidas de que se trata de uma <strong>p\u00e1 Adidas <\/strong>.<\/p>\n<p>Adquira agora a nova raquete Metalbone Youth 3.2 e comece a desfrutar das alegrias deste esporte com seu filho!<\/p>\n<h2>Inicia a tu hijo en el mundo del p\u00e1del con la nueva Metalbone Youth 3.2<\/h2>\n","protected":false},"excerpt":{"rendered":"<p>N\u00e3o perca a oportunidade de come\u00e7ar no mundo do paddle com a raquete Adidas Metalbone Team Youth desenhada para crian\u00e7as! Seu jogo ser\u00e1 din\u00e2mico e \u00e1gil.<\/p>\n","protected":false},"featured_media":1060,"comment_status":"open","ping_status":"closed","template":"","meta":{"_acf_changed":false,"_joinchat":[]},"acabado":[],"balance":[],"dureza":[],"forma":[],"jugador":[],"marca":[],"nivel-de-juego":[],"superficie":[],"tipo-de-juego":[],"product_brand":[],"product_cat":[],"product_tag":[],"class_list":{"0":"post-20681","1":"product","2":"type-product","3":"status-publish","4":"has-post-thumbnail","7":"first","8":"outofstock","9":"sale","10":"taxable","11":"shipping-taxable","12":"purchasable","13":"product-type-simple"},"acf":[],"yoast_head":"<!-- This site is optimized with the Yoast SEO plugin v27.3 - https:\/\/yoast.com\/product\/yoast-seo-wordpress\/ -->\n<title>PALA ADIDAS METALBONE YOUTH 3.2 JUNIOR 2023 - Revolution Padel Store<\/title>\n<meta name=\"description\" content=\"\u00a1Hazte ya con la\u00a0nueva Pala Metalbone Youth 3.2\u00a0y empieza a\u00a0disfrutar con tu hijo\u00a0de las alegr\u00edas que da este deporte!\" \/>\n<meta name=\"robots\" content=\"index, follow, max-snippet:-1, max-image-preview:large, max-video-preview:-1\" \/>\n<link rel=\"canonical\" href=\"https:\/\/revolutionpadelstore.com\/pt-pt\/produto\/pala-adidas-metalbone-youth-3-2-junior-2023\/\" \/>\n<meta property=\"og:locale\" content=\"pt_PT\" \/>\n<meta property=\"og:type\" content=\"article\" \/>\n<meta property=\"og:title\" content=\"ADIDAS METALBONE YOUTH 3.2 JUNIOR 2023\" \/>\n<meta property=\"og:description\" content=\"\u00a1No pierdas la oportunidad de iniciarte en el mundo del p\u00e1del con la pala Metalbone Team Youth de Adidas dise\u00f1ada para ni\u00f1os! Tu juego ser\u00e1 din\u00e1mico y \u00e1gil.\" \/>\n<meta property=\"og:url\" content=\"https:\/\/revolutionpadelstore.com\/pt-pt\/produto\/pala-adidas-metalbone-youth-3-2-junior-2023\/\" \/>\n<meta property=\"og:site_name\" content=\"Revolution Padel Store\" \/>\n<meta property=\"article:modified_time\" content=\"2024-10-15T02:09:14+00:00\" \/>\n<meta property=\"og:image\" content=\"https:\/\/revolutionpadelstore.com\/wp-content\/uploads\/2024\/03\/adidas_metalbone_youth_32_rk4aa1u22_junior_32317_1_747e.webp\" \/>\n\t<meta property=\"og:image:width\" content=\"1200\" \/>\n\t<meta property=\"og:image:height\" content=\"1200\" \/>\n\t<meta property=\"og:image:type\" content=\"image\/webp\" \/>\n<meta name=\"twitter:card\" content=\"summary_large_image\" \/>\n<meta name=\"twitter:label1\" content=\"Tempo estimado de leitura\" \/>\n\t<meta name=\"twitter:data1\" content=\"2 minutos\" \/>\n<script type=\"application\/ld+json\" class=\"yoast-schema-graph\">{\"@context\":\"https:\\\/\\\/schema.org\",\"@graph\":[{\"@type\":\"WebPage\",\"@id\":\"https:\\\/\\\/revolutionpadelstore.com\\\/pt-pt\\\/produto\\\/pala-adidas-metalbone-youth-3-2-junior-2023\\\/\",\"url\":\"https:\\\/\\\/revolutionpadelstore.com\\\/pt-pt\\\/produto\\\/pala-adidas-metalbone-youth-3-2-junior-2023\\\/\",\"name\":\"PALA ADIDAS METALBONE YOUTH 3.2 JUNIOR 2023 - Revolution Padel Store\",\"isPartOf\":{\"@id\":\"https:\\\/\\\/revolutionpadelstore.com\\\/pt-pt\\\/#website\"},\"primaryImageOfPage\":{\"@id\":\"https:\\\/\\\/revolutionpadelstore.com\\\/pt-pt\\\/produto\\\/pala-adidas-metalbone-youth-3-2-junior-2023\\\/#primaryimage\"},\"image\":{\"@id\":\"https:\\\/\\\/revolutionpadelstore.com\\\/pt-pt\\\/produto\\\/pala-adidas-metalbone-youth-3-2-junior-2023\\\/#primaryimage\"},\"thumbnailUrl\":\"https:\\\/\\\/revolutionpadelstore.com\\\/wp-content\\\/uploads\\\/2024\\\/03\\\/adidas_metalbone_youth_32_rk4aa1u22_junior_32317_1_747e.webp\",\"datePublished\":\"2024-03-13T11:15:04+00:00\",\"dateModified\":\"2024-10-15T02:09:14+00:00\",\"description\":\"\u00a1Hazte ya con la\u00a0nueva Pala Metalbone Youth 3.2\u00a0y empieza a\u00a0disfrutar con tu hijo\u00a0de las alegr\u00edas que da este deporte!\",\"breadcrumb\":{\"@id\":\"https:\\\/\\\/revolutionpadelstore.com\\\/pt-pt\\\/produto\\\/pala-adidas-metalbone-youth-3-2-junior-2023\\\/#breadcrumb\"},\"inLanguage\":\"pt-PT\",\"potentialAction\":[{\"@type\":\"ReadAction\",\"target\":[\"https:\\\/\\\/revolutionpadelstore.com\\\/pt-pt\\\/produto\\\/pala-adidas-metalbone-youth-3-2-junior-2023\\\/\"]}]},{\"@type\":\"ImageObject\",\"inLanguage\":\"pt-PT\",\"@id\":\"https:\\\/\\\/revolutionpadelstore.com\\\/pt-pt\\\/produto\\\/pala-adidas-metalbone-youth-3-2-junior-2023\\\/#primaryimage\",\"url\":\"https:\\\/\\\/revolutionpadelstore.com\\\/wp-content\\\/uploads\\\/2024\\\/03\\\/adidas_metalbone_youth_32_rk4aa1u22_junior_32317_1_747e.webp\",\"contentUrl\":\"https:\\\/\\\/revolutionpadelstore.com\\\/wp-content\\\/uploads\\\/2024\\\/03\\\/adidas_metalbone_youth_32_rk4aa1u22_junior_32317_1_747e.webp\",\"width\":1200,\"height\":1200,\"caption\":\"ADIDAS METALBONE YOUTH 3.2 JUNIOR 2023\"},{\"@type\":\"BreadcrumbList\",\"@id\":\"https:\\\/\\\/revolutionpadelstore.com\\\/pt-pt\\\/produto\\\/pala-adidas-metalbone-youth-3-2-junior-2023\\\/#breadcrumb\",\"itemListElement\":[{\"@type\":\"ListItem\",\"position\":1,\"name\":\"Portada\",\"item\":\"https:\\\/\\\/revolutionpadelstore.com\\\/pt-pt\\\/\"},{\"@type\":\"ListItem\",\"position\":2,\"name\":\"Tienda\",\"item\":\"https:\\\/\\\/revolutionpadelstore.com\\\/pt-pt\\\/tienda\\\/\"},{\"@type\":\"ListItem\",\"position\":3,\"name\":\"PALA ADIDAS METALBONE YOUTH 3.2 JUNIOR 2023\"}]},{\"@type\":\"WebSite\",\"@id\":\"https:\\\/\\\/revolutionpadelstore.com\\\/pt-pt\\\/#website\",\"url\":\"https:\\\/\\\/revolutionpadelstore.com\\\/pt-pt\\\/\",\"name\":\"Revolution Padel Store\",\"description\":\"\",\"publisher\":{\"@id\":\"https:\\\/\\\/revolutionpadelstore.com\\\/pt-pt\\\/#organization\"},\"potentialAction\":[{\"@type\":\"SearchAction\",\"target\":{\"@type\":\"EntryPoint\",\"urlTemplate\":\"https:\\\/\\\/revolutionpadelstore.com\\\/pt-pt\\\/?s={search_term_string}\"},\"query-input\":{\"@type\":\"PropertyValueSpecification\",\"valueRequired\":true,\"valueName\":\"search_term_string\"}}],\"inLanguage\":\"pt-PT\"},{\"@type\":\"Organization\",\"@id\":\"https:\\\/\\\/revolutionpadelstore.com\\\/pt-pt\\\/#organization\",\"name\":\"Revolution Padel Store\",\"url\":\"https:\\\/\\\/revolutionpadelstore.com\\\/pt-pt\\\/\",\"logo\":{\"@type\":\"ImageObject\",\"inLanguage\":\"pt-PT\",\"@id\":\"https:\\\/\\\/revolutionpadelstore.com\\\/pt-pt\\\/#\\\/schema\\\/logo\\\/image\\\/\",\"url\":\"https:\\\/\\\/revolutionpadelstore.com\\\/wp-content\\\/uploads\\\/2026\\\/02\\\/revolution-padel-store.jpg\",\"contentUrl\":\"https:\\\/\\\/revolutionpadelstore.com\\\/wp-content\\\/uploads\\\/2026\\\/02\\\/revolution-padel-store.jpg\",\"width\":2000,\"height\":2000,\"caption\":\"Revolution Padel Store\"},\"image\":{\"@id\":\"https:\\\/\\\/revolutionpadelstore.com\\\/pt-pt\\\/#\\\/schema\\\/logo\\\/image\\\/\"},\"sameAs\":[\"https:\\\/\\\/www.instagram.com\\\/revolutionpadelstore\\\/\"]}]}<\/script>\n<!-- \/ Yoast SEO plugin. -->","yoast_head_json":{"title":"PALA ADIDAS METALBONE YOUTH 3.2 JUNIOR 2023 - Revolution Padel Store","description":"\u00a1Hazte ya con la\u00a0nueva Pala Metalbone Youth 3.2\u00a0y empieza a\u00a0disfrutar con tu hijo\u00a0de las alegr\u00edas que da este deporte!","robots":{"index":"index","follow":"follow","max-snippet":"max-snippet:-1","max-image-preview":"max-image-preview:large","max-video-preview":"max-video-preview:-1"},"canonical":"https:\/\/revolutionpadelstore.com\/pt-pt\/produto\/pala-adidas-metalbone-youth-3-2-junior-2023\/","og_locale":"pt_PT","og_type":"article","og_title":"ADIDAS METALBONE YOUTH 3.2 JUNIOR 2023","og_description":"\u00a1No pierdas la oportunidad de iniciarte en el mundo del p\u00e1del con la pala Metalbone Team Youth de Adidas dise\u00f1ada para ni\u00f1os! Tu juego ser\u00e1 din\u00e1mico y \u00e1gil.","og_url":"https:\/\/revolutionpadelstore.com\/pt-pt\/produto\/pala-adidas-metalbone-youth-3-2-junior-2023\/","og_site_name":"Revolution Padel Store","article_modified_time":"2024-10-15T02:09:14+00:00","og_image":[{"width":1200,"height":1200,"url":"https:\/\/revolutionpadelstore.com\/wp-content\/uploads\/2024\/03\/adidas_metalbone_youth_32_rk4aa1u22_junior_32317_1_747e.webp","type":"image\/webp"}],"twitter_card":"summary_large_image","twitter_misc":{"Tempo estimado de leitura":"2 minutos"},"schema":{"@context":"https:\/\/schema.org","@graph":[{"@type":"WebPage","@id":"https:\/\/revolutionpadelstore.com\/pt-pt\/produto\/pala-adidas-metalbone-youth-3-2-junior-2023\/","url":"https:\/\/revolutionpadelstore.com\/pt-pt\/produto\/pala-adidas-metalbone-youth-3-2-junior-2023\/","name":"PALA ADIDAS METALBONE YOUTH 3.2 JUNIOR 2023 - Revolution Padel Store","isPartOf":{"@id":"https:\/\/revolutionpadelstore.com\/pt-pt\/#website"},"primaryImageOfPage":{"@id":"https:\/\/revolutionpadelstore.com\/pt-pt\/produto\/pala-adidas-metalbone-youth-3-2-junior-2023\/#primaryimage"},"image":{"@id":"https:\/\/revolutionpadelstore.com\/pt-pt\/produto\/pala-adidas-metalbone-youth-3-2-junior-2023\/#primaryimage"},"thumbnailUrl":"https:\/\/revolutionpadelstore.com\/wp-content\/uploads\/2024\/03\/adidas_metalbone_youth_32_rk4aa1u22_junior_32317_1_747e.webp","datePublished":"2024-03-13T11:15:04+00:00","dateModified":"2024-10-15T02:09:14+00:00","description":"\u00a1Hazte ya con la\u00a0nueva Pala Metalbone Youth 3.2\u00a0y empieza a\u00a0disfrutar con tu hijo\u00a0de las alegr\u00edas que da este deporte!","breadcrumb":{"@id":"https:\/\/revolutionpadelstore.com\/pt-pt\/produto\/pala-adidas-metalbone-youth-3-2-junior-2023\/#breadcrumb"},"inLanguage":"pt-PT","potentialAction":[{"@type":"ReadAction","target":["https:\/\/revolutionpadelstore.com\/pt-pt\/produto\/pala-adidas-metalbone-youth-3-2-junior-2023\/"]}]},{"@type":"ImageObject","inLanguage":"pt-PT","@id":"https:\/\/revolutionpadelstore.com\/pt-pt\/produto\/pala-adidas-metalbone-youth-3-2-junior-2023\/#primaryimage","url":"https:\/\/revolutionpadelstore.com\/wp-content\/uploads\/2024\/03\/adidas_metalbone_youth_32_rk4aa1u22_junior_32317_1_747e.webp","contentUrl":"https:\/\/revolutionpadelstore.com\/wp-content\/uploads\/2024\/03\/adidas_metalbone_youth_32_rk4aa1u22_junior_32317_1_747e.webp","width":1200,"height":1200,"caption":"ADIDAS METALBONE YOUTH 3.2 JUNIOR 2023"},{"@type":"BreadcrumbList","@id":"https:\/\/revolutionpadelstore.com\/pt-pt\/produto\/pala-adidas-metalbone-youth-3-2-junior-2023\/#breadcrumb","itemListElement":[{"@type":"ListItem","position":1,"name":"Portada","item":"https:\/\/revolutionpadelstore.com\/pt-pt\/"},{"@type":"ListItem","position":2,"name":"Tienda","item":"https:\/\/revolutionpadelstore.com\/pt-pt\/tienda\/"},{"@type":"ListItem","position":3,"name":"PALA ADIDAS METALBONE YOUTH 3.2 JUNIOR 2023"}]},{"@type":"WebSite","@id":"https:\/\/revolutionpadelstore.com\/pt-pt\/#website","url":"https:\/\/revolutionpadelstore.com\/pt-pt\/","name":"Revolution Padel Store","description":"","publisher":{"@id":"https:\/\/revolutionpadelstore.com\/pt-pt\/#organization"},"potentialAction":[{"@type":"SearchAction","target":{"@type":"EntryPoint","urlTemplate":"https:\/\/revolutionpadelstore.com\/pt-pt\/?s={search_term_string}"},"query-input":{"@type":"PropertyValueSpecification","valueRequired":true,"valueName":"search_term_string"}}],"inLanguage":"pt-PT"},{"@type":"Organization","@id":"https:\/\/revolutionpadelstore.com\/pt-pt\/#organization","name":"Revolution Padel Store","url":"https:\/\/revolutionpadelstore.com\/pt-pt\/","logo":{"@type":"ImageObject","inLanguage":"pt-PT","@id":"https:\/\/revolutionpadelstore.com\/pt-pt\/#\/schema\/logo\/image\/","url":"https:\/\/revolutionpadelstore.com\/wp-content\/uploads\/2026\/02\/revolution-padel-store.jpg","contentUrl":"https:\/\/revolutionpadelstore.com\/wp-content\/uploads\/2026\/02\/revolution-padel-store.jpg","width":2000,"height":2000,"caption":"Revolution Padel Store"},"image":{"@id":"https:\/\/revolutionpadelstore.com\/pt-pt\/#\/schema\/logo\/image\/"},"sameAs":["https:\/\/www.instagram.com\/revolutionpadelstore\/"]}]}},"_links":{"self":[{"href":"https:\/\/revolutionpadelstore.com\/pt-pt\/wp-json\/wp\/v2\/product\/20681","targetHints":{"allow":["GET"]}}],"collection":[{"href":"https:\/\/revolutionpadelstore.com\/pt-pt\/wp-json\/wp\/v2\/product"}],"about":[{"href":"https:\/\/revolutionpadelstore.com\/pt-pt\/wp-json\/wp\/v2\/types\/product"}],"replies":[{"embeddable":true,"href":"https:\/\/revolutionpadelstore.com\/pt-pt\/wp-json\/wp\/v2\/comments?post=20681"}],"wp:featuredmedia":[{"embeddable":true,"href":"https:\/\/revolutionpadelstore.com\/pt-pt\/wp-json\/wp\/v2\/media\/1060"}],"wp:attachment":[{"href":"https:\/\/revolutionpadelstore.com\/pt-pt\/wp-json\/wp\/v2\/media?parent=20681"}],"wp:term":[{"taxonomy":"acabado","embeddable":true,"href":"https:\/\/revolutionpadelstore.com\/pt-pt\/wp-json\/wp\/v2\/acabado?post=20681"},{"taxonomy":"balance","embeddable":true,"href":"https:\/\/revolutionpadelstore.com\/pt-pt\/wp-json\/wp\/v2\/balance?post=20681"},{"taxonomy":"dureza","embeddable":true,"href":"https:\/\/revolutionpadelstore.com\/pt-pt\/wp-json\/wp\/v2\/dureza?post=20681"},{"taxonomy":"forma","embeddable":true,"href":"https:\/\/revolutionpadelstore.com\/pt-pt\/wp-json\/wp\/v2\/forma?post=20681"},{"taxonomy":"jugador","embeddable":true,"href":"https:\/\/revolutionpadelstore.com\/pt-pt\/wp-json\/wp\/v2\/jugador?post=20681"},{"taxonomy":"marca","embeddable":true,"href":"https:\/\/revolutionpadelstore.com\/pt-pt\/wp-json\/wp\/v2\/marca?post=20681"},{"taxonomy":"nivel-de-juego","embeddable":true,"href":"https:\/\/revolutionpadelstore.com\/pt-pt\/wp-json\/wp\/v2\/nivel-de-juego?post=20681"},{"taxonomy":"superficie","embeddable":true,"href":"https:\/\/revolutionpadelstore.com\/pt-pt\/wp-json\/wp\/v2\/superficie?post=20681"},{"taxonomy":"tipo-de-juego","embeddable":true,"href":"https:\/\/revolutionpadelstore.com\/pt-pt\/wp-json\/wp\/v2\/tipo-de-juego?post=20681"},{"taxonomy":"product_brand","embeddable":true,"href":"https:\/\/revolutionpadelstore.com\/pt-pt\/wp-json\/wp\/v2\/product_brand?post=20681"},{"taxonomy":"product_cat","embeddable":true,"href":"https:\/\/revolutionpadelstore.com\/pt-pt\/wp-json\/wp\/v2\/product_cat?post=20681"},{"taxonomy":"product_tag","embeddable":true,"href":"https:\/\/revolutionpadelstore.com\/pt-pt\/wp-json\/wp\/v2\/product_tag?post=20681"}],"curies":[{"name":"wp","href":"https:\/\/api.w.org\/{rel}","templated":true}]}}