{"id":206407,"date":"2025-03-11T16:53:44","date_gmt":"2025-03-11T15:53:44","guid":{"rendered":"https:\/\/revolutionpadelstore.com\/pack-3-uds-calcetin-bullpadel-bp252\/"},"modified":"2026-04-08T05:52:12","modified_gmt":"2026-04-08T03:52:12","slug":"pack-3-uds-calcetin-bullpadel-bp252-5","status":"publish","type":"product","link":"https:\/\/revolutionpadelstore.com\/pt-pt\/produto\/pack-3-uds-calcetin-bullpadel-bp252-5\/","title":{"rendered":"PACK 3 UDS CALCETIN BULLPADEL BP252"},"content":{"rendered":"<p><H2> Pacote 3 unidades. Bullpadel BP252 &#8211; conforto e desempenho na pista <\/h2>\n<p>O pacote <strong> de 3 unidades. O bullpadel BP252 <\/strong> \u00e9 o complemento perfeito para os jogadores que procuram <strong> conforto, sujei\u00e7\u00e3o e respirabilidade <\/strong> em cada jogo. Fabricados com uma combina\u00e7\u00e3o de <strong> algod\u00e3o e poliamida el\u00e1stica <\/strong>, essas meias oferecem um ajuste ideal, evitando deslizamentos de terra e garantindo grande durabilidade. Seu alto design fornece suporte extra no tornozelo, ideal para treinamento e competi\u00e7\u00f5es intensas.<\/p>\n<h2> Principais caracter\u00edsticas: <\/h2>\n<p>-composi\u00e7\u00e3o premium: 80% algod\u00e3o, 15% de poliamida, 3% elast\u00e1n, 2% elastodieno.<br \/>\n-Paco de 3 pares de meias b\u00e1sicas de alta qualidade.<br \/>\n-Agrade\u00e7o perfeito ao seu material el\u00e1stico.<br \/>\n-Aa respirabilidade, evitando o ac\u00famulo de umidade.<br \/>\n-Ideal para remadores e outros esportes, oferecendo conforto e resist\u00eancia. <\/p>\n<p>N\u00e3o deixe que algumas meias inadequadas afetem seu jogo. <strong> Escolha a qualidade e o conforto com bullpadel <\/strong>.<\/p>\n<p><strong> Agora compre em nossa loja on-line <\/strong> &lt;a href = &quot;https:\/\/chatgpt.com\/g\/g-675432e02688191b6e6d6f2fdbb15e-optimization-textos\/c\/www.revolutionPadelStore.com. <\/strong><\/p>\n","protected":false},"excerpt":{"rendered":"<p>Jogo de 3 pares de meias Bullpadel BP252, fabricadas com uma combina\u00e7\u00e3o de algod\u00e3o e poliamida para oferecer maior conforto e flexibilidade durante o jogo.<\/p>\n","protected":false},"featured_media":206402,"comment_status":"open","ping_status":"closed","template":"","meta":{"_acf_changed":false,"_joinchat":[]},"acabado":[],"balance":[],"dureza":[],"forma":[],"jugador":[1200],"marca":[1255],"nivel-de-juego":[],"superficie":[],"tipo-de-juego":[],"product_brand":[],"product_cat":[330],"product_tag":[],"class_list":{"0":"post-206407","1":"product","2":"type-product","3":"status-publish","4":"has-post-thumbnail","6":"jugador-polivalente-pt-pt","7":"marca-bullpadel-pt-pt","8":"product_cat-roupa","10":"first","11":"outofstock","12":"sale","13":"taxable","14":"shipping-taxable","15":"purchasable","16":"product-type-simple"},"acf":[],"yoast_head":"<!-- This site is optimized with the Yoast SEO plugin v27.4 - https:\/\/yoast.com\/product\/yoast-seo-wordpress\/ -->\n<title>PACK 3 UDS CALCETIN BULLPADEL BP252 - Revolution Padel Store<\/title>\n<meta name=\"description\" content=\"Compra el Pack de 3 Uds. Calcet\u00edn Bullpadel BP252 y disfruta de confort, sujeci\u00f3n y transpirabilidad en cada partido. \u00a1Disponible en www.revolutionpadelstore.com al mejor precio!\" \/>\n<meta name=\"robots\" content=\"index, follow, max-snippet:-1, max-image-preview:large, max-video-preview:-1\" \/>\n<link rel=\"canonical\" href=\"https:\/\/revolutionpadelstore.com\/pt-pt\/produto\/pack-3-uds-calcetin-bullpadel-bp252-5\/\" \/>\n<meta property=\"og:locale\" content=\"pt_PT\" \/>\n<meta property=\"og:type\" content=\"article\" \/>\n<meta property=\"og:title\" content=\"PACK 3 UDS CALCETIN BULLPADEL BP252 - Revolution Padel Store\" \/>\n<meta property=\"og:description\" content=\"Compra el Pack de 3 Uds. Calcet\u00edn Bullpadel BP252 y disfruta de confort, sujeci\u00f3n y transpirabilidad en cada partido. \u00a1Disponible en www.revolutionpadelstore.com al mejor precio!\" \/>\n<meta property=\"og:url\" content=\"https:\/\/revolutionpadelstore.com\/pt-pt\/produto\/pack-3-uds-calcetin-bullpadel-bp252-5\/\" \/>\n<meta property=\"og:site_name\" content=\"Revolution Padel Store\" \/>\n<meta property=\"article:modified_time\" content=\"2026-04-08T03:52:12+00:00\" \/>\n<meta property=\"og:image\" content=\"https:\/\/revolutionpadelstore.com\/wp-content\/uploads\/2025\/03\/113874-pack-3-uds-calcetin-bullpadel-bp252-1200x1200-1.webp\" \/>\n\t<meta property=\"og:image:width\" content=\"1200\" \/>\n\t<meta property=\"og:image:height\" content=\"1200\" \/>\n\t<meta property=\"og:image:type\" content=\"image\/webp\" \/>\n<meta name=\"twitter:card\" content=\"summary_large_image\" \/>\n<meta name=\"twitter:label1\" content=\"Tempo estimado de leitura\" \/>\n\t<meta name=\"twitter:data1\" content=\"1 minuto\" \/>\n<script type=\"application\/ld+json\" class=\"yoast-schema-graph\">{\"@context\":\"https:\\\/\\\/schema.org\",\"@graph\":[{\"@type\":\"WebPage\",\"@id\":\"https:\\\/\\\/revolutionpadelstore.com\\\/pt-pt\\\/produto\\\/pack-3-uds-calcetin-bullpadel-bp252-5\\\/\",\"url\":\"https:\\\/\\\/revolutionpadelstore.com\\\/pt-pt\\\/produto\\\/pack-3-uds-calcetin-bullpadel-bp252-5\\\/\",\"name\":\"PACK 3 UDS CALCETIN BULLPADEL BP252 - Revolution Padel Store\",\"isPartOf\":{\"@id\":\"https:\\\/\\\/revolutionpadelstore.com\\\/pt-pt\\\/#website\"},\"primaryImageOfPage\":{\"@id\":\"https:\\\/\\\/revolutionpadelstore.com\\\/pt-pt\\\/produto\\\/pack-3-uds-calcetin-bullpadel-bp252-5\\\/#primaryimage\"},\"image\":{\"@id\":\"https:\\\/\\\/revolutionpadelstore.com\\\/pt-pt\\\/produto\\\/pack-3-uds-calcetin-bullpadel-bp252-5\\\/#primaryimage\"},\"thumbnailUrl\":\"https:\\\/\\\/revolutionpadelstore.com\\\/wp-content\\\/uploads\\\/2025\\\/03\\\/113874-pack-3-uds-calcetin-bullpadel-bp252-1200x1200-1.webp\",\"datePublished\":\"2025-03-11T15:53:44+00:00\",\"dateModified\":\"2026-04-08T03:52:12+00:00\",\"description\":\"Compra el Pack de 3 Uds. Calcet\u00edn Bullpadel BP252 y disfruta de confort, sujeci\u00f3n y transpirabilidad en cada partido. \u00a1Disponible en www.revolutionpadelstore.com al mejor precio!\",\"breadcrumb\":{\"@id\":\"https:\\\/\\\/revolutionpadelstore.com\\\/pt-pt\\\/produto\\\/pack-3-uds-calcetin-bullpadel-bp252-5\\\/#breadcrumb\"},\"inLanguage\":\"pt-PT\",\"potentialAction\":[{\"@type\":\"ReadAction\",\"target\":[\"https:\\\/\\\/revolutionpadelstore.com\\\/pt-pt\\\/produto\\\/pack-3-uds-calcetin-bullpadel-bp252-5\\\/\"]}]},{\"@type\":\"ImageObject\",\"inLanguage\":\"pt-PT\",\"@id\":\"https:\\\/\\\/revolutionpadelstore.com\\\/pt-pt\\\/produto\\\/pack-3-uds-calcetin-bullpadel-bp252-5\\\/#primaryimage\",\"url\":\"https:\\\/\\\/revolutionpadelstore.com\\\/wp-content\\\/uploads\\\/2025\\\/03\\\/113874-pack-3-uds-calcetin-bullpadel-bp252-1200x1200-1.webp\",\"contentUrl\":\"https:\\\/\\\/revolutionpadelstore.com\\\/wp-content\\\/uploads\\\/2025\\\/03\\\/113874-pack-3-uds-calcetin-bullpadel-bp252-1200x1200-1.webp\",\"width\":1200,\"height\":1200},{\"@type\":\"BreadcrumbList\",\"@id\":\"https:\\\/\\\/revolutionpadelstore.com\\\/pt-pt\\\/produto\\\/pack-3-uds-calcetin-bullpadel-bp252-5\\\/#breadcrumb\",\"itemListElement\":[{\"@type\":\"ListItem\",\"position\":1,\"name\":\"Portada\",\"item\":\"https:\\\/\\\/revolutionpadelstore.com\\\/pt-pt\\\/\"},{\"@type\":\"ListItem\",\"position\":2,\"name\":\"Tienda\",\"item\":\"https:\\\/\\\/revolutionpadelstore.com\\\/pt-pt\\\/tienda\\\/\"},{\"@type\":\"ListItem\",\"position\":3,\"name\":\"PACK 3 UDS CALCETIN BULLPADEL BP252\"}]},{\"@type\":\"WebSite\",\"@id\":\"https:\\\/\\\/revolutionpadelstore.com\\\/pt-pt\\\/#website\",\"url\":\"https:\\\/\\\/revolutionpadelstore.com\\\/pt-pt\\\/\",\"name\":\"Revolution Padel Store\",\"description\":\"\",\"publisher\":{\"@id\":\"https:\\\/\\\/revolutionpadelstore.com\\\/pt-pt\\\/#organization\"},\"potentialAction\":[{\"@type\":\"SearchAction\",\"target\":{\"@type\":\"EntryPoint\",\"urlTemplate\":\"https:\\\/\\\/revolutionpadelstore.com\\\/pt-pt\\\/?s={search_term_string}\"},\"query-input\":{\"@type\":\"PropertyValueSpecification\",\"valueRequired\":true,\"valueName\":\"search_term_string\"}}],\"inLanguage\":\"pt-PT\"},{\"@type\":\"Organization\",\"@id\":\"https:\\\/\\\/revolutionpadelstore.com\\\/pt-pt\\\/#organization\",\"name\":\"Revolution Padel Store\",\"url\":\"https:\\\/\\\/revolutionpadelstore.com\\\/pt-pt\\\/\",\"logo\":{\"@type\":\"ImageObject\",\"inLanguage\":\"pt-PT\",\"@id\":\"https:\\\/\\\/revolutionpadelstore.com\\\/pt-pt\\\/#\\\/schema\\\/logo\\\/image\\\/\",\"url\":\"https:\\\/\\\/revolutionpadelstore.com\\\/wp-content\\\/uploads\\\/2026\\\/02\\\/revolution-padel-store.jpg\",\"contentUrl\":\"https:\\\/\\\/revolutionpadelstore.com\\\/wp-content\\\/uploads\\\/2026\\\/02\\\/revolution-padel-store.jpg\",\"width\":2000,\"height\":2000,\"caption\":\"Revolution Padel Store\"},\"image\":{\"@id\":\"https:\\\/\\\/revolutionpadelstore.com\\\/pt-pt\\\/#\\\/schema\\\/logo\\\/image\\\/\"},\"sameAs\":[\"https:\\\/\\\/www.instagram.com\\\/revolutionpadelstore\\\/\"]}]}<\/script>\n<!-- \/ Yoast SEO plugin. -->","yoast_head_json":{"title":"PACK 3 UDS CALCETIN BULLPADEL BP252 - Revolution Padel Store","description":"Compra el Pack de 3 Uds. Calcet\u00edn Bullpadel BP252 y disfruta de confort, sujeci\u00f3n y transpirabilidad en cada partido. \u00a1Disponible en www.revolutionpadelstore.com al mejor precio!","robots":{"index":"index","follow":"follow","max-snippet":"max-snippet:-1","max-image-preview":"max-image-preview:large","max-video-preview":"max-video-preview:-1"},"canonical":"https:\/\/revolutionpadelstore.com\/pt-pt\/produto\/pack-3-uds-calcetin-bullpadel-bp252-5\/","og_locale":"pt_PT","og_type":"article","og_title":"PACK 3 UDS CALCETIN BULLPADEL BP252 - Revolution Padel Store","og_description":"Compra el Pack de 3 Uds. Calcet\u00edn Bullpadel BP252 y disfruta de confort, sujeci\u00f3n y transpirabilidad en cada partido. \u00a1Disponible en www.revolutionpadelstore.com al mejor precio!","og_url":"https:\/\/revolutionpadelstore.com\/pt-pt\/produto\/pack-3-uds-calcetin-bullpadel-bp252-5\/","og_site_name":"Revolution Padel Store","article_modified_time":"2026-04-08T03:52:12+00:00","og_image":[{"width":1200,"height":1200,"url":"https:\/\/revolutionpadelstore.com\/wp-content\/uploads\/2025\/03\/113874-pack-3-uds-calcetin-bullpadel-bp252-1200x1200-1.webp","type":"image\/webp"}],"twitter_card":"summary_large_image","twitter_misc":{"Tempo estimado de leitura":"1 minuto"},"schema":{"@context":"https:\/\/schema.org","@graph":[{"@type":"WebPage","@id":"https:\/\/revolutionpadelstore.com\/pt-pt\/produto\/pack-3-uds-calcetin-bullpadel-bp252-5\/","url":"https:\/\/revolutionpadelstore.com\/pt-pt\/produto\/pack-3-uds-calcetin-bullpadel-bp252-5\/","name":"PACK 3 UDS CALCETIN BULLPADEL BP252 - Revolution Padel Store","isPartOf":{"@id":"https:\/\/revolutionpadelstore.com\/pt-pt\/#website"},"primaryImageOfPage":{"@id":"https:\/\/revolutionpadelstore.com\/pt-pt\/produto\/pack-3-uds-calcetin-bullpadel-bp252-5\/#primaryimage"},"image":{"@id":"https:\/\/revolutionpadelstore.com\/pt-pt\/produto\/pack-3-uds-calcetin-bullpadel-bp252-5\/#primaryimage"},"thumbnailUrl":"https:\/\/revolutionpadelstore.com\/wp-content\/uploads\/2025\/03\/113874-pack-3-uds-calcetin-bullpadel-bp252-1200x1200-1.webp","datePublished":"2025-03-11T15:53:44+00:00","dateModified":"2026-04-08T03:52:12+00:00","description":"Compra el Pack de 3 Uds. Calcet\u00edn Bullpadel BP252 y disfruta de confort, sujeci\u00f3n y transpirabilidad en cada partido. \u00a1Disponible en www.revolutionpadelstore.com al mejor precio!","breadcrumb":{"@id":"https:\/\/revolutionpadelstore.com\/pt-pt\/produto\/pack-3-uds-calcetin-bullpadel-bp252-5\/#breadcrumb"},"inLanguage":"pt-PT","potentialAction":[{"@type":"ReadAction","target":["https:\/\/revolutionpadelstore.com\/pt-pt\/produto\/pack-3-uds-calcetin-bullpadel-bp252-5\/"]}]},{"@type":"ImageObject","inLanguage":"pt-PT","@id":"https:\/\/revolutionpadelstore.com\/pt-pt\/produto\/pack-3-uds-calcetin-bullpadel-bp252-5\/#primaryimage","url":"https:\/\/revolutionpadelstore.com\/wp-content\/uploads\/2025\/03\/113874-pack-3-uds-calcetin-bullpadel-bp252-1200x1200-1.webp","contentUrl":"https:\/\/revolutionpadelstore.com\/wp-content\/uploads\/2025\/03\/113874-pack-3-uds-calcetin-bullpadel-bp252-1200x1200-1.webp","width":1200,"height":1200},{"@type":"BreadcrumbList","@id":"https:\/\/revolutionpadelstore.com\/pt-pt\/produto\/pack-3-uds-calcetin-bullpadel-bp252-5\/#breadcrumb","itemListElement":[{"@type":"ListItem","position":1,"name":"Portada","item":"https:\/\/revolutionpadelstore.com\/pt-pt\/"},{"@type":"ListItem","position":2,"name":"Tienda","item":"https:\/\/revolutionpadelstore.com\/pt-pt\/tienda\/"},{"@type":"ListItem","position":3,"name":"PACK 3 UDS CALCETIN BULLPADEL BP252"}]},{"@type":"WebSite","@id":"https:\/\/revolutionpadelstore.com\/pt-pt\/#website","url":"https:\/\/revolutionpadelstore.com\/pt-pt\/","name":"Revolution Padel Store","description":"","publisher":{"@id":"https:\/\/revolutionpadelstore.com\/pt-pt\/#organization"},"potentialAction":[{"@type":"SearchAction","target":{"@type":"EntryPoint","urlTemplate":"https:\/\/revolutionpadelstore.com\/pt-pt\/?s={search_term_string}"},"query-input":{"@type":"PropertyValueSpecification","valueRequired":true,"valueName":"search_term_string"}}],"inLanguage":"pt-PT"},{"@type":"Organization","@id":"https:\/\/revolutionpadelstore.com\/pt-pt\/#organization","name":"Revolution Padel Store","url":"https:\/\/revolutionpadelstore.com\/pt-pt\/","logo":{"@type":"ImageObject","inLanguage":"pt-PT","@id":"https:\/\/revolutionpadelstore.com\/pt-pt\/#\/schema\/logo\/image\/","url":"https:\/\/revolutionpadelstore.com\/wp-content\/uploads\/2026\/02\/revolution-padel-store.jpg","contentUrl":"https:\/\/revolutionpadelstore.com\/wp-content\/uploads\/2026\/02\/revolution-padel-store.jpg","width":2000,"height":2000,"caption":"Revolution Padel Store"},"image":{"@id":"https:\/\/revolutionpadelstore.com\/pt-pt\/#\/schema\/logo\/image\/"},"sameAs":["https:\/\/www.instagram.com\/revolutionpadelstore\/"]}]}},"_links":{"self":[{"href":"https:\/\/revolutionpadelstore.com\/pt-pt\/wp-json\/wp\/v2\/product\/206407","targetHints":{"allow":["GET"]}}],"collection":[{"href":"https:\/\/revolutionpadelstore.com\/pt-pt\/wp-json\/wp\/v2\/product"}],"about":[{"href":"https:\/\/revolutionpadelstore.com\/pt-pt\/wp-json\/wp\/v2\/types\/product"}],"replies":[{"embeddable":true,"href":"https:\/\/revolutionpadelstore.com\/pt-pt\/wp-json\/wp\/v2\/comments?post=206407"}],"wp:featuredmedia":[{"embeddable":true,"href":"https:\/\/revolutionpadelstore.com\/pt-pt\/wp-json\/wp\/v2\/media\/206402"}],"wp:attachment":[{"href":"https:\/\/revolutionpadelstore.com\/pt-pt\/wp-json\/wp\/v2\/media?parent=206407"}],"wp:term":[{"taxonomy":"acabado","embeddable":true,"href":"https:\/\/revolutionpadelstore.com\/pt-pt\/wp-json\/wp\/v2\/acabado?post=206407"},{"taxonomy":"balance","embeddable":true,"href":"https:\/\/revolutionpadelstore.com\/pt-pt\/wp-json\/wp\/v2\/balance?post=206407"},{"taxonomy":"dureza","embeddable":true,"href":"https:\/\/revolutionpadelstore.com\/pt-pt\/wp-json\/wp\/v2\/dureza?post=206407"},{"taxonomy":"forma","embeddable":true,"href":"https:\/\/revolutionpadelstore.com\/pt-pt\/wp-json\/wp\/v2\/forma?post=206407"},{"taxonomy":"jugador","embeddable":true,"href":"https:\/\/revolutionpadelstore.com\/pt-pt\/wp-json\/wp\/v2\/jugador?post=206407"},{"taxonomy":"marca","embeddable":true,"href":"https:\/\/revolutionpadelstore.com\/pt-pt\/wp-json\/wp\/v2\/marca?post=206407"},{"taxonomy":"nivel-de-juego","embeddable":true,"href":"https:\/\/revolutionpadelstore.com\/pt-pt\/wp-json\/wp\/v2\/nivel-de-juego?post=206407"},{"taxonomy":"superficie","embeddable":true,"href":"https:\/\/revolutionpadelstore.com\/pt-pt\/wp-json\/wp\/v2\/superficie?post=206407"},{"taxonomy":"tipo-de-juego","embeddable":true,"href":"https:\/\/revolutionpadelstore.com\/pt-pt\/wp-json\/wp\/v2\/tipo-de-juego?post=206407"},{"taxonomy":"product_brand","embeddable":true,"href":"https:\/\/revolutionpadelstore.com\/pt-pt\/wp-json\/wp\/v2\/product_brand?post=206407"},{"taxonomy":"product_cat","embeddable":true,"href":"https:\/\/revolutionpadelstore.com\/pt-pt\/wp-json\/wp\/v2\/product_cat?post=206407"},{"taxonomy":"product_tag","embeddable":true,"href":"https:\/\/revolutionpadelstore.com\/pt-pt\/wp-json\/wp\/v2\/product_tag?post=206407"}],"curies":[{"name":"wp","href":"https:\/\/api.w.org\/{rel}","templated":true}]}}