{"id":206388,"date":"2025-03-11T16:31:38","date_gmt":"2025-03-11T15:31:38","guid":{"rendered":"https:\/\/revolutionpadelstore.com\/overgrip-bullpadel-3-unidades-gb-1200-naranja\/"},"modified":"2026-04-08T05:52:32","modified_gmt":"2026-04-08T03:52:32","slug":"overgrip-bullpadel-3-unidades-gb-1200-naranja-5","status":"publish","type":"product","link":"https:\/\/revolutionpadelstore.com\/pt-pt\/produto\/overgrip-bullpadel-3-unidades-gb-1200-naranja-5\/","title":{"rendered":"OVERGRIP BULLPADEL 3 UNIDADES GB-1200 NARANJA"},"content":{"rendered":"<p><H2> <strong> Overgrip bullpadel GB-1200 (3 unidades) -Range <\/strong> <\/h2>\n<p>Melhore o desempenho da sua pista com <strong> Overgrip bullpadel GB-1200 <\/strong>, projetado para oferecer a melhor ader\u00eancia e conforto em cada golpe. Sua tecnologia avan\u00e7ada reduz as vibra\u00e7\u00f5es, fornecendo amortecimento extra que minimiza o risco de les\u00f5es no bra\u00e7o.<br \/>\n<H2> <strong> Principais caracter\u00edsticas: <\/strong> <\/h2>\n<p><P>-Redu\u00e7\u00e3o de vibra\u00e7\u00f5es: absorve o impacto para um jogo mais confort\u00e1vel e seguro.<br \/>\n-Petimo: Material que evita deslizar e melhora a sensa\u00e7\u00e3o em sua m\u00e3o.<br \/>\n-Aus\u00eancia de paisagem: mant\u00e9m a al\u00e7a seca, mesmo nas partidas mais intensas.<br \/>\n-Mayor espessura: ajuste o tamanho da al\u00e7a para se adaptar melhor \u00e0 sua m\u00e3o.<br \/>\n-A durabilidade: fabricada em poliuretano de grande resist\u00eancia para uma maior vida \u00fatil. <\/p>\n<p>Ideal para os jogadores que procuram controle e conforto em cada golpe, essa sobregaca de <strong> bullpadel <\/strong> garante o desempenho ideal em cada jogo.<\/p>\n<p><strong> Obtenha o seu agora em nossa loja online!<\/p>\n<h2><strong>Overgrip Bullpadel GB-1200 (3 Unidades) \u2013 Naranja<\/strong><\/p>\n","protected":false},"excerpt":{"rendered":"<p>O pacote de 3 Overgrips Bullpadel GB-1200 foi projetado para melhorar a p\u00e1 e absorver efetivamente o suor. Fabricado com poliuretano de alta resist\u00eancia, garante durabilidade e conforto durante o jogo.<\/p>\n","protected":false},"featured_media":206383,"comment_status":"open","ping_status":"closed","template":"","meta":{"_acf_changed":false,"_joinchat":[]},"acabado":[],"balance":[],"dureza":[],"forma":[],"jugador":[],"marca":[1255],"nivel-de-juego":[],"superficie":[],"tipo-de-juego":[],"product_brand":[],"product_cat":[559],"product_tag":[],"class_list":{"0":"post-206388","1":"product","2":"type-product","3":"status-publish","4":"has-post-thumbnail","6":"marca-bullpadel-pt-pt","7":"product_cat-acessorios","9":"first","10":"outofstock","11":"sale","12":"taxable","13":"shipping-taxable","14":"purchasable","15":"product-type-simple"},"acf":[],"yoast_head":"<!-- This site is optimized with the Yoast SEO plugin v27.4 - https:\/\/yoast.com\/product\/yoast-seo-wordpress\/ -->\n<title>OVERGRIP BULLPADEL 3 UNIDADES GB-1200 NARANJA - Revolution Padel Store<\/title>\n<meta name=\"description\" content=\"Mejora tu agarre y confort con el Overgrip Bullpadel GB-1200 (3 unidades) en color naranja. Reduce vibraciones, absorbe humedad y ofrece m\u00e1xima durabilidad. \u00a1Compra online al mejor precio!\" \/>\n<meta name=\"robots\" content=\"index, follow, max-snippet:-1, max-image-preview:large, max-video-preview:-1\" \/>\n<link rel=\"canonical\" href=\"https:\/\/revolutionpadelstore.com\/pt-pt\/produto\/overgrip-bullpadel-3-unidades-gb-1200-naranja-5\/\" \/>\n<meta property=\"og:locale\" content=\"pt_PT\" \/>\n<meta property=\"og:type\" content=\"article\" \/>\n<meta property=\"og:title\" content=\"OVERGRIP BULLPADEL 3 UNIDADES GB-1200 NARANJA - Revolution Padel Store\" \/>\n<meta property=\"og:description\" content=\"Mejora tu agarre y confort con el Overgrip Bullpadel GB-1200 (3 unidades) en color naranja. Reduce vibraciones, absorbe humedad y ofrece m\u00e1xima durabilidad. \u00a1Compra online al mejor precio!\" \/>\n<meta property=\"og:url\" content=\"https:\/\/revolutionpadelstore.com\/pt-pt\/produto\/overgrip-bullpadel-3-unidades-gb-1200-naranja-5\/\" \/>\n<meta property=\"og:site_name\" content=\"Revolution Padel Store\" \/>\n<meta property=\"article:modified_time\" content=\"2026-04-08T03:52:32+00:00\" \/>\n<meta property=\"og:image\" content=\"https:\/\/revolutionpadelstore.com\/wp-content\/uploads\/2025\/03\/13310_overgrip_3_unidades_gb_1200_529_naranja_fluor_450838_1500x1500_9237.webp\" \/>\n\t<meta property=\"og:image:width\" content=\"1500\" \/>\n\t<meta property=\"og:image:height\" content=\"1500\" \/>\n\t<meta property=\"og:image:type\" content=\"image\/webp\" \/>\n<meta name=\"twitter:card\" content=\"summary_large_image\" \/>\n<meta name=\"twitter:label1\" content=\"Tempo estimado de leitura\" \/>\n\t<meta name=\"twitter:data1\" content=\"1 minuto\" \/>\n<script type=\"application\/ld+json\" class=\"yoast-schema-graph\">{\"@context\":\"https:\\\/\\\/schema.org\",\"@graph\":[{\"@type\":\"WebPage\",\"@id\":\"https:\\\/\\\/revolutionpadelstore.com\\\/pt-pt\\\/produto\\\/overgrip-bullpadel-3-unidades-gb-1200-naranja-5\\\/\",\"url\":\"https:\\\/\\\/revolutionpadelstore.com\\\/pt-pt\\\/produto\\\/overgrip-bullpadel-3-unidades-gb-1200-naranja-5\\\/\",\"name\":\"OVERGRIP BULLPADEL 3 UNIDADES GB-1200 NARANJA - Revolution Padel Store\",\"isPartOf\":{\"@id\":\"https:\\\/\\\/revolutionpadelstore.com\\\/pt-pt\\\/#website\"},\"primaryImageOfPage\":{\"@id\":\"https:\\\/\\\/revolutionpadelstore.com\\\/pt-pt\\\/produto\\\/overgrip-bullpadel-3-unidades-gb-1200-naranja-5\\\/#primaryimage\"},\"image\":{\"@id\":\"https:\\\/\\\/revolutionpadelstore.com\\\/pt-pt\\\/produto\\\/overgrip-bullpadel-3-unidades-gb-1200-naranja-5\\\/#primaryimage\"},\"thumbnailUrl\":\"https:\\\/\\\/revolutionpadelstore.com\\\/wp-content\\\/uploads\\\/2025\\\/03\\\/13310_overgrip_3_unidades_gb_1200_529_naranja_fluor_450838_1500x1500_9237.webp\",\"datePublished\":\"2025-03-11T15:31:38+00:00\",\"dateModified\":\"2026-04-08T03:52:32+00:00\",\"description\":\"Mejora tu agarre y confort con el Overgrip Bullpadel GB-1200 (3 unidades) en color naranja. Reduce vibraciones, absorbe humedad y ofrece m\u00e1xima durabilidad. \u00a1Compra online al mejor precio!\",\"breadcrumb\":{\"@id\":\"https:\\\/\\\/revolutionpadelstore.com\\\/pt-pt\\\/produto\\\/overgrip-bullpadel-3-unidades-gb-1200-naranja-5\\\/#breadcrumb\"},\"inLanguage\":\"pt-PT\",\"potentialAction\":[{\"@type\":\"ReadAction\",\"target\":[\"https:\\\/\\\/revolutionpadelstore.com\\\/pt-pt\\\/produto\\\/overgrip-bullpadel-3-unidades-gb-1200-naranja-5\\\/\"]}]},{\"@type\":\"ImageObject\",\"inLanguage\":\"pt-PT\",\"@id\":\"https:\\\/\\\/revolutionpadelstore.com\\\/pt-pt\\\/produto\\\/overgrip-bullpadel-3-unidades-gb-1200-naranja-5\\\/#primaryimage\",\"url\":\"https:\\\/\\\/revolutionpadelstore.com\\\/wp-content\\\/uploads\\\/2025\\\/03\\\/13310_overgrip_3_unidades_gb_1200_529_naranja_fluor_450838_1500x1500_9237.webp\",\"contentUrl\":\"https:\\\/\\\/revolutionpadelstore.com\\\/wp-content\\\/uploads\\\/2025\\\/03\\\/13310_overgrip_3_unidades_gb_1200_529_naranja_fluor_450838_1500x1500_9237.webp\",\"width\":1500,\"height\":1500},{\"@type\":\"BreadcrumbList\",\"@id\":\"https:\\\/\\\/revolutionpadelstore.com\\\/pt-pt\\\/produto\\\/overgrip-bullpadel-3-unidades-gb-1200-naranja-5\\\/#breadcrumb\",\"itemListElement\":[{\"@type\":\"ListItem\",\"position\":1,\"name\":\"Portada\",\"item\":\"https:\\\/\\\/revolutionpadelstore.com\\\/pt-pt\\\/\"},{\"@type\":\"ListItem\",\"position\":2,\"name\":\"Tienda\",\"item\":\"https:\\\/\\\/revolutionpadelstore.com\\\/pt-pt\\\/tienda\\\/\"},{\"@type\":\"ListItem\",\"position\":3,\"name\":\"OVERGRIP BULLPADEL 3 UNIDADES GB-1200 NARANJA\"}]},{\"@type\":\"WebSite\",\"@id\":\"https:\\\/\\\/revolutionpadelstore.com\\\/pt-pt\\\/#website\",\"url\":\"https:\\\/\\\/revolutionpadelstore.com\\\/pt-pt\\\/\",\"name\":\"Revolution Padel Store\",\"description\":\"\",\"publisher\":{\"@id\":\"https:\\\/\\\/revolutionpadelstore.com\\\/pt-pt\\\/#organization\"},\"potentialAction\":[{\"@type\":\"SearchAction\",\"target\":{\"@type\":\"EntryPoint\",\"urlTemplate\":\"https:\\\/\\\/revolutionpadelstore.com\\\/pt-pt\\\/?s={search_term_string}\"},\"query-input\":{\"@type\":\"PropertyValueSpecification\",\"valueRequired\":true,\"valueName\":\"search_term_string\"}}],\"inLanguage\":\"pt-PT\"},{\"@type\":\"Organization\",\"@id\":\"https:\\\/\\\/revolutionpadelstore.com\\\/pt-pt\\\/#organization\",\"name\":\"Revolution Padel Store\",\"url\":\"https:\\\/\\\/revolutionpadelstore.com\\\/pt-pt\\\/\",\"logo\":{\"@type\":\"ImageObject\",\"inLanguage\":\"pt-PT\",\"@id\":\"https:\\\/\\\/revolutionpadelstore.com\\\/pt-pt\\\/#\\\/schema\\\/logo\\\/image\\\/\",\"url\":\"https:\\\/\\\/revolutionpadelstore.com\\\/wp-content\\\/uploads\\\/2026\\\/02\\\/revolution-padel-store.jpg\",\"contentUrl\":\"https:\\\/\\\/revolutionpadelstore.com\\\/wp-content\\\/uploads\\\/2026\\\/02\\\/revolution-padel-store.jpg\",\"width\":2000,\"height\":2000,\"caption\":\"Revolution Padel Store\"},\"image\":{\"@id\":\"https:\\\/\\\/revolutionpadelstore.com\\\/pt-pt\\\/#\\\/schema\\\/logo\\\/image\\\/\"},\"sameAs\":[\"https:\\\/\\\/www.instagram.com\\\/revolutionpadelstore\\\/\"]}]}<\/script>\n<!-- \/ Yoast SEO plugin. -->","yoast_head_json":{"title":"OVERGRIP BULLPADEL 3 UNIDADES GB-1200 NARANJA - Revolution Padel Store","description":"Mejora tu agarre y confort con el Overgrip Bullpadel GB-1200 (3 unidades) en color naranja. Reduce vibraciones, absorbe humedad y ofrece m\u00e1xima durabilidad. \u00a1Compra online al mejor precio!","robots":{"index":"index","follow":"follow","max-snippet":"max-snippet:-1","max-image-preview":"max-image-preview:large","max-video-preview":"max-video-preview:-1"},"canonical":"https:\/\/revolutionpadelstore.com\/pt-pt\/produto\/overgrip-bullpadel-3-unidades-gb-1200-naranja-5\/","og_locale":"pt_PT","og_type":"article","og_title":"OVERGRIP BULLPADEL 3 UNIDADES GB-1200 NARANJA - Revolution Padel Store","og_description":"Mejora tu agarre y confort con el Overgrip Bullpadel GB-1200 (3 unidades) en color naranja. Reduce vibraciones, absorbe humedad y ofrece m\u00e1xima durabilidad. \u00a1Compra online al mejor precio!","og_url":"https:\/\/revolutionpadelstore.com\/pt-pt\/produto\/overgrip-bullpadel-3-unidades-gb-1200-naranja-5\/","og_site_name":"Revolution Padel Store","article_modified_time":"2026-04-08T03:52:32+00:00","og_image":[{"width":1500,"height":1500,"url":"https:\/\/revolutionpadelstore.com\/wp-content\/uploads\/2025\/03\/13310_overgrip_3_unidades_gb_1200_529_naranja_fluor_450838_1500x1500_9237.webp","type":"image\/webp"}],"twitter_card":"summary_large_image","twitter_misc":{"Tempo estimado de leitura":"1 minuto"},"schema":{"@context":"https:\/\/schema.org","@graph":[{"@type":"WebPage","@id":"https:\/\/revolutionpadelstore.com\/pt-pt\/produto\/overgrip-bullpadel-3-unidades-gb-1200-naranja-5\/","url":"https:\/\/revolutionpadelstore.com\/pt-pt\/produto\/overgrip-bullpadel-3-unidades-gb-1200-naranja-5\/","name":"OVERGRIP BULLPADEL 3 UNIDADES GB-1200 NARANJA - Revolution Padel Store","isPartOf":{"@id":"https:\/\/revolutionpadelstore.com\/pt-pt\/#website"},"primaryImageOfPage":{"@id":"https:\/\/revolutionpadelstore.com\/pt-pt\/produto\/overgrip-bullpadel-3-unidades-gb-1200-naranja-5\/#primaryimage"},"image":{"@id":"https:\/\/revolutionpadelstore.com\/pt-pt\/produto\/overgrip-bullpadel-3-unidades-gb-1200-naranja-5\/#primaryimage"},"thumbnailUrl":"https:\/\/revolutionpadelstore.com\/wp-content\/uploads\/2025\/03\/13310_overgrip_3_unidades_gb_1200_529_naranja_fluor_450838_1500x1500_9237.webp","datePublished":"2025-03-11T15:31:38+00:00","dateModified":"2026-04-08T03:52:32+00:00","description":"Mejora tu agarre y confort con el Overgrip Bullpadel GB-1200 (3 unidades) en color naranja. Reduce vibraciones, absorbe humedad y ofrece m\u00e1xima durabilidad. \u00a1Compra online al mejor precio!","breadcrumb":{"@id":"https:\/\/revolutionpadelstore.com\/pt-pt\/produto\/overgrip-bullpadel-3-unidades-gb-1200-naranja-5\/#breadcrumb"},"inLanguage":"pt-PT","potentialAction":[{"@type":"ReadAction","target":["https:\/\/revolutionpadelstore.com\/pt-pt\/produto\/overgrip-bullpadel-3-unidades-gb-1200-naranja-5\/"]}]},{"@type":"ImageObject","inLanguage":"pt-PT","@id":"https:\/\/revolutionpadelstore.com\/pt-pt\/produto\/overgrip-bullpadel-3-unidades-gb-1200-naranja-5\/#primaryimage","url":"https:\/\/revolutionpadelstore.com\/wp-content\/uploads\/2025\/03\/13310_overgrip_3_unidades_gb_1200_529_naranja_fluor_450838_1500x1500_9237.webp","contentUrl":"https:\/\/revolutionpadelstore.com\/wp-content\/uploads\/2025\/03\/13310_overgrip_3_unidades_gb_1200_529_naranja_fluor_450838_1500x1500_9237.webp","width":1500,"height":1500},{"@type":"BreadcrumbList","@id":"https:\/\/revolutionpadelstore.com\/pt-pt\/produto\/overgrip-bullpadel-3-unidades-gb-1200-naranja-5\/#breadcrumb","itemListElement":[{"@type":"ListItem","position":1,"name":"Portada","item":"https:\/\/revolutionpadelstore.com\/pt-pt\/"},{"@type":"ListItem","position":2,"name":"Tienda","item":"https:\/\/revolutionpadelstore.com\/pt-pt\/tienda\/"},{"@type":"ListItem","position":3,"name":"OVERGRIP BULLPADEL 3 UNIDADES GB-1200 NARANJA"}]},{"@type":"WebSite","@id":"https:\/\/revolutionpadelstore.com\/pt-pt\/#website","url":"https:\/\/revolutionpadelstore.com\/pt-pt\/","name":"Revolution Padel Store","description":"","publisher":{"@id":"https:\/\/revolutionpadelstore.com\/pt-pt\/#organization"},"potentialAction":[{"@type":"SearchAction","target":{"@type":"EntryPoint","urlTemplate":"https:\/\/revolutionpadelstore.com\/pt-pt\/?s={search_term_string}"},"query-input":{"@type":"PropertyValueSpecification","valueRequired":true,"valueName":"search_term_string"}}],"inLanguage":"pt-PT"},{"@type":"Organization","@id":"https:\/\/revolutionpadelstore.com\/pt-pt\/#organization","name":"Revolution Padel Store","url":"https:\/\/revolutionpadelstore.com\/pt-pt\/","logo":{"@type":"ImageObject","inLanguage":"pt-PT","@id":"https:\/\/revolutionpadelstore.com\/pt-pt\/#\/schema\/logo\/image\/","url":"https:\/\/revolutionpadelstore.com\/wp-content\/uploads\/2026\/02\/revolution-padel-store.jpg","contentUrl":"https:\/\/revolutionpadelstore.com\/wp-content\/uploads\/2026\/02\/revolution-padel-store.jpg","width":2000,"height":2000,"caption":"Revolution Padel Store"},"image":{"@id":"https:\/\/revolutionpadelstore.com\/pt-pt\/#\/schema\/logo\/image\/"},"sameAs":["https:\/\/www.instagram.com\/revolutionpadelstore\/"]}]}},"_links":{"self":[{"href":"https:\/\/revolutionpadelstore.com\/pt-pt\/wp-json\/wp\/v2\/product\/206388","targetHints":{"allow":["GET"]}}],"collection":[{"href":"https:\/\/revolutionpadelstore.com\/pt-pt\/wp-json\/wp\/v2\/product"}],"about":[{"href":"https:\/\/revolutionpadelstore.com\/pt-pt\/wp-json\/wp\/v2\/types\/product"}],"replies":[{"embeddable":true,"href":"https:\/\/revolutionpadelstore.com\/pt-pt\/wp-json\/wp\/v2\/comments?post=206388"}],"wp:featuredmedia":[{"embeddable":true,"href":"https:\/\/revolutionpadelstore.com\/pt-pt\/wp-json\/wp\/v2\/media\/206383"}],"wp:attachment":[{"href":"https:\/\/revolutionpadelstore.com\/pt-pt\/wp-json\/wp\/v2\/media?parent=206388"}],"wp:term":[{"taxonomy":"acabado","embeddable":true,"href":"https:\/\/revolutionpadelstore.com\/pt-pt\/wp-json\/wp\/v2\/acabado?post=206388"},{"taxonomy":"balance","embeddable":true,"href":"https:\/\/revolutionpadelstore.com\/pt-pt\/wp-json\/wp\/v2\/balance?post=206388"},{"taxonomy":"dureza","embeddable":true,"href":"https:\/\/revolutionpadelstore.com\/pt-pt\/wp-json\/wp\/v2\/dureza?post=206388"},{"taxonomy":"forma","embeddable":true,"href":"https:\/\/revolutionpadelstore.com\/pt-pt\/wp-json\/wp\/v2\/forma?post=206388"},{"taxonomy":"jugador","embeddable":true,"href":"https:\/\/revolutionpadelstore.com\/pt-pt\/wp-json\/wp\/v2\/jugador?post=206388"},{"taxonomy":"marca","embeddable":true,"href":"https:\/\/revolutionpadelstore.com\/pt-pt\/wp-json\/wp\/v2\/marca?post=206388"},{"taxonomy":"nivel-de-juego","embeddable":true,"href":"https:\/\/revolutionpadelstore.com\/pt-pt\/wp-json\/wp\/v2\/nivel-de-juego?post=206388"},{"taxonomy":"superficie","embeddable":true,"href":"https:\/\/revolutionpadelstore.com\/pt-pt\/wp-json\/wp\/v2\/superficie?post=206388"},{"taxonomy":"tipo-de-juego","embeddable":true,"href":"https:\/\/revolutionpadelstore.com\/pt-pt\/wp-json\/wp\/v2\/tipo-de-juego?post=206388"},{"taxonomy":"product_brand","embeddable":true,"href":"https:\/\/revolutionpadelstore.com\/pt-pt\/wp-json\/wp\/v2\/product_brand?post=206388"},{"taxonomy":"product_cat","embeddable":true,"href":"https:\/\/revolutionpadelstore.com\/pt-pt\/wp-json\/wp\/v2\/product_cat?post=206388"},{"taxonomy":"product_tag","embeddable":true,"href":"https:\/\/revolutionpadelstore.com\/pt-pt\/wp-json\/wp\/v2\/product_tag?post=206388"}],"curies":[{"name":"wp","href":"https:\/\/api.w.org\/{rel}","templated":true}]}}