{"id":20493,"date":"2024-03-13T14:44:23","date_gmt":"2024-03-13T13:44:23","guid":{"rendered":"https:\/\/revolutionpadelstore.com\/bullpadel-vertex-04-hybrid\/"},"modified":"2026-04-08T15:09:25","modified_gmt":"2026-04-08T13:09:25","slug":"bullpadel-vertex-04-hybrid-5","status":"publish","type":"product","link":"https:\/\/revolutionpadelstore.com\/pt-pt\/produto\/bullpadel-vertex-04-hybrid-5\/","title":{"rendered":"BULLPADEL VERTEX 04 HYBRID"},"content":{"rendered":"<h2>Bullpadel Vertex 04 Hybrid, excelente pot\u00eancia e controle<\/h2>\n<p>Projetada para jogadores adultos de padel de n\u00edvel experiente, a Bullpadel Vertex 04 Hybrid \u00e9 a op\u00e7\u00e3o ideal se voc\u00ea procura uma raquete vers\u00e1til, de alta qualidade e alto desempenho que permite rebater a bola com pot\u00eancia e controle.<\/p>\n<p>Devido ao seu formato h\u00edbrido e baixo equil\u00edbrio, este modelo equilibra perfeitamente controle e pot\u00eancia, al\u00e9m de proporcionar sensa\u00e7\u00f5es incr\u00edveis tanto na defesa quanto no ataque. Tem peso de 365 a 375 gramas e perfil de 38mm.<\/p>\n<h3>Maior rigidez para golpes s\u00f3lidos<\/h3>\n<p>Com o objetivo de alcan\u00e7ar rigidez e resist\u00eancia excepcionais sem abrir m\u00e3o de um bom manuseio e leveza, os avi\u00f5es deste modelo s\u00e3o compostos por Xtend Carbon 12K, que utiliza fitas de carbono entrela\u00e7adas biaxialmente. Al\u00e9m disso, a superf\u00edcie possui acabamento rugoso que permite ao atleta acertar as bolas com giro, pois melhora a ader\u00eancia.<\/p>\n<p>Por outro lado, tem sido utilizada borracha Multieva no n\u00facleo interno, que consiste em duas densidades (uma externa mais compacta e uma interna de baixa densidade) para melhor se adaptar \u00e0s necessidades de cada golpe. O quadro CarbonTube, composto por fibra de carbono entrela\u00e7ada 100% bidirecional, garante controle e pot\u00eancia equilibrados.<\/p>\n<h3>Redu\u00e7\u00e3o de vibra\u00e7\u00f5es<\/h3>\n<p>Em rela\u00e7\u00e3o \u00e0s tecnologias, incorpora o sistema de montagem do punho Vibradrive que, gra\u00e7as a uma pe\u00e7a el\u00e1stica de borracha, absorve eficazmente as vibra\u00e7\u00f5es ap\u00f3s um impacto, especialmente em golpes descentrados.<\/p>\n<p>Da mesma forma, o sistema CURVAKTIV e AIR POWER foram combinados na arma\u00e7\u00e3o para aumentar a durabilidade, resist\u00eancia e rigidez da raquete, ao mesmo tempo que distribui melhor as vibra\u00e7\u00f5es para maior conforto na batida.<\/p>\n<p>Possui tamb\u00e9m o sistema de placa de peso CustomWeight, que permite modificar o equil\u00edbrio da raquete de acordo com a necessidade de cada jogador.<\/p>\n<h2>Bullpadel Vertex 04 Hybrid, potencia y control sobresalientes<\/h2>\n","protected":false},"excerpt":{"rendered":"<p>Bullpadel Vertex 04 Hybrid: Raquete de alto desempenho para jogadores experientes que buscam pot\u00eancia e controle em cada tacada. Tecnologias avan\u00e7adas para reduzir vibra\u00e7\u00f5es e aumentar a rigidez. Perfeito para jogadores profissionais.<\/p>\n","protected":false},"featured_media":52845,"comment_status":"open","ping_status":"closed","template":"","meta":{"_acf_changed":false,"_joinchat":[]},"acabado":[1090],"balance":[1140],"dureza":[1155],"forma":[1175],"jugador":[1190,1200],"marca":[1255],"nivel-de-juego":[1345],"superficie":[1360],"tipo-de-juego":[1370],"product_brand":[],"product_cat":[300],"product_tag":[],"class_list":{"0":"post-20493","1":"product","2":"type-product","3":"status-publish","4":"has-post-thumbnail","6":"acabado-alivio-3d","7":"balance-medio-pt-pt","8":"dureza-media-pt-pt","9":"forma-hibrido","10":"jugador-homem","11":"jugador-polivalente-pt-pt","12":"marca-bullpadel-pt-pt","13":"superficie-rugosa-pt-pt","14":"tipo-de-juego-controle","15":"product_cat-palas","17":"first","18":"instock","19":"sale","20":"taxable","21":"shipping-taxable","22":"purchasable","23":"product-type-simple"},"acf":[],"yoast_head":"<!-- This site is optimized with the Yoast SEO plugin v27.3 - https:\/\/yoast.com\/product\/yoast-seo-wordpress\/ -->\n<title>BULLPADEL VERTEX 04 HYBRID - Revolution Padel Store<\/title>\n<meta name=\"robots\" content=\"index, follow, max-snippet:-1, max-image-preview:large, max-video-preview:-1\" \/>\n<link rel=\"canonical\" href=\"https:\/\/revolutionpadelstore.com\/pt-pt\/produto\/bullpadel-vertex-04-hybrid-5\/\" \/>\n<meta property=\"og:locale\" content=\"pt_PT\" \/>\n<meta property=\"og:type\" content=\"article\" \/>\n<meta property=\"og:title\" content=\"BULLPADEL VERTEX 04 HYBRID - Revolution Padel Store\" \/>\n<meta property=\"og:description\" content=\"Bullpadel Vertex 04 Hybrid: Raquete de alto desempenho para jogadores experientes que buscam pot\u00eancia e controle em cada tacada. Tecnologias avan\u00e7adas para reduzir vibra\u00e7\u00f5es e aumentar a rigidez. Perfeito para jogadores profissionais.\" \/>\n<meta property=\"og:url\" content=\"https:\/\/revolutionpadelstore.com\/pt-pt\/produto\/bullpadel-vertex-04-hybrid-5\/\" \/>\n<meta property=\"og:site_name\" content=\"Revolution Padel Store\" \/>\n<meta property=\"article:modified_time\" content=\"2026-04-08T13:09:25+00:00\" \/>\n<meta property=\"og:image\" content=\"https:\/\/revolutionpadelstore.com\/wp-content\/uploads\/2024\/03\/110867_pala_bullpadel_vertex_04_hybrid_24_471606_1500x1500_vista1_2a8f.webp\" \/>\n\t<meta property=\"og:image:width\" content=\"1500\" \/>\n\t<meta property=\"og:image:height\" content=\"1500\" \/>\n\t<meta property=\"og:image:type\" content=\"image\/webp\" \/>\n<meta name=\"twitter:card\" content=\"summary_large_image\" \/>\n<meta name=\"twitter:label1\" content=\"Tempo estimado de leitura\" \/>\n\t<meta name=\"twitter:data1\" content=\"2 minutos\" \/>\n<script type=\"application\/ld+json\" class=\"yoast-schema-graph\">{\"@context\":\"https:\\\/\\\/schema.org\",\"@graph\":[{\"@type\":\"WebPage\",\"@id\":\"https:\\\/\\\/revolutionpadelstore.com\\\/pt-pt\\\/produto\\\/bullpadel-vertex-04-hybrid-5\\\/\",\"url\":\"https:\\\/\\\/revolutionpadelstore.com\\\/pt-pt\\\/produto\\\/bullpadel-vertex-04-hybrid-5\\\/\",\"name\":\"BULLPADEL VERTEX 04 HYBRID - Revolution Padel Store\",\"isPartOf\":{\"@id\":\"https:\\\/\\\/revolutionpadelstore.com\\\/pt-pt\\\/#website\"},\"primaryImageOfPage\":{\"@id\":\"https:\\\/\\\/revolutionpadelstore.com\\\/pt-pt\\\/produto\\\/bullpadel-vertex-04-hybrid-5\\\/#primaryimage\"},\"image\":{\"@id\":\"https:\\\/\\\/revolutionpadelstore.com\\\/pt-pt\\\/produto\\\/bullpadel-vertex-04-hybrid-5\\\/#primaryimage\"},\"thumbnailUrl\":\"https:\\\/\\\/revolutionpadelstore.com\\\/wp-content\\\/uploads\\\/2024\\\/03\\\/110867_pala_bullpadel_vertex_04_hybrid_24_471606_1500x1500_vista1_2a8f.webp\",\"datePublished\":\"2024-03-13T13:44:23+00:00\",\"dateModified\":\"2026-04-08T13:09:25+00:00\",\"breadcrumb\":{\"@id\":\"https:\\\/\\\/revolutionpadelstore.com\\\/pt-pt\\\/produto\\\/bullpadel-vertex-04-hybrid-5\\\/#breadcrumb\"},\"inLanguage\":\"pt-PT\",\"potentialAction\":[{\"@type\":\"ReadAction\",\"target\":[\"https:\\\/\\\/revolutionpadelstore.com\\\/pt-pt\\\/produto\\\/bullpadel-vertex-04-hybrid-5\\\/\"]}]},{\"@type\":\"ImageObject\",\"inLanguage\":\"pt-PT\",\"@id\":\"https:\\\/\\\/revolutionpadelstore.com\\\/pt-pt\\\/produto\\\/bullpadel-vertex-04-hybrid-5\\\/#primaryimage\",\"url\":\"https:\\\/\\\/revolutionpadelstore.com\\\/wp-content\\\/uploads\\\/2024\\\/03\\\/110867_pala_bullpadel_vertex_04_hybrid_24_471606_1500x1500_vista1_2a8f.webp\",\"contentUrl\":\"https:\\\/\\\/revolutionpadelstore.com\\\/wp-content\\\/uploads\\\/2024\\\/03\\\/110867_pala_bullpadel_vertex_04_hybrid_24_471606_1500x1500_vista1_2a8f.webp\",\"width\":1500,\"height\":1500},{\"@type\":\"BreadcrumbList\",\"@id\":\"https:\\\/\\\/revolutionpadelstore.com\\\/pt-pt\\\/produto\\\/bullpadel-vertex-04-hybrid-5\\\/#breadcrumb\",\"itemListElement\":[{\"@type\":\"ListItem\",\"position\":1,\"name\":\"Portada\",\"item\":\"https:\\\/\\\/revolutionpadelstore.com\\\/pt-pt\\\/\"},{\"@type\":\"ListItem\",\"position\":2,\"name\":\"Tienda\",\"item\":\"https:\\\/\\\/revolutionpadelstore.com\\\/pt-pt\\\/tienda\\\/\"},{\"@type\":\"ListItem\",\"position\":3,\"name\":\"BULLPADEL VERTEX 04 HYBRID\"}]},{\"@type\":\"WebSite\",\"@id\":\"https:\\\/\\\/revolutionpadelstore.com\\\/pt-pt\\\/#website\",\"url\":\"https:\\\/\\\/revolutionpadelstore.com\\\/pt-pt\\\/\",\"name\":\"Revolution Padel Store\",\"description\":\"\",\"publisher\":{\"@id\":\"https:\\\/\\\/revolutionpadelstore.com\\\/pt-pt\\\/#organization\"},\"potentialAction\":[{\"@type\":\"SearchAction\",\"target\":{\"@type\":\"EntryPoint\",\"urlTemplate\":\"https:\\\/\\\/revolutionpadelstore.com\\\/pt-pt\\\/?s={search_term_string}\"},\"query-input\":{\"@type\":\"PropertyValueSpecification\",\"valueRequired\":true,\"valueName\":\"search_term_string\"}}],\"inLanguage\":\"pt-PT\"},{\"@type\":\"Organization\",\"@id\":\"https:\\\/\\\/revolutionpadelstore.com\\\/pt-pt\\\/#organization\",\"name\":\"Revolution Padel Store\",\"url\":\"https:\\\/\\\/revolutionpadelstore.com\\\/pt-pt\\\/\",\"logo\":{\"@type\":\"ImageObject\",\"inLanguage\":\"pt-PT\",\"@id\":\"https:\\\/\\\/revolutionpadelstore.com\\\/pt-pt\\\/#\\\/schema\\\/logo\\\/image\\\/\",\"url\":\"https:\\\/\\\/revolutionpadelstore.com\\\/wp-content\\\/uploads\\\/2026\\\/02\\\/revolution-padel-store.jpg\",\"contentUrl\":\"https:\\\/\\\/revolutionpadelstore.com\\\/wp-content\\\/uploads\\\/2026\\\/02\\\/revolution-padel-store.jpg\",\"width\":2000,\"height\":2000,\"caption\":\"Revolution Padel Store\"},\"image\":{\"@id\":\"https:\\\/\\\/revolutionpadelstore.com\\\/pt-pt\\\/#\\\/schema\\\/logo\\\/image\\\/\"},\"sameAs\":[\"https:\\\/\\\/www.instagram.com\\\/revolutionpadelstore\\\/\"]}]}<\/script>\n<!-- \/ Yoast SEO plugin. -->","yoast_head_json":{"title":"BULLPADEL VERTEX 04 HYBRID - Revolution Padel Store","robots":{"index":"index","follow":"follow","max-snippet":"max-snippet:-1","max-image-preview":"max-image-preview:large","max-video-preview":"max-video-preview:-1"},"canonical":"https:\/\/revolutionpadelstore.com\/pt-pt\/produto\/bullpadel-vertex-04-hybrid-5\/","og_locale":"pt_PT","og_type":"article","og_title":"BULLPADEL VERTEX 04 HYBRID - Revolution Padel Store","og_description":"Bullpadel Vertex 04 Hybrid: Raquete de alto desempenho para jogadores experientes que buscam pot\u00eancia e controle em cada tacada. Tecnologias avan\u00e7adas para reduzir vibra\u00e7\u00f5es e aumentar a rigidez. Perfeito para jogadores profissionais.","og_url":"https:\/\/revolutionpadelstore.com\/pt-pt\/produto\/bullpadel-vertex-04-hybrid-5\/","og_site_name":"Revolution Padel Store","article_modified_time":"2026-04-08T13:09:25+00:00","og_image":[{"width":1500,"height":1500,"url":"https:\/\/revolutionpadelstore.com\/wp-content\/uploads\/2024\/03\/110867_pala_bullpadel_vertex_04_hybrid_24_471606_1500x1500_vista1_2a8f.webp","type":"image\/webp"}],"twitter_card":"summary_large_image","twitter_misc":{"Tempo estimado de leitura":"2 minutos"},"schema":{"@context":"https:\/\/schema.org","@graph":[{"@type":"WebPage","@id":"https:\/\/revolutionpadelstore.com\/pt-pt\/produto\/bullpadel-vertex-04-hybrid-5\/","url":"https:\/\/revolutionpadelstore.com\/pt-pt\/produto\/bullpadel-vertex-04-hybrid-5\/","name":"BULLPADEL VERTEX 04 HYBRID - Revolution Padel Store","isPartOf":{"@id":"https:\/\/revolutionpadelstore.com\/pt-pt\/#website"},"primaryImageOfPage":{"@id":"https:\/\/revolutionpadelstore.com\/pt-pt\/produto\/bullpadel-vertex-04-hybrid-5\/#primaryimage"},"image":{"@id":"https:\/\/revolutionpadelstore.com\/pt-pt\/produto\/bullpadel-vertex-04-hybrid-5\/#primaryimage"},"thumbnailUrl":"https:\/\/revolutionpadelstore.com\/wp-content\/uploads\/2024\/03\/110867_pala_bullpadel_vertex_04_hybrid_24_471606_1500x1500_vista1_2a8f.webp","datePublished":"2024-03-13T13:44:23+00:00","dateModified":"2026-04-08T13:09:25+00:00","breadcrumb":{"@id":"https:\/\/revolutionpadelstore.com\/pt-pt\/produto\/bullpadel-vertex-04-hybrid-5\/#breadcrumb"},"inLanguage":"pt-PT","potentialAction":[{"@type":"ReadAction","target":["https:\/\/revolutionpadelstore.com\/pt-pt\/produto\/bullpadel-vertex-04-hybrid-5\/"]}]},{"@type":"ImageObject","inLanguage":"pt-PT","@id":"https:\/\/revolutionpadelstore.com\/pt-pt\/produto\/bullpadel-vertex-04-hybrid-5\/#primaryimage","url":"https:\/\/revolutionpadelstore.com\/wp-content\/uploads\/2024\/03\/110867_pala_bullpadel_vertex_04_hybrid_24_471606_1500x1500_vista1_2a8f.webp","contentUrl":"https:\/\/revolutionpadelstore.com\/wp-content\/uploads\/2024\/03\/110867_pala_bullpadel_vertex_04_hybrid_24_471606_1500x1500_vista1_2a8f.webp","width":1500,"height":1500},{"@type":"BreadcrumbList","@id":"https:\/\/revolutionpadelstore.com\/pt-pt\/produto\/bullpadel-vertex-04-hybrid-5\/#breadcrumb","itemListElement":[{"@type":"ListItem","position":1,"name":"Portada","item":"https:\/\/revolutionpadelstore.com\/pt-pt\/"},{"@type":"ListItem","position":2,"name":"Tienda","item":"https:\/\/revolutionpadelstore.com\/pt-pt\/tienda\/"},{"@type":"ListItem","position":3,"name":"BULLPADEL VERTEX 04 HYBRID"}]},{"@type":"WebSite","@id":"https:\/\/revolutionpadelstore.com\/pt-pt\/#website","url":"https:\/\/revolutionpadelstore.com\/pt-pt\/","name":"Revolution Padel Store","description":"","publisher":{"@id":"https:\/\/revolutionpadelstore.com\/pt-pt\/#organization"},"potentialAction":[{"@type":"SearchAction","target":{"@type":"EntryPoint","urlTemplate":"https:\/\/revolutionpadelstore.com\/pt-pt\/?s={search_term_string}"},"query-input":{"@type":"PropertyValueSpecification","valueRequired":true,"valueName":"search_term_string"}}],"inLanguage":"pt-PT"},{"@type":"Organization","@id":"https:\/\/revolutionpadelstore.com\/pt-pt\/#organization","name":"Revolution Padel Store","url":"https:\/\/revolutionpadelstore.com\/pt-pt\/","logo":{"@type":"ImageObject","inLanguage":"pt-PT","@id":"https:\/\/revolutionpadelstore.com\/pt-pt\/#\/schema\/logo\/image\/","url":"https:\/\/revolutionpadelstore.com\/wp-content\/uploads\/2026\/02\/revolution-padel-store.jpg","contentUrl":"https:\/\/revolutionpadelstore.com\/wp-content\/uploads\/2026\/02\/revolution-padel-store.jpg","width":2000,"height":2000,"caption":"Revolution Padel Store"},"image":{"@id":"https:\/\/revolutionpadelstore.com\/pt-pt\/#\/schema\/logo\/image\/"},"sameAs":["https:\/\/www.instagram.com\/revolutionpadelstore\/"]}]}},"_links":{"self":[{"href":"https:\/\/revolutionpadelstore.com\/pt-pt\/wp-json\/wp\/v2\/product\/20493","targetHints":{"allow":["GET"]}}],"collection":[{"href":"https:\/\/revolutionpadelstore.com\/pt-pt\/wp-json\/wp\/v2\/product"}],"about":[{"href":"https:\/\/revolutionpadelstore.com\/pt-pt\/wp-json\/wp\/v2\/types\/product"}],"replies":[{"embeddable":true,"href":"https:\/\/revolutionpadelstore.com\/pt-pt\/wp-json\/wp\/v2\/comments?post=20493"}],"wp:featuredmedia":[{"embeddable":true,"href":"https:\/\/revolutionpadelstore.com\/pt-pt\/wp-json\/wp\/v2\/media\/52845"}],"wp:attachment":[{"href":"https:\/\/revolutionpadelstore.com\/pt-pt\/wp-json\/wp\/v2\/media?parent=20493"}],"wp:term":[{"taxonomy":"acabado","embeddable":true,"href":"https:\/\/revolutionpadelstore.com\/pt-pt\/wp-json\/wp\/v2\/acabado?post=20493"},{"taxonomy":"balance","embeddable":true,"href":"https:\/\/revolutionpadelstore.com\/pt-pt\/wp-json\/wp\/v2\/balance?post=20493"},{"taxonomy":"dureza","embeddable":true,"href":"https:\/\/revolutionpadelstore.com\/pt-pt\/wp-json\/wp\/v2\/dureza?post=20493"},{"taxonomy":"forma","embeddable":true,"href":"https:\/\/revolutionpadelstore.com\/pt-pt\/wp-json\/wp\/v2\/forma?post=20493"},{"taxonomy":"jugador","embeddable":true,"href":"https:\/\/revolutionpadelstore.com\/pt-pt\/wp-json\/wp\/v2\/jugador?post=20493"},{"taxonomy":"marca","embeddable":true,"href":"https:\/\/revolutionpadelstore.com\/pt-pt\/wp-json\/wp\/v2\/marca?post=20493"},{"taxonomy":"nivel-de-juego","embeddable":true,"href":"https:\/\/revolutionpadelstore.com\/pt-pt\/wp-json\/wp\/v2\/nivel-de-juego?post=20493"},{"taxonomy":"superficie","embeddable":true,"href":"https:\/\/revolutionpadelstore.com\/pt-pt\/wp-json\/wp\/v2\/superficie?post=20493"},{"taxonomy":"tipo-de-juego","embeddable":true,"href":"https:\/\/revolutionpadelstore.com\/pt-pt\/wp-json\/wp\/v2\/tipo-de-juego?post=20493"},{"taxonomy":"product_brand","embeddable":true,"href":"https:\/\/revolutionpadelstore.com\/pt-pt\/wp-json\/wp\/v2\/product_brand?post=20493"},{"taxonomy":"product_cat","embeddable":true,"href":"https:\/\/revolutionpadelstore.com\/pt-pt\/wp-json\/wp\/v2\/product_cat?post=20493"},{"taxonomy":"product_tag","embeddable":true,"href":"https:\/\/revolutionpadelstore.com\/pt-pt\/wp-json\/wp\/v2\/product_tag?post=20493"}],"curies":[{"name":"wp","href":"https:\/\/api.w.org\/{rel}","templated":true}]}}