{"id":20483,"date":"2024-03-13T14:53:29","date_gmt":"2024-03-13T13:53:29","guid":{"rendered":"https:\/\/revolutionpadelstore.com\/bullpadel-hack-03-hybrid-24\/"},"modified":"2026-04-08T15:08:15","modified_gmt":"2026-04-08T13:08:15","slug":"bullpadel-hack-03-hybrid-24-5","status":"publish","type":"product","link":"https:\/\/revolutionpadelstore.com\/pt-pt\/produto\/bullpadel-hack-03-hybrid-24-5\/","title":{"rendered":"BULLPADEL HACK 03 HYBRID 24"},"content":{"rendered":"<h2>Bullpadel Hack 03 Hybrid 24, jogue como Paquito Navarro<\/h2>\n<p>A raquete Bullpadel Hack 03 Hybrid 24 \u00e9 a escolha perfeita para jogadores de padel avan\u00e7ados ou profissionais que buscam um equil\u00edbrio excepcional entre controle e desempenho na quadra.<\/p>\n<p>Esta raquete de padel de gama profissional foi desenvolvida em colabora\u00e7\u00e3o com o lend\u00e1rio padelista <strong>Paquito Navarro<\/strong>, o que garante a sua qualidade e desempenho excepcionais. Seu design redondo o torna uma ferramenta excepcional para o m\u00e1ximo controle em cada tacada, tornando-o a escolha ideal para jogadores que buscam dominar a quadra com precis\u00e3o.<\/p>\n<h2>Raquete com fibra de carbono e n\u00facleo MultiEVA<\/h2>\n<p>O Bullpadel Hack 03 Hybrid 24 \u00e9 constru\u00eddo com materiais de alta qualidade para oferecer desempenho excepcional. O tubo CarbonTube 100% fibra de carbono oferece resist\u00eancia excepcional e resposta precisa em cada golpe. A combina\u00e7\u00e3o de faces <strong><em>Tricarbon<\/em><\/strong>, n\u00facleo <em><strong>MultiEVA <\/strong><\/em>e estrutura em alum\u00ednio <em><strong>CW \/strong&gt;<\/em> garante uma combina\u00e7\u00e3o perfeita de pot\u00eancia e controle.<\/p>\n<p>Uma das caracter\u00edsticas marcantes desta raquete \u00e9 o sistema Air React Channel, que cria uma estrutura mais aerodin\u00e2mica, que permitir\u00e1 mover a raquete com rapidez e precis\u00e3o na quadra. Al\u00e9m disso, a superf\u00edcie \u00e1spera <em>Gr\u00e3o 3D<\/em><\/strong> permite dar maior giro \u00e0 bola, o que lhe dar\u00e1 uma vantagem estrat\u00e9gica no jogo.<\/p>\n<p>A estrutura <strong>Metalshield <\/strong><\/em>incorpora placas de peso <em><strong>CustomWeight<\/strong><\/em> que permitem modificar o equil\u00edbrio da raquete de acordo com suas prefer\u00eancias, adaptando-a \u00e0s seu estilo de jogo. O sistema <em><strong>Vibradrive<\/strong><\/em> absorve vibra\u00e7\u00f5es, proporcionando uma sensa\u00e7\u00e3o suave a cada golpe e reduzindo a chance de les\u00f5es.<\/p>\n<p>O cora\u00e7\u00e3o Hack e os canais Nerve na lateral do quadro proporcionam maior estabilidade e pot\u00eancia aos seus tiros. Al\u00e9m disso, o punho Hesacore reduz as vibra\u00e7\u00f5es, melhorando o seu conforto enquanto voc\u00ea joga.<\/p>\n<h2>Bullpadel Hack 03 Hybrid 24, juega como Paquito Navarro<\/h2>\n","protected":false},"excerpt":{"rendered":"<p>Bullpadel Hack 03 Hybrid 24, jogue como Paquito Navarro com esta raquete. Formato redondo para jogadores de n\u00edvel avan\u00e7ado ou profissional. Com n\u00facleo MultiEVA para controlar cada golpe.<\/p>\n","protected":false},"featured_media":52814,"comment_status":"open","ping_status":"closed","template":"","meta":{"_acf_changed":false,"_joinchat":[]},"acabado":[1080],"balance":[1145],"dureza":[1155],"forma":[1180],"jugador":[1190,1200],"marca":[1255],"nivel-de-juego":[1335],"superficie":[1360],"tipo-de-juego":[1370],"product_brand":[],"product_cat":[300],"product_tag":[],"class_list":{"0":"post-20483","1":"product","2":"type-product","3":"status-publish","4":"has-post-thumbnail","6":"acabado-brilho","7":"balance-baixo","8":"dureza-media-pt-pt","9":"forma-rodada","10":"jugador-homem","11":"jugador-polivalente-pt-pt","12":"marca-bullpadel-pt-pt","13":"superficie-rugosa-pt-pt","14":"tipo-de-juego-controle","15":"product_cat-palas","17":"first","18":"instock","19":"sale","20":"taxable","21":"shipping-taxable","22":"purchasable","23":"product-type-simple"},"acf":[],"yoast_head":"<!-- This site is optimized with the Yoast SEO plugin v27.4 - https:\/\/yoast.com\/product\/yoast-seo-wordpress\/ -->\n<title>BULLPADEL HACK 03 HYBRID 24 - Revolution Padel Store<\/title>\n<meta name=\"description\" content=\"Bullpadel Hack 03 Hybrid 24, juega como Paquito Navarro con esta pala. De forma redonda para jugadores de nivel avanzado o profesional. Con n\u00facleo MultiEVA para control cada golpes.\" \/>\n<meta name=\"robots\" content=\"index, follow, max-snippet:-1, max-image-preview:large, max-video-preview:-1\" \/>\n<link rel=\"canonical\" href=\"https:\/\/revolutionpadelstore.com\/pt-pt\/produto\/bullpadel-hack-03-hybrid-24-5\/\" \/>\n<meta property=\"og:locale\" content=\"pt_PT\" \/>\n<meta property=\"og:type\" content=\"article\" \/>\n<meta property=\"og:title\" content=\"BULLPADEL HACK 03 HYBRID 24 - Revolution Padel Store\" \/>\n<meta property=\"og:description\" content=\"Bullpadel Hack 03 Hybrid 24, juega como Paquito Navarro con esta pala. De forma redonda para jugadores de nivel avanzado o profesional. Con n\u00facleo MultiEVA para control cada golpes.\" \/>\n<meta property=\"og:url\" content=\"https:\/\/revolutionpadelstore.com\/pt-pt\/produto\/bullpadel-hack-03-hybrid-24-5\/\" \/>\n<meta property=\"og:site_name\" content=\"Revolution Padel Store\" \/>\n<meta property=\"article:modified_time\" content=\"2026-04-08T13:08:15+00:00\" \/>\n<meta property=\"og:image\" content=\"https:\/\/revolutionpadelstore.com\/wp-content\/uploads\/2024\/03\/110863_pala_bullpadel_hack_03_hybrid_24_471603_1500x1500_vista1_f01c.webp\" \/>\n\t<meta property=\"og:image:width\" content=\"1500\" \/>\n\t<meta property=\"og:image:height\" content=\"1500\" \/>\n\t<meta property=\"og:image:type\" content=\"image\/webp\" \/>\n<meta name=\"twitter:card\" content=\"summary_large_image\" \/>\n<meta name=\"twitter:label1\" content=\"Tempo estimado de leitura\" \/>\n\t<meta name=\"twitter:data1\" content=\"2 minutos\" \/>\n<script type=\"application\/ld+json\" class=\"yoast-schema-graph\">{\"@context\":\"https:\\\/\\\/schema.org\",\"@graph\":[{\"@type\":\"WebPage\",\"@id\":\"https:\\\/\\\/revolutionpadelstore.com\\\/pt-pt\\\/produto\\\/bullpadel-hack-03-hybrid-24-5\\\/\",\"url\":\"https:\\\/\\\/revolutionpadelstore.com\\\/pt-pt\\\/produto\\\/bullpadel-hack-03-hybrid-24-5\\\/\",\"name\":\"BULLPADEL HACK 03 HYBRID 24 - Revolution Padel Store\",\"isPartOf\":{\"@id\":\"https:\\\/\\\/revolutionpadelstore.com\\\/pt-pt\\\/#website\"},\"primaryImageOfPage\":{\"@id\":\"https:\\\/\\\/revolutionpadelstore.com\\\/pt-pt\\\/produto\\\/bullpadel-hack-03-hybrid-24-5\\\/#primaryimage\"},\"image\":{\"@id\":\"https:\\\/\\\/revolutionpadelstore.com\\\/pt-pt\\\/produto\\\/bullpadel-hack-03-hybrid-24-5\\\/#primaryimage\"},\"thumbnailUrl\":\"https:\\\/\\\/revolutionpadelstore.com\\\/wp-content\\\/uploads\\\/2024\\\/03\\\/110863_pala_bullpadel_hack_03_hybrid_24_471603_1500x1500_vista1_f01c.webp\",\"datePublished\":\"2024-03-13T13:53:29+00:00\",\"dateModified\":\"2026-04-08T13:08:15+00:00\",\"description\":\"Bullpadel Hack 03 Hybrid 24, juega como Paquito Navarro con esta pala. De forma redonda para jugadores de nivel avanzado o profesional. Con n\u00facleo MultiEVA para control cada golpes.\",\"breadcrumb\":{\"@id\":\"https:\\\/\\\/revolutionpadelstore.com\\\/pt-pt\\\/produto\\\/bullpadel-hack-03-hybrid-24-5\\\/#breadcrumb\"},\"inLanguage\":\"pt-PT\",\"potentialAction\":[{\"@type\":\"ReadAction\",\"target\":[\"https:\\\/\\\/revolutionpadelstore.com\\\/pt-pt\\\/produto\\\/bullpadel-hack-03-hybrid-24-5\\\/\"]}]},{\"@type\":\"ImageObject\",\"inLanguage\":\"pt-PT\",\"@id\":\"https:\\\/\\\/revolutionpadelstore.com\\\/pt-pt\\\/produto\\\/bullpadel-hack-03-hybrid-24-5\\\/#primaryimage\",\"url\":\"https:\\\/\\\/revolutionpadelstore.com\\\/wp-content\\\/uploads\\\/2024\\\/03\\\/110863_pala_bullpadel_hack_03_hybrid_24_471603_1500x1500_vista1_f01c.webp\",\"contentUrl\":\"https:\\\/\\\/revolutionpadelstore.com\\\/wp-content\\\/uploads\\\/2024\\\/03\\\/110863_pala_bullpadel_hack_03_hybrid_24_471603_1500x1500_vista1_f01c.webp\",\"width\":1500,\"height\":1500},{\"@type\":\"BreadcrumbList\",\"@id\":\"https:\\\/\\\/revolutionpadelstore.com\\\/pt-pt\\\/produto\\\/bullpadel-hack-03-hybrid-24-5\\\/#breadcrumb\",\"itemListElement\":[{\"@type\":\"ListItem\",\"position\":1,\"name\":\"Portada\",\"item\":\"https:\\\/\\\/revolutionpadelstore.com\\\/pt-pt\\\/\"},{\"@type\":\"ListItem\",\"position\":2,\"name\":\"Tienda\",\"item\":\"https:\\\/\\\/revolutionpadelstore.com\\\/pt-pt\\\/tienda\\\/\"},{\"@type\":\"ListItem\",\"position\":3,\"name\":\"BULLPADEL HACK 03 HYBRID 24\"}]},{\"@type\":\"WebSite\",\"@id\":\"https:\\\/\\\/revolutionpadelstore.com\\\/pt-pt\\\/#website\",\"url\":\"https:\\\/\\\/revolutionpadelstore.com\\\/pt-pt\\\/\",\"name\":\"Revolution Padel Store\",\"description\":\"\",\"publisher\":{\"@id\":\"https:\\\/\\\/revolutionpadelstore.com\\\/pt-pt\\\/#organization\"},\"potentialAction\":[{\"@type\":\"SearchAction\",\"target\":{\"@type\":\"EntryPoint\",\"urlTemplate\":\"https:\\\/\\\/revolutionpadelstore.com\\\/pt-pt\\\/?s={search_term_string}\"},\"query-input\":{\"@type\":\"PropertyValueSpecification\",\"valueRequired\":true,\"valueName\":\"search_term_string\"}}],\"inLanguage\":\"pt-PT\"},{\"@type\":\"Organization\",\"@id\":\"https:\\\/\\\/revolutionpadelstore.com\\\/pt-pt\\\/#organization\",\"name\":\"Revolution Padel Store\",\"url\":\"https:\\\/\\\/revolutionpadelstore.com\\\/pt-pt\\\/\",\"logo\":{\"@type\":\"ImageObject\",\"inLanguage\":\"pt-PT\",\"@id\":\"https:\\\/\\\/revolutionpadelstore.com\\\/pt-pt\\\/#\\\/schema\\\/logo\\\/image\\\/\",\"url\":\"https:\\\/\\\/revolutionpadelstore.com\\\/wp-content\\\/uploads\\\/2026\\\/02\\\/revolution-padel-store.jpg\",\"contentUrl\":\"https:\\\/\\\/revolutionpadelstore.com\\\/wp-content\\\/uploads\\\/2026\\\/02\\\/revolution-padel-store.jpg\",\"width\":2000,\"height\":2000,\"caption\":\"Revolution Padel Store\"},\"image\":{\"@id\":\"https:\\\/\\\/revolutionpadelstore.com\\\/pt-pt\\\/#\\\/schema\\\/logo\\\/image\\\/\"},\"sameAs\":[\"https:\\\/\\\/www.instagram.com\\\/revolutionpadelstore\\\/\"]}]}<\/script>\n<!-- \/ Yoast SEO plugin. -->","yoast_head_json":{"title":"BULLPADEL HACK 03 HYBRID 24 - Revolution Padel Store","description":"Bullpadel Hack 03 Hybrid 24, juega como Paquito Navarro con esta pala. De forma redonda para jugadores de nivel avanzado o profesional. Con n\u00facleo MultiEVA para control cada golpes.","robots":{"index":"index","follow":"follow","max-snippet":"max-snippet:-1","max-image-preview":"max-image-preview:large","max-video-preview":"max-video-preview:-1"},"canonical":"https:\/\/revolutionpadelstore.com\/pt-pt\/produto\/bullpadel-hack-03-hybrid-24-5\/","og_locale":"pt_PT","og_type":"article","og_title":"BULLPADEL HACK 03 HYBRID 24 - Revolution Padel Store","og_description":"Bullpadel Hack 03 Hybrid 24, juega como Paquito Navarro con esta pala. De forma redonda para jugadores de nivel avanzado o profesional. Con n\u00facleo MultiEVA para control cada golpes.","og_url":"https:\/\/revolutionpadelstore.com\/pt-pt\/produto\/bullpadel-hack-03-hybrid-24-5\/","og_site_name":"Revolution Padel Store","article_modified_time":"2026-04-08T13:08:15+00:00","og_image":[{"width":1500,"height":1500,"url":"https:\/\/revolutionpadelstore.com\/wp-content\/uploads\/2024\/03\/110863_pala_bullpadel_hack_03_hybrid_24_471603_1500x1500_vista1_f01c.webp","type":"image\/webp"}],"twitter_card":"summary_large_image","twitter_misc":{"Tempo estimado de leitura":"2 minutos"},"schema":{"@context":"https:\/\/schema.org","@graph":[{"@type":"WebPage","@id":"https:\/\/revolutionpadelstore.com\/pt-pt\/produto\/bullpadel-hack-03-hybrid-24-5\/","url":"https:\/\/revolutionpadelstore.com\/pt-pt\/produto\/bullpadel-hack-03-hybrid-24-5\/","name":"BULLPADEL HACK 03 HYBRID 24 - Revolution Padel Store","isPartOf":{"@id":"https:\/\/revolutionpadelstore.com\/pt-pt\/#website"},"primaryImageOfPage":{"@id":"https:\/\/revolutionpadelstore.com\/pt-pt\/produto\/bullpadel-hack-03-hybrid-24-5\/#primaryimage"},"image":{"@id":"https:\/\/revolutionpadelstore.com\/pt-pt\/produto\/bullpadel-hack-03-hybrid-24-5\/#primaryimage"},"thumbnailUrl":"https:\/\/revolutionpadelstore.com\/wp-content\/uploads\/2024\/03\/110863_pala_bullpadel_hack_03_hybrid_24_471603_1500x1500_vista1_f01c.webp","datePublished":"2024-03-13T13:53:29+00:00","dateModified":"2026-04-08T13:08:15+00:00","description":"Bullpadel Hack 03 Hybrid 24, juega como Paquito Navarro con esta pala. De forma redonda para jugadores de nivel avanzado o profesional. Con n\u00facleo MultiEVA para control cada golpes.","breadcrumb":{"@id":"https:\/\/revolutionpadelstore.com\/pt-pt\/produto\/bullpadel-hack-03-hybrid-24-5\/#breadcrumb"},"inLanguage":"pt-PT","potentialAction":[{"@type":"ReadAction","target":["https:\/\/revolutionpadelstore.com\/pt-pt\/produto\/bullpadel-hack-03-hybrid-24-5\/"]}]},{"@type":"ImageObject","inLanguage":"pt-PT","@id":"https:\/\/revolutionpadelstore.com\/pt-pt\/produto\/bullpadel-hack-03-hybrid-24-5\/#primaryimage","url":"https:\/\/revolutionpadelstore.com\/wp-content\/uploads\/2024\/03\/110863_pala_bullpadel_hack_03_hybrid_24_471603_1500x1500_vista1_f01c.webp","contentUrl":"https:\/\/revolutionpadelstore.com\/wp-content\/uploads\/2024\/03\/110863_pala_bullpadel_hack_03_hybrid_24_471603_1500x1500_vista1_f01c.webp","width":1500,"height":1500},{"@type":"BreadcrumbList","@id":"https:\/\/revolutionpadelstore.com\/pt-pt\/produto\/bullpadel-hack-03-hybrid-24-5\/#breadcrumb","itemListElement":[{"@type":"ListItem","position":1,"name":"Portada","item":"https:\/\/revolutionpadelstore.com\/pt-pt\/"},{"@type":"ListItem","position":2,"name":"Tienda","item":"https:\/\/revolutionpadelstore.com\/pt-pt\/tienda\/"},{"@type":"ListItem","position":3,"name":"BULLPADEL HACK 03 HYBRID 24"}]},{"@type":"WebSite","@id":"https:\/\/revolutionpadelstore.com\/pt-pt\/#website","url":"https:\/\/revolutionpadelstore.com\/pt-pt\/","name":"Revolution Padel Store","description":"","publisher":{"@id":"https:\/\/revolutionpadelstore.com\/pt-pt\/#organization"},"potentialAction":[{"@type":"SearchAction","target":{"@type":"EntryPoint","urlTemplate":"https:\/\/revolutionpadelstore.com\/pt-pt\/?s={search_term_string}"},"query-input":{"@type":"PropertyValueSpecification","valueRequired":true,"valueName":"search_term_string"}}],"inLanguage":"pt-PT"},{"@type":"Organization","@id":"https:\/\/revolutionpadelstore.com\/pt-pt\/#organization","name":"Revolution Padel Store","url":"https:\/\/revolutionpadelstore.com\/pt-pt\/","logo":{"@type":"ImageObject","inLanguage":"pt-PT","@id":"https:\/\/revolutionpadelstore.com\/pt-pt\/#\/schema\/logo\/image\/","url":"https:\/\/revolutionpadelstore.com\/wp-content\/uploads\/2026\/02\/revolution-padel-store.jpg","contentUrl":"https:\/\/revolutionpadelstore.com\/wp-content\/uploads\/2026\/02\/revolution-padel-store.jpg","width":2000,"height":2000,"caption":"Revolution Padel Store"},"image":{"@id":"https:\/\/revolutionpadelstore.com\/pt-pt\/#\/schema\/logo\/image\/"},"sameAs":["https:\/\/www.instagram.com\/revolutionpadelstore\/"]}]}},"_links":{"self":[{"href":"https:\/\/revolutionpadelstore.com\/pt-pt\/wp-json\/wp\/v2\/product\/20483","targetHints":{"allow":["GET"]}}],"collection":[{"href":"https:\/\/revolutionpadelstore.com\/pt-pt\/wp-json\/wp\/v2\/product"}],"about":[{"href":"https:\/\/revolutionpadelstore.com\/pt-pt\/wp-json\/wp\/v2\/types\/product"}],"replies":[{"embeddable":true,"href":"https:\/\/revolutionpadelstore.com\/pt-pt\/wp-json\/wp\/v2\/comments?post=20483"}],"wp:featuredmedia":[{"embeddable":true,"href":"https:\/\/revolutionpadelstore.com\/pt-pt\/wp-json\/wp\/v2\/media\/52814"}],"wp:attachment":[{"href":"https:\/\/revolutionpadelstore.com\/pt-pt\/wp-json\/wp\/v2\/media?parent=20483"}],"wp:term":[{"taxonomy":"acabado","embeddable":true,"href":"https:\/\/revolutionpadelstore.com\/pt-pt\/wp-json\/wp\/v2\/acabado?post=20483"},{"taxonomy":"balance","embeddable":true,"href":"https:\/\/revolutionpadelstore.com\/pt-pt\/wp-json\/wp\/v2\/balance?post=20483"},{"taxonomy":"dureza","embeddable":true,"href":"https:\/\/revolutionpadelstore.com\/pt-pt\/wp-json\/wp\/v2\/dureza?post=20483"},{"taxonomy":"forma","embeddable":true,"href":"https:\/\/revolutionpadelstore.com\/pt-pt\/wp-json\/wp\/v2\/forma?post=20483"},{"taxonomy":"jugador","embeddable":true,"href":"https:\/\/revolutionpadelstore.com\/pt-pt\/wp-json\/wp\/v2\/jugador?post=20483"},{"taxonomy":"marca","embeddable":true,"href":"https:\/\/revolutionpadelstore.com\/pt-pt\/wp-json\/wp\/v2\/marca?post=20483"},{"taxonomy":"nivel-de-juego","embeddable":true,"href":"https:\/\/revolutionpadelstore.com\/pt-pt\/wp-json\/wp\/v2\/nivel-de-juego?post=20483"},{"taxonomy":"superficie","embeddable":true,"href":"https:\/\/revolutionpadelstore.com\/pt-pt\/wp-json\/wp\/v2\/superficie?post=20483"},{"taxonomy":"tipo-de-juego","embeddable":true,"href":"https:\/\/revolutionpadelstore.com\/pt-pt\/wp-json\/wp\/v2\/tipo-de-juego?post=20483"},{"taxonomy":"product_brand","embeddable":true,"href":"https:\/\/revolutionpadelstore.com\/pt-pt\/wp-json\/wp\/v2\/product_brand?post=20483"},{"taxonomy":"product_cat","embeddable":true,"href":"https:\/\/revolutionpadelstore.com\/pt-pt\/wp-json\/wp\/v2\/product_cat?post=20483"},{"taxonomy":"product_tag","embeddable":true,"href":"https:\/\/revolutionpadelstore.com\/pt-pt\/wp-json\/wp\/v2\/product_tag?post=20483"}],"curies":[{"name":"wp","href":"https:\/\/api.w.org\/{rel}","templated":true}]}}