{"id":20468,"date":"2024-03-14T14:41:18","date_gmt":"2024-03-14T13:41:18","guid":{"rendered":"https:\/\/revolutionpadelstore.com\/bullpadel-neuron\/"},"modified":"2026-04-08T15:07:03","modified_gmt":"2026-04-08T13:07:03","slug":"bullpadel-neuron-5","status":"publish","type":"product","link":"https:\/\/revolutionpadelstore.com\/pt-pt\/produto\/bullpadel-neuron-5\/","title":{"rendered":"BULLPADEL NEURON"},"content":{"rendered":"<h2>Bullpadel Neuron, acelera\u00e7\u00e3o r\u00e1pida e f\u00e1cil com pouco esfor\u00e7o<\/h2>\n<p>A nova Bullpadel Neuron \u00e9 uma raquete que foi projetada para proporcionar o melhor desempenho em quadra aos jogadores de padel avan\u00e7ados ou profissionais que buscam acelerar a bola no momento. O jogador profissional <strong>Fede Chingotto<\/strong> enfrentar\u00e1 a temporada de 2024 empunhando esta raquete Bullpadel.<\/p>\n<p>Quanto \u00e0 sua forma, apresenta um <strong>molde h\u00edbrido com baixo equil\u00edbrio<\/strong>, pelo que oferece um grande compromisso entre pot\u00eancia e controlo, com sensa\u00e7\u00e3o e sa\u00edda de bola m\u00e9dias. Oferece versatilidade excepcional para que voc\u00ea possa se adaptar \u00e0s necessidades do jogo em todos os momentos.<\/p>\n<p>Possui peso padr\u00e3o entre 365 e 375 gramas, portanto a manobrabilidade e facilidade de manuseio s\u00e3o aceit\u00e1veis \u200b\u200bpara jogadores de alto n\u00edvel.<\/p>\n<h2>Estabilidade para evitar tor\u00e7\u00f5es<\/h2>\n<p>No n\u00facleo interno encontramos uma borracha Multieva que combina uma camada externa mais compacta que proporciona grande pot\u00eancia, e uma camada interna de menor densidade que proporciona controle em bolas lentas.<\/p>\n<p>Os avi\u00f5es foram fabricados com <em>Xtend Carbon 12K<\/em>, um tipo de carbono entrela\u00e7ado at\u00e9 30% mais leve, que proporciona <strong>maior pot\u00eancia, rigidez e durabilidade.<\/strong><\/p>\n<p>Al\u00e9m disso, o quadro CarbonTube bidirecional 100% em carbono interligado proporciona excelente capacidade de resposta gra\u00e7as a uma combina\u00e7\u00e3o equilibrada de pot\u00eancia e controle.<\/p>\n<h3>Redu\u00e7\u00e3o das flex\u00f5es da l\u00e2mina<\/h3>\n<p>Da mesma forma, foi incorporada \u00e0 estrutura a tecnologia <em>Wave System<\/em>, que proporciona maior flexibilidade \u00e0 \u00e1rea com o objetivo de tornar a transmiss\u00e3o de energia mais suave e eficiente. \u00c9 alcan\u00e7ado um efeito de catapulta, portanto o jogador deve exercer menos esfor\u00e7o ao acertar.<\/p>\n<p>Da mesma forma, possui o cora\u00e7\u00e3o Neuron, uma ponte horizontal com quebra no v\u00e9rtice que se encarrega de absorver eficazmente as vibra\u00e7\u00f5es para reduzir o cansa\u00e7o e aumentar o n\u00edvel de conforto durante a partida.<\/p>\n<p>Tamb\u00e9m inclui o sistema de montagem do punho <em>Vibradrive <\/em> e o punho <em>Hesacore<\/em>, que reduzem as vibra\u00e7\u00f5es, o esfor\u00e7o e a possibilidade de les\u00f5es.<\/p>\n<h2>Bullpadel Neuron, r\u00e1pida y f\u00e1cil acelaraci\u00f3n con poco esfuerzo<\/h2>\n","protected":false},"excerpt":{"rendered":"<p>A raquete Bullpadel Neuron 2024, formato h\u00edbrido e baixo equil\u00edbrio, \u00e9 o modelo que Fede Chingotto usar\u00e1 para a nova temporada. Oferece versatilidade durante o jogo. Avi\u00f5es Xtend Carbon 12K e n\u00facleo de borracha Multieva.<\/p>\n","protected":false},"featured_media":52774,"comment_status":"open","ping_status":"closed","template":"","meta":{"_acf_changed":false,"_joinchat":[]},"acabado":[1080],"balance":[1140],"dureza":[1155],"forma":[1175],"jugador":[1190,1200],"marca":[1255],"nivel-de-juego":[1335],"superficie":[1355],"tipo-de-juego":[1385],"product_brand":[],"product_cat":[300],"product_tag":[],"class_list":{"0":"post-20468","1":"product","2":"type-product","3":"status-publish","4":"has-post-thumbnail","6":"acabado-brilho","7":"balance-medio-pt-pt","8":"dureza-media-pt-pt","9":"forma-hibrido","10":"jugador-homem","11":"jugador-polivalente-pt-pt","12":"marca-bullpadel-pt-pt","13":"superficie-lisa-pt-pt","14":"tipo-de-juego-polivalente-pt-pt","15":"product_cat-palas","17":"first","18":"instock","19":"sale","20":"taxable","21":"shipping-taxable","22":"purchasable","23":"product-type-simple"},"acf":[],"yoast_head":"<!-- This site is optimized with the Yoast SEO plugin v27.4 - https:\/\/yoast.com\/product\/yoast-seo-wordpress\/ -->\n<title>BULLPADEL NEURON - Revolution Padel Store<\/title>\n<meta name=\"description\" content=\"Pala Bullpadel Neuron 2024, forma h\u00edbrida y balance bajo, es el modelo que empu\u00f1ar\u00e1 Fede Chingotto para la nueva temporada. Aporta polivalencia durante el juego. Planos de Xtend Carbon 12K y n\u00facleo de goma Multieva.\" \/>\n<meta name=\"robots\" content=\"index, follow, max-snippet:-1, max-image-preview:large, max-video-preview:-1\" \/>\n<link rel=\"canonical\" href=\"https:\/\/revolutionpadelstore.com\/pt-pt\/produto\/bullpadel-neuron-5\/\" \/>\n<meta property=\"og:locale\" content=\"pt_PT\" \/>\n<meta property=\"og:type\" content=\"article\" \/>\n<meta property=\"og:title\" content=\"BULLPADEL NEURON - Revolution Padel Store\" \/>\n<meta property=\"og:description\" content=\"Pala Bullpadel Neuron 2024, forma h\u00edbrida y balance bajo, es el modelo que empu\u00f1ar\u00e1 Fede Chingotto para la nueva temporada. Aporta polivalencia durante el juego. Planos de Xtend Carbon 12K y n\u00facleo de goma Multieva.\" \/>\n<meta property=\"og:url\" content=\"https:\/\/revolutionpadelstore.com\/pt-pt\/produto\/bullpadel-neuron-5\/\" \/>\n<meta property=\"og:site_name\" content=\"Revolution Padel Store\" \/>\n<meta property=\"article:modified_time\" content=\"2026-04-08T13:07:03+00:00\" \/>\n<meta property=\"og:image\" content=\"https:\/\/revolutionpadelstore.com\/wp-content\/uploads\/2024\/03\/110864_pala_bullpadel_neuron_24_471611_1500x1500_vista1_076d.webp\" \/>\n\t<meta property=\"og:image:width\" content=\"1500\" \/>\n\t<meta property=\"og:image:height\" content=\"1500\" \/>\n\t<meta property=\"og:image:type\" content=\"image\/webp\" \/>\n<meta name=\"twitter:card\" content=\"summary_large_image\" \/>\n<meta name=\"twitter:label1\" content=\"Tempo estimado de leitura\" \/>\n\t<meta name=\"twitter:data1\" content=\"2 minutos\" \/>\n<script type=\"application\/ld+json\" class=\"yoast-schema-graph\">{\"@context\":\"https:\\\/\\\/schema.org\",\"@graph\":[{\"@type\":\"WebPage\",\"@id\":\"https:\\\/\\\/revolutionpadelstore.com\\\/pt-pt\\\/produto\\\/bullpadel-neuron-5\\\/\",\"url\":\"https:\\\/\\\/revolutionpadelstore.com\\\/pt-pt\\\/produto\\\/bullpadel-neuron-5\\\/\",\"name\":\"BULLPADEL NEURON - Revolution Padel Store\",\"isPartOf\":{\"@id\":\"https:\\\/\\\/revolutionpadelstore.com\\\/pt-pt\\\/#website\"},\"primaryImageOfPage\":{\"@id\":\"https:\\\/\\\/revolutionpadelstore.com\\\/pt-pt\\\/produto\\\/bullpadel-neuron-5\\\/#primaryimage\"},\"image\":{\"@id\":\"https:\\\/\\\/revolutionpadelstore.com\\\/pt-pt\\\/produto\\\/bullpadel-neuron-5\\\/#primaryimage\"},\"thumbnailUrl\":\"https:\\\/\\\/revolutionpadelstore.com\\\/wp-content\\\/uploads\\\/2024\\\/03\\\/110864_pala_bullpadel_neuron_24_471611_1500x1500_vista1_076d.webp\",\"datePublished\":\"2024-03-14T13:41:18+00:00\",\"dateModified\":\"2026-04-08T13:07:03+00:00\",\"description\":\"Pala Bullpadel Neuron 2024, forma h\u00edbrida y balance bajo, es el modelo que empu\u00f1ar\u00e1 Fede Chingotto para la nueva temporada. Aporta polivalencia durante el juego. Planos de Xtend Carbon 12K y n\u00facleo de goma Multieva.\",\"breadcrumb\":{\"@id\":\"https:\\\/\\\/revolutionpadelstore.com\\\/pt-pt\\\/produto\\\/bullpadel-neuron-5\\\/#breadcrumb\"},\"inLanguage\":\"pt-PT\",\"potentialAction\":[{\"@type\":\"ReadAction\",\"target\":[\"https:\\\/\\\/revolutionpadelstore.com\\\/pt-pt\\\/produto\\\/bullpadel-neuron-5\\\/\"]}]},{\"@type\":\"ImageObject\",\"inLanguage\":\"pt-PT\",\"@id\":\"https:\\\/\\\/revolutionpadelstore.com\\\/pt-pt\\\/produto\\\/bullpadel-neuron-5\\\/#primaryimage\",\"url\":\"https:\\\/\\\/revolutionpadelstore.com\\\/wp-content\\\/uploads\\\/2024\\\/03\\\/110864_pala_bullpadel_neuron_24_471611_1500x1500_vista1_076d.webp\",\"contentUrl\":\"https:\\\/\\\/revolutionpadelstore.com\\\/wp-content\\\/uploads\\\/2024\\\/03\\\/110864_pala_bullpadel_neuron_24_471611_1500x1500_vista1_076d.webp\",\"width\":1500,\"height\":1500},{\"@type\":\"BreadcrumbList\",\"@id\":\"https:\\\/\\\/revolutionpadelstore.com\\\/pt-pt\\\/produto\\\/bullpadel-neuron-5\\\/#breadcrumb\",\"itemListElement\":[{\"@type\":\"ListItem\",\"position\":1,\"name\":\"Portada\",\"item\":\"https:\\\/\\\/revolutionpadelstore.com\\\/pt-pt\\\/\"},{\"@type\":\"ListItem\",\"position\":2,\"name\":\"Tienda\",\"item\":\"https:\\\/\\\/revolutionpadelstore.com\\\/pt-pt\\\/tienda\\\/\"},{\"@type\":\"ListItem\",\"position\":3,\"name\":\"BULLPADEL NEURON\"}]},{\"@type\":\"WebSite\",\"@id\":\"https:\\\/\\\/revolutionpadelstore.com\\\/pt-pt\\\/#website\",\"url\":\"https:\\\/\\\/revolutionpadelstore.com\\\/pt-pt\\\/\",\"name\":\"Revolution Padel Store\",\"description\":\"\",\"publisher\":{\"@id\":\"https:\\\/\\\/revolutionpadelstore.com\\\/pt-pt\\\/#organization\"},\"potentialAction\":[{\"@type\":\"SearchAction\",\"target\":{\"@type\":\"EntryPoint\",\"urlTemplate\":\"https:\\\/\\\/revolutionpadelstore.com\\\/pt-pt\\\/?s={search_term_string}\"},\"query-input\":{\"@type\":\"PropertyValueSpecification\",\"valueRequired\":true,\"valueName\":\"search_term_string\"}}],\"inLanguage\":\"pt-PT\"},{\"@type\":\"Organization\",\"@id\":\"https:\\\/\\\/revolutionpadelstore.com\\\/pt-pt\\\/#organization\",\"name\":\"Revolution Padel Store\",\"url\":\"https:\\\/\\\/revolutionpadelstore.com\\\/pt-pt\\\/\",\"logo\":{\"@type\":\"ImageObject\",\"inLanguage\":\"pt-PT\",\"@id\":\"https:\\\/\\\/revolutionpadelstore.com\\\/pt-pt\\\/#\\\/schema\\\/logo\\\/image\\\/\",\"url\":\"https:\\\/\\\/revolutionpadelstore.com\\\/wp-content\\\/uploads\\\/2026\\\/02\\\/revolution-padel-store.jpg\",\"contentUrl\":\"https:\\\/\\\/revolutionpadelstore.com\\\/wp-content\\\/uploads\\\/2026\\\/02\\\/revolution-padel-store.jpg\",\"width\":2000,\"height\":2000,\"caption\":\"Revolution Padel Store\"},\"image\":{\"@id\":\"https:\\\/\\\/revolutionpadelstore.com\\\/pt-pt\\\/#\\\/schema\\\/logo\\\/image\\\/\"},\"sameAs\":[\"https:\\\/\\\/www.instagram.com\\\/revolutionpadelstore\\\/\"]}]}<\/script>\n<!-- \/ Yoast SEO plugin. -->","yoast_head_json":{"title":"BULLPADEL NEURON - Revolution Padel Store","description":"Pala Bullpadel Neuron 2024, forma h\u00edbrida y balance bajo, es el modelo que empu\u00f1ar\u00e1 Fede Chingotto para la nueva temporada. Aporta polivalencia durante el juego. Planos de Xtend Carbon 12K y n\u00facleo de goma Multieva.","robots":{"index":"index","follow":"follow","max-snippet":"max-snippet:-1","max-image-preview":"max-image-preview:large","max-video-preview":"max-video-preview:-1"},"canonical":"https:\/\/revolutionpadelstore.com\/pt-pt\/produto\/bullpadel-neuron-5\/","og_locale":"pt_PT","og_type":"article","og_title":"BULLPADEL NEURON - Revolution Padel Store","og_description":"Pala Bullpadel Neuron 2024, forma h\u00edbrida y balance bajo, es el modelo que empu\u00f1ar\u00e1 Fede Chingotto para la nueva temporada. Aporta polivalencia durante el juego. Planos de Xtend Carbon 12K y n\u00facleo de goma Multieva.","og_url":"https:\/\/revolutionpadelstore.com\/pt-pt\/produto\/bullpadel-neuron-5\/","og_site_name":"Revolution Padel Store","article_modified_time":"2026-04-08T13:07:03+00:00","og_image":[{"width":1500,"height":1500,"url":"https:\/\/revolutionpadelstore.com\/wp-content\/uploads\/2024\/03\/110864_pala_bullpadel_neuron_24_471611_1500x1500_vista1_076d.webp","type":"image\/webp"}],"twitter_card":"summary_large_image","twitter_misc":{"Tempo estimado de leitura":"2 minutos"},"schema":{"@context":"https:\/\/schema.org","@graph":[{"@type":"WebPage","@id":"https:\/\/revolutionpadelstore.com\/pt-pt\/produto\/bullpadel-neuron-5\/","url":"https:\/\/revolutionpadelstore.com\/pt-pt\/produto\/bullpadel-neuron-5\/","name":"BULLPADEL NEURON - Revolution Padel Store","isPartOf":{"@id":"https:\/\/revolutionpadelstore.com\/pt-pt\/#website"},"primaryImageOfPage":{"@id":"https:\/\/revolutionpadelstore.com\/pt-pt\/produto\/bullpadel-neuron-5\/#primaryimage"},"image":{"@id":"https:\/\/revolutionpadelstore.com\/pt-pt\/produto\/bullpadel-neuron-5\/#primaryimage"},"thumbnailUrl":"https:\/\/revolutionpadelstore.com\/wp-content\/uploads\/2024\/03\/110864_pala_bullpadel_neuron_24_471611_1500x1500_vista1_076d.webp","datePublished":"2024-03-14T13:41:18+00:00","dateModified":"2026-04-08T13:07:03+00:00","description":"Pala Bullpadel Neuron 2024, forma h\u00edbrida y balance bajo, es el modelo que empu\u00f1ar\u00e1 Fede Chingotto para la nueva temporada. Aporta polivalencia durante el juego. Planos de Xtend Carbon 12K y n\u00facleo de goma Multieva.","breadcrumb":{"@id":"https:\/\/revolutionpadelstore.com\/pt-pt\/produto\/bullpadel-neuron-5\/#breadcrumb"},"inLanguage":"pt-PT","potentialAction":[{"@type":"ReadAction","target":["https:\/\/revolutionpadelstore.com\/pt-pt\/produto\/bullpadel-neuron-5\/"]}]},{"@type":"ImageObject","inLanguage":"pt-PT","@id":"https:\/\/revolutionpadelstore.com\/pt-pt\/produto\/bullpadel-neuron-5\/#primaryimage","url":"https:\/\/revolutionpadelstore.com\/wp-content\/uploads\/2024\/03\/110864_pala_bullpadel_neuron_24_471611_1500x1500_vista1_076d.webp","contentUrl":"https:\/\/revolutionpadelstore.com\/wp-content\/uploads\/2024\/03\/110864_pala_bullpadel_neuron_24_471611_1500x1500_vista1_076d.webp","width":1500,"height":1500},{"@type":"BreadcrumbList","@id":"https:\/\/revolutionpadelstore.com\/pt-pt\/produto\/bullpadel-neuron-5\/#breadcrumb","itemListElement":[{"@type":"ListItem","position":1,"name":"Portada","item":"https:\/\/revolutionpadelstore.com\/pt-pt\/"},{"@type":"ListItem","position":2,"name":"Tienda","item":"https:\/\/revolutionpadelstore.com\/pt-pt\/tienda\/"},{"@type":"ListItem","position":3,"name":"BULLPADEL NEURON"}]},{"@type":"WebSite","@id":"https:\/\/revolutionpadelstore.com\/pt-pt\/#website","url":"https:\/\/revolutionpadelstore.com\/pt-pt\/","name":"Revolution Padel Store","description":"","publisher":{"@id":"https:\/\/revolutionpadelstore.com\/pt-pt\/#organization"},"potentialAction":[{"@type":"SearchAction","target":{"@type":"EntryPoint","urlTemplate":"https:\/\/revolutionpadelstore.com\/pt-pt\/?s={search_term_string}"},"query-input":{"@type":"PropertyValueSpecification","valueRequired":true,"valueName":"search_term_string"}}],"inLanguage":"pt-PT"},{"@type":"Organization","@id":"https:\/\/revolutionpadelstore.com\/pt-pt\/#organization","name":"Revolution Padel Store","url":"https:\/\/revolutionpadelstore.com\/pt-pt\/","logo":{"@type":"ImageObject","inLanguage":"pt-PT","@id":"https:\/\/revolutionpadelstore.com\/pt-pt\/#\/schema\/logo\/image\/","url":"https:\/\/revolutionpadelstore.com\/wp-content\/uploads\/2026\/02\/revolution-padel-store.jpg","contentUrl":"https:\/\/revolutionpadelstore.com\/wp-content\/uploads\/2026\/02\/revolution-padel-store.jpg","width":2000,"height":2000,"caption":"Revolution Padel Store"},"image":{"@id":"https:\/\/revolutionpadelstore.com\/pt-pt\/#\/schema\/logo\/image\/"},"sameAs":["https:\/\/www.instagram.com\/revolutionpadelstore\/"]}]}},"_links":{"self":[{"href":"https:\/\/revolutionpadelstore.com\/pt-pt\/wp-json\/wp\/v2\/product\/20468","targetHints":{"allow":["GET"]}}],"collection":[{"href":"https:\/\/revolutionpadelstore.com\/pt-pt\/wp-json\/wp\/v2\/product"}],"about":[{"href":"https:\/\/revolutionpadelstore.com\/pt-pt\/wp-json\/wp\/v2\/types\/product"}],"replies":[{"embeddable":true,"href":"https:\/\/revolutionpadelstore.com\/pt-pt\/wp-json\/wp\/v2\/comments?post=20468"}],"wp:featuredmedia":[{"embeddable":true,"href":"https:\/\/revolutionpadelstore.com\/pt-pt\/wp-json\/wp\/v2\/media\/52774"}],"wp:attachment":[{"href":"https:\/\/revolutionpadelstore.com\/pt-pt\/wp-json\/wp\/v2\/media?parent=20468"}],"wp:term":[{"taxonomy":"acabado","embeddable":true,"href":"https:\/\/revolutionpadelstore.com\/pt-pt\/wp-json\/wp\/v2\/acabado?post=20468"},{"taxonomy":"balance","embeddable":true,"href":"https:\/\/revolutionpadelstore.com\/pt-pt\/wp-json\/wp\/v2\/balance?post=20468"},{"taxonomy":"dureza","embeddable":true,"href":"https:\/\/revolutionpadelstore.com\/pt-pt\/wp-json\/wp\/v2\/dureza?post=20468"},{"taxonomy":"forma","embeddable":true,"href":"https:\/\/revolutionpadelstore.com\/pt-pt\/wp-json\/wp\/v2\/forma?post=20468"},{"taxonomy":"jugador","embeddable":true,"href":"https:\/\/revolutionpadelstore.com\/pt-pt\/wp-json\/wp\/v2\/jugador?post=20468"},{"taxonomy":"marca","embeddable":true,"href":"https:\/\/revolutionpadelstore.com\/pt-pt\/wp-json\/wp\/v2\/marca?post=20468"},{"taxonomy":"nivel-de-juego","embeddable":true,"href":"https:\/\/revolutionpadelstore.com\/pt-pt\/wp-json\/wp\/v2\/nivel-de-juego?post=20468"},{"taxonomy":"superficie","embeddable":true,"href":"https:\/\/revolutionpadelstore.com\/pt-pt\/wp-json\/wp\/v2\/superficie?post=20468"},{"taxonomy":"tipo-de-juego","embeddable":true,"href":"https:\/\/revolutionpadelstore.com\/pt-pt\/wp-json\/wp\/v2\/tipo-de-juego?post=20468"},{"taxonomy":"product_brand","embeddable":true,"href":"https:\/\/revolutionpadelstore.com\/pt-pt\/wp-json\/wp\/v2\/product_brand?post=20468"},{"taxonomy":"product_cat","embeddable":true,"href":"https:\/\/revolutionpadelstore.com\/pt-pt\/wp-json\/wp\/v2\/product_cat?post=20468"},{"taxonomy":"product_tag","embeddable":true,"href":"https:\/\/revolutionpadelstore.com\/pt-pt\/wp-json\/wp\/v2\/product_tag?post=20468"}],"curies":[{"name":"wp","href":"https:\/\/api.w.org\/{rel}","templated":true}]}}