{"id":20463,"date":"2024-03-14T14:45:11","date_gmt":"2024-03-14T13:45:11","guid":{"rendered":"https:\/\/revolutionpadelstore.com\/bullpadel-flow-w-24\/"},"modified":"2026-04-09T02:01:27","modified_gmt":"2026-04-09T00:01:27","slug":"bullpadel-flow-w-24-5","status":"publish","type":"product","link":"https:\/\/revolutionpadelstore.com\/pt-pt\/produto\/bullpadel-flow-w-24-5\/","title":{"rendered":"BULLPADEL FLOW W 24"},"content":{"rendered":"<h2>Bullpadel Flow W 24, raquete de diamante para jogadores PRO<\/h2>\n<p>A Bullpadel Flow W 24 \u00e9 uma raquete de padel de \u00faltima gera\u00e7\u00e3o projetada para jogadores de n\u00edvel avan\u00e7ado ou profissional que buscam um desempenho excepcional em quadra. Esta raquete faz parte da linha PRO da Bullpadel e foi desenvolvida em colabora\u00e7\u00e3o com a not\u00e1vel jogadora de padel <strong>Alejandra Salazar<\/strong> como parte da emocionante cole\u00e7\u00e3o <strong>2024<\/strong>.<\/p>\n<p>Uma das caracter\u00edsticas de destaque da raquete \u00e9 o formato de diamante, que a torna excepcionalmente leve e manej\u00e1vel. Isso permite que os jogadores experimentem grande manobrabilidade na quadra e executem chutes precisos com facilidade. A combina\u00e7\u00e3o do formato do diamante e do seu peso torna-o uma escolha perfeita para jogadores que preferem um jogo agressivo e orientado para o ataque.<\/p>\n<h2>Corrida com excelente composi\u00e7\u00e3o<\/h2>\n<p>A constru\u00e7\u00e3o desta raquete \u00e9 de primeira qualidade. Sua composi\u00e7\u00e3o externa \u00e9 feita de <em><strong>Fibrix<\/strong><\/em>, que proporciona durabilidade e resist\u00eancia ao desgaste. O n\u00facleo \u00e9 composto por<strong><em>MultiEVA<\/em><\/strong>com diversas camadas de diferentes densidades, para lidar com golpes de diferentes velocidades. O cora\u00e7\u00e3o <strong>FlowForce<\/em><\/strong>contribui para estabilidade e pot\u00eancia em cada tacada.<\/p>\n<p>As faces apresentam um acabamento granulado 3D \u00e1spero, projetado para aumentar o giro da bola, permitindo que os jogadores acertem chutes carregados com facilidade. O quadro \u00e9 feito de <em><strong>CarbonTube<\/strong><\/em>, uma fibra 100% carbono que proporciona rigidez e durabilidade sem adicionar peso desnecess\u00e1rio.<\/p>\n<p>Um aspecto importante a destacar \u00e9 o sistema <strong>Vibradrive<\/strong><\/em>incorporado nesta raquete, que absorve as vibra\u00e7\u00f5es para proporcionar uma sensa\u00e7\u00e3o de conforto no jogo e reduzir o risco de les\u00f5es por esfor\u00e7os repetitivos.<\/p>\n<p>O design \u00e9 elegante e sofisticado, com esquema de cores branco que destaca o logotipo da marca e detalhes dourados. Esta raquete n\u00e3o se destaca apenas pelo seu excepcional desempenho em quadra, mas tamb\u00e9m pela sua est\u00e9tica marcante.<\/p>\n<p>Bulllpadel Flow W 24, a raquete de Alejandra Salazar para 2024. Uma raquete leve de diamante para jogadores de padel de n\u00edvel avan\u00e7ado ou profissional. Com n\u00facleo MultiEVA.<\/p>\n<h2>Bullpadel Flow W 24, pala de diamante para jugadoras PRO<\/h2>\n","protected":false},"excerpt":{"rendered":"<p>Bullpadel Flow W 24, a raquete de Alejandra Salazar para 2024. Uma raquete de diamante leve para jogadores de padel de n\u00edvel avan\u00e7ado ou profissional. Com n\u00facleo MultiEVA.<\/p>\n","protected":false},"featured_media":52742,"comment_status":"open","ping_status":"closed","template":"","meta":{"_acf_changed":false,"_joinchat":[]},"acabado":[1080],"balance":[1135],"dureza":[1155],"forma":[1170],"jugador":[1195],"marca":[1255],"nivel-de-juego":[1335],"superficie":[1360],"tipo-de-juego":[1375],"product_brand":[],"product_cat":[300],"product_tag":[],"class_list":{"0":"post-20463","1":"product","2":"type-product","3":"status-publish","4":"has-post-thumbnail","6":"acabado-brilho","7":"balance-alto-pt-pt","8":"dureza-media-pt-pt","9":"forma-diamante-pt-pt","10":"jugador-mulher","11":"marca-bullpadel-pt-pt","12":"superficie-rugosa-pt-pt","13":"tipo-de-juego-poder","14":"product_cat-palas","16":"first","17":"instock","18":"sale","19":"taxable","20":"shipping-taxable","21":"purchasable","22":"product-type-simple"},"acf":[],"yoast_head":"<!-- This site is optimized with the Yoast SEO plugin v27.4 - https:\/\/yoast.com\/product\/yoast-seo-wordpress\/ -->\n<title>BULLPADEL FLOW W 24 - Revolution Padel Store<\/title>\n<meta name=\"description\" content=\"Bulllpadel Flow W 24, la pala de Alejandra Salazar para el 2024. Una pala de diamante ligera para jugadoras de p\u00e1del de nivel avanzado o profesional. Con n\u00facleo de MultiEVA.\" \/>\n<meta name=\"robots\" content=\"index, follow, max-snippet:-1, max-image-preview:large, max-video-preview:-1\" \/>\n<link rel=\"canonical\" href=\"https:\/\/revolutionpadelstore.com\/pt-pt\/produto\/bullpadel-flow-w-24-5\/\" \/>\n<meta property=\"og:locale\" content=\"pt_PT\" \/>\n<meta property=\"og:type\" content=\"article\" \/>\n<meta property=\"og:title\" content=\"BULLPADEL FLOW W 24 - Revolution Padel Store\" \/>\n<meta property=\"og:description\" content=\"Bulllpadel Flow W 24, la pala de Alejandra Salazar para el 2024. Una pala de diamante ligera para jugadoras de p\u00e1del de nivel avanzado o profesional. Con n\u00facleo de MultiEVA.\" \/>\n<meta property=\"og:url\" content=\"https:\/\/revolutionpadelstore.com\/pt-pt\/produto\/bullpadel-flow-w-24-5\/\" \/>\n<meta property=\"og:site_name\" content=\"Revolution Padel Store\" \/>\n<meta property=\"article:modified_time\" content=\"2026-04-09T00:01:27+00:00\" \/>\n<meta property=\"og:image\" content=\"https:\/\/revolutionpadelstore.com\/wp-content\/uploads\/2024\/03\/110860_pala_bullpadel_flow_w_24_471609_mujer_1500x1500_vista1_8153.webp\" \/>\n\t<meta property=\"og:image:width\" content=\"1500\" \/>\n\t<meta property=\"og:image:height\" content=\"1500\" \/>\n\t<meta property=\"og:image:type\" content=\"image\/webp\" \/>\n<meta name=\"twitter:card\" content=\"summary_large_image\" \/>\n<meta name=\"twitter:label1\" content=\"Tempo estimado de leitura\" \/>\n\t<meta name=\"twitter:data1\" content=\"2 minutos\" \/>\n<script type=\"application\/ld+json\" class=\"yoast-schema-graph\">{\"@context\":\"https:\\\/\\\/schema.org\",\"@graph\":[{\"@type\":\"WebPage\",\"@id\":\"https:\\\/\\\/revolutionpadelstore.com\\\/pt-pt\\\/produto\\\/bullpadel-flow-w-24-5\\\/\",\"url\":\"https:\\\/\\\/revolutionpadelstore.com\\\/pt-pt\\\/produto\\\/bullpadel-flow-w-24-5\\\/\",\"name\":\"BULLPADEL FLOW W 24 - Revolution Padel Store\",\"isPartOf\":{\"@id\":\"https:\\\/\\\/revolutionpadelstore.com\\\/pt-pt\\\/#website\"},\"primaryImageOfPage\":{\"@id\":\"https:\\\/\\\/revolutionpadelstore.com\\\/pt-pt\\\/produto\\\/bullpadel-flow-w-24-5\\\/#primaryimage\"},\"image\":{\"@id\":\"https:\\\/\\\/revolutionpadelstore.com\\\/pt-pt\\\/produto\\\/bullpadel-flow-w-24-5\\\/#primaryimage\"},\"thumbnailUrl\":\"https:\\\/\\\/revolutionpadelstore.com\\\/wp-content\\\/uploads\\\/2024\\\/03\\\/110860_pala_bullpadel_flow_w_24_471609_mujer_1500x1500_vista1_8153.webp\",\"datePublished\":\"2024-03-14T13:45:11+00:00\",\"dateModified\":\"2026-04-09T00:01:27+00:00\",\"description\":\"Bulllpadel Flow W 24, la pala de Alejandra Salazar para el 2024. Una pala de diamante ligera para jugadoras de p\u00e1del de nivel avanzado o profesional. Con n\u00facleo de MultiEVA.\",\"breadcrumb\":{\"@id\":\"https:\\\/\\\/revolutionpadelstore.com\\\/pt-pt\\\/produto\\\/bullpadel-flow-w-24-5\\\/#breadcrumb\"},\"inLanguage\":\"pt-PT\",\"potentialAction\":[{\"@type\":\"ReadAction\",\"target\":[\"https:\\\/\\\/revolutionpadelstore.com\\\/pt-pt\\\/produto\\\/bullpadel-flow-w-24-5\\\/\"]}]},{\"@type\":\"ImageObject\",\"inLanguage\":\"pt-PT\",\"@id\":\"https:\\\/\\\/revolutionpadelstore.com\\\/pt-pt\\\/produto\\\/bullpadel-flow-w-24-5\\\/#primaryimage\",\"url\":\"https:\\\/\\\/revolutionpadelstore.com\\\/wp-content\\\/uploads\\\/2024\\\/03\\\/110860_pala_bullpadel_flow_w_24_471609_mujer_1500x1500_vista1_8153.webp\",\"contentUrl\":\"https:\\\/\\\/revolutionpadelstore.com\\\/wp-content\\\/uploads\\\/2024\\\/03\\\/110860_pala_bullpadel_flow_w_24_471609_mujer_1500x1500_vista1_8153.webp\",\"width\":1500,\"height\":1500},{\"@type\":\"BreadcrumbList\",\"@id\":\"https:\\\/\\\/revolutionpadelstore.com\\\/pt-pt\\\/produto\\\/bullpadel-flow-w-24-5\\\/#breadcrumb\",\"itemListElement\":[{\"@type\":\"ListItem\",\"position\":1,\"name\":\"Portada\",\"item\":\"https:\\\/\\\/revolutionpadelstore.com\\\/pt-pt\\\/\"},{\"@type\":\"ListItem\",\"position\":2,\"name\":\"Tienda\",\"item\":\"https:\\\/\\\/revolutionpadelstore.com\\\/pt-pt\\\/tienda\\\/\"},{\"@type\":\"ListItem\",\"position\":3,\"name\":\"BULLPADEL FLOW W 24\"}]},{\"@type\":\"WebSite\",\"@id\":\"https:\\\/\\\/revolutionpadelstore.com\\\/pt-pt\\\/#website\",\"url\":\"https:\\\/\\\/revolutionpadelstore.com\\\/pt-pt\\\/\",\"name\":\"Revolution Padel Store\",\"description\":\"\",\"publisher\":{\"@id\":\"https:\\\/\\\/revolutionpadelstore.com\\\/pt-pt\\\/#organization\"},\"potentialAction\":[{\"@type\":\"SearchAction\",\"target\":{\"@type\":\"EntryPoint\",\"urlTemplate\":\"https:\\\/\\\/revolutionpadelstore.com\\\/pt-pt\\\/?s={search_term_string}\"},\"query-input\":{\"@type\":\"PropertyValueSpecification\",\"valueRequired\":true,\"valueName\":\"search_term_string\"}}],\"inLanguage\":\"pt-PT\"},{\"@type\":\"Organization\",\"@id\":\"https:\\\/\\\/revolutionpadelstore.com\\\/pt-pt\\\/#organization\",\"name\":\"Revolution Padel Store\",\"url\":\"https:\\\/\\\/revolutionpadelstore.com\\\/pt-pt\\\/\",\"logo\":{\"@type\":\"ImageObject\",\"inLanguage\":\"pt-PT\",\"@id\":\"https:\\\/\\\/revolutionpadelstore.com\\\/pt-pt\\\/#\\\/schema\\\/logo\\\/image\\\/\",\"url\":\"https:\\\/\\\/revolutionpadelstore.com\\\/wp-content\\\/uploads\\\/2026\\\/02\\\/revolution-padel-store.jpg\",\"contentUrl\":\"https:\\\/\\\/revolutionpadelstore.com\\\/wp-content\\\/uploads\\\/2026\\\/02\\\/revolution-padel-store.jpg\",\"width\":2000,\"height\":2000,\"caption\":\"Revolution Padel Store\"},\"image\":{\"@id\":\"https:\\\/\\\/revolutionpadelstore.com\\\/pt-pt\\\/#\\\/schema\\\/logo\\\/image\\\/\"},\"sameAs\":[\"https:\\\/\\\/www.instagram.com\\\/revolutionpadelstore\\\/\"]}]}<\/script>\n<!-- \/ Yoast SEO plugin. -->","yoast_head_json":{"title":"BULLPADEL FLOW W 24 - Revolution Padel Store","description":"Bulllpadel Flow W 24, la pala de Alejandra Salazar para el 2024. Una pala de diamante ligera para jugadoras de p\u00e1del de nivel avanzado o profesional. Con n\u00facleo de MultiEVA.","robots":{"index":"index","follow":"follow","max-snippet":"max-snippet:-1","max-image-preview":"max-image-preview:large","max-video-preview":"max-video-preview:-1"},"canonical":"https:\/\/revolutionpadelstore.com\/pt-pt\/produto\/bullpadel-flow-w-24-5\/","og_locale":"pt_PT","og_type":"article","og_title":"BULLPADEL FLOW W 24 - Revolution Padel Store","og_description":"Bulllpadel Flow W 24, la pala de Alejandra Salazar para el 2024. Una pala de diamante ligera para jugadoras de p\u00e1del de nivel avanzado o profesional. Con n\u00facleo de MultiEVA.","og_url":"https:\/\/revolutionpadelstore.com\/pt-pt\/produto\/bullpadel-flow-w-24-5\/","og_site_name":"Revolution Padel Store","article_modified_time":"2026-04-09T00:01:27+00:00","og_image":[{"width":1500,"height":1500,"url":"https:\/\/revolutionpadelstore.com\/wp-content\/uploads\/2024\/03\/110860_pala_bullpadel_flow_w_24_471609_mujer_1500x1500_vista1_8153.webp","type":"image\/webp"}],"twitter_card":"summary_large_image","twitter_misc":{"Tempo estimado de leitura":"2 minutos"},"schema":{"@context":"https:\/\/schema.org","@graph":[{"@type":"WebPage","@id":"https:\/\/revolutionpadelstore.com\/pt-pt\/produto\/bullpadel-flow-w-24-5\/","url":"https:\/\/revolutionpadelstore.com\/pt-pt\/produto\/bullpadel-flow-w-24-5\/","name":"BULLPADEL FLOW W 24 - Revolution Padel Store","isPartOf":{"@id":"https:\/\/revolutionpadelstore.com\/pt-pt\/#website"},"primaryImageOfPage":{"@id":"https:\/\/revolutionpadelstore.com\/pt-pt\/produto\/bullpadel-flow-w-24-5\/#primaryimage"},"image":{"@id":"https:\/\/revolutionpadelstore.com\/pt-pt\/produto\/bullpadel-flow-w-24-5\/#primaryimage"},"thumbnailUrl":"https:\/\/revolutionpadelstore.com\/wp-content\/uploads\/2024\/03\/110860_pala_bullpadel_flow_w_24_471609_mujer_1500x1500_vista1_8153.webp","datePublished":"2024-03-14T13:45:11+00:00","dateModified":"2026-04-09T00:01:27+00:00","description":"Bulllpadel Flow W 24, la pala de Alejandra Salazar para el 2024. Una pala de diamante ligera para jugadoras de p\u00e1del de nivel avanzado o profesional. Con n\u00facleo de MultiEVA.","breadcrumb":{"@id":"https:\/\/revolutionpadelstore.com\/pt-pt\/produto\/bullpadel-flow-w-24-5\/#breadcrumb"},"inLanguage":"pt-PT","potentialAction":[{"@type":"ReadAction","target":["https:\/\/revolutionpadelstore.com\/pt-pt\/produto\/bullpadel-flow-w-24-5\/"]}]},{"@type":"ImageObject","inLanguage":"pt-PT","@id":"https:\/\/revolutionpadelstore.com\/pt-pt\/produto\/bullpadel-flow-w-24-5\/#primaryimage","url":"https:\/\/revolutionpadelstore.com\/wp-content\/uploads\/2024\/03\/110860_pala_bullpadel_flow_w_24_471609_mujer_1500x1500_vista1_8153.webp","contentUrl":"https:\/\/revolutionpadelstore.com\/wp-content\/uploads\/2024\/03\/110860_pala_bullpadel_flow_w_24_471609_mujer_1500x1500_vista1_8153.webp","width":1500,"height":1500},{"@type":"BreadcrumbList","@id":"https:\/\/revolutionpadelstore.com\/pt-pt\/produto\/bullpadel-flow-w-24-5\/#breadcrumb","itemListElement":[{"@type":"ListItem","position":1,"name":"Portada","item":"https:\/\/revolutionpadelstore.com\/pt-pt\/"},{"@type":"ListItem","position":2,"name":"Tienda","item":"https:\/\/revolutionpadelstore.com\/pt-pt\/tienda\/"},{"@type":"ListItem","position":3,"name":"BULLPADEL FLOW W 24"}]},{"@type":"WebSite","@id":"https:\/\/revolutionpadelstore.com\/pt-pt\/#website","url":"https:\/\/revolutionpadelstore.com\/pt-pt\/","name":"Revolution Padel Store","description":"","publisher":{"@id":"https:\/\/revolutionpadelstore.com\/pt-pt\/#organization"},"potentialAction":[{"@type":"SearchAction","target":{"@type":"EntryPoint","urlTemplate":"https:\/\/revolutionpadelstore.com\/pt-pt\/?s={search_term_string}"},"query-input":{"@type":"PropertyValueSpecification","valueRequired":true,"valueName":"search_term_string"}}],"inLanguage":"pt-PT"},{"@type":"Organization","@id":"https:\/\/revolutionpadelstore.com\/pt-pt\/#organization","name":"Revolution Padel Store","url":"https:\/\/revolutionpadelstore.com\/pt-pt\/","logo":{"@type":"ImageObject","inLanguage":"pt-PT","@id":"https:\/\/revolutionpadelstore.com\/pt-pt\/#\/schema\/logo\/image\/","url":"https:\/\/revolutionpadelstore.com\/wp-content\/uploads\/2026\/02\/revolution-padel-store.jpg","contentUrl":"https:\/\/revolutionpadelstore.com\/wp-content\/uploads\/2026\/02\/revolution-padel-store.jpg","width":2000,"height":2000,"caption":"Revolution Padel Store"},"image":{"@id":"https:\/\/revolutionpadelstore.com\/pt-pt\/#\/schema\/logo\/image\/"},"sameAs":["https:\/\/www.instagram.com\/revolutionpadelstore\/"]}]}},"_links":{"self":[{"href":"https:\/\/revolutionpadelstore.com\/pt-pt\/wp-json\/wp\/v2\/product\/20463","targetHints":{"allow":["GET"]}}],"collection":[{"href":"https:\/\/revolutionpadelstore.com\/pt-pt\/wp-json\/wp\/v2\/product"}],"about":[{"href":"https:\/\/revolutionpadelstore.com\/pt-pt\/wp-json\/wp\/v2\/types\/product"}],"replies":[{"embeddable":true,"href":"https:\/\/revolutionpadelstore.com\/pt-pt\/wp-json\/wp\/v2\/comments?post=20463"}],"wp:featuredmedia":[{"embeddable":true,"href":"https:\/\/revolutionpadelstore.com\/pt-pt\/wp-json\/wp\/v2\/media\/52742"}],"wp:attachment":[{"href":"https:\/\/revolutionpadelstore.com\/pt-pt\/wp-json\/wp\/v2\/media?parent=20463"}],"wp:term":[{"taxonomy":"acabado","embeddable":true,"href":"https:\/\/revolutionpadelstore.com\/pt-pt\/wp-json\/wp\/v2\/acabado?post=20463"},{"taxonomy":"balance","embeddable":true,"href":"https:\/\/revolutionpadelstore.com\/pt-pt\/wp-json\/wp\/v2\/balance?post=20463"},{"taxonomy":"dureza","embeddable":true,"href":"https:\/\/revolutionpadelstore.com\/pt-pt\/wp-json\/wp\/v2\/dureza?post=20463"},{"taxonomy":"forma","embeddable":true,"href":"https:\/\/revolutionpadelstore.com\/pt-pt\/wp-json\/wp\/v2\/forma?post=20463"},{"taxonomy":"jugador","embeddable":true,"href":"https:\/\/revolutionpadelstore.com\/pt-pt\/wp-json\/wp\/v2\/jugador?post=20463"},{"taxonomy":"marca","embeddable":true,"href":"https:\/\/revolutionpadelstore.com\/pt-pt\/wp-json\/wp\/v2\/marca?post=20463"},{"taxonomy":"nivel-de-juego","embeddable":true,"href":"https:\/\/revolutionpadelstore.com\/pt-pt\/wp-json\/wp\/v2\/nivel-de-juego?post=20463"},{"taxonomy":"superficie","embeddable":true,"href":"https:\/\/revolutionpadelstore.com\/pt-pt\/wp-json\/wp\/v2\/superficie?post=20463"},{"taxonomy":"tipo-de-juego","embeddable":true,"href":"https:\/\/revolutionpadelstore.com\/pt-pt\/wp-json\/wp\/v2\/tipo-de-juego?post=20463"},{"taxonomy":"product_brand","embeddable":true,"href":"https:\/\/revolutionpadelstore.com\/pt-pt\/wp-json\/wp\/v2\/product_brand?post=20463"},{"taxonomy":"product_cat","embeddable":true,"href":"https:\/\/revolutionpadelstore.com\/pt-pt\/wp-json\/wp\/v2\/product_cat?post=20463"},{"taxonomy":"product_tag","embeddable":true,"href":"https:\/\/revolutionpadelstore.com\/pt-pt\/wp-json\/wp\/v2\/product_tag?post=20463"}],"curies":[{"name":"wp","href":"https:\/\/api.w.org\/{rel}","templated":true}]}}