{"id":20458,"date":"2024-03-14T14:49:37","date_gmt":"2024-03-14T13:49:37","guid":{"rendered":"https:\/\/revolutionpadelstore.com\/bullpadel-vertex-04-w\/"},"modified":"2026-04-08T15:05:53","modified_gmt":"2026-04-08T13:05:53","slug":"bullpadel-vertex-04-w","status":"publish","type":"product","link":"https:\/\/revolutionpadelstore.com\/pt-pt\/produto\/bullpadel-vertex-04-w\/","title":{"rendered":"BULLPADEL VERTEX 04 W"},"content":{"rendered":"<h2>Bullpadel Vertex 04 W, endossado por Delfi Brea<\/h2>\n<p>A nova raquete <strong>Bullpadel Vertex 04 W<\/strong> \u00e9 uma raquete projetada especificamente para oferecer o melhor desempenho em quadra aos mais exigentes jogadores de padel de n\u00edvel <strong>avan\u00e7ado ou profissional<\/strong>. Este modelo \u00e9 leve mas potente e limita a perda de controle gra\u00e7as ao alto desempenho.<\/p>\n<p>Tem formato de diamante e alto equil\u00edbrio, para que o jogador consiga acertar a bola com for\u00e7a m\u00e1xima. Esse tipo de molde pode ajudar a gerar mais spin e maior sa\u00edda de bola, algo ben\u00e9fico em smashes e layups.<\/p>\n<p>Gra\u00e7as ao seu peso muito leve, que varia entre <strong>345 e 360 \u200b\u200bgramas<\/strong>, a atleta de alto n\u00edvel poder\u00e1 ter controle absoluto sobre a dire\u00e7\u00e3o e precis\u00e3o da bola, nos golpes alcan\u00e7ar\u00e1 maior velocidade e voc\u00ea ser\u00e1 capaz de manusear a p\u00e1 com facilidade.<\/p>\n<h2>Com cora\u00e7\u00e3o Vertex para voleios s\u00f3lidos e poderosos<\/h2>\n<p>Em rela\u00e7\u00e3o aos materiais, \u00e9 importante destacar que a superf\u00edcie \u00e9 feita com Fibrix, que consiste em um revestimento que combina <strong>X-Glass e Carbon<\/strong> para aumentar a flex\u00e3o e elasticidade do n\u00facleo. Os avi\u00f5es possuem o TOPSPIN que, gra\u00e7as ao acabamento \u00e1spero, melhora a ader\u00eancia e consegue maior efeito.<\/p>\n<p>No n\u00facleo interno encontramos uma <strong>borracha MULTIEVA<\/strong>, que consiste em duas densidades de borracha EVA de densidades diferentes. Este material proporciona versatilidade, melhora o controle e proporciona uma sa\u00edda de bola poderosa.<\/p>\n<h3>Melhor distribui\u00e7\u00e3o de vibra\u00e7\u00f5es<\/h3>\n<p>O quadro CarbonTube foi fabricado com fibra de carbono 100% intertravada bidirecional, o que garante excelente resposta mec\u00e2nica ao mesmo tempo que fornece pot\u00eancia e controle.<\/p>\n<p>Da mesma forma, o quadro incorpora o sistema CURVAKTIV, estrutura que aumenta o n\u00edvel de resist\u00eancia a altas tor\u00e7\u00f5es. Aumenta a rigidez e consegue uma transmiss\u00e3o uniforme de tens\u00f5es em toda a l\u00e2mina.<\/p>\n<p>Inclui tamb\u00e9m um protetor <strong>Sticker<\/em><\/strong>, um protetor ultraleve e adesivo que se adapta perfeitamente ao quadro da raquete e garante grande resist\u00eancia \u00e0 abras\u00e3o e ao desgaste.<\/p>\n<h2>Bullpadel Vertex 04 W, avalada por Delfi Brea<\/h2>\n","protected":false},"excerpt":{"rendered":"<div class=\"vis\u00e3o geral do atributo do produto\">\n<div class=\"valor\">\n<p>Raquete Bullpadel Vertex 04 W para jogadores de n\u00edvel avan\u00e7ado ou profissional. Com n\u00facleo de borracha Multieva e faces Fibrix. Com tecnologias TOPSPIN e CURVAKTIV. Peso leve para boa manobrabilidade.<\/p>\n<\/div>\n<\/div>\n<div class=\"produto-add-form\">\n<div class=\"quantidade do campo\"><\/div>\n<\/div>\n","protected":false},"featured_media":52718,"comment_status":"open","ping_status":"closed","template":"","meta":{"_acf_changed":false,"_joinchat":[]},"acabado":[1095],"balance":[1140],"dureza":[1155],"forma":[1170],"jugador":[1195],"marca":[1255],"nivel-de-juego":[1345],"superficie":[1360],"tipo-de-juego":[1385],"product_brand":[],"product_cat":[300],"product_tag":[],"class_list":{"0":"post-20458","1":"product","2":"type-product","3":"status-publish","4":"has-post-thumbnail","6":"acabado-arenoso-pt-pt","7":"balance-medio-pt-pt","8":"dureza-media-pt-pt","9":"forma-diamante-pt-pt","10":"jugador-mulher","11":"marca-bullpadel-pt-pt","12":"superficie-rugosa-pt-pt","13":"tipo-de-juego-polivalente-pt-pt","14":"product_cat-palas","16":"first","17":"instock","18":"sale","19":"taxable","20":"shipping-taxable","21":"purchasable","22":"product-type-simple"},"acf":[],"yoast_head":"<!-- This site is optimized with the Yoast SEO plugin v27.3 - https:\/\/yoast.com\/product\/yoast-seo-wordpress\/ -->\n<title>BULLPADEL VERTEX 04 W - Revolution Padel Store<\/title>\n<meta name=\"description\" content=\"Pala Bullpadel Vertex 04 W para jugadoras de nivel avanzado o profesional. Con n\u00facleo de goma Multieva y caras de Fibrix. Con las tecnolog\u00edas TOPSPIN y CURVAKTIV. Peso ligero para buena manejabilidad.\" \/>\n<meta name=\"robots\" content=\"index, follow, max-snippet:-1, max-image-preview:large, max-video-preview:-1\" \/>\n<link rel=\"canonical\" href=\"https:\/\/revolutionpadelstore.com\/pt-pt\/produto\/bullpadel-vertex-04-w\/\" \/>\n<meta property=\"og:locale\" content=\"pt_PT\" \/>\n<meta property=\"og:type\" content=\"article\" \/>\n<meta property=\"og:title\" content=\"BULLPADEL VERTEX 04 W - Revolution Padel Store\" \/>\n<meta property=\"og:description\" content=\"Pala Bullpadel Vertex 04 W para jugadoras de nivel avanzado o profesional. Con n\u00facleo de goma Multieva y caras de Fibrix. Con las tecnolog\u00edas TOPSPIN y CURVAKTIV. Peso ligero para buena manejabilidad.\" \/>\n<meta property=\"og:url\" content=\"https:\/\/revolutionpadelstore.com\/pt-pt\/produto\/bullpadel-vertex-04-w\/\" \/>\n<meta property=\"og:site_name\" content=\"Revolution Padel Store\" \/>\n<meta property=\"article:modified_time\" content=\"2026-04-08T13:05:53+00:00\" \/>\n<meta property=\"og:image\" content=\"https:\/\/revolutionpadelstore.com\/wp-content\/uploads\/2024\/03\/110868_pala_bullpadel_vertex_04_w_24_471608_mujer_1500x1500_vista1_9c0a.webp\" \/>\n\t<meta property=\"og:image:width\" content=\"1500\" \/>\n\t<meta property=\"og:image:height\" content=\"1500\" \/>\n\t<meta property=\"og:image:type\" content=\"image\/webp\" \/>\n<meta name=\"twitter:card\" content=\"summary_large_image\" \/>\n<meta name=\"twitter:label1\" content=\"Tempo estimado de leitura\" \/>\n\t<meta name=\"twitter:data1\" content=\"2 minutos\" \/>\n<script type=\"application\/ld+json\" class=\"yoast-schema-graph\">{\"@context\":\"https:\\\/\\\/schema.org\",\"@graph\":[{\"@type\":\"WebPage\",\"@id\":\"https:\\\/\\\/revolutionpadelstore.com\\\/pt-pt\\\/produto\\\/bullpadel-vertex-04-w\\\/\",\"url\":\"https:\\\/\\\/revolutionpadelstore.com\\\/pt-pt\\\/produto\\\/bullpadel-vertex-04-w\\\/\",\"name\":\"BULLPADEL VERTEX 04 W - Revolution Padel Store\",\"isPartOf\":{\"@id\":\"https:\\\/\\\/revolutionpadelstore.com\\\/pt-pt\\\/#website\"},\"primaryImageOfPage\":{\"@id\":\"https:\\\/\\\/revolutionpadelstore.com\\\/pt-pt\\\/produto\\\/bullpadel-vertex-04-w\\\/#primaryimage\"},\"image\":{\"@id\":\"https:\\\/\\\/revolutionpadelstore.com\\\/pt-pt\\\/produto\\\/bullpadel-vertex-04-w\\\/#primaryimage\"},\"thumbnailUrl\":\"https:\\\/\\\/revolutionpadelstore.com\\\/wp-content\\\/uploads\\\/2024\\\/03\\\/110868_pala_bullpadel_vertex_04_w_24_471608_mujer_1500x1500_vista1_9c0a.webp\",\"datePublished\":\"2024-03-14T13:49:37+00:00\",\"dateModified\":\"2026-04-08T13:05:53+00:00\",\"description\":\"Pala Bullpadel Vertex 04 W para jugadoras de nivel avanzado o profesional. Con n\u00facleo de goma Multieva y caras de Fibrix. Con las tecnolog\u00edas TOPSPIN y CURVAKTIV. Peso ligero para buena manejabilidad.\",\"breadcrumb\":{\"@id\":\"https:\\\/\\\/revolutionpadelstore.com\\\/pt-pt\\\/produto\\\/bullpadel-vertex-04-w\\\/#breadcrumb\"},\"inLanguage\":\"pt-PT\",\"potentialAction\":[{\"@type\":\"ReadAction\",\"target\":[\"https:\\\/\\\/revolutionpadelstore.com\\\/pt-pt\\\/produto\\\/bullpadel-vertex-04-w\\\/\"]}]},{\"@type\":\"ImageObject\",\"inLanguage\":\"pt-PT\",\"@id\":\"https:\\\/\\\/revolutionpadelstore.com\\\/pt-pt\\\/produto\\\/bullpadel-vertex-04-w\\\/#primaryimage\",\"url\":\"https:\\\/\\\/revolutionpadelstore.com\\\/wp-content\\\/uploads\\\/2024\\\/03\\\/110868_pala_bullpadel_vertex_04_w_24_471608_mujer_1500x1500_vista1_9c0a.webp\",\"contentUrl\":\"https:\\\/\\\/revolutionpadelstore.com\\\/wp-content\\\/uploads\\\/2024\\\/03\\\/110868_pala_bullpadel_vertex_04_w_24_471608_mujer_1500x1500_vista1_9c0a.webp\",\"width\":1500,\"height\":1500},{\"@type\":\"BreadcrumbList\",\"@id\":\"https:\\\/\\\/revolutionpadelstore.com\\\/pt-pt\\\/produto\\\/bullpadel-vertex-04-w\\\/#breadcrumb\",\"itemListElement\":[{\"@type\":\"ListItem\",\"position\":1,\"name\":\"Portada\",\"item\":\"https:\\\/\\\/revolutionpadelstore.com\\\/pt-pt\\\/\"},{\"@type\":\"ListItem\",\"position\":2,\"name\":\"Tienda\",\"item\":\"https:\\\/\\\/revolutionpadelstore.com\\\/pt-pt\\\/tienda\\\/\"},{\"@type\":\"ListItem\",\"position\":3,\"name\":\"BULLPADEL VERTEX 04 W\"}]},{\"@type\":\"WebSite\",\"@id\":\"https:\\\/\\\/revolutionpadelstore.com\\\/pt-pt\\\/#website\",\"url\":\"https:\\\/\\\/revolutionpadelstore.com\\\/pt-pt\\\/\",\"name\":\"Revolution Padel Store\",\"description\":\"\",\"publisher\":{\"@id\":\"https:\\\/\\\/revolutionpadelstore.com\\\/pt-pt\\\/#organization\"},\"potentialAction\":[{\"@type\":\"SearchAction\",\"target\":{\"@type\":\"EntryPoint\",\"urlTemplate\":\"https:\\\/\\\/revolutionpadelstore.com\\\/pt-pt\\\/?s={search_term_string}\"},\"query-input\":{\"@type\":\"PropertyValueSpecification\",\"valueRequired\":true,\"valueName\":\"search_term_string\"}}],\"inLanguage\":\"pt-PT\"},{\"@type\":\"Organization\",\"@id\":\"https:\\\/\\\/revolutionpadelstore.com\\\/pt-pt\\\/#organization\",\"name\":\"Revolution Padel Store\",\"url\":\"https:\\\/\\\/revolutionpadelstore.com\\\/pt-pt\\\/\",\"logo\":{\"@type\":\"ImageObject\",\"inLanguage\":\"pt-PT\",\"@id\":\"https:\\\/\\\/revolutionpadelstore.com\\\/pt-pt\\\/#\\\/schema\\\/logo\\\/image\\\/\",\"url\":\"https:\\\/\\\/revolutionpadelstore.com\\\/wp-content\\\/uploads\\\/2026\\\/02\\\/revolution-padel-store.jpg\",\"contentUrl\":\"https:\\\/\\\/revolutionpadelstore.com\\\/wp-content\\\/uploads\\\/2026\\\/02\\\/revolution-padel-store.jpg\",\"width\":2000,\"height\":2000,\"caption\":\"Revolution Padel Store\"},\"image\":{\"@id\":\"https:\\\/\\\/revolutionpadelstore.com\\\/pt-pt\\\/#\\\/schema\\\/logo\\\/image\\\/\"},\"sameAs\":[\"https:\\\/\\\/www.instagram.com\\\/revolutionpadelstore\\\/\"]}]}<\/script>\n<!-- \/ Yoast SEO plugin. -->","yoast_head_json":{"title":"BULLPADEL VERTEX 04 W - Revolution Padel Store","description":"Pala Bullpadel Vertex 04 W para jugadoras de nivel avanzado o profesional. Con n\u00facleo de goma Multieva y caras de Fibrix. Con las tecnolog\u00edas TOPSPIN y CURVAKTIV. Peso ligero para buena manejabilidad.","robots":{"index":"index","follow":"follow","max-snippet":"max-snippet:-1","max-image-preview":"max-image-preview:large","max-video-preview":"max-video-preview:-1"},"canonical":"https:\/\/revolutionpadelstore.com\/pt-pt\/produto\/bullpadel-vertex-04-w\/","og_locale":"pt_PT","og_type":"article","og_title":"BULLPADEL VERTEX 04 W - Revolution Padel Store","og_description":"Pala Bullpadel Vertex 04 W para jugadoras de nivel avanzado o profesional. Con n\u00facleo de goma Multieva y caras de Fibrix. Con las tecnolog\u00edas TOPSPIN y CURVAKTIV. Peso ligero para buena manejabilidad.","og_url":"https:\/\/revolutionpadelstore.com\/pt-pt\/produto\/bullpadel-vertex-04-w\/","og_site_name":"Revolution Padel Store","article_modified_time":"2026-04-08T13:05:53+00:00","og_image":[{"width":1500,"height":1500,"url":"https:\/\/revolutionpadelstore.com\/wp-content\/uploads\/2024\/03\/110868_pala_bullpadel_vertex_04_w_24_471608_mujer_1500x1500_vista1_9c0a.webp","type":"image\/webp"}],"twitter_card":"summary_large_image","twitter_misc":{"Tempo estimado de leitura":"2 minutos"},"schema":{"@context":"https:\/\/schema.org","@graph":[{"@type":"WebPage","@id":"https:\/\/revolutionpadelstore.com\/pt-pt\/produto\/bullpadel-vertex-04-w\/","url":"https:\/\/revolutionpadelstore.com\/pt-pt\/produto\/bullpadel-vertex-04-w\/","name":"BULLPADEL VERTEX 04 W - Revolution Padel Store","isPartOf":{"@id":"https:\/\/revolutionpadelstore.com\/pt-pt\/#website"},"primaryImageOfPage":{"@id":"https:\/\/revolutionpadelstore.com\/pt-pt\/produto\/bullpadel-vertex-04-w\/#primaryimage"},"image":{"@id":"https:\/\/revolutionpadelstore.com\/pt-pt\/produto\/bullpadel-vertex-04-w\/#primaryimage"},"thumbnailUrl":"https:\/\/revolutionpadelstore.com\/wp-content\/uploads\/2024\/03\/110868_pala_bullpadel_vertex_04_w_24_471608_mujer_1500x1500_vista1_9c0a.webp","datePublished":"2024-03-14T13:49:37+00:00","dateModified":"2026-04-08T13:05:53+00:00","description":"Pala Bullpadel Vertex 04 W para jugadoras de nivel avanzado o profesional. Con n\u00facleo de goma Multieva y caras de Fibrix. Con las tecnolog\u00edas TOPSPIN y CURVAKTIV. Peso ligero para buena manejabilidad.","breadcrumb":{"@id":"https:\/\/revolutionpadelstore.com\/pt-pt\/produto\/bullpadel-vertex-04-w\/#breadcrumb"},"inLanguage":"pt-PT","potentialAction":[{"@type":"ReadAction","target":["https:\/\/revolutionpadelstore.com\/pt-pt\/produto\/bullpadel-vertex-04-w\/"]}]},{"@type":"ImageObject","inLanguage":"pt-PT","@id":"https:\/\/revolutionpadelstore.com\/pt-pt\/produto\/bullpadel-vertex-04-w\/#primaryimage","url":"https:\/\/revolutionpadelstore.com\/wp-content\/uploads\/2024\/03\/110868_pala_bullpadel_vertex_04_w_24_471608_mujer_1500x1500_vista1_9c0a.webp","contentUrl":"https:\/\/revolutionpadelstore.com\/wp-content\/uploads\/2024\/03\/110868_pala_bullpadel_vertex_04_w_24_471608_mujer_1500x1500_vista1_9c0a.webp","width":1500,"height":1500},{"@type":"BreadcrumbList","@id":"https:\/\/revolutionpadelstore.com\/pt-pt\/produto\/bullpadel-vertex-04-w\/#breadcrumb","itemListElement":[{"@type":"ListItem","position":1,"name":"Portada","item":"https:\/\/revolutionpadelstore.com\/pt-pt\/"},{"@type":"ListItem","position":2,"name":"Tienda","item":"https:\/\/revolutionpadelstore.com\/pt-pt\/tienda\/"},{"@type":"ListItem","position":3,"name":"BULLPADEL VERTEX 04 W"}]},{"@type":"WebSite","@id":"https:\/\/revolutionpadelstore.com\/pt-pt\/#website","url":"https:\/\/revolutionpadelstore.com\/pt-pt\/","name":"Revolution Padel Store","description":"","publisher":{"@id":"https:\/\/revolutionpadelstore.com\/pt-pt\/#organization"},"potentialAction":[{"@type":"SearchAction","target":{"@type":"EntryPoint","urlTemplate":"https:\/\/revolutionpadelstore.com\/pt-pt\/?s={search_term_string}"},"query-input":{"@type":"PropertyValueSpecification","valueRequired":true,"valueName":"search_term_string"}}],"inLanguage":"pt-PT"},{"@type":"Organization","@id":"https:\/\/revolutionpadelstore.com\/pt-pt\/#organization","name":"Revolution Padel Store","url":"https:\/\/revolutionpadelstore.com\/pt-pt\/","logo":{"@type":"ImageObject","inLanguage":"pt-PT","@id":"https:\/\/revolutionpadelstore.com\/pt-pt\/#\/schema\/logo\/image\/","url":"https:\/\/revolutionpadelstore.com\/wp-content\/uploads\/2026\/02\/revolution-padel-store.jpg","contentUrl":"https:\/\/revolutionpadelstore.com\/wp-content\/uploads\/2026\/02\/revolution-padel-store.jpg","width":2000,"height":2000,"caption":"Revolution Padel Store"},"image":{"@id":"https:\/\/revolutionpadelstore.com\/pt-pt\/#\/schema\/logo\/image\/"},"sameAs":["https:\/\/www.instagram.com\/revolutionpadelstore\/"]}]}},"_links":{"self":[{"href":"https:\/\/revolutionpadelstore.com\/pt-pt\/wp-json\/wp\/v2\/product\/20458","targetHints":{"allow":["GET"]}}],"collection":[{"href":"https:\/\/revolutionpadelstore.com\/pt-pt\/wp-json\/wp\/v2\/product"}],"about":[{"href":"https:\/\/revolutionpadelstore.com\/pt-pt\/wp-json\/wp\/v2\/types\/product"}],"replies":[{"embeddable":true,"href":"https:\/\/revolutionpadelstore.com\/pt-pt\/wp-json\/wp\/v2\/comments?post=20458"}],"wp:featuredmedia":[{"embeddable":true,"href":"https:\/\/revolutionpadelstore.com\/pt-pt\/wp-json\/wp\/v2\/media\/52718"}],"wp:attachment":[{"href":"https:\/\/revolutionpadelstore.com\/pt-pt\/wp-json\/wp\/v2\/media?parent=20458"}],"wp:term":[{"taxonomy":"acabado","embeddable":true,"href":"https:\/\/revolutionpadelstore.com\/pt-pt\/wp-json\/wp\/v2\/acabado?post=20458"},{"taxonomy":"balance","embeddable":true,"href":"https:\/\/revolutionpadelstore.com\/pt-pt\/wp-json\/wp\/v2\/balance?post=20458"},{"taxonomy":"dureza","embeddable":true,"href":"https:\/\/revolutionpadelstore.com\/pt-pt\/wp-json\/wp\/v2\/dureza?post=20458"},{"taxonomy":"forma","embeddable":true,"href":"https:\/\/revolutionpadelstore.com\/pt-pt\/wp-json\/wp\/v2\/forma?post=20458"},{"taxonomy":"jugador","embeddable":true,"href":"https:\/\/revolutionpadelstore.com\/pt-pt\/wp-json\/wp\/v2\/jugador?post=20458"},{"taxonomy":"marca","embeddable":true,"href":"https:\/\/revolutionpadelstore.com\/pt-pt\/wp-json\/wp\/v2\/marca?post=20458"},{"taxonomy":"nivel-de-juego","embeddable":true,"href":"https:\/\/revolutionpadelstore.com\/pt-pt\/wp-json\/wp\/v2\/nivel-de-juego?post=20458"},{"taxonomy":"superficie","embeddable":true,"href":"https:\/\/revolutionpadelstore.com\/pt-pt\/wp-json\/wp\/v2\/superficie?post=20458"},{"taxonomy":"tipo-de-juego","embeddable":true,"href":"https:\/\/revolutionpadelstore.com\/pt-pt\/wp-json\/wp\/v2\/tipo-de-juego?post=20458"},{"taxonomy":"product_brand","embeddable":true,"href":"https:\/\/revolutionpadelstore.com\/pt-pt\/wp-json\/wp\/v2\/product_brand?post=20458"},{"taxonomy":"product_cat","embeddable":true,"href":"https:\/\/revolutionpadelstore.com\/pt-pt\/wp-json\/wp\/v2\/product_cat?post=20458"},{"taxonomy":"product_tag","embeddable":true,"href":"https:\/\/revolutionpadelstore.com\/pt-pt\/wp-json\/wp\/v2\/product_tag?post=20458"}],"curies":[{"name":"wp","href":"https:\/\/api.w.org\/{rel}","templated":true}]}}