{"id":20448,"date":"2024-03-14T16:53:58","date_gmt":"2024-03-14T15:53:58","guid":{"rendered":"https:\/\/revolutionpadelstore.com\/bullpadel-vertex-04-comfort\/"},"modified":"2026-04-08T15:05:19","modified_gmt":"2026-04-08T13:05:19","slug":"bullpadel-vertex-04-comfort-5","status":"publish","type":"product","link":"https:\/\/revolutionpadelstore.com\/pt-pt\/produto\/bullpadel-vertex-04-comfort-5\/","title":{"rendered":"BULLPADEL VERTEX 04 COMFORT"},"content":{"rendered":"<h2>Bullpadel Vertex 04 Conforto, pot\u00eancia controlada<\/h2>\n<p>A nova Bullpadel Vertex 04 Comfort \u00e9 a raquete de padel escolhida pelo jogador profissional Mart\u00edn Di Nenno para enfrentar a temporada de 2024. \u00c9 um modelo que confere pot\u00eancia e controle excepcionais aos jogadores de padel avan\u00e7ados ou profissionais.<\/p>\n<p>Apresenta formato de diamante com alto equil\u00edbrio, para que seus golpes sejam carregados com pot\u00eancia m\u00e1xima sem qualquer perda de controle. Seu peso est\u00e1 entre 360 \u200b\u200be 370 gramas e seu perfil \u00e9 de 38mm.<\/p>\n<h2>Maior controle na rebatida<\/h2>\n<p>Em termos de materiais, a estrutura CarbonTube \u00e9 feita de fibra de carbono 100% entrela\u00e7ada bidirecional, que combina o sistema CURVAKTIV com o AIR POWER para resistir melhor \u00e0 tor\u00e7\u00e3o e transmitir tens\u00f5es uniformemente por toda a estrutura.<\/p>\n<p>Al\u00e9m disso, a superf\u00edcie \u00e9 feita com Fibrix HybridFiber, um comp\u00f3sito bidirecional de X-Glass e Carbono que, combinado com uma resina el\u00e1stica, proporciona elasticidade e flexibilidade adicionais ao n\u00facleo.<\/p>\n<p>O n\u00facleo interno, por sua vez, \u00e9 feito com uma <strong>borracha Multieva de dupla densidade<\/strong>, uma camada interna de menor densidade e outra externa muito compacta. Isso resulta em uma raquete vers\u00e1til que se adapta perfeitamente tanto a golpes lentos quanto a bolas r\u00e1pidas.<\/p>\n<h3>Conforto excepcional em todos os momentos<\/h3>\n<p>Por outro lado, vale destacar o cora\u00e7\u00e3o Vertex, que distribui o peso de forma a minimizar a tor\u00e7\u00e3o, eliminar vibra\u00e7\u00f5es e aumentar a rigidez. Voc\u00ea ser\u00e1 capaz de realizar voleios s\u00f3lidos e poderosos.<\/p>\n<p>Da mesma forma, nas faces desta raquete encontramos a tecnologia TOPSPIN, uma rugosidade que favorece o <strong>golpe com giro<\/strong> gra\u00e7as \u00e0 maior ader\u00eancia. Possui tamb\u00e9m o <em>Grip Custom Weight<\/em>, localizado no punho, que permite modificar o peso e o equil\u00edbrio da raquete para se adaptar \u00e0s necessidades de cada jogador.<\/p>\n<h2>Bullpadel Vertex 04 Comfort, potencia controlada<\/h2>\n","protected":false},"excerpt":{"rendered":"<p>Raquete de padel Bullpadel Vertex 04 Comfort para jogadores de n\u00edvel avan\u00e7ado ou profissional que buscam m\u00e1xima pot\u00eancia e precis\u00e3o em cada golpe. Com n\u00facleo Multieva, planos Fibrix e estrutura CarbonTube.<\/p>\n","protected":false},"featured_media":52630,"comment_status":"open","ping_status":"closed","template":"","meta":{"_acf_changed":false,"_joinchat":[]},"acabado":[1095],"balance":[1135],"dureza":[1155],"forma":[1170],"jugador":[1190,1200],"marca":[1255],"nivel-de-juego":[1345],"superficie":[1360],"tipo-de-juego":[1375],"product_brand":[],"product_cat":[300],"product_tag":[],"class_list":{"0":"post-20448","1":"product","2":"type-product","3":"status-publish","4":"has-post-thumbnail","6":"acabado-arenoso-pt-pt","7":"balance-alto-pt-pt","8":"dureza-media-pt-pt","9":"forma-diamante-pt-pt","10":"jugador-homem","11":"jugador-polivalente-pt-pt","12":"marca-bullpadel-pt-pt","13":"superficie-rugosa-pt-pt","14":"tipo-de-juego-poder","15":"product_cat-palas","17":"first","18":"instock","19":"sale","20":"taxable","21":"shipping-taxable","22":"purchasable","23":"product-type-simple"},"acf":[],"yoast_head":"<!-- This site is optimized with the Yoast SEO plugin v27.3 - https:\/\/yoast.com\/product\/yoast-seo-wordpress\/ -->\n<title>BULLPADEL VERTEX 04 COMFORT - Revolution Padel Store<\/title>\n<meta name=\"description\" content=\"Pala de p\u00e1del Bullpadel Vertex 04 Comfort para jugadores de nivel avanzado o profesional que busquen la m\u00e1xima potencia y precisi\u00f3n en cada golpe. Con n\u00facleo Multieva, planos de Fibrix y marco CarbonTube.\" \/>\n<meta name=\"robots\" content=\"index, follow, max-snippet:-1, max-image-preview:large, max-video-preview:-1\" \/>\n<link rel=\"canonical\" href=\"https:\/\/revolutionpadelstore.com\/pt-pt\/produto\/bullpadel-vertex-04-comfort-5\/\" \/>\n<meta property=\"og:locale\" content=\"pt_PT\" \/>\n<meta property=\"og:type\" content=\"article\" \/>\n<meta property=\"og:title\" content=\"BULLPADEL VERTEX 04 COMFORT - Revolution Padel Store\" \/>\n<meta property=\"og:description\" content=\"Pala de p\u00e1del Bullpadel Vertex 04 Comfort para jugadores de nivel avanzado o profesional que busquen la m\u00e1xima potencia y precisi\u00f3n en cada golpe. Con n\u00facleo Multieva, planos de Fibrix y marco CarbonTube.\" \/>\n<meta property=\"og:url\" content=\"https:\/\/revolutionpadelstore.com\/pt-pt\/produto\/bullpadel-vertex-04-comfort-5\/\" \/>\n<meta property=\"og:site_name\" content=\"Revolution Padel Store\" \/>\n<meta property=\"article:modified_time\" content=\"2026-04-08T13:05:19+00:00\" \/>\n<meta property=\"og:image\" content=\"https:\/\/revolutionpadelstore.com\/wp-content\/uploads\/2024\/03\/110866_pala_bullpadel_vertex_04_comfort_24_471607_1500x1500_vista1_2c59.webp\" \/>\n\t<meta property=\"og:image:width\" content=\"1500\" \/>\n\t<meta property=\"og:image:height\" content=\"1500\" \/>\n\t<meta property=\"og:image:type\" content=\"image\/webp\" \/>\n<meta name=\"twitter:card\" content=\"summary_large_image\" \/>\n<meta name=\"twitter:label1\" content=\"Tempo estimado de leitura\" \/>\n\t<meta name=\"twitter:data1\" content=\"2 minutos\" \/>\n<script type=\"application\/ld+json\" class=\"yoast-schema-graph\">{\"@context\":\"https:\\\/\\\/schema.org\",\"@graph\":[{\"@type\":\"WebPage\",\"@id\":\"https:\\\/\\\/revolutionpadelstore.com\\\/pt-pt\\\/produto\\\/bullpadel-vertex-04-comfort-5\\\/\",\"url\":\"https:\\\/\\\/revolutionpadelstore.com\\\/pt-pt\\\/produto\\\/bullpadel-vertex-04-comfort-5\\\/\",\"name\":\"BULLPADEL VERTEX 04 COMFORT - Revolution Padel Store\",\"isPartOf\":{\"@id\":\"https:\\\/\\\/revolutionpadelstore.com\\\/pt-pt\\\/#website\"},\"primaryImageOfPage\":{\"@id\":\"https:\\\/\\\/revolutionpadelstore.com\\\/pt-pt\\\/produto\\\/bullpadel-vertex-04-comfort-5\\\/#primaryimage\"},\"image\":{\"@id\":\"https:\\\/\\\/revolutionpadelstore.com\\\/pt-pt\\\/produto\\\/bullpadel-vertex-04-comfort-5\\\/#primaryimage\"},\"thumbnailUrl\":\"https:\\\/\\\/revolutionpadelstore.com\\\/wp-content\\\/uploads\\\/2024\\\/03\\\/110866_pala_bullpadel_vertex_04_comfort_24_471607_1500x1500_vista1_2c59.webp\",\"datePublished\":\"2024-03-14T15:53:58+00:00\",\"dateModified\":\"2026-04-08T13:05:19+00:00\",\"description\":\"Pala de p\u00e1del Bullpadel Vertex 04 Comfort para jugadores de nivel avanzado o profesional que busquen la m\u00e1xima potencia y precisi\u00f3n en cada golpe. Con n\u00facleo Multieva, planos de Fibrix y marco CarbonTube.\",\"breadcrumb\":{\"@id\":\"https:\\\/\\\/revolutionpadelstore.com\\\/pt-pt\\\/produto\\\/bullpadel-vertex-04-comfort-5\\\/#breadcrumb\"},\"inLanguage\":\"pt-PT\",\"potentialAction\":[{\"@type\":\"ReadAction\",\"target\":[\"https:\\\/\\\/revolutionpadelstore.com\\\/pt-pt\\\/produto\\\/bullpadel-vertex-04-comfort-5\\\/\"]}]},{\"@type\":\"ImageObject\",\"inLanguage\":\"pt-PT\",\"@id\":\"https:\\\/\\\/revolutionpadelstore.com\\\/pt-pt\\\/produto\\\/bullpadel-vertex-04-comfort-5\\\/#primaryimage\",\"url\":\"https:\\\/\\\/revolutionpadelstore.com\\\/wp-content\\\/uploads\\\/2024\\\/03\\\/110866_pala_bullpadel_vertex_04_comfort_24_471607_1500x1500_vista1_2c59.webp\",\"contentUrl\":\"https:\\\/\\\/revolutionpadelstore.com\\\/wp-content\\\/uploads\\\/2024\\\/03\\\/110866_pala_bullpadel_vertex_04_comfort_24_471607_1500x1500_vista1_2c59.webp\",\"width\":1500,\"height\":1500},{\"@type\":\"BreadcrumbList\",\"@id\":\"https:\\\/\\\/revolutionpadelstore.com\\\/pt-pt\\\/produto\\\/bullpadel-vertex-04-comfort-5\\\/#breadcrumb\",\"itemListElement\":[{\"@type\":\"ListItem\",\"position\":1,\"name\":\"Portada\",\"item\":\"https:\\\/\\\/revolutionpadelstore.com\\\/pt-pt\\\/\"},{\"@type\":\"ListItem\",\"position\":2,\"name\":\"Tienda\",\"item\":\"https:\\\/\\\/revolutionpadelstore.com\\\/pt-pt\\\/tienda\\\/\"},{\"@type\":\"ListItem\",\"position\":3,\"name\":\"BULLPADEL VERTEX 04 COMFORT\"}]},{\"@type\":\"WebSite\",\"@id\":\"https:\\\/\\\/revolutionpadelstore.com\\\/pt-pt\\\/#website\",\"url\":\"https:\\\/\\\/revolutionpadelstore.com\\\/pt-pt\\\/\",\"name\":\"Revolution Padel Store\",\"description\":\"\",\"publisher\":{\"@id\":\"https:\\\/\\\/revolutionpadelstore.com\\\/pt-pt\\\/#organization\"},\"potentialAction\":[{\"@type\":\"SearchAction\",\"target\":{\"@type\":\"EntryPoint\",\"urlTemplate\":\"https:\\\/\\\/revolutionpadelstore.com\\\/pt-pt\\\/?s={search_term_string}\"},\"query-input\":{\"@type\":\"PropertyValueSpecification\",\"valueRequired\":true,\"valueName\":\"search_term_string\"}}],\"inLanguage\":\"pt-PT\"},{\"@type\":\"Organization\",\"@id\":\"https:\\\/\\\/revolutionpadelstore.com\\\/pt-pt\\\/#organization\",\"name\":\"Revolution Padel Store\",\"url\":\"https:\\\/\\\/revolutionpadelstore.com\\\/pt-pt\\\/\",\"logo\":{\"@type\":\"ImageObject\",\"inLanguage\":\"pt-PT\",\"@id\":\"https:\\\/\\\/revolutionpadelstore.com\\\/pt-pt\\\/#\\\/schema\\\/logo\\\/image\\\/\",\"url\":\"https:\\\/\\\/revolutionpadelstore.com\\\/wp-content\\\/uploads\\\/2026\\\/02\\\/revolution-padel-store.jpg\",\"contentUrl\":\"https:\\\/\\\/revolutionpadelstore.com\\\/wp-content\\\/uploads\\\/2026\\\/02\\\/revolution-padel-store.jpg\",\"width\":2000,\"height\":2000,\"caption\":\"Revolution Padel Store\"},\"image\":{\"@id\":\"https:\\\/\\\/revolutionpadelstore.com\\\/pt-pt\\\/#\\\/schema\\\/logo\\\/image\\\/\"},\"sameAs\":[\"https:\\\/\\\/www.instagram.com\\\/revolutionpadelstore\\\/\"]}]}<\/script>\n<!-- \/ Yoast SEO plugin. -->","yoast_head_json":{"title":"BULLPADEL VERTEX 04 COMFORT - Revolution Padel Store","description":"Pala de p\u00e1del Bullpadel Vertex 04 Comfort para jugadores de nivel avanzado o profesional que busquen la m\u00e1xima potencia y precisi\u00f3n en cada golpe. Con n\u00facleo Multieva, planos de Fibrix y marco CarbonTube.","robots":{"index":"index","follow":"follow","max-snippet":"max-snippet:-1","max-image-preview":"max-image-preview:large","max-video-preview":"max-video-preview:-1"},"canonical":"https:\/\/revolutionpadelstore.com\/pt-pt\/produto\/bullpadel-vertex-04-comfort-5\/","og_locale":"pt_PT","og_type":"article","og_title":"BULLPADEL VERTEX 04 COMFORT - Revolution Padel Store","og_description":"Pala de p\u00e1del Bullpadel Vertex 04 Comfort para jugadores de nivel avanzado o profesional que busquen la m\u00e1xima potencia y precisi\u00f3n en cada golpe. Con n\u00facleo Multieva, planos de Fibrix y marco CarbonTube.","og_url":"https:\/\/revolutionpadelstore.com\/pt-pt\/produto\/bullpadel-vertex-04-comfort-5\/","og_site_name":"Revolution Padel Store","article_modified_time":"2026-04-08T13:05:19+00:00","og_image":[{"width":1500,"height":1500,"url":"https:\/\/revolutionpadelstore.com\/wp-content\/uploads\/2024\/03\/110866_pala_bullpadel_vertex_04_comfort_24_471607_1500x1500_vista1_2c59.webp","type":"image\/webp"}],"twitter_card":"summary_large_image","twitter_misc":{"Tempo estimado de leitura":"2 minutos"},"schema":{"@context":"https:\/\/schema.org","@graph":[{"@type":"WebPage","@id":"https:\/\/revolutionpadelstore.com\/pt-pt\/produto\/bullpadel-vertex-04-comfort-5\/","url":"https:\/\/revolutionpadelstore.com\/pt-pt\/produto\/bullpadel-vertex-04-comfort-5\/","name":"BULLPADEL VERTEX 04 COMFORT - Revolution Padel Store","isPartOf":{"@id":"https:\/\/revolutionpadelstore.com\/pt-pt\/#website"},"primaryImageOfPage":{"@id":"https:\/\/revolutionpadelstore.com\/pt-pt\/produto\/bullpadel-vertex-04-comfort-5\/#primaryimage"},"image":{"@id":"https:\/\/revolutionpadelstore.com\/pt-pt\/produto\/bullpadel-vertex-04-comfort-5\/#primaryimage"},"thumbnailUrl":"https:\/\/revolutionpadelstore.com\/wp-content\/uploads\/2024\/03\/110866_pala_bullpadel_vertex_04_comfort_24_471607_1500x1500_vista1_2c59.webp","datePublished":"2024-03-14T15:53:58+00:00","dateModified":"2026-04-08T13:05:19+00:00","description":"Pala de p\u00e1del Bullpadel Vertex 04 Comfort para jugadores de nivel avanzado o profesional que busquen la m\u00e1xima potencia y precisi\u00f3n en cada golpe. Con n\u00facleo Multieva, planos de Fibrix y marco CarbonTube.","breadcrumb":{"@id":"https:\/\/revolutionpadelstore.com\/pt-pt\/produto\/bullpadel-vertex-04-comfort-5\/#breadcrumb"},"inLanguage":"pt-PT","potentialAction":[{"@type":"ReadAction","target":["https:\/\/revolutionpadelstore.com\/pt-pt\/produto\/bullpadel-vertex-04-comfort-5\/"]}]},{"@type":"ImageObject","inLanguage":"pt-PT","@id":"https:\/\/revolutionpadelstore.com\/pt-pt\/produto\/bullpadel-vertex-04-comfort-5\/#primaryimage","url":"https:\/\/revolutionpadelstore.com\/wp-content\/uploads\/2024\/03\/110866_pala_bullpadel_vertex_04_comfort_24_471607_1500x1500_vista1_2c59.webp","contentUrl":"https:\/\/revolutionpadelstore.com\/wp-content\/uploads\/2024\/03\/110866_pala_bullpadel_vertex_04_comfort_24_471607_1500x1500_vista1_2c59.webp","width":1500,"height":1500},{"@type":"BreadcrumbList","@id":"https:\/\/revolutionpadelstore.com\/pt-pt\/produto\/bullpadel-vertex-04-comfort-5\/#breadcrumb","itemListElement":[{"@type":"ListItem","position":1,"name":"Portada","item":"https:\/\/revolutionpadelstore.com\/pt-pt\/"},{"@type":"ListItem","position":2,"name":"Tienda","item":"https:\/\/revolutionpadelstore.com\/pt-pt\/tienda\/"},{"@type":"ListItem","position":3,"name":"BULLPADEL VERTEX 04 COMFORT"}]},{"@type":"WebSite","@id":"https:\/\/revolutionpadelstore.com\/pt-pt\/#website","url":"https:\/\/revolutionpadelstore.com\/pt-pt\/","name":"Revolution Padel Store","description":"","publisher":{"@id":"https:\/\/revolutionpadelstore.com\/pt-pt\/#organization"},"potentialAction":[{"@type":"SearchAction","target":{"@type":"EntryPoint","urlTemplate":"https:\/\/revolutionpadelstore.com\/pt-pt\/?s={search_term_string}"},"query-input":{"@type":"PropertyValueSpecification","valueRequired":true,"valueName":"search_term_string"}}],"inLanguage":"pt-PT"},{"@type":"Organization","@id":"https:\/\/revolutionpadelstore.com\/pt-pt\/#organization","name":"Revolution Padel Store","url":"https:\/\/revolutionpadelstore.com\/pt-pt\/","logo":{"@type":"ImageObject","inLanguage":"pt-PT","@id":"https:\/\/revolutionpadelstore.com\/pt-pt\/#\/schema\/logo\/image\/","url":"https:\/\/revolutionpadelstore.com\/wp-content\/uploads\/2026\/02\/revolution-padel-store.jpg","contentUrl":"https:\/\/revolutionpadelstore.com\/wp-content\/uploads\/2026\/02\/revolution-padel-store.jpg","width":2000,"height":2000,"caption":"Revolution Padel Store"},"image":{"@id":"https:\/\/revolutionpadelstore.com\/pt-pt\/#\/schema\/logo\/image\/"},"sameAs":["https:\/\/www.instagram.com\/revolutionpadelstore\/"]}]}},"_links":{"self":[{"href":"https:\/\/revolutionpadelstore.com\/pt-pt\/wp-json\/wp\/v2\/product\/20448","targetHints":{"allow":["GET"]}}],"collection":[{"href":"https:\/\/revolutionpadelstore.com\/pt-pt\/wp-json\/wp\/v2\/product"}],"about":[{"href":"https:\/\/revolutionpadelstore.com\/pt-pt\/wp-json\/wp\/v2\/types\/product"}],"replies":[{"embeddable":true,"href":"https:\/\/revolutionpadelstore.com\/pt-pt\/wp-json\/wp\/v2\/comments?post=20448"}],"wp:featuredmedia":[{"embeddable":true,"href":"https:\/\/revolutionpadelstore.com\/pt-pt\/wp-json\/wp\/v2\/media\/52630"}],"wp:attachment":[{"href":"https:\/\/revolutionpadelstore.com\/pt-pt\/wp-json\/wp\/v2\/media?parent=20448"}],"wp:term":[{"taxonomy":"acabado","embeddable":true,"href":"https:\/\/revolutionpadelstore.com\/pt-pt\/wp-json\/wp\/v2\/acabado?post=20448"},{"taxonomy":"balance","embeddable":true,"href":"https:\/\/revolutionpadelstore.com\/pt-pt\/wp-json\/wp\/v2\/balance?post=20448"},{"taxonomy":"dureza","embeddable":true,"href":"https:\/\/revolutionpadelstore.com\/pt-pt\/wp-json\/wp\/v2\/dureza?post=20448"},{"taxonomy":"forma","embeddable":true,"href":"https:\/\/revolutionpadelstore.com\/pt-pt\/wp-json\/wp\/v2\/forma?post=20448"},{"taxonomy":"jugador","embeddable":true,"href":"https:\/\/revolutionpadelstore.com\/pt-pt\/wp-json\/wp\/v2\/jugador?post=20448"},{"taxonomy":"marca","embeddable":true,"href":"https:\/\/revolutionpadelstore.com\/pt-pt\/wp-json\/wp\/v2\/marca?post=20448"},{"taxonomy":"nivel-de-juego","embeddable":true,"href":"https:\/\/revolutionpadelstore.com\/pt-pt\/wp-json\/wp\/v2\/nivel-de-juego?post=20448"},{"taxonomy":"superficie","embeddable":true,"href":"https:\/\/revolutionpadelstore.com\/pt-pt\/wp-json\/wp\/v2\/superficie?post=20448"},{"taxonomy":"tipo-de-juego","embeddable":true,"href":"https:\/\/revolutionpadelstore.com\/pt-pt\/wp-json\/wp\/v2\/tipo-de-juego?post=20448"},{"taxonomy":"product_brand","embeddable":true,"href":"https:\/\/revolutionpadelstore.com\/pt-pt\/wp-json\/wp\/v2\/product_brand?post=20448"},{"taxonomy":"product_cat","embeddable":true,"href":"https:\/\/revolutionpadelstore.com\/pt-pt\/wp-json\/wp\/v2\/product_cat?post=20448"},{"taxonomy":"product_tag","embeddable":true,"href":"https:\/\/revolutionpadelstore.com\/pt-pt\/wp-json\/wp\/v2\/product_tag?post=20448"}],"curies":[{"name":"wp","href":"https:\/\/api.w.org\/{rel}","templated":true}]}}