{"id":20443,"date":"2024-03-14T17:07:55","date_gmt":"2024-03-14T16:07:55","guid":{"rendered":"https:\/\/revolutionpadelstore.com\/bullpadel-hack-03-comfort-24\/"},"modified":"2026-04-08T15:04:43","modified_gmt":"2026-04-08T13:04:43","slug":"bullpadel-hack-03-comfort-24-5","status":"publish","type":"product","link":"https:\/\/revolutionpadelstore.com\/pt-pt\/produto\/bullpadel-hack-03-comfort-24-5\/","title":{"rendered":"BULLPADEL HACK 03 COMFORT 24"},"content":{"rendered":"<h2>Bullpadel Hack 03 Comfort 24 para suas partidas mais confort\u00e1veis<\/h2>\n<p>Se voc\u00ea \u00e9 um jogador avan\u00e7ado ou profissional em busca de uma raquete de alto desempenho que lhe permita dominar a quadra com pot\u00eancia e precis\u00e3o, a Bullpadel Hack 03 Comfort 24 \u00e9 a escolha perfeita para voc\u00ea.<\/p>\n<p>Projetada em colabora\u00e7\u00e3o com a lenda do padel Paquito Navarro, como parte da cole\u00e7\u00e3o Bullpadel 2024, \u00e9 uma raquete que o levar\u00e1 ao pr\u00f3ximo n\u00edvel no seu jogo. Esta raquete apresenta formato de diamante, o que a torna uma ferramenta ideal para quem procura um jogo voltado para a pot\u00eancia.<\/p>\n<h3>Raquete de paddle com materiais de alta qualidade<\/h3>\n<p>Uma das caracter\u00edsticas mais not\u00e1veis \u200b\u200bdesta raquete \u00e9 a sua constru\u00e7\u00e3o de alta qualidade. A face da raquete \u00e9 feita com <em><strong>Fibrix<\/strong><\/em>, um material que proporciona uma combina\u00e7\u00e3o perfeita de rigidez e flexibilidade para um desempenho excepcional em cada golpe. O n\u00facleo \u00e9 composto por <em><strong>MultiEVA<\/strong><\/em> de duas densidades diferentes, oferecendo uma sensa\u00e7\u00e3o de toque excepcional e resposta precisa.<\/p>\n<p>A arma\u00e7\u00e3o possui o sistema <strong>Air React Channel<\/em><\/strong>, que a torna aerodin\u00e2mica para torn\u00e1-la mais leve, permitindo que voc\u00ea se mova facilmente na quadra e reaja rapidamente a cada jogada. Al\u00e9m disso, a superf\u00edcie de acabamento \u00e1spero <strong>Gr\u00e3o 3D<\/em><\/strong> oferece maior controle e a capacidade de adicionar rota\u00e7\u00e3o \u00e0s suas tacadas, surpreendendo seus oponentes com bolas imprevis\u00edveis.<\/p>\n<h3>P\u00e1 resistente e dur\u00e1vel<\/h3>\n<p>A raquete tamb\u00e9m incorpora o tubular CarbonTube 100% carbono, que garante resist\u00eancia excepcional e maior durabilidade. Para proteg\u00ea-la de golpes acidentais, possui um <strong>protetor de alum\u00ednio<\/strong> <em><strong>Metalshield<\/strong><\/em>, que prolonga a vida \u00fatil da raquete e a mant\u00e9m em perfeito estado.<\/p>\n<p>O cora\u00e7\u00e3o Hack e os canais Nervos na lateral da arma\u00e7\u00e3o s\u00e3o detalhes que demonstram a aten\u00e7\u00e3o aos detalhes no design desta raquete. S\u00e3o elementos que otimizam a distribui\u00e7\u00e3o de peso e pot\u00eancia em cada golpe.<\/p>\n<p>Resumindo, a Bullpadel Hack 03 Comfort 24 \u00e9 uma raquete de padel de alto desempenho que atende \u00e0s necessidades de jogadores avan\u00e7ados e profissionais. Com o seu design inovador e materiais de alta qualidade, ir\u00e1 ajud\u00e1-lo a dominar a pista e a superar os seus rivais com pot\u00eancia e precis\u00e3o. Adquira o seu e leve seu jogo para o pr\u00f3ximo n\u00edvel!<\/p>\n<h2>Bullpadel Hack 03 Comfort 24 para tus partidos m\u00e1s c\u00f3modos<\/h2>\n","protected":false},"excerpt":{"rendered":"<p>Bullpadel Hack 03 conforto 24, raquete 2024 de Paquito Navarro. Uma raquete de diamante para jogadores de padel de n\u00edvel avan\u00e7ado ou profissional. Jogue o seu jogo mais confort\u00e1vel.<\/p>\n","protected":false},"featured_media":52600,"comment_status":"open","ping_status":"closed","template":"","meta":{"_acf_changed":false,"_joinchat":[]},"acabado":[1080],"balance":[1135],"dureza":[1155],"forma":[1170],"jugador":[1190,1200],"marca":[1255],"nivel-de-juego":[1335],"superficie":[1360],"tipo-de-juego":[1375],"product_brand":[],"product_cat":[300],"product_tag":[],"class_list":{"0":"post-20443","1":"product","2":"type-product","3":"status-publish","4":"has-post-thumbnail","6":"acabado-brilho","7":"balance-alto-pt-pt","8":"dureza-media-pt-pt","9":"forma-diamante-pt-pt","10":"jugador-homem","11":"jugador-polivalente-pt-pt","12":"marca-bullpadel-pt-pt","13":"superficie-rugosa-pt-pt","14":"tipo-de-juego-poder","15":"product_cat-palas","17":"first","18":"instock","19":"sale","20":"taxable","21":"shipping-taxable","22":"purchasable","23":"product-type-simple"},"acf":[],"yoast_head":"<!-- This site is optimized with the Yoast SEO plugin v27.4 - https:\/\/yoast.com\/product\/yoast-seo-wordpress\/ -->\n<title>BULLPADEL HACK 03 COMFORT 24 - Revolution Padel Store<\/title>\n<meta name=\"description\" content=\"Bullpadel Hack 03 comfort 24, la pala de 2024 de Paquito Navarro. Una pala de diamante para jugadores de p\u00e1del de nivel avanzado o profesional. Juega tu partido m\u00e1s confortable.\" \/>\n<meta name=\"robots\" content=\"index, follow, max-snippet:-1, max-image-preview:large, max-video-preview:-1\" \/>\n<link rel=\"canonical\" href=\"https:\/\/revolutionpadelstore.com\/pt-pt\/produto\/bullpadel-hack-03-comfort-24-5\/\" \/>\n<meta property=\"og:locale\" content=\"pt_PT\" \/>\n<meta property=\"og:type\" content=\"article\" \/>\n<meta property=\"og:title\" content=\"BULLPADEL HACK 03 COMFORT 24 - Revolution Padel Store\" \/>\n<meta property=\"og:description\" content=\"Bullpadel Hack 03 comfort 24, la pala de 2024 de Paquito Navarro. Una pala de diamante para jugadores de p\u00e1del de nivel avanzado o profesional. Juega tu partido m\u00e1s confortable.\" \/>\n<meta property=\"og:url\" content=\"https:\/\/revolutionpadelstore.com\/pt-pt\/produto\/bullpadel-hack-03-comfort-24-5\/\" \/>\n<meta property=\"og:site_name\" content=\"Revolution Padel Store\" \/>\n<meta property=\"article:modified_time\" content=\"2026-04-08T13:04:43+00:00\" \/>\n<meta property=\"og:image\" content=\"https:\/\/revolutionpadelstore.com\/wp-content\/uploads\/2024\/03\/110862_pala_bullpadel_hack_03_comfort_24_471604_1500x1500_vista1_aa6a.webp\" \/>\n\t<meta property=\"og:image:width\" content=\"1500\" \/>\n\t<meta property=\"og:image:height\" content=\"1500\" \/>\n\t<meta property=\"og:image:type\" content=\"image\/webp\" \/>\n<meta name=\"twitter:card\" content=\"summary_large_image\" \/>\n<meta name=\"twitter:label1\" content=\"Tempo estimado de leitura\" \/>\n\t<meta name=\"twitter:data1\" content=\"2 minutos\" \/>\n<script type=\"application\/ld+json\" class=\"yoast-schema-graph\">{\"@context\":\"https:\\\/\\\/schema.org\",\"@graph\":[{\"@type\":\"WebPage\",\"@id\":\"https:\\\/\\\/revolutionpadelstore.com\\\/pt-pt\\\/produto\\\/bullpadel-hack-03-comfort-24-5\\\/\",\"url\":\"https:\\\/\\\/revolutionpadelstore.com\\\/pt-pt\\\/produto\\\/bullpadel-hack-03-comfort-24-5\\\/\",\"name\":\"BULLPADEL HACK 03 COMFORT 24 - Revolution Padel Store\",\"isPartOf\":{\"@id\":\"https:\\\/\\\/revolutionpadelstore.com\\\/pt-pt\\\/#website\"},\"primaryImageOfPage\":{\"@id\":\"https:\\\/\\\/revolutionpadelstore.com\\\/pt-pt\\\/produto\\\/bullpadel-hack-03-comfort-24-5\\\/#primaryimage\"},\"image\":{\"@id\":\"https:\\\/\\\/revolutionpadelstore.com\\\/pt-pt\\\/produto\\\/bullpadel-hack-03-comfort-24-5\\\/#primaryimage\"},\"thumbnailUrl\":\"https:\\\/\\\/revolutionpadelstore.com\\\/wp-content\\\/uploads\\\/2024\\\/03\\\/110862_pala_bullpadel_hack_03_comfort_24_471604_1500x1500_vista1_aa6a.webp\",\"datePublished\":\"2024-03-14T16:07:55+00:00\",\"dateModified\":\"2026-04-08T13:04:43+00:00\",\"description\":\"Bullpadel Hack 03 comfort 24, la pala de 2024 de Paquito Navarro. Una pala de diamante para jugadores de p\u00e1del de nivel avanzado o profesional. Juega tu partido m\u00e1s confortable.\",\"breadcrumb\":{\"@id\":\"https:\\\/\\\/revolutionpadelstore.com\\\/pt-pt\\\/produto\\\/bullpadel-hack-03-comfort-24-5\\\/#breadcrumb\"},\"inLanguage\":\"pt-PT\",\"potentialAction\":[{\"@type\":\"ReadAction\",\"target\":[\"https:\\\/\\\/revolutionpadelstore.com\\\/pt-pt\\\/produto\\\/bullpadel-hack-03-comfort-24-5\\\/\"]}]},{\"@type\":\"ImageObject\",\"inLanguage\":\"pt-PT\",\"@id\":\"https:\\\/\\\/revolutionpadelstore.com\\\/pt-pt\\\/produto\\\/bullpadel-hack-03-comfort-24-5\\\/#primaryimage\",\"url\":\"https:\\\/\\\/revolutionpadelstore.com\\\/wp-content\\\/uploads\\\/2024\\\/03\\\/110862_pala_bullpadel_hack_03_comfort_24_471604_1500x1500_vista1_aa6a.webp\",\"contentUrl\":\"https:\\\/\\\/revolutionpadelstore.com\\\/wp-content\\\/uploads\\\/2024\\\/03\\\/110862_pala_bullpadel_hack_03_comfort_24_471604_1500x1500_vista1_aa6a.webp\",\"width\":1500,\"height\":1500},{\"@type\":\"BreadcrumbList\",\"@id\":\"https:\\\/\\\/revolutionpadelstore.com\\\/pt-pt\\\/produto\\\/bullpadel-hack-03-comfort-24-5\\\/#breadcrumb\",\"itemListElement\":[{\"@type\":\"ListItem\",\"position\":1,\"name\":\"Portada\",\"item\":\"https:\\\/\\\/revolutionpadelstore.com\\\/pt-pt\\\/\"},{\"@type\":\"ListItem\",\"position\":2,\"name\":\"Tienda\",\"item\":\"https:\\\/\\\/revolutionpadelstore.com\\\/pt-pt\\\/tienda\\\/\"},{\"@type\":\"ListItem\",\"position\":3,\"name\":\"BULLPADEL HACK 03 COMFORT 24\"}]},{\"@type\":\"WebSite\",\"@id\":\"https:\\\/\\\/revolutionpadelstore.com\\\/pt-pt\\\/#website\",\"url\":\"https:\\\/\\\/revolutionpadelstore.com\\\/pt-pt\\\/\",\"name\":\"Revolution Padel Store\",\"description\":\"\",\"publisher\":{\"@id\":\"https:\\\/\\\/revolutionpadelstore.com\\\/pt-pt\\\/#organization\"},\"potentialAction\":[{\"@type\":\"SearchAction\",\"target\":{\"@type\":\"EntryPoint\",\"urlTemplate\":\"https:\\\/\\\/revolutionpadelstore.com\\\/pt-pt\\\/?s={search_term_string}\"},\"query-input\":{\"@type\":\"PropertyValueSpecification\",\"valueRequired\":true,\"valueName\":\"search_term_string\"}}],\"inLanguage\":\"pt-PT\"},{\"@type\":\"Organization\",\"@id\":\"https:\\\/\\\/revolutionpadelstore.com\\\/pt-pt\\\/#organization\",\"name\":\"Revolution Padel Store\",\"url\":\"https:\\\/\\\/revolutionpadelstore.com\\\/pt-pt\\\/\",\"logo\":{\"@type\":\"ImageObject\",\"inLanguage\":\"pt-PT\",\"@id\":\"https:\\\/\\\/revolutionpadelstore.com\\\/pt-pt\\\/#\\\/schema\\\/logo\\\/image\\\/\",\"url\":\"https:\\\/\\\/revolutionpadelstore.com\\\/wp-content\\\/uploads\\\/2026\\\/02\\\/revolution-padel-store.jpg\",\"contentUrl\":\"https:\\\/\\\/revolutionpadelstore.com\\\/wp-content\\\/uploads\\\/2026\\\/02\\\/revolution-padel-store.jpg\",\"width\":2000,\"height\":2000,\"caption\":\"Revolution Padel Store\"},\"image\":{\"@id\":\"https:\\\/\\\/revolutionpadelstore.com\\\/pt-pt\\\/#\\\/schema\\\/logo\\\/image\\\/\"},\"sameAs\":[\"https:\\\/\\\/www.instagram.com\\\/revolutionpadelstore\\\/\"]}]}<\/script>\n<!-- \/ Yoast SEO plugin. -->","yoast_head_json":{"title":"BULLPADEL HACK 03 COMFORT 24 - Revolution Padel Store","description":"Bullpadel Hack 03 comfort 24, la pala de 2024 de Paquito Navarro. Una pala de diamante para jugadores de p\u00e1del de nivel avanzado o profesional. Juega tu partido m\u00e1s confortable.","robots":{"index":"index","follow":"follow","max-snippet":"max-snippet:-1","max-image-preview":"max-image-preview:large","max-video-preview":"max-video-preview:-1"},"canonical":"https:\/\/revolutionpadelstore.com\/pt-pt\/produto\/bullpadel-hack-03-comfort-24-5\/","og_locale":"pt_PT","og_type":"article","og_title":"BULLPADEL HACK 03 COMFORT 24 - Revolution Padel Store","og_description":"Bullpadel Hack 03 comfort 24, la pala de 2024 de Paquito Navarro. Una pala de diamante para jugadores de p\u00e1del de nivel avanzado o profesional. Juega tu partido m\u00e1s confortable.","og_url":"https:\/\/revolutionpadelstore.com\/pt-pt\/produto\/bullpadel-hack-03-comfort-24-5\/","og_site_name":"Revolution Padel Store","article_modified_time":"2026-04-08T13:04:43+00:00","og_image":[{"width":1500,"height":1500,"url":"https:\/\/revolutionpadelstore.com\/wp-content\/uploads\/2024\/03\/110862_pala_bullpadel_hack_03_comfort_24_471604_1500x1500_vista1_aa6a.webp","type":"image\/webp"}],"twitter_card":"summary_large_image","twitter_misc":{"Tempo estimado de leitura":"2 minutos"},"schema":{"@context":"https:\/\/schema.org","@graph":[{"@type":"WebPage","@id":"https:\/\/revolutionpadelstore.com\/pt-pt\/produto\/bullpadel-hack-03-comfort-24-5\/","url":"https:\/\/revolutionpadelstore.com\/pt-pt\/produto\/bullpadel-hack-03-comfort-24-5\/","name":"BULLPADEL HACK 03 COMFORT 24 - Revolution Padel Store","isPartOf":{"@id":"https:\/\/revolutionpadelstore.com\/pt-pt\/#website"},"primaryImageOfPage":{"@id":"https:\/\/revolutionpadelstore.com\/pt-pt\/produto\/bullpadel-hack-03-comfort-24-5\/#primaryimage"},"image":{"@id":"https:\/\/revolutionpadelstore.com\/pt-pt\/produto\/bullpadel-hack-03-comfort-24-5\/#primaryimage"},"thumbnailUrl":"https:\/\/revolutionpadelstore.com\/wp-content\/uploads\/2024\/03\/110862_pala_bullpadel_hack_03_comfort_24_471604_1500x1500_vista1_aa6a.webp","datePublished":"2024-03-14T16:07:55+00:00","dateModified":"2026-04-08T13:04:43+00:00","description":"Bullpadel Hack 03 comfort 24, la pala de 2024 de Paquito Navarro. Una pala de diamante para jugadores de p\u00e1del de nivel avanzado o profesional. Juega tu partido m\u00e1s confortable.","breadcrumb":{"@id":"https:\/\/revolutionpadelstore.com\/pt-pt\/produto\/bullpadel-hack-03-comfort-24-5\/#breadcrumb"},"inLanguage":"pt-PT","potentialAction":[{"@type":"ReadAction","target":["https:\/\/revolutionpadelstore.com\/pt-pt\/produto\/bullpadel-hack-03-comfort-24-5\/"]}]},{"@type":"ImageObject","inLanguage":"pt-PT","@id":"https:\/\/revolutionpadelstore.com\/pt-pt\/produto\/bullpadel-hack-03-comfort-24-5\/#primaryimage","url":"https:\/\/revolutionpadelstore.com\/wp-content\/uploads\/2024\/03\/110862_pala_bullpadel_hack_03_comfort_24_471604_1500x1500_vista1_aa6a.webp","contentUrl":"https:\/\/revolutionpadelstore.com\/wp-content\/uploads\/2024\/03\/110862_pala_bullpadel_hack_03_comfort_24_471604_1500x1500_vista1_aa6a.webp","width":1500,"height":1500},{"@type":"BreadcrumbList","@id":"https:\/\/revolutionpadelstore.com\/pt-pt\/produto\/bullpadel-hack-03-comfort-24-5\/#breadcrumb","itemListElement":[{"@type":"ListItem","position":1,"name":"Portada","item":"https:\/\/revolutionpadelstore.com\/pt-pt\/"},{"@type":"ListItem","position":2,"name":"Tienda","item":"https:\/\/revolutionpadelstore.com\/pt-pt\/tienda\/"},{"@type":"ListItem","position":3,"name":"BULLPADEL HACK 03 COMFORT 24"}]},{"@type":"WebSite","@id":"https:\/\/revolutionpadelstore.com\/pt-pt\/#website","url":"https:\/\/revolutionpadelstore.com\/pt-pt\/","name":"Revolution Padel Store","description":"","publisher":{"@id":"https:\/\/revolutionpadelstore.com\/pt-pt\/#organization"},"potentialAction":[{"@type":"SearchAction","target":{"@type":"EntryPoint","urlTemplate":"https:\/\/revolutionpadelstore.com\/pt-pt\/?s={search_term_string}"},"query-input":{"@type":"PropertyValueSpecification","valueRequired":true,"valueName":"search_term_string"}}],"inLanguage":"pt-PT"},{"@type":"Organization","@id":"https:\/\/revolutionpadelstore.com\/pt-pt\/#organization","name":"Revolution Padel Store","url":"https:\/\/revolutionpadelstore.com\/pt-pt\/","logo":{"@type":"ImageObject","inLanguage":"pt-PT","@id":"https:\/\/revolutionpadelstore.com\/pt-pt\/#\/schema\/logo\/image\/","url":"https:\/\/revolutionpadelstore.com\/wp-content\/uploads\/2026\/02\/revolution-padel-store.jpg","contentUrl":"https:\/\/revolutionpadelstore.com\/wp-content\/uploads\/2026\/02\/revolution-padel-store.jpg","width":2000,"height":2000,"caption":"Revolution Padel Store"},"image":{"@id":"https:\/\/revolutionpadelstore.com\/pt-pt\/#\/schema\/logo\/image\/"},"sameAs":["https:\/\/www.instagram.com\/revolutionpadelstore\/"]}]}},"_links":{"self":[{"href":"https:\/\/revolutionpadelstore.com\/pt-pt\/wp-json\/wp\/v2\/product\/20443","targetHints":{"allow":["GET"]}}],"collection":[{"href":"https:\/\/revolutionpadelstore.com\/pt-pt\/wp-json\/wp\/v2\/product"}],"about":[{"href":"https:\/\/revolutionpadelstore.com\/pt-pt\/wp-json\/wp\/v2\/types\/product"}],"replies":[{"embeddable":true,"href":"https:\/\/revolutionpadelstore.com\/pt-pt\/wp-json\/wp\/v2\/comments?post=20443"}],"wp:featuredmedia":[{"embeddable":true,"href":"https:\/\/revolutionpadelstore.com\/pt-pt\/wp-json\/wp\/v2\/media\/52600"}],"wp:attachment":[{"href":"https:\/\/revolutionpadelstore.com\/pt-pt\/wp-json\/wp\/v2\/media?parent=20443"}],"wp:term":[{"taxonomy":"acabado","embeddable":true,"href":"https:\/\/revolutionpadelstore.com\/pt-pt\/wp-json\/wp\/v2\/acabado?post=20443"},{"taxonomy":"balance","embeddable":true,"href":"https:\/\/revolutionpadelstore.com\/pt-pt\/wp-json\/wp\/v2\/balance?post=20443"},{"taxonomy":"dureza","embeddable":true,"href":"https:\/\/revolutionpadelstore.com\/pt-pt\/wp-json\/wp\/v2\/dureza?post=20443"},{"taxonomy":"forma","embeddable":true,"href":"https:\/\/revolutionpadelstore.com\/pt-pt\/wp-json\/wp\/v2\/forma?post=20443"},{"taxonomy":"jugador","embeddable":true,"href":"https:\/\/revolutionpadelstore.com\/pt-pt\/wp-json\/wp\/v2\/jugador?post=20443"},{"taxonomy":"marca","embeddable":true,"href":"https:\/\/revolutionpadelstore.com\/pt-pt\/wp-json\/wp\/v2\/marca?post=20443"},{"taxonomy":"nivel-de-juego","embeddable":true,"href":"https:\/\/revolutionpadelstore.com\/pt-pt\/wp-json\/wp\/v2\/nivel-de-juego?post=20443"},{"taxonomy":"superficie","embeddable":true,"href":"https:\/\/revolutionpadelstore.com\/pt-pt\/wp-json\/wp\/v2\/superficie?post=20443"},{"taxonomy":"tipo-de-juego","embeddable":true,"href":"https:\/\/revolutionpadelstore.com\/pt-pt\/wp-json\/wp\/v2\/tipo-de-juego?post=20443"},{"taxonomy":"product_brand","embeddable":true,"href":"https:\/\/revolutionpadelstore.com\/pt-pt\/wp-json\/wp\/v2\/product_brand?post=20443"},{"taxonomy":"product_cat","embeddable":true,"href":"https:\/\/revolutionpadelstore.com\/pt-pt\/wp-json\/wp\/v2\/product_cat?post=20443"},{"taxonomy":"product_tag","embeddable":true,"href":"https:\/\/revolutionpadelstore.com\/pt-pt\/wp-json\/wp\/v2\/product_tag?post=20443"}],"curies":[{"name":"wp","href":"https:\/\/api.w.org\/{rel}","templated":true}]}}