{"id":20438,"date":"2024-03-14T17:19:06","date_gmt":"2024-03-14T16:19:06","guid":{"rendered":"https:\/\/revolutionpadelstore.com\/bullpadel-hack-03-master-final-2022\/"},"modified":"2024-10-15T03:55:27","modified_gmt":"2024-10-15T01:55:27","slug":"bullpadel-hack-03-master-final-2022","status":"publish","type":"product","link":"https:\/\/revolutionpadelstore.com\/pt-pt\/produto\/bullpadel-hack-03-master-final-2022\/","title":{"rendered":"BULLPADEL HACK 03 MASTER FINAL 2022"},"content":{"rendered":"<h2>Bullpadel Hack 03 Master Final 2022, uma raquete de padel de \u00faltima gera\u00e7\u00e3o<\/h2>\n<p>A marca <strong>Bullpadel<\/strong> retorna mais forte com a nova cole\u00e7\u00e3o 2022 A joia da coroa \u00e9 a raquete <strong>Paquito Navarro<\/strong>, a <strong>Hack 03 Master Final<\/strong> forte&gt;. , uma raquete de edi\u00e7\u00e3o limitada que lhe dar\u00e1 uma pot\u00eancia incr\u00edvel em cada tacada.<\/p>\n<p>A nova Hack 03 Master Final \u00e9 uma raquete de ataque, que foi projetada para jogadores de n\u00edvel avan\u00e7ado ou profissional que desejam acertar a bola com pot\u00eancia m\u00e1xima. Possui um <strong>formato de diamante <em>superdimensionado<\/em><\/strong><em> <\/em>com alto equil\u00edbrio.<\/p>\n<h3>Estrutura firme, leve e \u00e1gil<\/h3>\n<p>Em seu n\u00facleo encontramos a <strong>borracha MultiEva<\/strong>, que consiste em duas densidades, uma borracha externa mais compacta e uma interna de menor densidade. Essas duas camadas tornam a raquete capaz de responder a golpes mais lentos, bem como a bolas r\u00e1pidas. Al\u00e9m disso, possui estrutura em Carbon Tube, 100% fibra de carbono entrela\u00e7ada bidirecional, que atinge o equil\u00edbrio perfeito entre controle e pot\u00eancia. Nas laterais da arma\u00e7\u00e3o podemos encontrar o sistema NERVE, canais que agregam leveza, conseguem um golpe mais controlado e mais rigidez.<\/p>\n<p>Na superf\u00edcie da raquete encontramos o <strong><em>Xtend Carbon<\/em>12K<\/strong>, uma fibra desenvolvida exclusivamente pela Bullpadel e que a torna a primeira do mundo a ser constru\u00edda com <strong>carbono 12K de \u00faltima gera\u00e7\u00e3o<\/strong>. Isso confere \u00e0 raquete uma grande leveza e um golpe em uma velocidade sem precedentes.<\/p>\n<h3>Inclui o sistema Adaptia, desenvolvido para as raquetes de padel da gama PRO<\/h3>\n<p>Esta raquete inclui tecnologias de alta qualidade que a tornam uma raquete poderosa que o ajudar\u00e1 a vencer todas as partidas. Entre as tecnologias que incorpora devemos citar o <strong>sistema Vibradrive<\/strong>, que absorve as vibra\u00e7\u00f5es que a raquete pode sofrer ap\u00f3s um impacto, principalmente em golpes mais descentrados. Como ponto adicional, incorpora o Hesacore Grip, que apresenta um design em favo de mel que reduz o esfor\u00e7o, les\u00f5es e vibra\u00e7\u00f5es.<\/p>\n<h2>Bullpadel Hack 03 Master Final 2022, una pala de alta gama<\/h2>\n","protected":false},"excerpt":{"rendered":"<p>O t\u00e3o aguardado Hack 03 Master Final j\u00e1 est\u00e1 dispon\u00edvel no Padel Nuestro! Uma raquete de padel exclusiva usada por um dos melhores do circuito, Paquito Navarro.<\/p>\n","protected":false},"featured_media":52578,"comment_status":"open","ping_status":"closed","template":"","meta":{"_acf_changed":false,"_joinchat":[]},"acabado":[],"balance":[],"dureza":[],"forma":[],"jugador":[],"marca":[],"nivel-de-juego":[],"superficie":[],"tipo-de-juego":[],"product_brand":[],"product_cat":[],"product_tag":[],"class_list":{"0":"post-20438","1":"product","2":"type-product","3":"status-publish","4":"has-post-thumbnail","7":"first","8":"onbackorder","9":"taxable","10":"shipping-taxable","11":"purchasable","12":"product-type-simple"},"acf":[],"yoast_head":"<!-- This site is optimized with the Yoast SEO plugin v27.5 - https:\/\/yoast.com\/product\/yoast-seo-wordpress\/ -->\n<title>BULLPADEL HACK 03 MASTER FINAL 2022 - Revolution Padel Store<\/title>\n<meta name=\"description\" content=\"\u00a1Ya disponible en Padel Nuestro la tan esperada Hack 03 Master Final! Una pala exclusiva que lleva uno de los mejores del circuito, Paquito Navarro.\" \/>\n<meta name=\"robots\" content=\"index, follow, max-snippet:-1, max-image-preview:large, max-video-preview:-1\" \/>\n<link rel=\"canonical\" href=\"https:\/\/revolutionpadelstore.com\/pt-pt\/produto\/bullpadel-hack-03-master-final-2022\/\" \/>\n<meta property=\"og:locale\" content=\"pt_PT\" \/>\n<meta property=\"og:type\" content=\"article\" \/>\n<meta property=\"og:title\" content=\"BULLPADEL HACK 03 MASTER FINAL 2022 - Revolution Padel Store\" \/>\n<meta property=\"og:description\" content=\"\u00a1Ya disponible en Padel Nuestro la tan esperada Hack 03 Master Final! Una pala exclusiva que lleva uno de los mejores del circuito, Paquito Navarro.\" \/>\n<meta property=\"og:url\" content=\"https:\/\/revolutionpadelstore.com\/pt-pt\/produto\/bullpadel-hack-03-master-final-2022\/\" \/>\n<meta property=\"og:site_name\" content=\"Revolution Padel Store\" \/>\n<meta property=\"article:modified_time\" content=\"2024-10-15T01:55:27+00:00\" \/>\n<meta property=\"og:image\" content=\"https:\/\/revolutionpadelstore.com\/wp-content\/uploads\/2024\/03\/bullpadel_hack_03_mfinal_22_468073_32445_3_1ddf.webp\" \/>\n\t<meta property=\"og:image:width\" content=\"1200\" \/>\n\t<meta property=\"og:image:height\" content=\"1200\" \/>\n\t<meta property=\"og:image:type\" content=\"image\/webp\" \/>\n<meta name=\"twitter:card\" content=\"summary_large_image\" \/>\n<meta name=\"twitter:label1\" content=\"Tempo estimado de leitura\" \/>\n\t<meta name=\"twitter:data1\" content=\"2 minutos\" \/>\n<script type=\"application\/ld+json\" class=\"yoast-schema-graph\">{\"@context\":\"https:\\\/\\\/schema.org\",\"@graph\":[{\"@type\":\"WebPage\",\"@id\":\"https:\\\/\\\/revolutionpadelstore.com\\\/pt-pt\\\/produto\\\/bullpadel-hack-03-master-final-2022\\\/\",\"url\":\"https:\\\/\\\/revolutionpadelstore.com\\\/pt-pt\\\/produto\\\/bullpadel-hack-03-master-final-2022\\\/\",\"name\":\"BULLPADEL HACK 03 MASTER FINAL 2022 - Revolution Padel Store\",\"isPartOf\":{\"@id\":\"https:\\\/\\\/revolutionpadelstore.com\\\/pt-pt\\\/#website\"},\"primaryImageOfPage\":{\"@id\":\"https:\\\/\\\/revolutionpadelstore.com\\\/pt-pt\\\/produto\\\/bullpadel-hack-03-master-final-2022\\\/#primaryimage\"},\"image\":{\"@id\":\"https:\\\/\\\/revolutionpadelstore.com\\\/pt-pt\\\/produto\\\/bullpadel-hack-03-master-final-2022\\\/#primaryimage\"},\"thumbnailUrl\":\"https:\\\/\\\/revolutionpadelstore.com\\\/wp-content\\\/uploads\\\/2024\\\/03\\\/bullpadel_hack_03_mfinal_22_468073_32445_3_1ddf.webp\",\"datePublished\":\"2024-03-14T16:19:06+00:00\",\"dateModified\":\"2024-10-15T01:55:27+00:00\",\"description\":\"\u00a1Ya disponible en Padel Nuestro la tan esperada Hack 03 Master Final! Una pala exclusiva que lleva uno de los mejores del circuito, Paquito Navarro.\",\"breadcrumb\":{\"@id\":\"https:\\\/\\\/revolutionpadelstore.com\\\/pt-pt\\\/produto\\\/bullpadel-hack-03-master-final-2022\\\/#breadcrumb\"},\"inLanguage\":\"pt-PT\",\"potentialAction\":[{\"@type\":\"ReadAction\",\"target\":[\"https:\\\/\\\/revolutionpadelstore.com\\\/pt-pt\\\/produto\\\/bullpadel-hack-03-master-final-2022\\\/\"]}]},{\"@type\":\"ImageObject\",\"inLanguage\":\"pt-PT\",\"@id\":\"https:\\\/\\\/revolutionpadelstore.com\\\/pt-pt\\\/produto\\\/bullpadel-hack-03-master-final-2022\\\/#primaryimage\",\"url\":\"https:\\\/\\\/revolutionpadelstore.com\\\/wp-content\\\/uploads\\\/2024\\\/03\\\/bullpadel_hack_03_mfinal_22_468073_32445_3_1ddf.webp\",\"contentUrl\":\"https:\\\/\\\/revolutionpadelstore.com\\\/wp-content\\\/uploads\\\/2024\\\/03\\\/bullpadel_hack_03_mfinal_22_468073_32445_3_1ddf.webp\",\"width\":1200,\"height\":1200},{\"@type\":\"BreadcrumbList\",\"@id\":\"https:\\\/\\\/revolutionpadelstore.com\\\/pt-pt\\\/produto\\\/bullpadel-hack-03-master-final-2022\\\/#breadcrumb\",\"itemListElement\":[{\"@type\":\"ListItem\",\"position\":1,\"name\":\"Portada\",\"item\":\"https:\\\/\\\/revolutionpadelstore.com\\\/pt-pt\\\/\"},{\"@type\":\"ListItem\",\"position\":2,\"name\":\"Tienda\",\"item\":\"https:\\\/\\\/revolutionpadelstore.com\\\/pt-pt\\\/tienda\\\/\"},{\"@type\":\"ListItem\",\"position\":3,\"name\":\"BULLPADEL HACK 03 MASTER FINAL 2022\"}]},{\"@type\":\"WebSite\",\"@id\":\"https:\\\/\\\/revolutionpadelstore.com\\\/pt-pt\\\/#website\",\"url\":\"https:\\\/\\\/revolutionpadelstore.com\\\/pt-pt\\\/\",\"name\":\"Revolution Padel Store\",\"description\":\"\",\"publisher\":{\"@id\":\"https:\\\/\\\/revolutionpadelstore.com\\\/pt-pt\\\/#organization\"},\"potentialAction\":[{\"@type\":\"SearchAction\",\"target\":{\"@type\":\"EntryPoint\",\"urlTemplate\":\"https:\\\/\\\/revolutionpadelstore.com\\\/pt-pt\\\/?s={search_term_string}\"},\"query-input\":{\"@type\":\"PropertyValueSpecification\",\"valueRequired\":true,\"valueName\":\"search_term_string\"}}],\"inLanguage\":\"pt-PT\"},{\"@type\":\"Organization\",\"@id\":\"https:\\\/\\\/revolutionpadelstore.com\\\/pt-pt\\\/#organization\",\"name\":\"Revolution Padel Store\",\"url\":\"https:\\\/\\\/revolutionpadelstore.com\\\/pt-pt\\\/\",\"logo\":{\"@type\":\"ImageObject\",\"inLanguage\":\"pt-PT\",\"@id\":\"https:\\\/\\\/revolutionpadelstore.com\\\/pt-pt\\\/#\\\/schema\\\/logo\\\/image\\\/\",\"url\":\"https:\\\/\\\/revolutionpadelstore.com\\\/wp-content\\\/uploads\\\/2026\\\/02\\\/revolution-padel-store.jpg\",\"contentUrl\":\"https:\\\/\\\/revolutionpadelstore.com\\\/wp-content\\\/uploads\\\/2026\\\/02\\\/revolution-padel-store.jpg\",\"width\":2000,\"height\":2000,\"caption\":\"Revolution Padel Store\"},\"image\":{\"@id\":\"https:\\\/\\\/revolutionpadelstore.com\\\/pt-pt\\\/#\\\/schema\\\/logo\\\/image\\\/\"},\"sameAs\":[\"https:\\\/\\\/www.instagram.com\\\/revolutionpadelstore\\\/\"]}]}<\/script>\n<!-- \/ Yoast SEO plugin. -->","yoast_head_json":{"title":"BULLPADEL HACK 03 MASTER FINAL 2022 - Revolution Padel Store","description":"\u00a1Ya disponible en Padel Nuestro la tan esperada Hack 03 Master Final! Una pala exclusiva que lleva uno de los mejores del circuito, Paquito Navarro.","robots":{"index":"index","follow":"follow","max-snippet":"max-snippet:-1","max-image-preview":"max-image-preview:large","max-video-preview":"max-video-preview:-1"},"canonical":"https:\/\/revolutionpadelstore.com\/pt-pt\/produto\/bullpadel-hack-03-master-final-2022\/","og_locale":"pt_PT","og_type":"article","og_title":"BULLPADEL HACK 03 MASTER FINAL 2022 - Revolution Padel Store","og_description":"\u00a1Ya disponible en Padel Nuestro la tan esperada Hack 03 Master Final! Una pala exclusiva que lleva uno de los mejores del circuito, Paquito Navarro.","og_url":"https:\/\/revolutionpadelstore.com\/pt-pt\/produto\/bullpadel-hack-03-master-final-2022\/","og_site_name":"Revolution Padel Store","article_modified_time":"2024-10-15T01:55:27+00:00","og_image":[{"width":1200,"height":1200,"url":"https:\/\/revolutionpadelstore.com\/wp-content\/uploads\/2024\/03\/bullpadel_hack_03_mfinal_22_468073_32445_3_1ddf.webp","type":"image\/webp"}],"twitter_card":"summary_large_image","twitter_misc":{"Tempo estimado de leitura":"2 minutos"},"schema":{"@context":"https:\/\/schema.org","@graph":[{"@type":"WebPage","@id":"https:\/\/revolutionpadelstore.com\/pt-pt\/produto\/bullpadel-hack-03-master-final-2022\/","url":"https:\/\/revolutionpadelstore.com\/pt-pt\/produto\/bullpadel-hack-03-master-final-2022\/","name":"BULLPADEL HACK 03 MASTER FINAL 2022 - Revolution Padel Store","isPartOf":{"@id":"https:\/\/revolutionpadelstore.com\/pt-pt\/#website"},"primaryImageOfPage":{"@id":"https:\/\/revolutionpadelstore.com\/pt-pt\/produto\/bullpadel-hack-03-master-final-2022\/#primaryimage"},"image":{"@id":"https:\/\/revolutionpadelstore.com\/pt-pt\/produto\/bullpadel-hack-03-master-final-2022\/#primaryimage"},"thumbnailUrl":"https:\/\/revolutionpadelstore.com\/wp-content\/uploads\/2024\/03\/bullpadel_hack_03_mfinal_22_468073_32445_3_1ddf.webp","datePublished":"2024-03-14T16:19:06+00:00","dateModified":"2024-10-15T01:55:27+00:00","description":"\u00a1Ya disponible en Padel Nuestro la tan esperada Hack 03 Master Final! Una pala exclusiva que lleva uno de los mejores del circuito, Paquito Navarro.","breadcrumb":{"@id":"https:\/\/revolutionpadelstore.com\/pt-pt\/produto\/bullpadel-hack-03-master-final-2022\/#breadcrumb"},"inLanguage":"pt-PT","potentialAction":[{"@type":"ReadAction","target":["https:\/\/revolutionpadelstore.com\/pt-pt\/produto\/bullpadel-hack-03-master-final-2022\/"]}]},{"@type":"ImageObject","inLanguage":"pt-PT","@id":"https:\/\/revolutionpadelstore.com\/pt-pt\/produto\/bullpadel-hack-03-master-final-2022\/#primaryimage","url":"https:\/\/revolutionpadelstore.com\/wp-content\/uploads\/2024\/03\/bullpadel_hack_03_mfinal_22_468073_32445_3_1ddf.webp","contentUrl":"https:\/\/revolutionpadelstore.com\/wp-content\/uploads\/2024\/03\/bullpadel_hack_03_mfinal_22_468073_32445_3_1ddf.webp","width":1200,"height":1200},{"@type":"BreadcrumbList","@id":"https:\/\/revolutionpadelstore.com\/pt-pt\/produto\/bullpadel-hack-03-master-final-2022\/#breadcrumb","itemListElement":[{"@type":"ListItem","position":1,"name":"Portada","item":"https:\/\/revolutionpadelstore.com\/pt-pt\/"},{"@type":"ListItem","position":2,"name":"Tienda","item":"https:\/\/revolutionpadelstore.com\/pt-pt\/tienda\/"},{"@type":"ListItem","position":3,"name":"BULLPADEL HACK 03 MASTER FINAL 2022"}]},{"@type":"WebSite","@id":"https:\/\/revolutionpadelstore.com\/pt-pt\/#website","url":"https:\/\/revolutionpadelstore.com\/pt-pt\/","name":"Revolution Padel Store","description":"","publisher":{"@id":"https:\/\/revolutionpadelstore.com\/pt-pt\/#organization"},"potentialAction":[{"@type":"SearchAction","target":{"@type":"EntryPoint","urlTemplate":"https:\/\/revolutionpadelstore.com\/pt-pt\/?s={search_term_string}"},"query-input":{"@type":"PropertyValueSpecification","valueRequired":true,"valueName":"search_term_string"}}],"inLanguage":"pt-PT"},{"@type":"Organization","@id":"https:\/\/revolutionpadelstore.com\/pt-pt\/#organization","name":"Revolution Padel Store","url":"https:\/\/revolutionpadelstore.com\/pt-pt\/","logo":{"@type":"ImageObject","inLanguage":"pt-PT","@id":"https:\/\/revolutionpadelstore.com\/pt-pt\/#\/schema\/logo\/image\/","url":"https:\/\/revolutionpadelstore.com\/wp-content\/uploads\/2026\/02\/revolution-padel-store.jpg","contentUrl":"https:\/\/revolutionpadelstore.com\/wp-content\/uploads\/2026\/02\/revolution-padel-store.jpg","width":2000,"height":2000,"caption":"Revolution Padel Store"},"image":{"@id":"https:\/\/revolutionpadelstore.com\/pt-pt\/#\/schema\/logo\/image\/"},"sameAs":["https:\/\/www.instagram.com\/revolutionpadelstore\/"]}]}},"_links":{"self":[{"href":"https:\/\/revolutionpadelstore.com\/pt-pt\/wp-json\/wp\/v2\/product\/20438","targetHints":{"allow":["GET"]}}],"collection":[{"href":"https:\/\/revolutionpadelstore.com\/pt-pt\/wp-json\/wp\/v2\/product"}],"about":[{"href":"https:\/\/revolutionpadelstore.com\/pt-pt\/wp-json\/wp\/v2\/types\/product"}],"replies":[{"embeddable":true,"href":"https:\/\/revolutionpadelstore.com\/pt-pt\/wp-json\/wp\/v2\/comments?post=20438"}],"wp:featuredmedia":[{"embeddable":true,"href":"https:\/\/revolutionpadelstore.com\/pt-pt\/wp-json\/wp\/v2\/media\/52578"}],"wp:attachment":[{"href":"https:\/\/revolutionpadelstore.com\/pt-pt\/wp-json\/wp\/v2\/media?parent=20438"}],"wp:term":[{"taxonomy":"acabado","embeddable":true,"href":"https:\/\/revolutionpadelstore.com\/pt-pt\/wp-json\/wp\/v2\/acabado?post=20438"},{"taxonomy":"balance","embeddable":true,"href":"https:\/\/revolutionpadelstore.com\/pt-pt\/wp-json\/wp\/v2\/balance?post=20438"},{"taxonomy":"dureza","embeddable":true,"href":"https:\/\/revolutionpadelstore.com\/pt-pt\/wp-json\/wp\/v2\/dureza?post=20438"},{"taxonomy":"forma","embeddable":true,"href":"https:\/\/revolutionpadelstore.com\/pt-pt\/wp-json\/wp\/v2\/forma?post=20438"},{"taxonomy":"jugador","embeddable":true,"href":"https:\/\/revolutionpadelstore.com\/pt-pt\/wp-json\/wp\/v2\/jugador?post=20438"},{"taxonomy":"marca","embeddable":true,"href":"https:\/\/revolutionpadelstore.com\/pt-pt\/wp-json\/wp\/v2\/marca?post=20438"},{"taxonomy":"nivel-de-juego","embeddable":true,"href":"https:\/\/revolutionpadelstore.com\/pt-pt\/wp-json\/wp\/v2\/nivel-de-juego?post=20438"},{"taxonomy":"superficie","embeddable":true,"href":"https:\/\/revolutionpadelstore.com\/pt-pt\/wp-json\/wp\/v2\/superficie?post=20438"},{"taxonomy":"tipo-de-juego","embeddable":true,"href":"https:\/\/revolutionpadelstore.com\/pt-pt\/wp-json\/wp\/v2\/tipo-de-juego?post=20438"},{"taxonomy":"product_brand","embeddable":true,"href":"https:\/\/revolutionpadelstore.com\/pt-pt\/wp-json\/wp\/v2\/product_brand?post=20438"},{"taxonomy":"product_cat","embeddable":true,"href":"https:\/\/revolutionpadelstore.com\/pt-pt\/wp-json\/wp\/v2\/product_cat?post=20438"},{"taxonomy":"product_tag","embeddable":true,"href":"https:\/\/revolutionpadelstore.com\/pt-pt\/wp-json\/wp\/v2\/product_tag?post=20438"}],"curies":[{"name":"wp","href":"https:\/\/api.w.org\/{rel}","templated":true}]}}