{"id":20413,"date":"2024-03-14T17:57:37","date_gmt":"2024-03-14T16:57:37","guid":{"rendered":"https:\/\/revolutionpadelstore.com\/bullpadel-ionic-light-24\/"},"modified":"2026-04-11T02:01:18","modified_gmt":"2026-04-11T00:01:18","slug":"bullpadel-ionic-light-24-5","status":"publish","type":"product","link":"https:\/\/revolutionpadelstore.com\/pt-pt\/produto\/bullpadel-ionic-light-24-5\/","title":{"rendered":"BULLPADEL IONIC LIGHT 24"},"content":{"rendered":"<h2>Bullpadel Ionic Light 24, raquete vers\u00e1til de Claudia Jensen<\/h2>\n<p>A raquete de padel Bullpadel Ionic Light 24, pertencente \u00e0 inovadora cole\u00e7\u00e3o NextLine 2024, destaca-se pelo seu design vanguardista e caracter\u00edsticas excepcionais, especialmente desenhadas para atender \u00e0s demandas dos jogadores avan\u00e7ados. Com peso leve variando entre 350-360 gramas, esta raquete oferece manobrabilidade incompar\u00e1vel em quadra, permitindo movimentos r\u00e1pidos e precisos. Raquete de jogadora Claudia Jensen<\/p>\n<h2><strong>L\u00e2mina de corte com MultiEVA<\/strong><\/h2>\n<p>A sua forma de l\u00e1grima e o equil\u00edbrio m\u00e9dio tornam-no numa escolha vers\u00e1til para jogadores que procuram um desempenho ideal em diferentes situa\u00e7\u00f5es de jogo. A raquete \u00e9 voltada especificamente para jogadores avan\u00e7ados que valorizam uma combina\u00e7\u00e3o de leveza e maleabilidade em seus equipamentos.<\/p>\n<p>A constru\u00e7\u00e3o das faces das l\u00e2minas incorpora a avan\u00e7ada composi\u00e7\u00e3o <em><strong>Glapahite<\/strong><\/em>, uma combina\u00e7\u00e3o tran\u00e7ada de fibra de vidro com carbono reativo e el\u00e1stico. O n\u00facleo, composto por MultiEVA e suas diferentes densidades de EVA, proporciona um equil\u00edbrio perfeito entre pot\u00eancia e controle.<\/p>\n<p>A estrutura 100% carbono CarbonTube confere \u00e0 raquete uma resist\u00eancia excepcional, garantindo durabilidade e estabilidade durante o jogo. A superf\u00edcie da raquete possui acabamento 3D Grain com formato poligonal, melhorando a ader\u00eancia e o contato com a bola, o que resulta em maior precis\u00e3o em cada golpe.<\/p>\n<h3>Raquete de paddle com design superior<\/h3>\n<p>O design est\u00e9tico do Bullpadel Ionic Light 24 combina <strong>eleg\u00e2ncia e modernidade<\/strong>, com uma impressionante combina\u00e7\u00e3o de cores preto e azul. Este design esportivo reflete a qualidade e o desempenho que caracterizam esta raquete de padel de \u00faltima gera\u00e7\u00e3o, posicionando-a como a escolha ideal para jogadores avan\u00e7ados que buscam um equil\u00edbrio perfeito entre leveza, manuseio e estilo na quadra.<\/p>\n<h2>Bullpadel Ionic Light 24, pala polivalente de Claudia Jensen<\/h2>\n","protected":false},"excerpt":{"rendered":"<p>Bullpadel Ionic Light 24, raquete de padel em forma de l\u00e1grima de Claudia Jensen da cole\u00e7\u00e3o 2024 da Bullpadel. P\u00e1 mais leve e manej\u00e1vel.<\/p>\n","protected":false},"featured_media":52490,"comment_status":"open","ping_status":"closed","template":"","meta":{"_acf_changed":false,"_joinchat":[]},"acabado":[1090,1080],"balance":[1140],"dureza":[1155],"forma":[1185],"jugador":[1190,1200],"marca":[1255],"nivel-de-juego":[1350],"superficie":[1360],"tipo-de-juego":[1385],"product_brand":[],"product_cat":[300],"product_tag":[],"class_list":{"0":"post-20413","1":"product","2":"type-product","3":"status-publish","4":"has-post-thumbnail","6":"acabado-alivio-3d","7":"acabado-brilho","8":"balance-medio-pt-pt","9":"dureza-media-pt-pt","10":"forma-lagrima-pt-pt","11":"jugador-homem","12":"jugador-polivalente-pt-pt","13":"marca-bullpadel-pt-pt","14":"superficie-rugosa-pt-pt","15":"tipo-de-juego-polivalente-pt-pt","16":"product_cat-palas","18":"first","19":"instock","20":"sale","21":"taxable","22":"shipping-taxable","23":"purchasable","24":"product-type-simple"},"acf":[],"yoast_head":"<!-- This site is optimized with the Yoast SEO plugin v27.3 - https:\/\/yoast.com\/product\/yoast-seo-wordpress\/ -->\n<title>BULLPADEL IONIC LIGHT 24 - Revolution Padel Store<\/title>\n<meta name=\"description\" content=\"Bullpadel Ionic Light 24, pala de p\u00e1del de l\u00e1grima de Claudia Jensen de la colecci\u00f3n 2024 de Bullpadel. Pala m\u00e1s ligera y manejable.\" \/>\n<meta name=\"robots\" content=\"index, follow, max-snippet:-1, max-image-preview:large, max-video-preview:-1\" \/>\n<link rel=\"canonical\" href=\"https:\/\/revolutionpadelstore.com\/pt-pt\/produto\/bullpadel-ionic-light-24-5\/\" \/>\n<meta property=\"og:locale\" content=\"pt_PT\" \/>\n<meta property=\"og:type\" content=\"article\" \/>\n<meta property=\"og:title\" content=\"BULLPADEL IONIC LIGHT 24 - Revolution Padel Store\" \/>\n<meta property=\"og:description\" content=\"Bullpadel Ionic Light 24, pala de p\u00e1del de l\u00e1grima de Claudia Jensen de la colecci\u00f3n 2024 de Bullpadel. Pala m\u00e1s ligera y manejable.\" \/>\n<meta property=\"og:url\" content=\"https:\/\/revolutionpadelstore.com\/pt-pt\/produto\/bullpadel-ionic-light-24-5\/\" \/>\n<meta property=\"og:site_name\" content=\"Revolution Padel Store\" \/>\n<meta property=\"article:modified_time\" content=\"2026-04-11T00:01:18+00:00\" \/>\n<meta property=\"og:image\" content=\"https:\/\/revolutionpadelstore.com\/wp-content\/uploads\/2024\/03\/110912_pala_bullpadel_ionic_light_24_471614_1500x1500_1_5368.webp\" \/>\n\t<meta property=\"og:image:width\" content=\"1500\" \/>\n\t<meta property=\"og:image:height\" content=\"1500\" \/>\n\t<meta property=\"og:image:type\" content=\"image\/webp\" \/>\n<meta name=\"twitter:card\" content=\"summary_large_image\" \/>\n<meta name=\"twitter:label1\" content=\"Tempo estimado de leitura\" \/>\n\t<meta name=\"twitter:data1\" content=\"2 minutos\" \/>\n<script type=\"application\/ld+json\" class=\"yoast-schema-graph\">{\"@context\":\"https:\\\/\\\/schema.org\",\"@graph\":[{\"@type\":\"WebPage\",\"@id\":\"https:\\\/\\\/revolutionpadelstore.com\\\/pt-pt\\\/produto\\\/bullpadel-ionic-light-24-5\\\/\",\"url\":\"https:\\\/\\\/revolutionpadelstore.com\\\/pt-pt\\\/produto\\\/bullpadel-ionic-light-24-5\\\/\",\"name\":\"BULLPADEL IONIC LIGHT 24 - Revolution Padel Store\",\"isPartOf\":{\"@id\":\"https:\\\/\\\/revolutionpadelstore.com\\\/pt-pt\\\/#website\"},\"primaryImageOfPage\":{\"@id\":\"https:\\\/\\\/revolutionpadelstore.com\\\/pt-pt\\\/produto\\\/bullpadel-ionic-light-24-5\\\/#primaryimage\"},\"image\":{\"@id\":\"https:\\\/\\\/revolutionpadelstore.com\\\/pt-pt\\\/produto\\\/bullpadel-ionic-light-24-5\\\/#primaryimage\"},\"thumbnailUrl\":\"https:\\\/\\\/revolutionpadelstore.com\\\/wp-content\\\/uploads\\\/2024\\\/03\\\/110912_pala_bullpadel_ionic_light_24_471614_1500x1500_1_5368.webp\",\"datePublished\":\"2024-03-14T16:57:37+00:00\",\"dateModified\":\"2026-04-11T00:01:18+00:00\",\"description\":\"Bullpadel Ionic Light 24, pala de p\u00e1del de l\u00e1grima de Claudia Jensen de la colecci\u00f3n 2024 de Bullpadel. Pala m\u00e1s ligera y manejable.\",\"breadcrumb\":{\"@id\":\"https:\\\/\\\/revolutionpadelstore.com\\\/pt-pt\\\/produto\\\/bullpadel-ionic-light-24-5\\\/#breadcrumb\"},\"inLanguage\":\"pt-PT\",\"potentialAction\":[{\"@type\":\"ReadAction\",\"target\":[\"https:\\\/\\\/revolutionpadelstore.com\\\/pt-pt\\\/produto\\\/bullpadel-ionic-light-24-5\\\/\"]}]},{\"@type\":\"ImageObject\",\"inLanguage\":\"pt-PT\",\"@id\":\"https:\\\/\\\/revolutionpadelstore.com\\\/pt-pt\\\/produto\\\/bullpadel-ionic-light-24-5\\\/#primaryimage\",\"url\":\"https:\\\/\\\/revolutionpadelstore.com\\\/wp-content\\\/uploads\\\/2024\\\/03\\\/110912_pala_bullpadel_ionic_light_24_471614_1500x1500_1_5368.webp\",\"contentUrl\":\"https:\\\/\\\/revolutionpadelstore.com\\\/wp-content\\\/uploads\\\/2024\\\/03\\\/110912_pala_bullpadel_ionic_light_24_471614_1500x1500_1_5368.webp\",\"width\":1500,\"height\":1500},{\"@type\":\"BreadcrumbList\",\"@id\":\"https:\\\/\\\/revolutionpadelstore.com\\\/pt-pt\\\/produto\\\/bullpadel-ionic-light-24-5\\\/#breadcrumb\",\"itemListElement\":[{\"@type\":\"ListItem\",\"position\":1,\"name\":\"Portada\",\"item\":\"https:\\\/\\\/revolutionpadelstore.com\\\/pt-pt\\\/\"},{\"@type\":\"ListItem\",\"position\":2,\"name\":\"Tienda\",\"item\":\"https:\\\/\\\/revolutionpadelstore.com\\\/pt-pt\\\/tienda\\\/\"},{\"@type\":\"ListItem\",\"position\":3,\"name\":\"BULLPADEL IONIC LIGHT 24\"}]},{\"@type\":\"WebSite\",\"@id\":\"https:\\\/\\\/revolutionpadelstore.com\\\/pt-pt\\\/#website\",\"url\":\"https:\\\/\\\/revolutionpadelstore.com\\\/pt-pt\\\/\",\"name\":\"Revolution Padel Store\",\"description\":\"\",\"publisher\":{\"@id\":\"https:\\\/\\\/revolutionpadelstore.com\\\/pt-pt\\\/#organization\"},\"potentialAction\":[{\"@type\":\"SearchAction\",\"target\":{\"@type\":\"EntryPoint\",\"urlTemplate\":\"https:\\\/\\\/revolutionpadelstore.com\\\/pt-pt\\\/?s={search_term_string}\"},\"query-input\":{\"@type\":\"PropertyValueSpecification\",\"valueRequired\":true,\"valueName\":\"search_term_string\"}}],\"inLanguage\":\"pt-PT\"},{\"@type\":\"Organization\",\"@id\":\"https:\\\/\\\/revolutionpadelstore.com\\\/pt-pt\\\/#organization\",\"name\":\"Revolution Padel Store\",\"url\":\"https:\\\/\\\/revolutionpadelstore.com\\\/pt-pt\\\/\",\"logo\":{\"@type\":\"ImageObject\",\"inLanguage\":\"pt-PT\",\"@id\":\"https:\\\/\\\/revolutionpadelstore.com\\\/pt-pt\\\/#\\\/schema\\\/logo\\\/image\\\/\",\"url\":\"https:\\\/\\\/revolutionpadelstore.com\\\/wp-content\\\/uploads\\\/2026\\\/02\\\/revolution-padel-store.jpg\",\"contentUrl\":\"https:\\\/\\\/revolutionpadelstore.com\\\/wp-content\\\/uploads\\\/2026\\\/02\\\/revolution-padel-store.jpg\",\"width\":2000,\"height\":2000,\"caption\":\"Revolution Padel Store\"},\"image\":{\"@id\":\"https:\\\/\\\/revolutionpadelstore.com\\\/pt-pt\\\/#\\\/schema\\\/logo\\\/image\\\/\"},\"sameAs\":[\"https:\\\/\\\/www.instagram.com\\\/revolutionpadelstore\\\/\"]}]}<\/script>\n<!-- \/ Yoast SEO plugin. -->","yoast_head_json":{"title":"BULLPADEL IONIC LIGHT 24 - Revolution Padel Store","description":"Bullpadel Ionic Light 24, pala de p\u00e1del de l\u00e1grima de Claudia Jensen de la colecci\u00f3n 2024 de Bullpadel. Pala m\u00e1s ligera y manejable.","robots":{"index":"index","follow":"follow","max-snippet":"max-snippet:-1","max-image-preview":"max-image-preview:large","max-video-preview":"max-video-preview:-1"},"canonical":"https:\/\/revolutionpadelstore.com\/pt-pt\/produto\/bullpadel-ionic-light-24-5\/","og_locale":"pt_PT","og_type":"article","og_title":"BULLPADEL IONIC LIGHT 24 - Revolution Padel Store","og_description":"Bullpadel Ionic Light 24, pala de p\u00e1del de l\u00e1grima de Claudia Jensen de la colecci\u00f3n 2024 de Bullpadel. Pala m\u00e1s ligera y manejable.","og_url":"https:\/\/revolutionpadelstore.com\/pt-pt\/produto\/bullpadel-ionic-light-24-5\/","og_site_name":"Revolution Padel Store","article_modified_time":"2026-04-11T00:01:18+00:00","og_image":[{"width":1500,"height":1500,"url":"https:\/\/revolutionpadelstore.com\/wp-content\/uploads\/2024\/03\/110912_pala_bullpadel_ionic_light_24_471614_1500x1500_1_5368.webp","type":"image\/webp"}],"twitter_card":"summary_large_image","twitter_misc":{"Tempo estimado de leitura":"2 minutos"},"schema":{"@context":"https:\/\/schema.org","@graph":[{"@type":"WebPage","@id":"https:\/\/revolutionpadelstore.com\/pt-pt\/produto\/bullpadel-ionic-light-24-5\/","url":"https:\/\/revolutionpadelstore.com\/pt-pt\/produto\/bullpadel-ionic-light-24-5\/","name":"BULLPADEL IONIC LIGHT 24 - Revolution Padel Store","isPartOf":{"@id":"https:\/\/revolutionpadelstore.com\/pt-pt\/#website"},"primaryImageOfPage":{"@id":"https:\/\/revolutionpadelstore.com\/pt-pt\/produto\/bullpadel-ionic-light-24-5\/#primaryimage"},"image":{"@id":"https:\/\/revolutionpadelstore.com\/pt-pt\/produto\/bullpadel-ionic-light-24-5\/#primaryimage"},"thumbnailUrl":"https:\/\/revolutionpadelstore.com\/wp-content\/uploads\/2024\/03\/110912_pala_bullpadel_ionic_light_24_471614_1500x1500_1_5368.webp","datePublished":"2024-03-14T16:57:37+00:00","dateModified":"2026-04-11T00:01:18+00:00","description":"Bullpadel Ionic Light 24, pala de p\u00e1del de l\u00e1grima de Claudia Jensen de la colecci\u00f3n 2024 de Bullpadel. Pala m\u00e1s ligera y manejable.","breadcrumb":{"@id":"https:\/\/revolutionpadelstore.com\/pt-pt\/produto\/bullpadel-ionic-light-24-5\/#breadcrumb"},"inLanguage":"pt-PT","potentialAction":[{"@type":"ReadAction","target":["https:\/\/revolutionpadelstore.com\/pt-pt\/produto\/bullpadel-ionic-light-24-5\/"]}]},{"@type":"ImageObject","inLanguage":"pt-PT","@id":"https:\/\/revolutionpadelstore.com\/pt-pt\/produto\/bullpadel-ionic-light-24-5\/#primaryimage","url":"https:\/\/revolutionpadelstore.com\/wp-content\/uploads\/2024\/03\/110912_pala_bullpadel_ionic_light_24_471614_1500x1500_1_5368.webp","contentUrl":"https:\/\/revolutionpadelstore.com\/wp-content\/uploads\/2024\/03\/110912_pala_bullpadel_ionic_light_24_471614_1500x1500_1_5368.webp","width":1500,"height":1500},{"@type":"BreadcrumbList","@id":"https:\/\/revolutionpadelstore.com\/pt-pt\/produto\/bullpadel-ionic-light-24-5\/#breadcrumb","itemListElement":[{"@type":"ListItem","position":1,"name":"Portada","item":"https:\/\/revolutionpadelstore.com\/pt-pt\/"},{"@type":"ListItem","position":2,"name":"Tienda","item":"https:\/\/revolutionpadelstore.com\/pt-pt\/tienda\/"},{"@type":"ListItem","position":3,"name":"BULLPADEL IONIC LIGHT 24"}]},{"@type":"WebSite","@id":"https:\/\/revolutionpadelstore.com\/pt-pt\/#website","url":"https:\/\/revolutionpadelstore.com\/pt-pt\/","name":"Revolution Padel Store","description":"","publisher":{"@id":"https:\/\/revolutionpadelstore.com\/pt-pt\/#organization"},"potentialAction":[{"@type":"SearchAction","target":{"@type":"EntryPoint","urlTemplate":"https:\/\/revolutionpadelstore.com\/pt-pt\/?s={search_term_string}"},"query-input":{"@type":"PropertyValueSpecification","valueRequired":true,"valueName":"search_term_string"}}],"inLanguage":"pt-PT"},{"@type":"Organization","@id":"https:\/\/revolutionpadelstore.com\/pt-pt\/#organization","name":"Revolution Padel Store","url":"https:\/\/revolutionpadelstore.com\/pt-pt\/","logo":{"@type":"ImageObject","inLanguage":"pt-PT","@id":"https:\/\/revolutionpadelstore.com\/pt-pt\/#\/schema\/logo\/image\/","url":"https:\/\/revolutionpadelstore.com\/wp-content\/uploads\/2026\/02\/revolution-padel-store.jpg","contentUrl":"https:\/\/revolutionpadelstore.com\/wp-content\/uploads\/2026\/02\/revolution-padel-store.jpg","width":2000,"height":2000,"caption":"Revolution Padel Store"},"image":{"@id":"https:\/\/revolutionpadelstore.com\/pt-pt\/#\/schema\/logo\/image\/"},"sameAs":["https:\/\/www.instagram.com\/revolutionpadelstore\/"]}]}},"_links":{"self":[{"href":"https:\/\/revolutionpadelstore.com\/pt-pt\/wp-json\/wp\/v2\/product\/20413","targetHints":{"allow":["GET"]}}],"collection":[{"href":"https:\/\/revolutionpadelstore.com\/pt-pt\/wp-json\/wp\/v2\/product"}],"about":[{"href":"https:\/\/revolutionpadelstore.com\/pt-pt\/wp-json\/wp\/v2\/types\/product"}],"replies":[{"embeddable":true,"href":"https:\/\/revolutionpadelstore.com\/pt-pt\/wp-json\/wp\/v2\/comments?post=20413"}],"wp:featuredmedia":[{"embeddable":true,"href":"https:\/\/revolutionpadelstore.com\/pt-pt\/wp-json\/wp\/v2\/media\/52490"}],"wp:attachment":[{"href":"https:\/\/revolutionpadelstore.com\/pt-pt\/wp-json\/wp\/v2\/media?parent=20413"}],"wp:term":[{"taxonomy":"acabado","embeddable":true,"href":"https:\/\/revolutionpadelstore.com\/pt-pt\/wp-json\/wp\/v2\/acabado?post=20413"},{"taxonomy":"balance","embeddable":true,"href":"https:\/\/revolutionpadelstore.com\/pt-pt\/wp-json\/wp\/v2\/balance?post=20413"},{"taxonomy":"dureza","embeddable":true,"href":"https:\/\/revolutionpadelstore.com\/pt-pt\/wp-json\/wp\/v2\/dureza?post=20413"},{"taxonomy":"forma","embeddable":true,"href":"https:\/\/revolutionpadelstore.com\/pt-pt\/wp-json\/wp\/v2\/forma?post=20413"},{"taxonomy":"jugador","embeddable":true,"href":"https:\/\/revolutionpadelstore.com\/pt-pt\/wp-json\/wp\/v2\/jugador?post=20413"},{"taxonomy":"marca","embeddable":true,"href":"https:\/\/revolutionpadelstore.com\/pt-pt\/wp-json\/wp\/v2\/marca?post=20413"},{"taxonomy":"nivel-de-juego","embeddable":true,"href":"https:\/\/revolutionpadelstore.com\/pt-pt\/wp-json\/wp\/v2\/nivel-de-juego?post=20413"},{"taxonomy":"superficie","embeddable":true,"href":"https:\/\/revolutionpadelstore.com\/pt-pt\/wp-json\/wp\/v2\/superficie?post=20413"},{"taxonomy":"tipo-de-juego","embeddable":true,"href":"https:\/\/revolutionpadelstore.com\/pt-pt\/wp-json\/wp\/v2\/tipo-de-juego?post=20413"},{"taxonomy":"product_brand","embeddable":true,"href":"https:\/\/revolutionpadelstore.com\/pt-pt\/wp-json\/wp\/v2\/product_brand?post=20413"},{"taxonomy":"product_cat","embeddable":true,"href":"https:\/\/revolutionpadelstore.com\/pt-pt\/wp-json\/wp\/v2\/product_cat?post=20413"},{"taxonomy":"product_tag","embeddable":true,"href":"https:\/\/revolutionpadelstore.com\/pt-pt\/wp-json\/wp\/v2\/product_tag?post=20413"}],"curies":[{"name":"wp","href":"https:\/\/api.w.org\/{rel}","templated":true}]}}