{"id":20403,"date":"2024-03-14T18:49:36","date_gmt":"2024-03-14T17:49:36","guid":{"rendered":"https:\/\/revolutionpadelstore.com\/bullpadel-ionic-power-24\/"},"modified":"2026-04-08T15:03:34","modified_gmt":"2026-04-08T13:03:34","slug":"bullpadel-ionic-power-24-5","status":"publish","type":"product","link":"https:\/\/revolutionpadelstore.com\/pt-pt\/produto\/bullpadel-ionic-power-24-5\/","title":{"rendered":"BULLPADEL IONIC POWER 24"},"content":{"rendered":"<h2>Bullpadel Ionic Power 24, uma raquete de diamante cheia de pot\u00eancia<\/h2>\n<p><strong>Bullpadel Ionic Power 24<\/strong>, raquete de padel da cole\u00e7\u00e3o NextLine 2024 da Bullpadel. P\u00e1 oficial com a qual o jogador profissional Alex Arroyo se defende.  Uma raquete de padel em forma de diamante com alto equil\u00edbrio para jogar com for\u00e7a. Foi pensado para jogadores de n\u00edvel intermedi\u00e1rio ou avan\u00e7ado e com atua\u00e7\u00e3o intensa.<\/p>\n<h2>Remo com n\u00facleo MultiEVA<\/h2>\n<p>Esta raquete <strong>diamante<\/strong> \u00e9 feita com <em>Glaphite<\/em>nas faces. Em sua composi\u00e7\u00e3o tamb\u00e9m possui uma combina\u00e7\u00e3o de fibra de vidro e carbono. O n\u00facleo foi feito com <strong>MultiEVA<\/strong>, borracha que funde v\u00e1rias camadas de diferentes densidades para ter uma resolu\u00e7\u00e3o vers\u00e1til em cada golpe.<\/p>\n<p>Quadro <em><strong>CarbonTube<\/strong><\/em> 100% fibra de carbono com tecnologia <em>XForce <\/em>que permite ter um quadro e um tubo mais fortes e resistentes. As faces t\u00eam acabamento \u00e1spero 3Grain para melhor ader\u00eancia da bola ao bater, permitindo melhor manuseio do giro do chute.<\/p>\n<p>O cora\u00e7\u00e3o foi feito para dar mais estabilidade e resist\u00eancia \u00e0 l\u00e2mina. P\u00e1 com design desportivo e ousado que faz a diferen\u00e7a. Para tons vermelhos e pretos.<\/p>\n<p>Resumindo, esta raquete Bullpadel da cole\u00e7\u00e3o 2024 \u00e9 ideal para jogar com for\u00e7a e fazer a diferen\u00e7a nos treinos e partidas. Desfrute das suas qualidades vers\u00e1teis devido aos materiais escolhidos e \u00e0s tecnologias utilizadas.<\/p>\n<h2>Bullpadel Ionic Power 24, una pala de diamante llena de potencia<\/h2>\n","protected":false},"excerpt":{"rendered":"<p>Bullpadel Ionic Power 24, a raquete em forma de diamante com a qual Alex Arroyo joga na temporada 2024. Com n\u00facleo MultiEVA.<\/p>\n","protected":false},"featured_media":52450,"comment_status":"open","ping_status":"closed","template":"","meta":{"_acf_changed":false,"_joinchat":[]},"acabado":[1080],"balance":[1135],"dureza":[1155],"forma":[1170],"jugador":[1190,1200],"marca":[1255],"nivel-de-juego":[1335],"superficie":[1360],"tipo-de-juego":[1375],"product_brand":[],"product_cat":[300],"product_tag":[],"class_list":{"0":"post-20403","1":"product","2":"type-product","3":"status-publish","4":"has-post-thumbnail","6":"acabado-brilho","7":"balance-alto-pt-pt","8":"dureza-media-pt-pt","9":"forma-diamante-pt-pt","10":"jugador-homem","11":"jugador-polivalente-pt-pt","12":"marca-bullpadel-pt-pt","13":"superficie-rugosa-pt-pt","14":"tipo-de-juego-poder","15":"product_cat-palas","17":"first","18":"onbackorder","19":"sale","20":"taxable","21":"shipping-taxable","22":"purchasable","23":"product-type-simple"},"acf":[],"yoast_head":"<!-- This site is optimized with the Yoast SEO plugin v27.4 - https:\/\/yoast.com\/product\/yoast-seo-wordpress\/ -->\n<title>BULLPADEL IONIC POWER 24 - Revolution Padel Store<\/title>\n<meta name=\"description\" content=\"Bullpadel Ionic Power 24, la pala con forma de diamante con la que juega Alex Arroyo en la temporada 2024. Con n\u00facleo de MultiEVA.\" \/>\n<meta name=\"robots\" content=\"index, follow, max-snippet:-1, max-image-preview:large, max-video-preview:-1\" \/>\n<link rel=\"canonical\" href=\"https:\/\/revolutionpadelstore.com\/pt-pt\/produto\/bullpadel-ionic-power-24-5\/\" \/>\n<meta property=\"og:locale\" content=\"pt_PT\" \/>\n<meta property=\"og:type\" content=\"article\" \/>\n<meta property=\"og:title\" content=\"BULLPADEL IONIC POWER 24 - Revolution Padel Store\" \/>\n<meta property=\"og:description\" content=\"Bullpadel Ionic Power 24, la pala con forma de diamante con la que juega Alex Arroyo en la temporada 2024. Con n\u00facleo de MultiEVA.\" \/>\n<meta property=\"og:url\" content=\"https:\/\/revolutionpadelstore.com\/pt-pt\/produto\/bullpadel-ionic-power-24-5\/\" \/>\n<meta property=\"og:site_name\" content=\"Revolution Padel Store\" \/>\n<meta property=\"article:modified_time\" content=\"2026-04-08T13:03:34+00:00\" \/>\n<meta property=\"og:image\" content=\"https:\/\/revolutionpadelstore.com\/wp-content\/uploads\/2024\/03\/110913_pala_bullpadel_ionic_power_24_471612_1500x1500_1_96a6.webp\" \/>\n\t<meta property=\"og:image:width\" content=\"1500\" \/>\n\t<meta property=\"og:image:height\" content=\"1500\" \/>\n\t<meta property=\"og:image:type\" content=\"image\/webp\" \/>\n<meta name=\"twitter:card\" content=\"summary_large_image\" \/>\n<meta name=\"twitter:label1\" content=\"Tempo estimado de leitura\" \/>\n\t<meta name=\"twitter:data1\" content=\"2 minutos\" \/>\n<script type=\"application\/ld+json\" class=\"yoast-schema-graph\">{\"@context\":\"https:\\\/\\\/schema.org\",\"@graph\":[{\"@type\":\"WebPage\",\"@id\":\"https:\\\/\\\/revolutionpadelstore.com\\\/pt-pt\\\/produto\\\/bullpadel-ionic-power-24-5\\\/\",\"url\":\"https:\\\/\\\/revolutionpadelstore.com\\\/pt-pt\\\/produto\\\/bullpadel-ionic-power-24-5\\\/\",\"name\":\"BULLPADEL IONIC POWER 24 - Revolution Padel Store\",\"isPartOf\":{\"@id\":\"https:\\\/\\\/revolutionpadelstore.com\\\/pt-pt\\\/#website\"},\"primaryImageOfPage\":{\"@id\":\"https:\\\/\\\/revolutionpadelstore.com\\\/pt-pt\\\/produto\\\/bullpadel-ionic-power-24-5\\\/#primaryimage\"},\"image\":{\"@id\":\"https:\\\/\\\/revolutionpadelstore.com\\\/pt-pt\\\/produto\\\/bullpadel-ionic-power-24-5\\\/#primaryimage\"},\"thumbnailUrl\":\"https:\\\/\\\/revolutionpadelstore.com\\\/wp-content\\\/uploads\\\/2024\\\/03\\\/110913_pala_bullpadel_ionic_power_24_471612_1500x1500_1_96a6.webp\",\"datePublished\":\"2024-03-14T17:49:36+00:00\",\"dateModified\":\"2026-04-08T13:03:34+00:00\",\"description\":\"Bullpadel Ionic Power 24, la pala con forma de diamante con la que juega Alex Arroyo en la temporada 2024. Con n\u00facleo de MultiEVA.\",\"breadcrumb\":{\"@id\":\"https:\\\/\\\/revolutionpadelstore.com\\\/pt-pt\\\/produto\\\/bullpadel-ionic-power-24-5\\\/#breadcrumb\"},\"inLanguage\":\"pt-PT\",\"potentialAction\":[{\"@type\":\"ReadAction\",\"target\":[\"https:\\\/\\\/revolutionpadelstore.com\\\/pt-pt\\\/produto\\\/bullpadel-ionic-power-24-5\\\/\"]}]},{\"@type\":\"ImageObject\",\"inLanguage\":\"pt-PT\",\"@id\":\"https:\\\/\\\/revolutionpadelstore.com\\\/pt-pt\\\/produto\\\/bullpadel-ionic-power-24-5\\\/#primaryimage\",\"url\":\"https:\\\/\\\/revolutionpadelstore.com\\\/wp-content\\\/uploads\\\/2024\\\/03\\\/110913_pala_bullpadel_ionic_power_24_471612_1500x1500_1_96a6.webp\",\"contentUrl\":\"https:\\\/\\\/revolutionpadelstore.com\\\/wp-content\\\/uploads\\\/2024\\\/03\\\/110913_pala_bullpadel_ionic_power_24_471612_1500x1500_1_96a6.webp\",\"width\":1500,\"height\":1500},{\"@type\":\"BreadcrumbList\",\"@id\":\"https:\\\/\\\/revolutionpadelstore.com\\\/pt-pt\\\/produto\\\/bullpadel-ionic-power-24-5\\\/#breadcrumb\",\"itemListElement\":[{\"@type\":\"ListItem\",\"position\":1,\"name\":\"Portada\",\"item\":\"https:\\\/\\\/revolutionpadelstore.com\\\/pt-pt\\\/\"},{\"@type\":\"ListItem\",\"position\":2,\"name\":\"Tienda\",\"item\":\"https:\\\/\\\/revolutionpadelstore.com\\\/pt-pt\\\/tienda\\\/\"},{\"@type\":\"ListItem\",\"position\":3,\"name\":\"BULLPADEL IONIC POWER 24\"}]},{\"@type\":\"WebSite\",\"@id\":\"https:\\\/\\\/revolutionpadelstore.com\\\/pt-pt\\\/#website\",\"url\":\"https:\\\/\\\/revolutionpadelstore.com\\\/pt-pt\\\/\",\"name\":\"Revolution Padel Store\",\"description\":\"\",\"publisher\":{\"@id\":\"https:\\\/\\\/revolutionpadelstore.com\\\/pt-pt\\\/#organization\"},\"potentialAction\":[{\"@type\":\"SearchAction\",\"target\":{\"@type\":\"EntryPoint\",\"urlTemplate\":\"https:\\\/\\\/revolutionpadelstore.com\\\/pt-pt\\\/?s={search_term_string}\"},\"query-input\":{\"@type\":\"PropertyValueSpecification\",\"valueRequired\":true,\"valueName\":\"search_term_string\"}}],\"inLanguage\":\"pt-PT\"},{\"@type\":\"Organization\",\"@id\":\"https:\\\/\\\/revolutionpadelstore.com\\\/pt-pt\\\/#organization\",\"name\":\"Revolution Padel Store\",\"url\":\"https:\\\/\\\/revolutionpadelstore.com\\\/pt-pt\\\/\",\"logo\":{\"@type\":\"ImageObject\",\"inLanguage\":\"pt-PT\",\"@id\":\"https:\\\/\\\/revolutionpadelstore.com\\\/pt-pt\\\/#\\\/schema\\\/logo\\\/image\\\/\",\"url\":\"https:\\\/\\\/revolutionpadelstore.com\\\/wp-content\\\/uploads\\\/2026\\\/02\\\/revolution-padel-store.jpg\",\"contentUrl\":\"https:\\\/\\\/revolutionpadelstore.com\\\/wp-content\\\/uploads\\\/2026\\\/02\\\/revolution-padel-store.jpg\",\"width\":2000,\"height\":2000,\"caption\":\"Revolution Padel Store\"},\"image\":{\"@id\":\"https:\\\/\\\/revolutionpadelstore.com\\\/pt-pt\\\/#\\\/schema\\\/logo\\\/image\\\/\"},\"sameAs\":[\"https:\\\/\\\/www.instagram.com\\\/revolutionpadelstore\\\/\"]}]}<\/script>\n<!-- \/ Yoast SEO plugin. -->","yoast_head_json":{"title":"BULLPADEL IONIC POWER 24 - Revolution Padel Store","description":"Bullpadel Ionic Power 24, la pala con forma de diamante con la que juega Alex Arroyo en la temporada 2024. Con n\u00facleo de MultiEVA.","robots":{"index":"index","follow":"follow","max-snippet":"max-snippet:-1","max-image-preview":"max-image-preview:large","max-video-preview":"max-video-preview:-1"},"canonical":"https:\/\/revolutionpadelstore.com\/pt-pt\/produto\/bullpadel-ionic-power-24-5\/","og_locale":"pt_PT","og_type":"article","og_title":"BULLPADEL IONIC POWER 24 - Revolution Padel Store","og_description":"Bullpadel Ionic Power 24, la pala con forma de diamante con la que juega Alex Arroyo en la temporada 2024. Con n\u00facleo de MultiEVA.","og_url":"https:\/\/revolutionpadelstore.com\/pt-pt\/produto\/bullpadel-ionic-power-24-5\/","og_site_name":"Revolution Padel Store","article_modified_time":"2026-04-08T13:03:34+00:00","og_image":[{"width":1500,"height":1500,"url":"https:\/\/revolutionpadelstore.com\/wp-content\/uploads\/2024\/03\/110913_pala_bullpadel_ionic_power_24_471612_1500x1500_1_96a6.webp","type":"image\/webp"}],"twitter_card":"summary_large_image","twitter_misc":{"Tempo estimado de leitura":"2 minutos"},"schema":{"@context":"https:\/\/schema.org","@graph":[{"@type":"WebPage","@id":"https:\/\/revolutionpadelstore.com\/pt-pt\/produto\/bullpadel-ionic-power-24-5\/","url":"https:\/\/revolutionpadelstore.com\/pt-pt\/produto\/bullpadel-ionic-power-24-5\/","name":"BULLPADEL IONIC POWER 24 - Revolution Padel Store","isPartOf":{"@id":"https:\/\/revolutionpadelstore.com\/pt-pt\/#website"},"primaryImageOfPage":{"@id":"https:\/\/revolutionpadelstore.com\/pt-pt\/produto\/bullpadel-ionic-power-24-5\/#primaryimage"},"image":{"@id":"https:\/\/revolutionpadelstore.com\/pt-pt\/produto\/bullpadel-ionic-power-24-5\/#primaryimage"},"thumbnailUrl":"https:\/\/revolutionpadelstore.com\/wp-content\/uploads\/2024\/03\/110913_pala_bullpadel_ionic_power_24_471612_1500x1500_1_96a6.webp","datePublished":"2024-03-14T17:49:36+00:00","dateModified":"2026-04-08T13:03:34+00:00","description":"Bullpadel Ionic Power 24, la pala con forma de diamante con la que juega Alex Arroyo en la temporada 2024. Con n\u00facleo de MultiEVA.","breadcrumb":{"@id":"https:\/\/revolutionpadelstore.com\/pt-pt\/produto\/bullpadel-ionic-power-24-5\/#breadcrumb"},"inLanguage":"pt-PT","potentialAction":[{"@type":"ReadAction","target":["https:\/\/revolutionpadelstore.com\/pt-pt\/produto\/bullpadel-ionic-power-24-5\/"]}]},{"@type":"ImageObject","inLanguage":"pt-PT","@id":"https:\/\/revolutionpadelstore.com\/pt-pt\/produto\/bullpadel-ionic-power-24-5\/#primaryimage","url":"https:\/\/revolutionpadelstore.com\/wp-content\/uploads\/2024\/03\/110913_pala_bullpadel_ionic_power_24_471612_1500x1500_1_96a6.webp","contentUrl":"https:\/\/revolutionpadelstore.com\/wp-content\/uploads\/2024\/03\/110913_pala_bullpadel_ionic_power_24_471612_1500x1500_1_96a6.webp","width":1500,"height":1500},{"@type":"BreadcrumbList","@id":"https:\/\/revolutionpadelstore.com\/pt-pt\/produto\/bullpadel-ionic-power-24-5\/#breadcrumb","itemListElement":[{"@type":"ListItem","position":1,"name":"Portada","item":"https:\/\/revolutionpadelstore.com\/pt-pt\/"},{"@type":"ListItem","position":2,"name":"Tienda","item":"https:\/\/revolutionpadelstore.com\/pt-pt\/tienda\/"},{"@type":"ListItem","position":3,"name":"BULLPADEL IONIC POWER 24"}]},{"@type":"WebSite","@id":"https:\/\/revolutionpadelstore.com\/pt-pt\/#website","url":"https:\/\/revolutionpadelstore.com\/pt-pt\/","name":"Revolution Padel Store","description":"","publisher":{"@id":"https:\/\/revolutionpadelstore.com\/pt-pt\/#organization"},"potentialAction":[{"@type":"SearchAction","target":{"@type":"EntryPoint","urlTemplate":"https:\/\/revolutionpadelstore.com\/pt-pt\/?s={search_term_string}"},"query-input":{"@type":"PropertyValueSpecification","valueRequired":true,"valueName":"search_term_string"}}],"inLanguage":"pt-PT"},{"@type":"Organization","@id":"https:\/\/revolutionpadelstore.com\/pt-pt\/#organization","name":"Revolution Padel Store","url":"https:\/\/revolutionpadelstore.com\/pt-pt\/","logo":{"@type":"ImageObject","inLanguage":"pt-PT","@id":"https:\/\/revolutionpadelstore.com\/pt-pt\/#\/schema\/logo\/image\/","url":"https:\/\/revolutionpadelstore.com\/wp-content\/uploads\/2026\/02\/revolution-padel-store.jpg","contentUrl":"https:\/\/revolutionpadelstore.com\/wp-content\/uploads\/2026\/02\/revolution-padel-store.jpg","width":2000,"height":2000,"caption":"Revolution Padel Store"},"image":{"@id":"https:\/\/revolutionpadelstore.com\/pt-pt\/#\/schema\/logo\/image\/"},"sameAs":["https:\/\/www.instagram.com\/revolutionpadelstore\/"]}]}},"_links":{"self":[{"href":"https:\/\/revolutionpadelstore.com\/pt-pt\/wp-json\/wp\/v2\/product\/20403","targetHints":{"allow":["GET"]}}],"collection":[{"href":"https:\/\/revolutionpadelstore.com\/pt-pt\/wp-json\/wp\/v2\/product"}],"about":[{"href":"https:\/\/revolutionpadelstore.com\/pt-pt\/wp-json\/wp\/v2\/types\/product"}],"replies":[{"embeddable":true,"href":"https:\/\/revolutionpadelstore.com\/pt-pt\/wp-json\/wp\/v2\/comments?post=20403"}],"wp:featuredmedia":[{"embeddable":true,"href":"https:\/\/revolutionpadelstore.com\/pt-pt\/wp-json\/wp\/v2\/media\/52450"}],"wp:attachment":[{"href":"https:\/\/revolutionpadelstore.com\/pt-pt\/wp-json\/wp\/v2\/media?parent=20403"}],"wp:term":[{"taxonomy":"acabado","embeddable":true,"href":"https:\/\/revolutionpadelstore.com\/pt-pt\/wp-json\/wp\/v2\/acabado?post=20403"},{"taxonomy":"balance","embeddable":true,"href":"https:\/\/revolutionpadelstore.com\/pt-pt\/wp-json\/wp\/v2\/balance?post=20403"},{"taxonomy":"dureza","embeddable":true,"href":"https:\/\/revolutionpadelstore.com\/pt-pt\/wp-json\/wp\/v2\/dureza?post=20403"},{"taxonomy":"forma","embeddable":true,"href":"https:\/\/revolutionpadelstore.com\/pt-pt\/wp-json\/wp\/v2\/forma?post=20403"},{"taxonomy":"jugador","embeddable":true,"href":"https:\/\/revolutionpadelstore.com\/pt-pt\/wp-json\/wp\/v2\/jugador?post=20403"},{"taxonomy":"marca","embeddable":true,"href":"https:\/\/revolutionpadelstore.com\/pt-pt\/wp-json\/wp\/v2\/marca?post=20403"},{"taxonomy":"nivel-de-juego","embeddable":true,"href":"https:\/\/revolutionpadelstore.com\/pt-pt\/wp-json\/wp\/v2\/nivel-de-juego?post=20403"},{"taxonomy":"superficie","embeddable":true,"href":"https:\/\/revolutionpadelstore.com\/pt-pt\/wp-json\/wp\/v2\/superficie?post=20403"},{"taxonomy":"tipo-de-juego","embeddable":true,"href":"https:\/\/revolutionpadelstore.com\/pt-pt\/wp-json\/wp\/v2\/tipo-de-juego?post=20403"},{"taxonomy":"product_brand","embeddable":true,"href":"https:\/\/revolutionpadelstore.com\/pt-pt\/wp-json\/wp\/v2\/product_brand?post=20403"},{"taxonomy":"product_cat","embeddable":true,"href":"https:\/\/revolutionpadelstore.com\/pt-pt\/wp-json\/wp\/v2\/product_cat?post=20403"},{"taxonomy":"product_tag","embeddable":true,"href":"https:\/\/revolutionpadelstore.com\/pt-pt\/wp-json\/wp\/v2\/product_tag?post=20403"}],"curies":[{"name":"wp","href":"https:\/\/api.w.org\/{rel}","templated":true}]}}