{"id":20378,"date":"2024-03-15T12:43:24","date_gmt":"2024-03-15T11:43:24","guid":{"rendered":"https:\/\/revolutionpadelstore.com\/head-radical-pro-2024\/"},"modified":"2026-04-08T15:02:57","modified_gmt":"2026-04-08T13:02:57","slug":"head-radical-pro-2024-5","status":"publish","type":"product","link":"https:\/\/revolutionpadelstore.com\/pt-pt\/produto\/head-radical-pro-2024-5\/","title":{"rendered":"HEAD RADICAL PRO 2024"},"content":{"rendered":"<h2>Head Radical Pro, excelente ataque e defesa<\/h2>\n<p>A nova <strong>Head Radical Pro<\/strong> \u00e9 uma raquete de padel que foi projetada especificamente para jogadores estrat\u00e9gicos que buscam controlar o jogo e que gostam de fazer voleios, pequenos chutes e bandejas.<\/p>\n<p>Se focarmos no seu formato, destaca-se o seu molde em forma de l\u00e1grima com um ponto ideal no centro, por isso oferece um manuseio muito equilibrado e uma pot\u00eancia controlada. Este formato permite exercer um efeito de alavanca para adicionar pot\u00eancia aos seus golpes sem perder o controle e a precis\u00e3o.<\/p>\n<p>Al\u00e9m disso, possui o <strong><em>Optimized Sweet Spot<\/em><\/strong>, que adapta o padr\u00e3o de perfura\u00e7\u00e3o para obter maior pot\u00eancia e controle. Tem um peso de 370 gramas.<\/p>\n<h2>Absor\u00e7\u00e3o de vibra\u00e7\u00e3o<\/h2>\n<p>Por outro lado, os planos desta raquete Head Radical s\u00e3o feitos de <strong>Carbono 3K<\/strong>, um material r\u00edgido e resistente de alta qualidade que lhe d\u00e1 precis\u00e3o na batida para desfrutar de uma sensa\u00e7\u00e3o de bola mais controlada e direta. .<\/p>\n<p>No n\u00facleo interno encontramos a borracha <strong><em>Control Foam<\/em><\/strong>, \u00e9 uma espuma que proporciona grande conforto ao reduzir as vibra\u00e7\u00f5es ap\u00f3s o impacto da bola e, ao mesmo tempo, aumenta o n\u00edvel de pot\u00eancia ao bater.<\/p>\n<p>O quadro inclui o <strong><em>Smart Bridge<\/em><\/strong>, que \u00e9 respons\u00e1vel por adaptar a \u00e1rea da ponte dependendo das necessidades da l\u00e2mina. J\u00e1, devido ao Tailored Tube, cada se\u00e7\u00e3o foi constru\u00edda individualmente com o objetivo de melhorar o desempenho da raquete.<\/p>\n<h3>Design moderno, poderoso e impressionante<\/h3>\n<p>Em termos de desempenho, o <strong>Head Radical Pro<\/strong> incorpora a tecnologia <strong><em>Auxetic<\/em><\/strong>, que consiste em uma constru\u00e7\u00e3o localizada na ponte desta raquete e que oferece uma incr\u00edvel sensa\u00e7\u00e3o de impacto, maior feedback e enorme confian\u00e7a em cada golpe.<\/p>\n<p>Da mesma forma, o<strong>Soft Butt Cap<\/strong>consegue proporcionar uma sensa\u00e7\u00e3o de jogo muito mais suave e amortecida, reduzindo as vibra\u00e7\u00f5es ap\u00f3s o impacto.<\/p>\n<h2>Head Radical Pro, ataque y defensa sobresalientes<\/h2>\n","protected":false},"excerpt":{"rendered":"<p>Raquete Head Radical Pro para jogadores de n\u00edvel avan\u00e7ado ou profissional que procuram controle e pot\u00eancia. N\u00facleo de espuma de controle e planos de carbono 3K. Com tecnologia Auxetic, Smart Bridge e Sweet Spot otimizado.<\/p>\n","protected":false},"featured_media":52353,"comment_status":"open","ping_status":"closed","template":"","meta":{"_acf_changed":false,"_joinchat":[]},"acabado":[],"balance":[1140],"dureza":[1155],"forma":[1185],"jugador":[1190,1200],"marca":[1220],"nivel-de-juego":[1345],"superficie":[1355],"tipo-de-juego":[1385],"product_brand":[],"product_cat":[300],"product_tag":[],"class_list":{"0":"post-20378","1":"product","2":"type-product","3":"status-publish","4":"has-post-thumbnail","6":"balance-medio-pt-pt","7":"dureza-media-pt-pt","8":"forma-lagrima-pt-pt","9":"jugador-homem","10":"jugador-polivalente-pt-pt","11":"marca-cabeca","12":"superficie-lisa-pt-pt","13":"tipo-de-juego-polivalente-pt-pt","14":"product_cat-palas","16":"first","17":"instock","18":"sale","19":"taxable","20":"shipping-taxable","21":"purchasable","22":"product-type-simple"},"acf":[],"yoast_head":"<!-- This site is optimized with the Yoast SEO plugin v27.4 - https:\/\/yoast.com\/product\/yoast-seo-wordpress\/ -->\n<title>HEAD RADICAL PRO 2024 - Revolution Padel Store<\/title>\n<meta name=\"description\" content=\"Pala Head Radical Pro para jugadores de nivel avanzado o profesional que buscan control y potencia. N\u00facleo de Control Foam y planos de Carbon 3K. Con tecnolog\u00eda Auxetic, Smart Bridge y Optimized Sweet Spot.\" \/>\n<meta name=\"robots\" content=\"index, follow, max-snippet:-1, max-image-preview:large, max-video-preview:-1\" \/>\n<link rel=\"canonical\" href=\"https:\/\/revolutionpadelstore.com\/pt-pt\/produto\/head-radical-pro-2024-5\/\" \/>\n<meta property=\"og:locale\" content=\"pt_PT\" \/>\n<meta property=\"og:type\" content=\"article\" \/>\n<meta property=\"og:title\" content=\"HEAD RADICAL PRO 2024 - Revolution Padel Store\" \/>\n<meta property=\"og:description\" content=\"Pala Head Radical Pro para jugadores de nivel avanzado o profesional que buscan control y potencia. N\u00facleo de Control Foam y planos de Carbon 3K. Con tecnolog\u00eda Auxetic, Smart Bridge y Optimized Sweet Spot.\" \/>\n<meta property=\"og:url\" content=\"https:\/\/revolutionpadelstore.com\/pt-pt\/produto\/head-radical-pro-2024-5\/\" \/>\n<meta property=\"og:site_name\" content=\"Revolution Padel Store\" \/>\n<meta property=\"article:modified_time\" content=\"2026-04-08T13:02:57+00:00\" \/>\n<meta property=\"og:image\" content=\"https:\/\/revolutionpadelstore.com\/wp-content\/uploads\/2024\/03\/111513_pala_head_radical_pro_2024_222034_1500x1500_1_748c.webp\" \/>\n\t<meta property=\"og:image:width\" content=\"1500\" \/>\n\t<meta property=\"og:image:height\" content=\"1500\" \/>\n\t<meta property=\"og:image:type\" content=\"image\/webp\" \/>\n<meta name=\"twitter:card\" content=\"summary_large_image\" \/>\n<meta name=\"twitter:label1\" content=\"Tempo estimado de leitura\" \/>\n\t<meta name=\"twitter:data1\" content=\"2 minutos\" \/>\n<script type=\"application\/ld+json\" class=\"yoast-schema-graph\">{\"@context\":\"https:\\\/\\\/schema.org\",\"@graph\":[{\"@type\":\"WebPage\",\"@id\":\"https:\\\/\\\/revolutionpadelstore.com\\\/pt-pt\\\/produto\\\/head-radical-pro-2024-5\\\/\",\"url\":\"https:\\\/\\\/revolutionpadelstore.com\\\/pt-pt\\\/produto\\\/head-radical-pro-2024-5\\\/\",\"name\":\"HEAD RADICAL PRO 2024 - Revolution Padel Store\",\"isPartOf\":{\"@id\":\"https:\\\/\\\/revolutionpadelstore.com\\\/pt-pt\\\/#website\"},\"primaryImageOfPage\":{\"@id\":\"https:\\\/\\\/revolutionpadelstore.com\\\/pt-pt\\\/produto\\\/head-radical-pro-2024-5\\\/#primaryimage\"},\"image\":{\"@id\":\"https:\\\/\\\/revolutionpadelstore.com\\\/pt-pt\\\/produto\\\/head-radical-pro-2024-5\\\/#primaryimage\"},\"thumbnailUrl\":\"https:\\\/\\\/revolutionpadelstore.com\\\/wp-content\\\/uploads\\\/2024\\\/03\\\/111513_pala_head_radical_pro_2024_222034_1500x1500_1_748c.webp\",\"datePublished\":\"2024-03-15T11:43:24+00:00\",\"dateModified\":\"2026-04-08T13:02:57+00:00\",\"description\":\"Pala Head Radical Pro para jugadores de nivel avanzado o profesional que buscan control y potencia. N\u00facleo de Control Foam y planos de Carbon 3K. Con tecnolog\u00eda Auxetic, Smart Bridge y Optimized Sweet Spot.\",\"breadcrumb\":{\"@id\":\"https:\\\/\\\/revolutionpadelstore.com\\\/pt-pt\\\/produto\\\/head-radical-pro-2024-5\\\/#breadcrumb\"},\"inLanguage\":\"pt-PT\",\"potentialAction\":[{\"@type\":\"ReadAction\",\"target\":[\"https:\\\/\\\/revolutionpadelstore.com\\\/pt-pt\\\/produto\\\/head-radical-pro-2024-5\\\/\"]}]},{\"@type\":\"ImageObject\",\"inLanguage\":\"pt-PT\",\"@id\":\"https:\\\/\\\/revolutionpadelstore.com\\\/pt-pt\\\/produto\\\/head-radical-pro-2024-5\\\/#primaryimage\",\"url\":\"https:\\\/\\\/revolutionpadelstore.com\\\/wp-content\\\/uploads\\\/2024\\\/03\\\/111513_pala_head_radical_pro_2024_222034_1500x1500_1_748c.webp\",\"contentUrl\":\"https:\\\/\\\/revolutionpadelstore.com\\\/wp-content\\\/uploads\\\/2024\\\/03\\\/111513_pala_head_radical_pro_2024_222034_1500x1500_1_748c.webp\",\"width\":1500,\"height\":1500},{\"@type\":\"BreadcrumbList\",\"@id\":\"https:\\\/\\\/revolutionpadelstore.com\\\/pt-pt\\\/produto\\\/head-radical-pro-2024-5\\\/#breadcrumb\",\"itemListElement\":[{\"@type\":\"ListItem\",\"position\":1,\"name\":\"Portada\",\"item\":\"https:\\\/\\\/revolutionpadelstore.com\\\/pt-pt\\\/\"},{\"@type\":\"ListItem\",\"position\":2,\"name\":\"Tienda\",\"item\":\"https:\\\/\\\/revolutionpadelstore.com\\\/pt-pt\\\/tienda\\\/\"},{\"@type\":\"ListItem\",\"position\":3,\"name\":\"HEAD RADICAL PRO 2024\"}]},{\"@type\":\"WebSite\",\"@id\":\"https:\\\/\\\/revolutionpadelstore.com\\\/pt-pt\\\/#website\",\"url\":\"https:\\\/\\\/revolutionpadelstore.com\\\/pt-pt\\\/\",\"name\":\"Revolution Padel Store\",\"description\":\"\",\"publisher\":{\"@id\":\"https:\\\/\\\/revolutionpadelstore.com\\\/pt-pt\\\/#organization\"},\"potentialAction\":[{\"@type\":\"SearchAction\",\"target\":{\"@type\":\"EntryPoint\",\"urlTemplate\":\"https:\\\/\\\/revolutionpadelstore.com\\\/pt-pt\\\/?s={search_term_string}\"},\"query-input\":{\"@type\":\"PropertyValueSpecification\",\"valueRequired\":true,\"valueName\":\"search_term_string\"}}],\"inLanguage\":\"pt-PT\"},{\"@type\":\"Organization\",\"@id\":\"https:\\\/\\\/revolutionpadelstore.com\\\/pt-pt\\\/#organization\",\"name\":\"Revolution Padel Store\",\"url\":\"https:\\\/\\\/revolutionpadelstore.com\\\/pt-pt\\\/\",\"logo\":{\"@type\":\"ImageObject\",\"inLanguage\":\"pt-PT\",\"@id\":\"https:\\\/\\\/revolutionpadelstore.com\\\/pt-pt\\\/#\\\/schema\\\/logo\\\/image\\\/\",\"url\":\"https:\\\/\\\/revolutionpadelstore.com\\\/wp-content\\\/uploads\\\/2026\\\/02\\\/revolution-padel-store.jpg\",\"contentUrl\":\"https:\\\/\\\/revolutionpadelstore.com\\\/wp-content\\\/uploads\\\/2026\\\/02\\\/revolution-padel-store.jpg\",\"width\":2000,\"height\":2000,\"caption\":\"Revolution Padel Store\"},\"image\":{\"@id\":\"https:\\\/\\\/revolutionpadelstore.com\\\/pt-pt\\\/#\\\/schema\\\/logo\\\/image\\\/\"},\"sameAs\":[\"https:\\\/\\\/www.instagram.com\\\/revolutionpadelstore\\\/\"]}]}<\/script>\n<!-- \/ Yoast SEO plugin. -->","yoast_head_json":{"title":"HEAD RADICAL PRO 2024 - Revolution Padel Store","description":"Pala Head Radical Pro para jugadores de nivel avanzado o profesional que buscan control y potencia. N\u00facleo de Control Foam y planos de Carbon 3K. Con tecnolog\u00eda Auxetic, Smart Bridge y Optimized Sweet Spot.","robots":{"index":"index","follow":"follow","max-snippet":"max-snippet:-1","max-image-preview":"max-image-preview:large","max-video-preview":"max-video-preview:-1"},"canonical":"https:\/\/revolutionpadelstore.com\/pt-pt\/produto\/head-radical-pro-2024-5\/","og_locale":"pt_PT","og_type":"article","og_title":"HEAD RADICAL PRO 2024 - Revolution Padel Store","og_description":"Pala Head Radical Pro para jugadores de nivel avanzado o profesional que buscan control y potencia. N\u00facleo de Control Foam y planos de Carbon 3K. Con tecnolog\u00eda Auxetic, Smart Bridge y Optimized Sweet Spot.","og_url":"https:\/\/revolutionpadelstore.com\/pt-pt\/produto\/head-radical-pro-2024-5\/","og_site_name":"Revolution Padel Store","article_modified_time":"2026-04-08T13:02:57+00:00","og_image":[{"width":1500,"height":1500,"url":"https:\/\/revolutionpadelstore.com\/wp-content\/uploads\/2024\/03\/111513_pala_head_radical_pro_2024_222034_1500x1500_1_748c.webp","type":"image\/webp"}],"twitter_card":"summary_large_image","twitter_misc":{"Tempo estimado de leitura":"2 minutos"},"schema":{"@context":"https:\/\/schema.org","@graph":[{"@type":"WebPage","@id":"https:\/\/revolutionpadelstore.com\/pt-pt\/produto\/head-radical-pro-2024-5\/","url":"https:\/\/revolutionpadelstore.com\/pt-pt\/produto\/head-radical-pro-2024-5\/","name":"HEAD RADICAL PRO 2024 - Revolution Padel Store","isPartOf":{"@id":"https:\/\/revolutionpadelstore.com\/pt-pt\/#website"},"primaryImageOfPage":{"@id":"https:\/\/revolutionpadelstore.com\/pt-pt\/produto\/head-radical-pro-2024-5\/#primaryimage"},"image":{"@id":"https:\/\/revolutionpadelstore.com\/pt-pt\/produto\/head-radical-pro-2024-5\/#primaryimage"},"thumbnailUrl":"https:\/\/revolutionpadelstore.com\/wp-content\/uploads\/2024\/03\/111513_pala_head_radical_pro_2024_222034_1500x1500_1_748c.webp","datePublished":"2024-03-15T11:43:24+00:00","dateModified":"2026-04-08T13:02:57+00:00","description":"Pala Head Radical Pro para jugadores de nivel avanzado o profesional que buscan control y potencia. N\u00facleo de Control Foam y planos de Carbon 3K. Con tecnolog\u00eda Auxetic, Smart Bridge y Optimized Sweet Spot.","breadcrumb":{"@id":"https:\/\/revolutionpadelstore.com\/pt-pt\/produto\/head-radical-pro-2024-5\/#breadcrumb"},"inLanguage":"pt-PT","potentialAction":[{"@type":"ReadAction","target":["https:\/\/revolutionpadelstore.com\/pt-pt\/produto\/head-radical-pro-2024-5\/"]}]},{"@type":"ImageObject","inLanguage":"pt-PT","@id":"https:\/\/revolutionpadelstore.com\/pt-pt\/produto\/head-radical-pro-2024-5\/#primaryimage","url":"https:\/\/revolutionpadelstore.com\/wp-content\/uploads\/2024\/03\/111513_pala_head_radical_pro_2024_222034_1500x1500_1_748c.webp","contentUrl":"https:\/\/revolutionpadelstore.com\/wp-content\/uploads\/2024\/03\/111513_pala_head_radical_pro_2024_222034_1500x1500_1_748c.webp","width":1500,"height":1500},{"@type":"BreadcrumbList","@id":"https:\/\/revolutionpadelstore.com\/pt-pt\/produto\/head-radical-pro-2024-5\/#breadcrumb","itemListElement":[{"@type":"ListItem","position":1,"name":"Portada","item":"https:\/\/revolutionpadelstore.com\/pt-pt\/"},{"@type":"ListItem","position":2,"name":"Tienda","item":"https:\/\/revolutionpadelstore.com\/pt-pt\/tienda\/"},{"@type":"ListItem","position":3,"name":"HEAD RADICAL PRO 2024"}]},{"@type":"WebSite","@id":"https:\/\/revolutionpadelstore.com\/pt-pt\/#website","url":"https:\/\/revolutionpadelstore.com\/pt-pt\/","name":"Revolution Padel Store","description":"","publisher":{"@id":"https:\/\/revolutionpadelstore.com\/pt-pt\/#organization"},"potentialAction":[{"@type":"SearchAction","target":{"@type":"EntryPoint","urlTemplate":"https:\/\/revolutionpadelstore.com\/pt-pt\/?s={search_term_string}"},"query-input":{"@type":"PropertyValueSpecification","valueRequired":true,"valueName":"search_term_string"}}],"inLanguage":"pt-PT"},{"@type":"Organization","@id":"https:\/\/revolutionpadelstore.com\/pt-pt\/#organization","name":"Revolution Padel Store","url":"https:\/\/revolutionpadelstore.com\/pt-pt\/","logo":{"@type":"ImageObject","inLanguage":"pt-PT","@id":"https:\/\/revolutionpadelstore.com\/pt-pt\/#\/schema\/logo\/image\/","url":"https:\/\/revolutionpadelstore.com\/wp-content\/uploads\/2026\/02\/revolution-padel-store.jpg","contentUrl":"https:\/\/revolutionpadelstore.com\/wp-content\/uploads\/2026\/02\/revolution-padel-store.jpg","width":2000,"height":2000,"caption":"Revolution Padel Store"},"image":{"@id":"https:\/\/revolutionpadelstore.com\/pt-pt\/#\/schema\/logo\/image\/"},"sameAs":["https:\/\/www.instagram.com\/revolutionpadelstore\/"]}]}},"_links":{"self":[{"href":"https:\/\/revolutionpadelstore.com\/pt-pt\/wp-json\/wp\/v2\/product\/20378","targetHints":{"allow":["GET"]}}],"collection":[{"href":"https:\/\/revolutionpadelstore.com\/pt-pt\/wp-json\/wp\/v2\/product"}],"about":[{"href":"https:\/\/revolutionpadelstore.com\/pt-pt\/wp-json\/wp\/v2\/types\/product"}],"replies":[{"embeddable":true,"href":"https:\/\/revolutionpadelstore.com\/pt-pt\/wp-json\/wp\/v2\/comments?post=20378"}],"wp:featuredmedia":[{"embeddable":true,"href":"https:\/\/revolutionpadelstore.com\/pt-pt\/wp-json\/wp\/v2\/media\/52353"}],"wp:attachment":[{"href":"https:\/\/revolutionpadelstore.com\/pt-pt\/wp-json\/wp\/v2\/media?parent=20378"}],"wp:term":[{"taxonomy":"acabado","embeddable":true,"href":"https:\/\/revolutionpadelstore.com\/pt-pt\/wp-json\/wp\/v2\/acabado?post=20378"},{"taxonomy":"balance","embeddable":true,"href":"https:\/\/revolutionpadelstore.com\/pt-pt\/wp-json\/wp\/v2\/balance?post=20378"},{"taxonomy":"dureza","embeddable":true,"href":"https:\/\/revolutionpadelstore.com\/pt-pt\/wp-json\/wp\/v2\/dureza?post=20378"},{"taxonomy":"forma","embeddable":true,"href":"https:\/\/revolutionpadelstore.com\/pt-pt\/wp-json\/wp\/v2\/forma?post=20378"},{"taxonomy":"jugador","embeddable":true,"href":"https:\/\/revolutionpadelstore.com\/pt-pt\/wp-json\/wp\/v2\/jugador?post=20378"},{"taxonomy":"marca","embeddable":true,"href":"https:\/\/revolutionpadelstore.com\/pt-pt\/wp-json\/wp\/v2\/marca?post=20378"},{"taxonomy":"nivel-de-juego","embeddable":true,"href":"https:\/\/revolutionpadelstore.com\/pt-pt\/wp-json\/wp\/v2\/nivel-de-juego?post=20378"},{"taxonomy":"superficie","embeddable":true,"href":"https:\/\/revolutionpadelstore.com\/pt-pt\/wp-json\/wp\/v2\/superficie?post=20378"},{"taxonomy":"tipo-de-juego","embeddable":true,"href":"https:\/\/revolutionpadelstore.com\/pt-pt\/wp-json\/wp\/v2\/tipo-de-juego?post=20378"},{"taxonomy":"product_brand","embeddable":true,"href":"https:\/\/revolutionpadelstore.com\/pt-pt\/wp-json\/wp\/v2\/product_brand?post=20378"},{"taxonomy":"product_cat","embeddable":true,"href":"https:\/\/revolutionpadelstore.com\/pt-pt\/wp-json\/wp\/v2\/product_cat?post=20378"},{"taxonomy":"product_tag","embeddable":true,"href":"https:\/\/revolutionpadelstore.com\/pt-pt\/wp-json\/wp\/v2\/product_tag?post=20378"}],"curies":[{"name":"wp","href":"https:\/\/api.w.org\/{rel}","templated":true}]}}