{"id":20373,"date":"2024-03-15T12:47:15","date_gmt":"2024-03-15T11:47:15","guid":{"rendered":"https:\/\/revolutionpadelstore.com\/head-radical-motion-2024\/"},"modified":"2026-04-08T15:02:24","modified_gmt":"2026-04-08T13:02:24","slug":"head-radical-motion-2024-5","status":"publish","type":"product","link":"https:\/\/revolutionpadelstore.com\/pt-pt\/produto\/head-radical-motion-2024-5\/","title":{"rendered":"HEAD RADICAL MOTION 2024"},"content":{"rendered":"<h2>Head Radical Motion 2024, sentimento de confian\u00e7a<\/h2>\n<p>Se voc\u00ea \u00e9 um jogador de padel comprometido e ambicioso, com um n\u00edvel de jogo <strong>intermedi\u00e1rio ou avan\u00e7ado<\/strong> e que busca um equil\u00edbrio perfeito entre pot\u00eancia e controle em cada partida ou treino, o <strong>Head Radical Motion 2024<\/strong> forte&gt; \u00e9 a raquete de padel ideal para voc\u00ea.<\/p>\n<p>Com seu <strong>formato de l\u00e1grima com ponto ideal intermedi\u00e1rio<\/strong>, esta raquete Bullpadel oferece maior pot\u00eancia de rebatida e melhor controle. Permite um \u00f3timo manuseio na rede, para que voc\u00ea se destaque em chutes como o voleio, o chute ou a bandeja.<\/p>\n<p>Seu peso reduzido de <strong>355 gramas<\/strong> favorece o f\u00e1cil manuseio em todos os momentos e uma redu\u00e7\u00e3o consider\u00e1vel do cansa\u00e7o do jogador em partidas longas e da possibilidade de sofrer les\u00f5es articulares.<\/p>\n<h2>Versatilidade no jogo<\/h2>\n<p>Quanto \u00e0 sua constru\u00e7\u00e3o, vale ressaltar que o n\u00facleo <em><strong>Control Foam <\/strong><\/em> proporciona maior controle sobre a dire\u00e7\u00e3o e precis\u00e3o dos golpes, para que voc\u00ea possa posicionar a bola onde quiser. . Al\u00e9m disso, as vibra\u00e7\u00f5es s\u00e3o reduzidas e permitem maior adaptabilidade.<\/p>\n<p>Os avi\u00f5es s\u00e3o confeccionados em <strong>3K Carbon<\/strong>, o que agrega maior rigidez, durabilidade e resist\u00eancia \u00e0 raquete. A sensa\u00e7\u00e3o durante a batida ser\u00e1 s\u00f3lida e consistente. Al\u00e9m disso, favorece a ader\u00eancia da bola para conseguir um maior efeito ao acert\u00e1-la.<\/p>\n<h3>\u00d3timo desempenho<\/h3>\n<p>Por outro lado, este modelo est\u00e1 muito bem equipado em termos de tecnologia, pois incorpora o sistema <strong>Auxetic<\/em><\/strong>, que aumenta a sensa\u00e7\u00e3o de confian\u00e7a e consegue maior capacidade de resposta.<\/p>\n<p>Tamb\u00e9m inclui a tecnologia <strong><em>Soft Butt Cap,<\/em><\/strong> que \u00e9 respons\u00e1vel por reduzir as vibra\u00e7\u00f5es ao bater para proporcionar uma sensa\u00e7\u00e3o de conforto absoluto. Al\u00e9m disso, integra as tecnologias<em>Smart Bridge<\/em>e<em>Tailored Frame.<\/em><\/p>\n<p>Quanto ao seu design, possui uma est\u00e9tica muito poderosa, atraente e moderna, que combina detalhes vermelhos com planos pretos.<\/p>\n<h2>Head Radical Motion 2024, sensaci\u00f3n de confianza<\/h2>\n","protected":false},"excerpt":{"rendered":"<div class=\"vis\u00e3o geral do atributo do produto\">\n<div class=\"value\">Raquete Head Radical Motion 2024, desenhada para jogadores de n\u00edvel interm\u00e9dio ou avan\u00e7ado que procuram versatilidade e versatilidade. Formato de l\u00e1grima com ponto ideal centralizado. N\u00facleo de espuma de controle e planos de carbono 3K.<\/div>\n<\/div>\n<div class=\"produto-add-form\">\n<div class=\"quantidade do campo\"><\/div>\n<\/div>\n","protected":false},"featured_media":52346,"comment_status":"open","ping_status":"closed","template":"","meta":{"_acf_changed":false,"_joinchat":[]},"acabado":[],"balance":[1140],"dureza":[1155],"forma":[1185],"jugador":[1190,1200],"marca":[1220],"nivel-de-juego":[1335],"superficie":[1365],"tipo-de-juego":[],"product_brand":[],"product_cat":[300],"product_tag":[],"class_list":{"0":"post-20373","1":"product","2":"type-product","3":"status-publish","4":"has-post-thumbnail","6":"balance-medio-pt-pt","7":"dureza-media-pt-pt","8":"forma-lagrima-pt-pt","9":"jugador-homem","10":"jugador-polivalente-pt-pt","11":"marca-cabeca","12":"superficie-polivalente-pt-pt","13":"product_cat-palas","15":"first","16":"instock","17":"sale","18":"taxable","19":"shipping-taxable","20":"purchasable","21":"product-type-simple"},"acf":[],"yoast_head":"<!-- This site is optimized with the Yoast SEO plugin v27.4 - https:\/\/yoast.com\/product\/yoast-seo-wordpress\/ -->\n<title>HEAD RADICAL MOTION 2024 - Revolution Padel Store<\/title>\n<meta name=\"description\" content=\"Pala Head Radical Motion 2024, pensada para jugadores de nivel intermedio o avanzado que busquen polivalencia y versatilidad. Forma de l\u00e1grima con punto dulce centrado. N\u00facleo de Control Foam y planos de Carbono 3K.\" \/>\n<meta name=\"robots\" content=\"index, follow, max-snippet:-1, max-image-preview:large, max-video-preview:-1\" \/>\n<link rel=\"canonical\" href=\"https:\/\/revolutionpadelstore.com\/pt-pt\/produto\/head-radical-motion-2024-5\/\" \/>\n<meta property=\"og:locale\" content=\"pt_PT\" \/>\n<meta property=\"og:type\" content=\"article\" \/>\n<meta property=\"og:title\" content=\"HEAD RADICAL MOTION 2024 - Revolution Padel Store\" \/>\n<meta property=\"og:description\" content=\"Pala Head Radical Motion 2024, pensada para jugadores de nivel intermedio o avanzado que busquen polivalencia y versatilidad. Forma de l\u00e1grima con punto dulce centrado. N\u00facleo de Control Foam y planos de Carbono 3K.\" \/>\n<meta property=\"og:url\" content=\"https:\/\/revolutionpadelstore.com\/pt-pt\/produto\/head-radical-motion-2024-5\/\" \/>\n<meta property=\"og:site_name\" content=\"Revolution Padel Store\" \/>\n<meta property=\"article:modified_time\" content=\"2026-04-08T13:02:24+00:00\" \/>\n<meta property=\"og:image\" content=\"https:\/\/revolutionpadelstore.com\/wp-content\/uploads\/2024\/03\/111512_pala_head_radical_motion_2024_222044_1500x1500_1_be98.webp\" \/>\n\t<meta property=\"og:image:width\" content=\"1500\" \/>\n\t<meta property=\"og:image:height\" content=\"1500\" \/>\n\t<meta property=\"og:image:type\" content=\"image\/webp\" \/>\n<meta name=\"twitter:card\" content=\"summary_large_image\" \/>\n<meta name=\"twitter:label1\" content=\"Tempo estimado de leitura\" \/>\n\t<meta name=\"twitter:data1\" content=\"2 minutos\" \/>\n<script type=\"application\/ld+json\" class=\"yoast-schema-graph\">{\"@context\":\"https:\\\/\\\/schema.org\",\"@graph\":[{\"@type\":\"WebPage\",\"@id\":\"https:\\\/\\\/revolutionpadelstore.com\\\/pt-pt\\\/produto\\\/head-radical-motion-2024-5\\\/\",\"url\":\"https:\\\/\\\/revolutionpadelstore.com\\\/pt-pt\\\/produto\\\/head-radical-motion-2024-5\\\/\",\"name\":\"HEAD RADICAL MOTION 2024 - Revolution Padel Store\",\"isPartOf\":{\"@id\":\"https:\\\/\\\/revolutionpadelstore.com\\\/pt-pt\\\/#website\"},\"primaryImageOfPage\":{\"@id\":\"https:\\\/\\\/revolutionpadelstore.com\\\/pt-pt\\\/produto\\\/head-radical-motion-2024-5\\\/#primaryimage\"},\"image\":{\"@id\":\"https:\\\/\\\/revolutionpadelstore.com\\\/pt-pt\\\/produto\\\/head-radical-motion-2024-5\\\/#primaryimage\"},\"thumbnailUrl\":\"https:\\\/\\\/revolutionpadelstore.com\\\/wp-content\\\/uploads\\\/2024\\\/03\\\/111512_pala_head_radical_motion_2024_222044_1500x1500_1_be98.webp\",\"datePublished\":\"2024-03-15T11:47:15+00:00\",\"dateModified\":\"2026-04-08T13:02:24+00:00\",\"description\":\"Pala Head Radical Motion 2024, pensada para jugadores de nivel intermedio o avanzado que busquen polivalencia y versatilidad. Forma de l\u00e1grima con punto dulce centrado. N\u00facleo de Control Foam y planos de Carbono 3K.\",\"breadcrumb\":{\"@id\":\"https:\\\/\\\/revolutionpadelstore.com\\\/pt-pt\\\/produto\\\/head-radical-motion-2024-5\\\/#breadcrumb\"},\"inLanguage\":\"pt-PT\",\"potentialAction\":[{\"@type\":\"ReadAction\",\"target\":[\"https:\\\/\\\/revolutionpadelstore.com\\\/pt-pt\\\/produto\\\/head-radical-motion-2024-5\\\/\"]}]},{\"@type\":\"ImageObject\",\"inLanguage\":\"pt-PT\",\"@id\":\"https:\\\/\\\/revolutionpadelstore.com\\\/pt-pt\\\/produto\\\/head-radical-motion-2024-5\\\/#primaryimage\",\"url\":\"https:\\\/\\\/revolutionpadelstore.com\\\/wp-content\\\/uploads\\\/2024\\\/03\\\/111512_pala_head_radical_motion_2024_222044_1500x1500_1_be98.webp\",\"contentUrl\":\"https:\\\/\\\/revolutionpadelstore.com\\\/wp-content\\\/uploads\\\/2024\\\/03\\\/111512_pala_head_radical_motion_2024_222044_1500x1500_1_be98.webp\",\"width\":1500,\"height\":1500},{\"@type\":\"BreadcrumbList\",\"@id\":\"https:\\\/\\\/revolutionpadelstore.com\\\/pt-pt\\\/produto\\\/head-radical-motion-2024-5\\\/#breadcrumb\",\"itemListElement\":[{\"@type\":\"ListItem\",\"position\":1,\"name\":\"Portada\",\"item\":\"https:\\\/\\\/revolutionpadelstore.com\\\/pt-pt\\\/\"},{\"@type\":\"ListItem\",\"position\":2,\"name\":\"Tienda\",\"item\":\"https:\\\/\\\/revolutionpadelstore.com\\\/pt-pt\\\/tienda\\\/\"},{\"@type\":\"ListItem\",\"position\":3,\"name\":\"HEAD RADICAL MOTION 2024\"}]},{\"@type\":\"WebSite\",\"@id\":\"https:\\\/\\\/revolutionpadelstore.com\\\/pt-pt\\\/#website\",\"url\":\"https:\\\/\\\/revolutionpadelstore.com\\\/pt-pt\\\/\",\"name\":\"Revolution Padel Store\",\"description\":\"\",\"publisher\":{\"@id\":\"https:\\\/\\\/revolutionpadelstore.com\\\/pt-pt\\\/#organization\"},\"potentialAction\":[{\"@type\":\"SearchAction\",\"target\":{\"@type\":\"EntryPoint\",\"urlTemplate\":\"https:\\\/\\\/revolutionpadelstore.com\\\/pt-pt\\\/?s={search_term_string}\"},\"query-input\":{\"@type\":\"PropertyValueSpecification\",\"valueRequired\":true,\"valueName\":\"search_term_string\"}}],\"inLanguage\":\"pt-PT\"},{\"@type\":\"Organization\",\"@id\":\"https:\\\/\\\/revolutionpadelstore.com\\\/pt-pt\\\/#organization\",\"name\":\"Revolution Padel Store\",\"url\":\"https:\\\/\\\/revolutionpadelstore.com\\\/pt-pt\\\/\",\"logo\":{\"@type\":\"ImageObject\",\"inLanguage\":\"pt-PT\",\"@id\":\"https:\\\/\\\/revolutionpadelstore.com\\\/pt-pt\\\/#\\\/schema\\\/logo\\\/image\\\/\",\"url\":\"https:\\\/\\\/revolutionpadelstore.com\\\/wp-content\\\/uploads\\\/2026\\\/02\\\/revolution-padel-store.jpg\",\"contentUrl\":\"https:\\\/\\\/revolutionpadelstore.com\\\/wp-content\\\/uploads\\\/2026\\\/02\\\/revolution-padel-store.jpg\",\"width\":2000,\"height\":2000,\"caption\":\"Revolution Padel Store\"},\"image\":{\"@id\":\"https:\\\/\\\/revolutionpadelstore.com\\\/pt-pt\\\/#\\\/schema\\\/logo\\\/image\\\/\"},\"sameAs\":[\"https:\\\/\\\/www.instagram.com\\\/revolutionpadelstore\\\/\"]}]}<\/script>\n<!-- \/ Yoast SEO plugin. -->","yoast_head_json":{"title":"HEAD RADICAL MOTION 2024 - Revolution Padel Store","description":"Pala Head Radical Motion 2024, pensada para jugadores de nivel intermedio o avanzado que busquen polivalencia y versatilidad. Forma de l\u00e1grima con punto dulce centrado. N\u00facleo de Control Foam y planos de Carbono 3K.","robots":{"index":"index","follow":"follow","max-snippet":"max-snippet:-1","max-image-preview":"max-image-preview:large","max-video-preview":"max-video-preview:-1"},"canonical":"https:\/\/revolutionpadelstore.com\/pt-pt\/produto\/head-radical-motion-2024-5\/","og_locale":"pt_PT","og_type":"article","og_title":"HEAD RADICAL MOTION 2024 - Revolution Padel Store","og_description":"Pala Head Radical Motion 2024, pensada para jugadores de nivel intermedio o avanzado que busquen polivalencia y versatilidad. Forma de l\u00e1grima con punto dulce centrado. N\u00facleo de Control Foam y planos de Carbono 3K.","og_url":"https:\/\/revolutionpadelstore.com\/pt-pt\/produto\/head-radical-motion-2024-5\/","og_site_name":"Revolution Padel Store","article_modified_time":"2026-04-08T13:02:24+00:00","og_image":[{"width":1500,"height":1500,"url":"https:\/\/revolutionpadelstore.com\/wp-content\/uploads\/2024\/03\/111512_pala_head_radical_motion_2024_222044_1500x1500_1_be98.webp","type":"image\/webp"}],"twitter_card":"summary_large_image","twitter_misc":{"Tempo estimado de leitura":"2 minutos"},"schema":{"@context":"https:\/\/schema.org","@graph":[{"@type":"WebPage","@id":"https:\/\/revolutionpadelstore.com\/pt-pt\/produto\/head-radical-motion-2024-5\/","url":"https:\/\/revolutionpadelstore.com\/pt-pt\/produto\/head-radical-motion-2024-5\/","name":"HEAD RADICAL MOTION 2024 - Revolution Padel Store","isPartOf":{"@id":"https:\/\/revolutionpadelstore.com\/pt-pt\/#website"},"primaryImageOfPage":{"@id":"https:\/\/revolutionpadelstore.com\/pt-pt\/produto\/head-radical-motion-2024-5\/#primaryimage"},"image":{"@id":"https:\/\/revolutionpadelstore.com\/pt-pt\/produto\/head-radical-motion-2024-5\/#primaryimage"},"thumbnailUrl":"https:\/\/revolutionpadelstore.com\/wp-content\/uploads\/2024\/03\/111512_pala_head_radical_motion_2024_222044_1500x1500_1_be98.webp","datePublished":"2024-03-15T11:47:15+00:00","dateModified":"2026-04-08T13:02:24+00:00","description":"Pala Head Radical Motion 2024, pensada para jugadores de nivel intermedio o avanzado que busquen polivalencia y versatilidad. Forma de l\u00e1grima con punto dulce centrado. N\u00facleo de Control Foam y planos de Carbono 3K.","breadcrumb":{"@id":"https:\/\/revolutionpadelstore.com\/pt-pt\/produto\/head-radical-motion-2024-5\/#breadcrumb"},"inLanguage":"pt-PT","potentialAction":[{"@type":"ReadAction","target":["https:\/\/revolutionpadelstore.com\/pt-pt\/produto\/head-radical-motion-2024-5\/"]}]},{"@type":"ImageObject","inLanguage":"pt-PT","@id":"https:\/\/revolutionpadelstore.com\/pt-pt\/produto\/head-radical-motion-2024-5\/#primaryimage","url":"https:\/\/revolutionpadelstore.com\/wp-content\/uploads\/2024\/03\/111512_pala_head_radical_motion_2024_222044_1500x1500_1_be98.webp","contentUrl":"https:\/\/revolutionpadelstore.com\/wp-content\/uploads\/2024\/03\/111512_pala_head_radical_motion_2024_222044_1500x1500_1_be98.webp","width":1500,"height":1500},{"@type":"BreadcrumbList","@id":"https:\/\/revolutionpadelstore.com\/pt-pt\/produto\/head-radical-motion-2024-5\/#breadcrumb","itemListElement":[{"@type":"ListItem","position":1,"name":"Portada","item":"https:\/\/revolutionpadelstore.com\/pt-pt\/"},{"@type":"ListItem","position":2,"name":"Tienda","item":"https:\/\/revolutionpadelstore.com\/pt-pt\/tienda\/"},{"@type":"ListItem","position":3,"name":"HEAD RADICAL MOTION 2024"}]},{"@type":"WebSite","@id":"https:\/\/revolutionpadelstore.com\/pt-pt\/#website","url":"https:\/\/revolutionpadelstore.com\/pt-pt\/","name":"Revolution Padel Store","description":"","publisher":{"@id":"https:\/\/revolutionpadelstore.com\/pt-pt\/#organization"},"potentialAction":[{"@type":"SearchAction","target":{"@type":"EntryPoint","urlTemplate":"https:\/\/revolutionpadelstore.com\/pt-pt\/?s={search_term_string}"},"query-input":{"@type":"PropertyValueSpecification","valueRequired":true,"valueName":"search_term_string"}}],"inLanguage":"pt-PT"},{"@type":"Organization","@id":"https:\/\/revolutionpadelstore.com\/pt-pt\/#organization","name":"Revolution Padel Store","url":"https:\/\/revolutionpadelstore.com\/pt-pt\/","logo":{"@type":"ImageObject","inLanguage":"pt-PT","@id":"https:\/\/revolutionpadelstore.com\/pt-pt\/#\/schema\/logo\/image\/","url":"https:\/\/revolutionpadelstore.com\/wp-content\/uploads\/2026\/02\/revolution-padel-store.jpg","contentUrl":"https:\/\/revolutionpadelstore.com\/wp-content\/uploads\/2026\/02\/revolution-padel-store.jpg","width":2000,"height":2000,"caption":"Revolution Padel Store"},"image":{"@id":"https:\/\/revolutionpadelstore.com\/pt-pt\/#\/schema\/logo\/image\/"},"sameAs":["https:\/\/www.instagram.com\/revolutionpadelstore\/"]}]}},"_links":{"self":[{"href":"https:\/\/revolutionpadelstore.com\/pt-pt\/wp-json\/wp\/v2\/product\/20373","targetHints":{"allow":["GET"]}}],"collection":[{"href":"https:\/\/revolutionpadelstore.com\/pt-pt\/wp-json\/wp\/v2\/product"}],"about":[{"href":"https:\/\/revolutionpadelstore.com\/pt-pt\/wp-json\/wp\/v2\/types\/product"}],"replies":[{"embeddable":true,"href":"https:\/\/revolutionpadelstore.com\/pt-pt\/wp-json\/wp\/v2\/comments?post=20373"}],"wp:featuredmedia":[{"embeddable":true,"href":"https:\/\/revolutionpadelstore.com\/pt-pt\/wp-json\/wp\/v2\/media\/52346"}],"wp:attachment":[{"href":"https:\/\/revolutionpadelstore.com\/pt-pt\/wp-json\/wp\/v2\/media?parent=20373"}],"wp:term":[{"taxonomy":"acabado","embeddable":true,"href":"https:\/\/revolutionpadelstore.com\/pt-pt\/wp-json\/wp\/v2\/acabado?post=20373"},{"taxonomy":"balance","embeddable":true,"href":"https:\/\/revolutionpadelstore.com\/pt-pt\/wp-json\/wp\/v2\/balance?post=20373"},{"taxonomy":"dureza","embeddable":true,"href":"https:\/\/revolutionpadelstore.com\/pt-pt\/wp-json\/wp\/v2\/dureza?post=20373"},{"taxonomy":"forma","embeddable":true,"href":"https:\/\/revolutionpadelstore.com\/pt-pt\/wp-json\/wp\/v2\/forma?post=20373"},{"taxonomy":"jugador","embeddable":true,"href":"https:\/\/revolutionpadelstore.com\/pt-pt\/wp-json\/wp\/v2\/jugador?post=20373"},{"taxonomy":"marca","embeddable":true,"href":"https:\/\/revolutionpadelstore.com\/pt-pt\/wp-json\/wp\/v2\/marca?post=20373"},{"taxonomy":"nivel-de-juego","embeddable":true,"href":"https:\/\/revolutionpadelstore.com\/pt-pt\/wp-json\/wp\/v2\/nivel-de-juego?post=20373"},{"taxonomy":"superficie","embeddable":true,"href":"https:\/\/revolutionpadelstore.com\/pt-pt\/wp-json\/wp\/v2\/superficie?post=20373"},{"taxonomy":"tipo-de-juego","embeddable":true,"href":"https:\/\/revolutionpadelstore.com\/pt-pt\/wp-json\/wp\/v2\/tipo-de-juego?post=20373"},{"taxonomy":"product_brand","embeddable":true,"href":"https:\/\/revolutionpadelstore.com\/pt-pt\/wp-json\/wp\/v2\/product_brand?post=20373"},{"taxonomy":"product_cat","embeddable":true,"href":"https:\/\/revolutionpadelstore.com\/pt-pt\/wp-json\/wp\/v2\/product_cat?post=20373"},{"taxonomy":"product_tag","embeddable":true,"href":"https:\/\/revolutionpadelstore.com\/pt-pt\/wp-json\/wp\/v2\/product_tag?post=20373"}],"curies":[{"name":"wp","href":"https:\/\/api.w.org\/{rel}","templated":true}]}}