{"id":20368,"date":"2024-03-15T13:04:16","date_gmt":"2024-03-15T12:04:16","guid":{"rendered":"https:\/\/revolutionpadelstore.com\/head-extreme-motion-2023\/"},"modified":"2026-04-08T15:01:48","modified_gmt":"2026-04-08T13:01:48","slug":"head-extreme-motion-2023-5","status":"publish","type":"product","link":"https:\/\/revolutionpadelstore.com\/pt-pt\/produto\/head-extreme-motion-2023-5\/","title":{"rendered":"HEAD EXTREME MOTION 2023"},"content":{"rendered":"<h2>Head Extreme Motion 2023, raquete de pot\u00eancia de Paula Josemar\u00eda<\/h2>\n<p>Raquete de padel <strong>Head Extreme Motion 2023<\/strong>, meticulosamente projetada para atender \u00e0s demandas de jogadores avan\u00e7ados e profissionais, esta raquete excepcional combina tecnologia de ponta com um design vibrante e esportivo. Raquete de padel oficial de<strong>Paula Josemar\u00eda<\/strong>.<\/p>\n<h2>Parte superior em diamante com tecido h\u00edbrido<\/h2>\n<p>O diferencial do Head Extreme Motion 2023 \u00e9 seu formato <strong>diamante<\/strong>, que maximiza a pot\u00eancia em cada disparo. Gra\u00e7as \u00e0 sua constru\u00e7\u00e3o com a revolucion\u00e1ria tecnologia <em>Hybrid Woven<\/em>, os planos das l\u00e2minas s\u00e3o feitos com uma combina\u00e7\u00e3o de <strong>fibra de carbono e vidro<\/strong>, proporcionando uma combina\u00e7\u00e3o \u00fanica de resist\u00eancia e flexibilidade para uma precis\u00e3o insuper\u00e1vel. em cada tiro.<\/p>\n<p>O n\u00facleo <em><strong>Power Foam<\/strong><\/em> garante pot\u00eancia explosiva sem comprometer o controle. Com peso leve de apenas 360 gramas, a raquete oferece manuseio incompar\u00e1vel, permitindo reagir com agilidade e velocidade em qualquer situa\u00e7\u00e3o de jogo.<\/p>\n<p>A tecnologia Auxetic e o ponto ideal otimizado se unem para proporcionar uma experi\u00eancia de jogo excepcional. Acertar com precis\u00e3o nunca foi t\u00e3o f\u00e1cil. Os planos da raquete t\u00eam um acabamento <em>Extreme Spin<\/em> \u00e1spero, o que significa que voc\u00ea pode dar um giro incr\u00edvel na bola.<\/p>\n<h3>Projetado com tecnologias que prolongam sua durabilidade<\/h3>\n<p>Pensando na durabilidade, o quadro da raquete incorpora protetor Anti Shock, evitando desgastes prematuros e mantendo seu desempenho ao longo do tempo. A Estrutura Tailored tubular de corte personalizado e a Smart Bridge refor\u00e7ada garantem resist\u00eancia excepcional a cada golpe.<\/p>\n<p>Para uma pegada confort\u00e1vel e segura, a empunhadura Soft Butt Cap proporciona a sensa\u00e7\u00e3o perfeita em suas m\u00e3os. Al\u00e9m disso, o design est\u00e9tico da raquete combina v\u00e1rios tons de verde num estilo alegre e desportivo que reflete a sua paix\u00e3o pelo jogo.<\/p>\n<h2>Head Extreme Motion 2023, pala de potencia de Paula Josemar\u00eda<\/h2>\n","protected":false},"excerpt":{"rendered":"<div class=\"vis\u00e3o geral do atributo do produto\">\n<div class=\"valor\">\n<p>Head Extreme Motion 2023, raquete de padel oficial de Paula Josemar\u00eda. Uma raquete projetada para jogadores de padel avan\u00e7ados ou profissionais. Parte superior de diamante com tecido h\u00edbrido.<\/p>\n<\/div>\n<\/div>\n<div class=\"produto-add-form\">\n<div class=\"quantidade do campo\"><\/div>\n<\/div>\n","protected":false},"featured_media":52334,"comment_status":"open","ping_status":"closed","template":"","meta":{"_acf_changed":false,"_joinchat":[]},"acabado":[1085],"balance":[1135],"dureza":[1155],"forma":[1170],"jugador":[1190,1200],"marca":[1220],"nivel-de-juego":[1335],"superficie":[1360],"tipo-de-juego":[1375],"product_brand":[],"product_cat":[300],"product_tag":[],"class_list":{"0":"post-20368","1":"product","2":"type-product","3":"status-publish","4":"has-post-thumbnail","6":"acabado-companheiro","7":"balance-alto-pt-pt","8":"dureza-media-pt-pt","9":"forma-diamante-pt-pt","10":"jugador-homem","11":"jugador-polivalente-pt-pt","12":"marca-cabeca","13":"superficie-rugosa-pt-pt","14":"tipo-de-juego-poder","15":"product_cat-palas","17":"first","18":"instock","19":"sale","20":"taxable","21":"shipping-taxable","22":"purchasable","23":"product-type-simple"},"acf":[],"yoast_head":"<!-- This site is optimized with the Yoast SEO plugin v27.4 - https:\/\/yoast.com\/product\/yoast-seo-wordpress\/ -->\n<title>HEAD EXTREME MOTION 2023 - Revolution Padel Store<\/title>\n<meta name=\"description\" content=\"Head Extreme Motion 2023, pala de p\u00e1del oficial de Paula Josemar\u00eda. Una pala dise\u00f1ada para jugadores avanzados o profesionales del p\u00e1del. Pala de diamante con Hybrid Woven.\" \/>\n<meta name=\"robots\" content=\"index, follow, max-snippet:-1, max-image-preview:large, max-video-preview:-1\" \/>\n<link rel=\"canonical\" href=\"https:\/\/revolutionpadelstore.com\/pt-pt\/produto\/head-extreme-motion-2023-5\/\" \/>\n<meta property=\"og:locale\" content=\"pt_PT\" \/>\n<meta property=\"og:type\" content=\"article\" \/>\n<meta property=\"og:title\" content=\"HEAD EXTREME MOTION 2023 - Revolution Padel Store\" \/>\n<meta property=\"og:description\" content=\"Head Extreme Motion 2023, pala de p\u00e1del oficial de Paula Josemar\u00eda. Una pala dise\u00f1ada para jugadores avanzados o profesionales del p\u00e1del. Pala de diamante con Hybrid Woven.\" \/>\n<meta property=\"og:url\" content=\"https:\/\/revolutionpadelstore.com\/pt-pt\/produto\/head-extreme-motion-2023-5\/\" \/>\n<meta property=\"og:site_name\" content=\"Revolution Padel Store\" \/>\n<meta property=\"article:modified_time\" content=\"2026-04-08T13:01:48+00:00\" \/>\n<meta property=\"og:image\" content=\"https:\/\/revolutionpadelstore.com\/wp-content\/uploads\/2024\/03\/110102_pala_head_extreme_motion_2023_223023_1500x1500_vista1_6a89.webp\" \/>\n\t<meta property=\"og:image:width\" content=\"1500\" \/>\n\t<meta property=\"og:image:height\" content=\"1500\" \/>\n\t<meta property=\"og:image:type\" content=\"image\/webp\" \/>\n<meta name=\"twitter:card\" content=\"summary_large_image\" \/>\n<meta name=\"twitter:label1\" content=\"Tempo estimado de leitura\" \/>\n\t<meta name=\"twitter:data1\" content=\"2 minutos\" \/>\n<script type=\"application\/ld+json\" class=\"yoast-schema-graph\">{\"@context\":\"https:\\\/\\\/schema.org\",\"@graph\":[{\"@type\":\"WebPage\",\"@id\":\"https:\\\/\\\/revolutionpadelstore.com\\\/pt-pt\\\/produto\\\/head-extreme-motion-2023-5\\\/\",\"url\":\"https:\\\/\\\/revolutionpadelstore.com\\\/pt-pt\\\/produto\\\/head-extreme-motion-2023-5\\\/\",\"name\":\"HEAD EXTREME MOTION 2023 - Revolution Padel Store\",\"isPartOf\":{\"@id\":\"https:\\\/\\\/revolutionpadelstore.com\\\/pt-pt\\\/#website\"},\"primaryImageOfPage\":{\"@id\":\"https:\\\/\\\/revolutionpadelstore.com\\\/pt-pt\\\/produto\\\/head-extreme-motion-2023-5\\\/#primaryimage\"},\"image\":{\"@id\":\"https:\\\/\\\/revolutionpadelstore.com\\\/pt-pt\\\/produto\\\/head-extreme-motion-2023-5\\\/#primaryimage\"},\"thumbnailUrl\":\"https:\\\/\\\/revolutionpadelstore.com\\\/wp-content\\\/uploads\\\/2024\\\/03\\\/110102_pala_head_extreme_motion_2023_223023_1500x1500_vista1_6a89.webp\",\"datePublished\":\"2024-03-15T12:04:16+00:00\",\"dateModified\":\"2026-04-08T13:01:48+00:00\",\"description\":\"Head Extreme Motion 2023, pala de p\u00e1del oficial de Paula Josemar\u00eda. Una pala dise\u00f1ada para jugadores avanzados o profesionales del p\u00e1del. Pala de diamante con Hybrid Woven.\",\"breadcrumb\":{\"@id\":\"https:\\\/\\\/revolutionpadelstore.com\\\/pt-pt\\\/produto\\\/head-extreme-motion-2023-5\\\/#breadcrumb\"},\"inLanguage\":\"pt-PT\",\"potentialAction\":[{\"@type\":\"ReadAction\",\"target\":[\"https:\\\/\\\/revolutionpadelstore.com\\\/pt-pt\\\/produto\\\/head-extreme-motion-2023-5\\\/\"]}]},{\"@type\":\"ImageObject\",\"inLanguage\":\"pt-PT\",\"@id\":\"https:\\\/\\\/revolutionpadelstore.com\\\/pt-pt\\\/produto\\\/head-extreme-motion-2023-5\\\/#primaryimage\",\"url\":\"https:\\\/\\\/revolutionpadelstore.com\\\/wp-content\\\/uploads\\\/2024\\\/03\\\/110102_pala_head_extreme_motion_2023_223023_1500x1500_vista1_6a89.webp\",\"contentUrl\":\"https:\\\/\\\/revolutionpadelstore.com\\\/wp-content\\\/uploads\\\/2024\\\/03\\\/110102_pala_head_extreme_motion_2023_223023_1500x1500_vista1_6a89.webp\",\"width\":1500,\"height\":1500},{\"@type\":\"BreadcrumbList\",\"@id\":\"https:\\\/\\\/revolutionpadelstore.com\\\/pt-pt\\\/produto\\\/head-extreme-motion-2023-5\\\/#breadcrumb\",\"itemListElement\":[{\"@type\":\"ListItem\",\"position\":1,\"name\":\"Portada\",\"item\":\"https:\\\/\\\/revolutionpadelstore.com\\\/pt-pt\\\/\"},{\"@type\":\"ListItem\",\"position\":2,\"name\":\"Tienda\",\"item\":\"https:\\\/\\\/revolutionpadelstore.com\\\/pt-pt\\\/tienda\\\/\"},{\"@type\":\"ListItem\",\"position\":3,\"name\":\"HEAD EXTREME MOTION 2023\"}]},{\"@type\":\"WebSite\",\"@id\":\"https:\\\/\\\/revolutionpadelstore.com\\\/pt-pt\\\/#website\",\"url\":\"https:\\\/\\\/revolutionpadelstore.com\\\/pt-pt\\\/\",\"name\":\"Revolution Padel Store\",\"description\":\"\",\"publisher\":{\"@id\":\"https:\\\/\\\/revolutionpadelstore.com\\\/pt-pt\\\/#organization\"},\"potentialAction\":[{\"@type\":\"SearchAction\",\"target\":{\"@type\":\"EntryPoint\",\"urlTemplate\":\"https:\\\/\\\/revolutionpadelstore.com\\\/pt-pt\\\/?s={search_term_string}\"},\"query-input\":{\"@type\":\"PropertyValueSpecification\",\"valueRequired\":true,\"valueName\":\"search_term_string\"}}],\"inLanguage\":\"pt-PT\"},{\"@type\":\"Organization\",\"@id\":\"https:\\\/\\\/revolutionpadelstore.com\\\/pt-pt\\\/#organization\",\"name\":\"Revolution Padel Store\",\"url\":\"https:\\\/\\\/revolutionpadelstore.com\\\/pt-pt\\\/\",\"logo\":{\"@type\":\"ImageObject\",\"inLanguage\":\"pt-PT\",\"@id\":\"https:\\\/\\\/revolutionpadelstore.com\\\/pt-pt\\\/#\\\/schema\\\/logo\\\/image\\\/\",\"url\":\"https:\\\/\\\/revolutionpadelstore.com\\\/wp-content\\\/uploads\\\/2026\\\/02\\\/revolution-padel-store.jpg\",\"contentUrl\":\"https:\\\/\\\/revolutionpadelstore.com\\\/wp-content\\\/uploads\\\/2026\\\/02\\\/revolution-padel-store.jpg\",\"width\":2000,\"height\":2000,\"caption\":\"Revolution Padel Store\"},\"image\":{\"@id\":\"https:\\\/\\\/revolutionpadelstore.com\\\/pt-pt\\\/#\\\/schema\\\/logo\\\/image\\\/\"},\"sameAs\":[\"https:\\\/\\\/www.instagram.com\\\/revolutionpadelstore\\\/\"]}]}<\/script>\n<!-- \/ Yoast SEO plugin. -->","yoast_head_json":{"title":"HEAD EXTREME MOTION 2023 - Revolution Padel Store","description":"Head Extreme Motion 2023, pala de p\u00e1del oficial de Paula Josemar\u00eda. Una pala dise\u00f1ada para jugadores avanzados o profesionales del p\u00e1del. Pala de diamante con Hybrid Woven.","robots":{"index":"index","follow":"follow","max-snippet":"max-snippet:-1","max-image-preview":"max-image-preview:large","max-video-preview":"max-video-preview:-1"},"canonical":"https:\/\/revolutionpadelstore.com\/pt-pt\/produto\/head-extreme-motion-2023-5\/","og_locale":"pt_PT","og_type":"article","og_title":"HEAD EXTREME MOTION 2023 - Revolution Padel Store","og_description":"Head Extreme Motion 2023, pala de p\u00e1del oficial de Paula Josemar\u00eda. Una pala dise\u00f1ada para jugadores avanzados o profesionales del p\u00e1del. Pala de diamante con Hybrid Woven.","og_url":"https:\/\/revolutionpadelstore.com\/pt-pt\/produto\/head-extreme-motion-2023-5\/","og_site_name":"Revolution Padel Store","article_modified_time":"2026-04-08T13:01:48+00:00","og_image":[{"width":1500,"height":1500,"url":"https:\/\/revolutionpadelstore.com\/wp-content\/uploads\/2024\/03\/110102_pala_head_extreme_motion_2023_223023_1500x1500_vista1_6a89.webp","type":"image\/webp"}],"twitter_card":"summary_large_image","twitter_misc":{"Tempo estimado de leitura":"2 minutos"},"schema":{"@context":"https:\/\/schema.org","@graph":[{"@type":"WebPage","@id":"https:\/\/revolutionpadelstore.com\/pt-pt\/produto\/head-extreme-motion-2023-5\/","url":"https:\/\/revolutionpadelstore.com\/pt-pt\/produto\/head-extreme-motion-2023-5\/","name":"HEAD EXTREME MOTION 2023 - Revolution Padel Store","isPartOf":{"@id":"https:\/\/revolutionpadelstore.com\/pt-pt\/#website"},"primaryImageOfPage":{"@id":"https:\/\/revolutionpadelstore.com\/pt-pt\/produto\/head-extreme-motion-2023-5\/#primaryimage"},"image":{"@id":"https:\/\/revolutionpadelstore.com\/pt-pt\/produto\/head-extreme-motion-2023-5\/#primaryimage"},"thumbnailUrl":"https:\/\/revolutionpadelstore.com\/wp-content\/uploads\/2024\/03\/110102_pala_head_extreme_motion_2023_223023_1500x1500_vista1_6a89.webp","datePublished":"2024-03-15T12:04:16+00:00","dateModified":"2026-04-08T13:01:48+00:00","description":"Head Extreme Motion 2023, pala de p\u00e1del oficial de Paula Josemar\u00eda. Una pala dise\u00f1ada para jugadores avanzados o profesionales del p\u00e1del. Pala de diamante con Hybrid Woven.","breadcrumb":{"@id":"https:\/\/revolutionpadelstore.com\/pt-pt\/produto\/head-extreme-motion-2023-5\/#breadcrumb"},"inLanguage":"pt-PT","potentialAction":[{"@type":"ReadAction","target":["https:\/\/revolutionpadelstore.com\/pt-pt\/produto\/head-extreme-motion-2023-5\/"]}]},{"@type":"ImageObject","inLanguage":"pt-PT","@id":"https:\/\/revolutionpadelstore.com\/pt-pt\/produto\/head-extreme-motion-2023-5\/#primaryimage","url":"https:\/\/revolutionpadelstore.com\/wp-content\/uploads\/2024\/03\/110102_pala_head_extreme_motion_2023_223023_1500x1500_vista1_6a89.webp","contentUrl":"https:\/\/revolutionpadelstore.com\/wp-content\/uploads\/2024\/03\/110102_pala_head_extreme_motion_2023_223023_1500x1500_vista1_6a89.webp","width":1500,"height":1500},{"@type":"BreadcrumbList","@id":"https:\/\/revolutionpadelstore.com\/pt-pt\/produto\/head-extreme-motion-2023-5\/#breadcrumb","itemListElement":[{"@type":"ListItem","position":1,"name":"Portada","item":"https:\/\/revolutionpadelstore.com\/pt-pt\/"},{"@type":"ListItem","position":2,"name":"Tienda","item":"https:\/\/revolutionpadelstore.com\/pt-pt\/tienda\/"},{"@type":"ListItem","position":3,"name":"HEAD EXTREME MOTION 2023"}]},{"@type":"WebSite","@id":"https:\/\/revolutionpadelstore.com\/pt-pt\/#website","url":"https:\/\/revolutionpadelstore.com\/pt-pt\/","name":"Revolution Padel Store","description":"","publisher":{"@id":"https:\/\/revolutionpadelstore.com\/pt-pt\/#organization"},"potentialAction":[{"@type":"SearchAction","target":{"@type":"EntryPoint","urlTemplate":"https:\/\/revolutionpadelstore.com\/pt-pt\/?s={search_term_string}"},"query-input":{"@type":"PropertyValueSpecification","valueRequired":true,"valueName":"search_term_string"}}],"inLanguage":"pt-PT"},{"@type":"Organization","@id":"https:\/\/revolutionpadelstore.com\/pt-pt\/#organization","name":"Revolution Padel Store","url":"https:\/\/revolutionpadelstore.com\/pt-pt\/","logo":{"@type":"ImageObject","inLanguage":"pt-PT","@id":"https:\/\/revolutionpadelstore.com\/pt-pt\/#\/schema\/logo\/image\/","url":"https:\/\/revolutionpadelstore.com\/wp-content\/uploads\/2026\/02\/revolution-padel-store.jpg","contentUrl":"https:\/\/revolutionpadelstore.com\/wp-content\/uploads\/2026\/02\/revolution-padel-store.jpg","width":2000,"height":2000,"caption":"Revolution Padel Store"},"image":{"@id":"https:\/\/revolutionpadelstore.com\/pt-pt\/#\/schema\/logo\/image\/"},"sameAs":["https:\/\/www.instagram.com\/revolutionpadelstore\/"]}]}},"_links":{"self":[{"href":"https:\/\/revolutionpadelstore.com\/pt-pt\/wp-json\/wp\/v2\/product\/20368","targetHints":{"allow":["GET"]}}],"collection":[{"href":"https:\/\/revolutionpadelstore.com\/pt-pt\/wp-json\/wp\/v2\/product"}],"about":[{"href":"https:\/\/revolutionpadelstore.com\/pt-pt\/wp-json\/wp\/v2\/types\/product"}],"replies":[{"embeddable":true,"href":"https:\/\/revolutionpadelstore.com\/pt-pt\/wp-json\/wp\/v2\/comments?post=20368"}],"wp:featuredmedia":[{"embeddable":true,"href":"https:\/\/revolutionpadelstore.com\/pt-pt\/wp-json\/wp\/v2\/media\/52334"}],"wp:attachment":[{"href":"https:\/\/revolutionpadelstore.com\/pt-pt\/wp-json\/wp\/v2\/media?parent=20368"}],"wp:term":[{"taxonomy":"acabado","embeddable":true,"href":"https:\/\/revolutionpadelstore.com\/pt-pt\/wp-json\/wp\/v2\/acabado?post=20368"},{"taxonomy":"balance","embeddable":true,"href":"https:\/\/revolutionpadelstore.com\/pt-pt\/wp-json\/wp\/v2\/balance?post=20368"},{"taxonomy":"dureza","embeddable":true,"href":"https:\/\/revolutionpadelstore.com\/pt-pt\/wp-json\/wp\/v2\/dureza?post=20368"},{"taxonomy":"forma","embeddable":true,"href":"https:\/\/revolutionpadelstore.com\/pt-pt\/wp-json\/wp\/v2\/forma?post=20368"},{"taxonomy":"jugador","embeddable":true,"href":"https:\/\/revolutionpadelstore.com\/pt-pt\/wp-json\/wp\/v2\/jugador?post=20368"},{"taxonomy":"marca","embeddable":true,"href":"https:\/\/revolutionpadelstore.com\/pt-pt\/wp-json\/wp\/v2\/marca?post=20368"},{"taxonomy":"nivel-de-juego","embeddable":true,"href":"https:\/\/revolutionpadelstore.com\/pt-pt\/wp-json\/wp\/v2\/nivel-de-juego?post=20368"},{"taxonomy":"superficie","embeddable":true,"href":"https:\/\/revolutionpadelstore.com\/pt-pt\/wp-json\/wp\/v2\/superficie?post=20368"},{"taxonomy":"tipo-de-juego","embeddable":true,"href":"https:\/\/revolutionpadelstore.com\/pt-pt\/wp-json\/wp\/v2\/tipo-de-juego?post=20368"},{"taxonomy":"product_brand","embeddable":true,"href":"https:\/\/revolutionpadelstore.com\/pt-pt\/wp-json\/wp\/v2\/product_brand?post=20368"},{"taxonomy":"product_cat","embeddable":true,"href":"https:\/\/revolutionpadelstore.com\/pt-pt\/wp-json\/wp\/v2\/product_cat?post=20368"},{"taxonomy":"product_tag","embeddable":true,"href":"https:\/\/revolutionpadelstore.com\/pt-pt\/wp-json\/wp\/v2\/product_tag?post=20368"}],"curies":[{"name":"wp","href":"https:\/\/api.w.org\/{rel}","templated":true}]}}