{"id":20358,"date":"2024-03-15T13:12:01","date_gmt":"2024-03-15T12:12:01","guid":{"rendered":"https:\/\/revolutionpadelstore.com\/head-speed-pro-x-2023\/"},"modified":"2026-04-08T15:00:35","modified_gmt":"2026-04-08T13:00:35","slug":"head-speed-pro-x-2023-5","status":"publish","type":"product","link":"https:\/\/revolutionpadelstore.com\/pt-pt\/produto\/head-speed-pro-x-2023-5\/","title":{"rendered":"HEAD SPEED PRO X 2023"},"content":{"rendered":"<h2>Jogadores avan\u00e7ados jogam nesta temporada com o Head Speed \u200b\u200bPRO X 2023<\/h2>\n<p>Uma raquete de design superior em preto com acabamentos fosco e brilhante. O novo <strong>Head Speed \u200b\u200b\u200b\u200bPRO X 2023<\/strong> j\u00e1 est\u00e1 dispon\u00edvel. Uma raquete de padel em forma de l\u00e1grima para jogadores de padel de n\u00edvel avan\u00e7ado e at\u00e9 mesmo jogadores de torneios. Seu formato faz com que voc\u00ea jogue com total controle da raquete e d\u00ea golpes precisos.<\/p>\n<h2>Raquete de paddle com tecnologia que se adapta \u00e0s suas necessidades na quadra<\/h2>\n<p>A sensa\u00e7\u00e3o desta raquete padel \u00e9 mais confort\u00e1vel gra\u00e7as \u00e0 sua pr\u00f3pria tecnologia Auxectic. As superf\u00edcies se alargam contra a for\u00e7a de contato nas colis\u00f5es com a bola e se contraem quando removidas. Sendo mais flex\u00edvel e mold\u00e1vel na recep\u00e7\u00e3o da bola. Feito com grafeno para fortalecer o quadro, ter mais estabilidade e facilitar a transmiss\u00e3o de energia para a bola. Um jogo mais f\u00e1cil para que voc\u00ea possa se concentrar na sua t\u00e9cnica de ataque contra o seu rival.<\/p>\n<p>Em sua ess\u00eancia est\u00e1 o <em>Power Foam<\/em>, uma espuma de poliestireno que absorve vibra\u00e7\u00f5es e proporciona melhor sensa\u00e7\u00e3o ao lan\u00e7ar a bola. Facilita o golpe gra\u00e7as ao seu amortecimento e f\u00e1cil controle do golpe. Com uma ponte projetada para reduzir as vibra\u00e7\u00f5es.<\/p>\n<h3>O resultado ser\u00e1 a vit\u00f3ria gra\u00e7as aos melhores materiais<\/h3>\n<p>Com certeza ganhe o pr\u00f3ximo jogo com esta raquete em formato de l\u00e1grima com equil\u00edbrio equilibrado e ponto ideal no centro. O ponto ideal \u00e9 otimizado para que voc\u00ea tenha o poder e o controle perfeitos para marcar os melhores pontos. Suas superf\u00edcies s\u00e3o feitas de carbono 12K com flexibilidade e rigidez m\u00e9dias que permitem jogar com alto desempenho. E a moldura \u00e9 revestida por uma l\u00e2mina de material polim\u00e9rico que se caracteriza pela longa durabilidade e resist\u00eancia a arranh\u00f5es e impactos.<\/p>\n<h2>Los jugadores avanzados juegan esta temporada con la Head Speed PRO X 2023<\/h2>\n","protected":false},"excerpt":{"rendered":"<p>A raquete de padel para os jogadores mais avan\u00e7ados da nova temporada. Head Speed \u200b\u200bPRO X 2023. Uma raquete vers\u00e1til para um jogo vers\u00e1til. Com tecnologia inovadora exclusiva da marca, como o Smart Bridge.<\/p>\n","protected":false},"featured_media":52294,"comment_status":"open","ping_status":"closed","template":"","meta":{"_acf_changed":false,"_joinchat":[]},"acabado":[1085],"balance":[1135],"dureza":[1155],"forma":[1185],"jugador":[1190,1200],"marca":[1220],"nivel-de-juego":[1335],"superficie":[1355],"tipo-de-juego":[1375],"product_brand":[],"product_cat":[300],"product_tag":[],"class_list":{"0":"post-20358","1":"product","2":"type-product","3":"status-publish","4":"has-post-thumbnail","6":"acabado-companheiro","7":"balance-alto-pt-pt","8":"dureza-media-pt-pt","9":"forma-lagrima-pt-pt","10":"jugador-homem","11":"jugador-polivalente-pt-pt","12":"marca-cabeca","13":"superficie-lisa-pt-pt","14":"tipo-de-juego-poder","15":"product_cat-palas","17":"first","18":"onbackorder","19":"sale","20":"taxable","21":"shipping-taxable","22":"purchasable","23":"product-type-simple"},"acf":[],"yoast_head":"<!-- This site is optimized with the Yoast SEO plugin v27.4 - https:\/\/yoast.com\/product\/yoast-seo-wordpress\/ -->\n<title>HEAD SPEED PRO X 2023 - Revolution Padel Store<\/title>\n<meta name=\"description\" content=\"La pala de p\u00e1del de los jugadores m\u00e1s avanzados de la nueva temporada. Head Speed PRO X 2023. Una pala vers\u00e1til para un juego polivalente. Con tecnolog\u00eda innovadora \u00fanica de la marca como su Smart Bridge.\" \/>\n<meta name=\"robots\" content=\"index, follow, max-snippet:-1, max-image-preview:large, max-video-preview:-1\" \/>\n<link rel=\"canonical\" href=\"https:\/\/revolutionpadelstore.com\/pt-pt\/produto\/head-speed-pro-x-2023-5\/\" \/>\n<meta property=\"og:locale\" content=\"pt_PT\" \/>\n<meta property=\"og:type\" content=\"article\" \/>\n<meta property=\"og:title\" content=\"HEAD SPEED PRO X 2023 - Revolution Padel Store\" \/>\n<meta property=\"og:description\" content=\"La pala de p\u00e1del de los jugadores m\u00e1s avanzados de la nueva temporada. Head Speed PRO X 2023. Una pala vers\u00e1til para un juego polivalente. Con tecnolog\u00eda innovadora \u00fanica de la marca como su Smart Bridge.\" \/>\n<meta property=\"og:url\" content=\"https:\/\/revolutionpadelstore.com\/pt-pt\/produto\/head-speed-pro-x-2023-5\/\" \/>\n<meta property=\"og:site_name\" content=\"Revolution Padel Store\" \/>\n<meta property=\"article:modified_time\" content=\"2026-04-08T13:00:35+00:00\" \/>\n<meta property=\"og:image\" content=\"https:\/\/revolutionpadelstore.com\/wp-content\/uploads\/2024\/03\/32512_head_speed_pro_x_202_221043_1500x1500_vista1_5836.webp\" \/>\n\t<meta property=\"og:image:width\" content=\"1500\" \/>\n\t<meta property=\"og:image:height\" content=\"1500\" \/>\n\t<meta property=\"og:image:type\" content=\"image\/webp\" \/>\n<meta name=\"twitter:card\" content=\"summary_large_image\" \/>\n<meta name=\"twitter:label1\" content=\"Tempo estimado de leitura\" \/>\n\t<meta name=\"twitter:data1\" content=\"2 minutos\" \/>\n<script type=\"application\/ld+json\" class=\"yoast-schema-graph\">{\"@context\":\"https:\\\/\\\/schema.org\",\"@graph\":[{\"@type\":\"WebPage\",\"@id\":\"https:\\\/\\\/revolutionpadelstore.com\\\/pt-pt\\\/produto\\\/head-speed-pro-x-2023-5\\\/\",\"url\":\"https:\\\/\\\/revolutionpadelstore.com\\\/pt-pt\\\/produto\\\/head-speed-pro-x-2023-5\\\/\",\"name\":\"HEAD SPEED PRO X 2023 - Revolution Padel Store\",\"isPartOf\":{\"@id\":\"https:\\\/\\\/revolutionpadelstore.com\\\/pt-pt\\\/#website\"},\"primaryImageOfPage\":{\"@id\":\"https:\\\/\\\/revolutionpadelstore.com\\\/pt-pt\\\/produto\\\/head-speed-pro-x-2023-5\\\/#primaryimage\"},\"image\":{\"@id\":\"https:\\\/\\\/revolutionpadelstore.com\\\/pt-pt\\\/produto\\\/head-speed-pro-x-2023-5\\\/#primaryimage\"},\"thumbnailUrl\":\"https:\\\/\\\/revolutionpadelstore.com\\\/wp-content\\\/uploads\\\/2024\\\/03\\\/32512_head_speed_pro_x_202_221043_1500x1500_vista1_5836.webp\",\"datePublished\":\"2024-03-15T12:12:01+00:00\",\"dateModified\":\"2026-04-08T13:00:35+00:00\",\"description\":\"La pala de p\u00e1del de los jugadores m\u00e1s avanzados de la nueva temporada. Head Speed PRO X 2023. Una pala vers\u00e1til para un juego polivalente. Con tecnolog\u00eda innovadora \u00fanica de la marca como su Smart Bridge.\",\"breadcrumb\":{\"@id\":\"https:\\\/\\\/revolutionpadelstore.com\\\/pt-pt\\\/produto\\\/head-speed-pro-x-2023-5\\\/#breadcrumb\"},\"inLanguage\":\"pt-PT\",\"potentialAction\":[{\"@type\":\"ReadAction\",\"target\":[\"https:\\\/\\\/revolutionpadelstore.com\\\/pt-pt\\\/produto\\\/head-speed-pro-x-2023-5\\\/\"]}]},{\"@type\":\"ImageObject\",\"inLanguage\":\"pt-PT\",\"@id\":\"https:\\\/\\\/revolutionpadelstore.com\\\/pt-pt\\\/produto\\\/head-speed-pro-x-2023-5\\\/#primaryimage\",\"url\":\"https:\\\/\\\/revolutionpadelstore.com\\\/wp-content\\\/uploads\\\/2024\\\/03\\\/32512_head_speed_pro_x_202_221043_1500x1500_vista1_5836.webp\",\"contentUrl\":\"https:\\\/\\\/revolutionpadelstore.com\\\/wp-content\\\/uploads\\\/2024\\\/03\\\/32512_head_speed_pro_x_202_221043_1500x1500_vista1_5836.webp\",\"width\":1500,\"height\":1500},{\"@type\":\"BreadcrumbList\",\"@id\":\"https:\\\/\\\/revolutionpadelstore.com\\\/pt-pt\\\/produto\\\/head-speed-pro-x-2023-5\\\/#breadcrumb\",\"itemListElement\":[{\"@type\":\"ListItem\",\"position\":1,\"name\":\"Portada\",\"item\":\"https:\\\/\\\/revolutionpadelstore.com\\\/pt-pt\\\/\"},{\"@type\":\"ListItem\",\"position\":2,\"name\":\"Tienda\",\"item\":\"https:\\\/\\\/revolutionpadelstore.com\\\/pt-pt\\\/tienda\\\/\"},{\"@type\":\"ListItem\",\"position\":3,\"name\":\"HEAD SPEED PRO X 2023\"}]},{\"@type\":\"WebSite\",\"@id\":\"https:\\\/\\\/revolutionpadelstore.com\\\/pt-pt\\\/#website\",\"url\":\"https:\\\/\\\/revolutionpadelstore.com\\\/pt-pt\\\/\",\"name\":\"Revolution Padel Store\",\"description\":\"\",\"publisher\":{\"@id\":\"https:\\\/\\\/revolutionpadelstore.com\\\/pt-pt\\\/#organization\"},\"potentialAction\":[{\"@type\":\"SearchAction\",\"target\":{\"@type\":\"EntryPoint\",\"urlTemplate\":\"https:\\\/\\\/revolutionpadelstore.com\\\/pt-pt\\\/?s={search_term_string}\"},\"query-input\":{\"@type\":\"PropertyValueSpecification\",\"valueRequired\":true,\"valueName\":\"search_term_string\"}}],\"inLanguage\":\"pt-PT\"},{\"@type\":\"Organization\",\"@id\":\"https:\\\/\\\/revolutionpadelstore.com\\\/pt-pt\\\/#organization\",\"name\":\"Revolution Padel Store\",\"url\":\"https:\\\/\\\/revolutionpadelstore.com\\\/pt-pt\\\/\",\"logo\":{\"@type\":\"ImageObject\",\"inLanguage\":\"pt-PT\",\"@id\":\"https:\\\/\\\/revolutionpadelstore.com\\\/pt-pt\\\/#\\\/schema\\\/logo\\\/image\\\/\",\"url\":\"https:\\\/\\\/revolutionpadelstore.com\\\/wp-content\\\/uploads\\\/2026\\\/02\\\/revolution-padel-store.jpg\",\"contentUrl\":\"https:\\\/\\\/revolutionpadelstore.com\\\/wp-content\\\/uploads\\\/2026\\\/02\\\/revolution-padel-store.jpg\",\"width\":2000,\"height\":2000,\"caption\":\"Revolution Padel Store\"},\"image\":{\"@id\":\"https:\\\/\\\/revolutionpadelstore.com\\\/pt-pt\\\/#\\\/schema\\\/logo\\\/image\\\/\"},\"sameAs\":[\"https:\\\/\\\/www.instagram.com\\\/revolutionpadelstore\\\/\"]}]}<\/script>\n<!-- \/ Yoast SEO plugin. -->","yoast_head_json":{"title":"HEAD SPEED PRO X 2023 - Revolution Padel Store","description":"La pala de p\u00e1del de los jugadores m\u00e1s avanzados de la nueva temporada. Head Speed PRO X 2023. Una pala vers\u00e1til para un juego polivalente. Con tecnolog\u00eda innovadora \u00fanica de la marca como su Smart Bridge.","robots":{"index":"index","follow":"follow","max-snippet":"max-snippet:-1","max-image-preview":"max-image-preview:large","max-video-preview":"max-video-preview:-1"},"canonical":"https:\/\/revolutionpadelstore.com\/pt-pt\/produto\/head-speed-pro-x-2023-5\/","og_locale":"pt_PT","og_type":"article","og_title":"HEAD SPEED PRO X 2023 - Revolution Padel Store","og_description":"La pala de p\u00e1del de los jugadores m\u00e1s avanzados de la nueva temporada. Head Speed PRO X 2023. Una pala vers\u00e1til para un juego polivalente. Con tecnolog\u00eda innovadora \u00fanica de la marca como su Smart Bridge.","og_url":"https:\/\/revolutionpadelstore.com\/pt-pt\/produto\/head-speed-pro-x-2023-5\/","og_site_name":"Revolution Padel Store","article_modified_time":"2026-04-08T13:00:35+00:00","og_image":[{"width":1500,"height":1500,"url":"https:\/\/revolutionpadelstore.com\/wp-content\/uploads\/2024\/03\/32512_head_speed_pro_x_202_221043_1500x1500_vista1_5836.webp","type":"image\/webp"}],"twitter_card":"summary_large_image","twitter_misc":{"Tempo estimado de leitura":"2 minutos"},"schema":{"@context":"https:\/\/schema.org","@graph":[{"@type":"WebPage","@id":"https:\/\/revolutionpadelstore.com\/pt-pt\/produto\/head-speed-pro-x-2023-5\/","url":"https:\/\/revolutionpadelstore.com\/pt-pt\/produto\/head-speed-pro-x-2023-5\/","name":"HEAD SPEED PRO X 2023 - Revolution Padel Store","isPartOf":{"@id":"https:\/\/revolutionpadelstore.com\/pt-pt\/#website"},"primaryImageOfPage":{"@id":"https:\/\/revolutionpadelstore.com\/pt-pt\/produto\/head-speed-pro-x-2023-5\/#primaryimage"},"image":{"@id":"https:\/\/revolutionpadelstore.com\/pt-pt\/produto\/head-speed-pro-x-2023-5\/#primaryimage"},"thumbnailUrl":"https:\/\/revolutionpadelstore.com\/wp-content\/uploads\/2024\/03\/32512_head_speed_pro_x_202_221043_1500x1500_vista1_5836.webp","datePublished":"2024-03-15T12:12:01+00:00","dateModified":"2026-04-08T13:00:35+00:00","description":"La pala de p\u00e1del de los jugadores m\u00e1s avanzados de la nueva temporada. Head Speed PRO X 2023. Una pala vers\u00e1til para un juego polivalente. Con tecnolog\u00eda innovadora \u00fanica de la marca como su Smart Bridge.","breadcrumb":{"@id":"https:\/\/revolutionpadelstore.com\/pt-pt\/produto\/head-speed-pro-x-2023-5\/#breadcrumb"},"inLanguage":"pt-PT","potentialAction":[{"@type":"ReadAction","target":["https:\/\/revolutionpadelstore.com\/pt-pt\/produto\/head-speed-pro-x-2023-5\/"]}]},{"@type":"ImageObject","inLanguage":"pt-PT","@id":"https:\/\/revolutionpadelstore.com\/pt-pt\/produto\/head-speed-pro-x-2023-5\/#primaryimage","url":"https:\/\/revolutionpadelstore.com\/wp-content\/uploads\/2024\/03\/32512_head_speed_pro_x_202_221043_1500x1500_vista1_5836.webp","contentUrl":"https:\/\/revolutionpadelstore.com\/wp-content\/uploads\/2024\/03\/32512_head_speed_pro_x_202_221043_1500x1500_vista1_5836.webp","width":1500,"height":1500},{"@type":"BreadcrumbList","@id":"https:\/\/revolutionpadelstore.com\/pt-pt\/produto\/head-speed-pro-x-2023-5\/#breadcrumb","itemListElement":[{"@type":"ListItem","position":1,"name":"Portada","item":"https:\/\/revolutionpadelstore.com\/pt-pt\/"},{"@type":"ListItem","position":2,"name":"Tienda","item":"https:\/\/revolutionpadelstore.com\/pt-pt\/tienda\/"},{"@type":"ListItem","position":3,"name":"HEAD SPEED PRO X 2023"}]},{"@type":"WebSite","@id":"https:\/\/revolutionpadelstore.com\/pt-pt\/#website","url":"https:\/\/revolutionpadelstore.com\/pt-pt\/","name":"Revolution Padel Store","description":"","publisher":{"@id":"https:\/\/revolutionpadelstore.com\/pt-pt\/#organization"},"potentialAction":[{"@type":"SearchAction","target":{"@type":"EntryPoint","urlTemplate":"https:\/\/revolutionpadelstore.com\/pt-pt\/?s={search_term_string}"},"query-input":{"@type":"PropertyValueSpecification","valueRequired":true,"valueName":"search_term_string"}}],"inLanguage":"pt-PT"},{"@type":"Organization","@id":"https:\/\/revolutionpadelstore.com\/pt-pt\/#organization","name":"Revolution Padel Store","url":"https:\/\/revolutionpadelstore.com\/pt-pt\/","logo":{"@type":"ImageObject","inLanguage":"pt-PT","@id":"https:\/\/revolutionpadelstore.com\/pt-pt\/#\/schema\/logo\/image\/","url":"https:\/\/revolutionpadelstore.com\/wp-content\/uploads\/2026\/02\/revolution-padel-store.jpg","contentUrl":"https:\/\/revolutionpadelstore.com\/wp-content\/uploads\/2026\/02\/revolution-padel-store.jpg","width":2000,"height":2000,"caption":"Revolution Padel Store"},"image":{"@id":"https:\/\/revolutionpadelstore.com\/pt-pt\/#\/schema\/logo\/image\/"},"sameAs":["https:\/\/www.instagram.com\/revolutionpadelstore\/"]}]}},"_links":{"self":[{"href":"https:\/\/revolutionpadelstore.com\/pt-pt\/wp-json\/wp\/v2\/product\/20358","targetHints":{"allow":["GET"]}}],"collection":[{"href":"https:\/\/revolutionpadelstore.com\/pt-pt\/wp-json\/wp\/v2\/product"}],"about":[{"href":"https:\/\/revolutionpadelstore.com\/pt-pt\/wp-json\/wp\/v2\/types\/product"}],"replies":[{"embeddable":true,"href":"https:\/\/revolutionpadelstore.com\/pt-pt\/wp-json\/wp\/v2\/comments?post=20358"}],"wp:featuredmedia":[{"embeddable":true,"href":"https:\/\/revolutionpadelstore.com\/pt-pt\/wp-json\/wp\/v2\/media\/52294"}],"wp:attachment":[{"href":"https:\/\/revolutionpadelstore.com\/pt-pt\/wp-json\/wp\/v2\/media?parent=20358"}],"wp:term":[{"taxonomy":"acabado","embeddable":true,"href":"https:\/\/revolutionpadelstore.com\/pt-pt\/wp-json\/wp\/v2\/acabado?post=20358"},{"taxonomy":"balance","embeddable":true,"href":"https:\/\/revolutionpadelstore.com\/pt-pt\/wp-json\/wp\/v2\/balance?post=20358"},{"taxonomy":"dureza","embeddable":true,"href":"https:\/\/revolutionpadelstore.com\/pt-pt\/wp-json\/wp\/v2\/dureza?post=20358"},{"taxonomy":"forma","embeddable":true,"href":"https:\/\/revolutionpadelstore.com\/pt-pt\/wp-json\/wp\/v2\/forma?post=20358"},{"taxonomy":"jugador","embeddable":true,"href":"https:\/\/revolutionpadelstore.com\/pt-pt\/wp-json\/wp\/v2\/jugador?post=20358"},{"taxonomy":"marca","embeddable":true,"href":"https:\/\/revolutionpadelstore.com\/pt-pt\/wp-json\/wp\/v2\/marca?post=20358"},{"taxonomy":"nivel-de-juego","embeddable":true,"href":"https:\/\/revolutionpadelstore.com\/pt-pt\/wp-json\/wp\/v2\/nivel-de-juego?post=20358"},{"taxonomy":"superficie","embeddable":true,"href":"https:\/\/revolutionpadelstore.com\/pt-pt\/wp-json\/wp\/v2\/superficie?post=20358"},{"taxonomy":"tipo-de-juego","embeddable":true,"href":"https:\/\/revolutionpadelstore.com\/pt-pt\/wp-json\/wp\/v2\/tipo-de-juego?post=20358"},{"taxonomy":"product_brand","embeddable":true,"href":"https:\/\/revolutionpadelstore.com\/pt-pt\/wp-json\/wp\/v2\/product_brand?post=20358"},{"taxonomy":"product_cat","embeddable":true,"href":"https:\/\/revolutionpadelstore.com\/pt-pt\/wp-json\/wp\/v2\/product_cat?post=20358"},{"taxonomy":"product_tag","embeddable":true,"href":"https:\/\/revolutionpadelstore.com\/pt-pt\/wp-json\/wp\/v2\/product_tag?post=20358"}],"curies":[{"name":"wp","href":"https:\/\/api.w.org\/{rel}","templated":true}]}}