{"id":20353,"date":"2024-03-15T13:25:22","date_gmt":"2024-03-15T12:25:22","guid":{"rendered":"https:\/\/revolutionpadelstore.com\/head-extreme-elite-2023\/"},"modified":"2026-04-08T14:59:55","modified_gmt":"2026-04-08T12:59:55","slug":"head-extreme-elite-2023-5","status":"publish","type":"product","link":"https:\/\/revolutionpadelstore.com\/pt-pt\/produto\/head-extreme-elite-2023-5\/","title":{"rendered":"HEAD EXTREME ELITE 2023"},"content":{"rendered":"<h2>Head Extreme Elite 2023, raquete perfeita para n\u00edveis intermedi\u00e1rios<\/h2>\n<p><strong>Head Extreme Elite 2023<\/strong>, uma raquete de padel projetada para elevar seu desempenho na quadra. Se voc\u00ea \u00e9 um jogador de n\u00edvel intermedi\u00e1rio que busca dominar cada ponto do jogo com for\u00e7a, esta raquete em formato de diamante \u00e9 a escolha perfeita. Peso m\u00e9dio de 365 gramas para uma raquete de f\u00e1cil manuseio.<\/p>\n<h2>Raquete de padel de toque m\u00e9dio e flex\u00edvel<\/h2>\n<p>Uma das caracter\u00edsticas marcantes do Head Extreme Elite 2023 \u00e9 a constru\u00e7\u00e3o de faces em fibra de vidro (<em><strong>Fiberglass<\/strong><\/em>). Este material n\u00e3o s\u00f3 proporciona durabilidade e resist\u00eancia, mas tamb\u00e9m oferece um n\u00edvel ideal de pot\u00eancia e controle em cada tiro. O n\u00facleo de borracha Power Foam adiciona uma sensa\u00e7\u00e3o de for\u00e7a controlada aos seus chutes, permitindo que voc\u00ea ataque a bola com efici\u00eancia e precis\u00e3o.<\/p>\n<p>A tecnologia <strong>Auxetic<\/em><\/strong>da Head presente nesta raquete permite um jogo verdadeiramente transformador. Esta inova\u00e7\u00e3o \u00fanica otimiza a resposta da raquete, adaptando-se ao seu estilo de jogo e proporcionando um desempenho incompar\u00e1vel em todas as partidas. As faces suaves e o ponto ideal otimizado amplificam a sensa\u00e7\u00e3o de conex\u00e3o com a bola, permitindo que voc\u00ea experimente um controle preciso em cada chute.<\/p>\n<h3>Tecnologia l\u00edder para uma raquete de padel de qualidade<\/h3>\n<p>A ponte <em><strong>Smart Bridge<\/strong><\/em> n\u00e3o \u00e9 apenas est\u00e9tica, mas tamb\u00e9m melhora a aerodin\u00e2mica da l\u00e2mina para maior velocidade em seus movimentos. A arma\u00e7\u00e3o \u00e9 protegida pelo protetor Anti Shock, garantindo durabilidade excepcional mesmo nas partidas mais intensas. A Estrutura Tubular Tailored acrescenta solidez ao conjunto, proporcionando uma sensa\u00e7\u00e3o de solidez e estabilidade a cada golpe.<\/p>\n<p>O Soft Butt Cap acolchoado proporciona conforto durante as sess\u00f5es mais longas na quadra, permitindo que voc\u00ea se concentre no jogo em vez de distra\u00e7\u00f5es desconfort\u00e1veis. O design nas cores verde claro e verde escuro \u00e9 original e estilo esportivo de elite<\/p>\n<h2>Head Extreme Elite 2023, pala perfecta para niveles intermedios<\/h2>\n","protected":false},"excerpt":{"rendered":"<div class=\"vis\u00e3o geral do atributo do produto\">\n<div class=\"valor\">\n<p>Head Extreme Elite 2023, raquete de fibra de vidro com tecnologia Auxetic. Design em forma de diamante para jogadores de padel de n\u00edvel intermedi\u00e1rio.<\/p>\n<\/div>\n<\/div>\n<div class=\"produto-add-form\">\n<div class=\"quantidade do campo\"><\/div>\n<\/div>\n","protected":false},"featured_media":52286,"comment_status":"open","ping_status":"closed","template":"","meta":{"_acf_changed":false,"_joinchat":[]},"acabado":[1080],"balance":[1135],"dureza":[1155],"forma":[1170],"jugador":[1190,1200],"marca":[1220],"nivel-de-juego":[1350],"superficie":[1355],"tipo-de-juego":[1375],"product_brand":[],"product_cat":[300],"product_tag":[],"class_list":{"0":"post-20353","1":"product","2":"type-product","3":"status-publish","4":"has-post-thumbnail","6":"acabado-brilho","7":"balance-alto-pt-pt","8":"dureza-media-pt-pt","9":"forma-diamante-pt-pt","10":"jugador-homem","11":"jugador-polivalente-pt-pt","12":"marca-cabeca","13":"superficie-lisa-pt-pt","14":"tipo-de-juego-poder","15":"product_cat-palas","17":"first","18":"instock","19":"sale","20":"taxable","21":"shipping-taxable","22":"purchasable","23":"product-type-simple"},"acf":[],"yoast_head":"<!-- This site is optimized with the Yoast SEO plugin v27.4 - https:\/\/yoast.com\/product\/yoast-seo-wordpress\/ -->\n<title>HEAD EXTREME ELITE 2023 - Revolution Padel Store<\/title>\n<meta name=\"description\" content=\"Head Extreme Elite 2023, pala de fibra de vidrio con tecnolog\u00eda Auxetic. Dise\u00f1o en forma de diamante para jugadores de p\u00e1del de nivel intermedio.\" \/>\n<meta name=\"robots\" content=\"index, follow, max-snippet:-1, max-image-preview:large, max-video-preview:-1\" \/>\n<link rel=\"canonical\" href=\"https:\/\/revolutionpadelstore.com\/pt-pt\/produto\/head-extreme-elite-2023-5\/\" \/>\n<meta property=\"og:locale\" content=\"pt_PT\" \/>\n<meta property=\"og:type\" content=\"article\" \/>\n<meta property=\"og:title\" content=\"HEAD EXTREME ELITE 2023 - Revolution Padel Store\" \/>\n<meta property=\"og:description\" content=\"Head Extreme Elite 2023, pala de fibra de vidrio con tecnolog\u00eda Auxetic. Dise\u00f1o en forma de diamante para jugadores de p\u00e1del de nivel intermedio.\" \/>\n<meta property=\"og:url\" content=\"https:\/\/revolutionpadelstore.com\/pt-pt\/produto\/head-extreme-elite-2023-5\/\" \/>\n<meta property=\"og:site_name\" content=\"Revolution Padel Store\" \/>\n<meta property=\"article:modified_time\" content=\"2026-04-08T12:59:55+00:00\" \/>\n<meta property=\"og:image\" content=\"https:\/\/revolutionpadelstore.com\/wp-content\/uploads\/2024\/03\/110100_pala_head_extreme_elite_2023_223033_1500x1500_vista1_0670.webp\" \/>\n\t<meta property=\"og:image:width\" content=\"1500\" \/>\n\t<meta property=\"og:image:height\" content=\"1500\" \/>\n\t<meta property=\"og:image:type\" content=\"image\/webp\" \/>\n<meta name=\"twitter:card\" content=\"summary_large_image\" \/>\n<meta name=\"twitter:label1\" content=\"Tempo estimado de leitura\" \/>\n\t<meta name=\"twitter:data1\" content=\"2 minutos\" \/>\n<script type=\"application\/ld+json\" class=\"yoast-schema-graph\">{\"@context\":\"https:\\\/\\\/schema.org\",\"@graph\":[{\"@type\":\"WebPage\",\"@id\":\"https:\\\/\\\/revolutionpadelstore.com\\\/pt-pt\\\/produto\\\/head-extreme-elite-2023-5\\\/\",\"url\":\"https:\\\/\\\/revolutionpadelstore.com\\\/pt-pt\\\/produto\\\/head-extreme-elite-2023-5\\\/\",\"name\":\"HEAD EXTREME ELITE 2023 - Revolution Padel Store\",\"isPartOf\":{\"@id\":\"https:\\\/\\\/revolutionpadelstore.com\\\/pt-pt\\\/#website\"},\"primaryImageOfPage\":{\"@id\":\"https:\\\/\\\/revolutionpadelstore.com\\\/pt-pt\\\/produto\\\/head-extreme-elite-2023-5\\\/#primaryimage\"},\"image\":{\"@id\":\"https:\\\/\\\/revolutionpadelstore.com\\\/pt-pt\\\/produto\\\/head-extreme-elite-2023-5\\\/#primaryimage\"},\"thumbnailUrl\":\"https:\\\/\\\/revolutionpadelstore.com\\\/wp-content\\\/uploads\\\/2024\\\/03\\\/110100_pala_head_extreme_elite_2023_223033_1500x1500_vista1_0670.webp\",\"datePublished\":\"2024-03-15T12:25:22+00:00\",\"dateModified\":\"2026-04-08T12:59:55+00:00\",\"description\":\"Head Extreme Elite 2023, pala de fibra de vidrio con tecnolog\u00eda Auxetic. Dise\u00f1o en forma de diamante para jugadores de p\u00e1del de nivel intermedio.\",\"breadcrumb\":{\"@id\":\"https:\\\/\\\/revolutionpadelstore.com\\\/pt-pt\\\/produto\\\/head-extreme-elite-2023-5\\\/#breadcrumb\"},\"inLanguage\":\"pt-PT\",\"potentialAction\":[{\"@type\":\"ReadAction\",\"target\":[\"https:\\\/\\\/revolutionpadelstore.com\\\/pt-pt\\\/produto\\\/head-extreme-elite-2023-5\\\/\"]}]},{\"@type\":\"ImageObject\",\"inLanguage\":\"pt-PT\",\"@id\":\"https:\\\/\\\/revolutionpadelstore.com\\\/pt-pt\\\/produto\\\/head-extreme-elite-2023-5\\\/#primaryimage\",\"url\":\"https:\\\/\\\/revolutionpadelstore.com\\\/wp-content\\\/uploads\\\/2024\\\/03\\\/110100_pala_head_extreme_elite_2023_223033_1500x1500_vista1_0670.webp\",\"contentUrl\":\"https:\\\/\\\/revolutionpadelstore.com\\\/wp-content\\\/uploads\\\/2024\\\/03\\\/110100_pala_head_extreme_elite_2023_223033_1500x1500_vista1_0670.webp\",\"width\":1500,\"height\":1500},{\"@type\":\"BreadcrumbList\",\"@id\":\"https:\\\/\\\/revolutionpadelstore.com\\\/pt-pt\\\/produto\\\/head-extreme-elite-2023-5\\\/#breadcrumb\",\"itemListElement\":[{\"@type\":\"ListItem\",\"position\":1,\"name\":\"Portada\",\"item\":\"https:\\\/\\\/revolutionpadelstore.com\\\/pt-pt\\\/\"},{\"@type\":\"ListItem\",\"position\":2,\"name\":\"Tienda\",\"item\":\"https:\\\/\\\/revolutionpadelstore.com\\\/pt-pt\\\/tienda\\\/\"},{\"@type\":\"ListItem\",\"position\":3,\"name\":\"HEAD EXTREME ELITE 2023\"}]},{\"@type\":\"WebSite\",\"@id\":\"https:\\\/\\\/revolutionpadelstore.com\\\/pt-pt\\\/#website\",\"url\":\"https:\\\/\\\/revolutionpadelstore.com\\\/pt-pt\\\/\",\"name\":\"Revolution Padel Store\",\"description\":\"\",\"publisher\":{\"@id\":\"https:\\\/\\\/revolutionpadelstore.com\\\/pt-pt\\\/#organization\"},\"potentialAction\":[{\"@type\":\"SearchAction\",\"target\":{\"@type\":\"EntryPoint\",\"urlTemplate\":\"https:\\\/\\\/revolutionpadelstore.com\\\/pt-pt\\\/?s={search_term_string}\"},\"query-input\":{\"@type\":\"PropertyValueSpecification\",\"valueRequired\":true,\"valueName\":\"search_term_string\"}}],\"inLanguage\":\"pt-PT\"},{\"@type\":\"Organization\",\"@id\":\"https:\\\/\\\/revolutionpadelstore.com\\\/pt-pt\\\/#organization\",\"name\":\"Revolution Padel Store\",\"url\":\"https:\\\/\\\/revolutionpadelstore.com\\\/pt-pt\\\/\",\"logo\":{\"@type\":\"ImageObject\",\"inLanguage\":\"pt-PT\",\"@id\":\"https:\\\/\\\/revolutionpadelstore.com\\\/pt-pt\\\/#\\\/schema\\\/logo\\\/image\\\/\",\"url\":\"https:\\\/\\\/revolutionpadelstore.com\\\/wp-content\\\/uploads\\\/2026\\\/02\\\/revolution-padel-store.jpg\",\"contentUrl\":\"https:\\\/\\\/revolutionpadelstore.com\\\/wp-content\\\/uploads\\\/2026\\\/02\\\/revolution-padel-store.jpg\",\"width\":2000,\"height\":2000,\"caption\":\"Revolution Padel Store\"},\"image\":{\"@id\":\"https:\\\/\\\/revolutionpadelstore.com\\\/pt-pt\\\/#\\\/schema\\\/logo\\\/image\\\/\"},\"sameAs\":[\"https:\\\/\\\/www.instagram.com\\\/revolutionpadelstore\\\/\"]}]}<\/script>\n<!-- \/ Yoast SEO plugin. -->","yoast_head_json":{"title":"HEAD EXTREME ELITE 2023 - Revolution Padel Store","description":"Head Extreme Elite 2023, pala de fibra de vidrio con tecnolog\u00eda Auxetic. Dise\u00f1o en forma de diamante para jugadores de p\u00e1del de nivel intermedio.","robots":{"index":"index","follow":"follow","max-snippet":"max-snippet:-1","max-image-preview":"max-image-preview:large","max-video-preview":"max-video-preview:-1"},"canonical":"https:\/\/revolutionpadelstore.com\/pt-pt\/produto\/head-extreme-elite-2023-5\/","og_locale":"pt_PT","og_type":"article","og_title":"HEAD EXTREME ELITE 2023 - Revolution Padel Store","og_description":"Head Extreme Elite 2023, pala de fibra de vidrio con tecnolog\u00eda Auxetic. Dise\u00f1o en forma de diamante para jugadores de p\u00e1del de nivel intermedio.","og_url":"https:\/\/revolutionpadelstore.com\/pt-pt\/produto\/head-extreme-elite-2023-5\/","og_site_name":"Revolution Padel Store","article_modified_time":"2026-04-08T12:59:55+00:00","og_image":[{"width":1500,"height":1500,"url":"https:\/\/revolutionpadelstore.com\/wp-content\/uploads\/2024\/03\/110100_pala_head_extreme_elite_2023_223033_1500x1500_vista1_0670.webp","type":"image\/webp"}],"twitter_card":"summary_large_image","twitter_misc":{"Tempo estimado de leitura":"2 minutos"},"schema":{"@context":"https:\/\/schema.org","@graph":[{"@type":"WebPage","@id":"https:\/\/revolutionpadelstore.com\/pt-pt\/produto\/head-extreme-elite-2023-5\/","url":"https:\/\/revolutionpadelstore.com\/pt-pt\/produto\/head-extreme-elite-2023-5\/","name":"HEAD EXTREME ELITE 2023 - Revolution Padel Store","isPartOf":{"@id":"https:\/\/revolutionpadelstore.com\/pt-pt\/#website"},"primaryImageOfPage":{"@id":"https:\/\/revolutionpadelstore.com\/pt-pt\/produto\/head-extreme-elite-2023-5\/#primaryimage"},"image":{"@id":"https:\/\/revolutionpadelstore.com\/pt-pt\/produto\/head-extreme-elite-2023-5\/#primaryimage"},"thumbnailUrl":"https:\/\/revolutionpadelstore.com\/wp-content\/uploads\/2024\/03\/110100_pala_head_extreme_elite_2023_223033_1500x1500_vista1_0670.webp","datePublished":"2024-03-15T12:25:22+00:00","dateModified":"2026-04-08T12:59:55+00:00","description":"Head Extreme Elite 2023, pala de fibra de vidrio con tecnolog\u00eda Auxetic. Dise\u00f1o en forma de diamante para jugadores de p\u00e1del de nivel intermedio.","breadcrumb":{"@id":"https:\/\/revolutionpadelstore.com\/pt-pt\/produto\/head-extreme-elite-2023-5\/#breadcrumb"},"inLanguage":"pt-PT","potentialAction":[{"@type":"ReadAction","target":["https:\/\/revolutionpadelstore.com\/pt-pt\/produto\/head-extreme-elite-2023-5\/"]}]},{"@type":"ImageObject","inLanguage":"pt-PT","@id":"https:\/\/revolutionpadelstore.com\/pt-pt\/produto\/head-extreme-elite-2023-5\/#primaryimage","url":"https:\/\/revolutionpadelstore.com\/wp-content\/uploads\/2024\/03\/110100_pala_head_extreme_elite_2023_223033_1500x1500_vista1_0670.webp","contentUrl":"https:\/\/revolutionpadelstore.com\/wp-content\/uploads\/2024\/03\/110100_pala_head_extreme_elite_2023_223033_1500x1500_vista1_0670.webp","width":1500,"height":1500},{"@type":"BreadcrumbList","@id":"https:\/\/revolutionpadelstore.com\/pt-pt\/produto\/head-extreme-elite-2023-5\/#breadcrumb","itemListElement":[{"@type":"ListItem","position":1,"name":"Portada","item":"https:\/\/revolutionpadelstore.com\/pt-pt\/"},{"@type":"ListItem","position":2,"name":"Tienda","item":"https:\/\/revolutionpadelstore.com\/pt-pt\/tienda\/"},{"@type":"ListItem","position":3,"name":"HEAD EXTREME ELITE 2023"}]},{"@type":"WebSite","@id":"https:\/\/revolutionpadelstore.com\/pt-pt\/#website","url":"https:\/\/revolutionpadelstore.com\/pt-pt\/","name":"Revolution Padel Store","description":"","publisher":{"@id":"https:\/\/revolutionpadelstore.com\/pt-pt\/#organization"},"potentialAction":[{"@type":"SearchAction","target":{"@type":"EntryPoint","urlTemplate":"https:\/\/revolutionpadelstore.com\/pt-pt\/?s={search_term_string}"},"query-input":{"@type":"PropertyValueSpecification","valueRequired":true,"valueName":"search_term_string"}}],"inLanguage":"pt-PT"},{"@type":"Organization","@id":"https:\/\/revolutionpadelstore.com\/pt-pt\/#organization","name":"Revolution Padel Store","url":"https:\/\/revolutionpadelstore.com\/pt-pt\/","logo":{"@type":"ImageObject","inLanguage":"pt-PT","@id":"https:\/\/revolutionpadelstore.com\/pt-pt\/#\/schema\/logo\/image\/","url":"https:\/\/revolutionpadelstore.com\/wp-content\/uploads\/2026\/02\/revolution-padel-store.jpg","contentUrl":"https:\/\/revolutionpadelstore.com\/wp-content\/uploads\/2026\/02\/revolution-padel-store.jpg","width":2000,"height":2000,"caption":"Revolution Padel Store"},"image":{"@id":"https:\/\/revolutionpadelstore.com\/pt-pt\/#\/schema\/logo\/image\/"},"sameAs":["https:\/\/www.instagram.com\/revolutionpadelstore\/"]}]}},"_links":{"self":[{"href":"https:\/\/revolutionpadelstore.com\/pt-pt\/wp-json\/wp\/v2\/product\/20353","targetHints":{"allow":["GET"]}}],"collection":[{"href":"https:\/\/revolutionpadelstore.com\/pt-pt\/wp-json\/wp\/v2\/product"}],"about":[{"href":"https:\/\/revolutionpadelstore.com\/pt-pt\/wp-json\/wp\/v2\/types\/product"}],"replies":[{"embeddable":true,"href":"https:\/\/revolutionpadelstore.com\/pt-pt\/wp-json\/wp\/v2\/comments?post=20353"}],"wp:featuredmedia":[{"embeddable":true,"href":"https:\/\/revolutionpadelstore.com\/pt-pt\/wp-json\/wp\/v2\/media\/52286"}],"wp:attachment":[{"href":"https:\/\/revolutionpadelstore.com\/pt-pt\/wp-json\/wp\/v2\/media?parent=20353"}],"wp:term":[{"taxonomy":"acabado","embeddable":true,"href":"https:\/\/revolutionpadelstore.com\/pt-pt\/wp-json\/wp\/v2\/acabado?post=20353"},{"taxonomy":"balance","embeddable":true,"href":"https:\/\/revolutionpadelstore.com\/pt-pt\/wp-json\/wp\/v2\/balance?post=20353"},{"taxonomy":"dureza","embeddable":true,"href":"https:\/\/revolutionpadelstore.com\/pt-pt\/wp-json\/wp\/v2\/dureza?post=20353"},{"taxonomy":"forma","embeddable":true,"href":"https:\/\/revolutionpadelstore.com\/pt-pt\/wp-json\/wp\/v2\/forma?post=20353"},{"taxonomy":"jugador","embeddable":true,"href":"https:\/\/revolutionpadelstore.com\/pt-pt\/wp-json\/wp\/v2\/jugador?post=20353"},{"taxonomy":"marca","embeddable":true,"href":"https:\/\/revolutionpadelstore.com\/pt-pt\/wp-json\/wp\/v2\/marca?post=20353"},{"taxonomy":"nivel-de-juego","embeddable":true,"href":"https:\/\/revolutionpadelstore.com\/pt-pt\/wp-json\/wp\/v2\/nivel-de-juego?post=20353"},{"taxonomy":"superficie","embeddable":true,"href":"https:\/\/revolutionpadelstore.com\/pt-pt\/wp-json\/wp\/v2\/superficie?post=20353"},{"taxonomy":"tipo-de-juego","embeddable":true,"href":"https:\/\/revolutionpadelstore.com\/pt-pt\/wp-json\/wp\/v2\/tipo-de-juego?post=20353"},{"taxonomy":"product_brand","embeddable":true,"href":"https:\/\/revolutionpadelstore.com\/pt-pt\/wp-json\/wp\/v2\/product_brand?post=20353"},{"taxonomy":"product_cat","embeddable":true,"href":"https:\/\/revolutionpadelstore.com\/pt-pt\/wp-json\/wp\/v2\/product_cat?post=20353"},{"taxonomy":"product_tag","embeddable":true,"href":"https:\/\/revolutionpadelstore.com\/pt-pt\/wp-json\/wp\/v2\/product_tag?post=20353"}],"curies":[{"name":"wp","href":"https:\/\/api.w.org\/{rel}","templated":true}]}}