{"id":20343,"date":"2024-03-19T19:57:26","date_gmt":"2024-03-19T18:57:26","guid":{"rendered":"https:\/\/revolutionpadelstore.com\/head-speed-motion-2023\/"},"modified":"2026-04-08T14:58:44","modified_gmt":"2026-04-08T12:58:44","slug":"head-speed-motion-2023-5","status":"publish","type":"product","link":"https:\/\/revolutionpadelstore.com\/pt-pt\/produto\/head-speed-motion-2023-5\/","title":{"rendered":"HEAD SPEED MOTION 2023"},"content":{"rendered":"<h2>Destaque-se em suas partidas gra\u00e7as ao SPEED MOTION 2023 da HEAD<\/h2>\n<p><strong>P\u0101del Nuestro<\/strong> oferece os melhores produtos. Por isso trazemos-lhe a nova linha da marca <strong>HEAD<\/strong>, a nova cole\u00e7\u00e3o da gama <strong>SPEED<\/strong>. Dentro desta categoria, a raquete mais leve \u00e9 \u200b\u200ba <strong>SPEED MOTION 2023.<\/strong><\/p>\n<p>A nova raquete SPEED MOTION 2023 \u00e9 uma raquete super vers\u00e1til e muito manej\u00e1vel que oferece um jogo em alta velocidade. Com esta raquete em forma de l\u00e1grima e equil\u00edbrio intermedi\u00e1rio, jogadores de n\u00edvel mais avan\u00e7ado poder\u00e3o jogar muito mais r\u00e1pido e conseguir um jogo din\u00e2mico.<\/p>\n<p>Endossado pela jogadora profissional <strong>Ariana S\u00e1nchez<\/strong>, na parte externa do <strong>SPEED MOTION 2023<\/strong>, encontramos uma zona de rebatida h\u00edbrida feita de <strong>carbono e fibra de vidro <\/strong>. J\u00e1 no n\u00facleo interno da raquete encontramos a <strong> borracha <em>Power Foam<\/em><\/strong>, que proporciona velocidade e pot\u00eancia em cada golpe.<\/p>\n<h3>Voc\u00ea ganhar\u00e1 poder e tamb\u00e9m controle com o novo HEAD SPEED MOTION 2023<\/h3>\n<p>Se falamos das tecnologias que esta magn\u00edfica raquete incorpora, \u00e9 inevit\u00e1vel mencionar a tecnologia estrela desta raquete, a <em><strong>Auxetic<\/strong><\/em>, que proporciona uma melhor sensa\u00e7\u00e3o de impacto e tamb\u00e9m muito mais for\u00e7a na surra<\/p>\n<p>Um bom material para usar dentro da raquete \u00e9 o grafeno, por isso a moldura foi refor\u00e7ada com o <strong><em>Graphene Inside<\/em><\/strong>, que permite ao jogador maior estabilidade, mas tamb\u00e9m a possibilidade de otimizando a transfer\u00eancia de energia que chega \u00e0 bola atrav\u00e9s da l\u00e2mina.<\/p>\n<p>Outro detalhe importante \u00e9 que, no protetor IBS2 integrado (<em><strong>Integrated Bumper System 2<\/strong><\/em>) foi colocada a tecnologia <strong>Anti Shock Skin<\/strong>, uma folha de Pol\u00edmero de alta qualidade que protege a raquete de poss\u00edveis choques e arranh\u00f5es a que possa ficar exposta durante a partida. Da mesma forma, um novo <strong>salto macio<\/strong> foi adicionado ao cabo que melhora o toque, tornando-o mais macio.<\/p>\n<h2>Destaca en tus partidos gracias a la SPEED MOTION 2023 de HEAD<\/h2>\n","protected":false},"excerpt":{"rendered":"<p>Com a inovadora tecnologia Auxetic, a nova raquete HEAD SPEED MOTION 2023 \u00e9 endossada por Ari S\u00e1nchez e possui um design moderno que combina preto e cobre.<\/p>\n","protected":false},"featured_media":52256,"comment_status":"open","ping_status":"closed","template":"","meta":{"_acf_changed":false,"_joinchat":[]},"acabado":[1080],"balance":[1135],"dureza":[1155],"forma":[1185],"jugador":[1190,1200],"marca":[1220],"nivel-de-juego":[1335],"superficie":[1355],"tipo-de-juego":[1375],"product_brand":[],"product_cat":[300],"product_tag":[],"class_list":{"0":"post-20343","1":"product","2":"type-product","3":"status-publish","4":"has-post-thumbnail","6":"acabado-brilho","7":"balance-alto-pt-pt","8":"dureza-media-pt-pt","9":"forma-lagrima-pt-pt","10":"jugador-homem","11":"jugador-polivalente-pt-pt","12":"marca-cabeca","13":"superficie-lisa-pt-pt","14":"tipo-de-juego-poder","15":"product_cat-palas","17":"first","18":"instock","19":"sale","20":"taxable","21":"shipping-taxable","22":"purchasable","23":"product-type-simple"},"acf":[],"yoast_head":"<!-- This site is optimized with the Yoast SEO plugin v27.4 - https:\/\/yoast.com\/product\/yoast-seo-wordpress\/ -->\n<title>HEAD SPEED MOTION 2023 - Revolution Padel Store<\/title>\n<meta name=\"description\" content=\"Con la innovadora tecnolog\u00eda Auxetic, la nueva pala HEAD SPEED MOTION 2023, est\u00e1 avalada por Ari S\u00e1nchez y tiene un dise\u00f1o moderno que combina el negro y el cobre.\" \/>\n<meta name=\"robots\" content=\"index, follow, max-snippet:-1, max-image-preview:large, max-video-preview:-1\" \/>\n<link rel=\"canonical\" href=\"https:\/\/revolutionpadelstore.com\/pt-pt\/produto\/head-speed-motion-2023-5\/\" \/>\n<meta property=\"og:locale\" content=\"pt_PT\" \/>\n<meta property=\"og:type\" content=\"article\" \/>\n<meta property=\"og:title\" content=\"HEAD SPEED MOTION 2023 - Revolution Padel Store\" \/>\n<meta property=\"og:description\" content=\"Con la innovadora tecnolog\u00eda Auxetic, la nueva pala HEAD SPEED MOTION 2023, est\u00e1 avalada por Ari S\u00e1nchez y tiene un dise\u00f1o moderno que combina el negro y el cobre.\" \/>\n<meta property=\"og:url\" content=\"https:\/\/revolutionpadelstore.com\/pt-pt\/produto\/head-speed-motion-2023-5\/\" \/>\n<meta property=\"og:site_name\" content=\"Revolution Padel Store\" \/>\n<meta property=\"article:modified_time\" content=\"2026-04-08T12:58:44+00:00\" \/>\n<meta property=\"og:image\" content=\"https:\/\/revolutionpadelstore.com\/wp-content\/uploads\/2024\/03\/head_speed_motion_2023_221023_32510_1_2eaf.webp\" \/>\n\t<meta property=\"og:image:width\" content=\"1500\" \/>\n\t<meta property=\"og:image:height\" content=\"1500\" \/>\n\t<meta property=\"og:image:type\" content=\"image\/webp\" \/>\n<meta name=\"twitter:card\" content=\"summary_large_image\" \/>\n<meta name=\"twitter:label1\" content=\"Tempo estimado de leitura\" \/>\n\t<meta name=\"twitter:data1\" content=\"2 minutos\" \/>\n<script type=\"application\/ld+json\" class=\"yoast-schema-graph\">{\"@context\":\"https:\\\/\\\/schema.org\",\"@graph\":[{\"@type\":\"WebPage\",\"@id\":\"https:\\\/\\\/revolutionpadelstore.com\\\/pt-pt\\\/produto\\\/head-speed-motion-2023-5\\\/\",\"url\":\"https:\\\/\\\/revolutionpadelstore.com\\\/pt-pt\\\/produto\\\/head-speed-motion-2023-5\\\/\",\"name\":\"HEAD SPEED MOTION 2023 - Revolution Padel Store\",\"isPartOf\":{\"@id\":\"https:\\\/\\\/revolutionpadelstore.com\\\/pt-pt\\\/#website\"},\"primaryImageOfPage\":{\"@id\":\"https:\\\/\\\/revolutionpadelstore.com\\\/pt-pt\\\/produto\\\/head-speed-motion-2023-5\\\/#primaryimage\"},\"image\":{\"@id\":\"https:\\\/\\\/revolutionpadelstore.com\\\/pt-pt\\\/produto\\\/head-speed-motion-2023-5\\\/#primaryimage\"},\"thumbnailUrl\":\"https:\\\/\\\/revolutionpadelstore.com\\\/wp-content\\\/uploads\\\/2024\\\/03\\\/head_speed_motion_2023_221023_32510_1_2eaf.webp\",\"datePublished\":\"2024-03-19T18:57:26+00:00\",\"dateModified\":\"2026-04-08T12:58:44+00:00\",\"description\":\"Con la innovadora tecnolog\u00eda Auxetic, la nueva pala HEAD SPEED MOTION 2023, est\u00e1 avalada por Ari S\u00e1nchez y tiene un dise\u00f1o moderno que combina el negro y el cobre.\",\"breadcrumb\":{\"@id\":\"https:\\\/\\\/revolutionpadelstore.com\\\/pt-pt\\\/produto\\\/head-speed-motion-2023-5\\\/#breadcrumb\"},\"inLanguage\":\"pt-PT\",\"potentialAction\":[{\"@type\":\"ReadAction\",\"target\":[\"https:\\\/\\\/revolutionpadelstore.com\\\/pt-pt\\\/produto\\\/head-speed-motion-2023-5\\\/\"]}]},{\"@type\":\"ImageObject\",\"inLanguage\":\"pt-PT\",\"@id\":\"https:\\\/\\\/revolutionpadelstore.com\\\/pt-pt\\\/produto\\\/head-speed-motion-2023-5\\\/#primaryimage\",\"url\":\"https:\\\/\\\/revolutionpadelstore.com\\\/wp-content\\\/uploads\\\/2024\\\/03\\\/head_speed_motion_2023_221023_32510_1_2eaf.webp\",\"contentUrl\":\"https:\\\/\\\/revolutionpadelstore.com\\\/wp-content\\\/uploads\\\/2024\\\/03\\\/head_speed_motion_2023_221023_32510_1_2eaf.webp\",\"width\":1500,\"height\":1500},{\"@type\":\"BreadcrumbList\",\"@id\":\"https:\\\/\\\/revolutionpadelstore.com\\\/pt-pt\\\/produto\\\/head-speed-motion-2023-5\\\/#breadcrumb\",\"itemListElement\":[{\"@type\":\"ListItem\",\"position\":1,\"name\":\"Portada\",\"item\":\"https:\\\/\\\/revolutionpadelstore.com\\\/pt-pt\\\/\"},{\"@type\":\"ListItem\",\"position\":2,\"name\":\"Tienda\",\"item\":\"https:\\\/\\\/revolutionpadelstore.com\\\/pt-pt\\\/tienda\\\/\"},{\"@type\":\"ListItem\",\"position\":3,\"name\":\"HEAD SPEED MOTION 2023\"}]},{\"@type\":\"WebSite\",\"@id\":\"https:\\\/\\\/revolutionpadelstore.com\\\/pt-pt\\\/#website\",\"url\":\"https:\\\/\\\/revolutionpadelstore.com\\\/pt-pt\\\/\",\"name\":\"Revolution Padel Store\",\"description\":\"\",\"publisher\":{\"@id\":\"https:\\\/\\\/revolutionpadelstore.com\\\/pt-pt\\\/#organization\"},\"potentialAction\":[{\"@type\":\"SearchAction\",\"target\":{\"@type\":\"EntryPoint\",\"urlTemplate\":\"https:\\\/\\\/revolutionpadelstore.com\\\/pt-pt\\\/?s={search_term_string}\"},\"query-input\":{\"@type\":\"PropertyValueSpecification\",\"valueRequired\":true,\"valueName\":\"search_term_string\"}}],\"inLanguage\":\"pt-PT\"},{\"@type\":\"Organization\",\"@id\":\"https:\\\/\\\/revolutionpadelstore.com\\\/pt-pt\\\/#organization\",\"name\":\"Revolution Padel Store\",\"url\":\"https:\\\/\\\/revolutionpadelstore.com\\\/pt-pt\\\/\",\"logo\":{\"@type\":\"ImageObject\",\"inLanguage\":\"pt-PT\",\"@id\":\"https:\\\/\\\/revolutionpadelstore.com\\\/pt-pt\\\/#\\\/schema\\\/logo\\\/image\\\/\",\"url\":\"https:\\\/\\\/revolutionpadelstore.com\\\/wp-content\\\/uploads\\\/2026\\\/02\\\/revolution-padel-store.jpg\",\"contentUrl\":\"https:\\\/\\\/revolutionpadelstore.com\\\/wp-content\\\/uploads\\\/2026\\\/02\\\/revolution-padel-store.jpg\",\"width\":2000,\"height\":2000,\"caption\":\"Revolution Padel Store\"},\"image\":{\"@id\":\"https:\\\/\\\/revolutionpadelstore.com\\\/pt-pt\\\/#\\\/schema\\\/logo\\\/image\\\/\"},\"sameAs\":[\"https:\\\/\\\/www.instagram.com\\\/revolutionpadelstore\\\/\"]}]}<\/script>\n<!-- \/ Yoast SEO plugin. -->","yoast_head_json":{"title":"HEAD SPEED MOTION 2023 - Revolution Padel Store","description":"Con la innovadora tecnolog\u00eda Auxetic, la nueva pala HEAD SPEED MOTION 2023, est\u00e1 avalada por Ari S\u00e1nchez y tiene un dise\u00f1o moderno que combina el negro y el cobre.","robots":{"index":"index","follow":"follow","max-snippet":"max-snippet:-1","max-image-preview":"max-image-preview:large","max-video-preview":"max-video-preview:-1"},"canonical":"https:\/\/revolutionpadelstore.com\/pt-pt\/produto\/head-speed-motion-2023-5\/","og_locale":"pt_PT","og_type":"article","og_title":"HEAD SPEED MOTION 2023 - Revolution Padel Store","og_description":"Con la innovadora tecnolog\u00eda Auxetic, la nueva pala HEAD SPEED MOTION 2023, est\u00e1 avalada por Ari S\u00e1nchez y tiene un dise\u00f1o moderno que combina el negro y el cobre.","og_url":"https:\/\/revolutionpadelstore.com\/pt-pt\/produto\/head-speed-motion-2023-5\/","og_site_name":"Revolution Padel Store","article_modified_time":"2026-04-08T12:58:44+00:00","og_image":[{"width":1500,"height":1500,"url":"https:\/\/revolutionpadelstore.com\/wp-content\/uploads\/2024\/03\/head_speed_motion_2023_221023_32510_1_2eaf.webp","type":"image\/webp"}],"twitter_card":"summary_large_image","twitter_misc":{"Tempo estimado de leitura":"2 minutos"},"schema":{"@context":"https:\/\/schema.org","@graph":[{"@type":"WebPage","@id":"https:\/\/revolutionpadelstore.com\/pt-pt\/produto\/head-speed-motion-2023-5\/","url":"https:\/\/revolutionpadelstore.com\/pt-pt\/produto\/head-speed-motion-2023-5\/","name":"HEAD SPEED MOTION 2023 - Revolution Padel Store","isPartOf":{"@id":"https:\/\/revolutionpadelstore.com\/pt-pt\/#website"},"primaryImageOfPage":{"@id":"https:\/\/revolutionpadelstore.com\/pt-pt\/produto\/head-speed-motion-2023-5\/#primaryimage"},"image":{"@id":"https:\/\/revolutionpadelstore.com\/pt-pt\/produto\/head-speed-motion-2023-5\/#primaryimage"},"thumbnailUrl":"https:\/\/revolutionpadelstore.com\/wp-content\/uploads\/2024\/03\/head_speed_motion_2023_221023_32510_1_2eaf.webp","datePublished":"2024-03-19T18:57:26+00:00","dateModified":"2026-04-08T12:58:44+00:00","description":"Con la innovadora tecnolog\u00eda Auxetic, la nueva pala HEAD SPEED MOTION 2023, est\u00e1 avalada por Ari S\u00e1nchez y tiene un dise\u00f1o moderno que combina el negro y el cobre.","breadcrumb":{"@id":"https:\/\/revolutionpadelstore.com\/pt-pt\/produto\/head-speed-motion-2023-5\/#breadcrumb"},"inLanguage":"pt-PT","potentialAction":[{"@type":"ReadAction","target":["https:\/\/revolutionpadelstore.com\/pt-pt\/produto\/head-speed-motion-2023-5\/"]}]},{"@type":"ImageObject","inLanguage":"pt-PT","@id":"https:\/\/revolutionpadelstore.com\/pt-pt\/produto\/head-speed-motion-2023-5\/#primaryimage","url":"https:\/\/revolutionpadelstore.com\/wp-content\/uploads\/2024\/03\/head_speed_motion_2023_221023_32510_1_2eaf.webp","contentUrl":"https:\/\/revolutionpadelstore.com\/wp-content\/uploads\/2024\/03\/head_speed_motion_2023_221023_32510_1_2eaf.webp","width":1500,"height":1500},{"@type":"BreadcrumbList","@id":"https:\/\/revolutionpadelstore.com\/pt-pt\/produto\/head-speed-motion-2023-5\/#breadcrumb","itemListElement":[{"@type":"ListItem","position":1,"name":"Portada","item":"https:\/\/revolutionpadelstore.com\/pt-pt\/"},{"@type":"ListItem","position":2,"name":"Tienda","item":"https:\/\/revolutionpadelstore.com\/pt-pt\/tienda\/"},{"@type":"ListItem","position":3,"name":"HEAD SPEED MOTION 2023"}]},{"@type":"WebSite","@id":"https:\/\/revolutionpadelstore.com\/pt-pt\/#website","url":"https:\/\/revolutionpadelstore.com\/pt-pt\/","name":"Revolution Padel Store","description":"","publisher":{"@id":"https:\/\/revolutionpadelstore.com\/pt-pt\/#organization"},"potentialAction":[{"@type":"SearchAction","target":{"@type":"EntryPoint","urlTemplate":"https:\/\/revolutionpadelstore.com\/pt-pt\/?s={search_term_string}"},"query-input":{"@type":"PropertyValueSpecification","valueRequired":true,"valueName":"search_term_string"}}],"inLanguage":"pt-PT"},{"@type":"Organization","@id":"https:\/\/revolutionpadelstore.com\/pt-pt\/#organization","name":"Revolution Padel Store","url":"https:\/\/revolutionpadelstore.com\/pt-pt\/","logo":{"@type":"ImageObject","inLanguage":"pt-PT","@id":"https:\/\/revolutionpadelstore.com\/pt-pt\/#\/schema\/logo\/image\/","url":"https:\/\/revolutionpadelstore.com\/wp-content\/uploads\/2026\/02\/revolution-padel-store.jpg","contentUrl":"https:\/\/revolutionpadelstore.com\/wp-content\/uploads\/2026\/02\/revolution-padel-store.jpg","width":2000,"height":2000,"caption":"Revolution Padel Store"},"image":{"@id":"https:\/\/revolutionpadelstore.com\/pt-pt\/#\/schema\/logo\/image\/"},"sameAs":["https:\/\/www.instagram.com\/revolutionpadelstore\/"]}]}},"_links":{"self":[{"href":"https:\/\/revolutionpadelstore.com\/pt-pt\/wp-json\/wp\/v2\/product\/20343","targetHints":{"allow":["GET"]}}],"collection":[{"href":"https:\/\/revolutionpadelstore.com\/pt-pt\/wp-json\/wp\/v2\/product"}],"about":[{"href":"https:\/\/revolutionpadelstore.com\/pt-pt\/wp-json\/wp\/v2\/types\/product"}],"replies":[{"embeddable":true,"href":"https:\/\/revolutionpadelstore.com\/pt-pt\/wp-json\/wp\/v2\/comments?post=20343"}],"wp:featuredmedia":[{"embeddable":true,"href":"https:\/\/revolutionpadelstore.com\/pt-pt\/wp-json\/wp\/v2\/media\/52256"}],"wp:attachment":[{"href":"https:\/\/revolutionpadelstore.com\/pt-pt\/wp-json\/wp\/v2\/media?parent=20343"}],"wp:term":[{"taxonomy":"acabado","embeddable":true,"href":"https:\/\/revolutionpadelstore.com\/pt-pt\/wp-json\/wp\/v2\/acabado?post=20343"},{"taxonomy":"balance","embeddable":true,"href":"https:\/\/revolutionpadelstore.com\/pt-pt\/wp-json\/wp\/v2\/balance?post=20343"},{"taxonomy":"dureza","embeddable":true,"href":"https:\/\/revolutionpadelstore.com\/pt-pt\/wp-json\/wp\/v2\/dureza?post=20343"},{"taxonomy":"forma","embeddable":true,"href":"https:\/\/revolutionpadelstore.com\/pt-pt\/wp-json\/wp\/v2\/forma?post=20343"},{"taxonomy":"jugador","embeddable":true,"href":"https:\/\/revolutionpadelstore.com\/pt-pt\/wp-json\/wp\/v2\/jugador?post=20343"},{"taxonomy":"marca","embeddable":true,"href":"https:\/\/revolutionpadelstore.com\/pt-pt\/wp-json\/wp\/v2\/marca?post=20343"},{"taxonomy":"nivel-de-juego","embeddable":true,"href":"https:\/\/revolutionpadelstore.com\/pt-pt\/wp-json\/wp\/v2\/nivel-de-juego?post=20343"},{"taxonomy":"superficie","embeddable":true,"href":"https:\/\/revolutionpadelstore.com\/pt-pt\/wp-json\/wp\/v2\/superficie?post=20343"},{"taxonomy":"tipo-de-juego","embeddable":true,"href":"https:\/\/revolutionpadelstore.com\/pt-pt\/wp-json\/wp\/v2\/tipo-de-juego?post=20343"},{"taxonomy":"product_brand","embeddable":true,"href":"https:\/\/revolutionpadelstore.com\/pt-pt\/wp-json\/wp\/v2\/product_brand?post=20343"},{"taxonomy":"product_cat","embeddable":true,"href":"https:\/\/revolutionpadelstore.com\/pt-pt\/wp-json\/wp\/v2\/product_cat?post=20343"},{"taxonomy":"product_tag","embeddable":true,"href":"https:\/\/revolutionpadelstore.com\/pt-pt\/wp-json\/wp\/v2\/product_tag?post=20343"}],"curies":[{"name":"wp","href":"https:\/\/api.w.org\/{rel}","templated":true}]}}