{"id":20338,"date":"2024-03-19T20:06:37","date_gmt":"2024-03-19T19:06:37","guid":{"rendered":"https:\/\/revolutionpadelstore.com\/head-speed-elite-2023\/"},"modified":"2026-04-14T14:01:56","modified_gmt":"2026-04-14T12:01:56","slug":"head-speed-elite-2023-5","status":"publish","type":"product","link":"https:\/\/revolutionpadelstore.com\/pt-pt\/produto\/head-speed-elite-2023-5\/","title":{"rendered":"HEAD SPEED ELITE 2023"},"content":{"rendered":"<h2>Head Speed \u200b\u200b\u200b\u200bElite 2023, uma raquete de padel de \u00faltima gera\u00e7\u00e3o para os melhores jogadores de padel<\/h2>\n<p>A raquete de padel de \u00faltima gera\u00e7\u00e3o da Head est\u00e1 agora aqui. <strong>Novo Head Speed \u200b\u200b\u200b\u200bElite 2023<\/strong> para jogadores de padel mais avan\u00e7ados e com experi\u00eancia no jogo. L\u00e2mina em forma de l\u00e1grima em uma variedade de cores pretas com acabamento fosco e detalhes em cobre. Uma raquete de padel com corpo em forma de l\u00e1grima para jogadas r\u00e1pidas e vers\u00e1teis.<\/p>\n<h2>Uma raquete de padel vers\u00e1til para jogadores mais profissionais em sua t\u00e9cnica<\/h2>\n<p>Uma raquete em forma de l\u00e1grima para jogadores vers\u00e1teis que batem com for\u00e7a e controle de chute. Um equil\u00edbrio e sweet spot m\u00e9dio para trabalhar a precis\u00e3o dos golpes com m\u00e1ximo controle.<\/p>\n<p>Com tecnologia que otimiza o sweet spot e tamb\u00e9m com tecnologia pr\u00f3pria da marca, Auxetic, para melhor absor\u00e7\u00e3o de choques. Auxetic tem uma melhor deforma\u00e7\u00e3o de sua superf\u00edcie ao receber impactos de for\u00e7a ao receber os tiros do advers\u00e1rio. Desta forma voc\u00ea tem uma entrega de bola mais eficiente. Com superf\u00edcie de impacto em fibra de vidro para sentir golpes mais suaves e com sa\u00edda mais consistente ao atirar no oponente. E o punho foi melhorado para proporcionar uma sensa\u00e7\u00e3o melhor com um calcanhar mais macio.<\/p>\n<h3>Esta raquete de padel oferece estabilidade e resist\u00eancia para suas jogadas mais intensas<\/h3>\n<p>Para fortalecer a estrutura da raquete de paddle, ela traz em seu interior o material grafeno. Isto melhora a transmiss\u00e3o da energia recebida pela l\u00e2mina e gera maior estabilidade. E para maior durabilidade e resist\u00eancia a choques e arranh\u00f5es, foi colocado na moldura <strong>Anti Shock Skin Padel<\/em><\/strong>, uma l\u00e2mina feita de material polim\u00e9rico. E sua ponte possui uma estrutura projetada para reduzir ainda mais as vibra\u00e7\u00f5es geradas pelos golpes durante o jogo.<\/p>\n<h2>Head Speed Elite 2023, una pala de p\u00e1del de alta gama para los mejores jugadores de p\u00e1del<\/h2>\n","protected":false},"excerpt":{"rendered":"<p>Head Speed \u200b\u200b\u200b\u200bElite 2023, uma raquete de \u00faltima gera\u00e7\u00e3o para jogadores de padel de elite. Um design sofisticado e recursos para os mais avan\u00e7ados em sua t\u00e9cnica de jogo.<\/p>\n","protected":false},"featured_media":52238,"comment_status":"open","ping_status":"closed","template":"","meta":{"_acf_changed":false,"_joinchat":[]},"acabado":[1085],"balance":[1135],"dureza":[1155],"forma":[1185],"jugador":[1190,1200],"marca":[1220],"nivel-de-juego":[1335],"superficie":[1355],"tipo-de-juego":[1375],"product_brand":[],"product_cat":[300],"product_tag":[],"class_list":{"0":"post-20338","1":"product","2":"type-product","3":"status-publish","4":"has-post-thumbnail","6":"acabado-companheiro","7":"balance-alto-pt-pt","8":"dureza-media-pt-pt","9":"forma-lagrima-pt-pt","10":"jugador-homem","11":"jugador-polivalente-pt-pt","12":"marca-cabeca","13":"superficie-lisa-pt-pt","14":"tipo-de-juego-poder","15":"product_cat-palas","17":"first","18":"instock","19":"sale","20":"taxable","21":"shipping-taxable","22":"purchasable","23":"product-type-simple"},"acf":[],"yoast_head":"<!-- This site is optimized with the Yoast SEO plugin v27.4 - https:\/\/yoast.com\/product\/yoast-seo-wordpress\/ -->\n<title>HEAD SPEED ELITE 2023 - Revolution Padel Store<\/title>\n<meta name=\"description\" content=\"Head Speed Elite 2023, una pala de alta gama para los jugadores de p\u00e1del de \u00e9lite. Un dise\u00f1o sofisticado y las prestaciones para los m\u00e1s avanzados en su t\u00e9cnica de juego.\" \/>\n<meta name=\"robots\" content=\"index, follow, max-snippet:-1, max-image-preview:large, max-video-preview:-1\" \/>\n<link rel=\"canonical\" href=\"https:\/\/revolutionpadelstore.com\/pt-pt\/produto\/head-speed-elite-2023-5\/\" \/>\n<meta property=\"og:locale\" content=\"pt_PT\" \/>\n<meta property=\"og:type\" content=\"article\" \/>\n<meta property=\"og:title\" content=\"HEAD SPEED ELITE 2023 - Revolution Padel Store\" \/>\n<meta property=\"og:description\" content=\"Head Speed Elite 2023, una pala de alta gama para los jugadores de p\u00e1del de \u00e9lite. Un dise\u00f1o sofisticado y las prestaciones para los m\u00e1s avanzados en su t\u00e9cnica de juego.\" \/>\n<meta property=\"og:url\" content=\"https:\/\/revolutionpadelstore.com\/pt-pt\/produto\/head-speed-elite-2023-5\/\" \/>\n<meta property=\"og:site_name\" content=\"Revolution Padel Store\" \/>\n<meta property=\"article:modified_time\" content=\"2026-04-14T12:01:56+00:00\" \/>\n<meta property=\"og:image\" content=\"https:\/\/revolutionpadelstore.com\/wp-content\/uploads\/2024\/03\/32511_head_speed_elite_2023_221033_1500x1500_vista1_0de3.webp\" \/>\n\t<meta property=\"og:image:width\" content=\"1500\" \/>\n\t<meta property=\"og:image:height\" content=\"1500\" \/>\n\t<meta property=\"og:image:type\" content=\"image\/webp\" \/>\n<meta name=\"twitter:card\" content=\"summary_large_image\" \/>\n<meta name=\"twitter:label1\" content=\"Tempo estimado de leitura\" \/>\n\t<meta name=\"twitter:data1\" content=\"2 minutos\" \/>\n<script type=\"application\/ld+json\" class=\"yoast-schema-graph\">{\"@context\":\"https:\\\/\\\/schema.org\",\"@graph\":[{\"@type\":\"WebPage\",\"@id\":\"https:\\\/\\\/revolutionpadelstore.com\\\/pt-pt\\\/produto\\\/head-speed-elite-2023-5\\\/\",\"url\":\"https:\\\/\\\/revolutionpadelstore.com\\\/pt-pt\\\/produto\\\/head-speed-elite-2023-5\\\/\",\"name\":\"HEAD SPEED ELITE 2023 - Revolution Padel Store\",\"isPartOf\":{\"@id\":\"https:\\\/\\\/revolutionpadelstore.com\\\/pt-pt\\\/#website\"},\"primaryImageOfPage\":{\"@id\":\"https:\\\/\\\/revolutionpadelstore.com\\\/pt-pt\\\/produto\\\/head-speed-elite-2023-5\\\/#primaryimage\"},\"image\":{\"@id\":\"https:\\\/\\\/revolutionpadelstore.com\\\/pt-pt\\\/produto\\\/head-speed-elite-2023-5\\\/#primaryimage\"},\"thumbnailUrl\":\"https:\\\/\\\/revolutionpadelstore.com\\\/wp-content\\\/uploads\\\/2024\\\/03\\\/32511_head_speed_elite_2023_221033_1500x1500_vista1_0de3.webp\",\"datePublished\":\"2024-03-19T19:06:37+00:00\",\"dateModified\":\"2026-04-14T12:01:56+00:00\",\"description\":\"Head Speed Elite 2023, una pala de alta gama para los jugadores de p\u00e1del de \u00e9lite. Un dise\u00f1o sofisticado y las prestaciones para los m\u00e1s avanzados en su t\u00e9cnica de juego.\",\"breadcrumb\":{\"@id\":\"https:\\\/\\\/revolutionpadelstore.com\\\/pt-pt\\\/produto\\\/head-speed-elite-2023-5\\\/#breadcrumb\"},\"inLanguage\":\"pt-PT\",\"potentialAction\":[{\"@type\":\"ReadAction\",\"target\":[\"https:\\\/\\\/revolutionpadelstore.com\\\/pt-pt\\\/produto\\\/head-speed-elite-2023-5\\\/\"]}]},{\"@type\":\"ImageObject\",\"inLanguage\":\"pt-PT\",\"@id\":\"https:\\\/\\\/revolutionpadelstore.com\\\/pt-pt\\\/produto\\\/head-speed-elite-2023-5\\\/#primaryimage\",\"url\":\"https:\\\/\\\/revolutionpadelstore.com\\\/wp-content\\\/uploads\\\/2024\\\/03\\\/32511_head_speed_elite_2023_221033_1500x1500_vista1_0de3.webp\",\"contentUrl\":\"https:\\\/\\\/revolutionpadelstore.com\\\/wp-content\\\/uploads\\\/2024\\\/03\\\/32511_head_speed_elite_2023_221033_1500x1500_vista1_0de3.webp\",\"width\":1500,\"height\":1500},{\"@type\":\"BreadcrumbList\",\"@id\":\"https:\\\/\\\/revolutionpadelstore.com\\\/pt-pt\\\/produto\\\/head-speed-elite-2023-5\\\/#breadcrumb\",\"itemListElement\":[{\"@type\":\"ListItem\",\"position\":1,\"name\":\"Portada\",\"item\":\"https:\\\/\\\/revolutionpadelstore.com\\\/pt-pt\\\/\"},{\"@type\":\"ListItem\",\"position\":2,\"name\":\"Tienda\",\"item\":\"https:\\\/\\\/revolutionpadelstore.com\\\/pt-pt\\\/tienda\\\/\"},{\"@type\":\"ListItem\",\"position\":3,\"name\":\"HEAD SPEED ELITE 2023\"}]},{\"@type\":\"WebSite\",\"@id\":\"https:\\\/\\\/revolutionpadelstore.com\\\/pt-pt\\\/#website\",\"url\":\"https:\\\/\\\/revolutionpadelstore.com\\\/pt-pt\\\/\",\"name\":\"Revolution Padel Store\",\"description\":\"\",\"publisher\":{\"@id\":\"https:\\\/\\\/revolutionpadelstore.com\\\/pt-pt\\\/#organization\"},\"potentialAction\":[{\"@type\":\"SearchAction\",\"target\":{\"@type\":\"EntryPoint\",\"urlTemplate\":\"https:\\\/\\\/revolutionpadelstore.com\\\/pt-pt\\\/?s={search_term_string}\"},\"query-input\":{\"@type\":\"PropertyValueSpecification\",\"valueRequired\":true,\"valueName\":\"search_term_string\"}}],\"inLanguage\":\"pt-PT\"},{\"@type\":\"Organization\",\"@id\":\"https:\\\/\\\/revolutionpadelstore.com\\\/pt-pt\\\/#organization\",\"name\":\"Revolution Padel Store\",\"url\":\"https:\\\/\\\/revolutionpadelstore.com\\\/pt-pt\\\/\",\"logo\":{\"@type\":\"ImageObject\",\"inLanguage\":\"pt-PT\",\"@id\":\"https:\\\/\\\/revolutionpadelstore.com\\\/pt-pt\\\/#\\\/schema\\\/logo\\\/image\\\/\",\"url\":\"https:\\\/\\\/revolutionpadelstore.com\\\/wp-content\\\/uploads\\\/2026\\\/02\\\/revolution-padel-store.jpg\",\"contentUrl\":\"https:\\\/\\\/revolutionpadelstore.com\\\/wp-content\\\/uploads\\\/2026\\\/02\\\/revolution-padel-store.jpg\",\"width\":2000,\"height\":2000,\"caption\":\"Revolution Padel Store\"},\"image\":{\"@id\":\"https:\\\/\\\/revolutionpadelstore.com\\\/pt-pt\\\/#\\\/schema\\\/logo\\\/image\\\/\"},\"sameAs\":[\"https:\\\/\\\/www.instagram.com\\\/revolutionpadelstore\\\/\"]}]}<\/script>\n<!-- \/ Yoast SEO plugin. -->","yoast_head_json":{"title":"HEAD SPEED ELITE 2023 - Revolution Padel Store","description":"Head Speed Elite 2023, una pala de alta gama para los jugadores de p\u00e1del de \u00e9lite. Un dise\u00f1o sofisticado y las prestaciones para los m\u00e1s avanzados en su t\u00e9cnica de juego.","robots":{"index":"index","follow":"follow","max-snippet":"max-snippet:-1","max-image-preview":"max-image-preview:large","max-video-preview":"max-video-preview:-1"},"canonical":"https:\/\/revolutionpadelstore.com\/pt-pt\/produto\/head-speed-elite-2023-5\/","og_locale":"pt_PT","og_type":"article","og_title":"HEAD SPEED ELITE 2023 - Revolution Padel Store","og_description":"Head Speed Elite 2023, una pala de alta gama para los jugadores de p\u00e1del de \u00e9lite. Un dise\u00f1o sofisticado y las prestaciones para los m\u00e1s avanzados en su t\u00e9cnica de juego.","og_url":"https:\/\/revolutionpadelstore.com\/pt-pt\/produto\/head-speed-elite-2023-5\/","og_site_name":"Revolution Padel Store","article_modified_time":"2026-04-14T12:01:56+00:00","og_image":[{"width":1500,"height":1500,"url":"https:\/\/revolutionpadelstore.com\/wp-content\/uploads\/2024\/03\/32511_head_speed_elite_2023_221033_1500x1500_vista1_0de3.webp","type":"image\/webp"}],"twitter_card":"summary_large_image","twitter_misc":{"Tempo estimado de leitura":"2 minutos"},"schema":{"@context":"https:\/\/schema.org","@graph":[{"@type":"WebPage","@id":"https:\/\/revolutionpadelstore.com\/pt-pt\/produto\/head-speed-elite-2023-5\/","url":"https:\/\/revolutionpadelstore.com\/pt-pt\/produto\/head-speed-elite-2023-5\/","name":"HEAD SPEED ELITE 2023 - Revolution Padel Store","isPartOf":{"@id":"https:\/\/revolutionpadelstore.com\/pt-pt\/#website"},"primaryImageOfPage":{"@id":"https:\/\/revolutionpadelstore.com\/pt-pt\/produto\/head-speed-elite-2023-5\/#primaryimage"},"image":{"@id":"https:\/\/revolutionpadelstore.com\/pt-pt\/produto\/head-speed-elite-2023-5\/#primaryimage"},"thumbnailUrl":"https:\/\/revolutionpadelstore.com\/wp-content\/uploads\/2024\/03\/32511_head_speed_elite_2023_221033_1500x1500_vista1_0de3.webp","datePublished":"2024-03-19T19:06:37+00:00","dateModified":"2026-04-14T12:01:56+00:00","description":"Head Speed Elite 2023, una pala de alta gama para los jugadores de p\u00e1del de \u00e9lite. Un dise\u00f1o sofisticado y las prestaciones para los m\u00e1s avanzados en su t\u00e9cnica de juego.","breadcrumb":{"@id":"https:\/\/revolutionpadelstore.com\/pt-pt\/produto\/head-speed-elite-2023-5\/#breadcrumb"},"inLanguage":"pt-PT","potentialAction":[{"@type":"ReadAction","target":["https:\/\/revolutionpadelstore.com\/pt-pt\/produto\/head-speed-elite-2023-5\/"]}]},{"@type":"ImageObject","inLanguage":"pt-PT","@id":"https:\/\/revolutionpadelstore.com\/pt-pt\/produto\/head-speed-elite-2023-5\/#primaryimage","url":"https:\/\/revolutionpadelstore.com\/wp-content\/uploads\/2024\/03\/32511_head_speed_elite_2023_221033_1500x1500_vista1_0de3.webp","contentUrl":"https:\/\/revolutionpadelstore.com\/wp-content\/uploads\/2024\/03\/32511_head_speed_elite_2023_221033_1500x1500_vista1_0de3.webp","width":1500,"height":1500},{"@type":"BreadcrumbList","@id":"https:\/\/revolutionpadelstore.com\/pt-pt\/produto\/head-speed-elite-2023-5\/#breadcrumb","itemListElement":[{"@type":"ListItem","position":1,"name":"Portada","item":"https:\/\/revolutionpadelstore.com\/pt-pt\/"},{"@type":"ListItem","position":2,"name":"Tienda","item":"https:\/\/revolutionpadelstore.com\/pt-pt\/tienda\/"},{"@type":"ListItem","position":3,"name":"HEAD SPEED ELITE 2023"}]},{"@type":"WebSite","@id":"https:\/\/revolutionpadelstore.com\/pt-pt\/#website","url":"https:\/\/revolutionpadelstore.com\/pt-pt\/","name":"Revolution Padel Store","description":"","publisher":{"@id":"https:\/\/revolutionpadelstore.com\/pt-pt\/#organization"},"potentialAction":[{"@type":"SearchAction","target":{"@type":"EntryPoint","urlTemplate":"https:\/\/revolutionpadelstore.com\/pt-pt\/?s={search_term_string}"},"query-input":{"@type":"PropertyValueSpecification","valueRequired":true,"valueName":"search_term_string"}}],"inLanguage":"pt-PT"},{"@type":"Organization","@id":"https:\/\/revolutionpadelstore.com\/pt-pt\/#organization","name":"Revolution Padel Store","url":"https:\/\/revolutionpadelstore.com\/pt-pt\/","logo":{"@type":"ImageObject","inLanguage":"pt-PT","@id":"https:\/\/revolutionpadelstore.com\/pt-pt\/#\/schema\/logo\/image\/","url":"https:\/\/revolutionpadelstore.com\/wp-content\/uploads\/2026\/02\/revolution-padel-store.jpg","contentUrl":"https:\/\/revolutionpadelstore.com\/wp-content\/uploads\/2026\/02\/revolution-padel-store.jpg","width":2000,"height":2000,"caption":"Revolution Padel Store"},"image":{"@id":"https:\/\/revolutionpadelstore.com\/pt-pt\/#\/schema\/logo\/image\/"},"sameAs":["https:\/\/www.instagram.com\/revolutionpadelstore\/"]}]}},"_links":{"self":[{"href":"https:\/\/revolutionpadelstore.com\/pt-pt\/wp-json\/wp\/v2\/product\/20338","targetHints":{"allow":["GET"]}}],"collection":[{"href":"https:\/\/revolutionpadelstore.com\/pt-pt\/wp-json\/wp\/v2\/product"}],"about":[{"href":"https:\/\/revolutionpadelstore.com\/pt-pt\/wp-json\/wp\/v2\/types\/product"}],"replies":[{"embeddable":true,"href":"https:\/\/revolutionpadelstore.com\/pt-pt\/wp-json\/wp\/v2\/comments?post=20338"}],"wp:featuredmedia":[{"embeddable":true,"href":"https:\/\/revolutionpadelstore.com\/pt-pt\/wp-json\/wp\/v2\/media\/52238"}],"wp:attachment":[{"href":"https:\/\/revolutionpadelstore.com\/pt-pt\/wp-json\/wp\/v2\/media?parent=20338"}],"wp:term":[{"taxonomy":"acabado","embeddable":true,"href":"https:\/\/revolutionpadelstore.com\/pt-pt\/wp-json\/wp\/v2\/acabado?post=20338"},{"taxonomy":"balance","embeddable":true,"href":"https:\/\/revolutionpadelstore.com\/pt-pt\/wp-json\/wp\/v2\/balance?post=20338"},{"taxonomy":"dureza","embeddable":true,"href":"https:\/\/revolutionpadelstore.com\/pt-pt\/wp-json\/wp\/v2\/dureza?post=20338"},{"taxonomy":"forma","embeddable":true,"href":"https:\/\/revolutionpadelstore.com\/pt-pt\/wp-json\/wp\/v2\/forma?post=20338"},{"taxonomy":"jugador","embeddable":true,"href":"https:\/\/revolutionpadelstore.com\/pt-pt\/wp-json\/wp\/v2\/jugador?post=20338"},{"taxonomy":"marca","embeddable":true,"href":"https:\/\/revolutionpadelstore.com\/pt-pt\/wp-json\/wp\/v2\/marca?post=20338"},{"taxonomy":"nivel-de-juego","embeddable":true,"href":"https:\/\/revolutionpadelstore.com\/pt-pt\/wp-json\/wp\/v2\/nivel-de-juego?post=20338"},{"taxonomy":"superficie","embeddable":true,"href":"https:\/\/revolutionpadelstore.com\/pt-pt\/wp-json\/wp\/v2\/superficie?post=20338"},{"taxonomy":"tipo-de-juego","embeddable":true,"href":"https:\/\/revolutionpadelstore.com\/pt-pt\/wp-json\/wp\/v2\/tipo-de-juego?post=20338"},{"taxonomy":"product_brand","embeddable":true,"href":"https:\/\/revolutionpadelstore.com\/pt-pt\/wp-json\/wp\/v2\/product_brand?post=20338"},{"taxonomy":"product_cat","embeddable":true,"href":"https:\/\/revolutionpadelstore.com\/pt-pt\/wp-json\/wp\/v2\/product_cat?post=20338"},{"taxonomy":"product_tag","embeddable":true,"href":"https:\/\/revolutionpadelstore.com\/pt-pt\/wp-json\/wp\/v2\/product_tag?post=20338"}],"curies":[{"name":"wp","href":"https:\/\/api.w.org\/{rel}","templated":true}]}}