{"id":20323,"date":"2024-03-19T20:28:54","date_gmt":"2024-03-19T19:28:54","guid":{"rendered":"https:\/\/revolutionpadelstore.com\/nox-at10-genius-18k-agustin-tapia-2024\/"},"modified":"2026-04-22T14:01:16","modified_gmt":"2026-04-22T12:01:16","slug":"nox-at10-genius-18k-agustin-tapia-2024","status":"publish","type":"product","link":"https:\/\/revolutionpadelstore.com\/pt-pt\/produto\/nox-at10-genius-18k-agustin-tapia-2024\/","title":{"rendered":"NOX AT10 GENIUS 18K AGUSTIN TAPIA 2024"},"content":{"rendered":"<h2>Nox AT10 Genius 18K 2024 de Agust\u00edn Tapia, pot\u00eancia e precis\u00e3o<\/h2>\n<p>A raquete Nox AT10 Genius 18K 2024 de Agust\u00edn Tapia \u00e9 a joia da nova cole\u00e7\u00e3o de raquetes de padel Nox. Esta <strong>raquete de padel multiuso de equil\u00edbrio m\u00e9dio<\/strong> oferece ao jogador um equil\u00edbrio perfeito entre pot\u00eancia e controle. Com formato de l\u00e1grima, incorpora tamb\u00e9m novos materiais e tecnologias que proporcionam um toque mais s\u00f3lido e confort\u00e1vel com maior estabilidade e desempenho superior em quadra.<\/p>\n<h2>Para que tipo de jogador \u00e9 recomendada a nova raquete de padel da Tapia?<\/h2>\n<p>O <strong>Nox AT10 Luxury Genius 18K 2024<\/strong> foi projetado para jogadores de n\u00edvel avan\u00e7ado. Se voc\u00ea procura uma <strong>raquete manej\u00e1vel<\/strong> que lhe permita controlar a bola com precis\u00e3o sem abrir m\u00e3o da pot\u00eancia, esta \u00e9 a sua raquete. Al\u00e9m disso, possui uma <strong>superf\u00edcie \u00e1spera com acabamento arenoso<\/strong> que proporciona \u00f3tima ader\u00eancia e permite acertar chutes com maior efeito. Sinta-se como Agust\u00edn Tapia na pista com o novo Nox AT10 Genius 18K<\/p>\n<h2>Materiais e tecnologias no AT10 Luxury Genius 18K 2024 da Nox<\/h2>\n<p>Esta raquete de padel foi fabricada com uma estrutura 100% carbono que lhe confere grande estabilidade e resist\u00eancia. Tamb\u00e9m incorpora a tecnologia <em>DCS Dynamic Composit Structure<\/em>, que garante <strong>grande durabilidade e melhor desempenho<\/strong>.<\/p>\n<p>Da mesma forma, o inovador sistema <em>EOS Flap<\/em> de perfura\u00e7\u00f5es laterais distribui melhor o peso, tornando-o <strong>mais aerodin\u00e2mico e manej\u00e1vel<\/strong>.<\/p>\n<p>Suas <strong>faces em carbono aluminizado 18K<\/strong>, consistentes, mas leves, proporcionam uma \u00f3tima sa\u00edda de bola, alcan\u00e7ando <strong>rebatidas precisas e poderosas<\/strong> sem comprometer a estabilidade.<\/p>\n<p>No interior encontramos um n\u00facleo EVA Multilayer MLD Black que oferece um toque excepcional.<\/p>\n<p>Esta combina\u00e7\u00e3o de materiais confere ao Nox AT10 Genius 18K 2024 uma dureza m\u00e9dia, permitindo uma resposta mais precisa que facilita o controle da bola durante a rebatida.<\/p>\n<p>Entre suas tecnologias incorpora o <em>Pulse System<\/em> que, junto com a tecnologia <em>Nox Custom Grip<\/em>, melhora a ader\u00eancia do cabo e <strong>reduz as vibra\u00e7\u00f5es produzidas durante a batida&lt;\/ em&gt; forte&gt;, proporcionando maior conforto durante o jogo.<\/strong><\/p>\n<p>Possui tamb\u00e9m o sistema SmartStrap, que permite substituir facilmente o cord\u00e3o de seguran\u00e7a da raquete sem ter que manipular a tampa inferior: mais higi\u00eanico, mais seguro e mais personaliz\u00e1vel.<\/p>\n<h2>Aproveite a nova raquete de Agust\u00edn Tapia agora em P\u0101del Nuestro<\/h2>\n<p>O <strong>Nox AT10 Luxury Genius 18K<\/strong> voltou \u00e0s pistas nesta temporada renovado. Mais manej\u00e1vel que o seu antecessor e com um ponto ideal generoso, oferece aos jogadores experientes de padel um grande controlo para devolver com precis\u00e3o at\u00e9 as bolas mais dif\u00edceis. Al\u00e9m disso, a combina\u00e7\u00e3o de seu n\u00facleo com a fibra Carbon Alum 18K em suas faces proporciona excepcional poder de acabamento.<\/p>\n<p>O resultado \u00e9 uma raquete de padel inovadora, est\u00e1vel e confort\u00e1vel, que combina o melhor da tecnologia e do design para oferecer uma experi\u00eancia de jogo incompar\u00e1vel. O que voc\u00ea est\u00e1 esperando para ter isso em suas m\u00e3os?<\/p>\n<h2>Nox AT10 Genius 18K 2024 by Agust\u00edn Tapia, potencia y precisi\u00f3n<\/h2>\n","protected":false},"excerpt":{"rendered":"<p>Nox AT10 Genius 18K Agust\u00edn Tapia 2024, raquete em forma de l\u00e1grima para os jogadores mais exigentes. Feito com materiais luxuosos, como n\u00facleo multicamadas e faces de alum\u00ednio de carbono 18K.<\/p>\n","protected":false},"featured_media":52198,"comment_status":"open","ping_status":"closed","template":"","meta":{"_acf_changed":false,"_joinchat":[]},"acabado":[1080],"balance":[1140],"dureza":[1155],"forma":[1185],"jugador":[1190,1200],"marca":[1260],"nivel-de-juego":[1335],"superficie":[1360],"tipo-de-juego":[1385],"product_brand":[],"product_cat":[300],"product_tag":[],"class_list":{"0":"post-20323","1":"product","2":"type-product","3":"status-publish","4":"has-post-thumbnail","6":"acabado-brilho","7":"balance-medio-pt-pt","8":"dureza-media-pt-pt","9":"forma-lagrima-pt-pt","10":"jugador-homem","11":"jugador-polivalente-pt-pt","12":"marca-nox-pt-pt","13":"superficie-rugosa-pt-pt","14":"tipo-de-juego-polivalente-pt-pt","15":"product_cat-palas","17":"first","18":"instock","19":"sale","20":"taxable","21":"shipping-taxable","22":"purchasable","23":"product-type-simple"},"acf":[],"yoast_head":"<!-- This site is optimized with the Yoast SEO plugin v27.4 - https:\/\/yoast.com\/product\/yoast-seo-wordpress\/ -->\n<title>NOX AT10 GENIUS 18K AGUSTIN TAPIA 2024 - Revolution Padel Store<\/title>\n<meta name=\"description\" content=\"Nox AT10 Genius 18K Agust\u00edn Tapia 2024,pala en forma de lagrima para los jugadores m\u00e1s exigentes. Hecha con materiales de lujo como el n\u00facleo multicapa y las caras de Carbon Alum 18K.\" \/>\n<meta name=\"robots\" content=\"index, follow, max-snippet:-1, max-image-preview:large, max-video-preview:-1\" \/>\n<link rel=\"canonical\" href=\"https:\/\/revolutionpadelstore.com\/pt-pt\/produto\/nox-at10-genius-18k-agustin-tapia-2024\/\" \/>\n<meta property=\"og:locale\" content=\"pt_PT\" \/>\n<meta property=\"og:type\" content=\"article\" \/>\n<meta property=\"og:title\" content=\"NOX AT10 GENIUS 18K AGUSTIN TAPIA 2024 - Revolution Padel Store\" \/>\n<meta property=\"og:description\" content=\"Nox AT10 Genius 18K Agust\u00edn Tapia 2024,pala en forma de lagrima para los jugadores m\u00e1s exigentes. Hecha con materiales de lujo como el n\u00facleo multicapa y las caras de Carbon Alum 18K.\" \/>\n<meta property=\"og:url\" content=\"https:\/\/revolutionpadelstore.com\/pt-pt\/produto\/nox-at10-genius-18k-agustin-tapia-2024\/\" \/>\n<meta property=\"og:site_name\" content=\"Revolution Padel Store\" \/>\n<meta property=\"article:modified_time\" content=\"2026-04-22T12:01:16+00:00\" \/>\n<meta property=\"og:image\" content=\"https:\/\/revolutionpadelstore.com\/wp-content\/uploads\/2024\/03\/imagen_1_110805_9dc06b50_3191.webp\" \/>\n\t<meta property=\"og:image:width\" content=\"1500\" \/>\n\t<meta property=\"og:image:height\" content=\"1500\" \/>\n\t<meta property=\"og:image:type\" content=\"image\/webp\" \/>\n<meta name=\"twitter:card\" content=\"summary_large_image\" \/>\n<meta name=\"twitter:label1\" content=\"Tempo estimado de leitura\" \/>\n\t<meta name=\"twitter:data1\" content=\"3 minutos\" \/>\n<script type=\"application\/ld+json\" class=\"yoast-schema-graph\">{\"@context\":\"https:\\\/\\\/schema.org\",\"@graph\":[{\"@type\":\"WebPage\",\"@id\":\"https:\\\/\\\/revolutionpadelstore.com\\\/pt-pt\\\/produto\\\/nox-at10-genius-18k-agustin-tapia-2024\\\/\",\"url\":\"https:\\\/\\\/revolutionpadelstore.com\\\/pt-pt\\\/produto\\\/nox-at10-genius-18k-agustin-tapia-2024\\\/\",\"name\":\"NOX AT10 GENIUS 18K AGUSTIN TAPIA 2024 - Revolution Padel Store\",\"isPartOf\":{\"@id\":\"https:\\\/\\\/revolutionpadelstore.com\\\/pt-pt\\\/#website\"},\"primaryImageOfPage\":{\"@id\":\"https:\\\/\\\/revolutionpadelstore.com\\\/pt-pt\\\/produto\\\/nox-at10-genius-18k-agustin-tapia-2024\\\/#primaryimage\"},\"image\":{\"@id\":\"https:\\\/\\\/revolutionpadelstore.com\\\/pt-pt\\\/produto\\\/nox-at10-genius-18k-agustin-tapia-2024\\\/#primaryimage\"},\"thumbnailUrl\":\"https:\\\/\\\/revolutionpadelstore.com\\\/wp-content\\\/uploads\\\/2024\\\/03\\\/imagen_1_110805_9dc06b50_3191.webp\",\"datePublished\":\"2024-03-19T19:28:54+00:00\",\"dateModified\":\"2026-04-22T12:01:16+00:00\",\"description\":\"Nox AT10 Genius 18K Agust\u00edn Tapia 2024,pala en forma de lagrima para los jugadores m\u00e1s exigentes. Hecha con materiales de lujo como el n\u00facleo multicapa y las caras de Carbon Alum 18K.\",\"breadcrumb\":{\"@id\":\"https:\\\/\\\/revolutionpadelstore.com\\\/pt-pt\\\/produto\\\/nox-at10-genius-18k-agustin-tapia-2024\\\/#breadcrumb\"},\"inLanguage\":\"pt-PT\",\"potentialAction\":[{\"@type\":\"ReadAction\",\"target\":[\"https:\\\/\\\/revolutionpadelstore.com\\\/pt-pt\\\/produto\\\/nox-at10-genius-18k-agustin-tapia-2024\\\/\"]}]},{\"@type\":\"ImageObject\",\"inLanguage\":\"pt-PT\",\"@id\":\"https:\\\/\\\/revolutionpadelstore.com\\\/pt-pt\\\/produto\\\/nox-at10-genius-18k-agustin-tapia-2024\\\/#primaryimage\",\"url\":\"https:\\\/\\\/revolutionpadelstore.com\\\/wp-content\\\/uploads\\\/2024\\\/03\\\/imagen_1_110805_9dc06b50_3191.webp\",\"contentUrl\":\"https:\\\/\\\/revolutionpadelstore.com\\\/wp-content\\\/uploads\\\/2024\\\/03\\\/imagen_1_110805_9dc06b50_3191.webp\",\"width\":1500,\"height\":1500},{\"@type\":\"BreadcrumbList\",\"@id\":\"https:\\\/\\\/revolutionpadelstore.com\\\/pt-pt\\\/produto\\\/nox-at10-genius-18k-agustin-tapia-2024\\\/#breadcrumb\",\"itemListElement\":[{\"@type\":\"ListItem\",\"position\":1,\"name\":\"Portada\",\"item\":\"https:\\\/\\\/revolutionpadelstore.com\\\/pt-pt\\\/\"},{\"@type\":\"ListItem\",\"position\":2,\"name\":\"Tienda\",\"item\":\"https:\\\/\\\/revolutionpadelstore.com\\\/pt-pt\\\/tienda\\\/\"},{\"@type\":\"ListItem\",\"position\":3,\"name\":\"NOX AT10 GENIUS 18K AGUSTIN TAPIA 2024\"}]},{\"@type\":\"WebSite\",\"@id\":\"https:\\\/\\\/revolutionpadelstore.com\\\/pt-pt\\\/#website\",\"url\":\"https:\\\/\\\/revolutionpadelstore.com\\\/pt-pt\\\/\",\"name\":\"Revolution Padel Store\",\"description\":\"\",\"publisher\":{\"@id\":\"https:\\\/\\\/revolutionpadelstore.com\\\/pt-pt\\\/#organization\"},\"potentialAction\":[{\"@type\":\"SearchAction\",\"target\":{\"@type\":\"EntryPoint\",\"urlTemplate\":\"https:\\\/\\\/revolutionpadelstore.com\\\/pt-pt\\\/?s={search_term_string}\"},\"query-input\":{\"@type\":\"PropertyValueSpecification\",\"valueRequired\":true,\"valueName\":\"search_term_string\"}}],\"inLanguage\":\"pt-PT\"},{\"@type\":\"Organization\",\"@id\":\"https:\\\/\\\/revolutionpadelstore.com\\\/pt-pt\\\/#organization\",\"name\":\"Revolution Padel Store\",\"url\":\"https:\\\/\\\/revolutionpadelstore.com\\\/pt-pt\\\/\",\"logo\":{\"@type\":\"ImageObject\",\"inLanguage\":\"pt-PT\",\"@id\":\"https:\\\/\\\/revolutionpadelstore.com\\\/pt-pt\\\/#\\\/schema\\\/logo\\\/image\\\/\",\"url\":\"https:\\\/\\\/revolutionpadelstore.com\\\/wp-content\\\/uploads\\\/2026\\\/02\\\/revolution-padel-store.jpg\",\"contentUrl\":\"https:\\\/\\\/revolutionpadelstore.com\\\/wp-content\\\/uploads\\\/2026\\\/02\\\/revolution-padel-store.jpg\",\"width\":2000,\"height\":2000,\"caption\":\"Revolution Padel Store\"},\"image\":{\"@id\":\"https:\\\/\\\/revolutionpadelstore.com\\\/pt-pt\\\/#\\\/schema\\\/logo\\\/image\\\/\"},\"sameAs\":[\"https:\\\/\\\/www.instagram.com\\\/revolutionpadelstore\\\/\"]}]}<\/script>\n<!-- \/ Yoast SEO plugin. -->","yoast_head_json":{"title":"NOX AT10 GENIUS 18K AGUSTIN TAPIA 2024 - Revolution Padel Store","description":"Nox AT10 Genius 18K Agust\u00edn Tapia 2024,pala en forma de lagrima para los jugadores m\u00e1s exigentes. Hecha con materiales de lujo como el n\u00facleo multicapa y las caras de Carbon Alum 18K.","robots":{"index":"index","follow":"follow","max-snippet":"max-snippet:-1","max-image-preview":"max-image-preview:large","max-video-preview":"max-video-preview:-1"},"canonical":"https:\/\/revolutionpadelstore.com\/pt-pt\/produto\/nox-at10-genius-18k-agustin-tapia-2024\/","og_locale":"pt_PT","og_type":"article","og_title":"NOX AT10 GENIUS 18K AGUSTIN TAPIA 2024 - Revolution Padel Store","og_description":"Nox AT10 Genius 18K Agust\u00edn Tapia 2024,pala en forma de lagrima para los jugadores m\u00e1s exigentes. Hecha con materiales de lujo como el n\u00facleo multicapa y las caras de Carbon Alum 18K.","og_url":"https:\/\/revolutionpadelstore.com\/pt-pt\/produto\/nox-at10-genius-18k-agustin-tapia-2024\/","og_site_name":"Revolution Padel Store","article_modified_time":"2026-04-22T12:01:16+00:00","og_image":[{"width":1500,"height":1500,"url":"https:\/\/revolutionpadelstore.com\/wp-content\/uploads\/2024\/03\/imagen_1_110805_9dc06b50_3191.webp","type":"image\/webp"}],"twitter_card":"summary_large_image","twitter_misc":{"Tempo estimado de leitura":"3 minutos"},"schema":{"@context":"https:\/\/schema.org","@graph":[{"@type":"WebPage","@id":"https:\/\/revolutionpadelstore.com\/pt-pt\/produto\/nox-at10-genius-18k-agustin-tapia-2024\/","url":"https:\/\/revolutionpadelstore.com\/pt-pt\/produto\/nox-at10-genius-18k-agustin-tapia-2024\/","name":"NOX AT10 GENIUS 18K AGUSTIN TAPIA 2024 - Revolution Padel Store","isPartOf":{"@id":"https:\/\/revolutionpadelstore.com\/pt-pt\/#website"},"primaryImageOfPage":{"@id":"https:\/\/revolutionpadelstore.com\/pt-pt\/produto\/nox-at10-genius-18k-agustin-tapia-2024\/#primaryimage"},"image":{"@id":"https:\/\/revolutionpadelstore.com\/pt-pt\/produto\/nox-at10-genius-18k-agustin-tapia-2024\/#primaryimage"},"thumbnailUrl":"https:\/\/revolutionpadelstore.com\/wp-content\/uploads\/2024\/03\/imagen_1_110805_9dc06b50_3191.webp","datePublished":"2024-03-19T19:28:54+00:00","dateModified":"2026-04-22T12:01:16+00:00","description":"Nox AT10 Genius 18K Agust\u00edn Tapia 2024,pala en forma de lagrima para los jugadores m\u00e1s exigentes. Hecha con materiales de lujo como el n\u00facleo multicapa y las caras de Carbon Alum 18K.","breadcrumb":{"@id":"https:\/\/revolutionpadelstore.com\/pt-pt\/produto\/nox-at10-genius-18k-agustin-tapia-2024\/#breadcrumb"},"inLanguage":"pt-PT","potentialAction":[{"@type":"ReadAction","target":["https:\/\/revolutionpadelstore.com\/pt-pt\/produto\/nox-at10-genius-18k-agustin-tapia-2024\/"]}]},{"@type":"ImageObject","inLanguage":"pt-PT","@id":"https:\/\/revolutionpadelstore.com\/pt-pt\/produto\/nox-at10-genius-18k-agustin-tapia-2024\/#primaryimage","url":"https:\/\/revolutionpadelstore.com\/wp-content\/uploads\/2024\/03\/imagen_1_110805_9dc06b50_3191.webp","contentUrl":"https:\/\/revolutionpadelstore.com\/wp-content\/uploads\/2024\/03\/imagen_1_110805_9dc06b50_3191.webp","width":1500,"height":1500},{"@type":"BreadcrumbList","@id":"https:\/\/revolutionpadelstore.com\/pt-pt\/produto\/nox-at10-genius-18k-agustin-tapia-2024\/#breadcrumb","itemListElement":[{"@type":"ListItem","position":1,"name":"Portada","item":"https:\/\/revolutionpadelstore.com\/pt-pt\/"},{"@type":"ListItem","position":2,"name":"Tienda","item":"https:\/\/revolutionpadelstore.com\/pt-pt\/tienda\/"},{"@type":"ListItem","position":3,"name":"NOX AT10 GENIUS 18K AGUSTIN TAPIA 2024"}]},{"@type":"WebSite","@id":"https:\/\/revolutionpadelstore.com\/pt-pt\/#website","url":"https:\/\/revolutionpadelstore.com\/pt-pt\/","name":"Revolution Padel Store","description":"","publisher":{"@id":"https:\/\/revolutionpadelstore.com\/pt-pt\/#organization"},"potentialAction":[{"@type":"SearchAction","target":{"@type":"EntryPoint","urlTemplate":"https:\/\/revolutionpadelstore.com\/pt-pt\/?s={search_term_string}"},"query-input":{"@type":"PropertyValueSpecification","valueRequired":true,"valueName":"search_term_string"}}],"inLanguage":"pt-PT"},{"@type":"Organization","@id":"https:\/\/revolutionpadelstore.com\/pt-pt\/#organization","name":"Revolution Padel Store","url":"https:\/\/revolutionpadelstore.com\/pt-pt\/","logo":{"@type":"ImageObject","inLanguage":"pt-PT","@id":"https:\/\/revolutionpadelstore.com\/pt-pt\/#\/schema\/logo\/image\/","url":"https:\/\/revolutionpadelstore.com\/wp-content\/uploads\/2026\/02\/revolution-padel-store.jpg","contentUrl":"https:\/\/revolutionpadelstore.com\/wp-content\/uploads\/2026\/02\/revolution-padel-store.jpg","width":2000,"height":2000,"caption":"Revolution Padel Store"},"image":{"@id":"https:\/\/revolutionpadelstore.com\/pt-pt\/#\/schema\/logo\/image\/"},"sameAs":["https:\/\/www.instagram.com\/revolutionpadelstore\/"]}]}},"_links":{"self":[{"href":"https:\/\/revolutionpadelstore.com\/pt-pt\/wp-json\/wp\/v2\/product\/20323","targetHints":{"allow":["GET"]}}],"collection":[{"href":"https:\/\/revolutionpadelstore.com\/pt-pt\/wp-json\/wp\/v2\/product"}],"about":[{"href":"https:\/\/revolutionpadelstore.com\/pt-pt\/wp-json\/wp\/v2\/types\/product"}],"replies":[{"embeddable":true,"href":"https:\/\/revolutionpadelstore.com\/pt-pt\/wp-json\/wp\/v2\/comments?post=20323"}],"wp:featuredmedia":[{"embeddable":true,"href":"https:\/\/revolutionpadelstore.com\/pt-pt\/wp-json\/wp\/v2\/media\/52198"}],"wp:attachment":[{"href":"https:\/\/revolutionpadelstore.com\/pt-pt\/wp-json\/wp\/v2\/media?parent=20323"}],"wp:term":[{"taxonomy":"acabado","embeddable":true,"href":"https:\/\/revolutionpadelstore.com\/pt-pt\/wp-json\/wp\/v2\/acabado?post=20323"},{"taxonomy":"balance","embeddable":true,"href":"https:\/\/revolutionpadelstore.com\/pt-pt\/wp-json\/wp\/v2\/balance?post=20323"},{"taxonomy":"dureza","embeddable":true,"href":"https:\/\/revolutionpadelstore.com\/pt-pt\/wp-json\/wp\/v2\/dureza?post=20323"},{"taxonomy":"forma","embeddable":true,"href":"https:\/\/revolutionpadelstore.com\/pt-pt\/wp-json\/wp\/v2\/forma?post=20323"},{"taxonomy":"jugador","embeddable":true,"href":"https:\/\/revolutionpadelstore.com\/pt-pt\/wp-json\/wp\/v2\/jugador?post=20323"},{"taxonomy":"marca","embeddable":true,"href":"https:\/\/revolutionpadelstore.com\/pt-pt\/wp-json\/wp\/v2\/marca?post=20323"},{"taxonomy":"nivel-de-juego","embeddable":true,"href":"https:\/\/revolutionpadelstore.com\/pt-pt\/wp-json\/wp\/v2\/nivel-de-juego?post=20323"},{"taxonomy":"superficie","embeddable":true,"href":"https:\/\/revolutionpadelstore.com\/pt-pt\/wp-json\/wp\/v2\/superficie?post=20323"},{"taxonomy":"tipo-de-juego","embeddable":true,"href":"https:\/\/revolutionpadelstore.com\/pt-pt\/wp-json\/wp\/v2\/tipo-de-juego?post=20323"},{"taxonomy":"product_brand","embeddable":true,"href":"https:\/\/revolutionpadelstore.com\/pt-pt\/wp-json\/wp\/v2\/product_brand?post=20323"},{"taxonomy":"product_cat","embeddable":true,"href":"https:\/\/revolutionpadelstore.com\/pt-pt\/wp-json\/wp\/v2\/product_cat?post=20323"},{"taxonomy":"product_tag","embeddable":true,"href":"https:\/\/revolutionpadelstore.com\/pt-pt\/wp-json\/wp\/v2\/product_tag?post=20323"}],"curies":[{"name":"wp","href":"https:\/\/api.w.org\/{rel}","templated":true}]}}