{"id":20283,"date":"2024-03-21T14:50:13","date_gmt":"2024-03-21T13:50:13","guid":{"rendered":"https:\/\/revolutionpadelstore.com\/rs-cobra-apex-edition-women-black\/"},"modified":"2026-04-08T14:53:23","modified_gmt":"2026-04-08T12:53:23","slug":"rs-cobra-apex-edition-women-black-5","status":"publish","type":"product","link":"https:\/\/revolutionpadelstore.com\/pt-pt\/produto\/rs-cobra-apex-edition-women-black-5\/","title":{"rendered":"RS COBRA APEX EDITION WOMEN BLACK"},"content":{"rendered":"<h2>O que a raquete de padel feminina RS Cobra Apex Edition 91029 oferece?<\/h2>\n<p>A raquete de padel feminina RS Cobra Apex Edition 91029, da marca Robin Soderling, oferece \u00f3timo desempenho, gra\u00e7as \u00e0 leveza de seus materiais. O design da l\u00e2mina proporciona melhor equil\u00edbrio, que distribui o peso da l\u00e2mina em dire\u00e7\u00e3o ao punho. A maior vantagem \u00e9 que oferece ao jogador maior controle e precis\u00e3o em cada arremesso.<\/p>\n<h2>Para que tipo de jogador \u00e9 indicada a raquete de padel feminina RS Cobra Apex Edition 91029?<\/h2>\n<p>A raquete de padel feminina RS Cobra Apex Edition 91029 foi projetada para jogadores intermedi\u00e1rios ou progressistas. Sua manobrabilidade o torna adequado para f\u00e1cil controle de rebatidas.<\/p>\n<h2>Design e cores<\/h2>\n<p>O corpo da raquete Cobra Apex Edition 91029 \u00e9 predominantemente preto. No centro do rosto destaca-se o logotipo da marca Robin Soderling em rosa suave.<\/p>\n<h2>\u00bfQu\u00e9 ofrece la pala de p\u00e1del RS Cobra Apex Edition 91029 de mujer?<\/h2>\n","protected":false},"excerpt":{"rendered":"<p>A <strong>raquete de padel<\/strong> RS Cobra Apex Edition 91029 feminina, da marca Robin Soderling, tem formato de l\u00e1grima que oferece manobrabilidade, gra\u00e7as ao seu design e combina\u00e7\u00e3o de materiais.<\/p>\n","protected":false},"featured_media":3026,"comment_status":"open","ping_status":"closed","template":"","meta":{"_acf_changed":false,"_joinchat":[]},"acabado":[1095],"balance":[1145],"dureza":[1155],"forma":[1185],"jugador":[1195],"marca":[1310],"nivel-de-juego":[1335],"superficie":[1360],"tipo-de-juego":[1385],"product_brand":[],"product_cat":[300],"product_tag":[],"class_list":{"0":"post-20283","1":"product","2":"type-product","3":"status-publish","4":"has-post-thumbnail","6":"acabado-arenoso-pt-pt","7":"balance-baixo","8":"dureza-media-pt-pt","9":"forma-lagrima-pt-pt","10":"jugador-mulher","11":"marca-rs-padel-pt-pt","12":"superficie-rugosa-pt-pt","13":"tipo-de-juego-polivalente-pt-pt","14":"product_cat-palas","16":"first","17":"instock","18":"taxable","19":"shipping-taxable","20":"purchasable","21":"product-type-simple"},"acf":[],"yoast_head":"<!-- This site is optimized with the Yoast SEO plugin v27.4 - https:\/\/yoast.com\/product\/yoast-seo-wordpress\/ -->\n<title>RS COBRA APEX EDITION WOMEN BLACK - Revolution Padel Store<\/title>\n<meta name=\"description\" content=\"La pala de p\u00e1del RS Cobra Apex Edition 91029 de mujer, de la marca Robin Soderling, tiene una forma en l\u00e1grima que ofrece manejabilidad, gracias su dise\u00f1o y combinaci\u00f3n de materiales.\" \/>\n<meta name=\"robots\" content=\"index, follow, max-snippet:-1, max-image-preview:large, max-video-preview:-1\" \/>\n<link rel=\"canonical\" href=\"https:\/\/revolutionpadelstore.com\/pt-pt\/produto\/rs-cobra-apex-edition-women-black-5\/\" \/>\n<meta property=\"og:locale\" content=\"pt_PT\" \/>\n<meta property=\"og:type\" content=\"article\" \/>\n<meta property=\"og:title\" content=\"RS COBRA APEX EDITION WOMEN BLACK - Revolution Padel Store\" \/>\n<meta property=\"og:description\" content=\"La pala de p\u00e1del RS Cobra Apex Edition 91029 de mujer, de la marca Robin Soderling, tiene una forma en l\u00e1grima que ofrece manejabilidad, gracias su dise\u00f1o y combinaci\u00f3n de materiales.\" \/>\n<meta property=\"og:url\" content=\"https:\/\/revolutionpadelstore.com\/pt-pt\/produto\/rs-cobra-apex-edition-women-black-5\/\" \/>\n<meta property=\"og:site_name\" content=\"Revolution Padel Store\" \/>\n<meta property=\"article:modified_time\" content=\"2026-04-08T12:53:23+00:00\" \/>\n<meta property=\"og:image\" content=\"https:\/\/revolutionpadelstore.com\/wp-content\/uploads\/2024\/03\/RS_COBRA_APEX_EDITION_91029_MJR_VISTA1_1000_1000_9041.webp\" \/>\n\t<meta property=\"og:image:width\" content=\"1000\" \/>\n\t<meta property=\"og:image:height\" content=\"1000\" \/>\n\t<meta property=\"og:image:type\" content=\"image\/webp\" \/>\n<meta name=\"twitter:card\" content=\"summary_large_image\" \/>\n<meta name=\"twitter:label1\" content=\"Tempo estimado de leitura\" \/>\n\t<meta name=\"twitter:data1\" content=\"1 minuto\" \/>\n<script type=\"application\/ld+json\" class=\"yoast-schema-graph\">{\"@context\":\"https:\\\/\\\/schema.org\",\"@graph\":[{\"@type\":\"WebPage\",\"@id\":\"https:\\\/\\\/revolutionpadelstore.com\\\/pt-pt\\\/produto\\\/rs-cobra-apex-edition-women-black-5\\\/\",\"url\":\"https:\\\/\\\/revolutionpadelstore.com\\\/pt-pt\\\/produto\\\/rs-cobra-apex-edition-women-black-5\\\/\",\"name\":\"RS COBRA APEX EDITION WOMEN BLACK - Revolution Padel Store\",\"isPartOf\":{\"@id\":\"https:\\\/\\\/revolutionpadelstore.com\\\/pt-pt\\\/#website\"},\"primaryImageOfPage\":{\"@id\":\"https:\\\/\\\/revolutionpadelstore.com\\\/pt-pt\\\/produto\\\/rs-cobra-apex-edition-women-black-5\\\/#primaryimage\"},\"image\":{\"@id\":\"https:\\\/\\\/revolutionpadelstore.com\\\/pt-pt\\\/produto\\\/rs-cobra-apex-edition-women-black-5\\\/#primaryimage\"},\"thumbnailUrl\":\"https:\\\/\\\/revolutionpadelstore.com\\\/wp-content\\\/uploads\\\/2024\\\/03\\\/RS_COBRA_APEX_EDITION_91029_MJR_VISTA1_1000_1000_9041.webp\",\"datePublished\":\"2024-03-21T13:50:13+00:00\",\"dateModified\":\"2026-04-08T12:53:23+00:00\",\"description\":\"La pala de p\u00e1del RS Cobra Apex Edition 91029 de mujer, de la marca Robin Soderling, tiene una forma en l\u00e1grima que ofrece manejabilidad, gracias su dise\u00f1o y combinaci\u00f3n de materiales.\",\"breadcrumb\":{\"@id\":\"https:\\\/\\\/revolutionpadelstore.com\\\/pt-pt\\\/produto\\\/rs-cobra-apex-edition-women-black-5\\\/#breadcrumb\"},\"inLanguage\":\"pt-PT\",\"potentialAction\":[{\"@type\":\"ReadAction\",\"target\":[\"https:\\\/\\\/revolutionpadelstore.com\\\/pt-pt\\\/produto\\\/rs-cobra-apex-edition-women-black-5\\\/\"]}]},{\"@type\":\"ImageObject\",\"inLanguage\":\"pt-PT\",\"@id\":\"https:\\\/\\\/revolutionpadelstore.com\\\/pt-pt\\\/produto\\\/rs-cobra-apex-edition-women-black-5\\\/#primaryimage\",\"url\":\"https:\\\/\\\/revolutionpadelstore.com\\\/wp-content\\\/uploads\\\/2024\\\/03\\\/RS_COBRA_APEX_EDITION_91029_MJR_VISTA1_1000_1000_9041.webp\",\"contentUrl\":\"https:\\\/\\\/revolutionpadelstore.com\\\/wp-content\\\/uploads\\\/2024\\\/03\\\/RS_COBRA_APEX_EDITION_91029_MJR_VISTA1_1000_1000_9041.webp\",\"width\":1000,\"height\":1000,\"caption\":\"RS COBRA APEX EDITION WOMEN BLACK\"},{\"@type\":\"BreadcrumbList\",\"@id\":\"https:\\\/\\\/revolutionpadelstore.com\\\/pt-pt\\\/produto\\\/rs-cobra-apex-edition-women-black-5\\\/#breadcrumb\",\"itemListElement\":[{\"@type\":\"ListItem\",\"position\":1,\"name\":\"Portada\",\"item\":\"https:\\\/\\\/revolutionpadelstore.com\\\/pt-pt\\\/\"},{\"@type\":\"ListItem\",\"position\":2,\"name\":\"Tienda\",\"item\":\"https:\\\/\\\/revolutionpadelstore.com\\\/pt-pt\\\/tienda\\\/\"},{\"@type\":\"ListItem\",\"position\":3,\"name\":\"RS COBRA APEX EDITION WOMEN BLACK\"}]},{\"@type\":\"WebSite\",\"@id\":\"https:\\\/\\\/revolutionpadelstore.com\\\/pt-pt\\\/#website\",\"url\":\"https:\\\/\\\/revolutionpadelstore.com\\\/pt-pt\\\/\",\"name\":\"Revolution Padel Store\",\"description\":\"\",\"publisher\":{\"@id\":\"https:\\\/\\\/revolutionpadelstore.com\\\/pt-pt\\\/#organization\"},\"potentialAction\":[{\"@type\":\"SearchAction\",\"target\":{\"@type\":\"EntryPoint\",\"urlTemplate\":\"https:\\\/\\\/revolutionpadelstore.com\\\/pt-pt\\\/?s={search_term_string}\"},\"query-input\":{\"@type\":\"PropertyValueSpecification\",\"valueRequired\":true,\"valueName\":\"search_term_string\"}}],\"inLanguage\":\"pt-PT\"},{\"@type\":\"Organization\",\"@id\":\"https:\\\/\\\/revolutionpadelstore.com\\\/pt-pt\\\/#organization\",\"name\":\"Revolution Padel Store\",\"url\":\"https:\\\/\\\/revolutionpadelstore.com\\\/pt-pt\\\/\",\"logo\":{\"@type\":\"ImageObject\",\"inLanguage\":\"pt-PT\",\"@id\":\"https:\\\/\\\/revolutionpadelstore.com\\\/pt-pt\\\/#\\\/schema\\\/logo\\\/image\\\/\",\"url\":\"https:\\\/\\\/revolutionpadelstore.com\\\/wp-content\\\/uploads\\\/2026\\\/02\\\/revolution-padel-store.jpg\",\"contentUrl\":\"https:\\\/\\\/revolutionpadelstore.com\\\/wp-content\\\/uploads\\\/2026\\\/02\\\/revolution-padel-store.jpg\",\"width\":2000,\"height\":2000,\"caption\":\"Revolution Padel Store\"},\"image\":{\"@id\":\"https:\\\/\\\/revolutionpadelstore.com\\\/pt-pt\\\/#\\\/schema\\\/logo\\\/image\\\/\"},\"sameAs\":[\"https:\\\/\\\/www.instagram.com\\\/revolutionpadelstore\\\/\"]}]}<\/script>\n<!-- \/ Yoast SEO plugin. -->","yoast_head_json":{"title":"RS COBRA APEX EDITION WOMEN BLACK - Revolution Padel Store","description":"La pala de p\u00e1del RS Cobra Apex Edition 91029 de mujer, de la marca Robin Soderling, tiene una forma en l\u00e1grima que ofrece manejabilidad, gracias su dise\u00f1o y combinaci\u00f3n de materiales.","robots":{"index":"index","follow":"follow","max-snippet":"max-snippet:-1","max-image-preview":"max-image-preview:large","max-video-preview":"max-video-preview:-1"},"canonical":"https:\/\/revolutionpadelstore.com\/pt-pt\/produto\/rs-cobra-apex-edition-women-black-5\/","og_locale":"pt_PT","og_type":"article","og_title":"RS COBRA APEX EDITION WOMEN BLACK - Revolution Padel Store","og_description":"La pala de p\u00e1del RS Cobra Apex Edition 91029 de mujer, de la marca Robin Soderling, tiene una forma en l\u00e1grima que ofrece manejabilidad, gracias su dise\u00f1o y combinaci\u00f3n de materiales.","og_url":"https:\/\/revolutionpadelstore.com\/pt-pt\/produto\/rs-cobra-apex-edition-women-black-5\/","og_site_name":"Revolution Padel Store","article_modified_time":"2026-04-08T12:53:23+00:00","og_image":[{"width":1000,"height":1000,"url":"https:\/\/revolutionpadelstore.com\/wp-content\/uploads\/2024\/03\/RS_COBRA_APEX_EDITION_91029_MJR_VISTA1_1000_1000_9041.webp","type":"image\/webp"}],"twitter_card":"summary_large_image","twitter_misc":{"Tempo estimado de leitura":"1 minuto"},"schema":{"@context":"https:\/\/schema.org","@graph":[{"@type":"WebPage","@id":"https:\/\/revolutionpadelstore.com\/pt-pt\/produto\/rs-cobra-apex-edition-women-black-5\/","url":"https:\/\/revolutionpadelstore.com\/pt-pt\/produto\/rs-cobra-apex-edition-women-black-5\/","name":"RS COBRA APEX EDITION WOMEN BLACK - Revolution Padel Store","isPartOf":{"@id":"https:\/\/revolutionpadelstore.com\/pt-pt\/#website"},"primaryImageOfPage":{"@id":"https:\/\/revolutionpadelstore.com\/pt-pt\/produto\/rs-cobra-apex-edition-women-black-5\/#primaryimage"},"image":{"@id":"https:\/\/revolutionpadelstore.com\/pt-pt\/produto\/rs-cobra-apex-edition-women-black-5\/#primaryimage"},"thumbnailUrl":"https:\/\/revolutionpadelstore.com\/wp-content\/uploads\/2024\/03\/RS_COBRA_APEX_EDITION_91029_MJR_VISTA1_1000_1000_9041.webp","datePublished":"2024-03-21T13:50:13+00:00","dateModified":"2026-04-08T12:53:23+00:00","description":"La pala de p\u00e1del RS Cobra Apex Edition 91029 de mujer, de la marca Robin Soderling, tiene una forma en l\u00e1grima que ofrece manejabilidad, gracias su dise\u00f1o y combinaci\u00f3n de materiales.","breadcrumb":{"@id":"https:\/\/revolutionpadelstore.com\/pt-pt\/produto\/rs-cobra-apex-edition-women-black-5\/#breadcrumb"},"inLanguage":"pt-PT","potentialAction":[{"@type":"ReadAction","target":["https:\/\/revolutionpadelstore.com\/pt-pt\/produto\/rs-cobra-apex-edition-women-black-5\/"]}]},{"@type":"ImageObject","inLanguage":"pt-PT","@id":"https:\/\/revolutionpadelstore.com\/pt-pt\/produto\/rs-cobra-apex-edition-women-black-5\/#primaryimage","url":"https:\/\/revolutionpadelstore.com\/wp-content\/uploads\/2024\/03\/RS_COBRA_APEX_EDITION_91029_MJR_VISTA1_1000_1000_9041.webp","contentUrl":"https:\/\/revolutionpadelstore.com\/wp-content\/uploads\/2024\/03\/RS_COBRA_APEX_EDITION_91029_MJR_VISTA1_1000_1000_9041.webp","width":1000,"height":1000,"caption":"RS COBRA APEX EDITION WOMEN BLACK"},{"@type":"BreadcrumbList","@id":"https:\/\/revolutionpadelstore.com\/pt-pt\/produto\/rs-cobra-apex-edition-women-black-5\/#breadcrumb","itemListElement":[{"@type":"ListItem","position":1,"name":"Portada","item":"https:\/\/revolutionpadelstore.com\/pt-pt\/"},{"@type":"ListItem","position":2,"name":"Tienda","item":"https:\/\/revolutionpadelstore.com\/pt-pt\/tienda\/"},{"@type":"ListItem","position":3,"name":"RS COBRA APEX EDITION WOMEN BLACK"}]},{"@type":"WebSite","@id":"https:\/\/revolutionpadelstore.com\/pt-pt\/#website","url":"https:\/\/revolutionpadelstore.com\/pt-pt\/","name":"Revolution Padel Store","description":"","publisher":{"@id":"https:\/\/revolutionpadelstore.com\/pt-pt\/#organization"},"potentialAction":[{"@type":"SearchAction","target":{"@type":"EntryPoint","urlTemplate":"https:\/\/revolutionpadelstore.com\/pt-pt\/?s={search_term_string}"},"query-input":{"@type":"PropertyValueSpecification","valueRequired":true,"valueName":"search_term_string"}}],"inLanguage":"pt-PT"},{"@type":"Organization","@id":"https:\/\/revolutionpadelstore.com\/pt-pt\/#organization","name":"Revolution Padel Store","url":"https:\/\/revolutionpadelstore.com\/pt-pt\/","logo":{"@type":"ImageObject","inLanguage":"pt-PT","@id":"https:\/\/revolutionpadelstore.com\/pt-pt\/#\/schema\/logo\/image\/","url":"https:\/\/revolutionpadelstore.com\/wp-content\/uploads\/2026\/02\/revolution-padel-store.jpg","contentUrl":"https:\/\/revolutionpadelstore.com\/wp-content\/uploads\/2026\/02\/revolution-padel-store.jpg","width":2000,"height":2000,"caption":"Revolution Padel Store"},"image":{"@id":"https:\/\/revolutionpadelstore.com\/pt-pt\/#\/schema\/logo\/image\/"},"sameAs":["https:\/\/www.instagram.com\/revolutionpadelstore\/"]}]}},"_links":{"self":[{"href":"https:\/\/revolutionpadelstore.com\/pt-pt\/wp-json\/wp\/v2\/product\/20283","targetHints":{"allow":["GET"]}}],"collection":[{"href":"https:\/\/revolutionpadelstore.com\/pt-pt\/wp-json\/wp\/v2\/product"}],"about":[{"href":"https:\/\/revolutionpadelstore.com\/pt-pt\/wp-json\/wp\/v2\/types\/product"}],"replies":[{"embeddable":true,"href":"https:\/\/revolutionpadelstore.com\/pt-pt\/wp-json\/wp\/v2\/comments?post=20283"}],"wp:featuredmedia":[{"embeddable":true,"href":"https:\/\/revolutionpadelstore.com\/pt-pt\/wp-json\/wp\/v2\/media\/3026"}],"wp:attachment":[{"href":"https:\/\/revolutionpadelstore.com\/pt-pt\/wp-json\/wp\/v2\/media?parent=20283"}],"wp:term":[{"taxonomy":"acabado","embeddable":true,"href":"https:\/\/revolutionpadelstore.com\/pt-pt\/wp-json\/wp\/v2\/acabado?post=20283"},{"taxonomy":"balance","embeddable":true,"href":"https:\/\/revolutionpadelstore.com\/pt-pt\/wp-json\/wp\/v2\/balance?post=20283"},{"taxonomy":"dureza","embeddable":true,"href":"https:\/\/revolutionpadelstore.com\/pt-pt\/wp-json\/wp\/v2\/dureza?post=20283"},{"taxonomy":"forma","embeddable":true,"href":"https:\/\/revolutionpadelstore.com\/pt-pt\/wp-json\/wp\/v2\/forma?post=20283"},{"taxonomy":"jugador","embeddable":true,"href":"https:\/\/revolutionpadelstore.com\/pt-pt\/wp-json\/wp\/v2\/jugador?post=20283"},{"taxonomy":"marca","embeddable":true,"href":"https:\/\/revolutionpadelstore.com\/pt-pt\/wp-json\/wp\/v2\/marca?post=20283"},{"taxonomy":"nivel-de-juego","embeddable":true,"href":"https:\/\/revolutionpadelstore.com\/pt-pt\/wp-json\/wp\/v2\/nivel-de-juego?post=20283"},{"taxonomy":"superficie","embeddable":true,"href":"https:\/\/revolutionpadelstore.com\/pt-pt\/wp-json\/wp\/v2\/superficie?post=20283"},{"taxonomy":"tipo-de-juego","embeddable":true,"href":"https:\/\/revolutionpadelstore.com\/pt-pt\/wp-json\/wp\/v2\/tipo-de-juego?post=20283"},{"taxonomy":"product_brand","embeddable":true,"href":"https:\/\/revolutionpadelstore.com\/pt-pt\/wp-json\/wp\/v2\/product_brand?post=20283"},{"taxonomy":"product_cat","embeddable":true,"href":"https:\/\/revolutionpadelstore.com\/pt-pt\/wp-json\/wp\/v2\/product_cat?post=20283"},{"taxonomy":"product_tag","embeddable":true,"href":"https:\/\/revolutionpadelstore.com\/pt-pt\/wp-json\/wp\/v2\/product_tag?post=20283"}],"curies":[{"name":"wp","href":"https:\/\/api.w.org\/{rel}","templated":true}]}}