{"id":20253,"date":"2024-03-21T15:12:38","date_gmt":"2024-03-21T14:12:38","guid":{"rendered":"https:\/\/revolutionpadelstore.com\/siux-fenix-lite-4\/"},"modified":"2026-04-08T14:51:29","modified_gmt":"2026-04-08T12:51:29","slug":"siux-fenix-lite-4-5","status":"publish","type":"product","link":"https:\/\/revolutionpadelstore.com\/pt-pt\/produto\/siux-fenix-lite-4-5\/","title":{"rendered":"SIUX FENIX LITE 4"},"content":{"rendered":"<h2>Siux Fenix \u200b\u200b\u200b\u200bIV Lite, ataques letais<\/h2>\n<p>Projetada para jogadores de padel de n\u00edvel avan\u00e7ado ou profissional, a Siux Fenix \u200b\u200b\u200b\u200bIV Lite \u00e9 a raquete de padel de toque duro ideal se voc\u00ea procura golpes poderosos e jogadas de ataque agressivas.<\/p>\n<p>Apresenta um <strong>formato de diamante com alto equil\u00edbrio<\/strong>, para que voc\u00ea possa desfrutar de enorme pot\u00eancia por ter um ponto de impacto mais alto que permite melhor controle em golpes como golpes ou finaliza\u00e7\u00f5es. Voc\u00ea acertar\u00e1 com alta efic\u00e1cia na rede.<\/p>\n<p>Al\u00e9m disso, gra\u00e7as ao seu peso, que varia entre <strong>355 e 375 gramas,<\/strong> voc\u00ea desfrutar\u00e1 de grande liberdade de movimentos, leveza e agilidade ao se movimentar pela quadra.<\/p>\n<h2>Elasticidade e versatilidade<\/h2>\n<p>Se focarmos em sua composi\u00e7\u00e3o, vale destacar o 3K Twill Carbon dos avi\u00f5es, por ser uma fibra dura e resistente que n\u00e3o flexiona excessivamente e exige menos esfor\u00e7o para recuperar sua forma original ap\u00f3s o impacto, o que prolonga a vida \u00fatil. da p\u00e1. O<strong>tecido sarja<\/strong>\u00e9 composto por fios cruzados diagonalmente, o que permite uma posi\u00e7\u00e3o mais aberta e maior elasticidade.<\/p>\n<p>Da mesma forma, a superf\u00edcie tem acabamento fosco e relevo 3D, o que significa que a bola poder\u00e1 agarrar melhor e girar mais r\u00e1pido para conseguir maior giro.<\/p>\n<p>O quadro, por sua vez, \u00e9 feito de <strong>carbono 3K<\/strong>, o que proporciona grande controle e precis\u00e3o na batida. Enquanto, no n\u00facleo, incorpora <strong>borracha EVA Hard<\/strong>, uma espuma densa e dura que gera energia e absorve de forma otimizada a vibra\u00e7\u00e3o dos impactos. Ele tamb\u00e9m oferece versatilidade e estabilidade extras.<\/p>\n<h3>Prote\u00e7\u00e3o ideal das articula\u00e7\u00f5es<\/h3>\n<p>Como detalhes adicionais, podemos citar as tecnologias <strong><em>Dual Pro Grip<\/em><\/strong> e os <strong><em>Shockout Dampeners<\/em><\/strong>. O primeiro \u00e9 composto por uma empunhadura composta por borracha FOAM, que promove uma pegada mais confort\u00e1vel, firme e natural, e o segundo \u00e9 um sistema antivibra\u00e7\u00e3o que melhora as sensa\u00e7\u00f5es gerais, proporcionando conforto e prote\u00e7\u00e3o ao jogador.<\/p>\n<h2>Siux Fenix IV Lite, ataques letales<\/h2>\n","protected":false},"excerpt":{"rendered":"<p>Raquete Siux Fenix \u200b\u200b\u200b\u200bIV Lite, com formato de diamante e alto equil\u00edbrio, ideal para jogadores de padel de n\u00edvel avan\u00e7ado ou profissional. N\u00facleo de borracha EVA dura, faces de carbono Twill 3K e estrutura de carbono 3K.<\/p>\n","protected":false},"featured_media":266485,"comment_status":"open","ping_status":"closed","template":"","meta":{"_acf_changed":false,"_joinchat":[]},"acabado":[1090,1085],"balance":[1135],"dureza":[1155],"forma":[],"jugador":[1190,1200],"marca":[1305],"nivel-de-juego":[1335],"superficie":[1360],"tipo-de-juego":[1375],"product_brand":[],"product_cat":[300],"product_tag":[],"class_list":{"0":"post-20253","1":"product","2":"type-product","3":"status-publish","4":"has-post-thumbnail","6":"acabado-alivio-3d","7":"acabado-companheiro","8":"balance-alto-pt-pt","9":"dureza-media-pt-pt","10":"jugador-homem","11":"jugador-polivalente-pt-pt","12":"marca-siux-pt-pt","13":"superficie-rugosa-pt-pt","14":"tipo-de-juego-poder","15":"product_cat-palas","17":"first","18":"onbackorder","19":"taxable","20":"shipping-taxable","21":"purchasable","22":"product-type-simple"},"acf":[],"yoast_head":"<!-- This site is optimized with the Yoast SEO plugin v27.4 - https:\/\/yoast.com\/product\/yoast-seo-wordpress\/ -->\n<title>SIUX FENIX LITE 4 - Revolution Padel Store<\/title>\n<meta name=\"description\" content=\"Pala Siux Fenix IV Lite, con forma de diamante y balance alto, ideal para jugadoras de p\u00e1del de nivel avanzado o profesional. N\u00facleo de goma EVA Hard, caras de carbono 3K Twill y marco de carbono 3K.\" \/>\n<meta name=\"robots\" content=\"index, follow, max-snippet:-1, max-image-preview:large, max-video-preview:-1\" \/>\n<link rel=\"canonical\" href=\"https:\/\/revolutionpadelstore.com\/pt-pt\/produto\/siux-fenix-lite-4-5\/\" \/>\n<meta property=\"og:locale\" content=\"pt_PT\" \/>\n<meta property=\"og:type\" content=\"article\" \/>\n<meta property=\"og:title\" content=\"SIUX FENIX LITE 4 - Revolution Padel Store\" \/>\n<meta property=\"og:description\" content=\"Pala Siux Fenix IV Lite, con forma de diamante y balance alto, ideal para jugadoras de p\u00e1del de nivel avanzado o profesional. N\u00facleo de goma EVA Hard, caras de carbono 3K Twill y marco de carbono 3K.\" \/>\n<meta property=\"og:url\" content=\"https:\/\/revolutionpadelstore.com\/pt-pt\/produto\/siux-fenix-lite-4-5\/\" \/>\n<meta property=\"og:site_name\" content=\"Revolution Padel Store\" \/>\n<meta property=\"article:modified_time\" content=\"2026-04-08T12:51:29+00:00\" \/>\n<meta property=\"og:image\" content=\"https:\/\/revolutionpadelstore.com\/wp-content\/uploads\/2024\/03\/raquete-padel-siux-fenix-lite-4-2024_35e5bd108b7c4c51ae7d145cda3be427_2976000211.jpg\" \/>\n\t<meta property=\"og:image:width\" content=\"1500\" \/>\n\t<meta property=\"og:image:height\" content=\"1500\" \/>\n\t<meta property=\"og:image:type\" content=\"image\/jpeg\" \/>\n<meta name=\"twitter:card\" content=\"summary_large_image\" \/>\n<meta name=\"twitter:label1\" content=\"Tempo estimado de leitura\" \/>\n\t<meta name=\"twitter:data1\" content=\"2 minutos\" \/>\n<script type=\"application\/ld+json\" class=\"yoast-schema-graph\">{\"@context\":\"https:\\\/\\\/schema.org\",\"@graph\":[{\"@type\":\"WebPage\",\"@id\":\"https:\\\/\\\/revolutionpadelstore.com\\\/pt-pt\\\/produto\\\/siux-fenix-lite-4-5\\\/\",\"url\":\"https:\\\/\\\/revolutionpadelstore.com\\\/pt-pt\\\/produto\\\/siux-fenix-lite-4-5\\\/\",\"name\":\"SIUX FENIX LITE 4 - Revolution Padel Store\",\"isPartOf\":{\"@id\":\"https:\\\/\\\/revolutionpadelstore.com\\\/pt-pt\\\/#website\"},\"primaryImageOfPage\":{\"@id\":\"https:\\\/\\\/revolutionpadelstore.com\\\/pt-pt\\\/produto\\\/siux-fenix-lite-4-5\\\/#primaryimage\"},\"image\":{\"@id\":\"https:\\\/\\\/revolutionpadelstore.com\\\/pt-pt\\\/produto\\\/siux-fenix-lite-4-5\\\/#primaryimage\"},\"thumbnailUrl\":\"https:\\\/\\\/revolutionpadelstore.com\\\/wp-content\\\/uploads\\\/2024\\\/03\\\/raquete-padel-siux-fenix-lite-4-2024_35e5bd108b7c4c51ae7d145cda3be427_2976000211.jpg\",\"datePublished\":\"2024-03-21T14:12:38+00:00\",\"dateModified\":\"2026-04-08T12:51:29+00:00\",\"description\":\"Pala Siux Fenix IV Lite, con forma de diamante y balance alto, ideal para jugadoras de p\u00e1del de nivel avanzado o profesional. N\u00facleo de goma EVA Hard, caras de carbono 3K Twill y marco de carbono 3K.\",\"breadcrumb\":{\"@id\":\"https:\\\/\\\/revolutionpadelstore.com\\\/pt-pt\\\/produto\\\/siux-fenix-lite-4-5\\\/#breadcrumb\"},\"inLanguage\":\"pt-PT\",\"potentialAction\":[{\"@type\":\"ReadAction\",\"target\":[\"https:\\\/\\\/revolutionpadelstore.com\\\/pt-pt\\\/produto\\\/siux-fenix-lite-4-5\\\/\"]}]},{\"@type\":\"ImageObject\",\"inLanguage\":\"pt-PT\",\"@id\":\"https:\\\/\\\/revolutionpadelstore.com\\\/pt-pt\\\/produto\\\/siux-fenix-lite-4-5\\\/#primaryimage\",\"url\":\"https:\\\/\\\/revolutionpadelstore.com\\\/wp-content\\\/uploads\\\/2024\\\/03\\\/raquete-padel-siux-fenix-lite-4-2024_35e5bd108b7c4c51ae7d145cda3be427_2976000211.jpg\",\"contentUrl\":\"https:\\\/\\\/revolutionpadelstore.com\\\/wp-content\\\/uploads\\\/2024\\\/03\\\/raquete-padel-siux-fenix-lite-4-2024_35e5bd108b7c4c51ae7d145cda3be427_2976000211.jpg\",\"width\":1500,\"height\":1500},{\"@type\":\"BreadcrumbList\",\"@id\":\"https:\\\/\\\/revolutionpadelstore.com\\\/pt-pt\\\/produto\\\/siux-fenix-lite-4-5\\\/#breadcrumb\",\"itemListElement\":[{\"@type\":\"ListItem\",\"position\":1,\"name\":\"Portada\",\"item\":\"https:\\\/\\\/revolutionpadelstore.com\\\/pt-pt\\\/\"},{\"@type\":\"ListItem\",\"position\":2,\"name\":\"Tienda\",\"item\":\"https:\\\/\\\/revolutionpadelstore.com\\\/pt-pt\\\/tienda\\\/\"},{\"@type\":\"ListItem\",\"position\":3,\"name\":\"SIUX FENIX LITE 4\"}]},{\"@type\":\"WebSite\",\"@id\":\"https:\\\/\\\/revolutionpadelstore.com\\\/pt-pt\\\/#website\",\"url\":\"https:\\\/\\\/revolutionpadelstore.com\\\/pt-pt\\\/\",\"name\":\"Revolution Padel Store\",\"description\":\"\",\"publisher\":{\"@id\":\"https:\\\/\\\/revolutionpadelstore.com\\\/pt-pt\\\/#organization\"},\"potentialAction\":[{\"@type\":\"SearchAction\",\"target\":{\"@type\":\"EntryPoint\",\"urlTemplate\":\"https:\\\/\\\/revolutionpadelstore.com\\\/pt-pt\\\/?s={search_term_string}\"},\"query-input\":{\"@type\":\"PropertyValueSpecification\",\"valueRequired\":true,\"valueName\":\"search_term_string\"}}],\"inLanguage\":\"pt-PT\"},{\"@type\":\"Organization\",\"@id\":\"https:\\\/\\\/revolutionpadelstore.com\\\/pt-pt\\\/#organization\",\"name\":\"Revolution Padel Store\",\"url\":\"https:\\\/\\\/revolutionpadelstore.com\\\/pt-pt\\\/\",\"logo\":{\"@type\":\"ImageObject\",\"inLanguage\":\"pt-PT\",\"@id\":\"https:\\\/\\\/revolutionpadelstore.com\\\/pt-pt\\\/#\\\/schema\\\/logo\\\/image\\\/\",\"url\":\"https:\\\/\\\/revolutionpadelstore.com\\\/wp-content\\\/uploads\\\/2026\\\/02\\\/revolution-padel-store.jpg\",\"contentUrl\":\"https:\\\/\\\/revolutionpadelstore.com\\\/wp-content\\\/uploads\\\/2026\\\/02\\\/revolution-padel-store.jpg\",\"width\":2000,\"height\":2000,\"caption\":\"Revolution Padel Store\"},\"image\":{\"@id\":\"https:\\\/\\\/revolutionpadelstore.com\\\/pt-pt\\\/#\\\/schema\\\/logo\\\/image\\\/\"},\"sameAs\":[\"https:\\\/\\\/www.instagram.com\\\/revolutionpadelstore\\\/\"]}]}<\/script>\n<!-- \/ Yoast SEO plugin. -->","yoast_head_json":{"title":"SIUX FENIX LITE 4 - Revolution Padel Store","description":"Pala Siux Fenix IV Lite, con forma de diamante y balance alto, ideal para jugadoras de p\u00e1del de nivel avanzado o profesional. N\u00facleo de goma EVA Hard, caras de carbono 3K Twill y marco de carbono 3K.","robots":{"index":"index","follow":"follow","max-snippet":"max-snippet:-1","max-image-preview":"max-image-preview:large","max-video-preview":"max-video-preview:-1"},"canonical":"https:\/\/revolutionpadelstore.com\/pt-pt\/produto\/siux-fenix-lite-4-5\/","og_locale":"pt_PT","og_type":"article","og_title":"SIUX FENIX LITE 4 - Revolution Padel Store","og_description":"Pala Siux Fenix IV Lite, con forma de diamante y balance alto, ideal para jugadoras de p\u00e1del de nivel avanzado o profesional. N\u00facleo de goma EVA Hard, caras de carbono 3K Twill y marco de carbono 3K.","og_url":"https:\/\/revolutionpadelstore.com\/pt-pt\/produto\/siux-fenix-lite-4-5\/","og_site_name":"Revolution Padel Store","article_modified_time":"2026-04-08T12:51:29+00:00","og_image":[{"width":1500,"height":1500,"url":"https:\/\/revolutionpadelstore.com\/wp-content\/uploads\/2024\/03\/raquete-padel-siux-fenix-lite-4-2024_35e5bd108b7c4c51ae7d145cda3be427_2976000211.jpg","type":"image\/jpeg"}],"twitter_card":"summary_large_image","twitter_misc":{"Tempo estimado de leitura":"2 minutos"},"schema":{"@context":"https:\/\/schema.org","@graph":[{"@type":"WebPage","@id":"https:\/\/revolutionpadelstore.com\/pt-pt\/produto\/siux-fenix-lite-4-5\/","url":"https:\/\/revolutionpadelstore.com\/pt-pt\/produto\/siux-fenix-lite-4-5\/","name":"SIUX FENIX LITE 4 - Revolution Padel Store","isPartOf":{"@id":"https:\/\/revolutionpadelstore.com\/pt-pt\/#website"},"primaryImageOfPage":{"@id":"https:\/\/revolutionpadelstore.com\/pt-pt\/produto\/siux-fenix-lite-4-5\/#primaryimage"},"image":{"@id":"https:\/\/revolutionpadelstore.com\/pt-pt\/produto\/siux-fenix-lite-4-5\/#primaryimage"},"thumbnailUrl":"https:\/\/revolutionpadelstore.com\/wp-content\/uploads\/2024\/03\/raquete-padel-siux-fenix-lite-4-2024_35e5bd108b7c4c51ae7d145cda3be427_2976000211.jpg","datePublished":"2024-03-21T14:12:38+00:00","dateModified":"2026-04-08T12:51:29+00:00","description":"Pala Siux Fenix IV Lite, con forma de diamante y balance alto, ideal para jugadoras de p\u00e1del de nivel avanzado o profesional. N\u00facleo de goma EVA Hard, caras de carbono 3K Twill y marco de carbono 3K.","breadcrumb":{"@id":"https:\/\/revolutionpadelstore.com\/pt-pt\/produto\/siux-fenix-lite-4-5\/#breadcrumb"},"inLanguage":"pt-PT","potentialAction":[{"@type":"ReadAction","target":["https:\/\/revolutionpadelstore.com\/pt-pt\/produto\/siux-fenix-lite-4-5\/"]}]},{"@type":"ImageObject","inLanguage":"pt-PT","@id":"https:\/\/revolutionpadelstore.com\/pt-pt\/produto\/siux-fenix-lite-4-5\/#primaryimage","url":"https:\/\/revolutionpadelstore.com\/wp-content\/uploads\/2024\/03\/raquete-padel-siux-fenix-lite-4-2024_35e5bd108b7c4c51ae7d145cda3be427_2976000211.jpg","contentUrl":"https:\/\/revolutionpadelstore.com\/wp-content\/uploads\/2024\/03\/raquete-padel-siux-fenix-lite-4-2024_35e5bd108b7c4c51ae7d145cda3be427_2976000211.jpg","width":1500,"height":1500},{"@type":"BreadcrumbList","@id":"https:\/\/revolutionpadelstore.com\/pt-pt\/produto\/siux-fenix-lite-4-5\/#breadcrumb","itemListElement":[{"@type":"ListItem","position":1,"name":"Portada","item":"https:\/\/revolutionpadelstore.com\/pt-pt\/"},{"@type":"ListItem","position":2,"name":"Tienda","item":"https:\/\/revolutionpadelstore.com\/pt-pt\/tienda\/"},{"@type":"ListItem","position":3,"name":"SIUX FENIX LITE 4"}]},{"@type":"WebSite","@id":"https:\/\/revolutionpadelstore.com\/pt-pt\/#website","url":"https:\/\/revolutionpadelstore.com\/pt-pt\/","name":"Revolution Padel Store","description":"","publisher":{"@id":"https:\/\/revolutionpadelstore.com\/pt-pt\/#organization"},"potentialAction":[{"@type":"SearchAction","target":{"@type":"EntryPoint","urlTemplate":"https:\/\/revolutionpadelstore.com\/pt-pt\/?s={search_term_string}"},"query-input":{"@type":"PropertyValueSpecification","valueRequired":true,"valueName":"search_term_string"}}],"inLanguage":"pt-PT"},{"@type":"Organization","@id":"https:\/\/revolutionpadelstore.com\/pt-pt\/#organization","name":"Revolution Padel Store","url":"https:\/\/revolutionpadelstore.com\/pt-pt\/","logo":{"@type":"ImageObject","inLanguage":"pt-PT","@id":"https:\/\/revolutionpadelstore.com\/pt-pt\/#\/schema\/logo\/image\/","url":"https:\/\/revolutionpadelstore.com\/wp-content\/uploads\/2026\/02\/revolution-padel-store.jpg","contentUrl":"https:\/\/revolutionpadelstore.com\/wp-content\/uploads\/2026\/02\/revolution-padel-store.jpg","width":2000,"height":2000,"caption":"Revolution Padel Store"},"image":{"@id":"https:\/\/revolutionpadelstore.com\/pt-pt\/#\/schema\/logo\/image\/"},"sameAs":["https:\/\/www.instagram.com\/revolutionpadelstore\/"]}]}},"_links":{"self":[{"href":"https:\/\/revolutionpadelstore.com\/pt-pt\/wp-json\/wp\/v2\/product\/20253","targetHints":{"allow":["GET"]}}],"collection":[{"href":"https:\/\/revolutionpadelstore.com\/pt-pt\/wp-json\/wp\/v2\/product"}],"about":[{"href":"https:\/\/revolutionpadelstore.com\/pt-pt\/wp-json\/wp\/v2\/types\/product"}],"replies":[{"embeddable":true,"href":"https:\/\/revolutionpadelstore.com\/pt-pt\/wp-json\/wp\/v2\/comments?post=20253"}],"wp:featuredmedia":[{"embeddable":true,"href":"https:\/\/revolutionpadelstore.com\/pt-pt\/wp-json\/wp\/v2\/media\/266485"}],"wp:attachment":[{"href":"https:\/\/revolutionpadelstore.com\/pt-pt\/wp-json\/wp\/v2\/media?parent=20253"}],"wp:term":[{"taxonomy":"acabado","embeddable":true,"href":"https:\/\/revolutionpadelstore.com\/pt-pt\/wp-json\/wp\/v2\/acabado?post=20253"},{"taxonomy":"balance","embeddable":true,"href":"https:\/\/revolutionpadelstore.com\/pt-pt\/wp-json\/wp\/v2\/balance?post=20253"},{"taxonomy":"dureza","embeddable":true,"href":"https:\/\/revolutionpadelstore.com\/pt-pt\/wp-json\/wp\/v2\/dureza?post=20253"},{"taxonomy":"forma","embeddable":true,"href":"https:\/\/revolutionpadelstore.com\/pt-pt\/wp-json\/wp\/v2\/forma?post=20253"},{"taxonomy":"jugador","embeddable":true,"href":"https:\/\/revolutionpadelstore.com\/pt-pt\/wp-json\/wp\/v2\/jugador?post=20253"},{"taxonomy":"marca","embeddable":true,"href":"https:\/\/revolutionpadelstore.com\/pt-pt\/wp-json\/wp\/v2\/marca?post=20253"},{"taxonomy":"nivel-de-juego","embeddable":true,"href":"https:\/\/revolutionpadelstore.com\/pt-pt\/wp-json\/wp\/v2\/nivel-de-juego?post=20253"},{"taxonomy":"superficie","embeddable":true,"href":"https:\/\/revolutionpadelstore.com\/pt-pt\/wp-json\/wp\/v2\/superficie?post=20253"},{"taxonomy":"tipo-de-juego","embeddable":true,"href":"https:\/\/revolutionpadelstore.com\/pt-pt\/wp-json\/wp\/v2\/tipo-de-juego?post=20253"},{"taxonomy":"product_brand","embeddable":true,"href":"https:\/\/revolutionpadelstore.com\/pt-pt\/wp-json\/wp\/v2\/product_brand?post=20253"},{"taxonomy":"product_cat","embeddable":true,"href":"https:\/\/revolutionpadelstore.com\/pt-pt\/wp-json\/wp\/v2\/product_cat?post=20253"},{"taxonomy":"product_tag","embeddable":true,"href":"https:\/\/revolutionpadelstore.com\/pt-pt\/wp-json\/wp\/v2\/product_tag?post=20253"}],"curies":[{"name":"wp","href":"https:\/\/api.w.org\/{rel}","templated":true}]}}